{"id":24271,"date":"2025-04-13T17:41:22","date_gmt":"2025-04-13T17:41:22","guid":{"rendered":"https:\/\/onderzoekschemicals.com\/?post_type=product&#038;p=24271"},"modified":"2025-11-28T06:53:32","modified_gmt":"2025-11-28T06:53:32","slug":"bromonordiazepam-25-mg-kogglar","status":"publish","type":"product","link":"https:\/\/onderzoekschemicals.com\/is\/bud\/bensodiazepin\/bromonordiazepam-25-mg-kogglar\/","title":{"rendered":"Bromonordiazepam 2,5 MG k\u00f6gglar"},"content":{"rendered":"<h3 data-start=\"3959\" data-end=\"3980\"><strong data-start=\"3963\" data-end=\"3978\">Inngangur<\/strong><\/h3>\n<p data-start=\"3981\" data-end=\"4362\"><strong data-start=\"3981\" data-end=\"4015\">Bromonordiazepam 2,5mg k\u00f6gglar<\/strong> innihalda <strong data-start=\"4025\" data-end=\"4059\">2,5 milligr\u00f6mm Bromonordiazepam<\/strong>, An <strong data-start=\"4065\" data-end=\"4106\">langvirkt bens\u00f3d\u00edazep\u00edn efnasamband<\/strong> sem tengist byggingarlega <strong data-start=\"4138\" data-end=\"4153\">Nord\u00edazepam<\/strong> og <strong data-start=\"4157\" data-end=\"4169\">D\u00edazepam<\/strong>br\u00f3m\u00f3nord\u00edasepam<br data-start=\"4170\" data-end=\"4173\" \/>\u00dea\u00f0 er nota\u00f0 \u00ed <strong data-start=\"4195\" data-end=\"4233\">r\u00e9ttar- og greiningarranns\u00f3knir<\/strong> \u00d3\u00fe\u00e6gilegt <strong data-start=\"4239\" data-end=\"4265\">GABA-A vi\u00f0takabinding<\/strong>, <strong data-start=\"4267\" data-end=\"4282\">efnaskipti<\/strong> og <strong data-start=\"4286\" data-end=\"4328\">tengsl byggingar og virkni (SAR)<\/strong> innan flokks bens\u00f3d\u00edazep\u00edna.<\/p>\n<p data-start=\"4364\" data-end=\"4583\">Hver k\u00fala er <strong data-start=\"4379\" data-end=\"4407\">ranns\u00f3knarstofuframleitt<\/strong> og pr\u00f3fa\u00f0 \u00e1 <strong data-start=\"4425\" data-end=\"4449\">hreinleiki \u2265 98%<\/strong> \u00ed gegnum <strong data-start=\"4454\" data-end=\"4469\">HPLC og NMR<\/strong>.<br data-start=\"4470\" data-end=\"4473\" \/>Hinn <strong data-start=\"4476\" data-end=\"4517\">sta\u00f0la\u00f0ur skammtur upp \u00e1 2,5 mg<\/strong> tryggir endurtakanlegar og \u00e1rei\u00f0anlegar ranns\u00f3knarni\u00f0urst\u00f6\u00f0ur.<\/p>\n<blockquote data-start=\"4585\" data-end=\"4736\">\n<p data-start=\"4587\" data-end=\"4736\">\u26a0\ufe0f <strong data-start=\"4590\" data-end=\"4601\">Athugi\u00f0:<\/strong> Br\u00f3monord\u00edazepam er eing\u00f6ngu \u00e6tla\u00f0 til notkunar <strong data-start=\"4647\" data-end=\"4682\">ranns\u00f3knir og greiningarnotkun<\/strong> \u2014 <strong data-start=\"4685\" data-end=\"4734\">ekki til manneldis e\u00f0a d\u00fdraneyslu.<\/strong><\/p>\n<\/blockquote>\n<hr data-start=\"4738\" data-end=\"4741\" \/>\n<h3 data-start=\"4743\" data-end=\"4774\"><strong data-start=\"4747\" data-end=\"4774\">Lykilatri\u00f0i<\/strong><\/h3>\n<div class=\"_tableContainer_1rjym_1\">\n<div class=\"group _tableWrapper_1rjym_13 flex w-fit flex-col-reverse\" tabindex=\"-1\">\n<table class=\"w-fit min-w-(--thread-content-width)\" data-start=\"4776\" data-end=\"5322\">\n<thead data-start=\"4776\" data-end=\"4802\">\n<tr data-start=\"4776\" data-end=\"4802\">\n<th data-start=\"4776\" data-end=\"4786\" data-col-size=\"sm\">Eiginleiki<\/th>\n<th data-start=\"4786\" data-end=\"4802\" data-col-size=\"md\">L\u00fdsing<\/th>\n<\/tr>\n<\/thead>\n<tbody data-start=\"4831\" data-end=\"5322\">\n<tr data-start=\"4831\" data-end=\"4872\">\n<td data-start=\"4831\" data-end=\"4852\" data-col-size=\"sm\"><strong data-start=\"4833\" data-end=\"4851\">Efnaheiti<\/strong><\/td>\n<td data-start=\"4852\" data-end=\"4872\" data-col-size=\"md\">Br\u00f3monord\u00edazepam<\/td>\n<\/tr>\n<tr data-start=\"4873\" data-end=\"4914\">\n<td data-start=\"4873\" data-end=\"4897\" data-col-size=\"sm\"><strong data-start=\"4875\" data-end=\"4896\">Efnaform\u00fala<\/strong><\/td>\n<td data-start=\"4897\" data-end=\"4914\" data-col-size=\"md\">C\u2081\u2085H\u2081\u2080BrClN\u2082O<\/td>\n<\/tr>\n<tr data-start=\"4915\" data-end=\"4953\">\n<td data-start=\"4915\" data-end=\"4937\" data-col-size=\"sm\"><strong data-start=\"4917\" data-end=\"4936\">M\u00f3l\u00feungi<\/strong><\/td>\n<td data-start=\"4937\" data-end=\"4953\" data-col-size=\"md\">365,61 g\/m\u00f3l<\/td>\n<\/tr>\n<tr data-start=\"4954\" data-end=\"4989\">\n<td data-start=\"4954\" data-end=\"4969\" data-col-size=\"sm\"><strong data-start=\"4956\" data-end=\"4968\">Skammtar<\/strong><\/td>\n<td data-start=\"4969\" data-end=\"4989\" data-col-size=\"md\">2,5 mg \u00ed hverju k\u00falu<\/td>\n<\/tr>\n<tr data-start=\"4990\" data-end=\"5037\">\n<td data-start=\"4990\" data-end=\"5001\" data-col-size=\"sm\"><strong data-start=\"4992\" data-end=\"5000\">Ey\u00f0ubla\u00f0<\/strong><\/td>\n<td data-start=\"5001\" data-end=\"5037\" data-col-size=\"md\">Fast k\u00fala (\u00feynnupakkning)<\/td>\n<\/tr>\n<tr data-start=\"5038\" data-end=\"5089\">\n<td data-start=\"5038\" data-end=\"5055\" data-col-size=\"sm\"><strong data-start=\"5040\" data-end=\"5054\">Hreinleiki<\/strong><\/td>\n<td data-start=\"5055\" data-end=\"5089\" data-col-size=\"md\">\u2265 98% (pr\u00f3fa\u00f0 me\u00f0 HPLC og NMR)<\/td>\n<\/tr>\n<tr data-start=\"5090\" data-end=\"5140\">\n<td data-start=\"5090\" data-end=\"5113\" data-col-size=\"sm\"><strong data-start=\"5092\" data-end=\"5112\">Efnaflokkur<\/strong><\/td>\n<td data-start=\"5113\" data-end=\"5140\" data-col-size=\"md\">Aflei\u00f0a af bens\u00f3d\u00edazep\u00edni<\/td>\n<\/tr>\n<tr data-start=\"5141\" data-end=\"5221\">\n<td data-start=\"5141\" data-end=\"5155\" data-col-size=\"sm\"><strong data-start=\"5143\" data-end=\"5154\">Notkun<\/strong><\/td>\n<td data-start=\"5155\" data-end=\"5221\" data-col-size=\"md\">A\u00f0eins til greiningar-, r\u00e9ttarl\u00e6knisfr\u00e6\u00f0ilegra og lyfjafr\u00e6\u00f0ilegra ranns\u00f3kna<\/td>\n<\/tr>\n<tr data-start=\"5222\" data-end=\"5271\">\n<td data-start=\"5222\" data-end=\"5239\" data-col-size=\"sm\"><strong data-start=\"5224\" data-end=\"5238\">Umb\u00fa\u00f0ir<\/strong><\/td>\n<td data-start=\"5239\" data-end=\"5271\" data-col-size=\"md\">\u00deynnupakkning me\u00f0 innsigli<\/td>\n<\/tr>\n<tr data-start=\"5272\" data-end=\"5322\">\n<td data-start=\"5272\" data-end=\"5290\" data-col-size=\"sm\"><strong data-start=\"5274\" data-end=\"5289\">Magn<\/strong><\/td>\n<td data-start=\"5290\" data-end=\"5322\" data-col-size=\"md\">Margar k\u00falur \u00ed hverri \u00feynnu<\/td>\n<\/tr>\n<\/tbody>\n<\/table>\n<\/div>\n<\/div>\n<hr data-start=\"5324\" data-end=\"5327\" \/>\n<h3 data-start=\"5329\" data-end=\"5346\"><strong data-start=\"5333\" data-end=\"5346\">Kostir<\/strong><\/h3>\n<ul data-start=\"5348\" data-end=\"5732\">\n<li data-start=\"5348\" data-end=\"5432\">\n<p data-start=\"5350\" data-end=\"5432\"><strong data-start=\"5350\" data-end=\"5377\">Mikil hreinleiki (\u2265 98%)<\/strong> \u2013 G\u00e6\u00f0i ranns\u00f3knarstofu fyrir \u00e1rei\u00f0anlegar ni\u00f0urst\u00f6\u00f0ur. br\u00f3m\u00f3nord\u00edazepam<\/p>\n<\/li>\n<li data-start=\"5433\" data-end=\"5515\">\n<p data-start=\"5435\" data-end=\"5515\"><strong data-start=\"5435\" data-end=\"5474\">Sta\u00f0la\u00f0ur skammtur (2,5 mg)<\/strong> \u2013 Tryggir endurtakanlegar m\u00e6lingar.<\/p>\n<\/li>\n<li data-start=\"5516\" data-end=\"5583\">\n<p data-start=\"5518\" data-end=\"5583\"><strong data-start=\"5518\" data-end=\"5541\">St\u00f6\u00f0ugt fast form<\/strong> \u2013 Au\u00f0velt \u00ed me\u00f0f\u00f6rum og geymslu.<\/p>\n<\/li>\n<li data-start=\"5584\" data-end=\"5664\">\n<p data-start=\"5586\" data-end=\"5664\"><strong data-start=\"5586\" data-end=\"5616\">V\u00ed\u00f0t\u00e6k ranns\u00f3knarvi\u00f0mi\u00f0<\/strong> \u2013 Hentar fyrir GC\/MS, LC-MS og HPLC greiningu.<\/p>\n<\/li>\n<li data-start=\"5665\" data-end=\"5732\">\n<p data-start=\"5667\" data-end=\"5732\"><strong data-start=\"5667\" data-end=\"5692\">Rekjanleg g\u00e6\u00f0i<\/strong> \u2013 Hver lota pr\u00f3fu\u00f0 og skr\u00e1\u00f0.<\/p>\n<\/li>\n<\/ul>\n<hr data-start=\"5734\" data-end=\"5737\" \/>\n<h3 data-start=\"5739\" data-end=\"5791\"><strong data-start=\"5743\" data-end=\"5789\">Notkun (eing\u00f6ngu \u00ed ranns\u00f3knarskyni)<\/strong><\/h3>\n<ol data-start=\"5793\" data-end=\"6126\">\n<li data-start=\"5793\" data-end=\"5862\">\n<p data-start=\"5796\" data-end=\"5862\"><strong data-start=\"5796\" data-end=\"5811\">Me\u00f0h\u00f6ndlun:<\/strong> Noti\u00f0 hanska, \u00f6ryggisgleraugu og ranns\u00f3knarstofuslopp.<\/p>\n<\/li>\n<li data-start=\"5863\" data-end=\"5937\">\n<p data-start=\"5866\" data-end=\"5937\"><strong data-start=\"5866\" data-end=\"5879\">M\u00e6lingar:<\/strong> Hvert pilla inniheldur 2,5 mg \u00b1 0,1 mg; skr\u00e1\u00f0u uppl\u00fdsingar um lotuna.<\/p>\n<\/li>\n<li data-start=\"5938\" data-end=\"5992\">\n<p data-start=\"5941\" data-end=\"5992\"><strong data-start=\"5941\" data-end=\"5952\">Geymsla:<\/strong> Geymi\u00f0 svalt (2\u20138\u00b0C), \u00feurrt og dimmt.<\/p>\n<\/li>\n<li data-start=\"5993\" data-end=\"6061\">\n<p data-start=\"5996\" data-end=\"6061\"><strong data-start=\"5996\" data-end=\"6008\">Greining:<\/strong> Hentar fyrir litskiljun og vi\u00f0takaranns\u00f3knir.<\/p>\n<\/li>\n<li data-start=\"6062\" data-end=\"6126\">\n<p data-start=\"6065\" data-end=\"6126\"><strong data-start=\"6065\" data-end=\"6082\">Skj\u00f6lun:<\/strong> Skr\u00e1 ni\u00f0urst\u00f6\u00f0ur og greiningara\u00f0fer\u00f0ir.<\/p>\n<\/li>\n<\/ol>\n<hr data-start=\"6128\" data-end=\"6131\" \/>\n<h3 data-start=\"6133\" data-end=\"6168\"><strong data-start=\"6137\" data-end=\"6166\">Algengar spurningar (FAQ)<\/strong><\/h3>\n<p data-start=\"6170\" data-end=\"6308\"><strong data-start=\"6170\" data-end=\"6201\">1. Hva\u00f0 er br\u00f3m\u00f3nord\u00edazepam?<\/strong><br data-start=\"6201\" data-end=\"6204\" \/>A <strong data-start=\"6208\" data-end=\"6234\">bens\u00f3d\u00edazep\u00edn hli\u00f0st\u00e6\u00f0a<\/strong> nota\u00f0 til ranns\u00f3kna \u00e1 v\u00edxlverkunum og efnaskiptum GABA-A vi\u00f0taka.<\/p>\n<p data-start=\"6310\" data-end=\"6439\"><strong data-start=\"6310\" data-end=\"6343\">2. Hversu hrein er varan?<\/strong><br data-start=\"6343\" data-end=\"6346\" \/>Hvert pilla inniheldur <strong data-start=\"6364\" data-end=\"6409\">2,5 mg af br\u00f3m\u00f3nord\u00edazepam (hreinleiki \u2265 98%)<\/strong>, sta\u00f0fest me\u00f0 HPLC og NMR.<\/p>\n<p data-start=\"6441\" data-end=\"6630\"><strong data-start=\"6441\" data-end=\"6491\">3. Er l\u00f6glegt a\u00f0 kaupa br\u00f3m\u00f3nord\u00edazepam?<\/strong><br data-start=\"6491\" data-end=\"6494\" \/>Hinn <strong data-start=\"6497\" data-end=\"6532\">L\u00f6gm\u00e6ti br\u00f3monord\u00edazepams<\/strong> er mismunandi eftir l\u00f6ndum. Athugi\u00f0 alltaf gildandi reglur \u00e1\u00f0ur en \u00fei\u00f0 noti\u00f0 <strong data-start=\"6601\" data-end=\"6627\">Kaupa br\u00f3m\u00f3nord\u00edasepam<\/strong>. <a href=\"https:\/\/onderzoekschemicals.com\/is\/bud\/flokkad\/kaupa-4mmc\/\">kaupa 4mmc<\/a><\/p>","protected":false},"excerpt":{"rendered":"<p>Inngangur Bromonordiazepam 2,5 mg k\u00falur innihalda 2,5 milligr\u00f6mm af br\u00f3monordiazepami, langvirku bens\u00f3d\u00edazep\u00edn efnasambandi sem er byggingarlega skyld Nordiazepami og D\u00edazepami.<\/p>","protected":false},"featured_media":29442,"comment_status":"closed","ping_status":"closed","template":"","meta":[],"product_brand":[],"product_cat":[76,385,390,324],"product_tag":[185,326],"class_list":{"0":"post-24271","1":"product","2":"type-product","3":"status-publish","4":"has-post-thumbnail","6":"product_cat-benzodiazepinen","7":"product_cat-bromonordiazepam","8":"product_cat-bromonordiazepam-pellets","9":"product_cat-pellets-for-pellet","10":"product_tag-bromonordiazepam","11":"product_tag-nl","13":"first","14":"instock","15":"taxable","16":"shipping-taxable","17":"purchasable","18":"product-type-variable"},"_links":{"self":[{"href":"https:\/\/onderzoekschemicals.com\/is\/wp-json\/wp\/v2\/product\/24271","targetHints":{"allow":["GET"]}}],"collection":[{"href":"https:\/\/onderzoekschemicals.com\/is\/wp-json\/wp\/v2\/product"}],"about":[{"href":"https:\/\/onderzoekschemicals.com\/is\/wp-json\/wp\/v2\/types\/product"}],"replies":[{"embeddable":true,"href":"https:\/\/onderzoekschemicals.com\/is\/wp-json\/wp\/v2\/comments?post=24271"}],"version-history":[{"count":4,"href":"https:\/\/onderzoekschemicals.com\/is\/wp-json\/wp\/v2\/product\/24271\/revisions"}],"predecessor-version":[{"id":27816,"href":"https:\/\/onderzoekschemicals.com\/is\/wp-json\/wp\/v2\/product\/24271\/revisions\/27816"}],"wp:featuredmedia":[{"embeddable":true,"href":"https:\/\/onderzoekschemicals.com\/is\/wp-json\/wp\/v2\/media\/29442"}],"wp:attachment":[{"href":"https:\/\/onderzoekschemicals.com\/is\/wp-json\/wp\/v2\/media?parent=24271"}],"wp:term":[{"taxonomy":"product_brand","embeddable":true,"href":"https:\/\/onderzoekschemicals.com\/is\/wp-json\/wp\/v2\/product_brand?post=24271"},{"taxonomy":"product_cat","embeddable":true,"href":"https:\/\/onderzoekschemicals.com\/is\/wp-json\/wp\/v2\/product_cat?post=24271"},{"taxonomy":"product_tag","embeddable":true,"href":"https:\/\/onderzoekschemicals.com\/is\/wp-json\/wp\/v2\/product_tag?post=24271"}],"curies":[{"name":"wp","href":"https:\/\/api.w.org\/{rel}","templated":true}]}}