{"id":24259,"date":"2025-04-13T17:41:21","date_gmt":"2025-04-13T17:41:21","guid":{"rendered":"https:\/\/onderzoekschemicals.com\/?post_type=product&#038;p=24259"},"modified":"2025-10-12T19:21:12","modified_gmt":"2025-10-12T19:21:12","slug":"newphoria-kopen","status":"publish","type":"product","link":"https:\/\/onderzoekschemicals.com\/is\/shop\/b2b\/newphoria-kopen\/","title":{"rendered":"RC+ Newphoria poki 3 k\u00falur"},"content":{"rendered":"<h2 data-start=\"4850\" data-end=\"4876\"><strong data-start=\"4853\" data-end=\"4876\">V\u00f6rul\u00fdsing<\/strong><\/h2>\n<p data-start=\"4878\" data-end=\"5143\"><strong data-start=\"4878\" data-end=\"4911\">RC+ Newphoria poki 3 k\u00falur<\/strong> er <strong data-start=\"4919\" data-end=\"4956\">h\u00e1g\u00e6\u00f0a ranns\u00f3knarefni<\/strong>, \u00fer\u00f3a\u00f0 fyrir greiningar-, eiturefna- og r\u00e9ttarmeinafr\u00e6\u00f0iranns\u00f3knarstofur. \u00deessi vara fr\u00e1 <strong data-start=\"5049\" data-end=\"5062\">RC+ ser\u00edan<\/strong> veitir st\u00f6\u00f0ugan hreinleika, fram\u00farskarandi st\u00f6\u00f0ugleika og n\u00e1kv\u00e6ma sk\u00f6mmtun.<\/p>\n<p data-start=\"5145\" data-end=\"5318\">Hver pakki inniheldur <strong data-start=\"5167\" data-end=\"5202\">\u00ferj\u00e1r st\u00f6\u00f0lu\u00f0ar k\u00falur<\/strong>, framleitt undir st\u00fdr\u00f0um skilyr\u00f0um til a\u00f0 tryggja \u00e1rei\u00f0anlegar og endurtekningarh\u00e6far ranns\u00f3knarni\u00f0urst\u00f6\u00f0ur.<\/p>\n<p data-start=\"5320\" data-end=\"5451\">\u26a0\ufe0f <strong data-start=\"5323\" data-end=\"5338\">Mikilv\u00e6gt:<\/strong> \u00deessi vara er <strong data-start=\"5354\" data-end=\"5403\">eing\u00f6ngu \u00e6tla\u00f0 til ranns\u00f3knar<\/strong> og <strong data-start=\"5407\" data-end=\"5450\">ekki til notkunar fyrir menn e\u00f0a d\u00fdr<\/strong>.<\/p>\n<hr data-start=\"5453\" data-end=\"5456\" \/>\n<h2 data-start=\"5458\" data-end=\"5488\"><strong data-start=\"5461\" data-end=\"5488\">Lykilatri\u00f0i<\/strong><\/h2>\n<ul data-start=\"5490\" data-end=\"5884\">\n<li data-start=\"5490\" data-end=\"5569\">\n<p data-start=\"5492\" data-end=\"5569\"><strong data-start=\"5492\" data-end=\"5511\">Mikil hreinleiki<\/strong> fyrir n\u00e1kv\u00e6mar og \u00e1rei\u00f0anlegar ni\u00f0urst\u00f6\u00f0ur ranns\u00f3knarstofu.<\/p>\n<\/li>\n<li data-start=\"5570\" data-end=\"5635\">\n<p data-start=\"5572\" data-end=\"5635\"><strong data-start=\"5572\" data-end=\"5599\">Samr\u00e6md form\u00fala<\/strong> \u2013 hver pilla er n\u00e1kv\u00e6mlega skammtu\u00f0.<\/p>\n<\/li>\n<li data-start=\"5636\" data-end=\"5712\">\n<p data-start=\"5638\" data-end=\"5712\"><strong data-start=\"5638\" data-end=\"5664\">St\u00f6\u00f0ugt og \u00e1rei\u00f0anlegt<\/strong> \u2013 hentar til langt\u00edmageymslu og greiningar.<\/p>\n<\/li>\n<li data-start=\"5713\" data-end=\"5792\">\n<p data-start=\"5715\" data-end=\"5792\"><strong data-start=\"5715\" data-end=\"5737\">\u00d6ruggar umb\u00fa\u00f0ir<\/strong> \u2013 loft\u00fe\u00e9tt og innsigla\u00f0 fyrir h\u00e1marksv\u00f6rn.<\/p>\n<\/li>\n<li data-start=\"5793\" data-end=\"5884\">\n<p data-start=\"5795\" data-end=\"5884\"><strong data-start=\"5795\" data-end=\"5821\">\u00cd samr\u00e6mi vi\u00f0 regluger\u00f0ir ESB<\/strong> \u2013 framleitt \u00ed samr\u00e6mi vi\u00f0 gildandi \u00f6ryggisreglur.<\/p>\n<\/li>\n<\/ul>\n<hr data-start=\"5886\" data-end=\"5889\" \/>\n<h2 data-start=\"5891\" data-end=\"5925\"><strong data-start=\"5894\" data-end=\"5925\">\u00c1vinningur fyrir v\u00edsindamenn<\/strong><\/h2>\n<ul data-start=\"5927\" data-end=\"6277\">\n<li data-start=\"5927\" data-end=\"6005\">\n<p data-start=\"5929\" data-end=\"6005\">Hentar fyrir <strong data-start=\"5943\" data-end=\"5967\">greiningarranns\u00f3knir<\/strong> me\u00f0 LC-MS, GC-MS e\u00f0a NMR b\u00fana\u00f0i.<\/p>\n<\/li>\n<li data-start=\"6006\" data-end=\"6066\">\n<p data-start=\"6008\" data-end=\"6066\">Sty\u00f0ur <strong data-start=\"6020\" data-end=\"6063\">r\u00e9ttar- og eiturefnafr\u00e6\u00f0ileg sta\u00f0festing<\/strong>.<\/p>\n<\/li>\n<li data-start=\"6067\" data-end=\"6144\">\n<p data-start=\"6069\" data-end=\"6144\">Hj\u00e1lpar vi\u00f0 <strong data-start=\"6079\" data-end=\"6117\">ranns\u00f3knir \u00e1 byggingarlegum samanbur\u00f0i<\/strong> af n\u00fdjum tengingum.<\/p>\n<\/li>\n<li data-start=\"6145\" data-end=\"6204\">\n<p data-start=\"6147\" data-end=\"6204\">\u00c1byrg\u00f0ir <strong data-start=\"6158\" data-end=\"6201\">\u00e1rei\u00f0anlegar, endurtakanlegar ni\u00f0urst\u00f6\u00f0ur<\/strong>.<\/p>\n<\/li>\n<li data-start=\"6205\" data-end=\"6277\">\n<p data-start=\"6207\" data-end=\"6277\">Hentar fyrir <strong data-start=\"6221\" data-end=\"6274\">fr\u00e6\u00f0ilegar og stofnanalegar ranns\u00f3knarverkefni<\/strong>.<\/p>\n<\/li>\n<\/ul>\n<hr data-start=\"6279\" data-end=\"6282\" \/>\n<h2 data-start=\"6284\" data-end=\"6318\"><strong data-start=\"6287\" data-end=\"6318\">Notkun (ranns\u00f3knarsamhengi)<\/strong><\/h2>\n<ol data-start=\"6320\" data-end=\"6588\">\n<li data-start=\"6320\" data-end=\"6378\">\n<p data-start=\"6323\" data-end=\"6378\">Vinna vi\u00f0 st\u00fdr\u00f0ar a\u00f0st\u00e6\u00f0ur \u00ed ranns\u00f3knarstofu.<\/p>\n<\/li>\n<li data-start=\"6379\" data-end=\"6439\">\n<p data-start=\"6382\" data-end=\"6439\">Noti\u00f0 hanska, \u00f6ryggisgleraugu og ranns\u00f3knarstofuslopp.<\/p>\n<\/li>\n<li data-start=\"6440\" data-end=\"6486\">\n<p data-start=\"6443\" data-end=\"6486\">Noti\u00f0 kvar\u00f0a\u00f0an b\u00fana\u00f0 til m\u00e6linga.<\/p>\n<\/li>\n<li data-start=\"6487\" data-end=\"6538\">\n<p data-start=\"6490\" data-end=\"6538\">Geymi\u00f0 k\u00f6ldum, \u00feurrum og loku\u00f0um \u00edl\u00e1tum (undir 25\u00b0C).<\/p>\n<\/li>\n<li data-start=\"6539\" data-end=\"6588\">\n<p data-start=\"6542\" data-end=\"6588\">Fargi\u00f0 leifum \u00ed samr\u00e6mi vi\u00f0 gildandi reglur.<\/p>\n<\/li>\n<\/ol>\n<blockquote data-start=\"6590\" data-end=\"6683\">\n<p data-start=\"6592\" data-end=\"6683\"><strong data-start=\"6592\" data-end=\"6603\">Athugi\u00f0:<\/strong> <em data-start=\"6604\" data-end=\"6635\">RC+ Newphoria poki 3 k\u00falur<\/em> er <strong data-start=\"6639\" data-end=\"6682\">ekki \u00e6tla\u00f0 til manneldis<\/strong>.<\/p>\n<\/blockquote>\n<hr data-start=\"6685\" data-end=\"6688\" \/>\n<h2 data-start=\"6690\" data-end=\"6724\"><strong data-start=\"6693\" data-end=\"6724\">Algengar spurningar (FAQs)<\/strong><\/h2>\n<h3 data-start=\"6726\" data-end=\"6775\"><strong data-start=\"6730\" data-end=\"6775\">1. Til hvers er RC+ Newphoria nota\u00f0?<\/strong><\/h3>\n<p data-start=\"6776\" data-end=\"6872\">RC+ Newphoria er nota\u00f0 vi\u00f0 <strong data-start=\"6810\" data-end=\"6848\">greiningar- og r\u00e9ttarranns\u00f3knir<\/strong> \u00ed vi\u00f0urkenndum ranns\u00f3knarstofum.<\/p>\n<hr data-start=\"6874\" data-end=\"6877\" \/>\n<h3 data-start=\"6879\" data-end=\"6922\"><strong data-start=\"6883\" data-end=\"6922\">2. Hversu margar k\u00falur inniheldur einn poki?<\/strong><\/h3>\n<p data-start=\"6923\" data-end=\"6993\">Hver poki inniheldur <strong data-start=\"6939\" data-end=\"6952\">3 k\u00falur<\/strong> af j\u00f6fnum hreinleika og samsetningu.<\/p>\n<hr data-start=\"6995\" data-end=\"6998\" \/>\n<h3 data-start=\"7000\" data-end=\"7070\"><strong data-start=\"7004\" data-end=\"7070\">3. Get \u00e9g keypt RC+ Newphoria k\u00falur \u00ed poka me\u00f0 3 sem einstaklingur?<\/strong><\/h3>\n<p data-start=\"7071\" data-end=\"7173\">Nei, a\u00f0eins <strong data-start=\"7083\" data-end=\"7117\">vi\u00f0urkenndar ranns\u00f3knarstofnanir<\/strong> me\u00f0 vi\u00f0eigandi leyfi m\u00e1 kaupa \u00feessa v\u00f6ru.<\/p>\n<hr data-start=\"7175\" data-end=\"7178\" \/>\n<h2 data-start=\"7180\" data-end=\"7208\"><strong data-start=\"7183\" data-end=\"7208\">\u00d6ryggisuppl\u00fdsingar<\/strong><\/h2>\n<ul data-start=\"7210\" data-end=\"7383\">\n<li data-start=\"7210\" data-end=\"7257\">\n<p data-start=\"7212\" data-end=\"7257\">Noti\u00f0 a\u00f0eins \u00ed ranns\u00f3knarstofuumhverfi.<\/p>\n<\/li>\n<li data-start=\"7258\" data-end=\"7295\">\n<p data-start=\"7260\" data-end=\"7295\">For\u00f0ist snertingu vi\u00f0 h\u00fa\u00f0 og augu.<\/p>\n<\/li>\n<li data-start=\"7296\" data-end=\"7327\">\n<p data-start=\"7298\" data-end=\"7327\">Ekki anda a\u00f0 \u00fe\u00e9r e\u00f0a kyngja.<\/p>\n<\/li>\n<li data-start=\"7328\" data-end=\"7383\">\n<p data-start=\"7330\" data-end=\"7383\">Geymi\u00f0 l\u00e6st og \u00fear sem \u00f3vi\u00f0komandi a\u00f0ilar n\u00e1 ekki til.<\/p>\n<\/li>\n<\/ul>","protected":false},"excerpt":{"rendered":"<p><strong><span dir=\"auto\" style=\"vertical-align: inherit;\"><span dir=\"auto\" style=\"vertical-align: inherit;\">CAS-n\u00famer<\/span><\/span><\/strong><span dir=\"auto\" style=\"vertical-align: inherit;\"><span dir=\"auto\" style=\"vertical-align: inherit;\"> : 1780004-19-4 <\/span><\/span><br \/>\n<strong><span dir=\"auto\" style=\"vertical-align: inherit;\"><span dir=\"auto\" style=\"vertical-align: inherit;\">Form\u00fala<\/span><\/span><\/strong><span dir=\"auto\" style=\"vertical-align: inherit;\"><span dir=\"auto\" style=\"vertical-align: inherit;\"> : C11H16FN <\/span><\/span><br \/>\n<strong><span dir=\"auto\" style=\"vertical-align: inherit;\"><span dir=\"auto\" style=\"vertical-align: inherit;\">M\u00f3lmassi<\/span><\/span><\/strong><span dir=\"auto\" style=\"vertical-align: inherit;\"><span dir=\"auto\" style=\"vertical-align: inherit;\"> : 181,25 g\/m\u00f3l <\/span><\/span><br \/>\n<strong><span dir=\"auto\" style=\"vertical-align: inherit;\"><span dir=\"auto\" style=\"vertical-align: inherit;\">Hreinleiki<\/span><\/span><\/strong><span dir=\"auto\" style=\"vertical-align: inherit;\"><span dir=\"auto\" style=\"vertical-align: inherit;\"> : \u226598%<\/span><\/span><\/p>","protected":false},"featured_media":21344,"comment_status":"closed","ping_status":"closed","template":"","meta":[],"product_brand":[82],"product_cat":[555],"product_tag":[843,840,844,841,845,846,842,866,865,839,326],"class_list":{"0":"post-24259","1":"product","2":"type-product","3":"status-publish","4":"has-post-thumbnail","6":"product_brand-research-chemical","7":"product_cat-b2b","8":"product_tag-100mg-newphoria-review","9":"product_tag-2-fea-3-fea-research-chemical","10":"product_tag-2-fea-stimulant-effect","11":"product_tag-2-3-fea-ervaring","12":"product_tag-3-fea-comparison","13":"product_tag-fluorinated-amphetamines","14":"product_tag-newphoria-35mg-pellets","15":"product_tag-newphoria-drug","16":"product_tag-newphoria-kopen","17":"product_tag-newphoria-pellets","18":"product_tag-nl","20":"first","21":"instock","22":"taxable","23":"shipping-taxable","24":"purchasable","25":"product-type-variable"},"_links":{"self":[{"href":"https:\/\/onderzoekschemicals.com\/is\/wp-json\/wp\/v2\/product\/24259","targetHints":{"allow":["GET"]}}],"collection":[{"href":"https:\/\/onderzoekschemicals.com\/is\/wp-json\/wp\/v2\/product"}],"about":[{"href":"https:\/\/onderzoekschemicals.com\/is\/wp-json\/wp\/v2\/types\/product"}],"replies":[{"embeddable":true,"href":"https:\/\/onderzoekschemicals.com\/is\/wp-json\/wp\/v2\/comments?post=24259"}],"version-history":[{"count":4,"href":"https:\/\/onderzoekschemicals.com\/is\/wp-json\/wp\/v2\/product\/24259\/revisions"}],"predecessor-version":[{"id":27820,"href":"https:\/\/onderzoekschemicals.com\/is\/wp-json\/wp\/v2\/product\/24259\/revisions\/27820"}],"wp:featuredmedia":[{"embeddable":true,"href":"https:\/\/onderzoekschemicals.com\/is\/wp-json\/wp\/v2\/media\/21344"}],"wp:attachment":[{"href":"https:\/\/onderzoekschemicals.com\/is\/wp-json\/wp\/v2\/media?parent=24259"}],"wp:term":[{"taxonomy":"product_brand","embeddable":true,"href":"https:\/\/onderzoekschemicals.com\/is\/wp-json\/wp\/v2\/product_brand?post=24259"},{"taxonomy":"product_cat","embeddable":true,"href":"https:\/\/onderzoekschemicals.com\/is\/wp-json\/wp\/v2\/product_cat?post=24259"},{"taxonomy":"product_tag","embeddable":true,"href":"https:\/\/onderzoekschemicals.com\/is\/wp-json\/wp\/v2\/product_tag?post=24259"}],"curies":[{"name":"wp","href":"https:\/\/api.w.org\/{rel}","templated":true}]}}