{"id":24200,"date":"2025-04-13T17:41:14","date_gmt":"2025-04-13T17:41:14","guid":{"rendered":"https:\/\/onderzoekschemicals.com\/?post_type=product&#038;p=24200"},"modified":"2025-10-12T20:05:31","modified_gmt":"2025-10-12T20:05:31","slug":"1p-lsd-zakje-3-blotters","status":"publish","type":"product","link":"https:\/\/onderzoekschemicals.com\/is\/shop\/b2b\/1p-lsd-zakje-3-blotters\/","title":{"rendered":"1P-LSD poki 3 bletta\u00feynnur"},"content":{"rendered":"<h2 data-start=\"3787\" data-end=\"3813\"><strong data-start=\"3790\" data-end=\"3813\">V\u00f6rul\u00fdsing<\/strong><\/h2>\n<p data-start=\"3815\" data-end=\"4065\"><strong data-start=\"3815\" data-end=\"3866\">1P-LSD (1-pr\u00f3p\u00ed\u00f3n\u00fdl-l\u00fdserg\u00edns\u00fdru d\u00edet\u00fdlam\u00ed\u00f0)<\/strong> er <strong data-start=\"3874\" data-end=\"3917\">ranns\u00f3knarefni \u00far flokki l\u00fdsergam\u00ed\u00f0a<\/strong>, sem tengist LSD.<br data-start=\"3935\" data-end=\"3938\" \/>\u00dea\u00f0 er nota\u00f0 fyrir <strong data-start=\"3962\" data-end=\"4015\">greiningar-, r\u00e9ttar- og taugaefnafr\u00e6\u00f0ilegar ranns\u00f3knir<\/strong> \u00d3\u00fe\u00e6gilegt <strong data-start=\"4021\" data-end=\"4062\">byggingar- og efnaskiptaeiginleikar<\/strong>panta lsd<\/p>\n<p data-start=\"4067\" data-end=\"4231\">Hver <strong data-start=\"4071\" data-end=\"4087\">1P-LSD poki<\/strong> inniheldur <strong data-start=\"4094\" data-end=\"4132\">3 vandlega \u00fatb\u00fanir blettapapp\u00edrar<\/strong>, framleitt undir st\u00fdr\u00f0um skilyr\u00f0um til a\u00f0 <strong data-start=\"4186\" data-end=\"4216\">hreinleiki og samr\u00e6mi<\/strong> a\u00f0 tryggja.<\/p>\n<p data-start=\"4233\" data-end=\"4369\">\u26a0\ufe0f <strong data-start=\"4236\" data-end=\"4247\">Athugi\u00f0:<\/strong> \u00deessi vara er <strong data-start=\"4263\" data-end=\"4312\">eing\u00f6ngu \u00e6tla\u00f0 til ranns\u00f3knar<\/strong> og <strong data-start=\"4316\" data-end=\"4368\">ekki hentugt til notkunar fyrir menn e\u00f0a d\u00fdr<\/strong>.<\/p>\n<hr data-start=\"4371\" data-end=\"4374\" \/>\n<h2 data-start=\"4376\" data-end=\"4406\"><strong data-start=\"4379\" data-end=\"4406\">Lykilatri\u00f0i<\/strong><\/h2>\n<ul data-start=\"4408\" data-end=\"4757\">\n<li data-start=\"4408\" data-end=\"4482\">\n<p data-start=\"4410\" data-end=\"4482\"><strong data-start=\"4410\" data-end=\"4430\">Mikil hreinleiki:<\/strong> Hentar vel til greiningar- og r\u00e9ttarl\u00e6knisfr\u00e6\u00f0ilegra ranns\u00f3kna.<\/p>\n<\/li>\n<li data-start=\"4483\" data-end=\"4553\">\n<p data-start=\"4485\" data-end=\"4553\"><strong data-start=\"4485\" data-end=\"4517\">Sta\u00f0la\u00f0ir blettapapp\u00edrar:<\/strong> Samr\u00e6mdur skammtur \u00e1 hvern blettapenna.<\/p>\n<\/li>\n<li data-start=\"4554\" data-end=\"4612\">\n<p data-start=\"4556\" data-end=\"4612\"><strong data-start=\"4556\" data-end=\"4577\">Efnafr\u00e6\u00f0ilega st\u00f6\u00f0ugt:<\/strong> Hentar til langt\u00edmageymslu.<\/p>\n<\/li>\n<li data-start=\"4613\" data-end=\"4671\">\n<p data-start=\"4615\" data-end=\"4671\"><strong data-start=\"4615\" data-end=\"4638\">\u00d6ruggar umb\u00fa\u00f0ir:<\/strong> Loft\u00fe\u00e9ttur og innsigla\u00f0ur poki.<\/p>\n<\/li>\n<li data-start=\"4672\" data-end=\"4757\">\n<p data-start=\"4674\" data-end=\"4757\"><strong data-start=\"4674\" data-end=\"4701\">\u00cd samr\u00e6mi vi\u00f0 regluger\u00f0ir ESB:<\/strong> Framleitt samkv\u00e6mt evr\u00f3pskum \u00f6ryggislei\u00f0beiningum.<\/p>\n<\/li>\n<\/ul>\n<hr data-start=\"4759\" data-end=\"4762\" \/>\n<h2 data-start=\"4764\" data-end=\"4795\"><strong data-start=\"4767\" data-end=\"4795\">\u00c1vinningur fyrir ranns\u00f3knir<\/strong><\/h2>\n<ul data-start=\"4797\" data-end=\"5044\">\n<li data-start=\"4797\" data-end=\"4865\">\n<p data-start=\"4799\" data-end=\"4865\">Sty\u00f0ur <strong data-start=\"4811\" data-end=\"4862\">\u00fer\u00f3un greiningar- og r\u00e9ttarmeinafr\u00e6\u00f0ia\u00f0fer\u00f0a<\/strong>.<\/p>\n<\/li>\n<li data-start=\"4866\" data-end=\"4923\">\n<p data-start=\"4868\" data-end=\"4923\">Hentar fyrir <strong data-start=\"4882\" data-end=\"4920\">taugaefnafr\u00e6\u00f0ilegar og vi\u00f0takaranns\u00f3knir<\/strong>.<\/p>\n<\/li>\n<li data-start=\"4924\" data-end=\"4992\">\n<p data-start=\"4926\" data-end=\"4992\">Hj\u00e1lpar vi\u00f0 <strong data-start=\"4936\" data-end=\"4972\">samanbur\u00f0arranns\u00f3knir \u00e1 byggingarlegum grunni<\/strong> af l\u00fdsergam\u00ed\u00f0um.<\/p>\n<\/li>\n<li data-start=\"4993\" data-end=\"5044\">\n<p data-start=\"4995\" data-end=\"5044\">Tilbo\u00f0 <strong data-start=\"5001\" data-end=\"5041\">endurtakanlegar ranns\u00f3knarni\u00f0urst\u00f6\u00f0ur<\/strong>panta lsd<\/p>\n<\/li>\n<\/ul>\n<hr data-start=\"5046\" data-end=\"5049\" \/>\n<h2 data-start=\"5051\" data-end=\"5085\"><strong data-start=\"5054\" data-end=\"5085\">Notkun (ranns\u00f3knarsamhengi)<\/strong><\/h2>\n<ol data-start=\"5087\" data-end=\"5304\">\n<li data-start=\"5087\" data-end=\"5132\">\n<p data-start=\"5090\" data-end=\"5132\">Noti\u00f0 a\u00f0eins \u00ed vi\u00f0urkenndum ranns\u00f3knarstofum.<\/p>\n<\/li>\n<li data-start=\"5133\" data-end=\"5193\">\n<p data-start=\"5136\" data-end=\"5193\">Noti\u00f0 hanska, \u00f6ryggisgleraugu og ranns\u00f3knarstofuslopp.<\/p>\n<\/li>\n<li data-start=\"5194\" data-end=\"5241\">\n<p data-start=\"5197\" data-end=\"5241\">Geymi\u00f0 k\u00f6ldum, \u00feurrum og dimmum sta\u00f0 (undir 25\u00b0C).<\/p>\n<\/li>\n<li data-start=\"5242\" data-end=\"5304\">\n<p data-start=\"5245\" data-end=\"5304\">Fargi\u00f0 leifum \u00ed samr\u00e6mi vi\u00f0 gildandi \u00f6ryggisreglur.<\/p>\n<\/li>\n<\/ol>\n<blockquote data-start=\"5306\" data-end=\"5399\">\n<p data-start=\"5308\" data-end=\"5399\"><strong data-start=\"5308\" data-end=\"5319\">Athugi\u00f0:<\/strong> <em data-start=\"5320\" data-end=\"5345\">1P-LSD poki 3 bletta\u00feynnur<\/em> er <strong data-start=\"5349\" data-end=\"5398\">eing\u00f6ngu \u00e6tla\u00f0 til ranns\u00f3knar<\/strong>.<\/p>\n<\/blockquote>\n<hr data-start=\"5401\" data-end=\"5404\" \/>\n<h2 data-start=\"5406\" data-end=\"5440\"><strong data-start=\"5409\" data-end=\"5440\">Algengar spurningar (FAQs)<\/strong><\/h2>\n<p data-start=\"5442\" data-end=\"5578\"><strong data-start=\"5442\" data-end=\"5480\">1. Til hvers er 1P-LSD nota\u00f0?<\/strong><br data-start=\"5480\" data-end=\"5483\" \/>1P-LSD er nota\u00f0 fyrir <strong data-start=\"5510\" data-end=\"5548\">greiningar- og r\u00e9ttarranns\u00f3knir<\/strong> vi\u00f0 l\u00fdsergam\u00ed\u00f0 efnasamb\u00f6nd.<\/p>\n<p data-start=\"5580\" data-end=\"5695\"><strong data-start=\"5580\" data-end=\"5620\">2. Hversu marga blettat\u00edgla inniheldur einn poki?<\/strong><br data-start=\"5620\" data-end=\"5623\" \/>Hver poki inniheldur <strong data-start=\"5639\" data-end=\"5653\">3 blettabl\u00f6\u00f0<\/strong> me\u00f0 st\u00f6\u00f0lu\u00f0u samsetningu.<\/p>\n<p data-start=\"5697\" data-end=\"5822\"><strong data-start=\"5697\" data-end=\"5740\">3. Get \u00e9g keypt 1P-LSD sem einstaklingur?<\/strong><br data-start=\"5740\" data-end=\"5743\" \/>Nei, \u00feessi vara er a\u00f0eins f\u00e1anleg fyrir <strong data-start=\"5787\" data-end=\"5821\">vi\u00f0urkenndar ranns\u00f3knarstofnanir<\/strong>.<\/p>","protected":false},"excerpt":{"rendered":"<p>Productbeschrijving 1P-LSD (1-Propionyl-Lysergic Acid Diethylamide) is een onderzoeksstof uit de lysergamideklasse, verwant aan LSD.Het wordt gebruikt voor analytisch, forensisch en<\/p>","protected":false},"featured_media":21263,"comment_status":"closed","ping_status":"closed","template":"","meta":[],"product_brand":[],"product_cat":[555],"product_tag":[774,326],"class_list":{"0":"post-24200","1":"product","2":"type-product","3":"status-publish","4":"has-post-thumbnail","6":"product_cat-b2b","7":"product_tag-lsd-bestellen","8":"product_tag-nl","10":"first","11":"instock","12":"taxable","13":"shipping-taxable","14":"purchasable","15":"product-type-variable"},"_links":{"self":[{"href":"https:\/\/onderzoekschemicals.com\/is\/wp-json\/wp\/v2\/product\/24200","targetHints":{"allow":["GET"]}}],"collection":[{"href":"https:\/\/onderzoekschemicals.com\/is\/wp-json\/wp\/v2\/product"}],"about":[{"href":"https:\/\/onderzoekschemicals.com\/is\/wp-json\/wp\/v2\/types\/product"}],"replies":[{"embeddable":true,"href":"https:\/\/onderzoekschemicals.com\/is\/wp-json\/wp\/v2\/comments?post=24200"}],"version-history":[{"count":4,"href":"https:\/\/onderzoekschemicals.com\/is\/wp-json\/wp\/v2\/product\/24200\/revisions"}],"predecessor-version":[{"id":27833,"href":"https:\/\/onderzoekschemicals.com\/is\/wp-json\/wp\/v2\/product\/24200\/revisions\/27833"}],"wp:featuredmedia":[{"embeddable":true,"href":"https:\/\/onderzoekschemicals.com\/is\/wp-json\/wp\/v2\/media\/21263"}],"wp:attachment":[{"href":"https:\/\/onderzoekschemicals.com\/is\/wp-json\/wp\/v2\/media?parent=24200"}],"wp:term":[{"taxonomy":"product_brand","embeddable":true,"href":"https:\/\/onderzoekschemicals.com\/is\/wp-json\/wp\/v2\/product_brand?post=24200"},{"taxonomy":"product_cat","embeddable":true,"href":"https:\/\/onderzoekschemicals.com\/is\/wp-json\/wp\/v2\/product_cat?post=24200"},{"taxonomy":"product_tag","embeddable":true,"href":"https:\/\/onderzoekschemicals.com\/is\/wp-json\/wp\/v2\/product_tag?post=24200"}],"curies":[{"name":"wp","href":"https:\/\/api.w.org\/{rel}","templated":true}]}}