{"id":24192,"date":"2025-04-13T17:41:13","date_gmt":"2025-04-13T17:41:13","guid":{"rendered":"https:\/\/onderzoekschemicals.com\/?post_type=product&#038;p=24192"},"modified":"2025-10-12T20:43:01","modified_gmt":"2025-10-12T20:43:01","slug":"3-fpm-kopen","status":"publish","type":"product","link":"https:\/\/onderzoekschemicals.com\/is\/shop\/b2b\/3-fpm-kopen\/","title":{"rendered":"RC+ Fl\u00faor 3-FPM 50 mg kassi"},"content":{"rendered":"<h3 data-start=\"4920\" data-end=\"4939\"><strong data-start=\"4924\" data-end=\"4939\">Inngangur<\/strong><\/h3>\n<p data-start=\"4940\" data-end=\"5222\">Hinn <strong data-start=\"4943\" data-end=\"4971\">RC+ Fl\u00faor 3-FPM 50 mg kassi<\/strong> er <strong data-start=\"4979\" data-end=\"5009\">ranns\u00f3knarefni me\u00f0 mikilli hreinleika<\/strong> fr\u00e1 <strong data-start=\"5017\" data-end=\"5054\">fenet\u00fdlam\u00edn og \u00f6rvandi efni<\/strong>Efnafr\u00e6\u00f0ilega \u00feekkt sem <strong data-start=\"5076\" data-end=\"5099\">3-fl\u00faorfenmetras\u00edn<\/strong>, er \u00feetta <strong data-start=\"5112\" data-end=\"5153\">Fl\u00faoru\u00f0 afbrig\u00f0i af fenmetras\u00edni<\/strong>, \u00fer\u00f3a\u00f0 fyrir <strong data-start=\"5171\" data-end=\"5219\">Ranns\u00f3knir \u00e1 taugaefnafr\u00e6\u00f0ilegum og ge\u00f0\u00f6rvandi efnum<\/strong>. 3 fpm kaup<\/p>\n<p data-start=\"5224\" data-end=\"5556\">\u00de\u00f6kk s\u00e9 uppbyggingunni, \u00e1hrifin \u00e1 <strong data-start=\"5263\" data-end=\"5302\">endurupptaka d\u00f3pam\u00edns og noradrenal\u00edns<\/strong> eru ranns\u00f6ku\u00f0 \u00edtarlega. \u00deetta gerir \u00fea\u00f0 a\u00f0 ver\u00f0m\u00e6tu efni fyrir <strong data-start=\"5375\" data-end=\"5449\">atferlisfr\u00e6\u00f0ileg taugav\u00edsindi, lyfjafr\u00e6\u00f0ilegar ranns\u00f3knir og greiningarefnafr\u00e6\u00f0i<\/strong>Hver 50 mg tafla er vandlega \u00fatb\u00fain til a\u00f0 h\u00e1marka virkni. <strong data-start=\"5509\" data-end=\"5555\">n\u00e1kv\u00e6mni, hreinleiki og samr\u00e6mi<\/strong>.<\/p>\n<hr data-start=\"5558\" data-end=\"5561\" \/>\n<h3 data-start=\"5563\" data-end=\"5594\"><strong data-start=\"5567\" data-end=\"5594\">Lykilatri\u00f0i<\/strong><\/h3>\n<ul data-start=\"5595\" data-end=\"6109\">\n<li data-start=\"5595\" data-end=\"5680\">\n<p data-start=\"5597\" data-end=\"5680\"><strong data-start=\"5597\" data-end=\"5623\">Greiningarg\u00e6\u00f0i:<\/strong> Inniheldur <strong data-start=\"5630\" data-end=\"5666\">50 mg af 3-fl\u00faorfenmetras\u00edni (3-FPM)<\/strong> \u00e1 hverja t\u00f6flu.<\/p>\n<\/li>\n<li data-start=\"5681\" data-end=\"5763\">\n<p data-start=\"5683\" data-end=\"5763\"><strong data-start=\"5683\" data-end=\"5708\">Ranns\u00f3knarhreinleiki:<\/strong> Pr\u00f3fa\u00f0 \u00e1 <strong data-start=\"5719\" data-end=\"5760\">efnafr\u00e6\u00f0ileg samkv\u00e6mni og st\u00f6\u00f0ugleiki<\/strong>.<\/p>\n<\/li>\n<li data-start=\"5764\" data-end=\"5889\">\n<p data-start=\"5766\" data-end=\"5889\"><strong data-start=\"5766\" data-end=\"5799\">Fagleg RC+ umb\u00fa\u00f0ir:<\/strong> Afhent \u00ed <strong data-start=\"5812\" data-end=\"5849\">raka\u00feolnir, innsigla\u00f0ir kassar<\/strong> me\u00f0 sk\u00fdrum ranns\u00f3knarstofumerkingum.<\/p>\n<\/li>\n<li data-start=\"5890\" data-end=\"5982\">\n<p data-start=\"5892\" data-end=\"5982\"><strong data-start=\"5892\" data-end=\"5924\">Rekjanlegar uppl\u00fdsingar um lotur:<\/strong> Hver skammtur inniheldur <strong data-start=\"5942\" data-end=\"5979\">lotun\u00famer og greiningarvottor\u00f0<\/strong>.<\/p>\n<\/li>\n<li data-start=\"5983\" data-end=\"6109\">\n<p data-start=\"5985\" data-end=\"6109\"><strong data-start=\"5985\" data-end=\"6021\">\u00c1rei\u00f0anleg endurtekningarh\u00e6fni:<\/strong> Hanna\u00f0 fyrir <strong data-start=\"6037\" data-end=\"6061\">samr\u00e6mdar ni\u00f0urst\u00f6\u00f0ur<\/strong> vi\u00f0 st\u00fdr\u00f0ar ranns\u00f3knarstofua\u00f0st\u00e6\u00f0ur.<\/p>\n<\/li>\n<\/ul>\n<hr data-start=\"6111\" data-end=\"6114\" \/>\n<h3 data-start=\"6116\" data-end=\"6133\"><strong data-start=\"6120\" data-end=\"6133\">Kostir<\/strong><\/h3>\n<ul data-start=\"6134\" data-end=\"6559\">\n<li data-start=\"6134\" data-end=\"6209\">\n<p data-start=\"6136\" data-end=\"6209\">Hentar fyrir <strong data-start=\"6150\" data-end=\"6177\">taugaefnafr\u00e6\u00f0ileg ranns\u00f3kn<\/strong> til \u00f6rvandi virkni.<\/p>\n<\/li>\n<li data-start=\"6210\" data-end=\"6299\">\n<p data-start=\"6212\" data-end=\"6299\">Sty\u00f0ur <strong data-start=\"6224\" data-end=\"6250\">samanbur\u00f0argreiningar<\/strong> me\u00f0 fenmetras\u00edni og svipu\u00f0um efnasamb\u00f6ndum.<\/p>\n<\/li>\n<li data-start=\"6300\" data-end=\"6380\">\n<p data-start=\"6302\" data-end=\"6380\">Gildir \u00ed <strong data-start=\"6316\" data-end=\"6351\">atferlis- og hugr\u00e6nar ranns\u00f3knir<\/strong> til \u00f6rvandi verkunarh\u00e1tta.<\/p>\n<\/li>\n<li data-start=\"6381\" data-end=\"6455\">\n<p data-start=\"6383\" data-end=\"6455\">Tilbo\u00f0 <strong data-start=\"6389\" data-end=\"6431\">st\u00f6\u00f0ugir lyfjafr\u00e6\u00f0ilegir eiginleikar<\/strong> til endurtekinna pr\u00f3fana.<\/p>\n<\/li>\n<li data-start=\"6456\" data-end=\"6559\">\n<p data-start=\"6458\" data-end=\"6559\">Tilvali\u00f0 fyrir <strong data-start=\"6470\" data-end=\"6520\">fr\u00e6\u00f0ilegar, r\u00e9ttarfr\u00e6\u00f0ilegar og greiningarranns\u00f3knir<\/strong> mi\u00f0a\u00f0 a\u00f0 <strong data-start=\"6532\" data-end=\"6556\">d\u00f3pam\u00ednvirk kerfi<\/strong>. 3 fpm kaup<\/p>\n<\/li>\n<\/ul>\n<hr data-start=\"6561\" data-end=\"6564\" \/>\n<h3 data-start=\"6566\" data-end=\"6581\"><strong data-start=\"6570\" data-end=\"6581\">Notkun<\/strong><\/h3>\n<p data-start=\"6582\" data-end=\"6706\">Hinn <strong data-start=\"6585\" data-end=\"6613\">RC+ Fl\u00faor 3-FPM 50 mg kassi<\/strong> er eing\u00f6ngu \u00e6tla\u00f0 fyrir <strong data-start=\"6642\" data-end=\"6680\">ranns\u00f3knar- og greiningarforrit<\/strong>.<br data-start=\"6681\" data-end=\"6684\" \/>Rannsakendur \u00e6ttu a\u00f0:<\/p>\n<ul data-start=\"6707\" data-end=\"6979\">\n<li data-start=\"6707\" data-end=\"6784\">\n<p data-start=\"6709\" data-end=\"6784\">Noti\u00f0 hl\u00edf\u00f0arfatna\u00f0 (<strong data-start=\"6741\" data-end=\"6780\">hanskar, hl\u00edf\u00f0argleraugu, ranns\u00f3knarstofusloppur<\/strong>).<\/p>\n<\/li>\n<li data-start=\"6785\" data-end=\"6857\">\n<p data-start=\"6787\" data-end=\"6857\">\u00c1 a\u00f0 geyma undir <strong data-start=\"6804\" data-end=\"6812\">25\u00b0C<\/strong> \u00e1 <strong data-start=\"6820\" data-end=\"6854\">kaldur, \u00feurr og dimmur sta\u00f0ur<\/strong>.<\/p>\n<\/li>\n<li data-start=\"6858\" data-end=\"6913\">\n<p data-start=\"6860\" data-end=\"6913\">Haf\u00f0u samband vi\u00f0 <strong data-start=\"6872\" data-end=\"6897\">lj\u00f3s, loft og raki<\/strong> a\u00f0 for\u00f0ast.<\/p>\n<\/li>\n<li data-start=\"6914\" data-end=\"6979\">\n<p data-start=\"6916\" data-end=\"6979\"><strong data-start=\"6916\" data-end=\"6950\">Kv\u00f6r\u00f0u\u00f0 m\u00e6lit\u00e6ki<\/strong> til a\u00f0 nota til greiningar.<\/p>\n<\/li>\n<\/ul>\n<hr data-start=\"6981\" data-end=\"6984\" \/>\n<h3 data-start=\"6986\" data-end=\"7015\"><strong data-start=\"6990\" data-end=\"7015\">\u00d6ryggisuppl\u00fdsingar<\/strong><\/h3>\n<ul data-start=\"7016\" data-end=\"7225\">\n<li data-start=\"7016\" data-end=\"7056\">\n<p data-start=\"7018\" data-end=\"7056\">A\u00f0eins fyrir <strong data-start=\"7030\" data-end=\"7053\">notkun \u00e1 ranns\u00f3knarstofu<\/strong>.<\/p>\n<\/li>\n<li data-start=\"7057\" data-end=\"7110\">\n<p data-start=\"7059\" data-end=\"7110\"><strong data-start=\"7059\" data-end=\"7107\">Ekki til manneldis e\u00f0a d\u00fdraneyslu<\/strong>.<\/p>\n<\/li>\n<li data-start=\"7111\" data-end=\"7167\">\n<p data-start=\"7113\" data-end=\"7167\">Fylgdu alltaf <strong data-start=\"7128\" data-end=\"7164\">sta\u00f0la\u00f0ar \u00f6ryggislei\u00f0beiningar<\/strong>.<\/p>\n<\/li>\n<li data-start=\"7168\" data-end=\"7225\">\n<p data-start=\"7170\" data-end=\"7225\">Utan seilingar <strong data-start=\"7188\" data-end=\"7215\">b\u00f6rn og \u00f3vi\u00f0komandi a\u00f0ilar<\/strong> a\u00f0 halda.<\/p>\n<\/li>\n<\/ul>\n<hr data-start=\"7227\" data-end=\"7230\" \/>\n<h3 data-start=\"7232\" data-end=\"7265\"><strong data-start=\"7236\" data-end=\"7265\">Algengar spurningar (FAQ)<\/strong><\/h3>\n<p data-start=\"7267\" data-end=\"7465\"><strong data-start=\"7267\" data-end=\"7323\">1. Til hvers er RC+ Fluor 3-FPM 50 mg kassinn nota\u00f0ur?<\/strong><br data-start=\"7323\" data-end=\"7326\" \/>\u00dea\u00f0 er nota\u00f0 fyrir <strong data-start=\"7350\" data-end=\"7380\">v\u00edsindaranns\u00f3knir<\/strong> um \u00e1hrif \u00f6rvandi efna \u00e1 d\u00f3pam\u00edn- og noradrenal\u00ednflutningspr\u00f3tein.<\/p>\n<p data-start=\"7467\" data-end=\"7660\"><strong data-start=\"7467\" data-end=\"7523\">2. Hver er munurinn \u00e1 3-FPM og fenmetras\u00edni?<\/strong><br data-start=\"7523\" data-end=\"7526\" \/>3-FPM inniheldur <strong data-start=\"7542\" data-end=\"7568\">fl\u00faorat\u00f3mskipti<\/strong>, sem tryggir <strong data-start=\"7585\" data-end=\"7629\">breyttir lyfjafr\u00e6\u00f0ilegir eiginleikar<\/strong> samanbori\u00f0 vi\u00f0 Phenmetrazine.<\/p>\n<p data-start=\"7662\" data-end=\"7834\"><strong data-start=\"7662\" data-end=\"7697\">3. Hvernig \u00e6tti a\u00f0 geyma \u00fea\u00f0?<\/strong><br data-start=\"7697\" data-end=\"7700\" \/>Spara\u00f0u \u00e1 <strong data-start=\"7714\" data-end=\"7748\">kaldur, \u00feurr og dimmur sta\u00f0ur<\/strong>, helst \u00ed <strong data-start=\"7769\" data-end=\"7804\">upprunalegar innsigla\u00f0ar umb\u00fa\u00f0ir<\/strong> til a\u00f0 vi\u00f0halda hreinleika.<\/p>\n<hr data-start=\"7836\" data-end=\"7839\" \/>\n<h3 data-start=\"7841\" data-end=\"7858\"><strong data-start=\"7845\" data-end=\"7858\">Ni\u00f0ursta\u00f0a<\/strong><\/h3>\n<p data-start=\"7859\" data-end=\"8185\">Hinn <strong data-start=\"7862\" data-end=\"7890\">RC+ Fl\u00faor 3-FPM 50 mg kassi<\/strong> er <strong data-start=\"7898\" data-end=\"7952\">\u00e1rei\u00f0anlegt val fyrir ranns\u00f3knarstofur og v\u00edsindamenn<\/strong> sem hafa \u00e1hyggjur af <strong data-start=\"7978\" data-end=\"8042\">a\u00f0 \u00f6rva ranns\u00f3knir \u00ed lyfjafr\u00e6\u00f0i og taugav\u00edsindum<\/strong>\u00de\u00f6kk s\u00e9 <strong data-start=\"8055\" data-end=\"8122\">mikil hreinleiki, n\u00e1kv\u00e6m sk\u00f6mmtun og \u00f6rugg RC+ umb\u00fa\u00f0ir<\/strong> b\u00fd\u00f0ur \u00fea\u00f0 upp <strong data-start=\"8133\" data-end=\"8184\">samr\u00e6mdar, endurtakanlegar ranns\u00f3knarni\u00f0urst\u00f6\u00f0ur<\/strong>.<\/p>","protected":false},"excerpt":{"rendered":"<p>Introductie De RC+ Fluor 3-FPM 50mg Box is een hoogzuivere onderzoeksstof uit de fenethylamine- en stimulantklasse. Chemisch bekend als 3-Fluorfenmetrazine,<\/p>","protected":false},"featured_media":20535,"comment_status":"closed","ping_status":"closed","template":"","meta":[],"product_brand":[82],"product_cat":[555],"product_tag":[881,606,601,605,326],"class_list":{"0":"post-24192","1":"product","2":"type-product","3":"status-publish","4":"has-post-thumbnail","6":"product_brand-research-chemical","7":"product_cat-b2b","8":"product_tag-3-fpm-kopen","9":"product_tag-3-fluorophenmetrazine","10":"product_tag-3-fpm","11":"product_tag-3fpm","12":"product_tag-nl","14":"first","15":"instock","16":"taxable","17":"shipping-taxable","18":"purchasable","19":"product-type-variable"},"_links":{"self":[{"href":"https:\/\/onderzoekschemicals.com\/is\/wp-json\/wp\/v2\/product\/24192","targetHints":{"allow":["GET"]}}],"collection":[{"href":"https:\/\/onderzoekschemicals.com\/is\/wp-json\/wp\/v2\/product"}],"about":[{"href":"https:\/\/onderzoekschemicals.com\/is\/wp-json\/wp\/v2\/types\/product"}],"replies":[{"embeddable":true,"href":"https:\/\/onderzoekschemicals.com\/is\/wp-json\/wp\/v2\/comments?post=24192"}],"version-history":[{"count":4,"href":"https:\/\/onderzoekschemicals.com\/is\/wp-json\/wp\/v2\/product\/24192\/revisions"}],"predecessor-version":[{"id":27845,"href":"https:\/\/onderzoekschemicals.com\/is\/wp-json\/wp\/v2\/product\/24192\/revisions\/27845"}],"wp:featuredmedia":[{"embeddable":true,"href":"https:\/\/onderzoekschemicals.com\/is\/wp-json\/wp\/v2\/media\/20535"}],"wp:attachment":[{"href":"https:\/\/onderzoekschemicals.com\/is\/wp-json\/wp\/v2\/media?parent=24192"}],"wp:term":[{"taxonomy":"product_brand","embeddable":true,"href":"https:\/\/onderzoekschemicals.com\/is\/wp-json\/wp\/v2\/product_brand?post=24192"},{"taxonomy":"product_cat","embeddable":true,"href":"https:\/\/onderzoekschemicals.com\/is\/wp-json\/wp\/v2\/product_cat?post=24192"},{"taxonomy":"product_tag","embeddable":true,"href":"https:\/\/onderzoekschemicals.com\/is\/wp-json\/wp\/v2\/product_tag?post=24192"}],"curies":[{"name":"wp","href":"https:\/\/api.w.org\/{rel}","templated":true}]}}