{"id":24185,"date":"2025-04-13T17:41:13","date_gmt":"2025-04-13T17:41:13","guid":{"rendered":"https:\/\/onderzoekschemicals.com\/?post_type=product&#038;p=24185"},"modified":"2025-10-12T20:28:18","modified_gmt":"2025-10-12T20:28:18","slug":"flubrotizolam-half-life","status":"publish","type":"product","link":"https:\/\/onderzoekschemicals.com\/is\/shop\/b2b\/flubrotizolam-half-life\/","title":{"rendered":"RC+ Fl\u00fabr\u00f3t\u00edz\u00f3lam 0,5 mg askja"},"content":{"rendered":"<h2 data-start=\"3808\" data-end=\"3834\"><strong data-start=\"3811\" data-end=\"3834\">V\u00f6rul\u00fdsing<\/strong><\/h2>\n<p data-start=\"3836\" data-end=\"4166\"><strong data-start=\"3836\" data-end=\"3868\">RC+ Fl\u00fabr\u00f3t\u00edz\u00f3lam 0,5 mg askja<\/strong> inniheldur <strong data-start=\"3875\" data-end=\"3904\">Flubrotis\u00f3lam me\u00f0 mikilli hreinleika<\/strong>, tenging fr\u00e1 <strong data-start=\"3928\" data-end=\"3961\">flokkur \u00fe\u00eden\u00f3tr\u00edas\u00f3ld\u00edazep\u00edna<\/strong>, \u00fer\u00f3a\u00f0 fyrir <strong data-start=\"3979\" data-end=\"4032\">eiturefnafr\u00e6\u00f0ilegar, greiningar- og r\u00e9ttarfr\u00e6\u00f0ilegar ranns\u00f3knir<\/strong>.<br data-start=\"4033\" data-end=\"4036\" \/>\u00dea\u00f0 er hluti af <strong data-start=\"4062\" data-end=\"4085\">RC+ ranns\u00f3knarr\u00f6\u00f0<\/strong>, \u00feekkt fyrir sitt <strong data-start=\"4102\" data-end=\"4163\">Sta\u00f0la\u00f0ar form\u00falur og st\u00f6\u00f0ug g\u00e6\u00f0i<\/strong>.<\/p>\n<p data-start=\"4168\" data-end=\"4325\">Hver kassi inniheldur <strong data-start=\"4183\" data-end=\"4225\">0,5 mg k\u00falur af ranns\u00f3knarhreinleika<\/strong>, framleitt vi\u00f0 st\u00fdr\u00f0ar ranns\u00f3knarstofua\u00f0st\u00e6\u00f0ur samkv\u00e6mt evr\u00f3pskum \u00f6ryggisst\u00f6\u00f0lum.<\/p>\n<p data-start=\"4327\" data-end=\"4463\">\u26a0\ufe0f <strong data-start=\"4330\" data-end=\"4341\">Athugi\u00f0:<\/strong> \u00deessi vara er <strong data-start=\"4357\" data-end=\"4406\">eing\u00f6ngu \u00e6tla\u00f0 til ranns\u00f3knar<\/strong> og <strong data-start=\"4410\" data-end=\"4462\">ekki hentugt til notkunar fyrir menn e\u00f0a d\u00fdr<\/strong>.<\/p>\n<hr data-start=\"4465\" data-end=\"4468\" \/>\n<h2 data-start=\"4470\" data-end=\"4500\"><strong data-start=\"4473\" data-end=\"4500\">Lykilatri\u00f0i<\/strong><\/h2>\n<ul data-start=\"4502\" data-end=\"4872\">\n<li data-start=\"4502\" data-end=\"4567\">\n<p data-start=\"4504\" data-end=\"4567\"><strong data-start=\"4504\" data-end=\"4524\">Mikil hreinleiki:<\/strong> Framleitt samkv\u00e6mt ranns\u00f3knarstofust\u00f6\u00f0lum.<\/p>\n<\/li>\n<li data-start=\"4568\" data-end=\"4648\">\n<p data-start=\"4570\" data-end=\"4648\"><strong data-start=\"4570\" data-end=\"4602\">Sta\u00f0la\u00f0 skammtur:<\/strong> 0,5 mg \u00ed hverju k\u00falu fyrir n\u00e1kv\u00e6ma greiningu.<\/p>\n<\/li>\n<li data-start=\"4649\" data-end=\"4714\">\n<p data-start=\"4651\" data-end=\"4714\"><strong data-start=\"4651\" data-end=\"4676\">St\u00f6\u00f0ug form\u00fala:<\/strong> \u00deolir efnafr\u00e6\u00f0ilega ni\u00f0urbroti.<\/p>\n<\/li>\n<li data-start=\"4715\" data-end=\"4786\">\n<p data-start=\"4717\" data-end=\"4786\"><strong data-start=\"4717\" data-end=\"4740\">\u00d6ruggar umb\u00fa\u00f0ir:<\/strong> Loft\u00fe\u00e9tt og innsiglu\u00f0 gegn mengun.<\/p>\n<\/li>\n<li data-start=\"4787\" data-end=\"4872\">\n<p data-start=\"4789\" data-end=\"4872\"><strong data-start=\"4789\" data-end=\"4816\">\u00cd samr\u00e6mi vi\u00f0 regluger\u00f0ir ESB:<\/strong> Framleitt samkv\u00e6mt evr\u00f3pskum \u00f6ryggislei\u00f0beiningum.<\/p>\n<\/li>\n<\/ul>\n<hr data-start=\"4874\" data-end=\"4877\" \/>\n<h2 data-start=\"4879\" data-end=\"4913\"><strong data-start=\"4882\" data-end=\"4913\">\u00c1vinningur fyrir v\u00edsindamenn<\/strong><\/h2>\n<ul data-start=\"4915\" data-end=\"5186\">\n<li data-start=\"4915\" data-end=\"4975\">\n<p data-start=\"4917\" data-end=\"4975\">Hentar fyrir <strong data-start=\"4931\" data-end=\"4972\">r\u00e9ttar- og eiturefnafr\u00e6\u00f0ilegar ranns\u00f3knir<\/strong>.<\/p>\n<\/li>\n<li data-start=\"4976\" data-end=\"5049\">\n<p data-start=\"4978\" data-end=\"5049\">Sty\u00f0ur <strong data-start=\"4990\" data-end=\"5026\">\u00fer\u00f3un greiningara\u00f0fer\u00f0a<\/strong> (LC-MS, GC-MS, NMR).<\/p>\n<\/li>\n<li data-start=\"5050\" data-end=\"5114\">\n<p data-start=\"5052\" data-end=\"5114\">Tilbo\u00f0 <strong data-start=\"5058\" data-end=\"5080\">vi\u00f0mi\u00f0unars\u00fdni<\/strong> til samanbur\u00f0ar og sta\u00f0festingar.<\/p>\n<\/li>\n<li data-start=\"5115\" data-end=\"5186\">\n<p data-start=\"5117\" data-end=\"5186\">Kve\u00f0ur \u00e1 um <strong data-start=\"5128\" data-end=\"5183\">endurtakanlegar og \u00e1rei\u00f0anlegar ranns\u00f3knarni\u00f0urst\u00f6\u00f0ur<\/strong>.<\/p>\n<\/li>\n<\/ul>\n<hr data-start=\"5188\" data-end=\"5191\" \/>\n<h2 data-start=\"5193\" data-end=\"5227\"><strong data-start=\"5196\" data-end=\"5227\">Notkun (ranns\u00f3knarsamhengi)<\/strong><\/h2>\n<ol data-start=\"5229\" data-end=\"5446\">\n<li data-start=\"5229\" data-end=\"5274\">\n<p data-start=\"5232\" data-end=\"5274\">Noti\u00f0 a\u00f0eins \u00ed vi\u00f0urkenndum ranns\u00f3knarstofum.<\/p>\n<\/li>\n<li data-start=\"5275\" data-end=\"5335\">\n<p data-start=\"5278\" data-end=\"5335\">Noti\u00f0 hanska, \u00f6ryggisgleraugu og ranns\u00f3knarstofuslopp.<\/p>\n<\/li>\n<li data-start=\"5336\" data-end=\"5383\">\n<p data-start=\"5339\" data-end=\"5383\">Geymi\u00f0 k\u00f6ldum, \u00feurrum og dimmum sta\u00f0 (undir 25\u00b0C).<\/p>\n<\/li>\n<li data-start=\"5384\" data-end=\"5446\">\n<p data-start=\"5387\" data-end=\"5446\">Fargi\u00f0 leifum \u00ed samr\u00e6mi vi\u00f0 gildandi \u00f6ryggisreglur.<\/p>\n<\/li>\n<\/ol>\n<blockquote data-start=\"5448\" data-end=\"5546\">\n<p data-start=\"5450\" data-end=\"5546\"><strong data-start=\"5450\" data-end=\"5461\">Athugi\u00f0:<\/strong> <em data-start=\"5462\" data-end=\"5492\">RC+ Fl\u00fabr\u00f3t\u00edz\u00f3lam 0,5 mg askja<\/em> er <strong data-start=\"5496\" data-end=\"5545\">eing\u00f6ngu \u00e6tla\u00f0 til ranns\u00f3knar<\/strong>.<\/p>\n<\/blockquote>\n<hr data-start=\"5548\" data-end=\"5551\" \/>\n<h2 data-start=\"5553\" data-end=\"5587\"><strong data-start=\"5556\" data-end=\"5587\">Algengar spurningar (FAQs)<\/strong><\/h2>\n<p data-start=\"5589\" data-end=\"5761\"><strong data-start=\"5589\" data-end=\"5638\">1. Til hvers er RC+ Fl\u00fabr\u00f3t\u00edz\u00f3lam nota\u00f0?<\/strong><br data-start=\"5638\" data-end=\"5641\" \/>RC+ Fl\u00fabr\u00f3t\u00f3z\u00f3lam er nota\u00f0 vi\u00f0 <strong data-start=\"5679\" data-end=\"5717\">greiningar- og r\u00e9ttarranns\u00f3knir<\/strong> vi\u00f0 \u00fe\u00eden\u00f3tr\u00edas\u00f3ld\u00edazep\u00edn efnasamb\u00f6nd.<\/p>\n<p data-start=\"5763\" data-end=\"5871\"><strong data-start=\"5763\" data-end=\"5792\">2. Hversu miki\u00f0 inniheldur einn kassi?<\/strong><br data-start=\"5792\" data-end=\"5795\" \/>Hver kassi inniheldur <strong data-start=\"5810\" data-end=\"5827\">0,5 mg k\u00falur<\/strong> me\u00f0 st\u00f6\u00f0lu\u00f0u samsetningu.<\/p>\n<p data-start=\"5873\" data-end=\"6011\"><strong data-start=\"5873\" data-end=\"5927\">3. Get \u00e9g keypt RC+ Flubrotizolam sem einstaklingur?<\/strong><br data-start=\"5927\" data-end=\"5930\" \/>Nei, \u00feessi vara er a\u00f0eins f\u00e1anleg fyrir <strong data-start=\"5974\" data-end=\"6008\">vi\u00f0urkenndar ranns\u00f3knarstofnanir<\/strong>.<\/p>","protected":false},"excerpt":{"rendered":"<p>Productbeschrijving RC+ Flubrotizolam 0,5 MG Box bevat hoogzuivere Flubrotizolam, een verbinding uit de thienotriazolodiazepineklasse, ontwikkeld voor toxicologisch, analytisch en forensisch<\/p>","protected":false},"featured_media":21250,"comment_status":"closed","ping_status":"closed","template":"","meta":[],"product_brand":[82],"product_cat":[555],"product_tag":[150,153,154,151,152,155,326],"class_list":{"0":"post-24185","1":"product","2":"type-product","3":"status-publish","4":"has-post-thumbnail","6":"product_brand-research-chemical","7":"product_cat-b2b","8":"product_tag-flubrotizolam","9":"product_tag-flubrotizolam-dosage","10":"product_tag-flubrotizolam-ervaring","11":"product_tag-flubrotizolam-half-life","12":"product_tag-flubrotizolam-werking","13":"product_tag-flunitrazolam-bijwerkingen","14":"product_tag-nl","16":"first","17":"instock","18":"taxable","19":"shipping-taxable","20":"purchasable","21":"product-type-simple"},"_links":{"self":[{"href":"https:\/\/onderzoekschemicals.com\/is\/wp-json\/wp\/v2\/product\/24185","targetHints":{"allow":["GET"]}}],"collection":[{"href":"https:\/\/onderzoekschemicals.com\/is\/wp-json\/wp\/v2\/product"}],"about":[{"href":"https:\/\/onderzoekschemicals.com\/is\/wp-json\/wp\/v2\/types\/product"}],"replies":[{"embeddable":true,"href":"https:\/\/onderzoekschemicals.com\/is\/wp-json\/wp\/v2\/comments?post=24185"}],"version-history":[{"count":4,"href":"https:\/\/onderzoekschemicals.com\/is\/wp-json\/wp\/v2\/product\/24185\/revisions"}],"predecessor-version":[{"id":27839,"href":"https:\/\/onderzoekschemicals.com\/is\/wp-json\/wp\/v2\/product\/24185\/revisions\/27839"}],"wp:featuredmedia":[{"embeddable":true,"href":"https:\/\/onderzoekschemicals.com\/is\/wp-json\/wp\/v2\/media\/21250"}],"wp:attachment":[{"href":"https:\/\/onderzoekschemicals.com\/is\/wp-json\/wp\/v2\/media?parent=24185"}],"wp:term":[{"taxonomy":"product_brand","embeddable":true,"href":"https:\/\/onderzoekschemicals.com\/is\/wp-json\/wp\/v2\/product_brand?post=24185"},{"taxonomy":"product_cat","embeddable":true,"href":"https:\/\/onderzoekschemicals.com\/is\/wp-json\/wp\/v2\/product_cat?post=24185"},{"taxonomy":"product_tag","embeddable":true,"href":"https:\/\/onderzoekschemicals.com\/is\/wp-json\/wp\/v2\/product_tag?post=24185"}],"curies":[{"name":"wp","href":"https:\/\/api.w.org\/{rel}","templated":true}]}}