{"id":24183,"date":"2025-04-13T17:41:13","date_gmt":"2025-04-13T17:41:13","guid":{"rendered":"https:\/\/onderzoekschemicals.com\/?post_type=product&#038;p=24183"},"modified":"2025-10-12T20:23:41","modified_gmt":"2025-10-12T20:23:41","slug":"pagoclone-werking","status":"publish","type":"product","link":"https:\/\/onderzoekschemicals.com\/is\/shop\/b2b\/pagoclone-werking\/","title":{"rendered":"RC+ Pagoclone 10 mg kassi"},"content":{"rendered":"<h2 data-start=\"3680\" data-end=\"3706\"><strong data-start=\"3683\" data-end=\"3706\">V\u00f6rul\u00fdsing<\/strong><\/h2>\n<p data-start=\"3708\" data-end=\"4018\"><strong data-start=\"3708\" data-end=\"3734\">RC+ Pagoclone 10 mg kassi<\/strong> inniheldur <strong data-start=\"3741\" data-end=\"3766\">Pagoclone me\u00f0 mikilli hreinleika<\/strong>, An <strong data-start=\"3772\" data-end=\"3801\">s\u00fdkl\u00f3pyrr\u00f3l\u00f3n efnasamband<\/strong> sem er nota\u00f0 fyrir <strong data-start=\"3826\" data-end=\"3880\">greiningar-, lyfjafr\u00e6\u00f0ilegar og r\u00e9ttarfr\u00e6\u00f0ilegar ranns\u00f3knir<\/strong>. Pagoclone a\u00f0ger\u00f0<br data-start=\"3881\" data-end=\"3884\" \/>Pagoclone hefur veri\u00f0 rannsaka\u00f0 sem <strong data-start=\"3912\" data-end=\"3947\">GABA-A vi\u00f0takahluti \u00f6rvi<\/strong>, sem gerir \u00fea\u00f0 vi\u00f0eigandi fyrir <strong data-start=\"3977\" data-end=\"4015\">taugaefnafr\u00e6\u00f0ilegar og vi\u00f0takaranns\u00f3knir<\/strong>.<\/p>\n<p data-start=\"4020\" data-end=\"4165\">Hver kassi inniheldur <strong data-start=\"4035\" data-end=\"4076\">10 mg k\u00falur af ranns\u00f3knarhreinleika<\/strong>, vandlega sami\u00f0 fyrir <strong data-start=\"4107\" data-end=\"4164\">endurtakanlegar og \u00e1rei\u00f0anlegar ni\u00f0urst\u00f6\u00f0ur ranns\u00f3knarstofu<\/strong>.<\/p>\n<p data-start=\"4167\" data-end=\"4303\">\u26a0\ufe0f <strong data-start=\"4170\" data-end=\"4181\">Athugi\u00f0:<\/strong> \u00deessi vara er <strong data-start=\"4197\" data-end=\"4246\">eing\u00f6ngu \u00e6tla\u00f0 til ranns\u00f3knar<\/strong> og <strong data-start=\"4250\" data-end=\"4302\">ekki hentugt til notkunar fyrir menn e\u00f0a d\u00fdr<\/strong>.<\/p>\n<hr data-start=\"4305\" data-end=\"4308\" \/>\n<h2 data-start=\"4310\" data-end=\"4340\"><strong data-start=\"4313\" data-end=\"4340\">Lykilatri\u00f0i<\/strong><\/h2>\n<ul data-start=\"4342\" data-end=\"4736\">\n<li data-start=\"4342\" data-end=\"4420\">\n<p data-start=\"4344\" data-end=\"4420\"><strong data-start=\"4344\" data-end=\"4364\">Mikil hreinleiki:<\/strong> Hentar vel til greiningar- og lyfjafr\u00e6\u00f0ilegra ranns\u00f3kna.<\/p>\n<\/li>\n<li data-start=\"4421\" data-end=\"4502\">\n<p data-start=\"4423\" data-end=\"4502\"><strong data-start=\"4423\" data-end=\"4455\">Sta\u00f0la\u00f0 skammtur:<\/strong> 10 mg \u00ed hverju k\u00falu fyrir samr\u00e6mdar ni\u00f0urst\u00f6\u00f0ur.<\/p>\n<\/li>\n<li data-start=\"4503\" data-end=\"4578\">\n<p data-start=\"4505\" data-end=\"4578\"><strong data-start=\"4505\" data-end=\"4530\">St\u00f6\u00f0ug form\u00fala:<\/strong> \u00deolir ni\u00f0urbrot me\u00f0 r\u00e9ttri geymslu.<\/p>\n<\/li>\n<li data-start=\"4579\" data-end=\"4650\">\n<p data-start=\"4581\" data-end=\"4650\"><strong data-start=\"4581\" data-end=\"4604\">\u00d6ruggar umb\u00fa\u00f0ir:<\/strong> Loft\u00fe\u00e9tt og innsiglu\u00f0 gegn mengun.<\/p>\n<\/li>\n<li data-start=\"4651\" data-end=\"4736\">\n<p data-start=\"4653\" data-end=\"4736\"><strong data-start=\"4653\" data-end=\"4680\">\u00cd samr\u00e6mi vi\u00f0 regluger\u00f0ir ESB:<\/strong> Framleitt samkv\u00e6mt evr\u00f3pskum \u00f6ryggislei\u00f0beiningum. Pagoclone a\u00f0ger\u00f0<\/p>\n<\/li>\n<\/ul>\n<hr data-start=\"4738\" data-end=\"4741\" \/>\n<h2 data-start=\"4743\" data-end=\"4777\"><strong data-start=\"4746\" data-end=\"4777\">\u00c1vinningur fyrir v\u00edsindamenn<\/strong><\/h2>\n<ul data-start=\"4779\" data-end=\"4998\">\n<li data-start=\"4779\" data-end=\"4838\">\n<p data-start=\"4781\" data-end=\"4838\">Hentar fyrir <strong data-start=\"4795\" data-end=\"4835\">vi\u00f0taka- og taugaefnafr\u00e6\u00f0ilegar ranns\u00f3knir<\/strong>.<\/p>\n<\/li>\n<li data-start=\"4839\" data-end=\"4888\">\n<p data-start=\"4841\" data-end=\"4888\">Sty\u00f0ur <strong data-start=\"4853\" data-end=\"4885\">LC-MS, GC-MS og NMR greiningar<\/strong>.<\/p>\n<\/li>\n<li data-start=\"4889\" data-end=\"4941\">\n<p data-start=\"4891\" data-end=\"4941\">Tilbo\u00f0 <strong data-start=\"4897\" data-end=\"4919\">vi\u00f0mi\u00f0unars\u00fdni<\/strong> af h\u00e1um g\u00e6\u00f0aflokki.<\/p>\n<\/li>\n<li data-start=\"4942\" data-end=\"4998\">\n<p data-start=\"4944\" data-end=\"4998\">Kve\u00f0ur \u00e1 um <strong data-start=\"4955\" data-end=\"4995\">endurtakanlegar ranns\u00f3knarni\u00f0urst\u00f6\u00f0ur<\/strong>.<\/p>\n<\/li>\n<\/ul>\n<hr data-start=\"5000\" data-end=\"5003\" \/>\n<h2 data-start=\"5005\" data-end=\"5039\"><strong data-start=\"5008\" data-end=\"5039\">Notkun (ranns\u00f3knarsamhengi)<\/strong><\/h2>\n<ol data-start=\"5041\" data-end=\"5236\">\n<li data-start=\"5041\" data-end=\"5086\">\n<p data-start=\"5044\" data-end=\"5086\">Noti\u00f0 a\u00f0eins \u00ed vi\u00f0urkenndum ranns\u00f3knarstofum.<\/p>\n<\/li>\n<li data-start=\"5087\" data-end=\"5138\">\n<p data-start=\"5090\" data-end=\"5138\">Noti\u00f0 hanska, \u00f6ryggisgleraugu og ranns\u00f3knarstofuslopp.<\/p>\n<\/li>\n<li data-start=\"5139\" data-end=\"5186\">\n<p data-start=\"5142\" data-end=\"5186\">Geymi\u00f0 k\u00f6ldum, \u00feurrum og dimmum sta\u00f0 (undir 25\u00b0C).<\/p>\n<\/li>\n<li data-start=\"5187\" data-end=\"5236\">\n<p data-start=\"5190\" data-end=\"5236\">Fargi\u00f0 leifum \u00ed samr\u00e6mi vi\u00f0 gildandi reglur.<\/p>\n<\/li>\n<\/ol>\n<blockquote data-start=\"5238\" data-end=\"5330\">\n<p data-start=\"5240\" data-end=\"5330\"><strong data-start=\"5240\" data-end=\"5251\">Athugi\u00f0:<\/strong> <em data-start=\"5252\" data-end=\"5276\">RC+ Pagoclone 10 mg kassi<\/em> er <strong data-start=\"5280\" data-end=\"5329\">eing\u00f6ngu \u00e6tla\u00f0 til ranns\u00f3knar<\/strong>.<\/p>\n<\/blockquote>\n<hr data-start=\"5332\" data-end=\"5335\" \/>\n<h2 data-start=\"5337\" data-end=\"5371\"><strong data-start=\"5340\" data-end=\"5371\">Algengar spurningar (FAQs)<\/strong><\/h2>\n<p data-start=\"5373\" data-end=\"5563\"><strong data-start=\"5373\" data-end=\"5418\">1. Til hvers er RC+ Pagoclone nota\u00f0?<\/strong><br data-start=\"5418\" data-end=\"5421\" \/>RC+ Pagoclone er nota\u00f0 fyrir <strong data-start=\"5455\" data-end=\"5509\">greiningar-, lyfjafr\u00e6\u00f0ilegar og r\u00e9ttarfr\u00e6\u00f0ilegar ranns\u00f3knir<\/strong> vi\u00f0 GABA vi\u00f0taka og cyclopyrrolone efnasamb\u00f6nd.<\/p>\n<p data-start=\"5565\" data-end=\"5659\"><strong data-start=\"5565\" data-end=\"5594\">2. Hversu miki\u00f0 inniheldur einn kassi?<\/strong><br data-start=\"5594\" data-end=\"5597\" \/>Hver kassi inniheldur <strong data-start=\"5612\" data-end=\"5630\">10 mg pag\u00f3kl\u00f3n<\/strong> af g\u00e6\u00f0um ranns\u00f3knarstofu.<\/p>\n<p data-start=\"5661\" data-end=\"5796\"><strong data-start=\"5661\" data-end=\"5711\">3. Get \u00e9g keypt RC+ Pagoclone sem einstaklingur?<\/strong><br data-start=\"5711\" data-end=\"5714\" \/>Nei, \u00feessi vara er a\u00f0eins f\u00e1anleg fyrir <strong data-start=\"5759\" data-end=\"5793\">vi\u00f0urkenndar ranns\u00f3knarstofnanir<\/strong>.<\/p>","protected":false},"excerpt":{"rendered":"<p>V\u00f6rul\u00fdsing RC+ Pagoclone 10 mg askja inniheldur h\u00e1g\u00e6\u00f0a pagoclone, cyclopyrrolone efnasamband sem nota\u00f0 er \u00ed greiningar-, lyfjafr\u00e6\u00f0ilegum og r\u00e9ttarl\u00e6knisfr\u00e6\u00f0ilegum ranns\u00f3knum. Pagoclone<\/p>","protected":false},"featured_media":21118,"comment_status":"closed","ping_status":"closed","template":"","meta":[],"product_brand":[82],"product_cat":[555],"product_tag":[326,665,748,749,747,750,751,752],"class_list":{"0":"post-24183","1":"product","2":"type-product","3":"status-publish","4":"has-post-thumbnail","6":"product_brand-research-chemical","7":"product_cat-b2b","8":"product_tag-nl","9":"product_tag-pagoclone","10":"product_tag-pagoclone-dosage","11":"product_tag-pagoclone-effects","12":"product_tag-pagoclone-ervaringen","13":"product_tag-pagoclone-experience","14":"product_tag-pagoclone-reddit","15":"product_tag-pagoclone-werking","17":"first","18":"instock","19":"taxable","20":"shipping-taxable","21":"purchasable","22":"product-type-variable"},"_links":{"self":[{"href":"https:\/\/onderzoekschemicals.com\/is\/wp-json\/wp\/v2\/product\/24183","targetHints":{"allow":["GET"]}}],"collection":[{"href":"https:\/\/onderzoekschemicals.com\/is\/wp-json\/wp\/v2\/product"}],"about":[{"href":"https:\/\/onderzoekschemicals.com\/is\/wp-json\/wp\/v2\/types\/product"}],"replies":[{"embeddable":true,"href":"https:\/\/onderzoekschemicals.com\/is\/wp-json\/wp\/v2\/comments?post=24183"}],"version-history":[{"count":4,"href":"https:\/\/onderzoekschemicals.com\/is\/wp-json\/wp\/v2\/product\/24183\/revisions"}],"predecessor-version":[{"id":27838,"href":"https:\/\/onderzoekschemicals.com\/is\/wp-json\/wp\/v2\/product\/24183\/revisions\/27838"}],"wp:featuredmedia":[{"embeddable":true,"href":"https:\/\/onderzoekschemicals.com\/is\/wp-json\/wp\/v2\/media\/21118"}],"wp:attachment":[{"href":"https:\/\/onderzoekschemicals.com\/is\/wp-json\/wp\/v2\/media?parent=24183"}],"wp:term":[{"taxonomy":"product_brand","embeddable":true,"href":"https:\/\/onderzoekschemicals.com\/is\/wp-json\/wp\/v2\/product_brand?post=24183"},{"taxonomy":"product_cat","embeddable":true,"href":"https:\/\/onderzoekschemicals.com\/is\/wp-json\/wp\/v2\/product_cat?post=24183"},{"taxonomy":"product_tag","embeddable":true,"href":"https:\/\/onderzoekschemicals.com\/is\/wp-json\/wp\/v2\/product_tag?post=24183"}],"curies":[{"name":"wp","href":"https:\/\/api.w.org\/{rel}","templated":true}]}}