{"id":24181,"date":"2025-04-13T17:41:13","date_gmt":"2025-04-13T17:41:13","guid":{"rendered":"https:\/\/onderzoekschemicals.com\/?post_type=product&#038;p=24181"},"modified":"2025-10-12T20:21:20","modified_gmt":"2025-10-12T20:21:20","slug":"flubromazepam-halfwaardetijd","status":"publish","type":"product","link":"https:\/\/onderzoekschemicals.com\/is\/shop\/b2b\/flubromazepam-halfwaardetijd\/","title":{"rendered":"Fl\u00fabr\u00f3mazepam 10 mg askja"},"content":{"rendered":"<h2 data-start=\"3803\" data-end=\"3829\"><strong data-start=\"3806\" data-end=\"3829\">V\u00f6rul\u00fdsing<\/strong><\/h2>\n<p data-start=\"3831\" data-end=\"4136\"><strong data-start=\"3831\" data-end=\"3858\">Fl\u00fabr\u00f3mazepam 10 mg askja<\/strong> er <strong data-start=\"3866\" data-end=\"3920\">bens\u00f3d\u00edazep\u00edn efnasamband af ranns\u00f3knarhreinleika<\/strong>, hanna\u00f0 fyrir <strong data-start=\"3937\" data-end=\"3991\">r\u00e9ttar-, lyfjafr\u00e6\u00f0ilegar og greiningarranns\u00f3knir<\/strong>Helmingunart\u00edmi fl\u00fabr\u00f3mazepams\u00a0<br data-start=\"3992\" data-end=\"3995\" \/>\u00dea\u00f0 er oft nota\u00f0 sem <strong data-start=\"4023\" data-end=\"4046\">vi\u00f0mi\u00f0unarsta\u00f0all<\/strong> til a\u00f0 bera kennsl \u00e1 og greina bens\u00f3d\u00edazep\u00edn hli\u00f0st\u00e6\u00f0ur \u00ed ranns\u00f3knarstofu.<\/p>\n<p data-start=\"4138\" data-end=\"4287\">Hver kassi inniheldur <strong data-start=\"4153\" data-end=\"4175\">10 mg fl\u00fabr\u00f3mazepam<\/strong>, vandlega sami\u00f0 fyrir <strong data-start=\"4206\" data-end=\"4257\">samr\u00e6mi, hreinleiki og endurtekningarh\u00e6fni<\/strong> \u00ed greiningarforritum.<\/p>\n<p data-start=\"4289\" data-end=\"4425\">\u26a0\ufe0f <strong data-start=\"4292\" data-end=\"4303\">Athugi\u00f0:<\/strong> \u00deessi vara er <strong data-start=\"4319\" data-end=\"4368\">eing\u00f6ngu \u00e6tla\u00f0 til ranns\u00f3knar<\/strong> og <strong data-start=\"4372\" data-end=\"4424\">ekki hentugt til notkunar fyrir menn e\u00f0a d\u00fdr<\/strong>.<\/p>\n<hr data-start=\"4427\" data-end=\"4430\" \/>\n<h2 data-start=\"4432\" data-end=\"4462\"><strong data-start=\"4435\" data-end=\"4462\">Lykilatri\u00f0i<\/strong><\/h2>\n<ul data-start=\"4464\" data-end=\"4832\">\n<li data-start=\"4464\" data-end=\"4529\">\n<p data-start=\"4466\" data-end=\"4529\"><strong data-start=\"4466\" data-end=\"4486\">Mikil hreinleiki:<\/strong> Framleitt samkv\u00e6mt ranns\u00f3knarstofust\u00f6\u00f0lum.<\/p>\n<\/li>\n<li data-start=\"4530\" data-end=\"4601\">\n<p data-start=\"4532\" data-end=\"4601\"><strong data-start=\"4532\" data-end=\"4557\">N\u00e1kv\u00e6m skammtur:<\/strong> 10 mg \u00ed hverjum kassa fyrir \u00e1rei\u00f0anlegar ni\u00f0urst\u00f6\u00f0ur.<\/p>\n<\/li>\n<li data-start=\"4602\" data-end=\"4675\">\n<p data-start=\"4604\" data-end=\"4675\"><strong data-start=\"4604\" data-end=\"4629\">St\u00f6\u00f0ug form\u00fala:<\/strong> \u00deolir ni\u00f0urbrot me\u00f0 r\u00e9ttri geymslu.<\/p>\n<\/li>\n<li data-start=\"4676\" data-end=\"4746\">\n<p data-start=\"4678\" data-end=\"4746\"><strong data-start=\"4678\" data-end=\"4701\">\u00d6ruggar umb\u00fa\u00f0ir:<\/strong> Innsigla\u00f0 og vari\u00f0 gegn mengun.<\/p>\n<\/li>\n<li data-start=\"4747\" data-end=\"4832\">\n<p data-start=\"4749\" data-end=\"4832\"><strong data-start=\"4749\" data-end=\"4776\">\u00cd samr\u00e6mi vi\u00f0 regluger\u00f0ir ESB:<\/strong> Framleitt samkv\u00e6mt evr\u00f3pskum \u00f6ryggislei\u00f0beiningum.<\/p>\n<\/li>\n<\/ul>\n<hr data-start=\"4834\" data-end=\"4837\" \/>\n<h2 data-start=\"4839\" data-end=\"4873\"><strong data-start=\"4842\" data-end=\"4873\">\u00c1vinningur fyrir v\u00edsindamenn<\/strong><\/h2>\n<ul data-start=\"4875\" data-end=\"5146\">\n<li data-start=\"4875\" data-end=\"4935\">\n<p data-start=\"4877\" data-end=\"4935\">Hentar fyrir <strong data-start=\"4891\" data-end=\"4932\">r\u00e9ttar- og eiturefnafr\u00e6\u00f0ilegar ranns\u00f3knir<\/strong>.<\/p>\n<\/li>\n<li data-start=\"4936\" data-end=\"5009\">\n<p data-start=\"4938\" data-end=\"5009\">Sty\u00f0ur <strong data-start=\"4950\" data-end=\"4986\">\u00fer\u00f3un greiningara\u00f0fer\u00f0a<\/strong> (LC-MS, GC-MS, NMR). Helmingunart\u00edmi fl\u00fabr\u00f3mazepams<\/p>\n<\/li>\n<li data-start=\"5010\" data-end=\"5074\">\n<p data-start=\"5012\" data-end=\"5074\">Tilbo\u00f0 <strong data-start=\"5018\" data-end=\"5040\">vi\u00f0mi\u00f0unars\u00fdni<\/strong> til samanbur\u00f0ar og sta\u00f0festingar.<\/p>\n<\/li>\n<li data-start=\"5075\" data-end=\"5146\">\n<p data-start=\"5077\" data-end=\"5146\">Kve\u00f0ur \u00e1 um <strong data-start=\"5088\" data-end=\"5143\">n\u00e1kv\u00e6mar og endurtakanlegar ranns\u00f3knarni\u00f0urst\u00f6\u00f0ur<\/strong>.<\/p>\n<\/li>\n<\/ul>\n<hr data-start=\"5148\" data-end=\"5151\" \/>\n<h2 data-start=\"5153\" data-end=\"5187\"><strong data-start=\"5156\" data-end=\"5187\">Notkun (ranns\u00f3knarsamhengi)<\/strong><\/h2>\n<ol data-start=\"5189\" data-end=\"5406\">\n<li data-start=\"5189\" data-end=\"5234\">\n<p data-start=\"5192\" data-end=\"5234\">Noti\u00f0 a\u00f0eins \u00ed vi\u00f0urkenndum ranns\u00f3knarstofum.<\/p>\n<\/li>\n<li data-start=\"5235\" data-end=\"5295\">\n<p data-start=\"5238\" data-end=\"5295\">Noti\u00f0 hanska, \u00f6ryggisgleraugu og ranns\u00f3knarstofuslopp.<\/p>\n<\/li>\n<li data-start=\"5296\" data-end=\"5343\">\n<p data-start=\"5299\" data-end=\"5343\">Geymi\u00f0 k\u00f6ldum, \u00feurrum og dimmum sta\u00f0 (undir 25\u00b0C).<\/p>\n<\/li>\n<li data-start=\"5344\" data-end=\"5406\">\n<p data-start=\"5347\" data-end=\"5406\">Fargi\u00f0 leifum \u00ed samr\u00e6mi vi\u00f0 gildandi \u00f6ryggisreglur.<\/p>\n<\/li>\n<\/ol>\n<blockquote data-start=\"5408\" data-end=\"5501\">\n<p data-start=\"5410\" data-end=\"5501\"><strong data-start=\"5410\" data-end=\"5421\">Athugi\u00f0:<\/strong> <em data-start=\"5422\" data-end=\"5447\">Fl\u00fabr\u00f3mazepam 10 mg askja<\/em> er <strong data-start=\"5451\" data-end=\"5500\">eing\u00f6ngu \u00e6tla\u00f0 til ranns\u00f3knar<\/strong>.<\/p>\n<\/blockquote>\n<hr data-start=\"5503\" data-end=\"5506\" \/>\n<h2 data-start=\"5508\" data-end=\"5542\"><strong data-start=\"5511\" data-end=\"5542\">Algengar spurningar (FAQs)<\/strong><\/h2>\n<p data-start=\"5544\" data-end=\"5670\"><strong data-start=\"5544\" data-end=\"5589\">1. Til hvers er fl\u00fabr\u00f3mazepam nota\u00f0?<\/strong><br data-start=\"5589\" data-end=\"5592\" \/>Fyrir <strong data-start=\"5597\" data-end=\"5635\">greiningar- og r\u00e9ttarranns\u00f3knir<\/strong> vi\u00f0 bens\u00f3d\u00edazep\u00edn efnasamb\u00f6nd.<\/p>\n<p data-start=\"5672\" data-end=\"5770\"><strong data-start=\"5672\" data-end=\"5701\">2. Hversu miki\u00f0 inniheldur einn kassi?<\/strong><br data-start=\"5701\" data-end=\"5704\" \/>Hver kassi inniheldur <strong data-start=\"5719\" data-end=\"5741\">10 mg fl\u00fabr\u00f3mazepam<\/strong> af g\u00e6\u00f0um ranns\u00f3knarstofu.<\/p>\n<p data-start=\"5772\" data-end=\"5906\"><strong data-start=\"5772\" data-end=\"5822\">3. Get \u00e9g keypt Flubromazepam sem einstaklingur?<\/strong><br data-start=\"5822\" data-end=\"5825\" \/>Nei, \u00feessi vara er a\u00f0eins f\u00e1anleg fyrir <strong data-start=\"5869\" data-end=\"5903\">vi\u00f0urkenndar ranns\u00f3knarstofnanir<\/strong>.<\/p>","protected":false},"excerpt":{"rendered":"<p>V\u00f6rul\u00fdsing Flubromazepam 10 MG Box er bens\u00f3d\u00edazep\u00edn efnasamband \u00ed ranns\u00f3knargr\u00e1\u00f0u sem er hanna\u00f0 fyrir r\u00e9ttar-, lyfjafr\u00e6\u00f0ilega og greiningarranns\u00f3knir. Helmingunart\u00edmi flubromazepams. \u00dea\u00f0 er<\/p>","protected":false},"featured_media":21246,"comment_status":"closed","ping_status":"closed","template":"","meta":[],"product_brand":[82],"product_cat":[555],"product_tag":[139,140,142,141,143,326],"class_list":{"0":"post-24181","1":"product","2":"type-product","3":"status-publish","4":"has-post-thumbnail","6":"product_brand-research-chemical","7":"product_cat-b2b","8":"product_tag-flubromazepam-effects","9":"product_tag-flubromazepam-ervaring","10":"product_tag-flubromazepam-halfwaardetijd","11":"product_tag-flubromazepam-werking","12":"product_tag-how-to-test-flubromazepam-pellets","13":"product_tag-nl","15":"first","16":"instock","17":"taxable","18":"shipping-taxable","19":"purchasable","20":"product-type-variable"},"_links":{"self":[{"href":"https:\/\/onderzoekschemicals.com\/is\/wp-json\/wp\/v2\/product\/24181","targetHints":{"allow":["GET"]}}],"collection":[{"href":"https:\/\/onderzoekschemicals.com\/is\/wp-json\/wp\/v2\/product"}],"about":[{"href":"https:\/\/onderzoekschemicals.com\/is\/wp-json\/wp\/v2\/types\/product"}],"replies":[{"embeddable":true,"href":"https:\/\/onderzoekschemicals.com\/is\/wp-json\/wp\/v2\/comments?post=24181"}],"version-history":[{"count":4,"href":"https:\/\/onderzoekschemicals.com\/is\/wp-json\/wp\/v2\/product\/24181\/revisions"}],"predecessor-version":[{"id":27837,"href":"https:\/\/onderzoekschemicals.com\/is\/wp-json\/wp\/v2\/product\/24181\/revisions\/27837"}],"wp:featuredmedia":[{"embeddable":true,"href":"https:\/\/onderzoekschemicals.com\/is\/wp-json\/wp\/v2\/media\/21246"}],"wp:attachment":[{"href":"https:\/\/onderzoekschemicals.com\/is\/wp-json\/wp\/v2\/media?parent=24181"}],"wp:term":[{"taxonomy":"product_brand","embeddable":true,"href":"https:\/\/onderzoekschemicals.com\/is\/wp-json\/wp\/v2\/product_brand?post=24181"},{"taxonomy":"product_cat","embeddable":true,"href":"https:\/\/onderzoekschemicals.com\/is\/wp-json\/wp\/v2\/product_cat?post=24181"},{"taxonomy":"product_tag","embeddable":true,"href":"https:\/\/onderzoekschemicals.com\/is\/wp-json\/wp\/v2\/product_tag?post=24181"}],"curies":[{"name":"wp","href":"https:\/\/api.w.org\/{rel}","templated":true}]}}