{"id":24151,"date":"2025-04-13T17:41:09","date_gmt":"2025-04-13T17:41:09","guid":{"rendered":"https:\/\/onderzoekschemicals.com\/?post_type=product&#038;p=24151"},"modified":"2025-10-12T20:55:59","modified_gmt":"2025-10-12T20:55:59","slug":"blue-mandala","status":"publish","type":"product","link":"https:\/\/onderzoekschemicals.com\/is\/shop\/b2b\/blue-mandala\/","title":{"rendered":"Bl\u00e1a Mandala"},"content":{"rendered":"<h3 data-start=\"4391\" data-end=\"4410\"><strong data-start=\"4395\" data-end=\"4410\">Inngangur<\/strong><\/h3>\n<p data-start=\"4411\" data-end=\"4810\">Hinn <strong data-start=\"4414\" data-end=\"4430\">Bl\u00e1a Mandala<\/strong> er fallegt t\u00e1kn um <strong data-start=\"4459\" data-end=\"4499\">fri\u00f0ur, jafnv\u00e6gi og andleg s\u00e1tt<\/strong>Mandala, sem eiga r\u00e6tur a\u00f0 rekja til fornra b\u00fadd\u00edskra og hind\u00faahef\u00f0a, t\u00e1kna alheiminn og einingu l\u00edfsins. R\u00f3andi bl\u00e1u litirnir \u00ed \u00feessari mandala endurspegla <strong data-start=\"4698\" data-end=\"4746\">d\u00fdpt hafsins og r\u00f3 himinsins<\/strong>, sem stu\u00f0lar a\u00f0 sl\u00f6kun, me\u00f0vitund og tilfinningalegri bata. Kauptu 4 fma<\/p>\n<p data-start=\"4812\" data-end=\"4972\">Hvort sem \u00fe\u00fa notar \u00fea\u00f0 sem veggskreytingu, huglei\u00f0slumi\u00f0st\u00f6\u00f0 e\u00f0a \u00ed j\u00f3gaherbergi, \u00fe\u00e1 <strong data-start=\"4892\" data-end=\"4908\">Bl\u00e1a Mandala<\/strong> breytir hva\u00f0a umhverfi sem er \u00ed <strong data-start=\"4940\" data-end=\"4971\">fri\u00f0ar og sk\u00fdrleika<\/strong>.<\/p>\n<hr data-start=\"4974\" data-end=\"4977\" \/>\n<h3 data-start=\"4979\" data-end=\"5010\"><strong data-start=\"4983\" data-end=\"5010\">Lykilatri\u00f0i<\/strong><\/h3>\n<ul data-start=\"5011\" data-end=\"5579\">\n<li data-start=\"5011\" data-end=\"5120\">\n<p data-start=\"5013\" data-end=\"5120\"><strong data-start=\"5013\" data-end=\"5033\">Gl\u00e6sileg h\u00f6nnun:<\/strong> F\u00ednt \u00fatf\u00e6r\u00f0 r\u00famfr\u00e6\u00f0ileg mynstur sem geisla af sj\u00f3nr\u00e6nu jafnv\u00e6gi og samhlj\u00f3mi.<\/p>\n<\/li>\n<li data-start=\"5121\" data-end=\"5221\">\n<p data-start=\"5123\" data-end=\"5221\"><strong data-start=\"5123\" data-end=\"5149\">R\u00f3andi bl\u00e1 litapalletta:<\/strong> Mismunandi bl\u00e1ir t\u00f3nar skapa r\u00f3andi og huglei\u00f0slur\u00edkt andr\u00famsloft.<\/p>\n<\/li>\n<li data-start=\"5222\" data-end=\"5330\">\n<p data-start=\"5224\" data-end=\"5330\"><strong data-start=\"5224\" data-end=\"5243\">H\u00e1g\u00e6\u00f0a:<\/strong> F\u00e1anlegt \u00e1 <strong data-start=\"5260\" data-end=\"5292\">striga, veggteppi e\u00f0a veggspjald<\/strong>, me\u00f0 sk\u00e6rum og endingarg\u00f3\u00f0um litum.<\/p>\n<\/li>\n<li data-start=\"5331\" data-end=\"5469\">\n<p data-start=\"5333\" data-end=\"5469\"><strong data-start=\"5333\" data-end=\"5359\">T\u00e1knr\u00e6n merking:<\/strong> T\u00e1knar <strong data-start=\"5377\" data-end=\"5425\">fri\u00f0ur, sannleikur, sk\u00fdrleiki og sj\u00e1lfstj\u00e1ning<\/strong>, tengdur h\u00e1lschakranu (Vishuddha).<\/p>\n<\/li>\n<li data-start=\"5470\" data-end=\"5579\">\n<p data-start=\"5472\" data-end=\"5579\"><strong data-start=\"5472\" data-end=\"5495\">Fj\u00f6lh\u00e6f notkun:<\/strong> Fullkomi\u00f0 fyrir <strong data-start=\"5509\" data-end=\"5576\">heimilisskreytingar, j\u00f3gast\u00fad\u00ed\u00f3, huglei\u00f0sluhorn e\u00f0a me\u00f0fer\u00f0arherbergi<\/strong>. 4 fma kaup<\/p>\n<\/li>\n<\/ul>\n<hr data-start=\"5581\" data-end=\"5584\" \/>\n<h3 data-start=\"5586\" data-end=\"5603\"><strong data-start=\"5590\" data-end=\"5603\">Kostir<\/strong><\/h3>\n<ul data-start=\"5604\" data-end=\"6131\">\n<li data-start=\"5604\" data-end=\"5702\">\n<p data-start=\"5606\" data-end=\"5702\"><strong data-start=\"5606\" data-end=\"5632\">Stu\u00f0lar a\u00f0 sl\u00f6kun:<\/strong> Mj\u00fakir bl\u00e1ir t\u00f3nar hj\u00e1lpa til <strong data-start=\"5662\" data-end=\"5699\">til a\u00f0 draga \u00far streitu og spennu<\/strong>.<\/p>\n<\/li>\n<li data-start=\"5703\" data-end=\"5809\">\n<p data-start=\"5705\" data-end=\"5809\"><strong data-start=\"5705\" data-end=\"5745\">Eykur einbeitingu og sk\u00fdrleika:<\/strong> Tilvali\u00f0 fyrir huglei\u00f0slu e\u00f0a n\u00favitund til a\u00f0 r\u00f3a hugann.<\/p>\n<\/li>\n<li data-start=\"5810\" data-end=\"5913\">\n<p data-start=\"5812\" data-end=\"5913\"><strong data-start=\"5812\" data-end=\"5840\">\u00d6rvar sk\u00f6punarg\u00e1fu:<\/strong> Samhverf h\u00f6nnun stu\u00f0lar a\u00f0 <strong data-start=\"5878\" data-end=\"5910\">andlegt jafnv\u00e6gi og innbl\u00e1stur<\/strong>.<\/p>\n<\/li>\n<li data-start=\"5914\" data-end=\"6006\">\n<p data-start=\"5916\" data-end=\"6006\"><strong data-start=\"5916\" data-end=\"5940\">Fegrar innr\u00e9ttingar:<\/strong> Gefur hverju herbergi <strong data-start=\"5963\" data-end=\"6003\">andleg og listr\u00e6n framkoma<\/strong>.<\/p>\n<\/li>\n<li data-start=\"6007\" data-end=\"6131\">\n<p data-start=\"6009\" data-end=\"6131\"><strong data-start=\"6009\" data-end=\"6046\">Sty\u00f0ur vi\u00f0 tilfinningalegt jafnv\u00e6gi:<\/strong> Tengist vi\u00f0 <strong data-start=\"6064\" data-end=\"6100\">r\u00f3semi, sannleikur og samskipti<\/strong>, sem f\u00e6rir innri fri\u00f0.<\/p>\n<\/li>\n<\/ul>\n<hr data-start=\"6133\" data-end=\"6136\" \/>\n<h3 data-start=\"6138\" data-end=\"6153\"><strong data-start=\"6142\" data-end=\"6153\">Notkun<\/strong><\/h3>\n<ol data-start=\"6154\" data-end=\"6601\">\n<li data-start=\"6154\" data-end=\"6270\">\n<p data-start=\"6157\" data-end=\"6270\"><strong data-start=\"6157\" data-end=\"6179\">Sem veggskreyting:<\/strong> Hengdu bl\u00e1u mand\u00f6luna \u00ed stofuna, svefnherbergi\u00f0 e\u00f0a huglei\u00f0sluhorni\u00f0 fyrir r\u00f3legt andr\u00famsloft.<\/p>\n<\/li>\n<li data-start=\"6271\" data-end=\"6373\">\n<p data-start=\"6274\" data-end=\"6373\"><strong data-start=\"6274\" data-end=\"6293\">Fyrir huglei\u00f0slu:<\/strong> Beindu augunum a\u00f0 mi\u00f0ju mandalasins og anda\u00f0u dj\u00fapt til a\u00f0 r\u00f3a \u00feig.<\/p>\n<\/li>\n<li data-start=\"6374\" data-end=\"6482\">\n<p data-start=\"6377\" data-end=\"6482\"><strong data-start=\"6377\" data-end=\"6394\">\u00cd j\u00f3ga:<\/strong> Nota\u00f0u mandala sem sj\u00f3nr\u00e6nan \u00e1herslupunkt til a\u00f0 auka einbeitingu og \u00f6ndun.<\/p>\n<\/li>\n<li data-start=\"6483\" data-end=\"6601\">\n<p data-start=\"6486\" data-end=\"6601\"><strong data-start=\"6486\" data-end=\"6501\">Sem gj\u00f6f:<\/strong> Merkileg gj\u00f6f fyrir alla sem leita a\u00f0 <strong data-start=\"6562\" data-end=\"6598\">andlegt jafnv\u00e6gi og sl\u00f6kun<\/strong>.<\/p>\n<\/li>\n<\/ol>\n<hr data-start=\"6603\" data-end=\"6606\" \/>\n<h3 data-start=\"6608\" data-end=\"6641\"><strong data-start=\"6612\" data-end=\"6641\">Algengar spurningar (FAQ)<\/strong><\/h3>\n<p data-start=\"6643\" data-end=\"6808\"><strong data-start=\"6643\" data-end=\"6683\">1. Hva\u00f0 t\u00e1knar bl\u00e1a mandala?<\/strong><br data-start=\"6683\" data-end=\"6686\" \/>Bl\u00e1a mandala t\u00e1knar <strong data-start=\"6715\" data-end=\"6757\">fri\u00f0ur, s\u00e1tt og innri sannleikur<\/strong>, og sty\u00f0ur vi\u00f0 huglei\u00f0slu og tilfinningalegt jafnv\u00e6gi.<\/p>\n<p data-start=\"6810\" data-end=\"6994\"><strong data-start=\"6810\" data-end=\"6876\">2. Er h\u00e6gt a\u00f0 nota Bl\u00e1u Mandaluna sem innanh\u00fassh\u00f6nnun?<\/strong><br data-start=\"6876\" data-end=\"6879\" \/>J\u00e1, r\u00f3andi bl\u00e1u t\u00f3narnir eru tilvaldir fyrir <strong data-start=\"6925\" data-end=\"6961\">r\u00f3andi orka og fegur\u00f0<\/strong> til a\u00f0 b\u00e6ta vi\u00f0 hva\u00f0a innanh\u00fassh\u00f6nnun sem er.<\/p>\n<p data-start=\"6996\" data-end=\"7173\"><strong data-start=\"6996\" data-end=\"7055\">3. \u00dar hva\u00f0a efnum f\u00e6st Bl\u00e1a Mandalan?<\/strong><br data-start=\"7055\" data-end=\"7058\" \/>Mandalan er f\u00e1anleg \u00e1 <strong data-start=\"7088\" data-end=\"7123\">striga, veggspj\u00f6ld e\u00f0a veggteppi<\/strong>, allt eftir st\u00edl og notkun sem \u00f3ska\u00f0 er eftir.<\/p>\n<hr data-start=\"7175\" data-end=\"7178\" \/>\n<h3 data-start=\"7180\" data-end=\"7197\"><strong data-start=\"7184\" data-end=\"7197\">Ni\u00f0ursta\u00f0a<\/strong><\/h3>\n<p data-start=\"7198\" data-end=\"7529\">Hinn <strong data-start=\"7201\" data-end=\"7217\">Bl\u00e1a Mandala<\/strong> er meira en bara skreytingarlistaverk \u2013 \u00fea\u00f0 er <strong data-start=\"7274\" data-end=\"7325\">t\u00e1kn fri\u00f0ar, visku og innri jafnv\u00e6gis<\/strong>Me\u00f0 samr\u00e6mdri l\u00f6gun sinni og r\u00f3andi litasamsetningu f\u00e6rir \u00fea\u00f0 <strong data-start=\"7391\" data-end=\"7427\">fri\u00f0ur, innbl\u00e1stur og huglei\u00f0sla<\/strong> \u00ed hva\u00f0a herbergi sem er. Fullkomi\u00f0 fyrir \u00fe\u00e1 sem eru a\u00f0 leita a\u00f0 <strong data-start=\"7477\" data-end=\"7528\">andleg r\u00f3 og fagurfr\u00e6\u00f0ileg fegur\u00f0<\/strong>.<\/p>\n<p><a href=\"https:\/\/onderzoekschemicals.com\/is\/shop\/lysergamides\/1cp-lsd-150-mcg\/\"><span dir=\"auto\" style=\"vertical-align: inherit;\"><span dir=\"auto\" style=\"vertical-align: inherit;\">1cP-LSD 150 MCG listabletti <\/span><\/span><\/a><a href=\"https:\/\/onderzoekschemicals.com\/is\/shop\/pellets\/o-dsmt-50mg-pellets\/\"><span dir=\"auto\" style=\"vertical-align: inherit;\"><span dir=\"auto\" style=\"vertical-align: inherit;\">O-DSMT 50 mg k\u00falur <\/span><\/span><\/a><a href=\"https:\/\/onderzoekschemicals.com\/is\/shop\/lysergamides\/1v-lsd-150-mcg-blotters\/\"><span dir=\"auto\" style=\"vertical-align: inherit;\"><span dir=\"auto\" style=\"vertical-align: inherit;\">1V-LSD 150 MCG \u00feynnur <\/span><\/span><\/a><a href=\"https:\/\/onderzoekschemicals.com\/is\/shop\/cathinonen\/2-cmc-kopen\/\"><span dir=\"auto\" style=\"vertical-align: inherit;\"><span dir=\"auto\" style=\"vertical-align: inherit;\">2-CMC 250 mg k\u00falur <\/span><\/span><\/a><a href=\"https:\/\/onderzoekschemicals.com\/is\/shop\/fenethylamine\/2c-ef-2mg-capsules\/\"><span dir=\"auto\" style=\"vertical-align: inherit;\"><span dir=\"auto\" style=\"vertical-align: inherit;\">2C-EF 2 mg hylki<\/span><\/span><\/a><\/p>","protected":false},"excerpt":{"rendered":"<p>Introductie De Blue Mandala is een prachtig symbool van vrede, balans en spirituele harmonie. Mandala\u2019s, afkomstig uit oude boeddhistische en<\/p>","protected":false},"featured_media":20682,"comment_status":"closed","ping_status":"closed","template":"","meta":[],"product_brand":[],"product_cat":[555],"product_tag":[629,644,326],"class_list":{"0":"post-24151","1":"product","2":"type-product","3":"status-publish","4":"has-post-thumbnail","6":"product_cat-b2b","7":"product_tag-4-fma-kopen","8":"product_tag-4-fma","9":"product_tag-nl","11":"first","12":"instock","13":"taxable","14":"shipping-taxable","15":"purchasable","16":"product-type-variable"},"_links":{"self":[{"href":"https:\/\/onderzoekschemicals.com\/is\/wp-json\/wp\/v2\/product\/24151","targetHints":{"allow":["GET"]}}],"collection":[{"href":"https:\/\/onderzoekschemicals.com\/is\/wp-json\/wp\/v2\/product"}],"about":[{"href":"https:\/\/onderzoekschemicals.com\/is\/wp-json\/wp\/v2\/types\/product"}],"replies":[{"embeddable":true,"href":"https:\/\/onderzoekschemicals.com\/is\/wp-json\/wp\/v2\/comments?post=24151"}],"version-history":[{"count":4,"href":"https:\/\/onderzoekschemicals.com\/is\/wp-json\/wp\/v2\/product\/24151\/revisions"}],"predecessor-version":[{"id":27847,"href":"https:\/\/onderzoekschemicals.com\/is\/wp-json\/wp\/v2\/product\/24151\/revisions\/27847"}],"wp:featuredmedia":[{"embeddable":true,"href":"https:\/\/onderzoekschemicals.com\/is\/wp-json\/wp\/v2\/media\/20682"}],"wp:attachment":[{"href":"https:\/\/onderzoekschemicals.com\/is\/wp-json\/wp\/v2\/media?parent=24151"}],"wp:term":[{"taxonomy":"product_brand","embeddable":true,"href":"https:\/\/onderzoekschemicals.com\/is\/wp-json\/wp\/v2\/product_brand?post=24151"},{"taxonomy":"product_cat","embeddable":true,"href":"https:\/\/onderzoekschemicals.com\/is\/wp-json\/wp\/v2\/product_cat?post=24151"},{"taxonomy":"product_tag","embeddable":true,"href":"https:\/\/onderzoekschemicals.com\/is\/wp-json\/wp\/v2\/product_tag?post=24151"}],"curies":[{"name":"wp","href":"https:\/\/api.w.org\/{rel}","templated":true}]}}