{"id":24148,"date":"2025-04-13T17:41:08","date_gmt":"2025-04-13T17:41:08","guid":{"rendered":"https:\/\/onderzoekschemicals.com\/?post_type=product&#038;p=24148"},"modified":"2025-10-14T07:52:32","modified_gmt":"2025-10-14T07:52:32","slug":"purple-mandala","status":"publish","type":"product","link":"https:\/\/onderzoekschemicals.com\/is\/shop\/b2b\/purple-mandala\/","title":{"rendered":"Fj\u00f3lubl\u00e1a Mandala"},"content":{"rendered":"<h3 data-start=\"4465\" data-end=\"4486\"><strong data-start=\"4469\" data-end=\"4484\">Inngangur<\/strong><\/h3>\n<p data-start=\"4487\" data-end=\"4863\">Hinn <strong data-start=\"4490\" data-end=\"4508\">Fj\u00f3lubl\u00e1a Mandala<\/strong> Fj\u00f3lubl\u00e1a mandala er meira en bara listaverk, t\u00edmalaust t\u00e1kn um s\u00e1tt, jafnv\u00e6gi og andlega me\u00f0vitund. Me\u00f0 f\u00ednger\u00f0um mynstrum s\u00ednum og r\u00edkum fj\u00f3lubl\u00e1um litbrig\u00f0um geislar \u00feessi h\u00f6nnun af r\u00f3, sk\u00f6punarg\u00e1fu og j\u00e1kv\u00e6\u00f0ni. Hvort sem h\u00fan er notu\u00f0 sem veggskraut, huglei\u00f0sluhj\u00e1lp e\u00f0a j\u00f3gaskreyting, f\u00e6rir fj\u00f3lubl\u00e1a mandala r\u00f3 og innbl\u00e1stur \u00ed hva\u00f0a r\u00fdmi sem er.<\/p>\n<p data-start=\"4865\" data-end=\"5126\">Mandalan, sem \u00e1 dj\u00fapar r\u00e6tur \u00ed fornum andlegum hef\u00f0um, t\u00e1knar alheiminn og fer\u00f0alagi\u00f0 a\u00f0 sj\u00e1lfsvitund. Liturinn <strong data-start=\"4996\" data-end=\"5005\">fj\u00f3lubl\u00e1tt<\/strong> \u2013 tengt visku, inns\u00e6i og upplj\u00f3mun \u2013 eykur r\u00f3andi og huglei\u00f0andi \u00e1hrif \u00feessa listaverks.<\/p>\n<hr data-start=\"5128\" data-end=\"5131\" \/>\n<h3 data-start=\"5133\" data-end=\"5166\"><strong data-start=\"5137\" data-end=\"5164\">Lykilatri\u00f0i<\/strong><\/h3>\n<ul data-start=\"5167\" data-end=\"5812\">\n<li data-start=\"5167\" data-end=\"5257\">\n<p data-start=\"5169\" data-end=\"5257\"><strong data-start=\"5169\" data-end=\"5189\">Dj\u00fap t\u00e1knfr\u00e6\u00f0i:<\/strong> T\u00e1knar andlegan v\u00f6xt, jafnv\u00e6gi og alheims s\u00e1tt.<\/p>\n<\/li>\n<li data-start=\"5258\" data-end=\"5357\">\n<p data-start=\"5260\" data-end=\"5357\"><strong data-start=\"5260\" data-end=\"5281\">L\u00edfleg h\u00f6nnun:<\/strong> Sameinar dj\u00fapfj\u00f3lubl\u00e1a og lila liti sem vekja upp sk\u00f6punarg\u00e1fu og r\u00f3.<\/p>\n<\/li>\n<li data-start=\"5358\" data-end=\"5483\">\n<p data-start=\"5360\" data-end=\"5483\"><strong data-start=\"5360\" data-end=\"5388\">H\u00e1g\u00e6\u00f0a efni:<\/strong> F\u00e1anlegt sem prentun, striga, veggteppi e\u00f0a stafr\u00e6n skr\u00e1 (fer eftir v\u00f6rutegund).<\/p>\n<\/li>\n<li data-start=\"5484\" data-end=\"5593\">\n<p data-start=\"5486\" data-end=\"5593\"><strong data-start=\"5486\" data-end=\"5509\">Fj\u00f6lh\u00e6f notkun:<\/strong> Fullkomi\u00f0 fyrir veggskreytingar, huglei\u00f0sluhorn, j\u00f3ga-st\u00fad\u00ed\u00f3 e\u00f0a n\u00favitundarr\u00fdmi.<\/p>\n<\/li>\n<li data-start=\"5594\" data-end=\"5699\">\n<p data-start=\"5596\" data-end=\"5699\"><strong data-start=\"5596\" data-end=\"5629\">Sj\u00e1lfb\u00e6rt og umhverfisv\u00e6nt:<\/strong> Prenta\u00f0 me\u00f0 eiturefnalausum, lit\u00feolnum blek \u00e1 endingarg\u00f3\u00f0u efni.<\/p>\n<\/li>\n<li data-start=\"5700\" data-end=\"5812\">\n<p data-start=\"5702\" data-end=\"5812\"><strong data-start=\"5702\" data-end=\"5726\">\u00de\u00fd\u00f0ingarr\u00edk gj\u00f6f:<\/strong> Falleg gj\u00f6f fyrir andlega leitendur, listamenn og huglei\u00f0slu\u00e1hugamenn.<\/p>\n<\/li>\n<\/ul>\n<hr data-start=\"5814\" data-end=\"5817\" \/>\n<h3 data-start=\"5819\" data-end=\"5838\"><strong data-start=\"5823\" data-end=\"5836\">Kostir<\/strong><\/h3>\n<p data-start=\"5839\" data-end=\"5980\">\u2705 <strong data-start=\"5841\" data-end=\"5874\">Stu\u00f0lar a\u00f0 sl\u00f6kun og einbeitingu<\/strong> \u2013 Samhverf r\u00famfr\u00e6\u00f0i mandala hj\u00e1lpar til vi\u00f0 a\u00f0 r\u00f3a hugann og b\u00e6ta einbeitingu.<\/p>\n<p data-start=\"5982\" data-end=\"6127\">\u2705 <strong data-start=\"5984\" data-end=\"6008\">Au\u00f0gar hvert r\u00fdmi<\/strong> \u2013 Fj\u00f3lubl\u00e1u t\u00f3narnir b\u00e6ta gl\u00e6sileika og r\u00f3 vi\u00f0 hva\u00f0a innanh\u00fassh\u00f6nnun sem er \u2013 tilvali\u00f0 fyrir stofur, svefnherbergi og st\u00fad\u00ed\u00f3.<\/p>\n<p data-start=\"6129\" data-end=\"6241\">\u2705 <strong data-start=\"6131\" data-end=\"6151\">Sterk t\u00e1knfr\u00e6\u00f0i<\/strong> \u2013 Fj\u00f3lubl\u00e1a mandalain er dagleg \u00e1minning um jafnv\u00e6gi, n\u00favitund og innri s\u00e1tt.<\/p>\n<p data-start=\"6243\" data-end=\"6349\">\u2705 <strong data-start=\"6245\" data-end=\"6269\">Endingargott og lit\u00feoli\u00f0<\/strong> - \u00dar h\u00e1g\u00e6\u00f0a efnum sem tryggja langvarandi l\u00edfleika.<\/p>\n<p data-start=\"6351\" data-end=\"6463\">\u2705 <strong data-start=\"6353\" data-end=\"6389\">\u00d6rvar andlega tengingu<\/strong> \u2013 D\u00fdpt h\u00f6nnunarinnar hvetur til sj\u00e1lfssko\u00f0unar og me\u00f0vitundar. Fj\u00f3lubl\u00e1 mandala<\/p>\n<hr data-start=\"6465\" data-end=\"6468\" \/>\n<h3 data-start=\"6470\" data-end=\"6496\"><strong data-start=\"6474\" data-end=\"6494\">Hvernig \u00e1 a\u00f0 nota<\/strong><\/h3>\n<blockquote data-start=\"6497\" data-end=\"6608\">\n<p data-start=\"6499\" data-end=\"6608\">\ud83e\udeb7 <em data-start=\"6502\" data-end=\"6608\">Nota\u00f0u Fj\u00f3lubl\u00e1a Mandaluna til a\u00f0 skapa r\u00f3andi og j\u00e1kv\u00e6tt andr\u00famsloft heima e\u00f0a \u00ed huglei\u00f0slu.<\/em><\/p>\n<\/blockquote>\n<ol data-start=\"6610\" data-end=\"7053\">\n<li data-start=\"6610\" data-end=\"6730\">\n<p data-start=\"6613\" data-end=\"6730\"><strong data-start=\"6613\" data-end=\"6635\">Sem veggskreyting:<\/strong> Hengdu mandala \u00ed huglei\u00f0sluherbergi, j\u00f3ga st\u00fad\u00ed\u00f3 e\u00f0a svefnherbergi til a\u00f0 f\u00e1 r\u00f3andi \u00e1hrif.<\/p>\n<\/li>\n<li data-start=\"6731\" data-end=\"6839\">\n<p data-start=\"6734\" data-end=\"6839\"><strong data-start=\"6734\" data-end=\"6752\">\u00cd huglei\u00f0slu:<\/strong> Beindu augum \u00fe\u00ednum a\u00f0 mi\u00f0ju mandalasins og l\u00e1ttu hugsanir \u00fe\u00ednar r\u00f3lega kyrrast.<\/p>\n<\/li>\n<li data-start=\"6840\" data-end=\"6939\">\n<p data-start=\"6843\" data-end=\"6939\"><strong data-start=\"6843\" data-end=\"6862\">\u00cd j\u00f3gaherbergjum:<\/strong> Nota\u00f0u mandala sem skreytingarbakgrunn til a\u00f0 skapa r\u00f3andi andr\u00famsloft.<\/p>\n<\/li>\n<li data-start=\"6940\" data-end=\"7053\">\n<p data-start=\"6943\" data-end=\"7053\"><strong data-start=\"6943\" data-end=\"6958\">Sem gj\u00f6f:<\/strong> S\u00e9rst\u00f6k og t\u00e1knr\u00e6n gj\u00f6f fyrir alla sem kunna a\u00f0 meta fri\u00f0, jafnv\u00e6gi og fegur\u00f0.<\/p>\n<\/li>\n<\/ol>\n<hr data-start=\"7055\" data-end=\"7058\" \/>\n<h3 data-start=\"7060\" data-end=\"7095\"><strong data-start=\"7064\" data-end=\"7093\">Algengar spurningar (FAQ)<\/strong><\/h3>\n<p data-start=\"7097\" data-end=\"7332\"><strong data-start=\"7097\" data-end=\"7139\">1. Hva\u00f0 t\u00e1knar fj\u00f3lubl\u00e1a mandala?<\/strong><br data-start=\"7139\" data-end=\"7142\" \/>Fj\u00f3lubl\u00e1a mandala t\u00e1knar andlega me\u00f0vitund, jafnv\u00e6gi og umbreytingu. Fj\u00f3lubl\u00e1r er litur visku og upplj\u00f3munar, en hringurinn t\u00e1knar \u00f3endanleika og s\u00e1tt.<\/p>\n<p data-start=\"7334\" data-end=\"7504\"><strong data-start=\"7334\" data-end=\"7382\">2. Hentar fj\u00f3lubl\u00e1a mandala-liturinn \u00f6llum innanh\u00fassh\u00f6nnunum?<\/strong><br data-start=\"7382\" data-end=\"7385\" \/>J\u00e1. \u00de\u00f6kk s\u00e9 t\u00edmalausri, samhverfri h\u00f6nnun og mj\u00fakum t\u00f3num hentar \u00fea\u00f0 b\u00e6\u00f0i \u00ed n\u00fat\u00edmalegar og bohem\u00edskar innr\u00e9ttingar.<\/p>\n<p data-start=\"7506\" data-end=\"7682\"><strong data-start=\"7506\" data-end=\"7550\">3. Hvernig vi\u00f0held \u00e9g fj\u00f3lubl\u00e1u mand\u00f6lunni minni?<\/strong><br data-start=\"7550\" data-end=\"7553\" \/>For\u00f0ist beint s\u00f3larlj\u00f3s og raka. \u00der\u00edfi\u00f0 striga e\u00f0a efni varlega me\u00f0 \u00feurrum, mj\u00fakum kl\u00fat til a\u00f0 var\u00f0veita lit og sm\u00e1atri\u00f0i.<\/p>\n<p><a href=\"https:\/\/onderzoekschemicals.com\/is\/shop\/lysergamides\/1cp-lsd-150-mcg\/\"><span dir=\"auto\" style=\"vertical-align: inherit;\"><span dir=\"auto\" style=\"vertical-align: inherit;\">1cP-LSD 150 MCG listabletti <\/span><\/span><\/a><a href=\"https:\/\/onderzoekschemicals.com\/is\/shop\/pellets\/o-dsmt-50mg-pellets\/\"><span dir=\"auto\" style=\"vertical-align: inherit;\"><span dir=\"auto\" style=\"vertical-align: inherit;\">O-DSMT 50 mg k\u00falur <\/span><\/span><\/a><a href=\"https:\/\/onderzoekschemicals.com\/is\/shop\/lysergamides\/1v-lsd-150-mcg-blotters\/\"><span dir=\"auto\" style=\"vertical-align: inherit;\"><span dir=\"auto\" style=\"vertical-align: inherit;\">1V-LSD 150 MCG \u00feynnur <\/span><\/span><\/a><a href=\"https:\/\/onderzoekschemicals.com\/is\/shop\/bijna-verboden\/6-cl-adba\/\"><span dir=\"auto\" style=\"vertical-align: inherit;\"><span dir=\"auto\" style=\"vertical-align: inherit;\">6-CL-ADBA <\/span><\/span><\/a><a href=\"https:\/\/onderzoekschemicals.com\/is\/shop\/cathinonen\/2-cmc-kopen\/\"><span dir=\"auto\" style=\"vertical-align: inherit;\"><span dir=\"auto\" style=\"vertical-align: inherit;\">2-CMC 250 mg k\u00falur<\/span><\/span><\/a><\/p>","protected":false},"excerpt":{"rendered":"<p>Introductie De Paarse Mandala is meer dan een kunstwerk \u2013 het is een tijdloos symbool van harmonie, balans en spiritueel<\/p>","protected":false},"featured_media":20635,"comment_status":"closed","ping_status":"closed","template":"","meta":[],"product_brand":[],"product_cat":[555],"product_tag":[629,644,326],"class_list":{"0":"post-24148","1":"product","2":"type-product","3":"status-publish","4":"has-post-thumbnail","6":"product_cat-b2b","7":"product_tag-4-fma-kopen","8":"product_tag-4-fma","9":"product_tag-nl","11":"first","12":"instock","13":"taxable","14":"shipping-taxable","15":"purchasable","16":"product-type-variable"},"_links":{"self":[{"href":"https:\/\/onderzoekschemicals.com\/is\/wp-json\/wp\/v2\/product\/24148","targetHints":{"allow":["GET"]}}],"collection":[{"href":"https:\/\/onderzoekschemicals.com\/is\/wp-json\/wp\/v2\/product"}],"about":[{"href":"https:\/\/onderzoekschemicals.com\/is\/wp-json\/wp\/v2\/types\/product"}],"replies":[{"embeddable":true,"href":"https:\/\/onderzoekschemicals.com\/is\/wp-json\/wp\/v2\/comments?post=24148"}],"version-history":[{"count":4,"href":"https:\/\/onderzoekschemicals.com\/is\/wp-json\/wp\/v2\/product\/24148\/revisions"}],"predecessor-version":[{"id":27873,"href":"https:\/\/onderzoekschemicals.com\/is\/wp-json\/wp\/v2\/product\/24148\/revisions\/27873"}],"wp:featuredmedia":[{"embeddable":true,"href":"https:\/\/onderzoekschemicals.com\/is\/wp-json\/wp\/v2\/media\/20635"}],"wp:attachment":[{"href":"https:\/\/onderzoekschemicals.com\/is\/wp-json\/wp\/v2\/media?parent=24148"}],"wp:term":[{"taxonomy":"product_brand","embeddable":true,"href":"https:\/\/onderzoekschemicals.com\/is\/wp-json\/wp\/v2\/product_brand?post=24148"},{"taxonomy":"product_cat","embeddable":true,"href":"https:\/\/onderzoekschemicals.com\/is\/wp-json\/wp\/v2\/product_cat?post=24148"},{"taxonomy":"product_tag","embeddable":true,"href":"https:\/\/onderzoekschemicals.com\/is\/wp-json\/wp\/v2\/product_tag?post=24148"}],"curies":[{"name":"wp","href":"https:\/\/api.w.org\/{rel}","templated":true}]}}