{"id":24111,"date":"2025-04-13T17:41:04","date_gmt":"2025-04-13T17:41:04","guid":{"rendered":"https:\/\/onderzoekschemicals.com\/?post_type=product&#038;p=24111"},"modified":"2025-10-14T07:59:11","modified_gmt":"2025-10-14T07:59:11","slug":"2-fea-3-fea","status":"publish","type":"product","link":"https:\/\/onderzoekschemicals.com\/is\/shop\/b2b\/2-fea-3-fea\/","title":{"rendered":"RC+ N\u00fdf\u00e6\u00f0ingarbl\u00f6\u00f0ru"},"content":{"rendered":"<h3 data-start=\"5056\" data-end=\"5077\"><strong data-start=\"5060\" data-end=\"5075\">Inngangur<\/strong><\/h3>\n<p data-start=\"5078\" data-end=\"5387\">Hinn <strong data-start=\"5081\" data-end=\"5106\">RC+ N\u00fdf\u00e6\u00f0ingarbl\u00f6\u00f0ru<\/strong> er h\u00e1g\u00e6\u00f0a <strong data-start=\"5127\" data-end=\"5152\">ranns\u00f3knarform\u00falu<\/strong>, s\u00e9rstaklega \u00fer\u00f3a\u00f0 fyrir faglegar ranns\u00f3knarstofur og greiningar. Hver \u00feynna inniheldur <strong data-start=\"5251\" data-end=\"5288\">10 innsiglu\u00f0 k\u00falur, hver fyrir sig<\/strong>, hanna\u00f0 fyrir <strong data-start=\"5305\" data-end=\"5384\">n\u00e1kv\u00e6m sk\u00f6mmtun, samr\u00e6mdar ni\u00f0urst\u00f6\u00f0ur og mengunarlaus me\u00f0h\u00f6ndlun<\/strong>. 2 fea 3 fea<\/p>\n<p data-start=\"5389\" data-end=\"5687\">Me\u00f0 st\u00fdr\u00f0ri samsetningu af <strong data-start=\"5427\" data-end=\"5477\">2-FEA og 3-FEA (fl\u00faoretampetam\u00edn \u00eds\u00f3merar)<\/strong> Er \u00feessi vara tilvalin fyrir <strong data-start=\"5505\" data-end=\"5567\">lyfjafr\u00e6\u00f0ilegar, vi\u00f0takafr\u00e6\u00f0ilegar og efnafr\u00e6\u00f0ilegar ranns\u00f3knir<\/strong>\u00deynnupakkningin tryggir <strong data-start=\"5601\" data-end=\"5651\">st\u00f6\u00f0ugleiki, rekjanleiki og \u00f6rugg geymsla<\/strong> vi\u00f0 ranns\u00f3knarstofua\u00f0st\u00e6\u00f0ur.<\/p>\n<p data-start=\"5689\" data-end=\"5804\"><em data-start=\"5689\" data-end=\"5804\">(\u00deessi vara er eing\u00f6ngu til ranns\u00f3kna. Ekki hentug til notkunar fyrir menn e\u00f0a d\u00fdr.)<\/em><\/p>\n<hr data-start=\"5806\" data-end=\"5809\" \/>\n<h3 data-start=\"5811\" data-end=\"5844\"><strong data-start=\"5815\" data-end=\"5842\">Lykilatri\u00f0i<\/strong><\/h3>\n<ul data-start=\"5845\" data-end=\"6426\">\n<li data-start=\"5845\" data-end=\"5952\">\n<p data-start=\"5847\" data-end=\"5952\"><strong data-start=\"5847\" data-end=\"5873\">2\/3-FEA samsetning:<\/strong> Inniheldur st\u00fdr\u00f0a bl\u00f6ndu af 2-FEA og 3-FEA til samanbur\u00f0arranns\u00f3kna.<\/p>\n<\/li>\n<li data-start=\"5953\" data-end=\"6043\">\n<p data-start=\"5955\" data-end=\"6043\"><strong data-start=\"5955\" data-end=\"5982\">Mikil hreinleiki (\u226598%):<\/strong> G\u00e6\u00f0i ranns\u00f3knarstofu, sta\u00f0fest me\u00f0 greiningu birgja.<\/p>\n<\/li>\n<li data-start=\"6044\" data-end=\"6149\">\n<p data-start=\"6046\" data-end=\"6149\"><strong data-start=\"6046\" data-end=\"6084\">10 einstaklingsbundnir innsigla\u00f0ir k\u00falur:<\/strong> Hver k\u00fala er pakka\u00f0 s\u00e9rstaklega til a\u00f0 h\u00e1marka heilleika.<\/p>\n<\/li>\n<li data-start=\"6150\" data-end=\"6238\">\n<p data-start=\"6152\" data-end=\"6238\"><strong data-start=\"6152\" data-end=\"6174\">\u00deynnupakkning:<\/strong> Au\u00f0velt \u00ed me\u00f0f\u00f6rum og verndar gegn umhverfis\u00fe\u00e1ttum.<\/p>\n<\/li>\n<li data-start=\"6239\" data-end=\"6341\">\n<p data-start=\"6241\" data-end=\"6341\"><strong data-start=\"6241\" data-end=\"6273\">Rekjanleiki framlei\u00f0slulotu og lotu:<\/strong> Hver pakki inniheldur einstakt au\u00f0kennisn\u00famer til skjalav\u00f6rslu.<\/p>\n<\/li>\n<li data-start=\"6342\" data-end=\"6426\">\n<p data-start=\"6344\" data-end=\"6426\"><strong data-start=\"6344\" data-end=\"6375\">Samr\u00e6md l\u00f6gun og \u00feyngd:<\/strong> Tryggir endurtakanlegar ranns\u00f3knarni\u00f0urst\u00f6\u00f0ur.<\/p>\n<\/li>\n<\/ul>\n<hr data-start=\"6428\" data-end=\"6431\" \/>\n<h3 data-start=\"6433\" data-end=\"6481\"><strong data-start=\"6437\" data-end=\"6479\">\u00c1vinningur (fyrir ranns\u00f3knarstofuranns\u00f3knir)<\/strong><\/h3>\n<p data-start=\"6482\" data-end=\"6577\">\u2705 <strong data-start=\"6484\" data-end=\"6514\">N\u00e1kv\u00e6mni og \u00e1rei\u00f0anleiki<\/strong> \u2013 Hver pilla gefur n\u00e1kv\u00e6man skammt til a\u00f0 tryggja samr\u00e6mdar g\u00f6gn.<\/p>\n<p data-start=\"6579\" data-end=\"6668\">\u2705 <strong data-start=\"6581\" data-end=\"6606\">Auki\u00f0 \u00f6ryggi<\/strong> \u2013 Einstakar umb\u00fa\u00f0ir koma \u00ed veg fyrir mengun og ni\u00f0urbrot.<\/p>\n<p data-start=\"6670\" data-end=\"6764\">\u2705 <strong data-start=\"6672\" data-end=\"6698\">Hra\u00f0ari vinnuferli<\/strong> \u2013 Tilb\u00fai\u00f0 til notkunar, engin vigtun e\u00f0a frekari undirb\u00faningur nau\u00f0synlegur.<\/p>\n<p data-start=\"6766\" data-end=\"6851\">\u2705 <strong data-start=\"6768\" data-end=\"6790\">Langur geymslu\u00feol<\/strong> \u2013 Verndandi umb\u00fa\u00f0ir vi\u00f0halda hreinleika og st\u00f6\u00f0ugleika.<\/p>\n<p data-start=\"6853\" data-end=\"6959\">\u2705 <strong data-start=\"6855\" data-end=\"6882\">Einf\u00f6ld skj\u00f6lun<\/strong> \u2013 Lotuk\u00f3\u00f0ar au\u00f0velda rekjanleika og g\u00e6\u00f0aeftirlit.<\/p>\n<hr data-start=\"6961\" data-end=\"6964\" \/>\n<h3 data-start=\"6966\" data-end=\"7018\"><strong data-start=\"6970\" data-end=\"7016\">Notkun (eing\u00f6ngu \u00ed ranns\u00f3knarskyni)<\/strong><\/h3>\n<blockquote data-start=\"7019\" data-end=\"7204\">\n<p data-start=\"7021\" data-end=\"7204\">\u26a0\ufe0f <strong data-start=\"7024\" data-end=\"7039\">Mikilv\u00e6gt:<\/strong> RC+ Newphoria \u00feynnurnar eru eing\u00f6ngu \u00e6tla\u00f0ar til v\u00edsindalegra ranns\u00f3kna og greiningar. Noti\u00f0 alltaf pers\u00f3nuhl\u00edfar og fylgi\u00f0 \u00f6ryggislei\u00f0beiningum ranns\u00f3knarstofunnar.<\/p>\n<\/blockquote>\n<ol data-start=\"7206\" data-end=\"7975\">\n<li data-start=\"7206\" data-end=\"7322\">\n<p data-start=\"7209\" data-end=\"7224\"><strong data-start=\"7209\" data-end=\"7222\">Sko\u00f0un<\/strong><\/p>\n<ul data-start=\"7228\" data-end=\"7322\">\n<li data-start=\"7228\" data-end=\"7276\">\n<p data-start=\"7230\" data-end=\"7276\">Athugi\u00f0 umb\u00fa\u00f0ir og lotun\u00famer.<\/p>\n<\/li>\n<li data-start=\"7280\" data-end=\"7322\">\n<p data-start=\"7282\" data-end=\"7322\">Gakktu \u00far skugga um a\u00f0 k\u00falurnar s\u00e9u \u00f3skemmdar.<\/p>\n<\/li>\n<\/ul>\n<\/li>\n<li data-start=\"7324\" data-end=\"7463\">\n<p data-start=\"7327\" data-end=\"7351\"><strong data-start=\"7327\" data-end=\"7349\">Fjarl\u00e6ging k\u00f6ggla<\/strong><\/p>\n<ul data-start=\"7355\" data-end=\"7463\">\n<li data-start=\"7355\" data-end=\"7428\">\n<p data-start=\"7357\" data-end=\"7428\">Kreisti\u00f0 varlega eina k\u00falu \u00far \u00feynnunni me\u00f0 s\u00e6f\u00f0um b\u00fana\u00f0i.<\/p>\n<\/li>\n<li data-start=\"7432\" data-end=\"7463\">\n<p data-start=\"7434\" data-end=\"7463\">For\u00f0ist beina snertingu vi\u00f0 h\u00fa\u00f0.<\/p>\n<\/li>\n<\/ul>\n<\/li>\n<li data-start=\"7465\" data-end=\"7640\">\n<p data-start=\"7468\" data-end=\"7494\"><strong data-start=\"7468\" data-end=\"7492\">Undirb\u00faningur s\u00fdnis<\/strong><\/p>\n<ul data-start=\"7498\" data-end=\"7640\">\n<li data-start=\"7498\" data-end=\"7594\">\n<p data-start=\"7500\" data-end=\"7594\">Leysi\u00f0 k\u00faluna upp \u00ed vi\u00f0eigandi leysi (t.d. etan\u00f3li, eimu\u00f0u vatni e\u00f0a stu\u00f0p\u00fa\u00f0a).<\/p>\n<\/li>\n<li data-start=\"7598\" data-end=\"7640\">\n<p data-start=\"7600\" data-end=\"7640\">Blandi\u00f0 varlega saman \u00fear til \u00fea\u00f0 er alveg uppleyst.<\/p>\n<\/li>\n<\/ul>\n<\/li>\n<li data-start=\"7642\" data-end=\"7797\">\n<p data-start=\"7645\" data-end=\"7674\"><strong data-start=\"7645\" data-end=\"7672\">Notkun \u00ed tilraunum<\/strong><\/p>\n<ul data-start=\"7678\" data-end=\"7797\">\n<li data-start=\"7678\" data-end=\"7743\">\n<p data-start=\"7680\" data-end=\"7743\">Notkun \u00ed greiningar-, vi\u00f0taka- e\u00f0a lyfjafr\u00e6\u00f0ilegum ranns\u00f3knum.<\/p>\n<\/li>\n<li data-start=\"7747\" data-end=\"7797\">\n<p data-start=\"7749\" data-end=\"7797\">Skr\u00e1i\u00f0 au\u00f0kenni k\u00falunnar, styrk og upplausnarr\u00famm\u00e1l.<\/p>\n<\/li>\n<\/ul>\n<\/li>\n<li data-start=\"7799\" data-end=\"7975\">\n<p data-start=\"7802\" data-end=\"7829\"><strong data-start=\"7802\" data-end=\"7827\">Geymsla og flutningur<\/strong><\/p>\n<ul data-start=\"7833\" data-end=\"7975\">\n<li data-start=\"7833\" data-end=\"7908\">\n<p data-start=\"7835\" data-end=\"7908\">Geymi\u00f0 \u00f3nota\u00f0ar k\u00falur \u00ed <strong data-start=\"7869\" data-end=\"7896\">svalt, dimmt og \u00feurrt<\/strong> umhverfi.<\/p>\n<\/li>\n<li data-start=\"7912\" data-end=\"7975\">\n<p data-start=\"7914\" data-end=\"7975\">Fargi\u00f0 \u00fargangi samkv\u00e6mt reglum um efna\u00f6ryggi. 2 fea 3 fea<\/p>\n<\/li>\n<\/ul>\n<\/li>\n<\/ol>\n<hr data-start=\"7977\" data-end=\"7980\" \/>\n<h3 data-start=\"7982\" data-end=\"8017\"><strong data-start=\"7986\" data-end=\"8015\">Algengar spurningar (FAQ)<\/strong><\/h3>\n<p data-start=\"8019\" data-end=\"8189\"><strong data-start=\"8019\" data-end=\"8058\">1. Hva\u00f0 inniheldur RC+ Newphoria \u00feynnupakkninguna?<\/strong><br data-start=\"8058\" data-end=\"8061\" \/>Hver \u00feynna inniheldur <strong data-start=\"8080\" data-end=\"8104\">10 ranns\u00f3knark\u00falur<\/strong> me\u00f0 bl\u00f6ndu af <strong data-start=\"8128\" data-end=\"8146\">2-FEA og 3-FEA<\/strong>, eing\u00f6ngu til ranns\u00f3knarstofupr\u00f3fana.<\/p>\n<p data-start=\"8191\" data-end=\"8345\"><strong data-start=\"8191\" data-end=\"8239\">2. Hver er hreinleiki efnasambandanna?<\/strong><br data-start=\"8239\" data-end=\"8242\" \/>Birgirinn \u00e1byrgist a <strong data-start=\"8272\" data-end=\"8295\">hreinleiki \u226598%<\/strong>, sem tryggir \u00e1rei\u00f0anleika og samr\u00e6mi.<\/p>\n<p data-start=\"8347\" data-end=\"8559\"><strong data-start=\"8347\" data-end=\"8431\">3. Er h\u00e6gt a\u00f0 nota RC+ Newphoria \u00feynnuna fyrir menn e\u00f0a d\u00fdr?<\/strong><br data-start=\"8431\" data-end=\"8434\" \/>Nei \u2013 \u00feessi vara er <strong data-start=\"8455\" data-end=\"8504\">eing\u00f6ngu \u00e6tla\u00f0 til ranns\u00f3knar<\/strong> og <strong data-start=\"8508\" data-end=\"8556\">ekki til manneldis e\u00f0a d\u00fdraneyslu<\/strong>.<\/p>","protected":false},"excerpt":{"rendered":"<p><strong>CAS-n\u00famer<\/strong>: 1780004-19-4<br \/>\n<strong>Form\u00fala<\/strong>: C11H16FN<br \/>\n<strong>M\u00f3lmassi<\/strong>: 181,25 g\/m\u00f3l<br \/>\n<strong>Hreinleiki<\/strong>: \u226598%<\/p>","protected":false},"featured_media":21160,"comment_status":"closed","ping_status":"closed","template":"","meta":[],"product_brand":[82],"product_cat":[555],"product_tag":[757,755,753,756,326],"class_list":{"0":"post-24111","1":"product","2":"type-product","3":"status-publish","4":"has-post-thumbnail","6":"product_brand-research-chemical","7":"product_cat-b2b","8":"product_tag-2-3-fea-ervaringen","9":"product_tag-2-fea-3-fea","10":"product_tag-2-3-fea-pellets","11":"product_tag-2-3-fea","12":"product_tag-nl","14":"first","15":"instock","16":"taxable","17":"shipping-taxable","18":"purchasable","19":"product-type-variable"},"_links":{"self":[{"href":"https:\/\/onderzoekschemicals.com\/is\/wp-json\/wp\/v2\/product\/24111","targetHints":{"allow":["GET"]}}],"collection":[{"href":"https:\/\/onderzoekschemicals.com\/is\/wp-json\/wp\/v2\/product"}],"about":[{"href":"https:\/\/onderzoekschemicals.com\/is\/wp-json\/wp\/v2\/types\/product"}],"replies":[{"embeddable":true,"href":"https:\/\/onderzoekschemicals.com\/is\/wp-json\/wp\/v2\/comments?post=24111"}],"version-history":[{"count":4,"href":"https:\/\/onderzoekschemicals.com\/is\/wp-json\/wp\/v2\/product\/24111\/revisions"}],"predecessor-version":[{"id":27876,"href":"https:\/\/onderzoekschemicals.com\/is\/wp-json\/wp\/v2\/product\/24111\/revisions\/27876"}],"wp:featuredmedia":[{"embeddable":true,"href":"https:\/\/onderzoekschemicals.com\/is\/wp-json\/wp\/v2\/media\/21160"}],"wp:attachment":[{"href":"https:\/\/onderzoekschemicals.com\/is\/wp-json\/wp\/v2\/media?parent=24111"}],"wp:term":[{"taxonomy":"product_brand","embeddable":true,"href":"https:\/\/onderzoekschemicals.com\/is\/wp-json\/wp\/v2\/product_brand?post=24111"},{"taxonomy":"product_cat","embeddable":true,"href":"https:\/\/onderzoekschemicals.com\/is\/wp-json\/wp\/v2\/product_cat?post=24111"},{"taxonomy":"product_tag","embeddable":true,"href":"https:\/\/onderzoekschemicals.com\/is\/wp-json\/wp\/v2\/product_tag?post=24111"}],"curies":[{"name":"wp","href":"https:\/\/api.w.org\/{rel}","templated":true}]}}