{"id":24083,"date":"2025-04-13T17:41:00","date_gmt":"2025-04-13T17:41:00","guid":{"rendered":"https:\/\/onderzoekschemicals.com\/?post_type=product&#038;p=24083"},"modified":"2025-10-14T11:19:17","modified_gmt":"2025-10-14T11:19:17","slug":"stafraen-litil-vog","status":"publish","type":"product","link":"https:\/\/onderzoekschemicals.com\/is\/bud\/vog\/stafraen-litil-vog\/","title":{"rendered":"Fagleg stafr\u00e6n l\u00edtil vog \u2013 50 g x 0,001 g"},"content":{"rendered":"<h3 data-start=\"5323\" data-end=\"5342\"><strong data-start=\"5327\" data-end=\"5342\">Inngangur<\/strong><\/h3>\n<p data-start=\"5344\" data-end=\"5695\">Hinn <strong data-start=\"5347\" data-end=\"5404\">Fagleg stafr\u00e6n l\u00edtil vog \u2013 50 g x 0,001 g<\/strong> er <strong data-start=\"5412\" data-end=\"5447\">h\u00e1g\u00e6\u00f0a n\u00e1kv\u00e6mnisvog<\/strong>, hanna\u00f0 fyrir notendur sem <strong data-start=\"5479\" data-end=\"5516\">n\u00e1kv\u00e6mni og \u00e1rei\u00f0anleiki<\/strong> kr\u00f6fur. Me\u00f0 n\u00e1kv\u00e6mni upp \u00e1 <strong data-start=\"5545\" data-end=\"5573\">0,001 gramm (1 milligramm)<\/strong> \u00deessi litla vog er tilvalin fyrir <strong data-start=\"5610\" data-end=\"5692\">ranns\u00f3knarstofugreiningar, vigtun skartgripa, efnabl\u00f6ndur og \u00f6rsk\u00f6mmtun<\/strong>Stafr\u00e6n l\u00edtil vog<\/p>\n<p data-start=\"5697\" data-end=\"5861\">Kvar\u00f0inn sameinar <strong data-start=\"5722\" data-end=\"5754\">stafr\u00e6n n\u00e1kv\u00e6mni t\u00e6kni<\/strong> strax <strong data-start=\"5763\" data-end=\"5794\">nett og endingarg\u00f3\u00f0 h\u00f6nnun<\/strong>, sem gerir \u00fea\u00f0 fullkomi\u00f0 fyrir b\u00e6\u00f0i atvinnumenn og \u00e1hugamenn.<\/p>\n<hr data-start=\"5863\" data-end=\"5866\" \/>\n<h3 data-start=\"5868\" data-end=\"5899\"><strong data-start=\"5872\" data-end=\"5899\">Lykilatri\u00f0i<\/strong><\/h3>\n<ul data-start=\"5901\" data-end=\"6491\">\n<li data-start=\"5901\" data-end=\"5988\">\n<p data-start=\"5903\" data-end=\"5988\"><strong data-start=\"5903\" data-end=\"5926\">Mj\u00f6g n\u00e1kv\u00e6mt:<\/strong> M\u00e6la upp a\u00f0 <strong data-start=\"5936\" data-end=\"5947\">50 gr\u00f6mm<\/strong> me\u00f0 n\u00e1kv\u00e6mni upp \u00e1 <strong data-start=\"5969\" data-end=\"5985\">0,001 g (1 mg)<\/strong>.<\/p>\n<\/li>\n<li data-start=\"5989\" data-end=\"6081\">\n<p data-start=\"5991\" data-end=\"6081\"><strong data-start=\"5991\" data-end=\"6016\">Sk\u00fdr LCD skj\u00e1r:<\/strong> Uppl\u00fdstur skj\u00e1r fyrir au\u00f0velda lestur \u00ed \u00f6llum birtuskilyr\u00f0um.<\/p>\n<\/li>\n<li data-start=\"6082\" data-end=\"6173\">\n<p data-start=\"6084\" data-end=\"6173\"><strong data-start=\"6084\" data-end=\"6106\">Margar einingar:<\/strong> Sty\u00f0ur <strong data-start=\"6119\" data-end=\"6146\">g, mg, \u00fansur, \u00fansur, dwt, ct<\/strong> fyrir sveigjanlegar m\u00e6lingar.<\/p>\n<\/li>\n<li data-start=\"6174\" data-end=\"6251\">\n<p data-start=\"6176\" data-end=\"6251\"><strong data-start=\"6176\" data-end=\"6201\">Sam\u00fejappa\u00f0 og flytjanlegt:<\/strong> L\u00e9tt h\u00f6nnun, au\u00f0velt a\u00f0 bera.<\/p>\n<\/li>\n<li data-start=\"6252\" data-end=\"6322\">\n<p data-start=\"6254\" data-end=\"6322\"><strong data-start=\"6254\" data-end=\"6270\">Verndarlok:<\/strong> Verndar vigtunarfl\u00f6tinn gegn ryki og skemmdum.<\/p>\n<\/li>\n<li data-start=\"6323\" data-end=\"6410\">\n<p data-start=\"6325\" data-end=\"6410\"><strong data-start=\"6325\" data-end=\"6353\">Sj\u00e1lfvirk kv\u00f6r\u00f0un:<\/strong> Inniheldur kv\u00f6r\u00f0unarl\u00f3\u00f0 fyrir \u00e1framhaldandi n\u00e1kv\u00e6mni.<\/p>\n<\/li>\n<li data-start=\"6411\" data-end=\"6491\">\n<p data-start=\"6413\" data-end=\"6491\"><strong data-start=\"6413\" data-end=\"6431\">Orkusparandi:<\/strong> Sj\u00e1lfvirk sl\u00f6kkvunara\u00f0ger\u00f0 fyrir lengri endingu rafhl\u00f6\u00f0unnar.<\/p>\n<\/li>\n<\/ul>\n<hr data-start=\"6493\" data-end=\"6496\" \/>\n<h3 data-start=\"6498\" data-end=\"6515\"><strong data-start=\"6502\" data-end=\"6515\">Kostir<\/strong><\/h3>\n<ol data-start=\"6517\" data-end=\"6895\">\n<li data-start=\"6517\" data-end=\"6602\">\n<p data-start=\"6520\" data-end=\"6602\"><strong data-start=\"6520\" data-end=\"6544\">Mikil n\u00e1kv\u00e6mni:<\/strong> Tilvali\u00f0 fyrir ranns\u00f3knarstofur, skartgripi e\u00f0a f\u00edn efni.<\/p>\n<\/li>\n<li data-start=\"6603\" data-end=\"6677\">\n<p data-start=\"6606\" data-end=\"6677\"><strong data-start=\"6606\" data-end=\"6630\">Notendav\u00e6nt:<\/strong> Einfalt stj\u00f3rnbor\u00f0 me\u00f0 tveimur hn\u00f6ppum.<\/p>\n<\/li>\n<li data-start=\"6678\" data-end=\"6756\">\n<p data-start=\"6681\" data-end=\"6756\"><strong data-start=\"6681\" data-end=\"6696\">Fj\u00f6lh\u00e6fur:<\/strong> Hentar v\u00edsindam\u00f6nnum, nemendum og fagf\u00f3lki.<\/p>\n<\/li>\n<li data-start=\"6757\" data-end=\"6840\">\n<p data-start=\"6760\" data-end=\"6840\"><strong data-start=\"6760\" data-end=\"6781\">Sj\u00e1lfb\u00e6r h\u00f6nnun:<\/strong> Vogarpallur \u00far ry\u00f0fr\u00edu st\u00e1li til langt\u00edmanotkunar.<\/p>\n<\/li>\n<li data-start=\"6841\" data-end=\"6895\">\n<p data-start=\"6844\" data-end=\"6895\"><strong data-start=\"6844\" data-end=\"6858\">Flytjanlegur:<\/strong> N\u00e1kv\u00e6mni sem passar \u00ed vasann \u00feinn.<\/p>\n<\/li>\n<\/ol>\n<hr data-start=\"6897\" data-end=\"6900\" \/>\n<h3 data-start=\"6902\" data-end=\"6928\"><strong data-start=\"6906\" data-end=\"6928\">Lei\u00f0beiningar um notkun<\/strong><\/h3>\n<ol data-start=\"6930\" data-end=\"7205\">\n<li data-start=\"6930\" data-end=\"6985\">\n<p data-start=\"6933\" data-end=\"6985\"><strong data-start=\"6933\" data-end=\"6957\">Settu vogina<\/strong> \u00e1 sl\u00e9ttu yfirbor\u00f0i.<\/p>\n<\/li>\n<li data-start=\"6986\" data-end=\"7038\">\n<p data-start=\"6989\" data-end=\"7038\"><strong data-start=\"6989\" data-end=\"7016\">\u00ddttu \u00e1 rofann<\/strong> til a\u00f0 virkja.<\/p>\n<\/li>\n<li data-start=\"7039\" data-end=\"7096\">\n<p data-start=\"7042\" data-end=\"7096\"><strong data-start=\"7042\" data-end=\"7069\">B\u00edddu eftir kv\u00f6r\u00f0un<\/strong> er loki\u00f0 sj\u00e1lfkrafa.<\/p>\n<\/li>\n<li data-start=\"7097\" data-end=\"7149\">\n<p data-start=\"7100\" data-end=\"7149\"><strong data-start=\"7100\" data-end=\"7130\">Setji\u00f0 hlutinn sem \u00e1 a\u00f0 vigta<\/strong> \u00e1 pallinum.<\/p>\n<\/li>\n<li data-start=\"7150\" data-end=\"7205\">\n<p data-start=\"7153\" data-end=\"7205\"><strong data-start=\"7153\" data-end=\"7175\">Lesi\u00f0 ni\u00f0urst\u00f6\u00f0una<\/strong> sl\u00f6kkt \u00e1 uppl\u00fdsta skj\u00e1num.<\/p>\n<\/li>\n<\/ol>\n<p data-start=\"7207\" data-end=\"7322\">\ud83d\udca1 <strong data-start=\"7210\" data-end=\"7218\">\u00c1bending:<\/strong> Kv\u00f6r\u00f0i\u00f0 reglulega til a\u00f0 vi\u00f0halda h\u00e1marks n\u00e1kv\u00e6mni, s\u00e9rstaklega fyrir efna- e\u00f0a greiningarnotkun.<\/p>\n<hr data-start=\"7324\" data-end=\"7327\" \/>\n<h3 data-start=\"7329\" data-end=\"7361\"><strong data-start=\"7333\" data-end=\"7361\">T\u00e6knilegar uppl\u00fdsingar<\/strong><\/h3>\n<div class=\"_tableContainer_1rjym_1\">\n<div class=\"group _tableWrapper_1rjym_13 flex w-fit flex-col-reverse\" tabindex=\"-1\">\n<table class=\"w-fit min-w-(--thread-content-width)\" data-start=\"7363\" data-end=\"7824\">\n<thead data-start=\"7363\" data-end=\"7397\">\n<tr data-start=\"7363\" data-end=\"7397\">\n<th data-start=\"7363\" data-end=\"7382\" data-col-size=\"sm\"><strong data-start=\"7365\" data-end=\"7381\">Uppl\u00fdsingar<\/strong><\/th>\n<th data-start=\"7382\" data-end=\"7397\" data-col-size=\"sm\"><strong data-start=\"7384\" data-end=\"7395\">N\u00e1nari uppl\u00fdsingar<\/strong><\/th>\n<\/tr>\n<\/thead>\n<tbody data-start=\"7434\" data-end=\"7824\">\n<tr data-start=\"7434\" data-end=\"7471\">\n<td data-start=\"7434\" data-end=\"7460\" data-col-size=\"sm\"><strong data-start=\"7436\" data-end=\"7459\">H\u00e1marksgeta<\/strong><\/td>\n<td data-start=\"7460\" data-end=\"7471\" data-col-size=\"sm\">50 gr\u00f6mm<\/td>\n<\/tr>\n<tr data-start=\"7472\" data-end=\"7520\">\n<td data-start=\"7472\" data-end=\"7504\" data-col-size=\"sm\"><strong data-start=\"7474\" data-end=\"7503\">N\u00e1kv\u00e6mni \/ Lesanleiki<\/strong><\/td>\n<td data-col-size=\"sm\" data-start=\"7504\" data-end=\"7520\">0,001 g (1 mg)<\/td>\n<\/tr>\n<tr data-start=\"7521\" data-end=\"7563\">\n<td data-start=\"7521\" data-end=\"7536\" data-col-size=\"sm\"><strong data-start=\"7523\" data-end=\"7535\">Einingar<\/strong><\/td>\n<td data-col-size=\"sm\" data-start=\"7536\" data-end=\"7563\">g, mg, \u00fansur, \u00fansur, dwt, ct<\/td>\n<\/tr>\n<tr data-start=\"7564\" data-end=\"7598\">\n<td data-start=\"7564\" data-end=\"7582\" data-col-size=\"sm\"><strong data-start=\"7566\" data-end=\"7581\">Tegund skj\u00e1s<\/strong><\/td>\n<td data-col-size=\"sm\" data-start=\"7582\" data-end=\"7598\">Uppl\u00fdstur LCD-skj\u00e1r<\/td>\n<\/tr>\n<tr data-start=\"7599\" data-end=\"7635\">\n<td data-start=\"7599\" data-end=\"7613\" data-col-size=\"sm\"><strong data-start=\"7601\" data-end=\"7612\">Aflgjafi<\/strong><\/td>\n<td data-start=\"7613\" data-end=\"7635\" data-col-size=\"sm\">2 \u00d7 AAA rafhl\u00f6\u00f0ur<\/td>\n<\/tr>\n<tr data-start=\"7636\" data-end=\"7679\">\n<td data-start=\"7636\" data-end=\"7660\" data-col-size=\"sm\"><strong data-start=\"7638\" data-end=\"7659\">Efni \u00e1 pallinum<\/strong><\/td>\n<td data-col-size=\"sm\" data-start=\"7660\" data-end=\"7679\">Ry\u00f0fr\u00edtt st\u00e1l<\/td>\n<\/tr>\n<tr data-start=\"7680\" data-end=\"7719\">\n<td data-start=\"7680\" data-end=\"7713\" data-col-size=\"sm\"><strong data-start=\"7682\" data-end=\"7712\">Sj\u00e1lfvirk sl\u00f6kkvun<\/strong><\/td>\n<td data-col-size=\"sm\" data-start=\"7713\" data-end=\"7719\">J\u00e1<\/td>\n<\/tr>\n<tr data-start=\"7720\" data-end=\"7764\">\n<td data-start=\"7720\" data-end=\"7737\" data-col-size=\"sm\"><strong data-start=\"7722\" data-end=\"7736\">Kv\u00f6r\u00f0un<\/strong><\/td>\n<td data-col-size=\"sm\" data-start=\"7737\" data-end=\"7764\">Handvirkt og sj\u00e1lfvirkt<\/td>\n<\/tr>\n<tr data-start=\"7765\" data-end=\"7800\">\n<td data-start=\"7765\" data-end=\"7782\" data-col-size=\"sm\"><strong data-start=\"7767\" data-end=\"7781\">St\u00e6r\u00f0ir<\/strong><\/td>\n<td data-start=\"7782\" data-end=\"7800\" data-col-size=\"sm\">\u00b112 \u00d7 6 \u00d7 2 cm<\/td>\n<\/tr>\n<tr data-start=\"7801\" data-end=\"7824\">\n<td data-start=\"7801\" data-end=\"7815\" data-col-size=\"sm\"><strong data-start=\"7803\" data-end=\"7814\">\u00deyngd<\/strong><\/td>\n<td data-col-size=\"sm\" data-start=\"7815\" data-end=\"7824\">\u00b1150 g<\/td>\n<\/tr>\n<\/tbody>\n<\/table>\n<\/div>\n<\/div>\n<hr data-start=\"7826\" data-end=\"7829\" \/>\n<h3 data-start=\"7831\" data-end=\"7866\"><strong data-start=\"7835\" data-end=\"7866\">Algengar spurningar (FAQs)<\/strong><\/h3>\n<p data-start=\"7868\" data-end=\"8004\"><strong data-start=\"7868\" data-end=\"7923\">1. Hver er h\u00e1marksgeta vogarinnar?<\/strong><br data-start=\"7923\" data-end=\"7926\" \/>Kvar\u00f0inn getur m\u00e6lt allt a\u00f0 <strong data-start=\"7948\" data-end=\"7959\">50 gr\u00f6mm<\/strong> m\u00e6la me\u00f0 n\u00e1kv\u00e6mni upp \u00e1 <strong data-start=\"7987\" data-end=\"8001\">0,001 gramm<\/strong>Stafr\u00e6n l\u00edtil vog<\/p>\n<p data-start=\"8006\" data-end=\"8149\"><strong data-start=\"8006\" data-end=\"8066\">2. Hentar \u00feessi vog til notkunar \u00e1 ranns\u00f3knarstofu?<\/strong><br data-start=\"8066\" data-end=\"8069\" \/>J\u00e1, fullkomi\u00f0 fyrir <strong data-start=\"8086\" data-end=\"8146\">ranns\u00f3knarstofur, menntastofnanir og efnagreiningar<\/strong>.<\/p>\n<p data-start=\"8151\" data-end=\"8269\"><strong data-start=\"8151\" data-end=\"8186\">3. Hversu oft \u00e6tti \u00e9g a\u00f0 kvar\u00f0a?<\/strong><br data-start=\"8186\" data-end=\"8189\" \/>Kv\u00f6r\u00f0un er nau\u00f0synleg fyrir \u00e1rei\u00f0anlegar m\u00e6lingar <strong data-start=\"8232\" data-end=\"8255\">einu sinni \u00e1 nokkurra vikna fresti<\/strong> m\u00e6lt me\u00f0.<\/p>\n<hr data-start=\"8271\" data-end=\"8274\" \/>\n<h3 data-start=\"8276\" data-end=\"8293\"><strong data-start=\"8280\" data-end=\"8293\">Ni\u00f0ursta\u00f0a<\/strong><\/h3>\n<p data-start=\"8295\" data-end=\"8566\">Hinn <strong data-start=\"8298\" data-end=\"8355\">Fagleg stafr\u00e6n l\u00edtil vog \u2013 50 g x 0,001 g<\/strong> sameinar <strong data-start=\"8367\" data-end=\"8417\">n\u00e1kv\u00e6mni, flytjanleiki og au\u00f0veld notkun<\/strong>Hvort sem \u00fe\u00fa vinnur \u00ed ranns\u00f3knarstofu, b\u00fdr\u00f0 til skartgripi e\u00f0a tekur \u00f6rm\u00e6lingar, \u00fe\u00e1 skilar \u00feessi stafr\u00e6na vog... <strong data-start=\"8530\" data-end=\"8563\">alltaf \u00e1rei\u00f0anlegar ni\u00f0urst\u00f6\u00f0ur<\/strong>.<\/p>","protected":false},"excerpt":{"rendered":"<p><strong>Uppl\u00fdsingar:<\/strong><\/p>\n<ul>\n<li>Stafr\u00e6nt<\/li>\n<li>Vegur fr\u00e1 0,001 g<\/li>\n<li>Vegur a\u00f0 h\u00e1marki 50 g<\/li>\n<li>Virkar me\u00f0: 2x AAA rafhl\u00f6\u00f0um<\/li>\n<li>LCD skj\u00e1r<\/li>\n<li>Litur: svartur<\/li>\n<\/ul>","protected":false},"featured_media":21116,"comment_status":"closed","ping_status":"closed","template":"","meta":[],"product_brand":[],"product_cat":[451],"product_tag":[452,764,767,847,765,766,768],"class_list":{"0":"post-24083","1":"product","2":"type-product","3":"status-publish","4":"has-post-thumbnail","6":"product_cat-weegschalen","7":"product_tag-de","8":"product_tag-digitale-cs-weegschaal","9":"product_tag-digitale-microweegschaal","10":"product_tag-digitale-mini-weegschaal","11":"product_tag-milligramweegschaal","12":"product_tag-precise-weegschaal-0-001g","13":"product_tag-weegschaal-voor-research-chemicals","15":"first","16":"instock","17":"taxable","18":"shipping-taxable","19":"purchasable","20":"product-type-simple"},"_links":{"self":[{"href":"https:\/\/onderzoekschemicals.com\/is\/wp-json\/wp\/v2\/product\/24083","targetHints":{"allow":["GET"]}}],"collection":[{"href":"https:\/\/onderzoekschemicals.com\/is\/wp-json\/wp\/v2\/product"}],"about":[{"href":"https:\/\/onderzoekschemicals.com\/is\/wp-json\/wp\/v2\/types\/product"}],"replies":[{"embeddable":true,"href":"https:\/\/onderzoekschemicals.com\/is\/wp-json\/wp\/v2\/comments?post=24083"}],"version-history":[{"count":5,"href":"https:\/\/onderzoekschemicals.com\/is\/wp-json\/wp\/v2\/product\/24083\/revisions"}],"predecessor-version":[{"id":27885,"href":"https:\/\/onderzoekschemicals.com\/is\/wp-json\/wp\/v2\/product\/24083\/revisions\/27885"}],"wp:featuredmedia":[{"embeddable":true,"href":"https:\/\/onderzoekschemicals.com\/is\/wp-json\/wp\/v2\/media\/21116"}],"wp:attachment":[{"href":"https:\/\/onderzoekschemicals.com\/is\/wp-json\/wp\/v2\/media?parent=24083"}],"wp:term":[{"taxonomy":"product_brand","embeddable":true,"href":"https:\/\/onderzoekschemicals.com\/is\/wp-json\/wp\/v2\/product_brand?post=24083"},{"taxonomy":"product_cat","embeddable":true,"href":"https:\/\/onderzoekschemicals.com\/is\/wp-json\/wp\/v2\/product_cat?post=24083"},{"taxonomy":"product_tag","embeddable":true,"href":"https:\/\/onderzoekschemicals.com\/is\/wp-json\/wp\/v2\/product_tag?post=24083"}],"curies":[{"name":"wp","href":"https:\/\/api.w.org\/{rel}","templated":true}]}}