{"id":24075,"date":"2025-04-13T17:41:00","date_gmt":"2025-04-13T17:41:00","guid":{"rendered":"https:\/\/onderzoekschemicals.com\/?post_type=product&#038;p=24075"},"modified":"2025-11-28T07:06:12","modified_gmt":"2025-11-28T07:06:12","slug":"1dlsd-150mcg-blotters","status":"publish","type":"product","link":"https:\/\/onderzoekschemicals.com\/is\/shop\/1d-lsd-225mcg-pellets\/1dlsd-150mcg-blotters\/","title":{"rendered":"1D-LSD 150mcg \u00feynnur"},"content":{"rendered":"<h3 data-start=\"5286\" data-end=\"5305\"><strong data-start=\"5290\" data-end=\"5305\"><span dir=\"auto\" style=\"vertical-align: inherit;\"><span dir=\"auto\" style=\"vertical-align: inherit;\">Inngangur<\/span><\/span><\/strong><\/h3>\n<p data-start=\"5307\" data-end=\"5613\"><strong data-start=\"5307\" data-end=\"5333\"><span dir=\"auto\" style=\"vertical-align: inherit;\"><span dir=\"auto\" style=\"vertical-align: inherit;\">1D-LSD 150mcg \u00feynnur<\/span><\/span><\/strong><span dir=\"auto\" style=\"vertical-align: inherit;\"><span dir=\"auto\" style=\"vertical-align: inherit;\"> eru <\/span><\/span><strong data-start=\"5339\" data-end=\"5386\"><span dir=\"auto\" style=\"vertical-align: inherit;\"><span dir=\"auto\" style=\"vertical-align: inherit;\">ranns\u00f3knarefni sem eru notu\u00f0 \u00ed ranns\u00f3knarstofu<\/span><\/span><\/strong><span dir=\"auto\" style=\"vertical-align: inherit;\"><span dir=\"auto\" style=\"vertical-align: inherit;\"> \u00e6tla\u00f0 fyrir <\/span><\/span><strong data-start=\"5401\" data-end=\"5445\"><span dir=\"auto\" style=\"vertical-align: inherit;\"><span dir=\"auto\" style=\"vertical-align: inherit;\">v\u00edsindalegar og greiningarranns\u00f3knir<\/span><\/span><\/strong><span dir=\"auto\" style=\"vertical-align: inherit;\"><span dir=\"auto\" style=\"vertical-align: inherit;\"> Hver blettapapp\u00edr inniheldur <\/span><\/span><strong data-start=\"5466\" data-end=\"5534\"><span dir=\"auto\" style=\"vertical-align: inherit;\"><span dir=\"auto\" style=\"vertical-align: inherit;\">150 m\u00edkr\u00f3gr\u00f6mm af 1D-LSD (1-d\u00edet\u00fdlam\u00ed\u00f0-l\u00fdserg\u00edns\u00fdrud\u00edet\u00fdlam\u00ed\u00f0i)<\/span><\/span><\/strong><span dir=\"auto\" style=\"vertical-align: inherit;\"><span dir=\"auto\" style=\"vertical-align: inherit;\"> , vandlega samsett fyrir <\/span><\/span><strong data-start=\"5565\" data-end=\"5610\"><span dir=\"auto\" style=\"vertical-align: inherit;\"><span dir=\"auto\" style=\"vertical-align: inherit;\">n\u00e1kv\u00e6mni, hreinleiki og st\u00f6\u00f0ugleiki<\/span><\/span><\/strong><span dir=\"auto\" style=\"vertical-align: inherit;\"><span dir=\"auto\" style=\"vertical-align: inherit;\"> . 1 dlsd<\/span><\/span><\/p>\n<p data-start=\"5615\" data-end=\"5824\"><span dir=\"auto\" style=\"vertical-align: inherit;\"><span dir=\"auto\" style=\"vertical-align: inherit;\">\u00deessir blettapapp\u00edrar eru framleiddir undir str\u00f6ngu g\u00e6\u00f0aeftirliti og eftirliti. <\/span><\/span><strong data-start=\"5692\" data-end=\"5731\"><span dir=\"auto\" style=\"vertical-align: inherit;\"><span dir=\"auto\" style=\"vertical-align: inherit;\">samr\u00e6mdar og \u00e1rei\u00f0anlegar ni\u00f0urst\u00f6\u00f0ur<\/span><\/span><\/strong><span dir=\"auto\" style=\"vertical-align: inherit;\"><span dir=\"auto\" style=\"vertical-align: inherit;\"> fyrir v\u00edsindamenn sem eru a\u00f0 l\u00e6ra <\/span><\/span><strong data-start=\"5754\" data-end=\"5778\"><span dir=\"auto\" style=\"vertical-align: inherit;\"><span dir=\"auto\" style=\"vertical-align: inherit;\">l\u00fdsergam\u00ed\u00f0 hli\u00f0st\u00e6\u00f0ur<\/span><\/span><\/strong><span dir=\"auto\" style=\"vertical-align: inherit;\"><span dir=\"auto\" style=\"vertical-align: inherit;\"> e\u00f0a framkv\u00e6ma efnagreiningar.<\/span><\/span><\/p>\n<blockquote data-start=\"5826\" data-end=\"5957\">\n<p data-start=\"5828\" data-end=\"5957\">\u26a0\ufe0f <strong data-start=\"5831\" data-end=\"5842\"><span dir=\"auto\" style=\"vertical-align: inherit;\"><span dir=\"auto\" style=\"vertical-align: inherit;\">Vinsamlegast athugi\u00f0:<\/span><\/span><\/strong><span dir=\"auto\" style=\"vertical-align: inherit;\"><span dir=\"auto\" style=\"vertical-align: inherit;\"> \u00deessi vara er \u00e6tlu\u00f0 fyrir <\/span><\/span><strong data-start=\"5883\" data-end=\"5908\"><span dir=\"auto\" style=\"vertical-align: inherit;\"><span dir=\"auto\" style=\"vertical-align: inherit;\">ranns\u00f3knarstofupr\u00f3fanir<\/span><\/span><\/strong><span dir=\"auto\" style=\"vertical-align: inherit;\"><span dir=\"auto\" style=\"vertical-align: inherit;\"> a\u00f0eins og <\/span><\/span><strong data-start=\"5912\" data-end=\"5956\"><span dir=\"auto\" style=\"vertical-align: inherit;\"><span dir=\"auto\" style=\"vertical-align: inherit;\">er ekki h\u00e6ft til manneldis<\/span><\/span><\/strong><span dir=\"auto\" style=\"vertical-align: inherit;\"><span dir=\"auto\" style=\"vertical-align: inherit;\"> .<\/span><\/span><\/p>\n<\/blockquote>\n<hr data-start=\"5959\" data-end=\"5962\" \/>\n<h3 data-start=\"5964\" data-end=\"5995\"><strong data-start=\"5968\" data-end=\"5995\"><span dir=\"auto\" style=\"vertical-align: inherit;\"><span dir=\"auto\" style=\"vertical-align: inherit;\">Lykilatri\u00f0i<\/span><\/span><\/strong><\/h3>\n<ul data-start=\"5997\" data-end=\"6539\">\n<li data-start=\"5997\" data-end=\"6086\">\n<p data-start=\"5999\" data-end=\"6086\"><strong data-start=\"5999\" data-end=\"6030\"><span dir=\"auto\" style=\"vertical-align: inherit;\"><span dir=\"auto\" style=\"vertical-align: inherit;\">N\u00e1kv\u00e6mur skammtur af 150 m\u00edkr\u00f3gr\u00f6mm:<\/span><\/span><\/strong><span dir=\"auto\" style=\"vertical-align: inherit;\"><span dir=\"auto\" style=\"vertical-align: inherit;\"> Fyrir samr\u00e6mdar og \u00e1rei\u00f0anlegar ranns\u00f3knarni\u00f0urst\u00f6\u00f0ur.<\/span><\/span><\/p>\n<\/li>\n<li data-start=\"6087\" data-end=\"6190\">\n<p data-start=\"6089\" data-end=\"6190\"><strong data-start=\"6089\" data-end=\"6114\"><span dir=\"auto\" style=\"vertical-align: inherit;\"><span dir=\"auto\" style=\"vertical-align: inherit;\">Ranns\u00f3knarhreinleiki:<\/span><\/span><\/strong><span dir=\"auto\" style=\"vertical-align: inherit;\"><span dir=\"auto\" style=\"vertical-align: inherit;\"> Framleitt samkv\u00e6mt ranns\u00f3knarstofust\u00f6\u00f0lum me\u00f0 hreinleika \u226599%.<\/span><\/span><\/p>\n<\/li>\n<li data-start=\"6191\" data-end=\"6271\">\n<p data-start=\"6193\" data-end=\"6271\"><strong data-start=\"6193\" data-end=\"6219\"><span dir=\"auto\" style=\"vertical-align: inherit;\"><span dir=\"auto\" style=\"vertical-align: inherit;\">Efnafr\u00e6\u00f0ilegur st\u00f6\u00f0ugleiki:<\/span><\/span><\/strong><span dir=\"auto\" style=\"vertical-align: inherit;\"><span dir=\"auto\" style=\"vertical-align: inherit;\"> Heldur \u00e1fram \u00f6flugu og \u00e1hrifar\u00edku efni \u00feegar \u00fea\u00f0 er geymt r\u00e9tt.<\/span><\/span><\/p>\n<\/li>\n<li data-start=\"6272\" data-end=\"6365\">\n<p data-start=\"6274\" data-end=\"6365\"><strong data-start=\"6274\" data-end=\"6298\"><span dir=\"auto\" style=\"vertical-align: inherit;\"><span dir=\"auto\" style=\"vertical-align: inherit;\">\u00de\u00e6gilegt sni\u00f0 fyrir blettapapp\u00edr:<\/span><\/span><\/strong><span dir=\"auto\" style=\"vertical-align: inherit;\"><span dir=\"auto\" style=\"vertical-align: inherit;\"> Au\u00f0velt a\u00f0 m\u00e6la og me\u00f0h\u00f6ndla \u00ed ranns\u00f3knarstofu.<\/span><\/span><\/p>\n<\/li>\n<li data-start=\"6366\" data-end=\"6449\">\n<p data-start=\"6368\" data-end=\"6449\"><strong data-start=\"6368\" data-end=\"6385\"><span dir=\"auto\" style=\"vertical-align: inherit;\"><span dir=\"auto\" style=\"vertical-align: inherit;\">Pr\u00f3fa\u00f0 \u00ed lotu:<\/span><\/span><\/strong><span dir=\"auto\" style=\"vertical-align: inherit;\"><span dir=\"auto\" style=\"vertical-align: inherit;\"> Hver lota er sko\u00f0u\u00f0 me\u00f0 tilliti til hreinleika og samr\u00e6mis.<\/span><\/span><\/p>\n<\/li>\n<li data-start=\"6450\" data-end=\"6539\">\n<p data-start=\"6452\" data-end=\"6539\"><strong data-start=\"6452\" data-end=\"6475\"><span dir=\"auto\" style=\"vertical-align: inherit;\"><span dir=\"auto\" style=\"vertical-align: inherit;\">\u00d6rugg umb\u00fa\u00f0ir:<\/span><\/span><\/strong><span dir=\"auto\" style=\"vertical-align: inherit;\"><span dir=\"auto\" style=\"vertical-align: inherit;\"> Innsigla\u00f0 og raka\u00feoli\u00f0 fyrir bestu m\u00f6gulegu heilleika v\u00f6runnar.<\/span><\/span><\/p>\n<\/li>\n<\/ul>\n<hr data-start=\"6541\" data-end=\"6544\" \/>\n<h3 data-start=\"6546\" data-end=\"6563\"><strong data-start=\"6550\" data-end=\"6563\"><span dir=\"auto\" style=\"vertical-align: inherit;\"><span dir=\"auto\" style=\"vertical-align: inherit;\">Kostir<\/span><\/span><\/strong><\/h3>\n<ol data-start=\"6565\" data-end=\"6986\">\n<li data-start=\"6565\" data-end=\"6654\">\n<p data-start=\"6568\" data-end=\"6654\"><strong data-start=\"6568\" data-end=\"6603\"><span dir=\"auto\" style=\"vertical-align: inherit;\"><span dir=\"auto\" style=\"vertical-align: inherit;\">Samr\u00e6mdar ranns\u00f3knarni\u00f0urst\u00f6\u00f0ur:<\/span><\/span><\/strong><span dir=\"auto\" style=\"vertical-align: inherit;\"><span dir=\"auto\" style=\"vertical-align: inherit;\"> \u00c1rei\u00f0anleg frammista\u00f0a \u00ed greiningarranns\u00f3knum.<\/span><\/span><\/p>\n<\/li>\n<li data-start=\"6655\" data-end=\"6738\">\n<p data-start=\"6658\" data-end=\"6738\"><strong data-start=\"6658\" data-end=\"6683\"><span dir=\"auto\" style=\"vertical-align: inherit;\"><span dir=\"auto\" style=\"vertical-align: inherit;\">Au\u00f0velt \u00ed notkun:<\/span><\/span><\/strong><span dir=\"auto\" style=\"vertical-align: inherit;\"><span dir=\"auto\" style=\"vertical-align: inherit;\"> L\u00f6gun \u00feynnunnar dregur \u00far snertingu og mengunarh\u00e6ttu.<\/span><\/span><\/p>\n<\/li>\n<li data-start=\"6739\" data-end=\"6815\">\n<p data-start=\"6742\" data-end=\"6815\"><strong data-start=\"6742\" data-end=\"6766\"><span dir=\"auto\" style=\"vertical-align: inherit;\"><span dir=\"auto\" style=\"vertical-align: inherit;\">Mikil n\u00e1kv\u00e6mni:<\/span><\/span><\/strong><span dir=\"auto\" style=\"vertical-align: inherit;\"><span dir=\"auto\" style=\"vertical-align: inherit;\"> Tilvali\u00f0 fyrir efna- og byggingargreiningar. 1 dlsd<\/span><\/span><\/p>\n<\/li>\n<li data-start=\"6816\" data-end=\"6894\">\n<p data-start=\"6819\" data-end=\"6894\"><strong data-start=\"6819\" data-end=\"6846\"><span dir=\"auto\" style=\"vertical-align: inherit;\"><span dir=\"auto\" style=\"vertical-align: inherit;\">Langt\u00edmast\u00f6\u00f0ugleiki:<\/span><\/span><\/strong><span dir=\"auto\" style=\"vertical-align: inherit;\"><span dir=\"auto\" style=\"vertical-align: inherit;\"> Hentar vel fyrir langt\u00edma ranns\u00f3knarverkefni.<\/span><\/span><\/p>\n<\/li>\n<li data-start=\"6895\" data-end=\"6986\">\n<p data-start=\"6898\" data-end=\"6986\"><strong data-start=\"6898\" data-end=\"6924\"><span dir=\"auto\" style=\"vertical-align: inherit;\"><span dir=\"auto\" style=\"vertical-align: inherit;\">\u00c1rei\u00f0anleg g\u00e6\u00f0i:<\/span><\/span><\/strong><span dir=\"auto\" style=\"vertical-align: inherit;\"><span dir=\"auto\" style=\"vertical-align: inherit;\"> Framleitt samkv\u00e6mt GLP (g\u00f3\u00f0um ranns\u00f3knarstofuh\u00e1ttum).<\/span><\/span><\/p>\n<\/li>\n<\/ol>\n<hr data-start=\"6988\" data-end=\"6991\" \/>\n<h3 data-start=\"6993\" data-end=\"7032\"><strong data-start=\"6997\" data-end=\"7032\"><span dir=\"auto\" style=\"vertical-align: inherit;\"><span dir=\"auto\" style=\"vertical-align: inherit;\">Notkun (eing\u00f6ngu til ranns\u00f3kna)<\/span><\/span><\/strong><\/h3>\n<ol data-start=\"7034\" data-end=\"7419\">\n<li data-start=\"7034\" data-end=\"7116\">\n<p data-start=\"7037\" data-end=\"7116\"><strong data-start=\"7037\" data-end=\"7067\"><span dir=\"auto\" style=\"vertical-align: inherit;\"><span dir=\"auto\" style=\"vertical-align: inherit;\">Noti\u00f0 hl\u00edf\u00f0arfatna\u00f0<\/span><\/span><\/strong><span dir=\"auto\" style=\"vertical-align: inherit;\"><span dir=\"auto\" style=\"vertical-align: inherit;\"> eins og hanskar, \u00f6ryggisgleraugu og ranns\u00f3knarstofuslopp.<\/span><\/span><\/p>\n<\/li>\n<li data-start=\"7117\" data-end=\"7206\">\n<p data-start=\"7120\" data-end=\"7206\"><strong data-start=\"7120\" data-end=\"7153\"><span dir=\"auto\" style=\"vertical-align: inherit;\"><span dir=\"auto\" style=\"vertical-align: inherit;\">Noti\u00f0 s\u00f3tthreinsu\u00f0 t\u00e6ki<\/span><\/span><\/strong><span dir=\"auto\" style=\"vertical-align: inherit;\"><span dir=\"auto\" style=\"vertical-align: inherit;\"> til a\u00f0 fjarl\u00e6gja og m\u00e6la bletti n\u00e1kv\u00e6mlega.<\/span><\/span><\/p>\n<\/li>\n<li data-start=\"7207\" data-end=\"7278\">\n<p data-start=\"7210\" data-end=\"7278\"><strong data-start=\"7210\" data-end=\"7225\"><span dir=\"auto\" style=\"vertical-align: inherit;\"><span dir=\"auto\" style=\"vertical-align: inherit;\">Skjal<\/span><\/span><\/strong><span dir=\"auto\" style=\"vertical-align: inherit;\"><span dir=\"auto\" style=\"vertical-align: inherit;\"> fj\u00f6ldi bletta sem nota\u00f0ir voru \u00ed hverri tilraun.<\/span><\/span><\/p>\n<\/li>\n<li data-start=\"7279\" data-end=\"7355\">\n<p data-start=\"7282\" data-end=\"7355\"><strong data-start=\"7282\" data-end=\"7292\"><span dir=\"auto\" style=\"vertical-align: inherit;\"><span dir=\"auto\" style=\"vertical-align: inherit;\">Verslun<\/span><\/span><\/strong><span dir=\"auto\" style=\"vertical-align: inherit;\"><span dir=\"auto\" style=\"vertical-align: inherit;\"> Geymi\u00f0 afgangs\u00feurrkur \u00e1 k\u00f6ldum, \u00feurrum og dimmum sta\u00f0.<\/span><\/span><\/p>\n<\/li>\n<li data-start=\"7356\" data-end=\"7419\">\n<p data-start=\"7359\" data-end=\"7419\"><strong data-start=\"7359\" data-end=\"7378\"><span dir=\"auto\" style=\"vertical-align: inherit;\"><span dir=\"auto\" style=\"vertical-align: inherit;\">Farga \u00fargangi<\/span><\/span><\/strong><span dir=\"auto\" style=\"vertical-align: inherit;\"><span dir=\"auto\" style=\"vertical-align: inherit;\"> \u00ed samr\u00e6mi vi\u00f0 \u00f6ryggislei\u00f0beiningar \u00e1 sta\u00f0num.<\/span><\/span><\/p>\n<\/li>\n<\/ol>\n<blockquote data-start=\"7421\" data-end=\"7526\">\n<p data-start=\"7423\" data-end=\"7526\">\u26a0\ufe0f <strong data-start=\"7426\" data-end=\"7484\"><span dir=\"auto\" style=\"vertical-align: inherit;\"><span dir=\"auto\" style=\"vertical-align: inherit;\">Ekki hentugt til neyslu fyrir menn e\u00f0a d\u00fdr. <\/span><\/span><\/strong><strong data-start=\"7497\" data-end=\"7525\"><span dir=\"auto\" style=\"vertical-align: inherit;\"><span dir=\"auto\" style=\"vertical-align: inherit;\">v\u00edsindaleg notkun<\/span><\/span><\/strong><span dir=\"auto\" style=\"vertical-align: inherit;\"><span dir=\"auto\" style=\"vertical-align: inherit;\"> a\u00f0eins <\/span><span dir=\"auto\" style=\"vertical-align: inherit;\">.<\/span><\/span><\/p>\n<\/blockquote>\n<hr data-start=\"7528\" data-end=\"7531\" \/>\n<h3 data-start=\"7533\" data-end=\"7558\"><strong data-start=\"7537\" data-end=\"7558\"><span dir=\"auto\" style=\"vertical-align: inherit;\"><span dir=\"auto\" style=\"vertical-align: inherit;\">Geymslulei\u00f0beiningar<\/span><\/span><\/strong><\/h3>\n<ul data-start=\"7560\" data-end=\"7704\">\n<li data-start=\"7560\" data-end=\"7618\">\n<p data-start=\"7562\" data-end=\"7618\"><span dir=\"auto\" style=\"vertical-align: inherit;\"><span dir=\"auto\" style=\"vertical-align: inherit;\">Geymi\u00f0 \u00e1 <\/span><\/span><strong data-start=\"7573\" data-end=\"7582\"><span dir=\"auto\" style=\"vertical-align: inherit;\"><span dir=\"auto\" style=\"vertical-align: inherit;\">2\u20138\u00b0C<\/span><\/span><\/strong><span dir=\"auto\" style=\"vertical-align: inherit;\"><span dir=\"auto\" style=\"vertical-align: inherit;\"> , fjarri lj\u00f3si og raka.<\/span><\/span><\/p>\n<\/li>\n<li data-start=\"7619\" data-end=\"7662\">\n<p data-start=\"7621\" data-end=\"7662\"><span dir=\"auto\" style=\"vertical-align: inherit;\"><span dir=\"auto\" style=\"vertical-align: inherit;\">Geymi\u00f0 \u00edl\u00e1ti\u00f0 <\/span><\/span><strong data-start=\"7640\" data-end=\"7659\"><span dir=\"auto\" style=\"vertical-align: inherit;\"><span dir=\"auto\" style=\"vertical-align: inherit;\">\u00fe\u00e9tt loka\u00f0<\/span><\/span><\/strong><span dir=\"auto\" style=\"vertical-align: inherit;\"><span dir=\"auto\" style=\"vertical-align: inherit;\"> .<\/span><\/span><\/p>\n<\/li>\n<li data-start=\"7663\" data-end=\"7704\">\n<p data-start=\"7665\" data-end=\"7704\"><span dir=\"auto\" style=\"vertical-align: inherit;\"><span dir=\"auto\" style=\"vertical-align: inherit;\">Setji\u00f0 \u00fear sem \u00f3vi\u00f0komandi a\u00f0ilar n\u00e1 ekki til.<\/span><\/span><\/p>\n<\/li>\n<\/ul>\n<hr data-start=\"7706\" data-end=\"7709\" \/>\n<h3 data-start=\"7711\" data-end=\"7746\"><strong data-start=\"7715\" data-end=\"7746\"><span dir=\"auto\" style=\"vertical-align: inherit;\"><span dir=\"auto\" style=\"vertical-align: inherit;\">Algengar spurningar (FAQs)<\/span><\/span><\/strong><\/h3>\n<p data-start=\"7748\" data-end=\"7932\"><strong data-start=\"7748\" data-end=\"7803\"><span dir=\"auto\" style=\"vertical-align: inherit;\"><span dir=\"auto\" style=\"vertical-align: inherit;\">1. Til hvers eru 1D-LSD 150mcg \u00feynnur nota\u00f0ar?<\/span><\/span><\/strong><br data-start=\"7803\" data-end=\"7806\" \/><span dir=\"auto\" style=\"vertical-align: inherit;\"><span dir=\"auto\" style=\"vertical-align: inherit;\"> Fyrir <\/span><\/span><strong data-start=\"7811\" data-end=\"7855\"><span dir=\"auto\" style=\"vertical-align: inherit;\"><span dir=\"auto\" style=\"vertical-align: inherit;\">v\u00edsindalegar og greiningarranns\u00f3knir<\/span><\/span><\/strong><span dir=\"auto\" style=\"vertical-align: inherit;\"><span dir=\"auto\" style=\"vertical-align: inherit;\"> \u00e1 l\u00fdsergam\u00ed\u00f0 hli\u00f0st\u00e6\u00f0um vi\u00f0 st\u00fdr\u00f0ar ranns\u00f3knarstofua\u00f0st\u00e6\u00f0ur.<\/span><\/span><\/p>\n<p data-start=\"7934\" data-end=\"8100\"><strong data-start=\"7934\" data-end=\"7983\"><span dir=\"auto\" style=\"vertical-align: inherit;\"><span dir=\"auto\" style=\"vertical-align: inherit;\">2. Eru \u00feessir bletta\u00feurrkur \u00f6ruggir til neyslu?<\/span><\/span><\/strong><br data-start=\"7983\" data-end=\"7986\" \/><span dir=\"auto\" style=\"vertical-align: inherit;\"><span dir=\"auto\" style=\"vertical-align: inherit;\"> Nei. \u00deau eru <\/span><\/span><strong data-start=\"7999\" data-end=\"8049\"><span dir=\"auto\" style=\"vertical-align: inherit;\"><span dir=\"auto\" style=\"vertical-align: inherit;\">eing\u00f6ngu \u00e6tla\u00f0 til ranns\u00f3knarstofupr\u00f3fana<\/span><\/span><\/strong><span dir=\"auto\" style=\"vertical-align: inherit;\"><span dir=\"auto\" style=\"vertical-align: inherit;\"> og <\/span><\/span><strong data-start=\"8053\" data-end=\"8097\"><span dir=\"auto\" style=\"vertical-align: inherit;\"><span dir=\"auto\" style=\"vertical-align: inherit;\">eru ekki hentug til manneldis<\/span><\/span><\/strong><span dir=\"auto\" style=\"vertical-align: inherit;\"><span dir=\"auto\" style=\"vertical-align: inherit;\"> .<\/span><\/span><\/p>\n<p data-start=\"8102\" data-end=\"8238\"><strong data-start=\"8102\" data-end=\"8147\"><span dir=\"auto\" style=\"vertical-align: inherit;\"><span dir=\"auto\" style=\"vertical-align: inherit;\">3. Hver er besta lei\u00f0in til a\u00f0 geyma blettapenna?<\/span><\/span><\/strong><br data-start=\"8147\" data-end=\"8150\" \/><span dir=\"auto\" style=\"vertical-align: inherit;\"><span dir=\"auto\" style=\"vertical-align: inherit;\"> Geymi\u00f0 \u00feau \u00ed <\/span><\/span><strong data-start=\"8167\" data-end=\"8201\"><span dir=\"auto\" style=\"vertical-align: inherit;\"><span dir=\"auto\" style=\"vertical-align: inherit;\">kaldur, \u00feurr, dimmur sta\u00f0ur<\/span><\/span><\/strong><span dir=\"auto\" style=\"vertical-align: inherit;\"><span dir=\"auto\" style=\"vertical-align: inherit;\"> vi\u00f0 hitastig upp \u00e1 <\/span><\/span><strong data-start=\"8226\" data-end=\"8235\"><span dir=\"auto\" style=\"vertical-align: inherit;\"><span dir=\"auto\" style=\"vertical-align: inherit;\">2\u20138\u00b0C<\/span><\/span><\/strong><span dir=\"auto\" style=\"vertical-align: inherit;\"><span dir=\"auto\" style=\"vertical-align: inherit;\"> .<\/span><\/span><\/p>\n<hr data-start=\"8240\" data-end=\"8243\" \/>\n<h3 data-start=\"8245\" data-end=\"8262\"><strong data-start=\"8249\" data-end=\"8262\"><span dir=\"auto\" style=\"vertical-align: inherit;\"><span dir=\"auto\" style=\"vertical-align: inherit;\">Ni\u00f0ursta\u00f0a<\/span><\/span><\/strong><\/h3>\n<p data-start=\"8264\" data-end=\"8545\"><strong data-start=\"8264\" data-end=\"8290\"><span dir=\"auto\" style=\"vertical-align: inherit;\"><span dir=\"auto\" style=\"vertical-align: inherit;\">1D-LSD 150mcg \u00feynnur<\/span><\/span><\/strong><span dir=\"auto\" style=\"vertical-align: inherit;\"><span dir=\"auto\" style=\"vertical-align: inherit;\"> \u00e1byrg\u00f0 <\/span><\/span><strong data-start=\"8309\" data-end=\"8356\"><span dir=\"auto\" style=\"vertical-align: inherit;\"><span dir=\"auto\" style=\"vertical-align: inherit;\">einst\u00f6k n\u00e1kv\u00e6mni og hreinleiki<\/span><\/span><\/strong><span dir=\"auto\" style=\"vertical-align: inherit;\"><span dir=\"auto\" style=\"vertical-align: inherit;\"> \u00ed greiningarranns\u00f3knum. St\u00fdr\u00f0 sk\u00f6mmtun \u00feeirra, mikill st\u00f6\u00f0ugleiki og \u00e1rei\u00f0anleg samsetning gerir \u00feau a\u00f0 \u00feeim <\/span><\/span><strong data-start=\"8469\" data-end=\"8516\"><span dir=\"auto\" style=\"vertical-align: inherit;\"><span dir=\"auto\" style=\"vertical-align: inherit;\">kj\u00f6rinn kostur fyrir faglegar ranns\u00f3knarstofur<\/span><\/span><\/strong><span dir=\"auto\" style=\"vertical-align: inherit;\"><span dir=\"auto\" style=\"vertical-align: inherit;\"> og ranns\u00f3knarstofnanir.<\/span><\/span><\/p>","protected":false},"excerpt":{"rendered":"<h2><span style=\"vertical-align: inherit;\"><span style=\"vertical-align: inherit;\"><span dir=\"auto\" style=\"vertical-align: inherit;\"><span dir=\"auto\" style=\"vertical-align: inherit;\">1D-LSD 150mcg \u00feynnur<\/span><\/span><\/span><\/span><\/h2>\n<p><span style=\"vertical-align: inherit;\"><span style=\"vertical-align: inherit;\"><span dir=\"auto\" style=\"vertical-align: inherit;\"><span dir=\"auto\" style=\"vertical-align: inherit;\">1D-LSD er efni sem vi\u00f0 seljum eing\u00f6ngu \u00ed ranns\u00f3knarskyni.<\/span><\/span><\/span><\/span><\/p>","protected":false},"featured_media":29160,"comment_status":"closed","ping_status":"closed","template":"","meta":[],"product_brand":[82],"product_cat":[362,358],"product_tag":[675,452,634,632],"class_list":{"0":"post-24075","1":"product","2":"type-product","3":"status-publish","4":"has-post-thumbnail","6":"product_brand-research-chemical","7":"product_cat-1d-lsd-225mcg-pellets","8":"product_cat-lysergamides","9":"product_tag-1dlsd","10":"product_tag-de","11":"product_tag-lsd","12":"product_tag-lsd-blotter","14":"first","15":"instock","16":"taxable","17":"shipping-taxable","18":"purchasable","19":"product-type-variable"},"_links":{"self":[{"href":"https:\/\/onderzoekschemicals.com\/is\/wp-json\/wp\/v2\/product\/24075","targetHints":{"allow":["GET"]}}],"collection":[{"href":"https:\/\/onderzoekschemicals.com\/is\/wp-json\/wp\/v2\/product"}],"about":[{"href":"https:\/\/onderzoekschemicals.com\/is\/wp-json\/wp\/v2\/types\/product"}],"replies":[{"embeddable":true,"href":"https:\/\/onderzoekschemicals.com\/is\/wp-json\/wp\/v2\/comments?post=24075"}],"version-history":[{"count":7,"href":"https:\/\/onderzoekschemicals.com\/is\/wp-json\/wp\/v2\/product\/24075\/revisions"}],"predecessor-version":[{"id":28693,"href":"https:\/\/onderzoekschemicals.com\/is\/wp-json\/wp\/v2\/product\/24075\/revisions\/28693"}],"wp:featuredmedia":[{"embeddable":true,"href":"https:\/\/onderzoekschemicals.com\/is\/wp-json\/wp\/v2\/media\/29160"}],"wp:attachment":[{"href":"https:\/\/onderzoekschemicals.com\/is\/wp-json\/wp\/v2\/media?parent=24075"}],"wp:term":[{"taxonomy":"product_brand","embeddable":true,"href":"https:\/\/onderzoekschemicals.com\/is\/wp-json\/wp\/v2\/product_brand?post=24075"},{"taxonomy":"product_cat","embeddable":true,"href":"https:\/\/onderzoekschemicals.com\/is\/wp-json\/wp\/v2\/product_cat?post=24075"},{"taxonomy":"product_tag","embeddable":true,"href":"https:\/\/onderzoekschemicals.com\/is\/wp-json\/wp\/v2\/product_tag?post=24075"}],"curies":[{"name":"wp","href":"https:\/\/api.w.org\/{rel}","templated":true}]}}