{"id":23869,"date":"2025-04-13T17:40:36","date_gmt":"2025-04-13T17:40:36","guid":{"rendered":"https:\/\/onderzoekschemicals.com\/?post_type=product&#038;p=23869"},"modified":"2025-11-28T07:27:56","modified_gmt":"2025-11-28T07:27:56","slug":"34-dmmc-kopen","status":"publish","type":"product","link":"https:\/\/onderzoekschemicals.com\/is\/shop\/3\/34-dmmc-kopen\/","title":{"rendered":"3,4-DMMC (3,4-d\u00edmet\u00fdlmetkat\u00edn\u00f3n)"},"content":{"rendered":"<p data-start=\"4596\" data-end=\"4908\"><strong data-start=\"4596\" data-end=\"4636\">3,4-DMMC (3,4-d\u00edmet\u00fdlmetkat\u00edn\u00f3n)<\/strong> er <strong data-start=\"4644\" data-end=\"4679\">h\u00f6nnu\u00f0 \u00f6rvandi efnasamband<\/strong> innan flokksins <strong data-start=\"4701\" data-end=\"4725\">skipta \u00fat ka\u00fe\u00f3num<\/strong>.\u00a0<br data-start=\"4764\" data-end=\"4767\" \/>\u00dea\u00f0 var fyrst greint um \u00e1ri\u00f0 2010 sem hli\u00f0st\u00e6\u00f0a mefedr\u00f3ns og annarra ka\u00fe\u00edn\u00f3na. <span class=\"___SBox_epc1q-ko_ ___SText_zko9t-ko_\" data-ui-name=\"Link.Text\">Kauptu 34 dmmc<\/span><\/p>\n<p data-start=\"4910\" data-end=\"5190\">Sem ranns\u00f3knarefni er 3,4-DMMC nota\u00f0 \u00ed <strong data-start=\"4966\" data-end=\"5017\">greiningar-, byggingar- og r\u00e9ttarmeinafr\u00e6\u00f0ilegar ranns\u00f3knir<\/strong> af n\u00fdjum ge\u00f0virkum efnum (NPS). \u00dea\u00f0 \u00fej\u00f3nar sem vi\u00f0mi\u00f0unarsta\u00f0all \u00ed ranns\u00f3knarstofum sem rannsaka v\u00edxlverkanir flutningspr\u00f3teina, umbrotsefni og litr\u00f3fsgreiningu.<\/p>\n<hr data-start=\"5192\" data-end=\"5195\" \/>\n<h3 data-start=\"5197\" data-end=\"5228\"><strong data-start=\"5201\" data-end=\"5228\">Lykilatri\u00f0i<\/strong><\/h3>\n<ul data-start=\"5230\" data-end=\"6038\">\n<li data-start=\"5230\" data-end=\"5319\">\n<p data-start=\"5232\" data-end=\"5319\"><strong data-start=\"5232\" data-end=\"5264\">Mikil greiningarhreinleiki:<\/strong> Hreinleiki yfirleitt \u2265 98\u201399% (fer eftir framlei\u00f0slulotu).<\/p>\n<\/li>\n<li data-start=\"5320\" data-end=\"5456\">\n<p data-start=\"5322\" data-end=\"5456\"><strong data-start=\"5322\" data-end=\"5346\">Byggingarlega hli\u00f0st\u00e6tt:<\/strong> Kat\u00edn\u00f3n me\u00f0 met\u00fdlh\u00f3pum \u00ed 3. og 4. st\u00f6\u00f0u fen\u00fdlhringsins.<\/p>\n<\/li>\n<li data-start=\"5457\" data-end=\"5650\">\n<p data-start=\"5459\" data-end=\"5650\"><strong data-start=\"5459\" data-end=\"5495\">Virkni m\u00f3n\u00f3am\u00ednflutningspr\u00f3teina:<\/strong> Virkar sem hvarfefni\/hemill ser\u00f3t\u00f3n\u00edn- og noradrenal\u00ednflutningspr\u00f3teina; minni \u00e1hrif \u00e1 enduruppt\u00f6ku d\u00f3pam\u00edns.<\/p>\n<\/li>\n<li data-start=\"5651\" data-end=\"5785\">\n<p data-start=\"5653\" data-end=\"5785\"><strong data-start=\"5653\" data-end=\"5689\">\u00d6ruggar pers\u00f3nugreiningaruppl\u00fdsingar:<\/strong> Fullgreint me\u00f0 GC\/MS, IR, NMR, UV\/vis.<\/p>\n<\/li>\n<li data-start=\"5786\" data-end=\"5946\">\n<p data-start=\"5788\" data-end=\"5946\"><strong data-start=\"5788\" data-end=\"5815\">Einstakur GC var\u00f0veislut\u00edmi:<\/strong> \u00de\u00f3 a\u00f0 innrautt\/\u00fatfj\u00f3lubl\u00e1tt lj\u00f3s l\u00edkist mefedr\u00f3ni, eru geymslut\u00edmi og sundrun mismunandi.<\/p>\n<\/li>\n<li data-start=\"5947\" data-end=\"6038\">\n<p data-start=\"5949\" data-end=\"6038\"><strong data-start=\"5949\" data-end=\"5979\">St\u00f6\u00f0ugt vi\u00f0 r\u00e9tta geymslu:<\/strong> Heldur s\u00e9r vel \u00feegar \u00fea\u00f0 er r\u00e9tt huli\u00f0 og vari\u00f0.<\/p>\n<\/li>\n<\/ul>\n<hr data-start=\"6040\" data-end=\"6043\" \/>\n<h3 data-start=\"6045\" data-end=\"6062\"><strong data-start=\"6049\" data-end=\"6062\">Kostir<\/strong><\/h3>\n<ol data-start=\"6064\" data-end=\"6583\">\n<li data-start=\"6064\" data-end=\"6166\">\n<p data-start=\"6067\" data-end=\"6166\"><strong data-start=\"6067\" data-end=\"6098\">\u00c1rei\u00f0anlegt vi\u00f0mi\u00f0unarefni:<\/strong> Noti\u00f0 sem kv\u00f6r\u00f0unar- og samanbur\u00f0arverkf\u00e6ri \u00ed r\u00e9ttarl\u00e6kningastofum.<\/p>\n<\/li>\n<li data-start=\"6167\" data-end=\"6262\">\n<p data-start=\"6170\" data-end=\"6262\"><strong data-start=\"6170\" data-end=\"6194\">Litr\u00f3fs\u00e1skorun:<\/strong> \u00dej\u00f3nar sem krefjandi hli\u00f0st\u00e6\u00f0a til a\u00f0 pr\u00f3fa s\u00e9rt\u00e6kni t\u00e6kja.<\/p>\n<\/li>\n<li data-start=\"6263\" data-end=\"6359\">\n<p data-start=\"6266\" data-end=\"6359\"><strong data-start=\"6266\" data-end=\"6291\">Ranns\u00f3knir \u00e1 flutningsa\u00f0ilum:<\/strong> Gagnlegt \u00ed lyfjafr\u00e6\u00f0ilegum ranns\u00f3knum \u00e1 ser\u00f3t\u00f3n\u00edni\/noradrenal\u00edni.<\/p>\n<\/li>\n<li data-start=\"6360\" data-end=\"6468\">\n<p data-start=\"6363\" data-end=\"6468\"><strong data-start=\"6363\" data-end=\"6387\">Ranns\u00f3knir \u00e1 efnaskiptum:<\/strong> Hj\u00e1lpar til vi\u00f0 a\u00f0 kortleggja efnaskiptaferla \u00ed l\u00edffr\u00e6\u00f0ilegum s\u00fdnum.<\/p>\n<\/li>\n<li data-start=\"6469\" data-end=\"6583\">\n<p data-start=\"6472\" data-end=\"6583\"><strong data-start=\"6472\" data-end=\"6509\">Sty\u00f0ur vi\u00f0 r\u00e9ttarl\u00e6knisfr\u00e6\u00f0ilegar ranns\u00f3knir:<\/strong> Au\u00f0veldar sm\u00ed\u00f0i litr\u00f3fsgagnagrunna fyrir n\u00fd efni.<\/p>\n<\/li>\n<\/ol>\n<hr data-start=\"6585\" data-end=\"6588\" \/>\n<h3 data-start=\"6590\" data-end=\"6650\"><strong data-start=\"6594\" data-end=\"6650\">Notkunarlei\u00f0beiningar (eing\u00f6ngu til notkunar \u00e1 ranns\u00f3knarstofu)<\/strong><\/h3>\n<ol data-start=\"6652\" data-end=\"7071\">\n<li data-start=\"6652\" data-end=\"6737\">\n<p data-start=\"6655\" data-end=\"6737\"><strong data-start=\"6655\" data-end=\"6696\">Noti\u00f0 fullan hl\u00edf\u00f0arb\u00fana\u00f0:<\/strong> hanskar, \u00f6ryggisgleraugu, ranns\u00f3knarstofusloppur.<\/p>\n<\/li>\n<li data-start=\"6738\" data-end=\"6819\">\n<p data-start=\"6741\" data-end=\"6819\"><strong data-start=\"6741\" data-end=\"6781\">Vinna \u00ed st\u00fdr\u00f0u umhverfi:<\/strong> t.d. reykh\u00f3lkur, hreint vinnusv\u00e6\u00f0i.<\/p>\n<\/li>\n<li data-start=\"6820\" data-end=\"6896\">\n<p data-start=\"6823\" data-end=\"6896\"><strong data-start=\"6823\" data-end=\"6857\">Noti\u00f0 n\u00e1kv\u00e6m t\u00e6ki:<\/strong> vog, p\u00edpettur, litr\u00f3fsm\u00e6lar o.s.frv.<\/p>\n<\/li>\n<li data-start=\"6897\" data-end=\"6984\">\n<p data-start=\"6900\" data-end=\"6984\"><strong data-start=\"6900\" data-end=\"6932\">D\u00e6mi um skjal:<\/strong> lotun\u00famer, \u00feyngd, hreinleiki, skilyr\u00f0i.<\/p>\n<\/li>\n<li data-start=\"6985\" data-end=\"7071\">\n<p data-start=\"6988\" data-end=\"7071\"><strong data-start=\"6988\" data-end=\"7018\">Fjarl\u00e6gi\u00f0 leifar \u00e1 \u00f6ruggan h\u00e1tt:<\/strong> samkv\u00e6mt \u00f6ryggisreglum stofnunarinnar.<\/p>\n<\/li>\n<\/ol>\n<blockquote data-start=\"7073\" data-end=\"7189\">\n<p data-start=\"7075\" data-end=\"7189\">\u2697\ufe0f <strong data-start=\"7078\" data-end=\"7189\">Eing\u00f6ngu til greiningar-\/v\u00edsindalegra ranns\u00f3kna \u2013 ekki til neyslu fyrir menn e\u00f0a d\u00fdr.<\/strong><\/p>\n<\/blockquote>\n<hr data-start=\"7191\" data-end=\"7194\" \/>\n<h3 data-start=\"7196\" data-end=\"7221\"><strong data-start=\"7200\" data-end=\"7221\">Geymslulei\u00f0beiningar<\/strong><\/h3>\n<ul data-start=\"7223\" data-end=\"7494\">\n<li data-start=\"7223\" data-end=\"7283\">\n<p data-start=\"7225\" data-end=\"7283\">Vista \u00e1 <strong data-start=\"7236\" data-end=\"7246\">2\u20138\u00b0C<\/strong> \u00e1 k\u00f6ldum, \u00feurrum og dimmum sta\u00f0.<\/p>\n<\/li>\n<li data-start=\"7284\" data-end=\"7370\">\n<p data-start=\"7286\" data-end=\"7370\">Noti\u00f0 \u00f3virk, loft\u00fe\u00e9tt \u00edl\u00e1t (t.d. gulbr\u00fan hettugl\u00f6s) til a\u00f0 verja gegn raka og lj\u00f3si.<\/p>\n<\/li>\n<li data-start=\"7371\" data-end=\"7430\">\n<p data-start=\"7373\" data-end=\"7430\">For\u00f0ist endurtekna \u00fatsetningu fyrir hita e\u00f0a lj\u00f3si.<\/p>\n<\/li>\n<li data-start=\"7431\" data-end=\"7494\">\n<p data-start=\"7433\" data-end=\"7494\">A\u00f0eins a\u00f0gengilegt h\u00e6fu greiningarf\u00f3lki. <span class=\"___SBox_epc1q-ko_ ___SText_zko9t-ko_\" data-ui-name=\"Link.Text\">Kauptu 34 dmmc<\/span><\/p>\n<\/li>\n<\/ul>\n<hr data-start=\"7496\" data-end=\"7499\" \/>\n<h3 data-start=\"7501\" data-end=\"7536\"><strong data-start=\"7505\" data-end=\"7536\">Algengar spurningar (FAQs)<\/strong><\/h3>\n<p data-start=\"7538\" data-end=\"7781\"><strong data-start=\"7538\" data-end=\"7587\">1. Hver er verkunarh\u00e1ttur 3,4-DMMC?<\/strong><br data-start=\"7587\" data-end=\"7590\" \/>In vitro virkar \u00fea\u00f0 sem hvarfefni\/hemill ser\u00f3t\u00f3n\u00edn- og noradrenal\u00ednflutningspr\u00f3teina; \u00e1hrif \u00feess \u00e1 enduruppt\u00f6ku d\u00f3pam\u00edns eru tilt\u00f6lulega veikari.<\/p>\n<p data-start=\"7783\" data-end=\"8013\"><strong data-start=\"7783\" data-end=\"7850\">2. Er h\u00e6gt a\u00f0 greina 3,4-DMMC fr\u00e1 mefedr\u00f3ni me\u00f0 greiningu?<\/strong><br data-start=\"7850\" data-end=\"7853\" \/>J\u00e1. \u00de\u00f3 a\u00f0 IR\/UV sni\u00f0in geti skarast, \u00fe\u00e1 skipta GC var\u00f0veislut\u00edmi og massa sundrun m\u00e1li.<\/p>\n<p data-start=\"8015\" data-end=\"8234\"><strong data-start=\"8015\" data-end=\"8058\">3. Er 3,4-DMMC stj\u00f3rna\u00f0 e\u00f0a \u00f3l\u00f6glegt?<\/strong><br data-start=\"8058\" data-end=\"8061\" \/>\u00cd m\u00f6rgum l\u00f6ndum er 3,4-DMMC flokka\u00f0 sem h\u00f6nnu\u00f0 ka\u00fe\u00edn\u00f3n. \u00cd Bandar\u00edkjunum er \u00fea\u00f0 flokka\u00f0 sem lyf \u00ed flokki I sem st\u00f6\u00f0u\u00eds\u00f3mer af 4-MEC. <a href=\"https:\/\/onderzoekschemicals.com\/is\/shop\/pellets-for-pellet\/1p-lsd-microdose\/\">1P-LSD \u00f6rskammtur<\/a><\/p>","protected":false},"excerpt":{"rendered":"<h3><span style=\"vertical-align: inherit;\"><span style=\"vertical-align: inherit;\">3,4-DMMC er skyld efni 3-MMC\/3-CMC<\/span><\/span><\/h3>\n<p><span style=\"vertical-align: inherit;\"><span style=\"vertical-align: inherit;\">3,4-DMMC \/3,4-D\u00edmet\u00fdlmetkat\u00edn\u00f3n er efni sem vi\u00f0 seljum eing\u00f6ngu \u00ed ranns\u00f3knarskyni og er \u00fev\u00ed ekki \u00e6tla\u00f0 til neyslu. Efni\u00f0 tilheyrir flokknum kat\u00edn\u00f3n. 3,4-DMMC f\u00e6st \u00ed duftformi og h\u00e6gt er a\u00f0 rannsaka \u00fea\u00f0 \u00ed allt a\u00f0 2 \u00e1r \u00feegar \u00fea\u00f0 er geymt \u00ed r\u00e9ttu umhverfi.<\/span><\/span><\/p>","protected":false},"featured_media":29203,"comment_status":"closed","ping_status":"closed","template":"","meta":[],"product_brand":[],"product_cat":[493,494,322,79],"product_tag":[1105,326],"class_list":{"0":"post-23869","1":"product","2":"type-product","3":"status-publish","4":"has-post-thumbnail","6":"product_cat-493","7":"product_cat-4-dmmc","8":"product_cat-bijna-verboden","9":"product_cat-cathinonen","10":"product_tag-34-dmmc-kopen","11":"product_tag-nl","13":"first","14":"instock","15":"taxable","16":"shipping-taxable","17":"purchasable","18":"product-type-variable"},"_links":{"self":[{"href":"https:\/\/onderzoekschemicals.com\/is\/wp-json\/wp\/v2\/product\/23869","targetHints":{"allow":["GET"]}}],"collection":[{"href":"https:\/\/onderzoekschemicals.com\/is\/wp-json\/wp\/v2\/product"}],"about":[{"href":"https:\/\/onderzoekschemicals.com\/is\/wp-json\/wp\/v2\/types\/product"}],"replies":[{"embeddable":true,"href":"https:\/\/onderzoekschemicals.com\/is\/wp-json\/wp\/v2\/comments?post=23869"}],"version-history":[{"count":5,"href":"https:\/\/onderzoekschemicals.com\/is\/wp-json\/wp\/v2\/product\/23869\/revisions"}],"predecessor-version":[{"id":27928,"href":"https:\/\/onderzoekschemicals.com\/is\/wp-json\/wp\/v2\/product\/23869\/revisions\/27928"}],"wp:featuredmedia":[{"embeddable":true,"href":"https:\/\/onderzoekschemicals.com\/is\/wp-json\/wp\/v2\/media\/29203"}],"wp:attachment":[{"href":"https:\/\/onderzoekschemicals.com\/is\/wp-json\/wp\/v2\/media?parent=23869"}],"wp:term":[{"taxonomy":"product_brand","embeddable":true,"href":"https:\/\/onderzoekschemicals.com\/is\/wp-json\/wp\/v2\/product_brand?post=23869"},{"taxonomy":"product_cat","embeddable":true,"href":"https:\/\/onderzoekschemicals.com\/is\/wp-json\/wp\/v2\/product_cat?post=23869"},{"taxonomy":"product_tag","embeddable":true,"href":"https:\/\/onderzoekschemicals.com\/is\/wp-json\/wp\/v2\/product_tag?post=23869"}],"curies":[{"name":"wp","href":"https:\/\/api.w.org\/{rel}","templated":true}]}}