{"id":23624,"date":"2025-04-13T17:40:07","date_gmt":"2025-04-13T17:40:07","guid":{"rendered":"https:\/\/onderzoekschemicals.com\/?post_type=product&#038;p=23624"},"modified":"2025-11-28T07:57:21","modified_gmt":"2025-11-28T07:57:21","slug":"4-aco-met-20-mg-pellets","status":"publish","type":"product","link":"https:\/\/onderzoekschemicals.com\/is\/shop\/4-aco-met\/4-aco-met-20-mg-pellets\/","title":{"rendered":"4-AcO-MET 20 MG k\u00falur"},"content":{"rendered":"<p data-start=\"3312\" data-end=\"3759\"><span dir=\"auto\" style=\"vertical-align: inherit;\"><span dir=\"auto\" style=\"vertical-align: inherit;\">4-AcO-MET (4-asetox\u00fd-N-et\u00fdl-N-met\u00fdltryptam\u00edn) 20 mg k\u00falur eru <\/span><\/span><strong data-start=\"3380\" data-end=\"3425\"><span dir=\"auto\" style=\"vertical-align: inherit;\"><span dir=\"auto\" style=\"vertical-align: inherit;\">ranns\u00f3knarefni me\u00f0 mikla hreinleika<\/span><\/span><\/strong><span dir=\"auto\" style=\"vertical-align: inherit;\"><span dir=\"auto\" style=\"vertical-align: inherit;\"> S\u00e9rhanna\u00f0 fyrir h\u00e1\u00fer\u00f3a\u00f0ar efna- og lyfjafr\u00e6\u00f0ilegar ranns\u00f3knir. Hvert pilla inniheldur <\/span><\/span><strong data-start=\"3520\" data-end=\"3545\"><span dir=\"auto\" style=\"vertical-align: inherit;\"><span dir=\"auto\" style=\"vertical-align: inherit;\">n\u00e1kv\u00e6mlega 20 mg af 4-AcO-MET<\/span><\/span><\/strong><span dir=\"auto\" style=\"vertical-align: inherit;\"><span dir=\"auto\" style=\"vertical-align: inherit;\"> , sem tryggir samr\u00e6mdar og endurtakanlegar ni\u00f0urst\u00f6\u00f0ur. \u00deetta efnasamband er byggingarlega skyld 4-AcO-DMT og MET og er nota\u00f0 \u00ed ranns\u00f3knum \u00e1 <\/span><\/span><strong data-start=\"3703\" data-end=\"3758\"><span dir=\"auto\" style=\"vertical-align: inherit;\"><span dir=\"auto\" style=\"vertical-align: inherit;\">ser\u00f3t\u00f3n\u00ednvi\u00f0takar og taugaefnafr\u00e6\u00f0ilegar milliverkanir<\/span><\/span><\/strong><span dir=\"auto\" style=\"vertical-align: inherit;\"><span dir=\"auto\" style=\"vertical-align: inherit;\"> 4-aco-met<\/span><\/span><\/p>\n<blockquote data-start=\"3761\" data-end=\"3891\">\n<p data-start=\"3763\" data-end=\"3891\">\u26a0\ufe0f <strong data-start=\"3766\" data-end=\"3777\"><span dir=\"auto\" style=\"vertical-align: inherit;\"><span dir=\"auto\" style=\"vertical-align: inherit;\">Vinsamlegast athugi\u00f0:<\/span><\/span><\/strong><span dir=\"auto\" style=\"vertical-align: inherit;\"><span dir=\"auto\" style=\"vertical-align: inherit;\"> \u00deessi vara er <\/span><\/span><strong data-start=\"3793\" data-end=\"3848\"><span dir=\"auto\" style=\"vertical-align: inherit;\"><span dir=\"auto\" style=\"vertical-align: inherit;\">eing\u00f6ngu fyrir v\u00edsindaranns\u00f3knir<\/span><\/span><\/strong><span dir=\"auto\" style=\"vertical-align: inherit;\"><span dir=\"auto\" style=\"vertical-align: inherit;\"> Ekki hentugt til manneldis.<\/span><\/span><\/p>\n<\/blockquote>\n<hr data-start=\"3893\" data-end=\"3896\" \/>\n<h3 data-start=\"3898\" data-end=\"3929\"><strong data-start=\"3902\" data-end=\"3929\"><span dir=\"auto\" style=\"vertical-align: inherit;\"><span dir=\"auto\" style=\"vertical-align: inherit;\">Lykilatri\u00f0i<\/span><\/span><\/strong><\/h3>\n<ul data-start=\"3930\" data-end=\"4438\">\n<li data-start=\"3930\" data-end=\"4044\">\n<p data-start=\"3932\" data-end=\"4044\"><strong data-start=\"3932\" data-end=\"3958\"><span dir=\"auto\" style=\"vertical-align: inherit;\"><span dir=\"auto\" style=\"vertical-align: inherit;\">Mikil hreinleiki (\u226598%)<\/span><\/span><\/strong><span dir=\"auto\" style=\"vertical-align: inherit;\"><span dir=\"auto\" style=\"vertical-align: inherit;\"> \u2013 Framleitt samkv\u00e6mt str\u00f6ngum greiningarst\u00f6\u00f0lum til a\u00f0 tryggja \u00e1rei\u00f0anlegar ranns\u00f3knarni\u00f0urst\u00f6\u00f0ur.<\/span><\/span><\/p>\n<\/li>\n<li data-start=\"4045\" data-end=\"4149\">\n<p data-start=\"4047\" data-end=\"4149\"><strong data-start=\"4047\" data-end=\"4080\"><span dir=\"auto\" style=\"vertical-align: inherit;\"><span dir=\"auto\" style=\"vertical-align: inherit;\">N\u00e1kv\u00e6mlega skammta\u00f0ar k\u00f6gglar<\/span><\/span><\/strong><span dir=\"auto\" style=\"vertical-align: inherit;\"><span dir=\"auto\" style=\"vertical-align: inherit;\"> \u2013 Hvert pilla inniheldur 20 mg af 4-AcO-MET me\u00f0 mikilli n\u00e1kv\u00e6mni \u00ed sk\u00f6mmtun.<\/span><\/span><\/p>\n<\/li>\n<li data-start=\"4150\" data-end=\"4237\">\n<p data-start=\"4152\" data-end=\"4237\"><strong data-start=\"4152\" data-end=\"4177\"><span dir=\"auto\" style=\"vertical-align: inherit;\"><span dir=\"auto\" style=\"vertical-align: inherit;\">Efnafr\u00e6\u00f0ilegur st\u00f6\u00f0ugleiki<\/span><\/span><\/strong><span dir=\"auto\" style=\"vertical-align: inherit;\"><span dir=\"auto\" style=\"vertical-align: inherit;\"> \u2013 Hanna\u00f0 til a\u00f0 tryggja st\u00f6\u00f0ugleika og geymslu\u00feol.<\/span><\/span><\/p>\n<\/li>\n<li data-start=\"4238\" data-end=\"4340\">\n<p data-start=\"4240\" data-end=\"4340\"><strong data-start=\"4240\" data-end=\"4262\"><span dir=\"auto\" style=\"vertical-align: inherit;\"><span dir=\"auto\" style=\"vertical-align: inherit;\">G\u00e6\u00f0atrygging<\/span><\/span><\/strong><span dir=\"auto\" style=\"vertical-align: inherit;\"><span dir=\"auto\" style=\"vertical-align: inherit;\"> \u2013 Framleitt vi\u00f0 GMP-l\u00edk skilyr\u00f0i fyrir st\u00f6\u00f0uga g\u00e6\u00f0i.<\/span><\/span><\/p>\n<\/li>\n<li data-start=\"4341\" data-end=\"4438\">\n<p data-start=\"4343\" data-end=\"4438\"><strong data-start=\"4343\" data-end=\"4365\"><span dir=\"auto\" style=\"vertical-align: inherit;\"><span dir=\"auto\" style=\"vertical-align: inherit;\">\u00d6rugg umb\u00fa\u00f0ir<\/span><\/span><\/strong><span dir=\"auto\" style=\"vertical-align: inherit;\"><span dir=\"auto\" style=\"vertical-align: inherit;\"> \u2013 Loft\u00fe\u00e9ttar umb\u00fa\u00f0ir til a\u00f0 koma \u00ed veg fyrir raka og lj\u00f3s.<\/span><\/span><\/p>\n<\/li>\n<\/ul>\n<hr data-start=\"4440\" data-end=\"4443\" \/>\n<h3 data-start=\"4445\" data-end=\"4462\"><strong data-start=\"4449\" data-end=\"4462\"><span dir=\"auto\" style=\"vertical-align: inherit;\"><span dir=\"auto\" style=\"vertical-align: inherit;\">Kostir<\/span><\/span><\/strong><\/h3>\n<ul data-start=\"4463\" data-end=\"4766\">\n<li data-start=\"4463\" data-end=\"4541\">\n<p data-start=\"4465\" data-end=\"4541\"><span dir=\"auto\" style=\"vertical-align: inherit;\"><span dir=\"auto\" style=\"vertical-align: inherit;\">Tryggir <\/span><\/span><strong data-start=\"4476\" data-end=\"4517\"><span dir=\"auto\" style=\"vertical-align: inherit;\"><span dir=\"auto\" style=\"vertical-align: inherit;\">n\u00e1kv\u00e6m og endurtekin sk\u00f6mmtun<\/span><\/span><\/strong><span dir=\"auto\" style=\"vertical-align: inherit;\"><span dir=\"auto\" style=\"vertical-align: inherit;\"> me\u00f0an \u00e1 tilraunum stendur.<\/span><\/span><\/p>\n<\/li>\n<li data-start=\"4542\" data-end=\"4640\">\n<p data-start=\"4544\" data-end=\"4640\"><span dir=\"auto\" style=\"vertical-align: inherit;\"><span dir=\"auto\" style=\"vertical-align: inherit;\">Tilvali\u00f0 fyrir <\/span><\/span><strong data-start=\"4556\" data-end=\"4596\"><span dir=\"auto\" style=\"vertical-align: inherit;\"><span dir=\"auto\" style=\"vertical-align: inherit;\">ranns\u00f3knir \u00e1 tryptam\u00ednaflei\u00f0um<\/span><\/span><\/strong><span dir=\"auto\" style=\"vertical-align: inherit;\"><span dir=\"auto\" style=\"vertical-align: inherit;\"> \u00ed st\u00fdr\u00f0u ranns\u00f3knarstofuumhverfi.<\/span><\/span><\/p>\n<\/li>\n<li data-start=\"4641\" data-end=\"4701\">\n<p data-start=\"4643\" data-end=\"4701\"><strong data-start=\"4643\" data-end=\"4667\"><span dir=\"auto\" style=\"vertical-align: inherit;\"><span dir=\"auto\" style=\"vertical-align: inherit;\">Lengri geymslu\u00feol<\/span><\/span><\/strong><span dir=\"auto\" style=\"vertical-align: inherit;\"><span dir=\"auto\" style=\"vertical-align: inherit;\"> \u00fe\u00f6kk s\u00e9 st\u00f6\u00f0ugri l\u00f6gun k\u00falunnar.<\/span><\/span><\/p>\n<\/li>\n<li data-start=\"4702\" data-end=\"4766\">\n<p data-start=\"4704\" data-end=\"4766\"><strong data-start=\"4704\" data-end=\"4739\"><span dir=\"auto\" style=\"vertical-align: inherit;\"><span dir=\"auto\" style=\"vertical-align: inherit;\">Einfalt og \u00f6ruggt \u00ed me\u00f0f\u00f6rum<\/span><\/span><\/strong><span dir=\"auto\" style=\"vertical-align: inherit;\"><span dir=\"auto\" style=\"vertical-align: inherit;\"> \u00ed ranns\u00f3knarstofuumhverfi.<\/span><\/span><\/p>\n<\/li>\n<\/ul>\n<hr data-start=\"4768\" data-end=\"4771\" \/>\n<h3 data-start=\"4773\" data-end=\"4788\"><strong data-start=\"4777\" data-end=\"4788\"><span dir=\"auto\" style=\"vertical-align: inherit;\"><span dir=\"auto\" style=\"vertical-align: inherit;\">Notkun<\/span><\/span><\/strong><\/h3>\n<ul data-start=\"4789\" data-end=\"5092\">\n<li data-start=\"4789\" data-end=\"4871\">\n<p data-start=\"4791\" data-end=\"4871\"><span dir=\"auto\" style=\"vertical-align: inherit;\"><span dir=\"auto\" style=\"vertical-align: inherit;\">A\u00f0eins til notkunar fyrir <\/span><\/span><strong data-start=\"4813\" data-end=\"4868\"><span dir=\"auto\" style=\"vertical-align: inherit;\"><span dir=\"auto\" style=\"vertical-align: inherit;\">h\u00e6ft ranns\u00f3knar- e\u00f0a ranns\u00f3knarstofustarfsf\u00f3lk<\/span><\/span><\/strong><span dir=\"auto\" style=\"vertical-align: inherit;\"><span dir=\"auto\" style=\"vertical-align: inherit;\"> .<\/span><\/span><\/p>\n<\/li>\n<li data-start=\"4872\" data-end=\"4946\">\n<p data-start=\"4874\" data-end=\"4946\"><span dir=\"auto\" style=\"vertical-align: inherit;\"><span dir=\"auto\" style=\"vertical-align: inherit;\">Kl\u00e6\u00f0ist vi\u00f0eigandi <\/span><\/span><strong data-start=\"4890\" data-end=\"4914\"><span dir=\"auto\" style=\"vertical-align: inherit;\"><span dir=\"auto\" style=\"vertical-align: inherit;\">hl\u00edf\u00f0arb\u00fana\u00f0ur<\/span><\/span><\/strong><span dir=\"auto\" style=\"vertical-align: inherit;\"><span dir=\"auto\" style=\"vertical-align: inherit;\"> (hanskar, gleraugu, gr\u00edma).<\/span><\/span><\/p>\n<\/li>\n<li data-start=\"4947\" data-end=\"5033\">\n<p data-start=\"4949\" data-end=\"5033\"><span dir=\"auto\" style=\"vertical-align: inherit;\"><span dir=\"auto\" style=\"vertical-align: inherit;\">Geymi\u00f0 \u00ed <\/span><\/span><strong data-start=\"4964\" data-end=\"4987\"><span dir=\"auto\" style=\"vertical-align: inherit;\"><span dir=\"auto\" style=\"vertical-align: inherit;\">kaldur, \u00feurr sta\u00f0ur<\/span><\/span><\/strong><span dir=\"auto\" style=\"vertical-align: inherit;\"><span dir=\"auto\" style=\"vertical-align: inherit;\"> , fjarri hita og beinu s\u00f3larlj\u00f3si.<\/span><\/span><\/p>\n<\/li>\n<li data-start=\"5034\" data-end=\"5092\">\n<p data-start=\"5036\" data-end=\"5092\"><span dir=\"auto\" style=\"vertical-align: inherit;\"><span dir=\"auto\" style=\"vertical-align: inherit;\">Ekki hentugt til neyslu manna e\u00f0a d\u00fdra.<\/span><\/span><\/p>\n<\/li>\n<\/ul>\n<hr data-start=\"5094\" data-end=\"5097\" \/>\n<h3 data-start=\"5099\" data-end=\"5134\"><strong data-start=\"5103\" data-end=\"5134\"><span dir=\"auto\" style=\"vertical-align: inherit;\"><span dir=\"auto\" style=\"vertical-align: inherit;\">Algengar spurningar (FAQs)<\/span><\/span><\/strong><\/h3>\n<p data-start=\"5136\" data-end=\"5333\"><strong data-start=\"5136\" data-end=\"5177\"><span dir=\"auto\" style=\"vertical-align: inherit;\"><span dir=\"auto\" style=\"vertical-align: inherit;\">1. Til hvers er 4-AcO-MET nota\u00f0?<\/span><\/span><\/strong><br data-start=\"5177\" data-end=\"5180\" \/><span dir=\"auto\" style=\"vertical-align: inherit;\"><span dir=\"auto\" style=\"vertical-align: inherit;\"> 4-AcO-MET er nota\u00f0 \u00ed <\/span><\/span><strong data-start=\"5210\" data-end=\"5240\"><span dir=\"auto\" style=\"vertical-align: inherit;\"><span dir=\"auto\" style=\"vertical-align: inherit;\">v\u00edsindaranns\u00f3knir<\/span><\/span><\/strong><span dir=\"auto\" style=\"vertical-align: inherit;\"><span dir=\"auto\" style=\"vertical-align: inherit;\"> um \u00e1hrif tryptam\u00ednsambanda, s\u00e9rstaklega \u00feeirra sem tengjast ser\u00f3t\u00f3n\u00ednvi\u00f0t\u00f6kum.<\/span><\/span><\/p>\n<p data-start=\"5335\" data-end=\"5509\"><strong data-start=\"5335\" data-end=\"5395\"><span dir=\"auto\" style=\"vertical-align: inherit;\"><span dir=\"auto\" style=\"vertical-align: inherit;\">2. Hentar 4-AcO-MET 20 MG til einkanota?<\/span><\/span><\/strong><br data-start=\"5395\" data-end=\"5398\" \/><span dir=\"auto\" style=\"vertical-align: inherit;\"><span dir=\"auto\" style=\"vertical-align: inherit;\"> Nei. \u00deessi vara er <\/span><\/span><strong data-start=\"5418\" data-end=\"5468\"><span dir=\"auto\" style=\"vertical-align: inherit;\"><span dir=\"auto\" style=\"vertical-align: inherit;\">eing\u00f6ngu \u00e6tla\u00f0 til ranns\u00f3knarstofupr\u00f3fana<\/span><\/span><\/strong><span dir=\"auto\" style=\"vertical-align: inherit;\"><span dir=\"auto\" style=\"vertical-align: inherit;\"> og er ekki hentugt til notkunar fyrir menn.<\/span><\/span><\/p>\n<p data-start=\"5511\" data-end=\"5677\"><strong data-start=\"5511\" data-end=\"5558\"><span dir=\"auto\" style=\"vertical-align: inherit;\"><span dir=\"auto\" style=\"vertical-align: inherit;\">3. Hvernig \u00e1 a\u00f0 geyma 4-AcO-MET 20 MG?<\/span><\/span><\/strong><br data-start=\"5558\" data-end=\"5561\" \/><span dir=\"auto\" style=\"vertical-align: inherit;\"><span dir=\"auto\" style=\"vertical-align: inherit;\"> Geymi\u00f0 \u00ed <\/span><\/span><strong data-start=\"5576\" data-end=\"5613\"><span dir=\"auto\" style=\"vertical-align: inherit;\"><span dir=\"auto\" style=\"vertical-align: inherit;\">\u00feurrt, vel loka\u00f0 \u00edl\u00e1t<\/span><\/span><\/strong><span dir=\"auto\" style=\"vertical-align: inherit;\"><span dir=\"auto\" style=\"vertical-align: inherit;\"> vi\u00f0 stofuhita (15\u201325\u00b0C), vari\u00f0 gegn lj\u00f3si og raka.<\/span><\/span><\/p>","protected":false},"excerpt":{"rendered":"<p>4-AcO-MET (4-Acetoxy-N-ethyl-N-methyltryptamine) 20 MG Pellets are high-purity research chemicals specifically formulated for advanced chemical and pharmacological research. Each pellet contains<\/p>","protected":false},"featured_media":29231,"comment_status":"closed","ping_status":"closed","template":"","meta":[],"product_brand":[],"product_cat":[503,502,324,381],"product_tag":[1140,1141,326],"class_list":{"0":"post-23624","1":"product","2":"type-product","3":"status-publish","4":"has-post-thumbnail","6":"product_cat-4-aco-met","7":"product_cat-4-aco-met-pellets","8":"product_cat-pellets-for-pellet","9":"product_cat-tryptamines","10":"product_tag-4-aco-met","11":"product_tag-4-aco-met-kopen","12":"product_tag-nl","14":"first","15":"instock","16":"taxable","17":"shipping-taxable","18":"purchasable","19":"product-type-variable"},"_links":{"self":[{"href":"https:\/\/onderzoekschemicals.com\/is\/wp-json\/wp\/v2\/product\/23624","targetHints":{"allow":["GET"]}}],"collection":[{"href":"https:\/\/onderzoekschemicals.com\/is\/wp-json\/wp\/v2\/product"}],"about":[{"href":"https:\/\/onderzoekschemicals.com\/is\/wp-json\/wp\/v2\/types\/product"}],"replies":[{"embeddable":true,"href":"https:\/\/onderzoekschemicals.com\/is\/wp-json\/wp\/v2\/comments?post=23624"}],"version-history":[{"count":6,"href":"https:\/\/onderzoekschemicals.com\/is\/wp-json\/wp\/v2\/product\/23624\/revisions"}],"predecessor-version":[{"id":28722,"href":"https:\/\/onderzoekschemicals.com\/is\/wp-json\/wp\/v2\/product\/23624\/revisions\/28722"}],"wp:featuredmedia":[{"embeddable":true,"href":"https:\/\/onderzoekschemicals.com\/is\/wp-json\/wp\/v2\/media\/29231"}],"wp:attachment":[{"href":"https:\/\/onderzoekschemicals.com\/is\/wp-json\/wp\/v2\/media?parent=23624"}],"wp:term":[{"taxonomy":"product_brand","embeddable":true,"href":"https:\/\/onderzoekschemicals.com\/is\/wp-json\/wp\/v2\/product_brand?post=23624"},{"taxonomy":"product_cat","embeddable":true,"href":"https:\/\/onderzoekschemicals.com\/is\/wp-json\/wp\/v2\/product_cat?post=23624"},{"taxonomy":"product_tag","embeddable":true,"href":"https:\/\/onderzoekschemicals.com\/is\/wp-json\/wp\/v2\/product_tag?post=23624"}],"curies":[{"name":"wp","href":"https:\/\/api.w.org\/{rel}","templated":true}]}}