{"id":23586,"date":"2025-04-13T17:40:01","date_gmt":"2025-04-13T17:40:01","guid":{"rendered":"https:\/\/onderzoekschemicals.com\/?post_type=product&#038;p=23586"},"modified":"2025-11-28T08:04:53","modified_gmt":"2025-11-28T08:04:53","slug":"3-mmc-kopen","status":"publish","type":"product","link":"https:\/\/onderzoekschemicals.com\/is\/shop\/verboden\/3-mmc-kopen\/","title":{"rendered":"3-MMC 200 MG k\u00falur"},"content":{"rendered":"<h2><span data-sheets-value=\"{\" data-sheets-userformat=\"{\"><strong>3-MMC 200 MG k\u00falur<\/strong> <\/span><\/h2>\n<p data-start=\"3909\" data-end=\"4072\"><strong data-start=\"3909\" data-end=\"3942\">3-MMC (3-met\u00fdlmetkat\u00edn\u00f3n)<\/strong> 200 MG Pellets zijn <strong data-start=\"3963\" data-end=\"4009\">ranns\u00f3knarefnasamb\u00f6nd me\u00f0 mikilli hreinleika<\/strong>, \u00fer\u00f3a\u00f0 fyrir <strong data-start=\"4027\" data-end=\"4069\">lyfjafr\u00e6\u00f0ilegar og greiningarranns\u00f3knir<\/strong>. <span class=\"___SBox_epc1q-ko_ ___SText_zko9t-ko_\" data-ui-name=\"Link.Text\">kaupa 3mmc<\/span><\/p>\n<p data-start=\"4074\" data-end=\"4296\">Sem byggingarleg hli\u00f0st\u00e6\u00f0a af <strong data-start=\"4103\" data-end=\"4125\">mefedr\u00f3n (4-MMC)<\/strong> wordt 3-MMC vaak onderzocht in studies naar <strong data-start=\"4170\" data-end=\"4190\">taugabo\u00f0<\/strong>, <strong data-start=\"4192\" data-end=\"4231\">dopamine- en serotoninetransporters<\/strong> og <strong data-start=\"4235\" data-end=\"4277\">tengsl byggingar og virkni (SAR)<\/strong> van stimulantia.<\/p>\n<p data-start=\"4298\" data-end=\"4435\">Hvert pilla inniheldur <strong data-start=\"4316\" data-end=\"4340\">200 mg zuivere 3-MMC<\/strong>, zorgvuldig afgemeten voor betrouwbare, consistente en reproduceerbare onderzoeksresultaten.<\/p>\n<blockquote data-start=\"4437\" data-end=\"4575\">\n<p data-start=\"4439\" data-end=\"4575\">\u26a0\ufe0f <strong data-start=\"4442\" data-end=\"4453\">Athugi\u00f0:<\/strong> \u00deessi vara er <strong data-start=\"4469\" data-end=\"4524\">eing\u00f6ngu \u00e6tla\u00f0 til v\u00edsindaranns\u00f3kna<\/strong> og <strong data-start=\"4528\" data-end=\"4572\">ekki hentugt til manneldis<\/strong>.<\/p>\n<\/blockquote>\n<hr data-start=\"4577\" data-end=\"4580\" \/>\n<h3 data-start=\"4582\" data-end=\"4613\"><strong data-start=\"4586\" data-end=\"4613\">Lykilatri\u00f0i<\/strong><\/h3>\n<ul data-start=\"4614\" data-end=\"5034\">\n<li data-start=\"4614\" data-end=\"4697\">\n<p data-start=\"4616\" data-end=\"4697\"><strong data-start=\"4616\" data-end=\"4642\">Mikil hreinleiki (\u226599%)<\/strong> \u2013 Laboratoriumgetest op identiteit en samenstelling.<\/p>\n<\/li>\n<li data-start=\"4698\" data-end=\"4787\">\n<p data-start=\"4700\" data-end=\"4787\"><strong data-start=\"4700\" data-end=\"4744\">Nauwkeurige Dosering (200 MG per pellet)<\/strong> - Tryggir endurtakanlegar ni\u00f0urst\u00f6\u00f0ur.<\/p>\n<\/li>\n<li data-start=\"4788\" data-end=\"4861\">\n<p data-start=\"4790\" data-end=\"4861\"><strong data-start=\"4790\" data-end=\"4816\">B\u00e6tt st\u00f6\u00f0ugleiki<\/strong> \u2013 Pelletvorm voorkomt afbraak en oxidatie.<\/p>\n<\/li>\n<li data-start=\"4862\" data-end=\"4941\">\n<p data-start=\"4864\" data-end=\"4941\"><strong data-start=\"4864\" data-end=\"4898\">\u00c1rei\u00f0anleg g\u00e6\u00f0aeftirlit<\/strong> \u2013 Framleitt samkv\u00e6mt GMP-l\u00edkum st\u00f6\u00f0lum.<\/p>\n<\/li>\n<li data-start=\"4942\" data-end=\"5034\">\n<p data-start=\"4944\" data-end=\"5034\"><strong data-start=\"4944\" data-end=\"4966\">\u00d6ruggar umb\u00fa\u00f0ir<\/strong> \u2013 Luchtdicht en vochtbestendig verpakt voor maximale bescherming. <span class=\"___SBox_epc1q-ko_ ___SText_zko9t-ko_\" data-ui-name=\"Link.Text\">kaupa 3mmc<\/span><\/p>\n<\/li>\n<\/ul>\n<hr data-start=\"5036\" data-end=\"5039\" \/>\n<h3 data-start=\"5041\" data-end=\"5058\"><strong data-start=\"5045\" data-end=\"5058\">Kostir<\/strong><\/h3>\n<ul data-start=\"5059\" data-end=\"5344\">\n<li data-start=\"5059\" data-end=\"5135\">\n<p data-start=\"5061\" data-end=\"5135\">Kve\u00f0ur \u00e1 um <strong data-start=\"5072\" data-end=\"5096\">n\u00e1kv\u00e6m sk\u00f6mmtun<\/strong> og \u00e1rei\u00f0anlegar ranns\u00f3knarni\u00f0urst\u00f6\u00f0ur.<\/p>\n<\/li>\n<li data-start=\"5136\" data-end=\"5212\">\n<p data-start=\"5138\" data-end=\"5212\">Hentar fyrir <strong data-start=\"5152\" data-end=\"5209\">onderzoek naar cathinonen en neurotransmittersystemen<\/strong>.<\/p>\n<\/li>\n<li data-start=\"5213\" data-end=\"5266\">\n<p data-start=\"5215\" data-end=\"5266\"><strong data-start=\"5215\" data-end=\"5242\">B\u00e6tt geymslu\u00feol<\/strong> og au\u00f0veld geymsla.<\/p>\n<\/li>\n<li data-start=\"5267\" data-end=\"5344\">\n<p data-start=\"5269\" data-end=\"5344\">Eenvoudig en veilig te hanteren in gecontroleerde laboratoriumomgevingen.<\/p>\n<\/li>\n<\/ul>\n<hr data-start=\"5346\" data-end=\"5349\" \/>\n<h3 data-start=\"5351\" data-end=\"5366\"><strong data-start=\"5355\" data-end=\"5366\">Notkun<\/strong><\/h3>\n<ul data-start=\"5367\" data-end=\"5652\">\n<li data-start=\"5367\" data-end=\"5437\">\n<p data-start=\"5369\" data-end=\"5437\">A\u00f0eins til notkunar af <strong data-start=\"5394\" data-end=\"5434\">h\u00e6ft starfsf\u00f3lk \u00ed ranns\u00f3knarstofunni<\/strong>.<\/p>\n<\/li>\n<li data-start=\"5438\" data-end=\"5514\">\n<p data-start=\"5440\" data-end=\"5514\">Noti\u00f0 vi\u00f0eigandi <strong data-start=\"5458\" data-end=\"5482\">hl\u00edf\u00f0arb\u00fana\u00f0ur<\/strong> (hanskar, hl\u00edf\u00f0argleraugu, ranns\u00f3knarstofusloppur).<\/p>\n<\/li>\n<li data-start=\"5515\" data-end=\"5593\">\n<p data-start=\"5517\" data-end=\"5593\">Spara\u00f0u \u00e1 <strong data-start=\"5532\" data-end=\"5555\">kaldur, \u00feurr sta\u00f0ur<\/strong>, vari\u00f0 gegn s\u00f3larlj\u00f3si og raka.<\/p>\n<\/li>\n<li data-start=\"5594\" data-end=\"5652\">\n<p data-start=\"5596\" data-end=\"5652\">Ekki hentugt til neyslu manna e\u00f0a d\u00fdra.<\/p>\n<\/li>\n<\/ul>\n<hr data-start=\"5654\" data-end=\"5657\" \/>\n<h3 data-start=\"5659\" data-end=\"5694\"><strong data-start=\"5663\" data-end=\"5694\">Algengar spurningar (FAQs)<\/strong><\/h3>\n<p data-start=\"5696\" data-end=\"5859\"><strong data-start=\"5696\" data-end=\"5733\">1. Waarvoor wordt 3-MMC gebruikt?<\/strong><br data-start=\"5733\" data-end=\"5736\" \/>3-MMC wordt gebruikt voor <strong data-start=\"5762\" data-end=\"5807\">lyfjafr\u00e6\u00f0ilegar og taugaefnafr\u00e6\u00f0ilegar ranns\u00f3knir<\/strong> naar stimulantia en neurotransmittertransporters.<\/p>\n<p data-start=\"5861\" data-end=\"6038\"><strong data-start=\"5861\" data-end=\"5916\">2. Is 3-MMC 200 MG geschikt voor menselijk gebruik?<\/strong><br data-start=\"5916\" data-end=\"5919\" \/>Nei. \u00deessi vara er <strong data-start=\"5939\" data-end=\"5988\">eing\u00f6ngu \u00e6tla\u00f0 til ranns\u00f3knar<\/strong> og ekki sam\u00feykkt til manneldis.<\/p>\n<p data-start=\"6040\" data-end=\"6208\"><strong data-start=\"6040\" data-end=\"6084\">3. Hoe moet 3-MMC 200 MG worden bewaard?<\/strong><br data-start=\"6084\" data-end=\"6087\" \/>Geymi\u00f0 \u00ed <strong data-start=\"6102\" data-end=\"6132\">vel innsiglu\u00f0 umb\u00fa\u00f0ir<\/strong> vi\u00f0 stofuhita (15\u201325\u00b0C), vari\u00f0 gegn raka og beinu s\u00f3larlj\u00f3si.<\/p>","protected":false},"excerpt":{"rendered":"<h2><span data-sheets-value=\"{\" data-sheets-userformat=\"{\">3-MMC k\u00falur <\/span> eiginleikar<\/h2>\n<p><strong>Samheiti<\/strong>2-(met\u00fdlam\u00edn\u00f3)-1-(3-met\u00fdlfen\u00fdl)-1-pr\u00f3pan\u00f3n, m\u00f3n\u00f3h\u00fddr\u00f3kl\u00f3r\u00ed\u00f0<br \/>\n<strong>CAS-n\u00famer<\/strong>: 1246816-62-5<br \/>\n<strong>Form\u00fala<\/strong>C11h15NO \u2022 HCL<br \/>\n<strong>M\u00f3lmassi<\/strong>: 213,7<br \/>\n<strong>Hreinleiki<\/strong>: \u226599%<\/p>","protected":false},"featured_media":29443,"comment_status":"closed","ping_status":"closed","template":"","meta":[],"product_brand":[],"product_cat":[488],"product_tag":[1147,930,326],"class_list":{"0":"post-23586","1":"product","2":"type-product","3":"status-publish","4":"has-post-thumbnail","6":"product_cat-verboden","7":"product_tag-3-mmc","8":"product_tag-3-mmc-kopen","9":"product_tag-nl","11":"first","12":"outofstock","13":"taxable","14":"shipping-taxable","15":"purchasable","16":"product-type-simple"},"_links":{"self":[{"href":"https:\/\/onderzoekschemicals.com\/is\/wp-json\/wp\/v2\/product\/23586","targetHints":{"allow":["GET"]}}],"collection":[{"href":"https:\/\/onderzoekschemicals.com\/is\/wp-json\/wp\/v2\/product"}],"about":[{"href":"https:\/\/onderzoekschemicals.com\/is\/wp-json\/wp\/v2\/types\/product"}],"replies":[{"embeddable":true,"href":"https:\/\/onderzoekschemicals.com\/is\/wp-json\/wp\/v2\/comments?post=23586"}],"version-history":[{"count":5,"href":"https:\/\/onderzoekschemicals.com\/is\/wp-json\/wp\/v2\/product\/23586\/revisions"}],"predecessor-version":[{"id":27999,"href":"https:\/\/onderzoekschemicals.com\/is\/wp-json\/wp\/v2\/product\/23586\/revisions\/27999"}],"wp:featuredmedia":[{"embeddable":true,"href":"https:\/\/onderzoekschemicals.com\/is\/wp-json\/wp\/v2\/media\/29443"}],"wp:attachment":[{"href":"https:\/\/onderzoekschemicals.com\/is\/wp-json\/wp\/v2\/media?parent=23586"}],"wp:term":[{"taxonomy":"product_brand","embeddable":true,"href":"https:\/\/onderzoekschemicals.com\/is\/wp-json\/wp\/v2\/product_brand?post=23586"},{"taxonomy":"product_cat","embeddable":true,"href":"https:\/\/onderzoekschemicals.com\/is\/wp-json\/wp\/v2\/product_cat?post=23586"},{"taxonomy":"product_tag","embeddable":true,"href":"https:\/\/onderzoekschemicals.com\/is\/wp-json\/wp\/v2\/product_tag?post=23586"}],"curies":[{"name":"wp","href":"https:\/\/api.w.org\/{rel}","templated":true}]}}