{"id":23581,"date":"2025-04-13T17:40:01","date_gmt":"2025-04-13T17:40:01","guid":{"rendered":"https:\/\/onderzoekschemicals.com\/?post_type=product&#038;p=23581"},"modified":"2025-11-28T08:03:22","modified_gmt":"2025-11-28T08:03:22","slug":"4-ho-met","status":"publish","type":"product","link":"https:\/\/onderzoekschemicals.com\/is\/shop\/4-ho-met\/4-ho-met\/","title":{"rendered":"4-HO-MET 20 MG k\u00falur"},"content":{"rendered":"<p data-start=\"3872\" data-end=\"4063\"><strong data-start=\"3872\" data-end=\"3923\"><span dir=\"auto\" style=\"vertical-align: inherit;\"><span dir=\"auto\" style=\"vertical-align: inherit;\">4-HO-MET (4-h\u00fddrox\u00fd-N-met\u00fdl-N-et\u00fdltryptam\u00edn)<\/span><\/span><\/strong><span dir=\"auto\" style=\"vertical-align: inherit;\"><span dir=\"auto\" style=\"vertical-align: inherit;\"> 20 MG Pellets are <\/span><\/span><strong data-start=\"3943\" data-end=\"3989\"><span dir=\"auto\" style=\"vertical-align: inherit;\"><span dir=\"auto\" style=\"vertical-align: inherit;\">ranns\u00f3knarefnasamb\u00f6nd me\u00f0 mikla hreinleika<\/span><\/span><\/strong><span dir=\"auto\" style=\"vertical-align: inherit;\"><span dir=\"auto\" style=\"vertical-align: inherit;\"> \u00fer\u00f3a\u00f0 fyrir <\/span><\/span><strong data-start=\"4007\" data-end=\"4060\"><span dir=\"auto\" style=\"vertical-align: inherit;\"><span dir=\"auto\" style=\"vertical-align: inherit;\">neuroscience and pharmacological research<\/span><\/span><\/strong><span dir=\"auto\" style=\"vertical-align: inherit;\"><span dir=\"auto\" style=\"vertical-align: inherit;\"> . <\/span><\/span><span class=\"___SBox_epc1q-ko_ ___SText_zko9t-ko_\" data-ui-name=\"Link.Text\"><span dir=\"auto\" style=\"vertical-align: inherit;\"><span dir=\"auto\" style=\"vertical-align: inherit;\">4 h\u00f3 hitti<\/span><\/span><\/span><\/p>\n<p data-start=\"4065\" data-end=\"4275\"><span dir=\"auto\" style=\"vertical-align: inherit;\"><span dir=\"auto\" style=\"vertical-align: inherit;\">As a structural analog of <\/span><\/span><strong data-start=\"4094\" data-end=\"4118\"><span dir=\"auto\" style=\"vertical-align: inherit;\"><span dir=\"auto\" style=\"vertical-align: inherit;\">psilocin (4-HO-DMT),<\/span><\/span><\/strong><span dir=\"auto\" style=\"vertical-align: inherit;\"><span dir=\"auto\" style=\"vertical-align: inherit;\"> 4-HO-MET is frequently investigated for its effects on <\/span><\/span><strong data-start=\"4174\" data-end=\"4199\"><span dir=\"auto\" style=\"vertical-align: inherit;\"><span dir=\"auto\" style=\"vertical-align: inherit;\">ser\u00f3t\u00f3n\u00ednvi\u00f0takar<\/span><\/span><\/strong><span dir=\"auto\" style=\"vertical-align: inherit;\"><span dir=\"auto\" style=\"vertical-align: inherit;\"> og <\/span><\/span><strong data-start=\"4203\" data-end=\"4245\"><span dir=\"auto\" style=\"vertical-align: inherit;\"><span dir=\"auto\" style=\"vertical-align: inherit;\">tengsl byggingar og virkni (SAR)<\/span><\/span><\/strong><span dir=\"auto\" style=\"vertical-align: inherit;\"><span dir=\"auto\" style=\"vertical-align: inherit;\"> innan tryptam\u00ednflokksins.<\/span><\/span><\/p>\n<p data-start=\"4277\" data-end=\"4430\"><span dir=\"auto\" style=\"vertical-align: inherit;\"><span dir=\"auto\" style=\"vertical-align: inherit;\">Hvert pilla inniheldur <\/span><\/span><strong data-start=\"4295\" data-end=\"4321\"><span dir=\"auto\" style=\"vertical-align: inherit;\"><span dir=\"auto\" style=\"vertical-align: inherit;\">20 mg of pure 4-HO-MET<\/span><\/span><\/strong><span dir=\"auto\" style=\"vertical-align: inherit;\"><span dir=\"auto\" style=\"vertical-align: inherit;\"> , carefully measured for consistent and reproducible research results with improved stability.<\/span><\/span><\/p>\n<blockquote data-start=\"4432\" data-end=\"4570\">\n<p data-start=\"4434\" data-end=\"4570\">\u26a0\ufe0f <strong data-start=\"4437\" data-end=\"4448\"><span dir=\"auto\" style=\"vertical-align: inherit;\"><span dir=\"auto\" style=\"vertical-align: inherit;\">Vinsamlegast athugi\u00f0:<\/span><\/span><\/strong><span dir=\"auto\" style=\"vertical-align: inherit;\"><span dir=\"auto\" style=\"vertical-align: inherit;\"> \u00deessi vara er <\/span><\/span><strong data-start=\"4464\" data-end=\"4519\"><span dir=\"auto\" style=\"vertical-align: inherit;\"><span dir=\"auto\" style=\"vertical-align: inherit;\">eing\u00f6ngu \u00e6tla\u00f0 til v\u00edsindaranns\u00f3kna<\/span><\/span><\/strong><span dir=\"auto\" style=\"vertical-align: inherit;\"><span dir=\"auto\" style=\"vertical-align: inherit;\"> og <\/span><\/span><strong data-start=\"4523\" data-end=\"4567\"><span dir=\"auto\" style=\"vertical-align: inherit;\"><span dir=\"auto\" style=\"vertical-align: inherit;\">er ekki h\u00e6ft til manneldis<\/span><\/span><\/strong><span dir=\"auto\" style=\"vertical-align: inherit;\"><span dir=\"auto\" style=\"vertical-align: inherit;\"> .<\/span><\/span><\/p>\n<\/blockquote>\n<hr data-start=\"4572\" data-end=\"4575\" \/>\n<h3 data-start=\"4577\" data-end=\"4608\"><strong data-start=\"4581\" data-end=\"4608\"><span dir=\"auto\" style=\"vertical-align: inherit;\"><span dir=\"auto\" style=\"vertical-align: inherit;\">Lykilatri\u00f0i<\/span><\/span><\/strong><\/h3>\n<ul data-start=\"4609\" data-end=\"5044\">\n<li data-start=\"4609\" data-end=\"4707\">\n<p data-start=\"4611\" data-end=\"4707\"><strong data-start=\"4611\" data-end=\"4637\"><span dir=\"auto\" style=\"vertical-align: inherit;\"><span dir=\"auto\" style=\"vertical-align: inherit;\">Mikil hreinleiki (\u226599%)<\/span><\/span><\/strong><span dir=\"auto\" style=\"vertical-align: inherit;\"><span dir=\"auto\" style=\"vertical-align: inherit;\"> \u2013 Pr\u00f3fa\u00f0 \u00ed ranns\u00f3knarstofu til a\u00f0 kanna au\u00f0kenni, samsetningu og st\u00f6\u00f0ugleika.<\/span><\/span><\/p>\n<\/li>\n<li data-start=\"4708\" data-end=\"4805\">\n<p data-start=\"4710\" data-end=\"4805\"><strong data-start=\"4710\" data-end=\"4753\"><span dir=\"auto\" style=\"vertical-align: inherit;\"><span dir=\"auto\" style=\"vertical-align: inherit;\">Precise Dosage (20 MG per pellet)<\/span><\/span><\/strong><span dir=\"auto\" style=\"vertical-align: inherit;\"><span dir=\"auto\" style=\"vertical-align: inherit;\"> \u2013 Fyrir \u00e1rei\u00f0anlegar og endurtakanlegar ni\u00f0urst\u00f6\u00f0ur.<\/span><\/span><\/p>\n<\/li>\n<li data-start=\"4806\" data-end=\"4877\">\n<p data-start=\"4808\" data-end=\"4877\"><strong data-start=\"4808\" data-end=\"4832\"><span dir=\"auto\" style=\"vertical-align: inherit;\"><span dir=\"auto\" style=\"vertical-align: inherit;\">St\u00f6\u00f0ug form\u00fala<\/span><\/span><\/strong><span dir=\"auto\" style=\"vertical-align: inherit;\"><span dir=\"auto\" style=\"vertical-align: inherit;\"> \u2013 Pellet form prevents oxidation and degradation.<\/span><\/span><\/p>\n<\/li>\n<li data-start=\"4878\" data-end=\"4950\">\n<p data-start=\"4880\" data-end=\"4950\"><strong data-start=\"4880\" data-end=\"4905\"><span dir=\"auto\" style=\"vertical-align: inherit;\"><span dir=\"auto\" style=\"vertical-align: inherit;\">GMP-l\u00edk framlei\u00f0sla<\/span><\/span><\/strong><span dir=\"auto\" style=\"vertical-align: inherit;\"><span dir=\"auto\" style=\"vertical-align: inherit;\"> \u2013 Guaranteed quality and consistency.<\/span><\/span><\/p>\n<\/li>\n<li data-start=\"4951\" data-end=\"5044\">\n<p data-start=\"4953\" data-end=\"5044\"><strong data-start=\"4953\" data-end=\"4975\"><span dir=\"auto\" style=\"vertical-align: inherit;\"><span dir=\"auto\" style=\"vertical-align: inherit;\">\u00d6ruggar umb\u00fa\u00f0ir<\/span><\/span><\/strong><span dir=\"auto\" style=\"vertical-align: inherit;\"><span dir=\"auto\" style=\"vertical-align: inherit;\"> \u2013 Airtight and moisture-proof packaging for optimal shelf life. <\/span><\/span><span class=\"___SBox_epc1q-ko_ ___SText_zko9t-ko_\" data-ui-name=\"Link.Text\"><span dir=\"auto\" style=\"vertical-align: inherit;\"><span dir=\"auto\" style=\"vertical-align: inherit;\">4 ho with<\/span><\/span><\/span><\/p>\n<\/li>\n<\/ul>\n<hr data-start=\"5046\" data-end=\"5049\" \/>\n<h3 data-start=\"5051\" data-end=\"5068\"><strong data-start=\"5055\" data-end=\"5068\"><span dir=\"auto\" style=\"vertical-align: inherit;\"><span dir=\"auto\" style=\"vertical-align: inherit;\">Kostir<\/span><\/span><\/strong><\/h3>\n<ul data-start=\"5069\" data-end=\"5362\">\n<li data-start=\"5069\" data-end=\"5151\">\n<p data-start=\"5071\" data-end=\"5151\"><span dir=\"auto\" style=\"vertical-align: inherit;\"><span dir=\"auto\" style=\"vertical-align: inherit;\">Hentar fyrir <\/span><\/span><strong data-start=\"5085\" data-end=\"5148\"><span dir=\"auto\" style=\"vertical-align: inherit;\"><span dir=\"auto\" style=\"vertical-align: inherit;\">research into serotonin receptors and tryptamine analogues<\/span><\/span><\/strong><span dir=\"auto\" style=\"vertical-align: inherit;\"><span dir=\"auto\" style=\"vertical-align: inherit;\"> .<\/span><\/span><\/p>\n<\/li>\n<li data-start=\"5152\" data-end=\"5228\">\n<p data-start=\"5154\" data-end=\"5228\"><span dir=\"auto\" style=\"vertical-align: inherit;\"><span dir=\"auto\" style=\"vertical-align: inherit;\">Tryggir <\/span><\/span><strong data-start=\"5165\" data-end=\"5189\"><span dir=\"auto\" style=\"vertical-align: inherit;\"><span dir=\"auto\" style=\"vertical-align: inherit;\">accurate dosing<\/span><\/span><\/strong><span dir=\"auto\" style=\"vertical-align: inherit;\"><span dir=\"auto\" style=\"vertical-align: inherit;\"> and reliable research results.<\/span><\/span><\/p>\n<\/li>\n<li data-start=\"5229\" data-end=\"5290\">\n<p data-start=\"5231\" data-end=\"5290\"><strong data-start=\"5231\" data-end=\"5258\"><span dir=\"auto\" style=\"vertical-align: inherit;\"><span dir=\"auto\" style=\"vertical-align: inherit;\">Improved shelf life<\/span><\/span><\/strong><span dir=\"auto\" style=\"vertical-align: inherit;\"><span dir=\"auto\" style=\"vertical-align: inherit;\"> due to stable formulation.<\/span><\/span><\/p>\n<\/li>\n<li data-start=\"5291\" data-end=\"5362\">\n<p data-start=\"5293\" data-end=\"5362\"><span dir=\"auto\" style=\"vertical-align: inherit;\"><span dir=\"auto\" style=\"vertical-align: inherit;\">Easy to <\/span><\/span><strong data-start=\"5306\" data-end=\"5333\"><span dir=\"auto\" style=\"vertical-align: inherit;\"><span dir=\"auto\" style=\"vertical-align: inherit;\">handle and store<\/span><\/span><\/strong><span dir=\"auto\" style=\"vertical-align: inherit;\"><span dir=\"auto\" style=\"vertical-align: inherit;\"> in laboratory environments.<\/span><\/span><\/p>\n<\/li>\n<\/ul>\n<hr data-start=\"5364\" data-end=\"5367\" \/>\n<h3 data-start=\"5369\" data-end=\"5384\"><strong data-start=\"5373\" data-end=\"5384\"><span dir=\"auto\" style=\"vertical-align: inherit;\"><span dir=\"auto\" style=\"vertical-align: inherit;\">Notkun<\/span><\/span><\/strong><\/h3>\n<ul data-start=\"5385\" data-end=\"5678\">\n<li data-start=\"5385\" data-end=\"5455\">\n<p data-start=\"5387\" data-end=\"5455\"><span dir=\"auto\" style=\"vertical-align: inherit;\"><span dir=\"auto\" style=\"vertical-align: inherit;\">Til notkunar fyrir <\/span><\/span><strong data-start=\"5412\" data-end=\"5452\"><span dir=\"auto\" style=\"vertical-align: inherit;\"><span dir=\"auto\" style=\"vertical-align: inherit;\">h\u00e6ft starfsf\u00f3lk \u00ed ranns\u00f3knarstofunni<\/span><\/span><\/strong><span dir=\"auto\" style=\"vertical-align: inherit;\"><span dir=\"auto\" style=\"vertical-align: inherit;\"> a\u00f0eins .<\/span><\/span><\/p>\n<\/li>\n<li data-start=\"5456\" data-end=\"5543\">\n<p data-start=\"5458\" data-end=\"5543\"><span dir=\"auto\" style=\"vertical-align: inherit;\"><span dir=\"auto\" style=\"vertical-align: inherit;\">Kl\u00e6\u00f0ist vi\u00f0eigandi <\/span><\/span><strong data-start=\"5476\" data-end=\"5500\"><span dir=\"auto\" style=\"vertical-align: inherit;\"><span dir=\"auto\" style=\"vertical-align: inherit;\">hl\u00edf\u00f0arb\u00fana\u00f0ur<\/span><\/span><\/strong><span dir=\"auto\" style=\"vertical-align: inherit;\"><span dir=\"auto\" style=\"vertical-align: inherit;\"> (hanskar, \u00f6ryggisgleraugu, ranns\u00f3knarstofusloppur).<\/span><\/span><\/p>\n<\/li>\n<li data-start=\"5544\" data-end=\"5619\">\n<p data-start=\"5546\" data-end=\"5619\"><span dir=\"auto\" style=\"vertical-align: inherit;\"><span dir=\"auto\" style=\"vertical-align: inherit;\">Geymi\u00f0 \u00ed <\/span><\/span><strong data-start=\"5561\" data-end=\"5584\"><span dir=\"auto\" style=\"vertical-align: inherit;\"><span dir=\"auto\" style=\"vertical-align: inherit;\">kaldur, \u00feurr sta\u00f0ur<\/span><\/span><\/strong><span dir=\"auto\" style=\"vertical-align: inherit;\"><span dir=\"auto\" style=\"vertical-align: inherit;\"> , vari\u00f0 gegn lj\u00f3si og raka.<\/span><\/span><\/p>\n<\/li>\n<li data-start=\"5620\" data-end=\"5678\">\n<p data-start=\"5622\" data-end=\"5678\"><span dir=\"auto\" style=\"vertical-align: inherit;\"><span dir=\"auto\" style=\"vertical-align: inherit;\">Ekki hentugt til neyslu manna e\u00f0a d\u00fdra.<\/span><\/span><\/p>\n<\/li>\n<\/ul>\n<hr data-start=\"5680\" data-end=\"5683\" \/>\n<h3 data-start=\"5685\" data-end=\"5720\"><strong data-start=\"5689\" data-end=\"5720\"><span dir=\"auto\" style=\"vertical-align: inherit;\"><span dir=\"auto\" style=\"vertical-align: inherit;\">Algengar spurningar (FAQs)<\/span><\/span><\/strong><\/h3>\n<p data-start=\"5722\" data-end=\"5874\"><strong data-start=\"5722\" data-end=\"5762\"><span dir=\"auto\" style=\"vertical-align: inherit;\"><span dir=\"auto\" style=\"vertical-align: inherit;\">1. What is 4-HO-MET used for?<\/span><\/span><\/strong><br data-start=\"5762\" data-end=\"5765\" \/><span dir=\"auto\" style=\"vertical-align: inherit;\"><span dir=\"auto\" style=\"vertical-align: inherit;\"> 4-HO-MET er nota\u00f0 \u00ed <\/span><\/span><strong data-start=\"5794\" data-end=\"5829\"><span dir=\"auto\" style=\"vertical-align: inherit;\"><span dir=\"auto\" style=\"vertical-align: inherit;\">neuroscience research<\/span><\/span><\/strong><span dir=\"auto\" style=\"vertical-align: inherit;\"><span dir=\"auto\" style=\"vertical-align: inherit;\"> on tryptamines and serotonin receptors.<\/span><\/span><\/p>\n<p data-start=\"5876\" data-end=\"6055\"><strong data-start=\"5876\" data-end=\"5933\"><span dir=\"auto\" style=\"vertical-align: inherit;\"><span dir=\"auto\" style=\"vertical-align: inherit;\">2. Is 4-HO-MET 20 MG suitable for human use?<\/span><\/span><\/strong><br data-start=\"5933\" data-end=\"5936\" \/><span dir=\"auto\" style=\"vertical-align: inherit;\"><span dir=\"auto\" style=\"vertical-align: inherit;\"> Nei. \u00deessi vara er <\/span><\/span><strong data-start=\"5956\" data-end=\"6005\"><span dir=\"auto\" style=\"vertical-align: inherit;\"><span dir=\"auto\" style=\"vertical-align: inherit;\">eing\u00f6ngu \u00e6tla\u00f0 til ranns\u00f3knar<\/span><\/span><\/strong><span dir=\"auto\" style=\"vertical-align: inherit;\"><span dir=\"auto\" style=\"vertical-align: inherit;\"> og er ekki sam\u00feykkt til manneldis.<\/span><\/span><\/p>\n<p data-start=\"6057\" data-end=\"6228\"><strong data-start=\"6057\" data-end=\"6103\"><span dir=\"auto\" style=\"vertical-align: inherit;\"><span dir=\"auto\" style=\"vertical-align: inherit;\">3. How should 4-HO-MET 20 MG be stored?<\/span><\/span><\/strong><br data-start=\"6103\" data-end=\"6106\" \/><span dir=\"auto\" style=\"vertical-align: inherit;\"><span dir=\"auto\" style=\"vertical-align: inherit;\"> Geymi\u00f0 \u00ed <\/span><\/span><strong data-start=\"6121\" data-end=\"6151\"><span dir=\"auto\" style=\"vertical-align: inherit;\"><span dir=\"auto\" style=\"vertical-align: inherit;\">vel loka\u00f0 \u00edl\u00e1t<\/span><\/span><\/strong><span dir=\"auto\" style=\"vertical-align: inherit;\"><span dir=\"auto\" style=\"vertical-align: inherit;\"> at room temperature (15\u201325\u00b0C), away from moisture and direct sunlight.<\/span><\/span><\/p>\n<h3><span style=\"color: #333333; font-size: 16px;\"><span dir=\"auto\" style=\"vertical-align: inherit;\"><span dir=\"auto\" style=\"vertical-align: inherit;\">. <\/span><\/span><\/span><a style=\"font-size: 16px;\" href=\"https:\/\/onderzoekschemicals.com\/is\/shop\/iboga-ibogaine\/iboga-root-bark\/\"><span dir=\"auto\" style=\"vertical-align: inherit;\"><span dir=\"auto\" style=\"vertical-align: inherit;\">iboga r\u00f3tarb\u00f6rkur<\/span><\/span><\/a><a style=\"font-size: 16px;\" href=\"https:\/\/onderzoekschemicals.com\/is\/shop\/iboga-ibogaine\/buy-ibogaine-hcl-online\/\"><span dir=\"auto\" style=\"vertical-align: inherit;\"><span dir=\"auto\" style=\"vertical-align: inherit;\">kaupa ibogaine hcl \u00e1 netinu<\/span><\/span><\/a><a style=\"font-size: 16px;\" href=\"https:\/\/onderzoekschemicals.com\/is\/shop\/lysergamides\/1cp-lsd\/\"><span dir=\"auto\" style=\"vertical-align: inherit;\"><span dir=\"auto\" style=\"vertical-align: inherit;\">1cp lsd <\/span><\/span><\/a><a style=\"font-size: 16px;\" href=\"https:\/\/onderzoekschemicals.com\/is\/shop\/pellets\/o-dsmt-50mg-pellets\/\"><span dir=\"auto\" style=\"vertical-align: inherit;\"><span dir=\"auto\" style=\"vertical-align: inherit;\">o-dsmt <\/span><\/span><\/a><a style=\"font-size: 16px;\" href=\"https:\/\/onderzoekschemicals.com\/is\/shop\/lysergamides\/1vlsd\/\"><span dir=\"auto\" style=\"vertical-align: inherit;\"><span dir=\"auto\" style=\"vertical-align: inherit;\">1vlsd<\/span><\/span><\/a><\/h3>","protected":false},"excerpt":{"rendered":"<h2><span style=\"vertical-align: inherit;\"><span style=\"vertical-align: inherit;\"><span dir=\"auto\" style=\"vertical-align: inherit;\"><span dir=\"auto\" style=\"vertical-align: inherit;\">4-HO-MET properties<\/span><\/span><\/span><\/span><\/h2>\n<p><strong><span style=\"vertical-align: inherit;\"><span style=\"vertical-align: inherit;\"><span dir=\"auto\" style=\"vertical-align: inherit;\"><span dir=\"auto\" style=\"vertical-align: inherit;\">Synonyms<\/span><\/span><\/span><\/span><\/strong><span style=\"vertical-align: inherit;\"><span style=\"vertical-align: inherit;\"><span dir=\"auto\" style=\"vertical-align: inherit;\"><span dir=\"auto\" style=\"vertical-align: inherit;\"> : 4-hydroxy-N-methyl-N-ethyltryptamine; metocin; 3-{2-[ethyl(methyl)amino]ethyl}-1H-indol-4-ol <\/span><\/span><\/span><\/span><br \/>\n<strong><span style=\"vertical-align: inherit;\"><span style=\"vertical-align: inherit;\"><span dir=\"auto\" style=\"vertical-align: inherit;\"><span dir=\"auto\" style=\"vertical-align: inherit;\">CAS Number<\/span><\/span><\/span><\/span><\/strong><span style=\"vertical-align: inherit;\"><span style=\"vertical-align: inherit;\"><span dir=\"auto\" style=\"vertical-align: inherit;\"><span dir=\"auto\" style=\"vertical-align: inherit;\"> : 77872-41-4 <\/span><\/span><\/span><\/span><br \/>\n<strong><span style=\"vertical-align: inherit;\"><span style=\"vertical-align: inherit;\"><span dir=\"auto\" style=\"vertical-align: inherit;\"><span dir=\"auto\" style=\"vertical-align: inherit;\">Formula<\/span><\/span><\/span><\/span><\/strong><span style=\"vertical-align: inherit;\"><span style=\"vertical-align: inherit;\"><span dir=\"auto\" style=\"vertical-align: inherit;\"><span dir=\"auto\" style=\"vertical-align: inherit;\"> : C13H18N2O <\/span><\/span><\/span><\/span><br \/>\n<strong><span style=\"vertical-align: inherit;\"><span style=\"vertical-align: inherit;\"><span dir=\"auto\" style=\"vertical-align: inherit;\"><span dir=\"auto\" style=\"vertical-align: inherit;\">Molar mass<\/span><\/span><\/span><\/span><\/strong><span style=\"vertical-align: inherit;\"><span style=\"vertical-align: inherit;\"><span dir=\"auto\" style=\"vertical-align: inherit;\"><span dir=\"auto\" style=\"vertical-align: inherit;\"> : 218.3 g\/mol <\/span><\/span><\/span><\/span><br \/>\n<strong><span style=\"vertical-align: inherit;\"><span style=\"vertical-align: inherit;\"><span dir=\"auto\" style=\"vertical-align: inherit;\"><span dir=\"auto\" style=\"vertical-align: inherit;\">Purity<\/span><\/span><\/span><\/span><\/strong><span style=\"vertical-align: inherit;\"><span style=\"vertical-align: inherit;\"><span dir=\"auto\" style=\"vertical-align: inherit;\"><span dir=\"auto\" style=\"vertical-align: inherit;\"> : \u226598%<\/span><\/span><\/span><\/span><\/p>\n","protected":false},"featured_media":29370,"comment_status":"closed","ping_status":"closed","template":"","meta":[],"product_brand":[82],"product_cat":[382,403,324,381],"product_tag":[1146,658,636,635,326],"class_list":{"0":"post-23581","1":"product","2":"type-product","3":"status-publish","4":"has-post-thumbnail","6":"product_brand-research-chemical","7":"product_cat-4-ho-met","8":"product_cat-4-ho-met-pellets","9":"product_cat-pellets-for-pellet","10":"product_cat-tryptamines","11":"product_tag-4-ho-met-kopen","12":"product_tag-4-ho-met","13":"product_tag-metocin","14":"product_tag-metocin-kopen","15":"product_tag-nl","17":"first","18":"instock","19":"taxable","20":"shipping-taxable","21":"purchasable","22":"product-type-variable"},"_links":{"self":[{"href":"https:\/\/onderzoekschemicals.com\/is\/wp-json\/wp\/v2\/product\/23581","targetHints":{"allow":["GET"]}}],"collection":[{"href":"https:\/\/onderzoekschemicals.com\/is\/wp-json\/wp\/v2\/product"}],"about":[{"href":"https:\/\/onderzoekschemicals.com\/is\/wp-json\/wp\/v2\/types\/product"}],"replies":[{"embeddable":true,"href":"https:\/\/onderzoekschemicals.com\/is\/wp-json\/wp\/v2\/comments?post=23581"}],"version-history":[{"count":6,"href":"https:\/\/onderzoekschemicals.com\/is\/wp-json\/wp\/v2\/product\/23581\/revisions"}],"predecessor-version":[{"id":28725,"href":"https:\/\/onderzoekschemicals.com\/is\/wp-json\/wp\/v2\/product\/23581\/revisions\/28725"}],"wp:featuredmedia":[{"embeddable":true,"href":"https:\/\/onderzoekschemicals.com\/is\/wp-json\/wp\/v2\/media\/29370"}],"wp:attachment":[{"href":"https:\/\/onderzoekschemicals.com\/is\/wp-json\/wp\/v2\/media?parent=23581"}],"wp:term":[{"taxonomy":"product_brand","embeddable":true,"href":"https:\/\/onderzoekschemicals.com\/is\/wp-json\/wp\/v2\/product_brand?post=23581"},{"taxonomy":"product_cat","embeddable":true,"href":"https:\/\/onderzoekschemicals.com\/is\/wp-json\/wp\/v2\/product_cat?post=23581"},{"taxonomy":"product_tag","embeddable":true,"href":"https:\/\/onderzoekschemicals.com\/is\/wp-json\/wp\/v2\/product_tag?post=23581"}],"curies":[{"name":"wp","href":"https:\/\/api.w.org\/{rel}","templated":true}]}}