{"id":23542,"date":"2025-04-13T17:39:57","date_gmt":"2025-04-13T17:39:57","guid":{"rendered":"https:\/\/onderzoekschemicals.com\/?post_type=product&#038;p=23542"},"modified":"2025-10-19T15:41:30","modified_gmt":"2025-10-19T15:41:30","slug":"4-ho-mipt-fumarate-2","status":"publish","type":"product","link":"https:\/\/onderzoekschemicals.com\/is\/shop\/mipt\/4-ho-mipt-fumarate-2\/","title":{"rendered":"MiPT f\u00famarat (N-met\u00fdl-N-\u00eds\u00f3pr\u00f3p\u00fdltryptam\u00edn)"},"content":{"rendered":"<h1><strong><span dir=\"auto\" style=\"vertical-align: inherit;\"><span dir=\"auto\" style=\"vertical-align: inherit;\">MiPT f\u00famarat \u2013 N-met\u00fdl-N-\u00eds\u00f3pr\u00f3p\u00fdltryptam\u00edn ranns\u00f3knarefni me\u00f0 HPLC-sta\u00f0festri hreinleika<\/span><\/span><\/strong><\/h1>\n<p data-start=\"3772\" data-end=\"3958\"><strong data-start=\"3772\" data-end=\"3822\">MiPT f\u00famarat (N-met\u00fdl-N-\u00eds\u00f3pr\u00f3p\u00fdltryptam\u00edn)<\/strong> er <strong data-start=\"3830\" data-end=\"3872\">ranns\u00f3knarefni me\u00f0 mikilli hreinleika<\/strong>, \u00fer\u00f3a\u00f0 fyrir <strong data-start=\"3890\" data-end=\"3955\">taugav\u00edsindalegar, lyfjafr\u00e6\u00f0ilegar og greiningarranns\u00f3knir<\/strong>4-ho-mipt f\u00famarat<\/p>\n<p data-start=\"3960\" data-end=\"4167\">MiPT tilheyrir <strong data-start=\"3980\" data-end=\"4000\">tryptam\u00ednflokkur<\/strong>, tengt <strong data-start=\"4014\" data-end=\"4021\">DMT<\/strong> og <strong data-start=\"4025\" data-end=\"4032\">AF<\/strong>og er oft rannsaka\u00f0 \u00ed tengslum vi\u00f0 <strong data-start=\"4074\" data-end=\"4118\">ser\u00f3t\u00f3n\u00ednvi\u00f0takar (5-HT2A og 5-HT1A)<\/strong> og <strong data-start=\"4122\" data-end=\"4164\">tengsl byggingar og virkni (SAR)<\/strong>.<\/p>\n<p data-start=\"4169\" data-end=\"4359\">Hinn <strong data-start=\"4172\" data-end=\"4192\">f\u00famaratsaltform<\/strong> tilbo\u00f0 <strong data-start=\"4199\" data-end=\"4253\">betri st\u00f6\u00f0ugleiki, leysni og au\u00f0veld notkun<\/strong>, sem er nau\u00f0synlegt fyrir n\u00e1kv\u00e6mar og langt\u00edmaranns\u00f3knir vi\u00f0 st\u00fdr\u00f0ar ranns\u00f3knarstofua\u00f0st\u00e6\u00f0ur.<\/p>\n<blockquote data-start=\"4361\" data-end=\"4512\">\n<p data-start=\"4363\" data-end=\"4512\">\u26a0\ufe0f <strong data-start=\"4366\" data-end=\"4377\">Athugi\u00f0:<\/strong> \u00deessi vara er <strong data-start=\"4393\" data-end=\"4448\">eing\u00f6ngu \u00e6tla\u00f0 til v\u00edsindaranns\u00f3kna<\/strong> og <strong data-start=\"4452\" data-end=\"4509\">ekki hentugt til neyslu manna e\u00f0a d\u00fdra<\/strong>.<\/p>\n<\/blockquote>\n<hr data-start=\"4514\" data-end=\"4517\" \/>\n<h3 data-start=\"4519\" data-end=\"4550\"><strong data-start=\"4523\" data-end=\"4550\">Lykilatri\u00f0i<\/strong><\/h3>\n<ul data-start=\"4551\" data-end=\"4977\">\n<li data-start=\"4551\" data-end=\"4646\">\n<p data-start=\"4553\" data-end=\"4646\"><strong data-start=\"4553\" data-end=\"4579\">Mikil hreinleiki (\u226599%)<\/strong> \u2013 Ranns\u00f3knarstofupr\u00f3fa\u00f0 til a\u00f0 kanna au\u00f0kenni og efnasamsetningu.<\/p>\n<\/li>\n<li data-start=\"4647\" data-end=\"4726\">\n<p data-start=\"4649\" data-end=\"4726\"><strong data-start=\"4649\" data-end=\"4678\">St\u00f6\u00f0ugt f\u00famaratsaltform<\/strong> - Eykur geymslu\u00feol og geymslust\u00f6\u00f0ugleika.<\/p>\n<\/li>\n<li data-start=\"4727\" data-end=\"4814\">\n<p data-start=\"4729\" data-end=\"4814\"><strong data-start=\"4729\" data-end=\"4768\">Lyfjafr\u00e6\u00f0ileg ranns\u00f3knarsta\u00f0all<\/strong> \u2013 Hentar fyrir vi\u00f0taka- og SAR-ranns\u00f3knir.<\/p>\n<\/li>\n<li data-start=\"4815\" data-end=\"4888\">\n<p data-start=\"4817\" data-end=\"4888\"><strong data-start=\"4817\" data-end=\"4842\">GMP-l\u00edk framlei\u00f0sla<\/strong> \u2013 St\u00f6\u00f0ug g\u00e6\u00f0i og \u00e1rei\u00f0anleiki.<\/p>\n<\/li>\n<li data-start=\"4889\" data-end=\"4977\">\n<p data-start=\"4891\" data-end=\"4977\"><strong data-start=\"4891\" data-end=\"4913\">\u00d6ruggar umb\u00fa\u00f0ir<\/strong> \u2013 Loft\u00fe\u00e9tt og lj\u00f3s\u00feolin pakkning fyrir h\u00e1marksv\u00f6rn.<\/p>\n<\/li>\n<\/ul>\n<hr data-start=\"4979\" data-end=\"4982\" \/>\n<h3 data-start=\"4984\" data-end=\"5001\"><strong data-start=\"4988\" data-end=\"5001\">Kostir<\/strong><\/h3>\n<ul data-start=\"5002\" data-end=\"5287\">\n<li data-start=\"5002\" data-end=\"5082\">\n<p data-start=\"5004\" data-end=\"5082\">Sty\u00f0ur <strong data-start=\"5016\" data-end=\"5079\">Ranns\u00f3knir \u00e1 ser\u00f3t\u00f3n\u00ednvi\u00f0t\u00f6kum og tryptam\u00ednhli\u00f0st\u00e6\u00f0um<\/strong>.<\/p>\n<\/li>\n<li data-start=\"5083\" data-end=\"5159\">\n<p data-start=\"5085\" data-end=\"5159\"><strong data-start=\"5085\" data-end=\"5130\">N\u00e1kv\u00e6mar og endurtakanlegar ni\u00f0urst\u00f6\u00f0ur<\/strong> \u00ed ranns\u00f3knarstofupr\u00f3fum. 4-ho-mipt f\u00famarat<\/p>\n<\/li>\n<li data-start=\"5160\" data-end=\"5215\">\n<p data-start=\"5162\" data-end=\"5215\"><strong data-start=\"5162\" data-end=\"5188\">B\u00e6tt st\u00f6\u00f0ugleiki<\/strong> og lengri geymslu\u00feol.<\/p>\n<\/li>\n<li data-start=\"5216\" data-end=\"5287\">\n<p data-start=\"5218\" data-end=\"5287\">Tilvali\u00f0 fyrir <strong data-start=\"5230\" data-end=\"5284\">fr\u00e6\u00f0ilegar, lyfjafr\u00e6\u00f0ilegar og greiningarranns\u00f3knir<\/strong>.<\/p>\n<\/li>\n<\/ul>\n<hr data-start=\"5289\" data-end=\"5292\" \/>\n<h3 data-start=\"5294\" data-end=\"5309\"><strong data-start=\"5298\" data-end=\"5309\">Notkun<\/strong><\/h3>\n<ul data-start=\"5310\" data-end=\"5581\">\n<li data-start=\"5310\" data-end=\"5380\">\n<p data-start=\"5312\" data-end=\"5380\">A\u00f0eins til notkunar af <strong data-start=\"5337\" data-end=\"5377\">h\u00e6ft starfsf\u00f3lk \u00ed ranns\u00f3knarstofunni<\/strong>.<\/p>\n<\/li>\n<li data-start=\"5381\" data-end=\"5457\">\n<p data-start=\"5383\" data-end=\"5457\">Noti\u00f0 vi\u00f0eigandi <strong data-start=\"5401\" data-end=\"5425\">hl\u00edf\u00f0arb\u00fana\u00f0ur<\/strong> (hanskar, hl\u00edf\u00f0argleraugu, ranns\u00f3knarstofusloppur).<\/p>\n<\/li>\n<li data-start=\"5458\" data-end=\"5522\">\n<p data-start=\"5460\" data-end=\"5522\">Spara\u00f0u \u00e1 <strong data-start=\"5475\" data-end=\"5509\">kaldur, \u00feurr og dimmur sta\u00f0ur<\/strong> (15\u201325\u00b0C).<\/p>\n<\/li>\n<li data-start=\"5523\" data-end=\"5581\">\n<p data-start=\"5525\" data-end=\"5581\">Ekki hentugt til neyslu manna e\u00f0a d\u00fdra.<\/p>\n<\/li>\n<\/ul>\n<hr data-start=\"5583\" data-end=\"5586\" \/>\n<h3 data-start=\"5588\" data-end=\"5623\"><strong data-start=\"5592\" data-end=\"5623\">Algengar spurningar (FAQs)<\/strong><\/h3>\n<p data-start=\"5625\" data-end=\"5811\"><strong data-start=\"5625\" data-end=\"5670\">1. Til hvers er MiPT f\u00famarat nota\u00f0?<\/strong><br data-start=\"5670\" data-end=\"5673\" \/>MiPT f\u00famarat er nota\u00f0 \u00ed <strong data-start=\"5705\" data-end=\"5758\">taugav\u00edsindalegar og lyfjafr\u00e6\u00f0ilegar ranns\u00f3knir<\/strong> vi\u00f0 tryptam\u00edn hli\u00f0st\u00e6\u00f0ur og ser\u00f3t\u00f3n\u00ednvi\u00f0taka.<\/p>\n<p data-start=\"5813\" data-end=\"5989\"><strong data-start=\"5813\" data-end=\"5867\">2. Er MiPT f\u00famarat \u00f6ruggt fyrir menn?<\/strong><br data-start=\"5867\" data-end=\"5870\" \/>Nei. \u00deessi vara er <strong data-start=\"5890\" data-end=\"5939\">eing\u00f6ngu \u00e6tla\u00f0 til ranns\u00f3knar<\/strong> og ekki sam\u00feykkt til manneldis.<\/p>\n<p data-start=\"5991\" data-end=\"6165\"><strong data-start=\"5991\" data-end=\"6036\">3. Hvernig \u00e1 a\u00f0 geyma MiPT f\u00famarat?<\/strong><br data-start=\"6036\" data-end=\"6039\" \/>Geymi\u00f0 \u00ed <strong data-start=\"6054\" data-end=\"6084\">vel innsiglu\u00f0 umb\u00fa\u00f0ir<\/strong> vi\u00f0 stofuhita (15\u201325\u00b0C), vari\u00f0 gegn raka, hita og beinu lj\u00f3si.<\/p>","protected":false},"excerpt":{"rendered":"<h3><span dir=\"auto\" style=\"vertical-align: inherit;\"><span dir=\"auto\" style=\"vertical-align: inherit;\">MiPT fumarate properties<\/span><\/span><\/h3>\n<p><strong><span dir=\"auto\" style=\"vertical-align: inherit;\"><span dir=\"auto\" style=\"vertical-align: inherit;\">Synonym:<\/span><\/span><\/strong><span dir=\"auto\" style=\"vertical-align: inherit;\"><span dir=\"auto\" style=\"vertical-align: inherit;\"> N-methyl-N-isopropyltryptamine fumarate <\/span><\/span><br \/>\n<strong><span dir=\"auto\" style=\"vertical-align: inherit;\"><span dir=\"auto\" style=\"vertical-align: inherit;\">CAS Number:<\/span><\/span><\/strong><span dir=\"auto\" style=\"vertical-align: inherit;\"><span dir=\"auto\" style=\"vertical-align: inherit;\"> 96096-52-5 <\/span><\/span><br \/>\n<strong><span dir=\"auto\" style=\"vertical-align: inherit;\"><span dir=\"auto\" style=\"vertical-align: inherit;\">Formula:<\/span><\/span><\/strong><span dir=\"auto\" style=\"vertical-align: inherit;\"><span dir=\"auto\" style=\"vertical-align: inherit;\"> 3-[2-(methyl(isopropyl)amino)ethyl]-1H-indole fumarate <\/span><\/span><br \/>\n<strong><span dir=\"auto\" style=\"vertical-align: inherit;\"><span dir=\"auto\" style=\"vertical-align: inherit;\">Molar mass:<\/span><\/span><\/strong><span dir=\"auto\" style=\"vertical-align: inherit;\"><span dir=\"auto\" style=\"vertical-align: inherit;\"> 332.4 g\/mol <\/span><\/span><br \/>\n<strong><span dir=\"auto\" style=\"vertical-align: inherit;\"><span dir=\"auto\" style=\"vertical-align: inherit;\">Purity:<\/span><\/span><\/strong><span dir=\"auto\" style=\"vertical-align: inherit;\"><span dir=\"auto\" style=\"vertical-align: inherit;\"> &gt;97%<\/span><\/span><\/p>\n","protected":false},"featured_media":20442,"comment_status":"closed","ping_status":"closed","template":"","meta":[],"product_brand":[],"product_cat":[507,381],"product_tag":[1156,1157,326],"class_list":{"0":"post-23542","1":"product","2":"type-product","3":"status-publish","4":"has-post-thumbnail","6":"product_cat-mipt","7":"product_cat-tryptamines","8":"product_tag-4-ho-mipt-fumarate","9":"product_tag-4-ho-mipt-fumarate-kopen","10":"product_tag-nl","12":"first","13":"instock","14":"taxable","15":"shipping-taxable","16":"purchasable","17":"product-type-variable"},"_links":{"self":[{"href":"https:\/\/onderzoekschemicals.com\/is\/wp-json\/wp\/v2\/product\/23542","targetHints":{"allow":["GET"]}}],"collection":[{"href":"https:\/\/onderzoekschemicals.com\/is\/wp-json\/wp\/v2\/product"}],"about":[{"href":"https:\/\/onderzoekschemicals.com\/is\/wp-json\/wp\/v2\/types\/product"}],"replies":[{"embeddable":true,"href":"https:\/\/onderzoekschemicals.com\/is\/wp-json\/wp\/v2\/comments?post=23542"}],"version-history":[{"count":4,"href":"https:\/\/onderzoekschemicals.com\/is\/wp-json\/wp\/v2\/product\/23542\/revisions"}],"predecessor-version":[{"id":28019,"href":"https:\/\/onderzoekschemicals.com\/is\/wp-json\/wp\/v2\/product\/23542\/revisions\/28019"}],"wp:featuredmedia":[{"embeddable":true,"href":"https:\/\/onderzoekschemicals.com\/is\/wp-json\/wp\/v2\/media\/20442"}],"wp:attachment":[{"href":"https:\/\/onderzoekschemicals.com\/is\/wp-json\/wp\/v2\/media?parent=23542"}],"wp:term":[{"taxonomy":"product_brand","embeddable":true,"href":"https:\/\/onderzoekschemicals.com\/is\/wp-json\/wp\/v2\/product_brand?post=23542"},{"taxonomy":"product_cat","embeddable":true,"href":"https:\/\/onderzoekschemicals.com\/is\/wp-json\/wp\/v2\/product_cat?post=23542"},{"taxonomy":"product_tag","embeddable":true,"href":"https:\/\/onderzoekschemicals.com\/is\/wp-json\/wp\/v2\/product_tag?post=23542"}],"curies":[{"name":"wp","href":"https:\/\/api.w.org\/{rel}","templated":true}]}}