{"id":23531,"date":"2025-04-13T17:39:56","date_gmt":"2025-04-13T17:39:56","guid":{"rendered":"https:\/\/onderzoekschemicals.com\/?post_type=product&#038;p=23531"},"modified":"2025-11-28T10:32:07","modified_gmt":"2025-11-28T10:32:07","slug":"ept-fumarate","status":"publish","type":"product","link":"https:\/\/onderzoekschemicals.com\/is\/shop\/ept\/ept-fumarate\/","title":{"rendered":"EPT f\u00famarat (N-et\u00fdl-N-pr\u00f3p\u00fdltryptam\u00edn)"},"content":{"rendered":"<h3><strong><span dir=\"auto\" style=\"vertical-align: inherit;\"><span dir=\"auto\" style=\"vertical-align: inherit;\"><span dir=\"auto\" style=\"vertical-align: inherit;\">EPT f\u00famarat (N-et\u00fdl-N-pr\u00f3p\u00fdltryptam\u00edn) \u2013 V\u00edsindaleg v\u00f6rul\u00fdsing<\/span><\/span><\/span><\/strong><\/h3>\n<p data-start=\"3805\" data-end=\"3986\"><strong data-start=\"3805\" data-end=\"3850\"><span dir=\"auto\" style=\"vertical-align: inherit;\"><span dir=\"auto\" style=\"vertical-align: inherit;\">EPT f\u00famarat (N-et\u00fdl-N-pr\u00f3p\u00fdltryptam\u00edn)<\/span><\/span><\/strong><span dir=\"auto\" style=\"vertical-align: inherit;\"><span dir=\"auto\" style=\"vertical-align: inherit;\"> er <\/span><\/span><strong data-start=\"3858\" data-end=\"3900\"><span dir=\"auto\" style=\"vertical-align: inherit;\"><span dir=\"auto\" style=\"vertical-align: inherit;\">ranns\u00f3knarefni me\u00f0 mikilli hreinleika<\/span><\/span><\/strong><span dir=\"auto\" style=\"vertical-align: inherit;\"><span dir=\"auto\" style=\"vertical-align: inherit;\"> \u00fer\u00f3a\u00f0 fyrir <\/span><\/span><strong data-start=\"3918\" data-end=\"3983\"><span dir=\"auto\" style=\"vertical-align: inherit;\"><span dir=\"auto\" style=\"vertical-align: inherit;\">taugav\u00edsindi, lyfjafr\u00e6\u00f0i og greiningarranns\u00f3knir<\/span><\/span><\/strong><span dir=\"auto\" style=\"vertical-align: inherit;\"><span dir=\"auto\" style=\"vertical-align: inherit;\"> ept f\u00famarat<\/span><\/span><\/p>\n<p data-start=\"3988\" data-end=\"4239\"><span dir=\"auto\" style=\"vertical-align: inherit;\"><span dir=\"auto\" style=\"vertical-align: inherit;\">Sem <\/span><\/span><strong data-start=\"3992\" data-end=\"4037\"><span dir=\"auto\" style=\"vertical-align: inherit;\"><span dir=\"auto\" style=\"vertical-align: inherit;\">byggingarlega hli\u00f0st\u00e6\u00f0a DMT, MET og MiPT<\/span><\/span><\/strong><span dir=\"auto\" style=\"vertical-align: inherit;\"><span dir=\"auto\" style=\"vertical-align: inherit;\"> EPT b\u00fd\u00f0ur upp \u00e1 ver\u00f0m\u00e6t t\u00e6kif\u00e6ri til ranns\u00f3kna \u00e1 <\/span><\/span><strong data-start=\"4095\" data-end=\"4139\"><span dir=\"auto\" style=\"vertical-align: inherit;\"><span dir=\"auto\" style=\"vertical-align: inherit;\">ser\u00f3t\u00f3n\u00ednvi\u00f0takar (5-HT2A og 5-HT1A)<\/span><\/span><\/strong><span dir=\"auto\" style=\"vertical-align: inherit;\"><span dir=\"auto\" style=\"vertical-align: inherit;\"> , <\/span><\/span><strong data-start=\"4141\" data-end=\"4163\"><span dir=\"auto\" style=\"vertical-align: inherit;\"><span dir=\"auto\" style=\"vertical-align: inherit;\">bindingarh\u00e6fni<\/span><\/span><\/strong><span dir=\"auto\" style=\"vertical-align: inherit;\"><span dir=\"auto\" style=\"vertical-align: inherit;\"> og <\/span><\/span><strong data-start=\"4167\" data-end=\"4209\"><span dir=\"auto\" style=\"vertical-align: inherit;\"><span dir=\"auto\" style=\"vertical-align: inherit;\">tengsl byggingar og virkni (SAR).<\/span><\/span><\/strong><span dir=\"auto\" style=\"vertical-align: inherit;\"><span dir=\"auto\" style=\"vertical-align: inherit;\"> innan tryptam\u00ednflokksins.<\/span><\/span><\/p>\n<p data-start=\"4241\" data-end=\"4432\"><span dir=\"auto\" style=\"vertical-align: inherit;\"><span dir=\"auto\" style=\"vertical-align: inherit;\">Hinn <\/span><\/span><strong data-start=\"4244\" data-end=\"4264\"><span dir=\"auto\" style=\"vertical-align: inherit;\"><span dir=\"auto\" style=\"vertical-align: inherit;\">f\u00famaratsaltform<\/span><\/span><\/strong><span dir=\"auto\" style=\"vertical-align: inherit;\"><span dir=\"auto\" style=\"vertical-align: inherit;\"> eykst <\/span><\/span><strong data-start=\"4277\" data-end=\"4333\"><span dir=\"auto\" style=\"vertical-align: inherit;\"><span dir=\"auto\" style=\"vertical-align: inherit;\">efnafr\u00e6\u00f0ilegur st\u00f6\u00f0ugleiki, leysni og geymslu\u00feol<\/span><\/span><\/strong><span dir=\"auto\" style=\"vertical-align: inherit;\"><span dir=\"auto\" style=\"vertical-align: inherit;\"> , sem gerir \u00feessa v\u00f6ru tilvalda til langt\u00edmanotkunar \u00ed st\u00fdr\u00f0u ranns\u00f3knarstofuumhverfi.<\/span><\/span><\/p>\n<blockquote data-start=\"4434\" data-end=\"4585\">\n<p data-start=\"4436\" data-end=\"4585\">\u26a0\ufe0f <strong data-start=\"4439\" data-end=\"4450\"><span dir=\"auto\" style=\"vertical-align: inherit;\"><span dir=\"auto\" style=\"vertical-align: inherit;\">Vinsamlegast athugi\u00f0:<\/span><\/span><\/strong><span dir=\"auto\" style=\"vertical-align: inherit;\"><span dir=\"auto\" style=\"vertical-align: inherit;\"> \u00deessi vara er <\/span><\/span><strong data-start=\"4466\" data-end=\"4521\"><span dir=\"auto\" style=\"vertical-align: inherit;\"><span dir=\"auto\" style=\"vertical-align: inherit;\">eing\u00f6ngu \u00e6tla\u00f0 til v\u00edsindaranns\u00f3kna<\/span><\/span><\/strong><span dir=\"auto\" style=\"vertical-align: inherit;\"><span dir=\"auto\" style=\"vertical-align: inherit;\"> og <\/span><\/span><strong data-start=\"4525\" data-end=\"4582\"><span dir=\"auto\" style=\"vertical-align: inherit;\"><span dir=\"auto\" style=\"vertical-align: inherit;\">er ekki hentugt til neyslu manna e\u00f0a d\u00fdra<\/span><\/span><\/strong><span dir=\"auto\" style=\"vertical-align: inherit;\"><span dir=\"auto\" style=\"vertical-align: inherit;\"> .<\/span><\/span><\/p>\n<\/blockquote>\n<hr data-start=\"4587\" data-end=\"4590\" \/>\n<h3 data-start=\"4592\" data-end=\"4623\"><strong data-start=\"4596\" data-end=\"4623\"><span dir=\"auto\" style=\"vertical-align: inherit;\"><span dir=\"auto\" style=\"vertical-align: inherit;\">Lykilatri\u00f0i<\/span><\/span><\/strong><\/h3>\n<ul data-start=\"4624\" data-end=\"5029\">\n<li data-start=\"4624\" data-end=\"4709\">\n<p data-start=\"4626\" data-end=\"4709\"><strong data-start=\"4626\" data-end=\"4652\"><span dir=\"auto\" style=\"vertical-align: inherit;\"><span dir=\"auto\" style=\"vertical-align: inherit;\">Mikil hreinleiki (\u226599%)<\/span><\/span><\/strong><span dir=\"auto\" style=\"vertical-align: inherit;\"><span dir=\"auto\" style=\"vertical-align: inherit;\"> \u2013 Ranns\u00f3knarstofupr\u00f3fa\u00f0 til a\u00f0 kanna au\u00f0kenni og samsetningu.<\/span><\/span><\/p>\n<\/li>\n<li data-start=\"4710\" data-end=\"4789\">\n<p data-start=\"4712\" data-end=\"4789\"><strong data-start=\"4712\" data-end=\"4741\"><span dir=\"auto\" style=\"vertical-align: inherit;\"><span dir=\"auto\" style=\"vertical-align: inherit;\">St\u00f6\u00f0ugt f\u00famaratsaltform<\/span><\/span><\/strong><span dir=\"auto\" style=\"vertical-align: inherit;\"><span dir=\"auto\" style=\"vertical-align: inherit;\"> - Eykur geymslu\u00feol og geymslust\u00f6\u00f0ugleika.<\/span><\/span><\/p>\n<\/li>\n<li data-start=\"4790\" data-end=\"4877\">\n<p data-start=\"4792\" data-end=\"4877\"><strong data-start=\"4792\" data-end=\"4831\"><span dir=\"auto\" style=\"vertical-align: inherit;\"><span dir=\"auto\" style=\"vertical-align: inherit;\">Lyfjafr\u00e6\u00f0ileg ranns\u00f3knarsta\u00f0all<\/span><\/span><\/strong><span dir=\"auto\" style=\"vertical-align: inherit;\"><span dir=\"auto\" style=\"vertical-align: inherit;\"> \u2013 Hentar fyrir vi\u00f0taka- og SAR-ranns\u00f3knir.<\/span><\/span><\/p>\n<\/li>\n<li data-start=\"4878\" data-end=\"4948\">\n<p data-start=\"4880\" data-end=\"4948\"><strong data-start=\"4880\" data-end=\"4905\"><span dir=\"auto\" style=\"vertical-align: inherit;\"><span dir=\"auto\" style=\"vertical-align: inherit;\">St\u00f6\u00f0ug g\u00e6\u00f0i<\/span><\/span><\/strong><span dir=\"auto\" style=\"vertical-align: inherit;\"><span dir=\"auto\" style=\"vertical-align: inherit;\"> \u2013 Framleitt samkv\u00e6mt GMP-l\u00edkum st\u00f6\u00f0lum.<\/span><\/span><\/p>\n<\/li>\n<li data-start=\"4949\" data-end=\"5029\">\n<p data-start=\"4951\" data-end=\"5029\"><strong data-start=\"4951\" data-end=\"4973\"><span dir=\"auto\" style=\"vertical-align: inherit;\"><span dir=\"auto\" style=\"vertical-align: inherit;\">\u00d6ruggar umb\u00fa\u00f0ir<\/span><\/span><\/strong><span dir=\"auto\" style=\"vertical-align: inherit;\"><span dir=\"auto\" style=\"vertical-align: inherit;\"> \u2013 Loft\u00fe\u00e9tt og lj\u00f3s\u00fe\u00e9tt fyrir h\u00e1marksv\u00f6rn. ept f\u00famarat<\/span><\/span><\/p>\n<\/li>\n<\/ul>\n<hr data-start=\"5031\" data-end=\"5034\" \/>\n<h3 data-start=\"5036\" data-end=\"5053\"><strong data-start=\"5040\" data-end=\"5053\"><span dir=\"auto\" style=\"vertical-align: inherit;\"><span dir=\"auto\" style=\"vertical-align: inherit;\">Kostir<\/span><\/span><\/strong><\/h3>\n<ul data-start=\"5054\" data-end=\"5337\">\n<li data-start=\"5054\" data-end=\"5134\">\n<p data-start=\"5056\" data-end=\"5134\"><span dir=\"auto\" style=\"vertical-align: inherit;\"><span dir=\"auto\" style=\"vertical-align: inherit;\">Sty\u00f0ur <\/span><\/span><strong data-start=\"5068\" data-end=\"5131\"><span dir=\"auto\" style=\"vertical-align: inherit;\"><span dir=\"auto\" style=\"vertical-align: inherit;\">Ranns\u00f3knir \u00e1 ser\u00f3t\u00f3n\u00ednvi\u00f0t\u00f6kum og tryptam\u00ednhli\u00f0st\u00e6\u00f0um<\/span><\/span><\/strong><span dir=\"auto\" style=\"vertical-align: inherit;\"><span dir=\"auto\" style=\"vertical-align: inherit;\"> .<\/span><\/span><\/p>\n<\/li>\n<li data-start=\"5135\" data-end=\"5211\">\n<p data-start=\"5137\" data-end=\"5211\"><strong data-start=\"5137\" data-end=\"5182\"><span dir=\"auto\" style=\"vertical-align: inherit;\"><span dir=\"auto\" style=\"vertical-align: inherit;\">\u00c1rei\u00f0anlegar og endurtakanlegar ni\u00f0urst\u00f6\u00f0ur<\/span><\/span><\/strong><span dir=\"auto\" style=\"vertical-align: inherit;\"><span dir=\"auto\" style=\"vertical-align: inherit;\"> \u00ed ranns\u00f3knarstofu.<\/span><\/span><\/p>\n<\/li>\n<li data-start=\"5212\" data-end=\"5265\">\n<p data-start=\"5214\" data-end=\"5265\"><strong data-start=\"5214\" data-end=\"5240\"><span dir=\"auto\" style=\"vertical-align: inherit;\"><span dir=\"auto\" style=\"vertical-align: inherit;\">B\u00e6tt st\u00f6\u00f0ugleiki<\/span><\/span><\/strong><span dir=\"auto\" style=\"vertical-align: inherit;\"><span dir=\"auto\" style=\"vertical-align: inherit;\"> og langur geymslu\u00feol.<\/span><\/span><\/p>\n<\/li>\n<li data-start=\"5266\" data-end=\"5337\">\n<p data-start=\"5268\" data-end=\"5337\"><span dir=\"auto\" style=\"vertical-align: inherit;\"><span dir=\"auto\" style=\"vertical-align: inherit;\">Tilvali\u00f0 fyrir <\/span><\/span><strong data-start=\"5280\" data-end=\"5334\"><span dir=\"auto\" style=\"vertical-align: inherit;\"><span dir=\"auto\" style=\"vertical-align: inherit;\">fr\u00e6\u00f0ilegar, lyfjafr\u00e6\u00f0ilegar og greiningarranns\u00f3knir<\/span><\/span><\/strong><span dir=\"auto\" style=\"vertical-align: inherit;\"><span dir=\"auto\" style=\"vertical-align: inherit;\"> .<\/span><\/span><\/p>\n<\/li>\n<\/ul>\n<hr data-start=\"5339\" data-end=\"5342\" \/>\n<h3 data-start=\"5344\" data-end=\"5359\"><strong data-start=\"5348\" data-end=\"5359\"><span dir=\"auto\" style=\"vertical-align: inherit;\"><span dir=\"auto\" style=\"vertical-align: inherit;\">Notkun<\/span><\/span><\/strong><\/h3>\n<ul data-start=\"5360\" data-end=\"5642\">\n<li data-start=\"5360\" data-end=\"5430\">\n<p data-start=\"5362\" data-end=\"5430\"><span dir=\"auto\" style=\"vertical-align: inherit;\"><span dir=\"auto\" style=\"vertical-align: inherit;\">Til notkunar fyrir <\/span><\/span><strong data-start=\"5387\" data-end=\"5427\"><span dir=\"auto\" style=\"vertical-align: inherit;\"><span dir=\"auto\" style=\"vertical-align: inherit;\">h\u00e6ft starfsf\u00f3lk \u00ed ranns\u00f3knarstofunni<\/span><\/span><\/strong><span dir=\"auto\" style=\"vertical-align: inherit;\"><span dir=\"auto\" style=\"vertical-align: inherit;\"> a\u00f0eins .<\/span><\/span><\/p>\n<\/li>\n<li data-start=\"5431\" data-end=\"5518\">\n<p data-start=\"5433\" data-end=\"5518\"><span dir=\"auto\" style=\"vertical-align: inherit;\"><span dir=\"auto\" style=\"vertical-align: inherit;\">Kl\u00e6\u00f0ist vi\u00f0eigandi <\/span><\/span><strong data-start=\"5451\" data-end=\"5475\"><span dir=\"auto\" style=\"vertical-align: inherit;\"><span dir=\"auto\" style=\"vertical-align: inherit;\">hl\u00edf\u00f0arb\u00fana\u00f0ur<\/span><\/span><\/strong><span dir=\"auto\" style=\"vertical-align: inherit;\"><span dir=\"auto\" style=\"vertical-align: inherit;\"> (hanskar, \u00f6ryggisgleraugu, ranns\u00f3knarstofusloppur).<\/span><\/span><\/p>\n<\/li>\n<li data-start=\"5519\" data-end=\"5583\">\n<p data-start=\"5521\" data-end=\"5583\"><span dir=\"auto\" style=\"vertical-align: inherit;\"><span dir=\"auto\" style=\"vertical-align: inherit;\">Geymi\u00f0 \u00ed <\/span><\/span><strong data-start=\"5536\" data-end=\"5570\"><span dir=\"auto\" style=\"vertical-align: inherit;\"><span dir=\"auto\" style=\"vertical-align: inherit;\">kaldur, \u00feurr og dimmur sta\u00f0ur<\/span><\/span><\/strong><span dir=\"auto\" style=\"vertical-align: inherit;\"><span dir=\"auto\" style=\"vertical-align: inherit;\"> (15\u201325\u00b0C).<\/span><\/span><\/p>\n<\/li>\n<li data-start=\"5584\" data-end=\"5642\">\n<p data-start=\"5586\" data-end=\"5642\"><span dir=\"auto\" style=\"vertical-align: inherit;\"><span dir=\"auto\" style=\"vertical-align: inherit;\">Ekki hentugt til neyslu manna e\u00f0a d\u00fdra.<\/span><\/span><\/p>\n<\/li>\n<\/ul>\n<hr data-start=\"5644\" data-end=\"5647\" \/>\n<h3 data-start=\"5649\" data-end=\"5684\"><strong data-start=\"5653\" data-end=\"5684\"><span dir=\"auto\" style=\"vertical-align: inherit;\"><span dir=\"auto\" style=\"vertical-align: inherit;\">Algengar spurningar (FAQs)<\/span><\/span><\/strong><\/h3>\n<p data-start=\"5686\" data-end=\"5864\"><strong data-start=\"5686\" data-end=\"5730\"><span dir=\"auto\" style=\"vertical-align: inherit;\"><span dir=\"auto\" style=\"vertical-align: inherit;\">1. Til hvers er EPT f\u00famarat nota\u00f0?<\/span><\/span><\/strong><br data-start=\"5730\" data-end=\"5733\" \/><span dir=\"auto\" style=\"vertical-align: inherit;\"><span dir=\"auto\" style=\"vertical-align: inherit;\"> EPT f\u00famarat er nota\u00f0 til <\/span><\/span><strong data-start=\"5766\" data-end=\"5811\"><span dir=\"auto\" style=\"vertical-align: inherit;\"><span dir=\"auto\" style=\"vertical-align: inherit;\">lyfjafr\u00e6\u00f0ilegar og taugaefnafr\u00e6\u00f0ilegar ranns\u00f3knir<\/span><\/span><\/strong><span dir=\"auto\" style=\"vertical-align: inherit;\"><span dir=\"auto\" style=\"vertical-align: inherit;\"> \u00e1 tryptam\u00edn hli\u00f0st\u00e6\u00f0um og ser\u00f3t\u00f3n\u00ednvi\u00f0t\u00f6kum.<\/span><\/span><\/p>\n<p data-start=\"5866\" data-end=\"6041\"><strong data-start=\"5866\" data-end=\"5919\"><span dir=\"auto\" style=\"vertical-align: inherit;\"><span dir=\"auto\" style=\"vertical-align: inherit;\">2. Er EPT f\u00famarat \u00f6ruggt fyrir menn?<\/span><\/span><\/strong><br data-start=\"5919\" data-end=\"5922\" \/><span dir=\"auto\" style=\"vertical-align: inherit;\"><span dir=\"auto\" style=\"vertical-align: inherit;\"> Nei. \u00deessi vara er <\/span><\/span><strong data-start=\"5942\" data-end=\"5991\"><span dir=\"auto\" style=\"vertical-align: inherit;\"><span dir=\"auto\" style=\"vertical-align: inherit;\">eing\u00f6ngu \u00e6tla\u00f0 til ranns\u00f3knar<\/span><\/span><\/strong><span dir=\"auto\" style=\"vertical-align: inherit;\"><span dir=\"auto\" style=\"vertical-align: inherit;\"> og er ekki sam\u00feykkt til manneldis.<\/span><\/span><\/p>\n<p data-start=\"6043\" data-end=\"6201\"><strong data-start=\"6043\" data-end=\"6087\"><span dir=\"auto\" style=\"vertical-align: inherit;\"><span dir=\"auto\" style=\"vertical-align: inherit;\">3. Hvernig \u00e1 a\u00f0 geyma EPT f\u00famarat?<\/span><\/span><\/strong><br data-start=\"6087\" data-end=\"6090\" \/><span dir=\"auto\" style=\"vertical-align: inherit;\"><span dir=\"auto\" style=\"vertical-align: inherit;\"> Geymi\u00f0 \u00ed <\/span><\/span><strong data-start=\"6105\" data-end=\"6135\"><span dir=\"auto\" style=\"vertical-align: inherit;\"><span dir=\"auto\" style=\"vertical-align: inherit;\">vel loka\u00f0 \u00edl\u00e1t<\/span><\/span><\/strong><span dir=\"auto\" style=\"vertical-align: inherit;\"><span dir=\"auto\" style=\"vertical-align: inherit;\"> vi\u00f0 stofuhita (15\u201325\u00b0C), vari\u00f0 gegn raka og lj\u00f3si.<\/span><\/span><\/p>","protected":false},"excerpt":{"rendered":"<h3><span data-sheets-value=\"{\" data-sheets-userformat=\"{\"><span style=\"vertical-align: inherit;\"><span style=\"vertical-align: inherit;\"><span dir=\"auto\" style=\"vertical-align: inherit;\"><span dir=\"auto\" style=\"vertical-align: inherit;\">EPT fumarate properties<\/span><\/span><\/span><\/span><\/span><\/h3>\n<p><strong><span style=\"vertical-align: inherit;\"><span style=\"vertical-align: inherit;\"><span dir=\"auto\" style=\"vertical-align: inherit;\"><span dir=\"auto\" style=\"vertical-align: inherit;\">Synonym:<\/span><\/span><\/span><\/span><\/strong><span style=\"vertical-align: inherit;\"><span style=\"vertical-align: inherit;\"><span dir=\"auto\" style=\"vertical-align: inherit;\"><span dir=\"auto\" style=\"vertical-align: inherit;\"> N-ethyl-N-propyltryptamine fumarate <\/span><\/span><\/span><\/span><br \/>\n<strong><span style=\"vertical-align: inherit;\"><span style=\"vertical-align: inherit;\"><span dir=\"auto\" style=\"vertical-align: inherit;\"><span dir=\"auto\" style=\"vertical-align: inherit;\">CAS Number:<\/span><\/span><\/span><\/span><\/strong><span style=\"vertical-align: inherit;\"><span style=\"vertical-align: inherit;\"><span dir=\"auto\" style=\"vertical-align: inherit;\"><span dir=\"auto\" style=\"vertical-align: inherit;\"> n\/a <\/span><\/span><\/span><\/span><br \/>\n<strong><span style=\"vertical-align: inherit;\"><span style=\"vertical-align: inherit;\"><span dir=\"auto\" style=\"vertical-align: inherit;\"><span dir=\"auto\" style=\"vertical-align: inherit;\">Formula:<\/span><\/span><\/span><\/span><\/strong><span style=\"vertical-align: inherit;\"><span style=\"vertical-align: inherit;\"><span dir=\"auto\" style=\"vertical-align: inherit;\"><span dir=\"auto\" style=\"vertical-align: inherit;\"> 3-[2-(ethyl(propyl)amino)ethyl]-1H-indole fumarate <\/span><\/span><\/span><\/span><br \/>\n<strong><span style=\"vertical-align: inherit;\"><span style=\"vertical-align: inherit;\"><span dir=\"auto\" style=\"vertical-align: inherit;\"><span dir=\"auto\" style=\"vertical-align: inherit;\">Molar Mass:<\/span><\/span><\/span><\/span><\/strong><span style=\"vertical-align: inherit;\"><span style=\"vertical-align: inherit;\"><span dir=\"auto\" style=\"vertical-align: inherit;\"><span dir=\"auto\" style=\"vertical-align: inherit;\"> 346.4 g\/mol <\/span><\/span><\/span><\/span><br \/>\n<strong><span style=\"vertical-align: inherit;\"><span style=\"vertical-align: inherit;\"><span dir=\"auto\" style=\"vertical-align: inherit;\"><span dir=\"auto\" style=\"vertical-align: inherit;\">Purity:<\/span><\/span><\/span><\/span><\/strong><span style=\"vertical-align: inherit;\"><span style=\"vertical-align: inherit;\"><span dir=\"auto\" style=\"vertical-align: inherit;\"><span dir=\"auto\" style=\"vertical-align: inherit;\"> &gt;97%<\/span><\/span><\/span><\/span><\/p>\n","protected":false},"featured_media":29324,"comment_status":"closed","ping_status":"closed","template":"","meta":[],"product_brand":[],"product_cat":[509,381],"product_tag":[1160,1161,326],"class_list":{"0":"post-23531","1":"product","2":"type-product","3":"status-publish","4":"has-post-thumbnail","6":"product_cat-ept","7":"product_cat-tryptamines","8":"product_tag-ept-fumarate","9":"product_tag-ept-fumarate-kopen","10":"product_tag-nl","12":"first","13":"instock","14":"taxable","15":"shipping-taxable","16":"purchasable","17":"product-type-variable"},"_links":{"self":[{"href":"https:\/\/onderzoekschemicals.com\/is\/wp-json\/wp\/v2\/product\/23531","targetHints":{"allow":["GET"]}}],"collection":[{"href":"https:\/\/onderzoekschemicals.com\/is\/wp-json\/wp\/v2\/product"}],"about":[{"href":"https:\/\/onderzoekschemicals.com\/is\/wp-json\/wp\/v2\/types\/product"}],"replies":[{"embeddable":true,"href":"https:\/\/onderzoekschemicals.com\/is\/wp-json\/wp\/v2\/comments?post=23531"}],"version-history":[{"count":6,"href":"https:\/\/onderzoekschemicals.com\/is\/wp-json\/wp\/v2\/product\/23531\/revisions"}],"predecessor-version":[{"id":28728,"href":"https:\/\/onderzoekschemicals.com\/is\/wp-json\/wp\/v2\/product\/23531\/revisions\/28728"}],"wp:featuredmedia":[{"embeddable":true,"href":"https:\/\/onderzoekschemicals.com\/is\/wp-json\/wp\/v2\/media\/29324"}],"wp:attachment":[{"href":"https:\/\/onderzoekschemicals.com\/is\/wp-json\/wp\/v2\/media?parent=23531"}],"wp:term":[{"taxonomy":"product_brand","embeddable":true,"href":"https:\/\/onderzoekschemicals.com\/is\/wp-json\/wp\/v2\/product_brand?post=23531"},{"taxonomy":"product_cat","embeddable":true,"href":"https:\/\/onderzoekschemicals.com\/is\/wp-json\/wp\/v2\/product_cat?post=23531"},{"taxonomy":"product_tag","embeddable":true,"href":"https:\/\/onderzoekschemicals.com\/is\/wp-json\/wp\/v2\/product_tag?post=23531"}],"curies":[{"name":"wp","href":"https:\/\/api.w.org\/{rel}","templated":true}]}}