{"id":23509,"date":"2025-04-13T17:39:53","date_gmt":"2025-04-13T17:39:53","guid":{"rendered":"https:\/\/onderzoekschemicals.com\/?post_type=product&#038;p=23509"},"modified":"2025-10-19T20:17:28","modified_gmt":"2025-10-19T20:17:28","slug":"5-meo-met-fumarate","status":"publish","type":"product","link":"https:\/\/onderzoekschemicals.com\/is\/shop\/5-meo-met\/5-meo-met-fumarate\/","title":{"rendered":"5-MeO-MET f\u00famarat"},"content":{"rendered":"<h3><strong><span dir=\"auto\" style=\"vertical-align: inherit;\"><span dir=\"auto\" style=\"vertical-align: inherit;\">5-MeO-MET Fumarate \u2013 Product Description, Uses, Benefits &amp; Disadvantages &amp; FAQs<\/span><\/span><\/strong><\/h3>\n<p data-start=\"4063\" data-end=\"4259\"><strong data-start=\"4063\" data-end=\"4124\">5-MeO-MET Fumaraat (5-Methoxy-N-Methyl-N-Ethyltryptamine)<\/strong> er <strong data-start=\"4132\" data-end=\"4174\">ranns\u00f3knarefni me\u00f0 mikilli hreinleika<\/strong>, hanna\u00f0 fyrir <strong data-start=\"4191\" data-end=\"4256\">taugav\u00edsindalegar, lyfjafr\u00e6\u00f0ilegar og greiningarranns\u00f3knir<\/strong>. 5 meo met fumarate<\/p>\n<p data-start=\"4261\" data-end=\"4523\">Ef <strong data-start=\"4265\" data-end=\"4301\">metox\u00fd-skipt hli\u00f0st\u00e6\u00f0a<\/strong> eftir <strong data-start=\"4306\" data-end=\"4342\">MET (N-Methyl-N-Ethyltryptamine)<\/strong> behoort 5-MeO-MET tot de <strong data-start=\"4368\" data-end=\"4388\">tryptam\u00ednflokkur<\/strong> en is het van belang voor onderzoek naar <strong data-start=\"4430\" data-end=\"4474\">ser\u00f3t\u00f3n\u00ednvi\u00f0takar (5-HT2A og 5-HT1A)<\/strong> og <strong data-start=\"4478\" data-end=\"4520\">tengsl byggingar og virkni (SAR)<\/strong>.<\/p>\n<p data-start=\"4525\" data-end=\"4704\">Hinn <strong data-start=\"4528\" data-end=\"4548\">f\u00famaratsaltform<\/strong> kve\u00f0ur \u00e1 um <strong data-start=\"4560\" data-end=\"4623\">betri efnafr\u00e6\u00f0ilegur st\u00f6\u00f0ugleiki, leysni og geymslu\u00feol<\/strong>, sem er nau\u00f0synlegt fyrir langt\u00edmageymslu og n\u00e1kv\u00e6mar ranns\u00f3knarstofupr\u00f3fanir.<\/p>\n<blockquote data-start=\"4706\" data-end=\"4857\">\n<p data-start=\"4708\" data-end=\"4857\">\u26a0\ufe0f <strong data-start=\"4711\" data-end=\"4722\">Athugi\u00f0:<\/strong> \u00deessi vara er <strong data-start=\"4738\" data-end=\"4793\">eing\u00f6ngu \u00e6tla\u00f0 til v\u00edsindaranns\u00f3kna<\/strong> og <strong data-start=\"4797\" data-end=\"4854\">ekki hentugt til neyslu manna e\u00f0a d\u00fdra<\/strong>.<\/p>\n<\/blockquote>\n<hr data-start=\"4859\" data-end=\"4862\" \/>\n<h3 data-start=\"4864\" data-end=\"4895\"><strong data-start=\"4868\" data-end=\"4895\">Lykilatri\u00f0i<\/strong><\/h3>\n<ul data-start=\"4896\" data-end=\"5326\">\n<li data-start=\"4896\" data-end=\"4994\">\n<p data-start=\"4898\" data-end=\"4994\"><strong data-start=\"4898\" data-end=\"4924\">Mikil hreinleiki (\u226599%)<\/strong> \u2013 Pr\u00f3fa\u00f0 \u00ed ranns\u00f3knarstofu til a\u00f0 kanna au\u00f0kenni, st\u00f6\u00f0ugleika og samsetningu.<\/p>\n<\/li>\n<li data-start=\"4995\" data-end=\"5070\">\n<p data-start=\"4997\" data-end=\"5070\"><strong data-start=\"4997\" data-end=\"5026\">St\u00f6\u00f0ugt f\u00famaratsaltform<\/strong> - Eykur geymslu\u00feol og leysni.<\/p>\n<\/li>\n<li data-start=\"5071\" data-end=\"5158\">\n<p data-start=\"5073\" data-end=\"5158\"><strong data-start=\"5073\" data-end=\"5112\">Lyfjafr\u00e6\u00f0ileg ranns\u00f3knarsta\u00f0all<\/strong> \u2013 Hentar fyrir vi\u00f0taka- og SAR-ranns\u00f3knir.<\/p>\n<\/li>\n<li data-start=\"5159\" data-end=\"5237\">\n<p data-start=\"5161\" data-end=\"5237\"><strong data-start=\"5161\" data-end=\"5186\">St\u00f6\u00f0ug g\u00e6\u00f0i<\/strong> \u2013 Framleitt vi\u00f0 GMP-l\u00edk skilyr\u00f0i.<\/p>\n<\/li>\n<li data-start=\"5238\" data-end=\"5326\">\n<p data-start=\"5240\" data-end=\"5326\"><strong data-start=\"5240\" data-end=\"5262\">\u00d6ruggar umb\u00fa\u00f0ir<\/strong> \u2013 Luchtdicht en lichtdicht verpakt voor maximale bescherming. 5 meo met fumarate<\/p>\n<\/li>\n<\/ul>\n<hr data-start=\"5328\" data-end=\"5331\" \/>\n<h3 data-start=\"5333\" data-end=\"5350\"><strong data-start=\"5337\" data-end=\"5350\">Kostir<\/strong><\/h3>\n<ul data-start=\"5351\" data-end=\"5645\">\n<li data-start=\"5351\" data-end=\"5431\">\n<p data-start=\"5353\" data-end=\"5431\">Sty\u00f0ur <strong data-start=\"5365\" data-end=\"5428\">Ranns\u00f3knir \u00e1 ser\u00f3t\u00f3n\u00ednvi\u00f0t\u00f6kum og tryptam\u00ednhli\u00f0st\u00e6\u00f0um<\/strong>.<\/p>\n<\/li>\n<li data-start=\"5432\" data-end=\"5510\">\n<p data-start=\"5434\" data-end=\"5510\"><strong data-start=\"5434\" data-end=\"5479\">\u00c1rei\u00f0anlegar og endurtakanlegar ni\u00f0urst\u00f6\u00f0ur<\/strong> bij gecontroleerd onderzoek.<\/p>\n<\/li>\n<li data-start=\"5511\" data-end=\"5575\">\n<p data-start=\"5513\" data-end=\"5575\"><strong data-start=\"5513\" data-end=\"5539\">B\u00e6tt st\u00f6\u00f0ugleiki<\/strong> samanbori\u00f0 vi\u00f0 frj\u00e1lsa basaformi\u00f0.<\/p>\n<\/li>\n<li data-start=\"5576\" data-end=\"5645\">\n<p data-start=\"5578\" data-end=\"5645\">Hentar fyrir <strong data-start=\"5592\" data-end=\"5642\">fr\u00e6\u00f0ilegar, greiningar- og r\u00e9ttarranns\u00f3knir<\/strong>.<\/p>\n<\/li>\n<\/ul>\n<hr data-start=\"5647\" data-end=\"5650\" \/>\n<h3 data-start=\"5652\" data-end=\"5667\"><strong data-start=\"5656\" data-end=\"5667\">Notkun<\/strong><\/h3>\n<ul data-start=\"5668\" data-end=\"5950\">\n<li data-start=\"5668\" data-end=\"5738\">\n<p data-start=\"5670\" data-end=\"5738\">A\u00f0eins til notkunar af <strong data-start=\"5695\" data-end=\"5735\">h\u00e6ft starfsf\u00f3lk \u00ed ranns\u00f3knarstofunni<\/strong>.<\/p>\n<\/li>\n<li data-start=\"5739\" data-end=\"5826\">\n<p data-start=\"5741\" data-end=\"5826\">Noti\u00f0 vi\u00f0eigandi <strong data-start=\"5759\" data-end=\"5783\">hl\u00edf\u00f0arb\u00fana\u00f0ur<\/strong> (hanskar, \u00f6ryggisgleraugu, ranns\u00f3knarstofusloppur).<\/p>\n<\/li>\n<li data-start=\"5827\" data-end=\"5891\">\n<p data-start=\"5829\" data-end=\"5891\">Spara\u00f0u \u00e1 <strong data-start=\"5844\" data-end=\"5878\">kaldur, \u00feurr og dimmur sta\u00f0ur<\/strong> (15\u201325\u00b0C).<\/p>\n<\/li>\n<li data-start=\"5892\" data-end=\"5950\">\n<p data-start=\"5894\" data-end=\"5950\">Ekki hentugt til neyslu manna e\u00f0a d\u00fdra.<\/p>\n<\/li>\n<\/ul>\n<hr data-start=\"5952\" data-end=\"5955\" \/>\n<h3 data-start=\"5957\" data-end=\"5992\"><strong data-start=\"5961\" data-end=\"5992\">Algengar spurningar (FAQs)<\/strong><\/h3>\n<p data-start=\"5994\" data-end=\"6184\"><strong data-start=\"5994\" data-end=\"6044\">1. Waarvoor wordt 5-MeO-MET Fumaraat gebruikt?<\/strong><br data-start=\"6044\" data-end=\"6047\" \/>5-MeO-MET Fumaraat wordt gebruikt voor <strong data-start=\"6086\" data-end=\"6131\">lyfjafr\u00e6\u00f0ilegar og taugaefnafr\u00e6\u00f0ilegar ranns\u00f3knir<\/strong> ser\u00f3t\u00f3n\u00ednvi\u00f0taka og tryptam\u00edn hli\u00f0st\u00e6\u00f0ur.<\/p>\n<p data-start=\"6186\" data-end=\"6367\"><strong data-start=\"6186\" data-end=\"6245\">2. Is 5-MeO-MET Fumaraat veilig voor menselijk gebruik?<\/strong><br data-start=\"6245\" data-end=\"6248\" \/>Nei. \u00deessi vara er <strong data-start=\"6268\" data-end=\"6317\">eing\u00f6ngu \u00e6tla\u00f0 til ranns\u00f3knar<\/strong> og ekki sam\u00feykkt til manneldis.<\/p>\n<p data-start=\"6369\" data-end=\"6541\"><strong data-start=\"6369\" data-end=\"6419\">3. Hoe moet 5-MeO-MET Fumaraat worden bewaard?<\/strong><br data-start=\"6419\" data-end=\"6422\" \/>Geymi\u00f0 \u00ed <strong data-start=\"6437\" data-end=\"6467\">vel innsiglu\u00f0 umb\u00fa\u00f0ir<\/strong> vi\u00f0 stofuhita (15\u201325\u00b0C), vari\u00f0 gegn raka, hita og lj\u00f3si.<\/p>","protected":false},"excerpt":{"rendered":"<h3><span data-sheets-value=\"{\" data-sheets-userformat=\"{\"><span dir=\"auto\" style=\"vertical-align: inherit;\"><span dir=\"auto\" style=\"vertical-align: inherit;\">5-MeO-MET fumarate properties<\/span><\/span><\/span><\/h3>\n<p><strong><span style=\"vertical-align: inherit;\"><span style=\"vertical-align: inherit;\"><span dir=\"auto\" style=\"vertical-align: inherit;\"><span dir=\"auto\" style=\"vertical-align: inherit;\">Synonym:<\/span><\/span><\/span><\/span><\/strong><span style=\"vertical-align: inherit;\"><span style=\"vertical-align: inherit;\"><span dir=\"auto\" style=\"vertical-align: inherit;\"><span dir=\"auto\" style=\"vertical-align: inherit;\"> 5-methoxy-N-methyl-N-ethyltryptamine fumarate <\/span><\/span><\/span><\/span><br \/>\n<strong><span style=\"vertical-align: inherit;\"><span style=\"vertical-align: inherit;\"><span dir=\"auto\" style=\"vertical-align: inherit;\"><span dir=\"auto\" style=\"vertical-align: inherit;\">CAS Number:<\/span><\/span><\/span><\/span><\/strong><span style=\"vertical-align: inherit;\"><span style=\"vertical-align: inherit;\"><span dir=\"auto\" style=\"vertical-align: inherit;\"><span dir=\"auto\" style=\"vertical-align: inherit;\"> n\/a <\/span><\/span><\/span><\/span><br \/>\n<strong><span style=\"vertical-align: inherit;\"><span style=\"vertical-align: inherit;\"><span dir=\"auto\" style=\"vertical-align: inherit;\"><span dir=\"auto\" style=\"vertical-align: inherit;\">Formula:<\/span><\/span><\/span><\/span><\/strong><span style=\"vertical-align: inherit;\"><span style=\"vertical-align: inherit;\"><span dir=\"auto\" style=\"vertical-align: inherit;\"><span dir=\"auto\" style=\"vertical-align: inherit;\"> 3-[2-(ethylmethylamino)ethyl]-5-methoxyindole fumarate <\/span><\/span><\/span><\/span><br \/>\n<strong><span style=\"vertical-align: inherit;\"><span style=\"vertical-align: inherit;\"><span dir=\"auto\" style=\"vertical-align: inherit;\"><span dir=\"auto\" style=\"vertical-align: inherit;\">Molar Mass:<\/span><\/span><\/span><\/span><\/strong><span style=\"vertical-align: inherit;\"><span style=\"vertical-align: inherit;\"><span dir=\"auto\" style=\"vertical-align: inherit;\"><span dir=\"auto\" style=\"vertical-align: inherit;\"> 348.4 g\/mol <\/span><\/span><\/span><\/span><br \/>\n<strong><span style=\"vertical-align: inherit;\"><span style=\"vertical-align: inherit;\"><span dir=\"auto\" style=\"vertical-align: inherit;\"><span dir=\"auto\" style=\"vertical-align: inherit;\">Purity:<\/span><\/span><\/span><\/span><\/strong><span style=\"vertical-align: inherit;\"><span style=\"vertical-align: inherit;\"><span dir=\"auto\" style=\"vertical-align: inherit;\"><span dir=\"auto\" style=\"vertical-align: inherit;\"> &gt;97%<\/span><\/span><\/span><\/span><\/p>\n","protected":false},"featured_media":20399,"comment_status":"closed","ping_status":"closed","template":"","meta":[],"product_brand":[],"product_cat":[545,381],"product_tag":[1169,1167,1168,326],"class_list":{"0":"post-23509","1":"product","2":"type-product","3":"status-publish","4":"has-post-thumbnail","6":"product_cat-5-meo-met","7":"product_cat-tryptamines","8":"product_tag-5-meo-met","9":"product_tag-5-meo-met-fumarate","10":"product_tag-5-meo-met-fumarate-kopen","11":"product_tag-nl","13":"first","14":"instock","15":"taxable","16":"shipping-taxable","17":"purchasable","18":"product-type-variable"},"_links":{"self":[{"href":"https:\/\/onderzoekschemicals.com\/is\/wp-json\/wp\/v2\/product\/23509","targetHints":{"allow":["GET"]}}],"collection":[{"href":"https:\/\/onderzoekschemicals.com\/is\/wp-json\/wp\/v2\/product"}],"about":[{"href":"https:\/\/onderzoekschemicals.com\/is\/wp-json\/wp\/v2\/types\/product"}],"replies":[{"embeddable":true,"href":"https:\/\/onderzoekschemicals.com\/is\/wp-json\/wp\/v2\/comments?post=23509"}],"version-history":[{"count":5,"href":"https:\/\/onderzoekschemicals.com\/is\/wp-json\/wp\/v2\/product\/23509\/revisions"}],"predecessor-version":[{"id":28028,"href":"https:\/\/onderzoekschemicals.com\/is\/wp-json\/wp\/v2\/product\/23509\/revisions\/28028"}],"wp:featuredmedia":[{"embeddable":true,"href":"https:\/\/onderzoekschemicals.com\/is\/wp-json\/wp\/v2\/media\/20399"}],"wp:attachment":[{"href":"https:\/\/onderzoekschemicals.com\/is\/wp-json\/wp\/v2\/media?parent=23509"}],"wp:term":[{"taxonomy":"product_brand","embeddable":true,"href":"https:\/\/onderzoekschemicals.com\/is\/wp-json\/wp\/v2\/product_brand?post=23509"},{"taxonomy":"product_cat","embeddable":true,"href":"https:\/\/onderzoekschemicals.com\/is\/wp-json\/wp\/v2\/product_cat?post=23509"},{"taxonomy":"product_tag","embeddable":true,"href":"https:\/\/onderzoekschemicals.com\/is\/wp-json\/wp\/v2\/product_tag?post=23509"}],"curies":[{"name":"wp","href":"https:\/\/api.w.org\/{rel}","templated":true}]}}