{"id":23504,"date":"2025-04-13T17:39:53","date_gmt":"2025-04-13T17:39:53","guid":{"rendered":"https:\/\/onderzoekschemicals.com\/?post_type=product&#038;p=23504"},"modified":"2025-11-28T10:34:12","modified_gmt":"2025-11-28T10:34:12","slug":"5-meo-dmt-hydroklorid","status":"publish","type":"product","link":"https:\/\/onderzoekschemicals.com\/is\/bud\/kauptu-5-meo-dmt\/5-meo-dmt-hydroklorid\/","title":{"rendered":"5-MeO-DMT h\u00fddr\u00f3kl\u00f3r\u00ed\u00f0"},"content":{"rendered":"<p data-start=\"4011\" data-end=\"4213\"><strong data-start=\"4011\" data-end=\"4077\"><span dir=\"auto\" style=\"vertical-align: inherit;\"><span dir=\"auto\" style=\"vertical-align: inherit;\">5-MeO-DMT h\u00fddr\u00f3kl\u00f3r\u00ed\u00f0 (5-Metox\u00fd-N,N-D\u00edmet\u00fdltryptam\u00edn HCl)<\/span><\/span><\/strong><span dir=\"auto\" style=\"vertical-align: inherit;\"><span dir=\"auto\" style=\"vertical-align: inherit;\"> er <\/span><\/span><strong data-start=\"4085\" data-end=\"4127\"><span dir=\"auto\" style=\"vertical-align: inherit;\"><span dir=\"auto\" style=\"vertical-align: inherit;\">ranns\u00f3knarefni me\u00f0 mikilli hreinleika<\/span><\/span><\/strong><span dir=\"auto\" style=\"vertical-align: inherit;\"><span dir=\"auto\" style=\"vertical-align: inherit;\"> \u00fer\u00f3a\u00f0 fyrir <\/span><\/span><strong data-start=\"4145\" data-end=\"4210\"><span dir=\"auto\" style=\"vertical-align: inherit;\"><span dir=\"auto\" style=\"vertical-align: inherit;\">taugav\u00edsinda-, lyfjafr\u00e6\u00f0ilegra og greiningarranns\u00f3kna<\/span><\/span><\/strong><span dir=\"auto\" style=\"vertical-align: inherit;\"><span dir=\"auto\" style=\"vertical-align: inherit;\"> .<\/span><\/span><\/p>\n<p data-start=\"4215\" data-end=\"4497\"><span dir=\"auto\" style=\"vertical-align: inherit;\"><span dir=\"auto\" style=\"vertical-align: inherit;\">Aska <\/span><\/span><strong data-start=\"4219\" data-end=\"4249\"><span dir=\"auto\" style=\"vertical-align: inherit;\"><span dir=\"auto\" style=\"vertical-align: inherit;\">n\u00e1tt\u00farulegt ind\u00f3lalkal\u00f3\u00ed\u00f0,<\/span><\/span><\/strong><span dir=\"auto\" style=\"vertical-align: inherit;\"><span dir=\"auto\" style=\"vertical-align: inherit;\"> 5-MeO-DMT er n\u00e1tengt <\/span><\/span><strong data-start=\"4280\" data-end=\"4312\"><span dir=\"auto\" style=\"vertical-align: inherit;\"><span dir=\"auto\" style=\"vertical-align: inherit;\">DMT (N,N-d\u00edmet\u00fdltryptam\u00edn)<\/span><\/span><\/strong><span dir=\"auto\" style=\"vertical-align: inherit;\"><span dir=\"auto\" style=\"vertical-align: inherit;\"> og <\/span><\/span><strong data-start=\"4316\" data-end=\"4330\"><span dir=\"auto\" style=\"vertical-align: inherit;\"><span dir=\"auto\" style=\"vertical-align: inherit;\">b\u00faf\u00f3ten\u00edn<\/span><\/span><\/strong><span dir=\"auto\" style=\"vertical-align: inherit;\"><span dir=\"auto\" style=\"vertical-align: inherit;\"> Hinn <\/span><\/span><strong data-start=\"4335\" data-end=\"4374\"><span dir=\"auto\" style=\"vertical-align: inherit;\"><span dir=\"auto\" style=\"vertical-align: inherit;\">metox\u00fdskiptingu \u00ed 5-st\u00f6\u00f0u<\/span><\/span><\/strong><span dir=\"auto\" style=\"vertical-align: inherit;\"><span dir=\"auto\" style=\"vertical-align: inherit;\"> ind\u00f3lhringsins hefur \u00e1hrif \u00e1 \u00fea\u00f0 <\/span><\/span><strong data-start=\"4407\" data-end=\"4437\"><span dir=\"auto\" style=\"vertical-align: inherit;\"><span dir=\"auto\" style=\"vertical-align: inherit;\">vi\u00f0takabindandi virkni<\/span><\/span><\/strong><span dir=\"auto\" style=\"vertical-align: inherit;\"><span dir=\"auto\" style=\"vertical-align: inherit;\"> , s\u00e9rstaklega hj\u00e1 <\/span><\/span><strong data-start=\"4450\" data-end=\"4494\"><span dir=\"auto\" style=\"vertical-align: inherit;\"><span dir=\"auto\" style=\"vertical-align: inherit;\">ser\u00f3t\u00f3n\u00ednvi\u00f0takar (5-HT1A og 5-HT2A)<\/span><\/span><\/strong><span dir=\"auto\" style=\"vertical-align: inherit;\"><span dir=\"auto\" style=\"vertical-align: inherit;\"> .<\/span><\/span><\/p>\n<p data-start=\"4499\" data-end=\"4681\"><span dir=\"auto\" style=\"vertical-align: inherit;\"><span dir=\"auto\" style=\"vertical-align: inherit;\">Hinn <\/span><\/span><strong data-start=\"4502\" data-end=\"4529\"><span dir=\"auto\" style=\"vertical-align: inherit;\"><span dir=\"auto\" style=\"vertical-align: inherit;\">h\u00fddr\u00f3kl\u00f3r\u00ed\u00f0form (HCl)<\/span><\/span><\/strong><span dir=\"auto\" style=\"vertical-align: inherit;\"><span dir=\"auto\" style=\"vertical-align: inherit;\"> eykst <\/span><\/span><strong data-start=\"4542\" data-end=\"4608\"><span dir=\"auto\" style=\"vertical-align: inherit;\"><span dir=\"auto\" style=\"vertical-align: inherit;\">efnafr\u00e6\u00f0ilegur st\u00f6\u00f0ugleiki, leysni og \u00f6ryggi \u00ed notkun<\/span><\/span><\/strong><span dir=\"auto\" style=\"vertical-align: inherit;\"><span dir=\"auto\" style=\"vertical-align: inherit;\"> sem gerir \u00fea\u00f0 tilvali\u00f0 fyrir langt\u00edmageymslu og ranns\u00f3knir \u00e1 ranns\u00f3knarstofum.<\/span><\/span><\/p>\n<blockquote data-start=\"4683\" data-end=\"4834\">\n<p data-start=\"4685\" data-end=\"4834\">\u26a0\ufe0f <strong data-start=\"4688\" data-end=\"4699\"><span dir=\"auto\" style=\"vertical-align: inherit;\"><span dir=\"auto\" style=\"vertical-align: inherit;\">Vinsamlegast athugi\u00f0:<\/span><\/span><\/strong><span dir=\"auto\" style=\"vertical-align: inherit;\"><span dir=\"auto\" style=\"vertical-align: inherit;\"> \u00deessi vara er <\/span><\/span><strong data-start=\"4715\" data-end=\"4770\"><span dir=\"auto\" style=\"vertical-align: inherit;\"><span dir=\"auto\" style=\"vertical-align: inherit;\">eing\u00f6ngu \u00e6tla\u00f0 til v\u00edsindaranns\u00f3kna<\/span><\/span><\/strong><span dir=\"auto\" style=\"vertical-align: inherit;\"><span dir=\"auto\" style=\"vertical-align: inherit;\"> og <\/span><\/span><strong data-start=\"4774\" data-end=\"4831\"><span dir=\"auto\" style=\"vertical-align: inherit;\"><span dir=\"auto\" style=\"vertical-align: inherit;\">er ekki hentugt til neyslu manna e\u00f0a d\u00fdra<\/span><\/span><\/strong><span dir=\"auto\" style=\"vertical-align: inherit;\"><span dir=\"auto\" style=\"vertical-align: inherit;\"> .<\/span><\/span><\/p>\n<\/blockquote>\n<hr data-start=\"4836\" data-end=\"4839\" \/>\n<h3 data-start=\"4841\" data-end=\"4872\"><strong data-start=\"4845\" data-end=\"4872\"><span dir=\"auto\" style=\"vertical-align: inherit;\"><span dir=\"auto\" style=\"vertical-align: inherit;\">Lykilatri\u00f0i<\/span><\/span><\/strong><\/h3>\n<ul data-start=\"4873\" data-end=\"5277\">\n<li data-start=\"4873\" data-end=\"4960\">\n<p data-start=\"4875\" data-end=\"4960\"><strong data-start=\"4875\" data-end=\"4901\"><span dir=\"auto\" style=\"vertical-align: inherit;\"><span dir=\"auto\" style=\"vertical-align: inherit;\">Mikil hreinleiki (\u226599%)<\/span><\/span><\/strong><span dir=\"auto\" style=\"vertical-align: inherit;\"><span dir=\"auto\" style=\"vertical-align: inherit;\"> \u2013 Pr\u00f3fa\u00f0 \u00ed ranns\u00f3knarstofu me\u00f0 h\u00e1\u00fer\u00f3a\u00f0ri greiningart\u00e6kni.<\/span><\/span><\/p>\n<\/li>\n<li data-start=\"4961\" data-end=\"5037\">\n<p data-start=\"4963\" data-end=\"5037\"><strong data-start=\"4963\" data-end=\"4993\"><span dir=\"auto\" style=\"vertical-align: inherit;\"><span dir=\"auto\" style=\"vertical-align: inherit;\">St\u00f6\u00f0ugt h\u00fddr\u00f3kl\u00f3r\u00ed\u00f0form<\/span><\/span><\/strong><span dir=\"auto\" style=\"vertical-align: inherit;\"><span dir=\"auto\" style=\"vertical-align: inherit;\"> - Eykur geymslu\u00feol og leysni.<\/span><\/span><\/p>\n<\/li>\n<li data-start=\"5038\" data-end=\"5125\">\n<p data-start=\"5040\" data-end=\"5125\"><strong data-start=\"5040\" data-end=\"5079\"><span dir=\"auto\" style=\"vertical-align: inherit;\"><span dir=\"auto\" style=\"vertical-align: inherit;\">Lyfjafr\u00e6\u00f0ileg ranns\u00f3knarsta\u00f0all<\/span><\/span><\/strong><span dir=\"auto\" style=\"vertical-align: inherit;\"><span dir=\"auto\" style=\"vertical-align: inherit;\"> \u2013 Hentar fyrir vi\u00f0taka- og SAR-ranns\u00f3knir.<\/span><\/span><\/p>\n<\/li>\n<li data-start=\"5126\" data-end=\"5196\">\n<p data-start=\"5128\" data-end=\"5196\"><strong data-start=\"5128\" data-end=\"5153\"><span dir=\"auto\" style=\"vertical-align: inherit;\"><span dir=\"auto\" style=\"vertical-align: inherit;\">St\u00f6\u00f0ug g\u00e6\u00f0i<\/span><\/span><\/strong><span dir=\"auto\" style=\"vertical-align: inherit;\"><span dir=\"auto\" style=\"vertical-align: inherit;\"> \u2013 Framleitt samkv\u00e6mt GMP-l\u00edkum st\u00f6\u00f0lum.<\/span><\/span><\/p>\n<\/li>\n<li data-start=\"5197\" data-end=\"5277\">\n<p data-start=\"5199\" data-end=\"5277\"><strong data-start=\"5199\" data-end=\"5221\"><span dir=\"auto\" style=\"vertical-align: inherit;\"><span dir=\"auto\" style=\"vertical-align: inherit;\">\u00d6rugg umb\u00fa\u00f0ir<\/span><\/span><\/strong><span dir=\"auto\" style=\"vertical-align: inherit;\"><span dir=\"auto\" style=\"vertical-align: inherit;\"> \u2013 Loft\u00fe\u00e9tt og lj\u00f3s\u00fe\u00e9tt fyrir h\u00e1marksv\u00f6rn.<\/span><\/span><\/p>\n<\/li>\n<\/ul>\n<hr data-start=\"5279\" data-end=\"5282\" \/>\n<h3 data-start=\"5284\" data-end=\"5301\"><strong data-start=\"5288\" data-end=\"5301\"><span dir=\"auto\" style=\"vertical-align: inherit;\"><span dir=\"auto\" style=\"vertical-align: inherit;\">Kostir<\/span><\/span><\/strong><\/h3>\n<ul data-start=\"5302\" data-end=\"5577\">\n<li data-start=\"5302\" data-end=\"5382\">\n<p data-start=\"5304\" data-end=\"5382\"><span dir=\"auto\" style=\"vertical-align: inherit;\"><span dir=\"auto\" style=\"vertical-align: inherit;\">Sty\u00f0ur <\/span><\/span><strong data-start=\"5316\" data-end=\"5379\"><span dir=\"auto\" style=\"vertical-align: inherit;\"><span dir=\"auto\" style=\"vertical-align: inherit;\">Ranns\u00f3knir \u00e1 ser\u00f3t\u00f3n\u00ednvi\u00f0t\u00f6kum og tryptam\u00ednhli\u00f0st\u00e6\u00f0um<\/span><\/span><\/strong><span dir=\"auto\" style=\"vertical-align: inherit;\"><span dir=\"auto\" style=\"vertical-align: inherit;\"> .<\/span><\/span><\/p>\n<\/li>\n<li data-start=\"5383\" data-end=\"5461\">\n<p data-start=\"5385\" data-end=\"5461\"><strong data-start=\"5385\" data-end=\"5430\"><span dir=\"auto\" style=\"vertical-align: inherit;\"><span dir=\"auto\" style=\"vertical-align: inherit;\">\u00c1rei\u00f0anlegar og endurtakanlegar ni\u00f0urst\u00f6\u00f0ur<\/span><\/span><\/strong><span dir=\"auto\" style=\"vertical-align: inherit;\"><span dir=\"auto\" style=\"vertical-align: inherit;\"> \u00ed lyfjafr\u00e6\u00f0ilegum ranns\u00f3knum.<\/span><\/span><\/p>\n<\/li>\n<li data-start=\"5462\" data-end=\"5509\">\n<p data-start=\"5464\" data-end=\"5509\"><strong data-start=\"5464\" data-end=\"5486\"><span dir=\"auto\" style=\"vertical-align: inherit;\"><span dir=\"auto\" style=\"vertical-align: inherit;\">Betri st\u00f6\u00f0ugleiki<\/span><\/span><\/strong><span dir=\"auto\" style=\"vertical-align: inherit;\"><span dir=\"auto\" style=\"vertical-align: inherit;\"> en frj\u00e1lsa formi\u00f0.<\/span><\/span><\/p>\n<\/li>\n<li data-start=\"5510\" data-end=\"5577\">\n<p data-start=\"5512\" data-end=\"5577\"><span dir=\"auto\" style=\"vertical-align: inherit;\"><span dir=\"auto\" style=\"vertical-align: inherit;\">Tilvali\u00f0 fyrir <\/span><\/span><strong data-start=\"5524\" data-end=\"5574\"><span dir=\"auto\" style=\"vertical-align: inherit;\"><span dir=\"auto\" style=\"vertical-align: inherit;\">fr\u00e6\u00f0ilegar, greiningar- og r\u00e9ttarranns\u00f3knir<\/span><\/span><\/strong><span dir=\"auto\" style=\"vertical-align: inherit;\"><span dir=\"auto\" style=\"vertical-align: inherit;\"> .<\/span><\/span><\/p>\n<\/li>\n<\/ul>\n<hr data-start=\"5579\" data-end=\"5582\" \/>\n<h3 data-start=\"5584\" data-end=\"5599\"><strong data-start=\"5588\" data-end=\"5599\"><span dir=\"auto\" style=\"vertical-align: inherit;\"><span dir=\"auto\" style=\"vertical-align: inherit;\">Notkun<\/span><\/span><\/strong><\/h3>\n<ul data-start=\"5600\" data-end=\"5871\">\n<li data-start=\"5600\" data-end=\"5670\">\n<p data-start=\"5602\" data-end=\"5670\"><span dir=\"auto\" style=\"vertical-align: inherit;\"><span dir=\"auto\" style=\"vertical-align: inherit;\">Til notkunar fyrir <\/span><\/span><strong data-start=\"5627\" data-end=\"5667\"><span dir=\"auto\" style=\"vertical-align: inherit;\"><span dir=\"auto\" style=\"vertical-align: inherit;\">h\u00e6ft starfsf\u00f3lk \u00ed ranns\u00f3knarstofunni<\/span><\/span><\/strong><span dir=\"auto\" style=\"vertical-align: inherit;\"><span dir=\"auto\" style=\"vertical-align: inherit;\"> a\u00f0eins .<\/span><\/span><\/p>\n<\/li>\n<li data-start=\"5671\" data-end=\"5747\">\n<p data-start=\"5673\" data-end=\"5747\"><span dir=\"auto\" style=\"vertical-align: inherit;\"><span dir=\"auto\" style=\"vertical-align: inherit;\">Kl\u00e6\u00f0ist vi\u00f0eigandi <\/span><\/span><strong data-start=\"5691\" data-end=\"5715\"><span dir=\"auto\" style=\"vertical-align: inherit;\"><span dir=\"auto\" style=\"vertical-align: inherit;\">hl\u00edf\u00f0arb\u00fana\u00f0ur<\/span><\/span><\/strong><span dir=\"auto\" style=\"vertical-align: inherit;\"><span dir=\"auto\" style=\"vertical-align: inherit;\"> (hanskar, hl\u00edf\u00f0argleraugu, ranns\u00f3knarstofusloppur).<\/span><\/span><\/p>\n<\/li>\n<li data-start=\"5748\" data-end=\"5812\">\n<p data-start=\"5750\" data-end=\"5812\"><span dir=\"auto\" style=\"vertical-align: inherit;\"><span dir=\"auto\" style=\"vertical-align: inherit;\">Geymi\u00f0 \u00ed <\/span><\/span><strong data-start=\"5765\" data-end=\"5799\"><span dir=\"auto\" style=\"vertical-align: inherit;\"><span dir=\"auto\" style=\"vertical-align: inherit;\">kaldur, \u00feurr og dimmur sta\u00f0ur<\/span><\/span><\/strong><span dir=\"auto\" style=\"vertical-align: inherit;\"><span dir=\"auto\" style=\"vertical-align: inherit;\"> (15\u201325\u00b0C).<\/span><\/span><\/p>\n<\/li>\n<li data-start=\"5813\" data-end=\"5871\">\n<p data-start=\"5815\" data-end=\"5871\"><span dir=\"auto\" style=\"vertical-align: inherit;\"><span dir=\"auto\" style=\"vertical-align: inherit;\">Ekki hentugt til neyslu manna e\u00f0a d\u00fdra.<\/span><\/span><\/p>\n<\/li>\n<\/ul>\n<hr data-start=\"5873\" data-end=\"5876\" \/>\n<h3 data-start=\"5878\" data-end=\"5913\"><strong data-start=\"5882\" data-end=\"5913\"><span dir=\"auto\" style=\"vertical-align: inherit;\"><span dir=\"auto\" style=\"vertical-align: inherit;\">Algengar spurningar (FAQs)<\/span><\/span><\/strong><\/h3>\n<p data-start=\"5915\" data-end=\"6140\"><strong data-start=\"5915\" data-end=\"5970\"><span dir=\"auto\" style=\"vertical-align: inherit;\"><span dir=\"auto\" style=\"vertical-align: inherit;\">1. Til hvers er 5-MeO-DMT h\u00fddr\u00f3kl\u00f3r\u00ed\u00f0 nota\u00f0?<\/span><\/span><\/strong><br data-start=\"5970\" data-end=\"5973\" \/><span dir=\"auto\" style=\"vertical-align: inherit;\"><span dir=\"auto\" style=\"vertical-align: inherit;\"> 5-MeO-DMT h\u00fddr\u00f3kl\u00f3r\u00ed\u00f0 er nota\u00f0 \u00ed <\/span><\/span><strong data-start=\"6015\" data-end=\"6068\"><span dir=\"auto\" style=\"vertical-align: inherit;\"><span dir=\"auto\" style=\"vertical-align: inherit;\">ranns\u00f3knir \u00ed taugav\u00edsindum og lyfjafr\u00e6\u00f0i<\/span><\/span><\/strong><span dir=\"auto\" style=\"vertical-align: inherit;\"><span dir=\"auto\" style=\"vertical-align: inherit;\"> \u00e1 ser\u00f3t\u00f3n\u00ednvi\u00f0t\u00f6kum og tengslum milli byggingar og virkni (SAR).<\/span><\/span><\/p>\n<p data-start=\"6142\" data-end=\"6328\"><strong data-start=\"6142\" data-end=\"6206\"><span dir=\"auto\" style=\"vertical-align: inherit;\"><span dir=\"auto\" style=\"vertical-align: inherit;\">2. Er 5-MeO-DMT h\u00fddr\u00f3kl\u00f3r\u00ed\u00f0 \u00f6ruggt til notkunar fyrir menn?<\/span><\/span><\/strong><br data-start=\"6206\" data-end=\"6209\" \/><span dir=\"auto\" style=\"vertical-align: inherit;\"><span dir=\"auto\" style=\"vertical-align: inherit;\"> Nei. \u00deessi vara er <\/span><\/span><strong data-start=\"6229\" data-end=\"6278\"><span dir=\"auto\" style=\"vertical-align: inherit;\"><span dir=\"auto\" style=\"vertical-align: inherit;\">eing\u00f6ngu \u00e6tla\u00f0 til ranns\u00f3knar<\/span><\/span><\/strong><span dir=\"auto\" style=\"vertical-align: inherit;\"><span dir=\"auto\" style=\"vertical-align: inherit;\"> og er ekki sam\u00feykkt til manneldis.<\/span><\/span><\/p>\n<p data-start=\"6330\" data-end=\"6499\"><strong data-start=\"6330\" data-end=\"6385\"><span dir=\"auto\" style=\"vertical-align: inherit;\"><span dir=\"auto\" style=\"vertical-align: inherit;\">3. Hvernig \u00e1 a\u00f0 geyma 5-MeO-DMT h\u00fddr\u00f3kl\u00f3r\u00ed\u00f0?<\/span><\/span><\/strong><br data-start=\"6385\" data-end=\"6388\" \/><span dir=\"auto\" style=\"vertical-align: inherit;\"><span dir=\"auto\" style=\"vertical-align: inherit;\"> Geymi\u00f0 \u00ed <\/span><\/span><strong data-start=\"6403\" data-end=\"6433\"><span dir=\"auto\" style=\"vertical-align: inherit;\"><span dir=\"auto\" style=\"vertical-align: inherit;\">vel loka\u00f0 \u00edl\u00e1t<\/span><\/span><\/strong><span dir=\"auto\" style=\"vertical-align: inherit;\"><span dir=\"auto\" style=\"vertical-align: inherit;\"> vi\u00f0 stofuhita (15\u201325\u00b0C), vari\u00f0 gegn lj\u00f3si og raka.<\/span><\/span><\/p>","protected":false},"excerpt":{"rendered":"<h3><span data-sheets-value=\"{\" data-sheets-userformat=\"{\"><span dir=\"auto\" style=\"vertical-align: inherit;\"><span dir=\"auto\" style=\"vertical-align: inherit;\"><span dir=\"auto\" style=\"vertical-align: inherit;\"><span dir=\"auto\" style=\"vertical-align: inherit;\">5-MeO-DMT hydrochloride properties<\/span><\/span><\/span><\/span><\/span><\/h3>\n<p><strong><span dir=\"auto\" style=\"vertical-align: inherit;\"><span dir=\"auto\" style=\"vertical-align: inherit;\"><span dir=\"auto\" style=\"vertical-align: inherit;\"><span dir=\"auto\" style=\"vertical-align: inherit;\">Synonym:<\/span><\/span><\/span><\/span><\/strong><span dir=\"auto\" style=\"vertical-align: inherit;\"><span dir=\"auto\" style=\"vertical-align: inherit;\"><span dir=\"auto\" style=\"vertical-align: inherit;\"><span dir=\"auto\" style=\"vertical-align: inherit;\"> 5-methoxy-N,N-dimethyltryptamine hydrochloride <\/span><\/span><\/span><\/span><br \/>\n<strong><span dir=\"auto\" style=\"vertical-align: inherit;\"><span dir=\"auto\" style=\"vertical-align: inherit;\"><span dir=\"auto\" style=\"vertical-align: inherit;\"><span dir=\"auto\" style=\"vertical-align: inherit;\">CAS Number:<\/span><\/span><\/span><\/span><\/strong><span dir=\"auto\" style=\"vertical-align: inherit;\"><span dir=\"auto\" style=\"vertical-align: inherit;\"><span dir=\"auto\" style=\"vertical-align: inherit;\"><span dir=\"auto\" style=\"vertical-align: inherit;\"> n\/a <\/span><\/span><\/span><\/span><br \/>\n<strong><span dir=\"auto\" style=\"vertical-align: inherit;\"><span dir=\"auto\" style=\"vertical-align: inherit;\"><span dir=\"auto\" style=\"vertical-align: inherit;\"><span dir=\"auto\" style=\"vertical-align: inherit;\">Formula:<\/span><\/span><\/span><\/span><\/strong><span dir=\"auto\" style=\"vertical-align: inherit;\"><span dir=\"auto\" style=\"vertical-align: inherit;\"><span dir=\"auto\" style=\"vertical-align: inherit;\"><span dir=\"auto\" style=\"vertical-align: inherit;\"> 3-[2-(dimethylamino)ethyl]-5-methoxyindole hydrochloride <\/span><\/span><\/span><\/span><br \/>\n<strong><span dir=\"auto\" style=\"vertical-align: inherit;\"><span dir=\"auto\" style=\"vertical-align: inherit;\"><span dir=\"auto\" style=\"vertical-align: inherit;\"><span dir=\"auto\" style=\"vertical-align: inherit;\">Molar mass:<\/span><\/span><\/span><\/span><\/strong><span dir=\"auto\" style=\"vertical-align: inherit;\"><span dir=\"auto\" style=\"vertical-align: inherit;\"><span dir=\"auto\" style=\"vertical-align: inherit;\"><span dir=\"auto\" style=\"vertical-align: inherit;\"> 254.8 g\/mol <\/span><\/span><\/span><\/span><br \/>\n<strong><span dir=\"auto\" style=\"vertical-align: inherit;\"><span dir=\"auto\" style=\"vertical-align: inherit;\"><span dir=\"auto\" style=\"vertical-align: inherit;\"><span dir=\"auto\" style=\"vertical-align: inherit;\">Purity:<\/span><\/span><\/span><\/span><\/strong><span dir=\"auto\" style=\"vertical-align: inherit;\"><span dir=\"auto\" style=\"vertical-align: inherit;\"><span dir=\"auto\" style=\"vertical-align: inherit;\"><span dir=\"auto\" style=\"vertical-align: inherit;\"> &gt;97%<\/span><\/span><\/span><\/span><\/p>\n","protected":false},"featured_media":29271,"comment_status":"closed","ping_status":"closed","template":"","meta":[],"product_brand":[],"product_cat":[511,381],"product_tag":[1165,1166,326],"class_list":{"0":"post-23504","1":"product","2":"type-product","3":"status-publish","4":"has-post-thumbnail","6":"product_cat-5-meo-dmt-kopen","7":"product_cat-tryptamines","8":"product_tag-5-meo-dmt-hydrochloride","9":"product_tag-5-meo-dmt-hydrochloride-kopen","10":"product_tag-nl","12":"first","13":"instock","14":"taxable","15":"shipping-taxable","16":"purchasable","17":"product-type-variable"},"_links":{"self":[{"href":"https:\/\/onderzoekschemicals.com\/is\/wp-json\/wp\/v2\/product\/23504","targetHints":{"allow":["GET"]}}],"collection":[{"href":"https:\/\/onderzoekschemicals.com\/is\/wp-json\/wp\/v2\/product"}],"about":[{"href":"https:\/\/onderzoekschemicals.com\/is\/wp-json\/wp\/v2\/types\/product"}],"replies":[{"embeddable":true,"href":"https:\/\/onderzoekschemicals.com\/is\/wp-json\/wp\/v2\/comments?post=23504"}],"version-history":[{"count":6,"href":"https:\/\/onderzoekschemicals.com\/is\/wp-json\/wp\/v2\/product\/23504\/revisions"}],"predecessor-version":[{"id":28730,"href":"https:\/\/onderzoekschemicals.com\/is\/wp-json\/wp\/v2\/product\/23504\/revisions\/28730"}],"wp:featuredmedia":[{"embeddable":true,"href":"https:\/\/onderzoekschemicals.com\/is\/wp-json\/wp\/v2\/media\/29271"}],"wp:attachment":[{"href":"https:\/\/onderzoekschemicals.com\/is\/wp-json\/wp\/v2\/media?parent=23504"}],"wp:term":[{"taxonomy":"product_brand","embeddable":true,"href":"https:\/\/onderzoekschemicals.com\/is\/wp-json\/wp\/v2\/product_brand?post=23504"},{"taxonomy":"product_cat","embeddable":true,"href":"https:\/\/onderzoekschemicals.com\/is\/wp-json\/wp\/v2\/product_cat?post=23504"},{"taxonomy":"product_tag","embeddable":true,"href":"https:\/\/onderzoekschemicals.com\/is\/wp-json\/wp\/v2\/product_tag?post=23504"}],"curies":[{"name":"wp","href":"https:\/\/api.w.org\/{rel}","templated":true}]}}