{"id":23476,"date":"2025-04-13T17:39:49","date_gmt":"2025-04-13T17:39:49","guid":{"rendered":"https:\/\/onderzoekschemicals.com\/?post_type=product&#038;p=23476"},"modified":"2025-10-19T20:43:31","modified_gmt":"2025-10-19T20:43:31","slug":"4-ho-mpt-fumarate","status":"publish","type":"product","link":"https:\/\/onderzoekschemicals.com\/is\/shop\/4-ho-mpt\/4-ho-mpt-fumarate\/","title":{"rendered":"4-HO-MPT f\u00famarat"},"content":{"rendered":"<h1><strong><span dir=\"auto\" style=\"vertical-align: inherit;\"><span dir=\"auto\" style=\"vertical-align: inherit;\">4-HO-MPT f\u00famarat \u2013 H\u00e1g\u00e6\u00f0a ranns\u00f3knarefni fyrir framhaldsn\u00e1m<\/span><\/span><\/strong><\/h1>\n<p data-start=\"4191\" data-end=\"4388\"><strong data-start=\"4191\" data-end=\"4252\">4-HO-MPT f\u00famarat (4-h\u00fddrox\u00fd-N-met\u00fdl-N-pr\u00f3p\u00fdltryptam\u00edn)<\/strong> er <strong data-start=\"4260\" data-end=\"4302\">ranns\u00f3knarefni me\u00f0 mikilli hreinleika<\/strong>, \u00fer\u00f3a\u00f0 fyrir <strong data-start=\"4320\" data-end=\"4385\">taugav\u00edsindalegar, lyfjafr\u00e6\u00f0ilegar og greiningarranns\u00f3knir<\/strong>4-ho-mpt f\u00famarat<\/p>\n<p data-start=\"4390\" data-end=\"4735\">Ef <strong data-start=\"4394\" data-end=\"4431\">h\u00fddrox\u00fdl-skipt hli\u00f0st\u00e6\u00f0a<\/strong> eftir <strong data-start=\"4436\" data-end=\"4443\">MPT<\/strong>, 4-HO-MPT tilheyrir <strong data-start=\"4469\" data-end=\"4505\">4-h\u00fddrox\u00fdtryptam\u00edn flokkur (4-HO)<\/strong> og er n\u00e1tengd efnasamb\u00f6ndum eins og <strong data-start=\"4552\" data-end=\"4576\">4-HO-DMT (Psilocin)<\/strong>\u00dea\u00f0 er mikilv\u00e6gt fyrir ranns\u00f3knir \u00e1 <strong data-start=\"4616\" data-end=\"4658\">ser\u00f3t\u00f3n\u00ednvi\u00f0takar (5-HT1A, 5-HT2A)<\/strong> og <strong data-start=\"4662\" data-end=\"4704\">tengsl byggingar og virkni (SAR)<\/strong> innan tryptam\u00ednfj\u00f6lskyldunnar.<\/p>\n<p data-start=\"4737\" data-end=\"4924\">Hinn <strong data-start=\"4740\" data-end=\"4760\">f\u00famaratsaltform<\/strong> tilbo\u00f0 <strong data-start=\"4767\" data-end=\"4825\">fram\u00farskarandi st\u00f6\u00f0ugleiki, leysni og geymslu\u00feol<\/strong>, sem gerir \u00feessa v\u00f6ru tilvalda til langt\u00edmanotkunar \u00ed st\u00fdr\u00f0u ranns\u00f3knarstofuumhverfi.<\/p>\n<blockquote data-start=\"4926\" data-end=\"5077\">\n<p data-start=\"4928\" data-end=\"5077\">\u26a0\ufe0f <strong data-start=\"4931\" data-end=\"4942\">Athugi\u00f0:<\/strong> \u00deessi vara er <strong data-start=\"4958\" data-end=\"5013\">eing\u00f6ngu \u00e6tla\u00f0 til v\u00edsindaranns\u00f3kna<\/strong> og <strong data-start=\"5017\" data-end=\"5074\">ekki hentugt til neyslu manna e\u00f0a d\u00fdra<\/strong>.<\/p>\n<\/blockquote>\n<hr data-start=\"5079\" data-end=\"5082\" \/>\n<h3 data-start=\"5084\" data-end=\"5115\"><strong data-start=\"5088\" data-end=\"5115\">Lykilatri\u00f0i<\/strong><\/h3>\n<ul data-start=\"5116\" data-end=\"5510\">\n<li data-start=\"5116\" data-end=\"5180\">\n<p data-start=\"5118\" data-end=\"5180\"><strong data-start=\"5118\" data-end=\"5144\">Mikil hreinleiki (\u226599%)<\/strong> \u2013 Greint me\u00f0 HPLC og GC-MS.<\/p>\n<\/li>\n<li data-start=\"5181\" data-end=\"5254\">\n<p data-start=\"5183\" data-end=\"5254\"><strong data-start=\"5183\" data-end=\"5212\">St\u00f6\u00f0ugt f\u00famaratsaltform<\/strong> - Eykur geymslu\u00feol og st\u00f6\u00f0ugleika.<\/p>\n<\/li>\n<li data-start=\"5255\" data-end=\"5342\">\n<p data-start=\"5257\" data-end=\"5342\"><strong data-start=\"5257\" data-end=\"5296\">Lyfjafr\u00e6\u00f0ileg ranns\u00f3knarsta\u00f0all<\/strong> \u2013 Hentar fyrir vi\u00f0taka- og SAR-ranns\u00f3knir.<\/p>\n<\/li>\n<li data-start=\"5343\" data-end=\"5421\">\n<p data-start=\"5345\" data-end=\"5421\"><strong data-start=\"5345\" data-end=\"5370\">St\u00f6\u00f0ug g\u00e6\u00f0i<\/strong> \u2013 Framleitt vi\u00f0 GMP-l\u00edk skilyr\u00f0i.<\/p>\n<\/li>\n<li data-start=\"5422\" data-end=\"5510\">\n<p data-start=\"5424\" data-end=\"5510\"><strong data-start=\"5424\" data-end=\"5446\">\u00d6ruggar umb\u00fa\u00f0ir<\/strong> \u2013 Loft\u00fe\u00e9tt og lj\u00f3s\u00feolin pakkning fyrir h\u00e1marksv\u00f6rn.<\/p>\n<\/li>\n<\/ul>\n<hr data-start=\"5512\" data-end=\"5515\" \/>\n<h3 data-start=\"5517\" data-end=\"5534\"><strong data-start=\"5521\" data-end=\"5534\">Kostir<\/strong><\/h3>\n<ul data-start=\"5535\" data-end=\"5830\">\n<li data-start=\"5535\" data-end=\"5615\">\n<p data-start=\"5537\" data-end=\"5615\">Sty\u00f0ur <strong data-start=\"5549\" data-end=\"5612\">Ranns\u00f3knir \u00e1 ser\u00f3t\u00f3n\u00ednvi\u00f0t\u00f6kum og tryptam\u00ednhli\u00f0st\u00e6\u00f0um<\/strong>.<\/p>\n<\/li>\n<li data-start=\"5616\" data-end=\"5691\">\n<p data-start=\"5618\" data-end=\"5691\"><strong data-start=\"5618\" data-end=\"5663\">N\u00e1kv\u00e6mar og endurtakanlegar ni\u00f0urst\u00f6\u00f0ur<\/strong> \u00ed ranns\u00f3knarstofu.<\/p>\n<\/li>\n<li data-start=\"5692\" data-end=\"5758\">\n<p data-start=\"5694\" data-end=\"5758\"><strong data-start=\"5694\" data-end=\"5733\">Betri st\u00f6\u00f0ugleiki og leysni<\/strong> en frj\u00e1lsa basaformi\u00f0.<\/p>\n<\/li>\n<li data-start=\"5759\" data-end=\"5830\">\n<p data-start=\"5761\" data-end=\"5830\">Tilvali\u00f0 fyrir <strong data-start=\"5773\" data-end=\"5827\">fr\u00e6\u00f0ilegar, lyfjafr\u00e6\u00f0ilegar og greiningarranns\u00f3knir<\/strong>.<\/p>\n<\/li>\n<\/ul>\n<hr data-start=\"5832\" data-end=\"5835\" \/>\n<h3 data-start=\"5837\" data-end=\"5852\"><strong data-start=\"5841\" data-end=\"5852\">Notkun<\/strong><\/h3>\n<ul data-start=\"5853\" data-end=\"6124\">\n<li data-start=\"5853\" data-end=\"5923\">\n<p data-start=\"5855\" data-end=\"5923\">A\u00f0eins til notkunar af <strong data-start=\"5880\" data-end=\"5920\">h\u00e6ft starfsf\u00f3lk \u00ed ranns\u00f3knarstofunni<\/strong>.<\/p>\n<\/li>\n<li data-start=\"5924\" data-end=\"6000\">\n<p data-start=\"5926\" data-end=\"6000\">Noti\u00f0 vi\u00f0eigandi <strong data-start=\"5944\" data-end=\"5968\">hl\u00edf\u00f0arb\u00fana\u00f0ur<\/strong> (hanskar, hl\u00edf\u00f0argleraugu, ranns\u00f3knarstofusloppur).<\/p>\n<\/li>\n<li data-start=\"6001\" data-end=\"6065\">\n<p data-start=\"6003\" data-end=\"6065\">Spara\u00f0u \u00e1 <strong data-start=\"6018\" data-end=\"6052\">kaldur, \u00feurr og dimmur sta\u00f0ur<\/strong> (15\u201325\u00b0C).<\/p>\n<\/li>\n<li data-start=\"6066\" data-end=\"6124\">\n<p data-start=\"6068\" data-end=\"6124\">Ekki hentugt til neyslu manna e\u00f0a d\u00fdra.<\/p>\n<\/li>\n<\/ul>\n<hr data-start=\"6126\" data-end=\"6129\" \/>\n<h3 data-start=\"6131\" data-end=\"6166\"><strong data-start=\"6135\" data-end=\"6166\">Algengar spurningar (FAQs)<\/strong><\/h3>\n<p data-start=\"6168\" data-end=\"6368\"><strong data-start=\"6168\" data-end=\"6217\">1. Til hvers er 4-HO-MPT f\u00famarat nota\u00f0?<\/strong><br data-start=\"6217\" data-end=\"6220\" \/>4-HO-MPT f\u00famarat er nota\u00f0 til <strong data-start=\"6258\" data-end=\"6303\">lyfjafr\u00e6\u00f0ilegar og taugaefnafr\u00e6\u00f0ilegar ranns\u00f3knir<\/strong> ser\u00f3t\u00f3n\u00ednvi\u00f0taka og byggingarlega tryptam\u00edn hli\u00f0st\u00e6\u00f0ur.<\/p>\n<p data-start=\"6370\" data-end=\"6550\"><strong data-start=\"6370\" data-end=\"6428\">2. Er 4-HO-MPT f\u00famarat \u00f6ruggt til notkunar fyrir menn?<\/strong><br data-start=\"6428\" data-end=\"6431\" \/>Nei. \u00deessi vara er <strong data-start=\"6451\" data-end=\"6500\">eing\u00f6ngu \u00e6tla\u00f0 til ranns\u00f3knar<\/strong> og ekki sam\u00feykkt til manneldis.<\/p>\n<p data-start=\"6552\" data-end=\"6723\"><strong data-start=\"6552\" data-end=\"6601\">3. Hvernig \u00e1 a\u00f0 geyma 4-HO-MPT f\u00famarat?<\/strong><br data-start=\"6601\" data-end=\"6604\" \/>Geymi\u00f0 \u00ed <strong data-start=\"6619\" data-end=\"6649\">vel innsiglu\u00f0 umb\u00fa\u00f0ir<\/strong> vi\u00f0 stofuhita (15\u201325\u00b0C), vari\u00f0 gegn raka, hita og lj\u00f3si.<\/p>","protected":false},"excerpt":{"rendered":"<h3><span style=\"vertical-align: inherit;\"><span style=\"vertical-align: inherit;\"><span dir=\"auto\" style=\"vertical-align: inherit;\"><span dir=\"auto\" style=\"vertical-align: inherit;\">Eiginleikar 4-HO-MPT f\u00famarat<\/span><\/span><\/span><\/span><\/h3>\n<p><strong><span style=\"vertical-align: inherit;\"><span style=\"vertical-align: inherit;\"><span dir=\"auto\" style=\"vertical-align: inherit;\"><span dir=\"auto\" style=\"vertical-align: inherit;\">Samheiti:<\/span><\/span><\/span><\/span><\/strong><span style=\"vertical-align: inherit;\"><span style=\"vertical-align: inherit;\"><span dir=\"auto\" style=\"vertical-align: inherit;\"><span dir=\"auto\" style=\"vertical-align: inherit;\"> 4-h\u00fddrox\u00fd-N-met\u00fdl-N-pr\u00f3p\u00fdltryptam\u00edn f\u00famarat <\/span><\/span><\/span><\/span><br \/>\n<strong><span style=\"vertical-align: inherit;\"><span style=\"vertical-align: inherit;\"><span dir=\"auto\" style=\"vertical-align: inherit;\"><span dir=\"auto\" style=\"vertical-align: inherit;\">CAS-n\u00famer:<\/span><\/span><\/span><\/span><\/strong><span style=\"vertical-align: inherit;\"><span style=\"vertical-align: inherit;\"><span dir=\"auto\" style=\"vertical-align: inherit;\"><span dir=\"auto\" style=\"vertical-align: inherit;\"> 763035-03-6 <\/span><\/span><\/span><\/span><br \/>\n<strong><span style=\"vertical-align: inherit;\"><span style=\"vertical-align: inherit;\"><span dir=\"auto\" style=\"vertical-align: inherit;\"><span dir=\"auto\" style=\"vertical-align: inherit;\">Form\u00fala:<\/span><\/span><\/span><\/span><\/strong><span style=\"vertical-align: inherit;\"><span style=\"vertical-align: inherit;\"><span dir=\"auto\" style=\"vertical-align: inherit;\"><span dir=\"auto\" style=\"vertical-align: inherit;\"> 3-(2-(methyl(propyl)amino)ethyl)-1H-indole-4-ol fumarate <\/span><\/span><\/span><\/span><br \/>\n<strong><span style=\"vertical-align: inherit;\"><span style=\"vertical-align: inherit;\"><span dir=\"auto\" style=\"vertical-align: inherit;\"><span dir=\"auto\" style=\"vertical-align: inherit;\">M\u00f3lmassi:<\/span><\/span><\/span><\/span><\/strong><span style=\"vertical-align: inherit;\"><span style=\"vertical-align: inherit;\"><span dir=\"auto\" style=\"vertical-align: inherit;\"><span dir=\"auto\" style=\"vertical-align: inherit;\"> 348,4 g\/m\u00f3l <\/span><\/span><\/span><\/span><br \/>\n<strong><span style=\"vertical-align: inherit;\"><span style=\"vertical-align: inherit;\"><span dir=\"auto\" style=\"vertical-align: inherit;\"><span dir=\"auto\" style=\"vertical-align: inherit;\">Hreinleiki:<\/span><\/span><\/span><\/span><\/strong><span style=\"vertical-align: inherit;\"><span style=\"vertical-align: inherit;\"><span dir=\"auto\" style=\"vertical-align: inherit;\"><span dir=\"auto\" style=\"vertical-align: inherit;\"> &gt;97%<\/span><\/span><\/span><\/span><\/p>","protected":false},"featured_media":20355,"comment_status":"closed","ping_status":"closed","template":"","meta":[],"product_brand":[],"product_cat":[544,381],"product_tag":[326],"class_list":{"0":"post-23476","1":"product","2":"type-product","3":"status-publish","4":"has-post-thumbnail","6":"product_cat-4-ho-mpt","7":"product_cat-tryptamines","8":"product_tag-nl","10":"first","11":"instock","12":"taxable","13":"shipping-taxable","14":"purchasable","15":"product-type-variable"},"_links":{"self":[{"href":"https:\/\/onderzoekschemicals.com\/is\/wp-json\/wp\/v2\/product\/23476","targetHints":{"allow":["GET"]}}],"collection":[{"href":"https:\/\/onderzoekschemicals.com\/is\/wp-json\/wp\/v2\/product"}],"about":[{"href":"https:\/\/onderzoekschemicals.com\/is\/wp-json\/wp\/v2\/types\/product"}],"replies":[{"embeddable":true,"href":"https:\/\/onderzoekschemicals.com\/is\/wp-json\/wp\/v2\/comments?post=23476"}],"version-history":[{"count":4,"href":"https:\/\/onderzoekschemicals.com\/is\/wp-json\/wp\/v2\/product\/23476\/revisions"}],"predecessor-version":[{"id":28038,"href":"https:\/\/onderzoekschemicals.com\/is\/wp-json\/wp\/v2\/product\/23476\/revisions\/28038"}],"wp:featuredmedia":[{"embeddable":true,"href":"https:\/\/onderzoekschemicals.com\/is\/wp-json\/wp\/v2\/media\/20355"}],"wp:attachment":[{"href":"https:\/\/onderzoekschemicals.com\/is\/wp-json\/wp\/v2\/media?parent=23476"}],"wp:term":[{"taxonomy":"product_brand","embeddable":true,"href":"https:\/\/onderzoekschemicals.com\/is\/wp-json\/wp\/v2\/product_brand?post=23476"},{"taxonomy":"product_cat","embeddable":true,"href":"https:\/\/onderzoekschemicals.com\/is\/wp-json\/wp\/v2\/product_cat?post=23476"},{"taxonomy":"product_tag","embeddable":true,"href":"https:\/\/onderzoekschemicals.com\/is\/wp-json\/wp\/v2\/product_tag?post=23476"}],"curies":[{"name":"wp","href":"https:\/\/api.w.org\/{rel}","templated":true}]}}