{"id":23305,"date":"2025-04-13T17:39:31","date_gmt":"2025-04-13T17:39:31","guid":{"rendered":"https:\/\/onderzoekschemicals.com\/?post_type=product&#038;p=23305"},"modified":"2025-11-28T14:46:51","modified_gmt":"2025-11-28T14:46:51","slug":"flunitrazolam-kopen","status":"publish","type":"product","link":"https:\/\/onderzoekschemicals.com\/is\/shop\/benzodiazepinen\/flunitrazolam-kopen\/","title":{"rendered":"Fl\u00fan\u00edtraz\u00f3lam 0,25 mg \u00feynnur"},"content":{"rendered":"<h1><span dir=\"auto\" style=\"vertical-align: inherit;\"><span dir=\"auto\" style=\"vertical-align: inherit;\">Kauptu fl\u00fan\u00edtraz\u00f3lam 0,25 mg bletta\u00feynnur \u2013 n\u00e1kv\u00e6mt skammta\u00f0 ranns\u00f3knarefni fyrir v\u00edsindalega greiningu<\/span><\/span><\/h1>\n<p data-start=\"6003\" data-end=\"6439\">Kauptu fl\u00fan\u00edtraz\u00f3lam, fl\u00fan\u00edtraz\u00f3lam er <strong data-start=\"6024\" data-end=\"6050\">bens\u00f3d\u00edazep\u00edn hli\u00f0st\u00e6\u00f0a<\/strong> sem hefur vaki\u00f0 athygli \u00e1 undanf\u00f6rnum \u00e1rum innan <strong data-start=\"6107\" data-end=\"6140\">taugalyfjafr\u00e6\u00f0ilegar ranns\u00f3knir<\/strong>\u00dea\u00f0 er byggingarlega tengt efnum eins og <strong data-start=\"6187\" data-end=\"6204\">Fl\u00fan\u00edtrazepam<\/strong> og <strong data-start=\"6208\" data-end=\"6222\">Alprazolam<\/strong>, sem eru \u00feekkt fyrir r\u00f3andi og kv\u00ed\u00f0astillandi eiginleika s\u00edna. Rannsakendur eru a\u00f0 rannsaka fl\u00fan\u00edtraz\u00f3lam til a\u00f0 skilja betur virkni \u00feess \u00e1 bens\u00f3d\u00edazep\u00ednvi\u00f0taka, virkni \u00feess og tengsl milli byggingar og virkni. <span class=\"___SBox_epc1q-ko_ ___SText_zko9t-ko_\" data-ui-name=\"Link.Text\">kaupa fl\u00fan\u00edtraz\u00f3lam<\/span><\/p>\n<p data-start=\"6441\" data-end=\"6698\">\u00dea\u00f0 er mikilv\u00e6gt a\u00f0 leggja \u00e1herslu \u00e1 a\u00f0 <strong data-start=\"6478\" data-end=\"6552\">Fl\u00fan\u00edtraz\u00f3lam er ekki sam\u00feykkt til notkunar fyrir menn e\u00f0a d\u00fdr.<\/strong> og \u00ed flestum l\u00f6ndum <strong data-start=\"6576\" data-end=\"6622\">er h\u00e1\u00f0 regluger\u00f0um e\u00f0a banna\u00f0<\/strong>\u00deessi grein veitir a\u00f0eins <strong data-start=\"6654\" data-end=\"6697\">v\u00edsindalegt og lagalegt samhengi<\/strong>.<\/p>\n<hr data-start=\"6700\" data-end=\"6703\" \/>\n<h2 data-start=\"6705\" data-end=\"6739\"><strong data-start=\"6708\" data-end=\"6739\">Lyfjafr\u00e6\u00f0ilegur bakgrunnur<\/strong><\/h2>\n<p data-start=\"6741\" data-end=\"6983\">Fl\u00fan\u00edtraz\u00f3lam tilheyrir <strong data-start=\"6770\" data-end=\"6797\">tr\u00edas\u00f3l\u00f3bens\u00f3d\u00edazep\u00edn<\/strong>, undirflokkur sem s\u00fdnir \u00f6fluga v\u00edxlverkun vi\u00f0 <strong data-start=\"6851\" data-end=\"6872\">GABA-A vi\u00f0takar<\/strong> \u00ed heilanum. \u00deetta kerfi gegnir mikilv\u00e6gu hlutverki \u00ed <strong data-start=\"6932\" data-end=\"6982\">r\u00f3andi \u00e1hrif, svefnb\u00e6tandi \u00e1hrif og kv\u00ed\u00f0aminnkun<\/strong>.<\/p>\n<p data-start=\"6985\" data-end=\"7022\">Rannsakendur eru me\u00f0al annars a\u00f0 rannsaka:<\/p>\n<ul data-start=\"7023\" data-end=\"7291\">\n<li data-start=\"7023\" data-end=\"7105\">\n<p data-start=\"7025\" data-end=\"7105\">Hinn <strong data-start=\"7028\" data-end=\"7059\">vi\u00f0takabinding og virkni<\/strong> samanbori\u00f0 vi\u00f0 hef\u00f0bundin bens\u00f3d\u00edazep\u00edn.<\/p>\n<\/li>\n<li data-start=\"7106\" data-end=\"7160\">\n<p data-start=\"7108\" data-end=\"7160\">Hinn <strong data-start=\"7111\" data-end=\"7134\">verkunart\u00edmi<\/strong> og efnaskiptaferlar.<\/p>\n<\/li>\n<li data-start=\"7161\" data-end=\"7238\">\n<p data-start=\"7163\" data-end=\"7238\">Hinn <strong data-start=\"7166\" data-end=\"7207\">tengsl milli byggingar og virkni (SAR)<\/strong> innan tr\u00edas\u00f3lsambanda.<\/p>\n<\/li>\n<li data-start=\"7239\" data-end=\"7291\">\n<p data-start=\"7241\" data-end=\"7291\">\u00dea\u00f0 <strong data-start=\"7245\" data-end=\"7288\">h\u00e6tta \u00e1 \u00feoli og \u00f3sj\u00e1lfst\u00e6\u00f0i<\/strong>.<\/p>\n<\/li>\n<\/ul>\n<hr data-start=\"7293\" data-end=\"7296\" \/>\n<h2 data-start=\"7298\" data-end=\"7325\"><strong data-start=\"7301\" data-end=\"7325\">Ranns\u00f3knartilgangur<\/strong><\/h2>\n<p data-start=\"7327\" data-end=\"7504\">\u00de\u00f3tt <em data-start=\"7334\" data-end=\"7349\">Fl\u00fan\u00edtraz\u00f3lam<\/em> hefur enga l\u00e6knisfr\u00e6\u00f0ilega notkun, \u00fea\u00f0 er veri\u00f0 a\u00f0 rannsaka \u00fea\u00f0 \u00ed <strong data-start=\"7406\" data-end=\"7458\">r\u00e9ttar-, efna- og lyfjafr\u00e6\u00f0ilegar ranns\u00f3knir<\/strong>Fr\u00e6\u00f0ilegi \u00e1huginn beinist a\u00f0:<\/p>\n<ul data-start=\"7505\" data-end=\"7787\">\n<li data-start=\"7505\" data-end=\"7605\">\n<p data-start=\"7507\" data-end=\"7605\"><strong data-start=\"7507\" data-end=\"7534\">R\u00e9ttarfr\u00e6\u00f0ileg eiturefnafr\u00e6\u00f0i<\/strong> \u2014 au\u00f0kenning h\u00f6nnu\u00f0a bens\u00f3d\u00edazep\u00edna \u00ed l\u00edffr\u00e6\u00f0ilegum s\u00fdnum.<\/p>\n<\/li>\n<li data-start=\"7606\" data-end=\"7692\">\n<p data-start=\"7608\" data-end=\"7692\"><strong data-start=\"7608\" data-end=\"7630\">Greiningarefnafr\u00e6\u00f0i<\/strong> \u2014 \u00fer\u00f3un greiningara\u00f0fer\u00f0a (eins og LC-MS og GC-MS).<\/p>\n<\/li>\n<li data-start=\"7693\" data-end=\"7787\">\n<p data-start=\"7695\" data-end=\"7787\"><strong data-start=\"7695\" data-end=\"7732\">Samanbur\u00f0arranns\u00f3knir \u00e1 virkni<\/strong> til a\u00f0 fylgjast me\u00f0 \u00fer\u00f3un n\u00fdrra ge\u00f0virkra efna.<\/p>\n<\/li>\n<\/ul>\n<hr data-start=\"7789\" data-end=\"7792\" \/>\n<h2 data-start=\"7794\" data-end=\"7838\"><strong data-start=\"7797\" data-end=\"7838\">\u00d6ryggis- og lagaleg atri\u00f0i<\/strong><\/h2>\n<p data-start=\"7840\" data-end=\"8085\">Vegna \u00feess a\u00f0 <strong data-start=\"7851\" data-end=\"7868\">miklir m\u00f6guleikar<\/strong> Fl\u00fan\u00edtraz\u00f3lam hefur \u00ed f\u00f6r me\u00f0 s\u00e9r verulega \u00e1h\u00e6ttu ef \u00fea\u00f0 er me\u00f0h\u00f6ndla\u00f0 \u00e1n ranns\u00f3knarstofusta\u00f0la. \u00d3viljandi snerting getur leitt til <strong data-start=\"8021\" data-end=\"8082\">alvarleg r\u00f3un, \u00f6ndunarb\u00e6ling e\u00f0a minnistap<\/strong>.<\/p>\n<p data-start=\"8087\" data-end=\"8303\">Notkun, eign e\u00f0a sala til manneldis er <strong data-start=\"8150\" data-end=\"8182\">banna\u00f0 \u00ed flestum l\u00f6ndum<\/strong>A\u00f0eins <strong data-start=\"8191\" data-end=\"8223\">h\u00e6fir v\u00edsindamenn<\/strong> m\u00e1 nota \u00feessa v\u00f6ru skv. <strong data-start=\"8258\" data-end=\"8302\">sta\u00f0bundin l\u00f6g og si\u00f0fer\u00f0islegar lei\u00f0beiningar<\/strong>Kaupa fl\u00fan\u00edtraz\u00f3lam<\/p>\n<hr data-start=\"8305\" data-end=\"8308\" \/>\n<h2 data-start=\"8310\" data-end=\"8344\"><strong data-start=\"8313\" data-end=\"8344\">Algengar spurningar (FAQs)<\/strong><\/h2>\n<h3 data-start=\"8346\" data-end=\"8395\"><strong data-start=\"8350\" data-end=\"8395\">1. Til hvers er fl\u00fan\u00edtraz\u00f3lam nota\u00f0?<\/strong><\/h3>\n<p data-start=\"8396\" data-end=\"8513\">Fl\u00fan\u00edtraz\u00f3lam er eing\u00f6ngu rannsaka\u00f0 fyrir <strong data-start=\"8444\" data-end=\"8476\">v\u00edsindalegum tilgangi<\/strong>\u00dea\u00f0 hefur enga l\u00e6knisfr\u00e6\u00f0ilega notkun.<\/p>\n<h3 data-start=\"8515\" data-end=\"8550\"><strong data-start=\"8519\" data-end=\"8550\">2. Er fl\u00fan\u00edtraz\u00f3lam l\u00f6glegt?<\/strong><\/h3>\n<p data-start=\"8551\" data-end=\"8665\">\u00cd flestum l\u00f6ndum er fl\u00fan\u00edtraz\u00f3lam flokka\u00f0 sem <strong data-start=\"8599\" data-end=\"8642\">l\u00f6ggj\u00f6f um eftirlit me\u00f0 efnum<\/strong> e\u00f0a <strong data-start=\"8649\" data-end=\"8664\">hli\u00f0st\u00e6\u00f0 l\u00f6g<\/strong>.<\/p>\n<h3 data-start=\"8667\" data-end=\"8725\"><strong data-start=\"8671\" data-end=\"8725\">3. Hvernig \u00e1 a\u00f0 me\u00f0h\u00f6ndla fl\u00fan\u00edtraz\u00f3lam \u00e1 \u00f6ruggan h\u00e1tt?<\/strong><\/h3>\n<p>&nbsp;<\/p>","protected":false},"excerpt":{"rendered":"<h3><span dir=\"auto\" style=\"vertical-align: inherit;\"><span dir=\"auto\" style=\"vertical-align: inherit;\">Flunitrazolam blotters properties<\/span><\/span><\/h3>\n<p><strong><span dir=\"auto\" style=\"vertical-align: inherit;\"><span dir=\"auto\" style=\"vertical-align: inherit;\">Synonym:<\/span><\/span><\/strong><span dir=\"auto\" style=\"vertical-align: inherit;\"><span dir=\"auto\" style=\"vertical-align: inherit;\"> 1-methyl-8-nitro-6-(2-fluorophenyl)-4H-[1,2,4]triazolo[4,3-a][1,4]benzodiazepine <\/span><\/span><br \/>\n<strong><span dir=\"auto\" style=\"vertical-align: inherit;\"><span dir=\"auto\" style=\"vertical-align: inherit;\">CAS Number:<\/span><\/span><\/strong><span dir=\"auto\" style=\"vertical-align: inherit;\"><span dir=\"auto\" style=\"vertical-align: inherit;\"> 2243815-18-9 <\/span><\/span><br \/>\n<strong><span dir=\"auto\" style=\"vertical-align: inherit;\"><span dir=\"auto\" style=\"vertical-align: inherit;\">Formula:<\/span><\/span><\/strong><span dir=\"auto\" style=\"vertical-align: inherit;\"><span dir=\"auto\" style=\"vertical-align: inherit;\"> 1-methyl-8-nitro-6-(2-fluorophenyl)-4H-[1,2,4]triazolo[4,3-a][1,4]benzodiazepine <\/span><\/span><br \/>\n<strong><span dir=\"auto\" style=\"vertical-align: inherit;\"><span dir=\"auto\" style=\"vertical-align: inherit;\">Molar mass:<\/span><\/span><\/strong><span dir=\"auto\" style=\"vertical-align: inherit;\"><span dir=\"auto\" style=\"vertical-align: inherit;\"> 337,307 g\/mol <\/span><\/span><br \/>\n<strong><span dir=\"auto\" style=\"vertical-align: inherit;\"><span dir=\"auto\" style=\"vertical-align: inherit;\">Purity:<\/span><\/span><\/strong><span dir=\"auto\" style=\"vertical-align: inherit;\"><span dir=\"auto\" style=\"vertical-align: inherit;\"> \u226598%<\/span><\/span><\/p>\n","protected":false},"featured_media":29344,"comment_status":"closed","ping_status":"closed","template":"","meta":[],"product_brand":[82],"product_cat":[76,527],"product_tag":[563,565,158,564,566,326],"class_list":{"0":"post-23305","1":"product","2":"type-product","3":"status-publish","4":"has-post-thumbnail","6":"product_brand-research-chemical","7":"product_cat-benzodiazepinen","8":"product_cat-flunitrazolam","9":"product_tag-flunitrazolam","10":"product_tag-flunitrazolam-effects","11":"product_tag-flunitrazolam-ervaring","12":"product_tag-flunitrazolam-kopen","13":"product_tag-flunitrazolam-werking","14":"product_tag-nl","16":"first","17":"instock","18":"taxable","19":"shipping-taxable","20":"purchasable","21":"product-type-variable"},"_links":{"self":[{"href":"https:\/\/onderzoekschemicals.com\/is\/wp-json\/wp\/v2\/product\/23305","targetHints":{"allow":["GET"]}}],"collection":[{"href":"https:\/\/onderzoekschemicals.com\/is\/wp-json\/wp\/v2\/product"}],"about":[{"href":"https:\/\/onderzoekschemicals.com\/is\/wp-json\/wp\/v2\/types\/product"}],"replies":[{"embeddable":true,"href":"https:\/\/onderzoekschemicals.com\/is\/wp-json\/wp\/v2\/comments?post=23305"}],"version-history":[{"count":7,"href":"https:\/\/onderzoekschemicals.com\/is\/wp-json\/wp\/v2\/product\/23305\/revisions"}],"predecessor-version":[{"id":28045,"href":"https:\/\/onderzoekschemicals.com\/is\/wp-json\/wp\/v2\/product\/23305\/revisions\/28045"}],"wp:featuredmedia":[{"embeddable":true,"href":"https:\/\/onderzoekschemicals.com\/is\/wp-json\/wp\/v2\/media\/29344"}],"wp:attachment":[{"href":"https:\/\/onderzoekschemicals.com\/is\/wp-json\/wp\/v2\/media?parent=23305"}],"wp:term":[{"taxonomy":"product_brand","embeddable":true,"href":"https:\/\/onderzoekschemicals.com\/is\/wp-json\/wp\/v2\/product_brand?post=23305"},{"taxonomy":"product_cat","embeddable":true,"href":"https:\/\/onderzoekschemicals.com\/is\/wp-json\/wp\/v2\/product_cat?post=23305"},{"taxonomy":"product_tag","embeddable":true,"href":"https:\/\/onderzoekschemicals.com\/is\/wp-json\/wp\/v2\/product_tag?post=23305"}],"curies":[{"name":"wp","href":"https:\/\/api.w.org\/{rel}","templated":true}]}}