{"id":23260,"date":"2025-04-13T17:39:27","date_gmt":"2025-04-13T17:39:27","guid":{"rendered":"https:\/\/onderzoekschemicals.com\/?post_type=product&#038;p=23260"},"modified":"2025-11-28T14:50:36","modified_gmt":"2025-11-28T14:50:36","slug":"mxipr","status":"publish","type":"product","link":"https:\/\/onderzoekschemicals.com\/is\/shop\/arylcyclohexylamine\/mxipr\/","title":{"rendered":"MXiPr"},"content":{"rendered":"<h1><span dir=\"auto\" style=\"vertical-align: inherit;\"><span dir=\"auto\" style=\"vertical-align: inherit;\">MXiPr \u2013 H\u00e1\u00fer\u00f3a\u00f0 ranns\u00f3knarefni fyrir v\u00edsindalega greiningu<\/span><\/span><\/h1>\n<p data-start=\"6837\" data-end=\"7216\"><strong data-start=\"6837\" data-end=\"6846\">MXiPr<\/strong>, a\u00f0 fullu <strong data-start=\"6855\" data-end=\"6878\">Metox\u00fd\u00eds\u00f3pr\u00f3pam\u00edn<\/strong>, tilheyrir <strong data-start=\"6895\" data-end=\"6919\">ar\u00fdls\u00fdkl\u00f3hex\u00fdlam\u00edn<\/strong>, h\u00f3pur sundrandi efnasambanda sem eru byggingarlega skyld <strong data-start=\"6991\" data-end=\"7003\">Ketam\u00edn<\/strong> og <strong data-start=\"7007\" data-end=\"7014\">MXE<\/strong>\u00de\u00f3tt <em data-start=\"7023\" data-end=\"7030\">MXiPr<\/em> hefur enga l\u00e6knisfr\u00e6\u00f0ilega notkun, \u00fea\u00f0 er <strong data-start=\"7073\" data-end=\"7133\">rannsaka\u00f0 \u00ed v\u00edsindalegu og r\u00e9ttarfr\u00e6\u00f0ilegu samhengi<\/strong> vegna \u00e1hrifa \u00feess \u00e1 <strong data-start=\"7161\" data-end=\"7180\">NMDA vi\u00f0takar<\/strong> og einstaka efnafr\u00e6\u00f0ilega uppbyggingu \u00feess. <span class=\"___SBox_epc1q-ko_ ___SText_zko9t-ko_\" data-ui-name=\"Link.Text\">mxipr<\/span><\/p>\n<hr data-start=\"7218\" data-end=\"7221\" \/>\n<h2 data-start=\"7223\" data-end=\"7270\"><strong data-start=\"7226\" data-end=\"7270\">Efnafr\u00e6\u00f0ilegur og lyfjafr\u00e6\u00f0ilegur bakgrunnur<\/strong><\/h2>\n<p data-start=\"7272\" data-end=\"7297\"><strong data-start=\"7272\" data-end=\"7297\">Mikilv\u00e6gar uppl\u00fdsingar:<\/strong><\/p>\n<ul data-start=\"7298\" data-end=\"7535\">\n<li data-start=\"7298\" data-end=\"7367\">\n<p data-start=\"7300\" data-end=\"7367\"><strong data-start=\"7300\" data-end=\"7315\">IUPAC nafn:<\/strong> 2-(3-Metox\u00fdfen\u00fdl)-2-(\u00eds\u00f3pr\u00f3p\u00fdlam\u00edn\u00f3)s\u00fdkl\u00f3hexan\u00f3n<\/p>\n<\/li>\n<li data-start=\"7368\" data-end=\"7402\">\n<p data-start=\"7370\" data-end=\"7402\"><strong data-start=\"7370\" data-end=\"7390\">Sameindaform\u00fala:<\/strong> C16H25NO2<\/p>\n<\/li>\n<li data-start=\"7403\" data-end=\"7439\">\n<p data-start=\"7405\" data-end=\"7439\"><strong data-start=\"7405\" data-end=\"7423\">M\u00f3lmassi:<\/strong> \u00b1263,38 g\/m\u00f3l<\/p>\n<\/li>\n<li data-start=\"7440\" data-end=\"7486\">\n<p data-start=\"7442\" data-end=\"7486\"><strong data-start=\"7442\" data-end=\"7464\">Efnafr\u00e6\u00f0ileg fj\u00f6lskylda:<\/strong> Ar\u00fdls\u00fdkl\u00f3hex\u00fdlam\u00edn<\/p>\n<\/li>\n<li data-start=\"7487\" data-end=\"7535\">\n<p data-start=\"7489\" data-end=\"7535\"><strong data-start=\"7489\" data-end=\"7509\">Virkni vi\u00f0taka:<\/strong> NMDA vi\u00f0takablokki<\/p>\n<\/li>\n<\/ul>\n<p data-start=\"7537\" data-end=\"7697\">Hinn <strong data-start=\"7540\" data-end=\"7563\">\u00eds\u00f3pr\u00f3p\u00fdlam\u00edn h\u00f3pur<\/strong> a\u00f0greinir MXiPr fr\u00e1 skyldum efnasamb\u00f6ndum eins og MXPr, sem geta haft \u00e1hrif \u00e1 <strong data-start=\"7654\" data-end=\"7676\">bindingarh\u00e6fni<\/strong> og <strong data-start=\"7680\" data-end=\"7696\">verkunart\u00edmi<\/strong>.<\/p>\n<hr data-start=\"7699\" data-end=\"7702\" \/>\n<h2 data-start=\"7704\" data-end=\"7744\"><strong data-start=\"7707\" data-end=\"7744\">Lykilatri\u00f0i \u00ed ranns\u00f3kninni<\/strong><\/h2>\n<ul data-start=\"7746\" data-end=\"8023\">\n<li data-start=\"7746\" data-end=\"7816\">\n<p data-start=\"7748\" data-end=\"7816\"><strong data-start=\"7748\" data-end=\"7782\">Greiningarefni<\/strong> fyrir litskiljunarranns\u00f3knir.<\/p>\n<\/li>\n<li data-start=\"7817\" data-end=\"7885\">\n<p data-start=\"7819\" data-end=\"7885\"><strong data-start=\"7819\" data-end=\"7860\">Samanbur\u00f0arranns\u00f3knir \u00e1 lyfjafr\u00e6\u00f0i<\/strong> af NMDA-blokkum.<\/p>\n<\/li>\n<li data-start=\"7886\" data-end=\"7948\">\n<p data-start=\"7888\" data-end=\"7948\"><strong data-start=\"7888\" data-end=\"7912\">R\u00e9ttarmeinafr\u00e6\u00f0ileg uppg\u00f6tvun<\/strong> af n\u00fdjum ge\u00f0virkum efnum.<\/p>\n<\/li>\n<li data-start=\"7949\" data-end=\"8023\">\n<p data-start=\"7951\" data-end=\"8023\"><strong data-start=\"7951\" data-end=\"7980\">Efnafr\u00e6\u00f0ileg einkenni<\/strong> og sta\u00f0festingu \u00e1 ranns\u00f3knarstofub\u00fana\u00f0i.<\/p>\n<\/li>\n<\/ul>\n<hr data-start=\"8025\" data-end=\"8028\" \/>\n<h2 data-start=\"8030\" data-end=\"8057\"><strong data-start=\"8033\" data-end=\"8057\">Ranns\u00f3knartilgangur<\/strong><\/h2>\n<p data-start=\"8059\" data-end=\"8117\">MXiPr er rannsaka\u00f0 \u00ed st\u00fdr\u00f0um ranns\u00f3knarstofum fyrir:<\/p>\n<ul data-start=\"8118\" data-end=\"8373\">\n<li data-start=\"8118\" data-end=\"8171\">\n<p data-start=\"8120\" data-end=\"8171\"><strong data-start=\"8120\" data-end=\"8149\">R\u00e9ttarmeinafr\u00e6\u00f0ileg au\u00f0kenning<\/strong> me\u00f0 GC-MS e\u00f0a LC-MS.<\/p>\n<\/li>\n<li data-start=\"8172\" data-end=\"8228\">\n<p data-start=\"8174\" data-end=\"8228\"><strong data-start=\"8174\" data-end=\"8195\">Efnagreining<\/strong> og sta\u00f0festing \u00e1 hreinleika.<\/p>\n<\/li>\n<li data-start=\"8229\" data-end=\"8287\">\n<p data-start=\"8231\" data-end=\"8287\"><strong data-start=\"8231\" data-end=\"8260\">Lyfjafr\u00e6\u00f0ileg l\u00edkanager\u00f0<\/strong> af v\u00edxlverkunum vi\u00f0taka.<\/p>\n<\/li>\n<li data-start=\"8288\" data-end=\"8373\">\n<p data-start=\"8290\" data-end=\"8373\"><strong data-start=\"8290\" data-end=\"8337\">Eftirlit me\u00f0 n\u00fdjum ge\u00f0virkum efnum<\/strong> innan l\u00fd\u00f0heilsuranns\u00f3kna.<\/p>\n<\/li>\n<\/ul>\n<hr data-start=\"8375\" data-end=\"8378\" \/>\n<h2 data-start=\"8380\" data-end=\"8424\"><strong data-start=\"8383\" data-end=\"8424\">\u00d6ryggis- og lagaleg atri\u00f0i<\/strong><\/h2>\n<p data-start=\"8426\" data-end=\"8515\">MXiPr kann a\u00f0 vera <strong data-start=\"8436\" data-end=\"8451\">eing\u00f6ngu<\/strong> eru me\u00f0h\u00f6ndla\u00f0ar af <strong data-start=\"8474\" data-end=\"8514\">h\u00e6ft starfsf\u00f3lk \u00ed ranns\u00f3knarstofunni<\/strong>.<\/p>\n<p data-start=\"8517\" data-end=\"8544\"><strong data-start=\"8517\" data-end=\"8544\">\u00d6ryggislei\u00f0beiningar:<\/strong><\/p>\n<ul data-start=\"8545\" data-end=\"8760\">\n<li data-start=\"8545\" data-end=\"8595\">\n<p data-start=\"8547\" data-end=\"8595\">Alltaf a\u00f0 vera \u00ed <strong data-start=\"8560\" data-end=\"8592\">hanskar, hl\u00edf\u00f0argleraugu og ranns\u00f3knarstofusloppur<\/strong>.<\/p>\n<\/li>\n<li data-start=\"8596\" data-end=\"8636\">\n<p data-start=\"8598\" data-end=\"8636\">For\u00f0ist beina snertingu e\u00f0a inn\u00f6ndun.<\/p>\n<\/li>\n<li data-start=\"8637\" data-end=\"8699\">\n<p data-start=\"8639\" data-end=\"8699\">Geymi\u00f0 v\u00f6runa \u00ed <strong data-start=\"8665\" data-end=\"8696\">kaldur, loka\u00f0ur \u00edl\u00e1t<\/strong>.<\/p>\n<\/li>\n<li data-start=\"8700\" data-end=\"8760\">\n<p data-start=\"8702\" data-end=\"8760\">Fylgja <strong data-start=\"8707\" data-end=\"8757\">allar sta\u00f0bundnar \u00f6ryggis- og \u00fargangsreglur<\/strong>.<\/p>\n<\/li>\n<\/ul>\n<p data-start=\"8762\" data-end=\"8912\"><strong data-start=\"8762\" data-end=\"8784\">L\u00f6gleg sta\u00f0a:<\/strong><br data-start=\"8784\" data-end=\"8787\" \/>\u00cd m\u00f6rgum l\u00f6ndum fellur MXiPr undir <strong data-start=\"8822\" data-end=\"8863\">l\u00f6ggj\u00f6f um eftirlit me\u00f0 efnum<\/strong>Notkun e\u00f0a eign \u00e1n leyfis er b\u00f6nnu\u00f0.<\/p>\n<hr data-start=\"8914\" data-end=\"8917\" \/>\n<h2 data-start=\"8919\" data-end=\"8953\"><strong data-start=\"8922\" data-end=\"8953\">Algengar spurningar (FAQs)<\/strong><\/h2>\n<h3 data-start=\"8955\" data-end=\"8998\"><strong data-start=\"8959\" data-end=\"8998\">1. Til hvers er MXiPr rannsaka\u00f0?<\/strong><\/h3>\n<p data-start=\"8999\" data-end=\"9089\">MXiPr er nota\u00f0 sem <strong data-start=\"9024\" data-end=\"9048\">tilv\u00edsunartenging<\/strong> \u00ed efna- og r\u00e9ttarmeinafr\u00e6\u00f0iranns\u00f3knarstofum.<\/p>\n<h3 data-start=\"9091\" data-end=\"9118\"><strong data-start=\"9095\" data-end=\"9118\">2. Er MXiPr l\u00f6glegt?<\/strong><\/h3>\n<p data-start=\"9119\" data-end=\"9214\">\u00cd flestum l\u00f6ndum er MXiPr <strong data-start=\"9148\" data-end=\"9175\">stj\u00f3rna\u00f0 e\u00f0a banna\u00f0<\/strong> samkv\u00e6mt l\u00f6gum um hli\u00f0st\u00e6\u00f0ur e\u00f0a \u00f3p\u00eduml\u00f6ggj\u00f6finni.<\/p>\n<h3 data-start=\"9216\" data-end=\"9266\"><strong data-start=\"9220\" data-end=\"9266\">3. Hvernig \u00e6tti a\u00f0 me\u00f0h\u00f6ndla MXiPr \u00e1 \u00f6ruggan h\u00e1tt?<\/strong><\/h3>\n<p data-start=\"9267\" data-end=\"9387\">A\u00f0eins <strong data-start=\"9274\" data-end=\"9304\">faglegir v\u00edsindamenn<\/strong> m\u00e1 me\u00f0h\u00f6ndla MXiPr me\u00f0 vi\u00f0eigandi \u00f6ryggisr\u00e1\u00f0st\u00f6funum og hl\u00edf\u00f0arb\u00fana\u00f0i.<\/p>","protected":false},"excerpt":{"rendered":"<h3><span style=\"vertical-align: inherit;\"><span style=\"vertical-align: inherit;\"><span dir=\"auto\" style=\"vertical-align: inherit;\"><span dir=\"auto\" style=\"vertical-align: inherit;\">MXiPr eiginleikar<\/span><\/span><\/span><\/span><\/h3>\n<p><strong><span style=\"vertical-align: inherit;\"><span style=\"vertical-align: inherit;\"><span dir=\"auto\" style=\"vertical-align: inherit;\"><span dir=\"auto\" style=\"vertical-align: inherit;\">Samheiti:<\/span><\/span><\/span><\/span><\/strong><span style=\"vertical-align: inherit;\"><span style=\"vertical-align: inherit;\"><span dir=\"auto\" style=\"vertical-align: inherit;\"><span dir=\"auto\" style=\"vertical-align: inherit;\"> 3-MeO-2\u2032-ox\u00f3-PCiPr, metox\u00edpr\u00f3pam\u00edn <\/span><\/span><\/span><\/span><br \/>\n<strong><span style=\"vertical-align: inherit;\"><span style=\"vertical-align: inherit;\"><span dir=\"auto\" style=\"vertical-align: inherit;\"><span dir=\"auto\" style=\"vertical-align: inherit;\">CAS-n\u00famer:<\/span><\/span><\/span><\/span><\/strong><span style=\"vertical-align: inherit;\"><span style=\"vertical-align: inherit;\"><span dir=\"auto\" style=\"vertical-align: inherit;\"><span dir=\"auto\" style=\"vertical-align: inherit;\"> 1239943-76-0 <\/span><\/span><\/span><\/span><br \/>\n<strong><span style=\"vertical-align: inherit;\"><span style=\"vertical-align: inherit;\"><span dir=\"auto\" style=\"vertical-align: inherit;\"><span dir=\"auto\" style=\"vertical-align: inherit;\">Form\u00fala:<\/span><\/span><\/span><\/span><\/strong><span style=\"vertical-align: inherit;\"><span style=\"vertical-align: inherit;\"><span dir=\"auto\" style=\"vertical-align: inherit;\"><span dir=\"auto\" style=\"vertical-align: inherit;\"> 2-(\u00eds\u00f3pr\u00f3p\u00fdlam\u00edn\u00f3)-2-(3-metox\u00fdfen\u00fdl)-s\u00fdkl\u00f3hexan\u00f3n <\/span><\/span><\/span><\/span><br \/>\n<strong><span style=\"vertical-align: inherit;\"><span style=\"vertical-align: inherit;\"><span dir=\"auto\" style=\"vertical-align: inherit;\"><span dir=\"auto\" style=\"vertical-align: inherit;\">M\u00f3lmassi:<\/span><\/span><\/span><\/span><\/strong><span style=\"vertical-align: inherit;\"><span style=\"vertical-align: inherit;\"><span dir=\"auto\" style=\"vertical-align: inherit;\"><span dir=\"auto\" style=\"vertical-align: inherit;\"> 297,82 g\/m\u00f3l <\/span><\/span><\/span><\/span><br \/>\n<strong><span style=\"vertical-align: inherit;\"><span style=\"vertical-align: inherit;\"><span dir=\"auto\" style=\"vertical-align: inherit;\"><span dir=\"auto\" style=\"vertical-align: inherit;\">Hreinleiki:<\/span><\/span><\/span><\/span><\/strong><span style=\"vertical-align: inherit;\"><span style=\"vertical-align: inherit;\"><span dir=\"auto\" style=\"vertical-align: inherit;\"><span dir=\"auto\" style=\"vertical-align: inherit;\"> &gt;97%<\/span><\/span><\/span><\/span><\/p>","protected":false},"featured_media":29375,"comment_status":"closed","ping_status":"closed","template":"","meta":[],"product_brand":[82],"product_cat":[71,513],"product_tag":[262,264,279,326],"class_list":{"0":"post-23260","1":"product","2":"type-product","3":"status-publish","4":"has-post-thumbnail","6":"product_brand-research-chemical","7":"product_cat-arylcyclohexylamine","8":"product_cat-mxipr","9":"product_tag-mxipr","10":"product_tag-mxipr-kopen","11":"product_tag-mxp","12":"product_tag-nl","14":"first","15":"instock","16":"taxable","17":"shipping-taxable","18":"purchasable","19":"product-type-variable"},"_links":{"self":[{"href":"https:\/\/onderzoekschemicals.com\/is\/wp-json\/wp\/v2\/product\/23260","targetHints":{"allow":["GET"]}}],"collection":[{"href":"https:\/\/onderzoekschemicals.com\/is\/wp-json\/wp\/v2\/product"}],"about":[{"href":"https:\/\/onderzoekschemicals.com\/is\/wp-json\/wp\/v2\/types\/product"}],"replies":[{"embeddable":true,"href":"https:\/\/onderzoekschemicals.com\/is\/wp-json\/wp\/v2\/comments?post=23260"}],"version-history":[{"count":5,"href":"https:\/\/onderzoekschemicals.com\/is\/wp-json\/wp\/v2\/product\/23260\/revisions"}],"predecessor-version":[{"id":25510,"href":"https:\/\/onderzoekschemicals.com\/is\/wp-json\/wp\/v2\/product\/23260\/revisions\/25510"}],"wp:featuredmedia":[{"embeddable":true,"href":"https:\/\/onderzoekschemicals.com\/is\/wp-json\/wp\/v2\/media\/29375"}],"wp:attachment":[{"href":"https:\/\/onderzoekschemicals.com\/is\/wp-json\/wp\/v2\/media?parent=23260"}],"wp:term":[{"taxonomy":"product_brand","embeddable":true,"href":"https:\/\/onderzoekschemicals.com\/is\/wp-json\/wp\/v2\/product_brand?post=23260"},{"taxonomy":"product_cat","embeddable":true,"href":"https:\/\/onderzoekschemicals.com\/is\/wp-json\/wp\/v2\/product_cat?post=23260"},{"taxonomy":"product_tag","embeddable":true,"href":"https:\/\/onderzoekschemicals.com\/is\/wp-json\/wp\/v2\/product_tag?post=23260"}],"curies":[{"name":"wp","href":"https:\/\/api.w.org\/{rel}","templated":true}]}}