{"id":23140,"date":"2025-04-13T17:39:14","date_gmt":"2025-04-13T17:39:14","guid":{"rendered":"https:\/\/onderzoekschemicals.com\/?post_type=product&#038;p=23140"},"modified":"2025-11-28T21:06:22","modified_gmt":"2025-11-28T21:06:22","slug":"3-mmc-kopen-2","status":"publish","type":"product","link":"https:\/\/onderzoekschemicals.com\/is\/shop\/verboden\/3-mmc-kopen-2\/","title":{"rendered":"3-MMC (3-met\u00fdlmetkat\u00edn\u00f3n)"},"content":{"rendered":"<h3><strong><span dir=\"auto\" style=\"vertical-align: inherit;\"><span dir=\"auto\" style=\"vertical-align: inherit;\">3-MMC (3-Met\u00fdlmetkat\u00edn\u00f3n) \u2013 V\u00f6rul\u00fdsing, notkun, aukaverkanir og algengar spurningar<\/span><\/span><\/strong><\/h3>\n<p data-start=\"7198\" data-end=\"7512\"><strong data-start=\"7198\" data-end=\"7207\">3-MMC<\/strong>, e\u00f0a <strong data-start=\"7212\" data-end=\"7237\">3-met\u00fdlmetkat\u00edn\u00f3n<\/strong>, er <strong data-start=\"7246\" data-end=\"7281\">tilb\u00fai\u00f0 kat\u00f3n efnasamband<\/strong> fr\u00e1 <strong data-start=\"7289\" data-end=\"7316\">\u03b2-ket\u00f3amfetam\u00edn fj\u00f6lskylda<\/strong>, tengt <strong data-start=\"7330\" data-end=\"7352\">mefedr\u00f3n (4-MMC)<\/strong>. <span class=\"___SBox_epc1q-ko_ ___SText_zko9t-ko_\" data-ui-name=\"Link.Text\">kaupa 3mmc<\/span><br data-start=\"7353\" data-end=\"7356\" \/>\u00dea\u00f0 er veri\u00f0 a\u00f0 rannsaka \u00fea\u00f0 innan <strong data-start=\"7384\" data-end=\"7411\">r\u00e9ttarl\u00e6knisfr\u00e6\u00f0ileg eiturefnafr\u00e6\u00f0i<\/strong> og <strong data-start=\"7415\" data-end=\"7437\">greiningarefnafr\u00e6\u00f0i<\/strong> sem hluti af ranns\u00f3kninni \u00e1 <strong data-start=\"7471\" data-end=\"7509\">n\u00fd ge\u00f0virk efni (NPS)<\/strong>.<\/p>\n<p data-start=\"7514\" data-end=\"7604\">3-MMC hefur <strong data-start=\"7526\" data-end=\"7554\">engin l\u00e6knisfr\u00e6\u00f0ileg notkun<\/strong> og er \u00ed m\u00f6rgum l\u00f6ndum <strong data-start=\"7576\" data-end=\"7603\">stj\u00f3rna\u00f0 e\u00f0a banna\u00f0<\/strong>.<\/p>\n<hr data-start=\"7606\" data-end=\"7609\" \/>\n<h2 data-start=\"7611\" data-end=\"7658\"><strong data-start=\"7614\" data-end=\"7658\">Efnafr\u00e6\u00f0ilegur og lyfjafr\u00e6\u00f0ilegur bakgrunnur<\/strong><\/h2>\n<p data-start=\"7660\" data-end=\"7685\"><strong data-start=\"7660\" data-end=\"7685\">Mikilv\u00e6gar uppl\u00fdsingar:<\/strong><\/p>\n<ul data-start=\"7686\" data-end=\"7959\">\n<li data-start=\"7686\" data-end=\"7750\">\n<p data-start=\"7688\" data-end=\"7750\"><strong data-start=\"7688\" data-end=\"7703\">IUPAC nafn:<\/strong> 2-(met\u00fdlam\u00edn\u00f3)-1-(3-met\u00fdlfen\u00fdl)pr\u00f3pan-1-\u00f3n<\/p>\n<\/li>\n<li data-start=\"7751\" data-end=\"7784\">\n<p data-start=\"7753\" data-end=\"7784\"><strong data-start=\"7753\" data-end=\"7773\">Sameindaform\u00fala:<\/strong> C11H15NO<\/p>\n<\/li>\n<li data-start=\"7785\" data-end=\"7821\">\n<p data-start=\"7787\" data-end=\"7821\"><strong data-start=\"7787\" data-end=\"7805\">M\u00f3lmassi:<\/strong> \u00b1177,25 g\/m\u00f3l<\/p>\n<\/li>\n<li data-start=\"7822\" data-end=\"7871\">\n<p data-start=\"7824\" data-end=\"7871\"><strong data-start=\"7824\" data-end=\"7845\">Efnaflokkur:<\/strong> Tilb\u00fainn ka\u00fe\u00f3n<\/p>\n<\/li>\n<li data-start=\"7872\" data-end=\"7959\">\n<p data-start=\"7874\" data-end=\"7959\"><strong data-start=\"7874\" data-end=\"7894\">Virkni vi\u00f0taka:<\/strong> \u00d3bein sympat\u00f3m\u00edmet\u00edsk (verkar \u00e1 m\u00f3n\u00f3am\u00ednflutningspr\u00f3tein).<\/p>\n<\/li>\n<\/ul>\n<p data-start=\"7961\" data-end=\"8076\">Hinn <strong data-start=\"7964\" data-end=\"7995\">met\u00fdlh\u00f3pur \u00ed 3-st\u00f6\u00f0u<\/strong> greinir 3-MMC fr\u00e1 4-MMC og hefur \u00e1hrif \u00e1 <strong data-start=\"8042\" data-end=\"8075\">lyfjafr\u00e6\u00f0ilegir eiginleikar<\/strong>. <a href=\"https:\/\/onderzoekschemicals.com\/is\/shop\/lysergamides\/1cp-lsd\/\">1cp lsd<\/a><\/p>\n<hr data-start=\"8078\" data-end=\"8081\" \/>\n<h2 data-start=\"8083\" data-end=\"8110\"><strong data-start=\"8086\" data-end=\"8110\">Ranns\u00f3knartilgangur<\/strong><\/h2>\n<p data-start=\"8112\" data-end=\"8138\">3-MMC er nota\u00f0 fyrir:<\/p>\n<ul data-start=\"8139\" data-end=\"8417\">\n<li data-start=\"8139\" data-end=\"8199\">\n<p data-start=\"8141\" data-end=\"8199\"><strong data-start=\"8141\" data-end=\"8177\">\u00der\u00f3un greiningara\u00f0fer\u00f0a<\/strong> me\u00f0 GC-MS og LC-MS. <span class=\"___SBox_epc1q-ko_ ___SText_zko9t-ko_\" data-ui-name=\"Link.Text\">kaupa 3mmc<\/span><\/p>\n<\/li>\n<li data-start=\"8200\" data-end=\"8273\">\n<p data-start=\"8202\" data-end=\"8273\"><strong data-start=\"8202\" data-end=\"8226\">R\u00e9ttarmeinafr\u00e6\u00f0ileg uppg\u00f6tvun<\/strong> \u00ed l\u00edffr\u00e6\u00f0ilegum og \u00f3l\u00edffr\u00e6\u00f0ilegum s\u00fdnum.<\/p>\n<\/li>\n<li data-start=\"8274\" data-end=\"8339\">\n<p data-start=\"8276\" data-end=\"8339\"><strong data-start=\"8276\" data-end=\"8314\">Samanbur\u00f0arranns\u00f3knir \u00e1 byggingarlist<\/strong> me\u00f0 \u00f6\u00f0rum ka\u00fe\u00edn\u00f3num.<\/p>\n<\/li>\n<li data-start=\"8340\" data-end=\"8417\">\n<p data-start=\"8342\" data-end=\"8417\"><strong data-start=\"8342\" data-end=\"8371\">Ranns\u00f3knir \u00e1 l\u00fd\u00f0heilsu<\/strong> vi\u00f0 \u00fer\u00f3un n\u00fdrra \u00f6rvandi efna.<\/p>\n<\/li>\n<\/ul>\n<hr data-start=\"8419\" data-end=\"8422\" \/>\n<h2 data-start=\"8424\" data-end=\"8468\"><strong data-start=\"8427\" data-end=\"8468\">\u00d6ryggis- og lagaleg atri\u00f0i<\/strong><\/h2>\n<p data-start=\"8470\" data-end=\"8487\"><strong data-start=\"8470\" data-end=\"8485\">\u00d6ryggi:<\/strong><\/p>\n<ul data-start=\"8488\" data-end=\"8718\">\n<li data-start=\"8488\" data-end=\"8554\">\n<p data-start=\"8490\" data-end=\"8554\">Me\u00f0h\u00f6ndli\u00f0 a\u00f0eins me\u00f0 <strong data-start=\"8511\" data-end=\"8551\">h\u00e6ft starfsf\u00f3lk \u00ed ranns\u00f3knarstofunni<\/strong>.<\/p>\n<\/li>\n<li data-start=\"8555\" data-end=\"8628\">\n<p data-start=\"8557\" data-end=\"8628\">Notkun <strong data-start=\"8565\" data-end=\"8625\">hanskar, \u00f6ryggisgleraugu og hl\u00edf\u00f0arfatna\u00f0ur<\/strong>.<\/p>\n<\/li>\n<li data-start=\"8629\" data-end=\"8669\">\n<p data-start=\"8631\" data-end=\"8669\">For\u00f0ist beina snertingu e\u00f0a inn\u00f6ndun.<\/p>\n<\/li>\n<li data-start=\"8670\" data-end=\"8718\">\n<p data-start=\"8672\" data-end=\"8718\">Fylgja \u00f6llum <strong data-start=\"8682\" data-end=\"8715\">regluger\u00f0ir um \u00fargang og geymslu<\/strong>.<\/p>\n<\/li>\n<\/ul>\n<p data-start=\"8720\" data-end=\"8895\"><strong data-start=\"8720\" data-end=\"8742\">L\u00f6gleg sta\u00f0a:<\/strong><br data-start=\"8742\" data-end=\"8745\" \/>3-MMC er f\u00e1anlegt \u00ed m\u00f6rgum l\u00f6ndum <strong data-start=\"8769\" data-end=\"8796\">banna\u00f0 e\u00f0a stj\u00f3rna\u00f0<\/strong> undir <strong data-start=\"8806\" data-end=\"8818\">\u00d3p\u00eduml\u00f6gin<\/strong> e\u00f0a <strong data-start=\"8822\" data-end=\"8843\">hli\u00f0st\u00e6\u00f0 l\u00f6ggj\u00f6f<\/strong>. <a href=\"https:\/\/onderzoekschemicals.com\/is\/shop\/pellets-for-pellet\/o-dsmt-50mg-pellets\/\">o-dsmt<\/a><br data-start=\"8844\" data-end=\"8847\" \/>Notkun e\u00f0a eign \u00e1n leyfis er refsiver\u00f0 samkv\u00e6mt l\u00f6gum.<\/p>\n<hr data-start=\"8897\" data-end=\"8900\" \/>\n<h2 data-start=\"8902\" data-end=\"8936\"><strong data-start=\"8905\" data-end=\"8936\">Algengar spurningar (FAQs)<\/strong><\/h2>\n<h3 data-start=\"8938\" data-end=\"8981\"><strong data-start=\"8942\" data-end=\"8981\">1. Til hvers er veri\u00f0 a\u00f0 rannsaka 3-MMC?<\/strong><\/h3>\n<p data-start=\"8982\" data-end=\"9058\">Fyrir <strong data-start=\"8987\" data-end=\"9025\">greiningar- og r\u00e9ttarranns\u00f3knir<\/strong> til a\u00f0 greina ka\u00fe\u00edn\u00f3na og NPS.<\/p>\n<h3 data-start=\"9060\" data-end=\"9087\"><strong data-start=\"9064\" data-end=\"9087\">2. Eru 3-MMC l\u00f6gleg?<\/strong><\/h3>\n<p data-start=\"9088\" data-end=\"9150\">Nei, \u00ed flestum l\u00f6ndum er 3-MMC <strong data-start=\"9122\" data-end=\"9149\">stj\u00f3rna\u00f0 e\u00f0a banna\u00f0<\/strong>.<\/p>\n<h3 data-start=\"9152\" data-end=\"9203\"><strong data-start=\"9156\" data-end=\"9203\">3. Hvernig \u00e6tti a\u00f0 me\u00f0h\u00f6ndla 3-MMC \u00e1 \u00f6ruggan h\u00e1tt?<\/strong><\/h3>\n<p data-start=\"9204\" data-end=\"9308\">A\u00f0eins <strong data-start=\"9211\" data-end=\"9241\">faglegir v\u00edsindamenn<\/strong> m\u00e1 me\u00f0h\u00f6ndla \u00feetta efni me\u00f0 <strong data-start=\"9271\" data-end=\"9307\">vi\u00f0eigandi \u00f6ryggisr\u00e1\u00f0stafanir<\/strong>.<\/p>\n<hr data-start=\"9310\" data-end=\"9313\" \/>\n<h2 data-start=\"9315\" data-end=\"9331\"><strong data-start=\"9318\" data-end=\"9331\">Ni\u00f0ursta\u00f0a<\/strong><\/h2>\n<p data-start=\"9333\" data-end=\"9603\"><em data-start=\"9333\" data-end=\"9364\">3-MMC (3-met\u00fdlmetkat\u00edn\u00f3n)<\/em> er mikilv\u00e6gt ranns\u00f3knarefni innan <strong data-start=\"9403\" data-end=\"9425\">r\u00e9ttarefnafr\u00e6\u00f0i<\/strong> og <strong data-start=\"9429\" data-end=\"9456\">eiturefnafr\u00e6\u00f0ilegar ranns\u00f3knir<\/strong>.<br data-start=\"9457\" data-end=\"9460\" \/>\u00dea\u00f0 hj\u00e1lpar v\u00edsindam\u00f6nnum <strong data-start=\"9485\" data-end=\"9516\">n\u00fd \u00f6rvandi efni<\/strong> a\u00f0 bera kennsl \u00e1 og skilja, a\u00f0 \u00fev\u00ed gefnu <strong data-start=\"9556\" data-end=\"9591\">\u00f6ruggt og lagalega \u00e1byrgt<\/strong> rannsaka\u00f0.<\/p>","protected":false},"excerpt":{"rendered":"<h2><span dir=\"auto\" style=\"vertical-align: inherit;\"><span dir=\"auto\" style=\"vertical-align: inherit;\">3-MMC eiginleikar<\/span><\/span><\/h2>\n<p><strong><span dir=\"auto\" style=\"vertical-align: inherit;\"><span dir=\"auto\" style=\"vertical-align: inherit;\">Samheiti<\/span><\/span><\/strong><span dir=\"auto\" style=\"vertical-align: inherit;\"><span dir=\"auto\" style=\"vertical-align: inherit;\"> 2-(met\u00fdlam\u00edn\u00f3)-1-(3-met\u00fdlfen\u00fdl)-1-pr\u00f3pan\u00f3n, m\u00f3n\u00f3h\u00fddr\u00f3kl\u00f3r\u00ed\u00f0 <\/span><\/span><br \/>\n<strong><span dir=\"auto\" style=\"vertical-align: inherit;\"><span dir=\"auto\" style=\"vertical-align: inherit;\">CAS-n\u00famer<\/span><\/span><\/strong><span dir=\"auto\" style=\"vertical-align: inherit;\"><span dir=\"auto\" style=\"vertical-align: inherit;\"> : 1246816-62-5 <\/span><\/span><br \/>\n<strong><span dir=\"auto\" style=\"vertical-align: inherit;\"><span dir=\"auto\" style=\"vertical-align: inherit;\">Form\u00fala<\/span><\/span><\/strong><span dir=\"auto\" style=\"vertical-align: inherit;\"><span dir=\"auto\" style=\"vertical-align: inherit;\"> C11h15NO \u2022 HCL <\/span><\/span><br \/>\n<strong><span dir=\"auto\" style=\"vertical-align: inherit;\"><span dir=\"auto\" style=\"vertical-align: inherit;\">M\u00f3lmassi<\/span><\/span><\/strong><span dir=\"auto\" style=\"vertical-align: inherit;\"><span dir=\"auto\" style=\"vertical-align: inherit;\"> : 213.7 <\/span><\/span><br \/>\n<strong><span dir=\"auto\" style=\"vertical-align: inherit;\"><span dir=\"auto\" style=\"vertical-align: inherit;\">Hreinleiki<\/span><\/span><\/strong><span dir=\"auto\" style=\"vertical-align: inherit;\"><span dir=\"auto\" style=\"vertical-align: inherit;\"> : \u226599%<\/span><\/span><\/p>","protected":false},"featured_media":29227,"comment_status":"closed","ping_status":"closed","template":"","meta":[],"product_brand":[],"product_cat":[488],"product_tag":[1147,930,326],"class_list":{"0":"post-23140","1":"product","2":"type-product","3":"status-publish","4":"has-post-thumbnail","6":"product_cat-verboden","7":"product_tag-3-mmc","8":"product_tag-3-mmc-kopen","9":"product_tag-nl","11":"first","12":"instock","13":"taxable","14":"shipping-taxable","15":"purchasable","16":"product-type-variable"},"_links":{"self":[{"href":"https:\/\/onderzoekschemicals.com\/is\/wp-json\/wp\/v2\/product\/23140","targetHints":{"allow":["GET"]}}],"collection":[{"href":"https:\/\/onderzoekschemicals.com\/is\/wp-json\/wp\/v2\/product"}],"about":[{"href":"https:\/\/onderzoekschemicals.com\/is\/wp-json\/wp\/v2\/types\/product"}],"replies":[{"embeddable":true,"href":"https:\/\/onderzoekschemicals.com\/is\/wp-json\/wp\/v2\/comments?post=23140"}],"version-history":[{"count":5,"href":"https:\/\/onderzoekschemicals.com\/is\/wp-json\/wp\/v2\/product\/23140\/revisions"}],"predecessor-version":[{"id":28056,"href":"https:\/\/onderzoekschemicals.com\/is\/wp-json\/wp\/v2\/product\/23140\/revisions\/28056"}],"wp:featuredmedia":[{"embeddable":true,"href":"https:\/\/onderzoekschemicals.com\/is\/wp-json\/wp\/v2\/media\/29227"}],"wp:attachment":[{"href":"https:\/\/onderzoekschemicals.com\/is\/wp-json\/wp\/v2\/media?parent=23140"}],"wp:term":[{"taxonomy":"product_brand","embeddable":true,"href":"https:\/\/onderzoekschemicals.com\/is\/wp-json\/wp\/v2\/product_brand?post=23140"},{"taxonomy":"product_cat","embeddable":true,"href":"https:\/\/onderzoekschemicals.com\/is\/wp-json\/wp\/v2\/product_cat?post=23140"},{"taxonomy":"product_tag","embeddable":true,"href":"https:\/\/onderzoekschemicals.com\/is\/wp-json\/wp\/v2\/product_tag?post=23140"}],"curies":[{"name":"wp","href":"https:\/\/api.w.org\/{rel}","templated":true}]}}