{"id":24422,"date":"2025-04-13T17:41:41","date_gmt":"2025-04-13T17:41:41","guid":{"rendered":"https:\/\/onderzoekschemicals.com\/?post_type=product&#038;p=24422"},"modified":"2025-11-28T06:42:39","modified_gmt":"2025-11-28T06:42:39","slug":"2mmc-pellets-250mg","status":"publish","type":"product","link":"https:\/\/onderzoekschemicals.com\/hr\/shop\/2-mmc-kopen\/2mmc-pellets-250mg\/","title":{"rendered":"2-MMC 250 mg pelete"},"content":{"rendered":"<h3 data-start=\"3942\" data-end=\"3963\"><strong data-start=\"3946\" data-end=\"3961\"><span dir=\"auto\" style=\"vertical-align: inherit;\"><span dir=\"auto\" style=\"vertical-align: inherit;\">Uvod<\/span><\/span><\/strong><\/h3>\n<p data-start=\"3964\" data-end=\"4354\"><strong data-start=\"3964\" data-end=\"3987\"><span dir=\"auto\" style=\"vertical-align: inherit;\"><span dir=\"auto\" style=\"vertical-align: inherit;\">2-MMC 250 mg pelete<\/span><\/span><\/strong><span dir=\"auto\" style=\"vertical-align: inherit;\"><span dir=\"auto\" style=\"vertical-align: inherit;\"> sadr\u017eavati <\/span><\/span><strong data-start=\"3997\" data-end=\"4054\"><span dir=\"auto\" style=\"vertical-align: inherit;\"><span dir=\"auto\" style=\"vertical-align: inherit;\">250 miligrama 2-MMC-a (2-metilmetatinona) visoke \u010disto\u0107e<\/span><\/span><\/strong><span dir=\"auto\" style=\"vertical-align: inherit;\"><span dir=\"auto\" style=\"vertical-align: inherit;\"> \u2014 jedan <\/span><\/span><strong data-start=\"4061\" data-end=\"4096\"><span dir=\"auto\" style=\"vertical-align: inherit;\"><span dir=\"auto\" style=\"vertical-align: inherit;\">sintetski katinonski spoj<\/span><\/span><\/strong><span dir=\"auto\" style=\"vertical-align: inherit;\"><span dir=\"auto\" style=\"vertical-align: inherit;\"> od <\/span><\/span><strong data-start=\"4104\" data-end=\"4133\"><span dir=\"auto\" style=\"vertical-align: inherit;\"><span dir=\"auto\" style=\"vertical-align: inherit;\">Obitelj \u03b2-ketoamfetamina<\/span><\/span><\/strong><span dir=\"auto\" style=\"vertical-align: inherit;\"><span dir=\"auto\" style=\"vertical-align: inherit;\"> 2mmc pelete <\/span><\/span><br data-start=\"4134\" data-end=\"4137\" \/><span dir=\"auto\" style=\"vertical-align: inherit;\"><span dir=\"auto\" style=\"vertical-align: inherit;\">2-MMC je strukturno povezan s <\/span><\/span><strong data-start=\"4170\" data-end=\"4179\"><span dir=\"auto\" style=\"vertical-align: inherit;\"><span dir=\"auto\" style=\"vertical-align: inherit;\">3-MMC<\/span><\/span><\/strong><span dir=\"auto\" style=\"vertical-align: inherit;\"><span dir=\"auto\" style=\"vertical-align: inherit;\"> i <\/span><\/span><strong data-start=\"4183\" data-end=\"4204\"><span dir=\"auto\" style=\"vertical-align: inherit;\"><span dir=\"auto\" style=\"vertical-align: inherit;\">4-MMC (mefedron)<\/span><\/span><\/strong><span dir=\"auto\" style=\"vertical-align: inherit;\"><span dir=\"auto\" style=\"vertical-align: inherit;\"> i koristi se u <\/span><\/span><strong data-start=\"4226\" data-end=\"4264\"><span dir=\"auto\" style=\"vertical-align: inherit;\"><span dir=\"auto\" style=\"vertical-align: inherit;\">forenzi\u010dka i analiti\u010dka istra\u017eivanja<\/span><\/span><\/strong><span dir=\"auto\" style=\"vertical-align: inherit;\"><span dir=\"auto\" style=\"vertical-align: inherit;\"> ili <\/span><\/span><strong data-start=\"4270\" data-end=\"4312\"><span dir=\"auto\" style=\"vertical-align: inherit;\"><span dir=\"auto\" style=\"vertical-align: inherit;\">odnosi strukture i aktivnosti (SAR)<\/span><\/span><\/strong><span dir=\"auto\" style=\"vertical-align: inherit;\"><span dir=\"auto\" style=\"vertical-align: inherit;\"> i <\/span><\/span><strong data-start=\"4316\" data-end=\"4351\"><span dir=\"auto\" style=\"vertical-align: inherit;\"><span dir=\"auto\" style=\"vertical-align: inherit;\">kromatografska svojstva<\/span><\/span><\/strong><span dir=\"auto\" style=\"vertical-align: inherit;\"><span dir=\"auto\" style=\"vertical-align: inherit;\"> .<\/span><\/span><\/p>\n<p data-start=\"4356\" data-end=\"4504\"><span dir=\"auto\" style=\"vertical-align: inherit;\"><span dir=\"auto\" style=\"vertical-align: inherit;\">Svaka peleta se proizvodi s <\/span><\/span><strong data-start=\"4395\" data-end=\"4419\"><span dir=\"auto\" style=\"vertical-align: inherit;\"><span dir=\"auto\" style=\"vertical-align: inherit;\">\u010disto\u0107a \u2265 98%<\/span><\/span><\/strong><span dir=\"auto\" style=\"vertical-align: inherit;\"><span dir=\"auto\" style=\"vertical-align: inherit;\"> i <\/span><\/span><strong data-start=\"4423\" data-end=\"4454\"><span dir=\"auto\" style=\"vertical-align: inherit;\"><span dir=\"auto\" style=\"vertical-align: inherit;\">pakirano u blister traku<\/span><\/span><\/strong><span dir=\"auto\" style=\"vertical-align: inherit;\"><span dir=\"auto\" style=\"vertical-align: inherit;\"> kako bi se osigurala stabilnost i to\u010dnost.<\/span><\/span><\/p>\n<blockquote data-start=\"4506\" data-end=\"4652\">\n<p data-start=\"4508\" data-end=\"4652\">\u26a0\ufe0f <strong data-start=\"4511\" data-end=\"4522\"><span dir=\"auto\" style=\"vertical-align: inherit;\"><span dir=\"auto\" style=\"vertical-align: inherit;\">Imajte na umu:<\/span><\/span><\/strong><span dir=\"auto\" style=\"vertical-align: inherit;\"><span dir=\"auto\" style=\"vertical-align: inherit;\"> Ovaj proizvod je namijenjen za <\/span><\/span><strong data-start=\"4563\" data-end=\"4598\"><span dir=\"auto\" style=\"vertical-align: inherit;\"><span dir=\"auto\" style=\"vertical-align: inherit;\">istra\u017eiva\u010dka i analiti\u010dka upotreba<\/span><\/span><\/strong><span dir=\"auto\" style=\"vertical-align: inherit;\"><span dir=\"auto\" style=\"vertical-align: inherit;\"> samo \u2014 <\/span><\/span><strong data-start=\"4601\" data-end=\"4649\"><span dir=\"auto\" style=\"vertical-align: inherit;\"><span dir=\"auto\" style=\"vertical-align: inherit;\">nije za ljudsku ili \u017eivotinjsku konzumaciju<\/span><\/span><\/strong><span dir=\"auto\" style=\"vertical-align: inherit;\"><span dir=\"auto\" style=\"vertical-align: inherit;\"> .<\/span><\/span><\/p>\n<\/blockquote>\n<hr data-start=\"4654\" data-end=\"4657\" \/>\n<h3 data-start=\"4659\" data-end=\"4690\"><strong data-start=\"4663\" data-end=\"4690\"><span dir=\"auto\" style=\"vertical-align: inherit;\"><span dir=\"auto\" style=\"vertical-align: inherit;\">Klju\u010dne zna\u010dajke<\/span><\/span><\/strong><\/h3>\n<div class=\"_tableContainer_1rjym_1\">\n<div class=\"group _tableWrapper_1rjym_13 flex w-fit flex-col-reverse\" tabindex=\"-1\">\n<table class=\"w-fit min-w-(--thread-content-width)\" data-start=\"4692\" data-end=\"5262\">\n<thead data-start=\"4692\" data-end=\"4718\">\n<tr data-start=\"4692\" data-end=\"4718\">\n<th data-start=\"4692\" data-end=\"4702\" data-col-size=\"sm\"><span dir=\"auto\" style=\"vertical-align: inherit;\"><span dir=\"auto\" style=\"vertical-align: inherit;\">Zna\u010dajka<\/span><\/span><\/th>\n<th data-start=\"4702\" data-end=\"4718\" data-col-size=\"md\"><span dir=\"auto\" style=\"vertical-align: inherit;\"><span dir=\"auto\" style=\"vertical-align: inherit;\">Opis<\/span><\/span><\/th>\n<\/tr>\n<\/thead>\n<tbody data-start=\"4747\" data-end=\"5262\">\n<tr data-start=\"4747\" data-end=\"4806\">\n<td data-start=\"4747\" data-end=\"4768\" data-col-size=\"sm\"><strong data-start=\"4749\" data-end=\"4767\"><span dir=\"auto\" style=\"vertical-align: inherit;\"><span dir=\"auto\" style=\"vertical-align: inherit;\">Kemijski naziv<\/span><\/span><\/strong><\/td>\n<td data-start=\"4768\" data-end=\"4806\" data-col-size=\"md\"><span dir=\"auto\" style=\"vertical-align: inherit;\"><span dir=\"auto\" style=\"vertical-align: inherit;\">2-metilmetakatinon hidroklorid<\/span><\/span><\/td>\n<\/tr>\n<tr data-start=\"4807\" data-end=\"4841\">\n<td data-start=\"4807\" data-end=\"4832\" data-col-size=\"sm\"><strong data-start=\"4809\" data-end=\"4831\"><span dir=\"auto\" style=\"vertical-align: inherit;\"><span dir=\"auto\" style=\"vertical-align: inherit;\">Uobi\u010dajeni naziv<\/span><\/span><\/strong><\/td>\n<td data-start=\"4832\" data-end=\"4841\" data-col-size=\"md\"><span dir=\"auto\" style=\"vertical-align: inherit;\"><span dir=\"auto\" style=\"vertical-align: inherit;\">2-MMC<\/span><\/span><\/td>\n<\/tr>\n<tr data-start=\"4842\" data-end=\"4882\">\n<td data-start=\"4842\" data-end=\"4866\" data-col-size=\"sm\"><strong data-start=\"4844\" data-end=\"4865\"><span dir=\"auto\" style=\"vertical-align: inherit;\"><span dir=\"auto\" style=\"vertical-align: inherit;\">Kemijska formula<\/span><\/span><\/strong><\/td>\n<td data-start=\"4866\" data-end=\"4882\" data-col-size=\"md\"><span dir=\"auto\" style=\"vertical-align: inherit;\"><span dir=\"auto\" style=\"vertical-align: inherit;\">C\u2081\u2081H\u2081\u2085NO\u00b7HCl<\/span><\/span><\/td>\n<\/tr>\n<tr data-start=\"4883\" data-end=\"4921\">\n<td data-start=\"4883\" data-end=\"4905\" data-col-size=\"sm\"><strong data-start=\"4885\" data-end=\"4904\"><span dir=\"auto\" style=\"vertical-align: inherit;\"><span dir=\"auto\" style=\"vertical-align: inherit;\">Molekularna te\u017eina<\/span><\/span><\/strong><\/td>\n<td data-col-size=\"md\" data-start=\"4905\" data-end=\"4921\"><span dir=\"auto\" style=\"vertical-align: inherit;\"><span dir=\"auto\" style=\"vertical-align: inherit;\">213,70 g\/mol<\/span><\/span><\/td>\n<\/tr>\n<tr data-start=\"4922\" data-end=\"4957\">\n<td data-start=\"4922\" data-end=\"4937\" data-col-size=\"sm\"><strong data-start=\"4924\" data-end=\"4936\"><span dir=\"auto\" style=\"vertical-align: inherit;\"><span dir=\"auto\" style=\"vertical-align: inherit;\">Doziranje<\/span><\/span><\/strong><\/td>\n<td data-start=\"4937\" data-end=\"4957\" data-col-size=\"md\"><span dir=\"auto\" style=\"vertical-align: inherit;\"><span dir=\"auto\" style=\"vertical-align: inherit;\">250 mg po peleti<\/span><\/span><\/td>\n<\/tr>\n<tr data-start=\"4958\" data-end=\"5005\">\n<td data-start=\"4958\" data-end=\"4969\" data-col-size=\"sm\"><strong data-start=\"4960\" data-end=\"4968\"><span dir=\"auto\" style=\"vertical-align: inherit;\"><span dir=\"auto\" style=\"vertical-align: inherit;\">Oblik<\/span><\/span><\/strong><\/td>\n<td data-start=\"4969\" data-end=\"5005\" data-col-size=\"md\"><span dir=\"auto\" style=\"vertical-align: inherit;\"><span dir=\"auto\" style=\"vertical-align: inherit;\">\u010cvrsta peleta (blister pakiranje)<\/span><\/span><\/td>\n<\/tr>\n<tr data-start=\"5006\" data-end=\"5057\">\n<td data-start=\"5006\" data-end=\"5023\" data-col-size=\"sm\"><strong data-start=\"5008\" data-end=\"5022\"><span dir=\"auto\" style=\"vertical-align: inherit;\"><span dir=\"auto\" style=\"vertical-align: inherit;\">\u010cisto\u0107a<\/span><\/span><\/strong><\/td>\n<td data-start=\"5023\" data-end=\"5057\" data-col-size=\"md\"><span dir=\"auto\" style=\"vertical-align: inherit;\"><span dir=\"auto\" style=\"vertical-align: inherit;\">\u2265 98% (testirano HPLC-om i NMR-om)<\/span><\/span><\/td>\n<\/tr>\n<tr data-start=\"5058\" data-end=\"5127\">\n<td data-start=\"5058\" data-end=\"5081\" data-col-size=\"sm\"><strong data-start=\"5060\" data-end=\"5080\"><span dir=\"auto\" style=\"vertical-align: inherit;\"><span dir=\"auto\" style=\"vertical-align: inherit;\">Kemijska klasa<\/span><\/span><\/strong><\/td>\n<td data-start=\"5081\" data-end=\"5127\" data-col-size=\"md\"><span dir=\"auto\" style=\"vertical-align: inherit;\"><span dir=\"auto\" style=\"vertical-align: inherit;\">Sintetski katinon \/ \u03b2-keto-amfetamin<\/span><\/span><\/td>\n<\/tr>\n<tr data-start=\"5128\" data-end=\"5202\">\n<td data-start=\"5128\" data-end=\"5142\" data-col-size=\"sm\"><strong data-start=\"5130\" data-end=\"5141\"><span dir=\"auto\" style=\"vertical-align: inherit;\"><span dir=\"auto\" style=\"vertical-align: inherit;\">Upotreba<\/span><\/span><\/strong><\/td>\n<td data-start=\"5142\" data-end=\"5202\" data-col-size=\"md\"><span dir=\"auto\" style=\"vertical-align: inherit;\"><span dir=\"auto\" style=\"vertical-align: inherit;\">Samo za analiti\u010dka, forenzi\u010dka i kemijska istra\u017eivanja<\/span><\/span><\/td>\n<\/tr>\n<tr data-start=\"5203\" data-end=\"5262\">\n<td data-start=\"5203\" data-end=\"5220\" data-col-size=\"sm\"><strong data-start=\"5205\" data-end=\"5219\"><span dir=\"auto\" style=\"vertical-align: inherit;\"><span dir=\"auto\" style=\"vertical-align: inherit;\">Pakiranje<\/span><\/span><\/strong><\/td>\n<td data-start=\"5220\" data-end=\"5262\" data-col-size=\"md\"><span dir=\"auto\" style=\"vertical-align: inherit;\"><span dir=\"auto\" style=\"vertical-align: inherit;\">Blister traka sa zatvorenim pakiranjem<\/span><\/span><\/td>\n<\/tr>\n<\/tbody>\n<\/table>\n<\/div>\n<\/div>\n<hr data-start=\"5264\" data-end=\"5267\" \/>\n<h3 data-start=\"5269\" data-end=\"5286\"><strong data-start=\"5273\" data-end=\"5286\"><span dir=\"auto\" style=\"vertical-align: inherit;\"><span dir=\"auto\" style=\"vertical-align: inherit;\">Prednosti<\/span><\/span><\/strong><\/h3>\n<ul data-start=\"5288\" data-end=\"5707\">\n<li data-start=\"5288\" data-end=\"5380\">\n<p data-start=\"5290\" data-end=\"5380\"><strong data-start=\"5290\" data-end=\"5309\"><span dir=\"auto\" style=\"vertical-align: inherit;\"><span dir=\"auto\" style=\"vertical-align: inherit;\">Visoka \u010disto\u0107a<\/span><\/span><\/strong><span dir=\"auto\" style=\"vertical-align: inherit;\"><span dir=\"auto\" style=\"vertical-align: inherit;\"> \u2013 \u2265 98% laboratorijska kvaliteta za pouzdane rezultate istra\u017eivanja.<\/span><\/span><\/p>\n<\/li>\n<li data-start=\"5381\" data-end=\"5455\">\n<p data-start=\"5383\" data-end=\"5455\"><strong data-start=\"5383\" data-end=\"5407\"><span dir=\"auto\" style=\"vertical-align: inherit;\"><span dir=\"auto\" style=\"vertical-align: inherit;\">To\u010dno doziranje<\/span><\/span><\/strong><span dir=\"auto\" style=\"vertical-align: inherit;\"><span dir=\"auto\" style=\"vertical-align: inherit;\"> \u2013 250 mg po peleti za dosljedna mjerenja.<\/span><\/span><\/p>\n<\/li>\n<li data-start=\"5456\" data-end=\"5535\">\n<p data-start=\"5458\" data-end=\"5535\"><strong data-start=\"5458\" data-end=\"5483\"><span dir=\"auto\" style=\"vertical-align: inherit;\"><span dir=\"auto\" style=\"vertical-align: inherit;\">Za\u0161titno pakiranje<\/span><\/span><\/strong><span dir=\"auto\" style=\"vertical-align: inherit;\"><span dir=\"auto\" style=\"vertical-align: inherit;\"> \u2013 Blister pakiranje sprje\u010dava vlagu i degradaciju.<\/span><\/span><\/p>\n<\/li>\n<li data-start=\"5536\" data-end=\"5619\">\n<p data-start=\"5538\" data-end=\"5619\"><strong data-start=\"5538\" data-end=\"5568\"><span dir=\"auto\" style=\"vertical-align: inherit;\"><span dir=\"auto\" style=\"vertical-align: inherit;\">\u0160iroka primjenjivost istra\u017eivanja<\/span><\/span><\/strong><span dir=\"auto\" style=\"vertical-align: inherit;\"><span dir=\"auto\" style=\"vertical-align: inherit;\"> \u2013 Pogodno za GC\/MS, LC-MS, FTIR, HPLC i NMR.<\/span><\/span><\/p>\n<\/li>\n<li data-start=\"5620\" data-end=\"5707\">\n<p data-start=\"5622\" data-end=\"5707\"><strong data-start=\"5622\" data-end=\"5646\"><span dir=\"auto\" style=\"vertical-align: inherit;\"><span dir=\"auto\" style=\"vertical-align: inherit;\">Potpuno sljedivo<\/span><\/span><\/strong><span dir=\"auto\" style=\"vertical-align: inherit;\"><span dir=\"auto\" style=\"vertical-align: inherit;\"> \u2013 Proizvedeno u kontroliranim laboratorijskim uvjetima.<\/span><\/span><\/p>\n<\/li>\n<\/ul>\n<hr data-start=\"5709\" data-end=\"5712\" \/>\n<h3 data-start=\"5714\" data-end=\"5766\"><strong data-start=\"5718\" data-end=\"5764\"><span dir=\"auto\" style=\"vertical-align: inherit;\"><span dir=\"auto\" style=\"vertical-align: inherit;\">Upotreba (samo u istra\u017eiva\u010dke svrhe)<\/span><\/span><\/strong><\/h3>\n<ol data-start=\"5768\" data-end=\"6144\">\n<li data-start=\"5768\" data-end=\"5837\">\n<p data-start=\"5771\" data-end=\"5837\"><strong data-start=\"5771\" data-end=\"5786\"><span dir=\"auto\" style=\"vertical-align: inherit;\"><span dir=\"auto\" style=\"vertical-align: inherit;\">Rukovanje:<\/span><\/span><\/strong><span dir=\"auto\" style=\"vertical-align: inherit;\"><span dir=\"auto\" style=\"vertical-align: inherit;\"> Nosite rukavice, za\u0161titne nao\u010dale i laboratorijski ogrta\u010d.<\/span><\/span><\/p>\n<\/li>\n<li data-start=\"5838\" data-end=\"5936\">\n<p data-start=\"5841\" data-end=\"5936\"><strong data-start=\"5841\" data-end=\"5854\"><span dir=\"auto\" style=\"vertical-align: inherit;\"><span dir=\"auto\" style=\"vertical-align: inherit;\">Mjerenja:<\/span><\/span><\/strong><span dir=\"auto\" style=\"vertical-align: inherit;\"><span dir=\"auto\" style=\"vertical-align: inherit;\"> Svaka peleta sadr\u017ei to\u010dno 250 mg; ne mijenjajte uvjete izvan laboratorija.<\/span><\/span><\/p>\n<\/li>\n<li data-start=\"5937\" data-end=\"5991\">\n<p data-start=\"5940\" data-end=\"5991\"><strong data-start=\"5940\" data-end=\"5951\"><span dir=\"auto\" style=\"vertical-align: inherit;\"><span dir=\"auto\" style=\"vertical-align: inherit;\">Pohrana:<\/span><\/span><\/strong><span dir=\"auto\" style=\"vertical-align: inherit;\"><span dir=\"auto\" style=\"vertical-align: inherit;\"> \u010cuvati na hladnom (2\u20138 \u00b0C), suhom i tamnom mjestu. 2 mmc pelete<\/span><\/span><\/p>\n<\/li>\n<li data-start=\"5992\" data-end=\"6082\">\n<p data-start=\"5995\" data-end=\"6082\"><strong data-start=\"5995\" data-end=\"6007\"><span dir=\"auto\" style=\"vertical-align: inherit;\"><span dir=\"auto\" style=\"vertical-align: inherit;\">Analiza:<\/span><\/span><\/strong><span dir=\"auto\" style=\"vertical-align: inherit;\"><span dir=\"auto\" style=\"vertical-align: inherit;\"> Pogodno za kromatografiju, spektroskopiju i forenzi\u010dke primjene.<\/span><\/span><\/p>\n<\/li>\n<li data-start=\"6083\" data-end=\"6144\">\n<p data-start=\"6086\" data-end=\"6144\"><strong data-start=\"6086\" data-end=\"6103\"><span dir=\"auto\" style=\"vertical-align: inherit;\"><span dir=\"auto\" style=\"vertical-align: inherit;\">Dokumentacija:<\/span><\/span><\/strong><span dir=\"auto\" style=\"vertical-align: inherit;\"><span dir=\"auto\" style=\"vertical-align: inherit;\"> Zabilje\u017eite brojeve serija i rezultate ispitivanja.<\/span><\/span><\/p>\n<\/li>\n<\/ol>\n<hr data-start=\"6146\" data-end=\"6149\" \/>\n<h3 data-start=\"6151\" data-end=\"6186\"><strong data-start=\"6155\" data-end=\"6184\"><span dir=\"auto\" style=\"vertical-align: inherit;\"><span dir=\"auto\" style=\"vertical-align: inherit;\">\u010cesto postavljana pitanja (FAQ)<\/span><\/span><\/strong><\/h3>\n<p data-start=\"6188\" data-end=\"6348\"><strong data-start=\"6188\" data-end=\"6208\"><span dir=\"auto\" style=\"vertical-align: inherit;\"><span dir=\"auto\" style=\"vertical-align: inherit;\">1. \u0160to je 2-MMC? <\/span><\/span><\/strong><br data-start=\"6208\" data-end=\"6211\" \/><strong data-start=\"6211\" data-end=\"6243\"><span dir=\"auto\" style=\"vertical-align: inherit;\"><span dir=\"auto\" style=\"vertical-align: inherit;\">2-MMC (2-metilmetakatinon)<\/span><\/span><\/strong><span dir=\"auto\" style=\"vertical-align: inherit;\"><span dir=\"auto\" style=\"vertical-align: inherit;\"> je <\/span><\/span><strong data-start=\"6251\" data-end=\"6286\"><span dir=\"auto\" style=\"vertical-align: inherit;\"><span dir=\"auto\" style=\"vertical-align: inherit;\">sintetski katinonski spoj<\/span><\/span><\/strong><span dir=\"auto\" style=\"vertical-align: inherit;\"><span dir=\"auto\" style=\"vertical-align: inherit;\"> koristi se u analiti\u010dkim i forenzi\u010dkim istra\u017eivanjima.<\/span><\/span><\/p>\n<p data-start=\"6350\" data-end=\"6488\"><strong data-start=\"6350\" data-end=\"6394\"><span dir=\"auto\" style=\"vertical-align: inherit;\"><span dir=\"auto\" style=\"vertical-align: inherit;\">2. \u0160to se nalazi u 2-MMC 250mg peletama?<\/span><\/span><\/strong><br data-start=\"6394\" data-end=\"6397\" \/><span dir=\"auto\" style=\"vertical-align: inherit;\"><span dir=\"auto\" style=\"vertical-align: inherit;\"> Svaka kuglica sadr\u017ei <\/span><\/span><strong data-start=\"6415\" data-end=\"6449\"><span dir=\"auto\" style=\"vertical-align: inherit;\"><span dir=\"auto\" style=\"vertical-align: inherit;\">250 mg ili 2-MMC (\u010disto\u0107a \u2265 98%)<\/span><\/span><\/strong><span dir=\"auto\" style=\"vertical-align: inherit;\"><span dir=\"auto\" style=\"vertical-align: inherit;\"> , pakirano za laboratorijska ispitivanja.<\/span><\/span><\/p>\n<p data-start=\"6490\" data-end=\"6684\"><strong data-start=\"6490\" data-end=\"6529\"><span dir=\"auto\" style=\"vertical-align: inherit;\"><span dir=\"auto\" style=\"vertical-align: inherit;\">3. Je li legalno kupiti 2-MMC?<\/span><\/span><\/strong><br data-start=\"6529\" data-end=\"6532\" \/><span dir=\"auto\" style=\"vertical-align: inherit;\"><span dir=\"auto\" style=\"vertical-align: inherit;\"> The <\/span><\/span><strong data-start=\"6535\" data-end=\"6559\"><span dir=\"auto\" style=\"vertical-align: inherit;\"><span dir=\"auto\" style=\"vertical-align: inherit;\">zakonitost 2-MMC-a<\/span><\/span><\/strong><span dir=\"auto\" style=\"vertical-align: inherit;\"><span dir=\"auto\" style=\"vertical-align: inherit;\"> varira ovisno o zemlji. U nekim zemljama je regulirano. Uvijek provjerite lokalne zakone prije <\/span><\/span><strong data-start=\"6666\" data-end=\"6681\"><span dir=\"auto\" style=\"vertical-align: inherit;\"><span dir=\"auto\" style=\"vertical-align: inherit;\">kupnja 2-MMC-a<\/span><\/span><\/strong><span dir=\"auto\" style=\"vertical-align: inherit;\"><span dir=\"auto\" style=\"vertical-align: inherit;\"> .<\/span><\/span><\/p>","protected":false},"excerpt":{"rendered":"<h2><span dir=\"auto\" style=\"vertical-align: inherit;\"><span dir=\"auto\" style=\"vertical-align: inherit;\"><span dir=\"auto\" style=\"vertical-align: inherit;\"><span dir=\"auto\" style=\"vertical-align: inherit;\">Svojstva 2-MMC-a<\/span><\/span><\/span><\/span><\/h2>\n<p><strong><span dir=\"auto\" style=\"vertical-align: inherit;\"><span dir=\"auto\" style=\"vertical-align: inherit;\"><span dir=\"auto\" style=\"vertical-align: inherit;\"><span dir=\"auto\" style=\"vertical-align: inherit;\">CAS broj<\/span><\/span><\/span><\/span><\/strong><span dir=\"auto\" style=\"vertical-align: inherit;\"><span dir=\"auto\" style=\"vertical-align: inherit;\"><span dir=\"auto\" style=\"vertical-align: inherit;\"><span dir=\"auto\" style=\"vertical-align: inherit;\"> : 1246911-71-6 <\/span><\/span><\/span><\/span><br \/>\n<strong><span dir=\"auto\" style=\"vertical-align: inherit;\"><span dir=\"auto\" style=\"vertical-align: inherit;\"><span dir=\"auto\" style=\"vertical-align: inherit;\"><span dir=\"auto\" style=\"vertical-align: inherit;\">Formula<\/span><\/span><\/span><\/span><\/strong><span dir=\"auto\" style=\"vertical-align: inherit;\"><span dir=\"auto\" style=\"vertical-align: inherit;\"><span dir=\"auto\" style=\"vertical-align: inherit;\"><span dir=\"auto\" style=\"vertical-align: inherit;\"> C11h15NO \u2022 HCl <\/span><\/span><\/span><\/span><br \/>\n<strong><span dir=\"auto\" style=\"vertical-align: inherit;\"><span dir=\"auto\" style=\"vertical-align: inherit;\"><span dir=\"auto\" style=\"vertical-align: inherit;\"><span dir=\"auto\" style=\"vertical-align: inherit;\">Molarna masa<\/span><\/span><\/span><\/span><\/strong><span dir=\"auto\" style=\"vertical-align: inherit;\"><span dir=\"auto\" style=\"vertical-align: inherit;\"><span dir=\"auto\" style=\"vertical-align: inherit;\"><span dir=\"auto\" style=\"vertical-align: inherit;\"> : 177.247 <\/span><\/span><\/span><\/span><br \/>\n<strong><span dir=\"auto\" style=\"vertical-align: inherit;\"><span dir=\"auto\" style=\"vertical-align: inherit;\"><span dir=\"auto\" style=\"vertical-align: inherit;\"><span dir=\"auto\" style=\"vertical-align: inherit;\">\u010cisto\u0107a<\/span><\/span><\/span><\/span><\/strong><span dir=\"auto\" style=\"vertical-align: inherit;\"><span dir=\"auto\" style=\"vertical-align: inherit;\"><span dir=\"auto\" style=\"vertical-align: inherit;\"><span dir=\"auto\" style=\"vertical-align: inherit;\"> : \u226599%<\/span><\/span><\/span><\/span><\/p>","protected":false},"featured_media":29201,"comment_status":"closed","ping_status":"closed","template":"","meta":[],"product_brand":[82],"product_cat":[372,463,322,79,324],"product_tag":[83,652,678,326],"class_list":{"0":"post-24422","1":"product","2":"type-product","3":"status-publish","4":"has-post-thumbnail","6":"product_brand-research-chemical","7":"product_cat-2-mmc-kopen","8":"product_cat-2-mmc-pellets","9":"product_cat-bijna-verboden","10":"product_cat-cathinonen","11":"product_cat-pellets-for-pellet","12":"product_tag-2-mmc-kopen","13":"product_tag-2-mmc-pellets-kopen","14":"product_tag-2mmc-pellets","15":"product_tag-nl","17":"first","18":"instock","19":"taxable","20":"shipping-taxable","21":"purchasable","22":"product-type-variable"},"_links":{"self":[{"href":"https:\/\/onderzoekschemicals.com\/hr\/wp-json\/wp\/v2\/product\/24422","targetHints":{"allow":["GET"]}}],"collection":[{"href":"https:\/\/onderzoekschemicals.com\/hr\/wp-json\/wp\/v2\/product"}],"about":[{"href":"https:\/\/onderzoekschemicals.com\/hr\/wp-json\/wp\/v2\/types\/product"}],"replies":[{"embeddable":true,"href":"https:\/\/onderzoekschemicals.com\/hr\/wp-json\/wp\/v2\/comments?post=24422"}],"version-history":[{"count":6,"href":"https:\/\/onderzoekschemicals.com\/hr\/wp-json\/wp\/v2\/product\/24422\/revisions"}],"predecessor-version":[{"id":28681,"href":"https:\/\/onderzoekschemicals.com\/hr\/wp-json\/wp\/v2\/product\/24422\/revisions\/28681"}],"wp:featuredmedia":[{"embeddable":true,"href":"https:\/\/onderzoekschemicals.com\/hr\/wp-json\/wp\/v2\/media\/29201"}],"wp:attachment":[{"href":"https:\/\/onderzoekschemicals.com\/hr\/wp-json\/wp\/v2\/media?parent=24422"}],"wp:term":[{"taxonomy":"product_brand","embeddable":true,"href":"https:\/\/onderzoekschemicals.com\/hr\/wp-json\/wp\/v2\/product_brand?post=24422"},{"taxonomy":"product_cat","embeddable":true,"href":"https:\/\/onderzoekschemicals.com\/hr\/wp-json\/wp\/v2\/product_cat?post=24422"},{"taxonomy":"product_tag","embeddable":true,"href":"https:\/\/onderzoekschemicals.com\/hr\/wp-json\/wp\/v2\/product_tag?post=24422"}],"curies":[{"name":"radni list","href":"https:\/\/api.w.org\/{rel}","templated":true}]}}