{"id":24371,"date":"2025-04-13T17:41:35","date_gmt":"2025-04-13T17:41:35","guid":{"rendered":"https:\/\/onderzoekschemicals.com\/?post_type=product&#038;p=24371"},"modified":"2025-10-12T09:30:51","modified_gmt":"2025-10-12T09:30:51","slug":"bk-2c","status":"publish","type":"product","link":"https:\/\/onderzoekschemicals.com\/hr\/shop\/bijna-verboden\/bk-2c\/","title":{"rendered":"Beta-k-2C-B \u03b2k-2C-B 80 mg pelete"},"content":{"rendered":"<h3 data-start=\"4058\" data-end=\"4079\"><strong data-start=\"4062\" data-end=\"4077\">Uvod<\/strong><\/h3>\n<p data-start=\"4080\" data-end=\"4458\"><strong data-start=\"4080\" data-end=\"4118\">Beta-k-2C-B (\u03b2k-2C-B) 80 mg pelete<\/strong> sadr\u017eavati <strong data-start=\"4128\" data-end=\"4180\">80 miligrama \u03b2k-2C-B (Beta-keto-2C-B) visoke \u010disto\u0107e<\/strong> - Jedan <strong data-start=\"4187\" data-end=\"4225\">sintetski derivat fenetilamina<\/strong> i <strong data-start=\"4229\" data-end=\"4251\">analog beta-ketona<\/strong> po <strong data-start=\"4256\" data-end=\"4264\">2C-B<\/strong>kn 2c\u00a0<br data-start=\"4265\" data-end=\"4268\" \/>\u03b2k-2C-B pripada <strong data-start=\"4291\" data-end=\"4324\">2C porodica fenetilamina<\/strong> i koristi se u <strong data-start=\"4346\" data-end=\"4384\">forenzi\u010dka i analiti\u010dka istra\u017eivanja<\/strong> Neugodan <strong data-start=\"4390\" data-end=\"4432\">odnosi strukture i aktivnosti (SAR)<\/strong> i <strong data-start=\"4436\" data-end=\"4455\">vezanje receptora<\/strong>.<\/p>\n<p data-start=\"4460\" data-end=\"4655\">Svaka kuglica sadr\u017ei <strong data-start=\"4478\" data-end=\"4494\">80 mg \u03b2k-2C-B<\/strong> odmah <strong data-start=\"4503\" data-end=\"4527\">\u010disto\u0107a \u2265 98%<\/strong>, testirano putem <strong data-start=\"4540\" data-end=\"4555\">HPLC i NMR<\/strong>Peleti se isporu\u010duju u <strong data-start=\"4587\" data-end=\"4608\">blister pakiranje<\/strong> za optimalnu stabilnost i to\u010dnost.<\/p>\n<blockquote data-start=\"4657\" data-end=\"4803\">\n<p data-start=\"4659\" data-end=\"4803\">\u26a0\ufe0f <strong data-start=\"4662\" data-end=\"4673\">Napomena:<\/strong> Ovaj proizvod je namijenjen isklju\u010divo za <strong data-start=\"4714\" data-end=\"4749\">istra\u017eiva\u010dka i analiti\u010dka upotreba<\/strong> \u2014 <strong data-start=\"4752\" data-end=\"4800\">nije za ljudsku ili \u017eivotinjsku konzumaciju<\/strong>.<\/p>\n<\/blockquote>\n<hr data-start=\"4805\" data-end=\"4808\" \/>\n<h3 data-start=\"4810\" data-end=\"4841\"><strong data-start=\"4814\" data-end=\"4841\">Klju\u010dne zna\u010dajke<\/strong><\/h3>\n<div class=\"_tableContainer_1rjym_1\">\n<div class=\"group _tableWrapper_1rjym_13 flex w-fit flex-col-reverse\" tabindex=\"-1\">\n<table class=\"w-fit min-w-(--thread-content-width)\" data-start=\"4843\" data-end=\"5416\">\n<thead data-start=\"4843\" data-end=\"4869\">\n<tr data-start=\"4843\" data-end=\"4869\">\n<th data-start=\"4843\" data-end=\"4853\" data-col-size=\"sm\">Zna\u010dajka<\/th>\n<th data-start=\"4853\" data-end=\"4869\" data-col-size=\"md\">Opis<\/th>\n<\/tr>\n<\/thead>\n<tbody data-start=\"4898\" data-end=\"5416\">\n<tr data-start=\"4898\" data-end=\"4951\">\n<td data-start=\"4898\" data-end=\"4919\" data-col-size=\"sm\"><strong data-start=\"4900\" data-end=\"4918\">Kemijski naziv<\/strong><\/td>\n<td data-start=\"4919\" data-end=\"4951\" data-col-size=\"md\">Beta-keto-2C-B hidroklorid<\/td>\n<\/tr>\n<tr data-start=\"4952\" data-end=\"4988\">\n<td data-start=\"4952\" data-end=\"4977\" data-col-size=\"sm\"><strong data-start=\"4954\" data-end=\"4976\">Uobi\u010dajeni naziv<\/strong><\/td>\n<td data-start=\"4977\" data-end=\"4988\" data-col-size=\"md\">\u03b2k-2C-B<\/td>\n<\/tr>\n<tr data-start=\"4989\" data-end=\"5032\">\n<td data-start=\"4989\" data-end=\"5013\" data-col-size=\"sm\"><strong data-start=\"4991\" data-end=\"5012\">Kemijska formula<\/strong><\/td>\n<td data-start=\"5013\" data-end=\"5032\" data-col-size=\"md\">C\u2081\u2080H\u2081\u2082BrNO\u2083\u00b7HCl<\/td>\n<\/tr>\n<tr data-start=\"5033\" data-end=\"5071\">\n<td data-start=\"5033\" data-end=\"5055\" data-col-size=\"sm\"><strong data-start=\"5035\" data-end=\"5054\">Molekularna te\u017eina<\/strong><\/td>\n<td data-start=\"5055\" data-end=\"5071\" data-col-size=\"md\">310,57 g\/mol<\/td>\n<\/tr>\n<tr data-start=\"5072\" data-end=\"5106\">\n<td data-start=\"5072\" data-end=\"5087\" data-col-size=\"sm\"><strong data-start=\"5074\" data-end=\"5086\">Doziranje<\/strong><\/td>\n<td data-start=\"5087\" data-end=\"5106\" data-col-size=\"md\">80 mg po peleti<\/td>\n<\/tr>\n<tr data-start=\"5107\" data-end=\"5154\">\n<td data-start=\"5107\" data-end=\"5118\" data-col-size=\"sm\"><strong data-start=\"5109\" data-end=\"5117\">Oblik<\/strong><\/td>\n<td data-start=\"5118\" data-end=\"5154\" data-col-size=\"md\">\u010cvrsta peleta (blister pakiranje)<\/td>\n<\/tr>\n<tr data-start=\"5155\" data-end=\"5206\">\n<td data-start=\"5155\" data-end=\"5172\" data-col-size=\"sm\"><strong data-start=\"5157\" data-end=\"5171\">\u010cisto\u0107a<\/strong><\/td>\n<td data-start=\"5172\" data-end=\"5206\" data-col-size=\"md\">\u2265 98% (testirano HPLC-om i NMR-om)<\/td>\n<\/tr>\n<tr data-start=\"5207\" data-end=\"5265\">\n<td data-start=\"5207\" data-end=\"5230\" data-col-size=\"sm\"><strong data-start=\"5209\" data-end=\"5229\">Kemijska klasa<\/strong><\/td>\n<td data-start=\"5230\" data-end=\"5265\" data-col-size=\"md\">Analog fenetilamina\/\u03b2-ketona<\/td>\n<\/tr>\n<tr data-start=\"5266\" data-end=\"5345\">\n<td data-start=\"5266\" data-end=\"5280\" data-col-size=\"sm\"><strong data-start=\"5268\" data-end=\"5279\">Upotreba<\/strong><\/td>\n<td data-start=\"5280\" data-end=\"5345\" data-col-size=\"md\">Samo za analiti\u010dka, forenzi\u010dka i neurokemijska istra\u017eivanja<\/td>\n<\/tr>\n<tr data-start=\"5346\" data-end=\"5416\">\n<td data-start=\"5346\" data-end=\"5363\" data-col-size=\"sm\"><strong data-start=\"5348\" data-end=\"5362\">Pakiranje<\/strong><\/td>\n<td data-start=\"5363\" data-end=\"5416\" data-col-size=\"md\">Blister traka sa za\u0161titom od vlage i svjetlosti<\/td>\n<\/tr>\n<\/tbody>\n<\/table>\n<\/div>\n<\/div>\n<hr data-start=\"5418\" data-end=\"5421\" \/>\n<h3 data-start=\"5423\" data-end=\"5440\"><strong data-start=\"5427\" data-end=\"5440\">Prednosti<\/strong><\/h3>\n<ul data-start=\"5442\" data-end=\"5851\">\n<li data-start=\"5442\" data-end=\"5534\">\n<p data-start=\"5444\" data-end=\"5534\"><strong data-start=\"5444\" data-end=\"5463\">Visoka \u010disto\u0107a<\/strong> \u2013 \u2265 98% laboratorijska kvaliteta za pouzdane rezultate istra\u017eivanja.<\/p>\n<\/li>\n<li data-start=\"5535\" data-end=\"5628\">\n<p data-start=\"5537\" data-end=\"5628\"><strong data-start=\"5537\" data-end=\"5569\">Strukturni analog 2C-B<\/strong> \u2013 Pogodno za usporedbe SAR-a i studije receptora.<\/p>\n<\/li>\n<li data-start=\"5629\" data-end=\"5704\">\n<p data-start=\"5631\" data-end=\"5704\"><strong data-start=\"5631\" data-end=\"5655\">Precizno dozirano<\/strong> \u2013 80 mg po peleti za dosljedne rezultate.<\/p>\n<\/li>\n<li data-start=\"5705\" data-end=\"5783\">\n<p data-start=\"5707\" data-end=\"5783\"><strong data-start=\"5707\" data-end=\"5737\">\u0160iroko primjenjivo u istra\u017eivanjima<\/strong> \u2013 Pogodno za GC\/MS, LC-MS, FTIR i HPLC.<\/p>\n<\/li>\n<li data-start=\"5784\" data-end=\"5851\">\n<p data-start=\"5786\" data-end=\"5851\"><strong data-start=\"5786\" data-end=\"5813\">Potvr\u0111ena produkcija<\/strong> \u2013 Svaka serija je testirana i ima mogu\u0107nost pra\u0107enja.<\/p>\n<\/li>\n<\/ul>\n<hr data-start=\"5853\" data-end=\"5856\" \/>\n<h3 data-start=\"5858\" data-end=\"5910\"><strong data-start=\"5862\" data-end=\"5908\">Upotreba (samo u istra\u017eiva\u010dke svrhe)<\/strong><\/h3>\n<ol data-start=\"5912\" data-end=\"6255\">\n<li data-start=\"5912\" data-end=\"5981\">\n<p data-start=\"5915\" data-end=\"5981\"><strong data-start=\"5915\" data-end=\"5930\">Rukovanje:<\/strong> Nosite rukavice, za\u0161titne nao\u010dale i laboratorijski ogrta\u010d.<\/p>\n<\/li>\n<li data-start=\"5982\" data-end=\"6058\">\n<p data-start=\"5985\" data-end=\"6058\"><strong data-start=\"5985\" data-end=\"5998\">Mjerenja:<\/strong> Svaka peleta sadr\u017ei 80 mg; navedite broj serije i \u010disto\u0107u.<\/p>\n<\/li>\n<li data-start=\"6059\" data-end=\"6113\">\n<p data-start=\"6062\" data-end=\"6113\"><strong data-start=\"6062\" data-end=\"6073\">Pohrana:<\/strong> \u010cuvati na hladnom (2\u20138 \u00b0C), suhom i tamnom mjestu.<\/p>\n<\/li>\n<li data-start=\"6114\" data-end=\"6190\">\n<p data-start=\"6117\" data-end=\"6190\"><strong data-start=\"6117\" data-end=\"6129\">Analiza:<\/strong> Pogodno za kromatografiju i spektroskopsku analizu. bk 2c<\/p>\n<\/li>\n<li data-start=\"6191\" data-end=\"6255\">\n<p data-start=\"6194\" data-end=\"6255\"><strong data-start=\"6194\" data-end=\"6211\">Dokumentacija:<\/strong> Zabilje\u017eite rezultate ispitivanja i analiti\u010dke metode.<\/p>\n<\/li>\n<\/ol>\n<hr data-start=\"6257\" data-end=\"6260\" \/>\n<h3 data-start=\"6262\" data-end=\"6297\"><strong data-start=\"6266\" data-end=\"6295\">\u010cesto postavljana pitanja (FAQ)<\/strong><\/h3>\n<p data-start=\"6299\" data-end=\"6458\"><strong data-start=\"6299\" data-end=\"6321\">1. \u0160to je \u03b2k-2C-B?<\/strong><br data-start=\"6321\" data-end=\"6324\" \/><strong data-start=\"6324\" data-end=\"6352\">\u03b2k-2C-B (Beta-keto-2C-B)<\/strong> je <strong data-start=\"6360\" data-end=\"6385\">analog fenetilamina<\/strong> od 2C-B s dodatnom \u03b2-ketonskom skupinom, koji se koristi u analiti\u010dkim istra\u017eivanjima.<\/p>\n<p data-start=\"6460\" data-end=\"6597\"><strong data-start=\"6460\" data-end=\"6505\">2. \u0160to se nalazi u \u03b2k-2C-B peletama od 80 mg?<\/strong><br data-start=\"6505\" data-end=\"6508\" \/>Svaka kuglica sadr\u017ei <strong data-start=\"6526\" data-end=\"6561\">80 mg \u03b2k-2C-B (\u010disto\u0107a \u2265 98%)<\/strong>, laboratorijski testirana kvaliteta.<\/p>\n<p data-start=\"6599\" data-end=\"6761\"><strong data-start=\"6599\" data-end=\"6640\">3. Je li legalno kupiti \u03b2k-2C-B?<\/strong><br data-start=\"6640\" data-end=\"6643\" \/>The <strong data-start=\"6646\" data-end=\"6672\">zakonitost \u03b2k-2C-B<\/strong> varira ovisno o zemlji. Uvijek provjerite lokalne propise prije upotrebe <strong data-start=\"6741\" data-end=\"6758\">\u03b2k-2C-B kupuje<\/strong>.<\/p>","protected":false},"excerpt":{"rendered":"<p>Uvod Beta-k-2C-B (\u03b2k-2C-B) 80 mg pelete sadr\u017ee 80 miligrama \u03b2k-2C-B (Beta-keto-2C-B) visoke \u010disto\u0107e \u2014 sintetskog derivata fenetilamina i beta-ketona analoga 2C-B. bk<\/p>","protected":false},"featured_media":21481,"comment_status":"closed","ping_status":"closed","template":"","meta":[],"product_brand":[],"product_cat":[322,405,469,80,324,398],"product_tag":[674,238,326],"class_list":{"0":"post-24371","1":"product","2":"type-product","3":"status-publish","4":"has-post-thumbnail","6":"product_cat-bijna-verboden","7":"product_cat-bk-2c-b","8":"product_cat-bk-2c-b-pellets","9":"product_cat-fenethylamine","10":"product_cat-pellets-for-pellet","11":"product_cat-verkoop","12":"product_tag-bk-2c","13":"product_tag-bk-2c-b","14":"product_tag-nl","16":"first","17":"instock","18":"sale","19":"taxable","20":"shipping-taxable","21":"purchasable","22":"product-type-variable"},"_links":{"self":[{"href":"https:\/\/onderzoekschemicals.com\/hr\/wp-json\/wp\/v2\/product\/24371","targetHints":{"allow":["GET"]}}],"collection":[{"href":"https:\/\/onderzoekschemicals.com\/hr\/wp-json\/wp\/v2\/product"}],"about":[{"href":"https:\/\/onderzoekschemicals.com\/hr\/wp-json\/wp\/v2\/types\/product"}],"replies":[{"embeddable":true,"href":"https:\/\/onderzoekschemicals.com\/hr\/wp-json\/wp\/v2\/comments?post=24371"}],"version-history":[{"count":6,"href":"https:\/\/onderzoekschemicals.com\/hr\/wp-json\/wp\/v2\/product\/24371\/revisions"}],"predecessor-version":[{"id":27800,"href":"https:\/\/onderzoekschemicals.com\/hr\/wp-json\/wp\/v2\/product\/24371\/revisions\/27800"}],"wp:featuredmedia":[{"embeddable":true,"href":"https:\/\/onderzoekschemicals.com\/hr\/wp-json\/wp\/v2\/media\/21481"}],"wp:attachment":[{"href":"https:\/\/onderzoekschemicals.com\/hr\/wp-json\/wp\/v2\/media?parent=24371"}],"wp:term":[{"taxonomy":"product_brand","embeddable":true,"href":"https:\/\/onderzoekschemicals.com\/hr\/wp-json\/wp\/v2\/product_brand?post=24371"},{"taxonomy":"product_cat","embeddable":true,"href":"https:\/\/onderzoekschemicals.com\/hr\/wp-json\/wp\/v2\/product_cat?post=24371"},{"taxonomy":"product_tag","embeddable":true,"href":"https:\/\/onderzoekschemicals.com\/hr\/wp-json\/wp\/v2\/product_tag?post=24371"}],"curies":[{"name":"radni list","href":"https:\/\/api.w.org\/{rel}","templated":true}]}}