{"id":24336,"date":"2025-04-13T17:41:30","date_gmt":"2025-04-13T17:41:30","guid":{"rendered":"https:\/\/onderzoekschemicals.com\/?post_type=product&#038;p=24336"},"modified":"2025-10-12T14:10:58","modified_gmt":"2025-10-12T14:10:58","slug":"dmxe-ervaring","status":"publish","type":"product","link":"https:\/\/onderzoekschemicals.com\/hr\/shop\/b2b\/dmxe-ervaring\/","title":{"rendered":"RC+ D-MEX 40 mg blister"},"content":{"rendered":"<h3 data-start=\"4145\" data-end=\"4166\"><strong data-start=\"4149\" data-end=\"4164\">Uvod<\/strong><\/h3>\n<p data-start=\"4167\" data-end=\"4538\"><strong data-start=\"4167\" data-end=\"4193\">RC+ D-MEX 40 mg blister<\/strong> sadr\u017ei <strong data-start=\"4200\" data-end=\"4242\">40 miligrama DMXE (deoksimetoksetamina)<\/strong> - Jedan <strong data-start=\"4249\" data-end=\"4282\">arilcikloheksilamin spoj<\/strong> \u0161to je povezano s <strong data-start=\"4302\" data-end=\"4325\">MXE (Metoksetamin)<\/strong> i <strong data-start=\"4329\" data-end=\"4341\">ketamin<\/strong>dmxe iskustvo<br data-start=\"4342\" data-end=\"4345\" \/>Koristi se u <strong data-start=\"4367\" data-end=\"4405\">forenzi\u010dka i analiti\u010dka istra\u017eivanja<\/strong> do <strong data-start=\"4409\" data-end=\"4437\">Interakcije NMDA receptora<\/strong>, <strong data-start=\"4439\" data-end=\"4481\">odnosi strukture i aktivnosti (SAR)<\/strong> i <strong data-start=\"4485\" data-end=\"4520\">kromatografska svojstva<\/strong> istra\u017eiti.<\/p>\n<p data-start=\"4540\" data-end=\"4822\">Svaka kuglica sadr\u017ei <strong data-start=\"4558\" data-end=\"4571\">40 mg \u00b1 2 mg<\/strong> i proizvodi se pod <strong data-start=\"4600\" data-end=\"4645\">kontroliranim laboratorijskim uvjetima<\/strong>.<br data-start=\"4646\" data-end=\"4649\" \/>Svaka serija ima <strong data-start=\"4670\" data-end=\"4694\">\u010disto\u0107a \u2265 98%<\/strong>, potvr\u0111eno putem <strong data-start=\"4710\" data-end=\"4725\">HPLC i NMR<\/strong>Peleti su <strong data-start=\"4743\" data-end=\"4777\">zapakirano u blister pakiranju<\/strong> kako bi se osigurala stabilnost i kvaliteta.<\/p>\n<blockquote data-start=\"4824\" data-end=\"4968\">\n<p data-start=\"4826\" data-end=\"4968\">\u26a0\ufe0f <strong data-start=\"4829\" data-end=\"4840\">Napomena:<\/strong> RC+ D-MEX je isklju\u010divo namijenjen za <strong data-start=\"4879\" data-end=\"4914\">istra\u017eiva\u010dka i analiti\u010dka upotreba<\/strong> \u2014 <strong data-start=\"4917\" data-end=\"4966\">nije za ljudsku ili \u017eivotinjsku konzumaciju.<\/strong><\/p>\n<\/blockquote>\n<hr data-start=\"4970\" data-end=\"4973\" \/>\n<h3 data-start=\"4975\" data-end=\"5006\"><strong data-start=\"4979\" data-end=\"5006\">Klju\u010dne zna\u010dajke<\/strong><\/h3>\n<div class=\"_tableContainer_1rjym_1\">\n<div class=\"group _tableWrapper_1rjym_13 flex w-fit flex-col-reverse\" tabindex=\"-1\">\n<table class=\"w-fit min-w-(--thread-content-width)\" data-start=\"5008\" data-end=\"5627\">\n<thead data-start=\"5008\" data-end=\"5034\">\n<tr data-start=\"5008\" data-end=\"5034\">\n<th data-start=\"5008\" data-end=\"5018\" data-col-size=\"sm\">Zna\u010dajka<\/th>\n<th data-start=\"5018\" data-end=\"5034\" data-col-size=\"md\">Opis<\/th>\n<\/tr>\n<\/thead>\n<tbody data-start=\"5063\" data-end=\"5627\">\n<tr data-start=\"5063\" data-end=\"5120\">\n<td data-start=\"5063\" data-end=\"5084\" data-col-size=\"sm\"><strong data-start=\"5065\" data-end=\"5083\">Kemijski naziv<\/strong><\/td>\n<td data-start=\"5084\" data-end=\"5120\" data-col-size=\"md\">Deoksimetoksilamin hidroklorid<\/td>\n<\/tr>\n<tr data-start=\"5121\" data-end=\"5162\">\n<td data-start=\"5121\" data-end=\"5146\" data-col-size=\"sm\"><strong data-start=\"5123\" data-end=\"5145\">Uobi\u010dajeni naziv<\/strong><\/td>\n<td data-start=\"5146\" data-end=\"5162\" data-col-size=\"md\">D-MEX \/ DMXE<\/td>\n<\/tr>\n<tr data-start=\"5163\" data-end=\"5203\">\n<td data-start=\"5163\" data-end=\"5187\" data-col-size=\"sm\"><strong data-start=\"5165\" data-end=\"5186\">Kemijska formula<\/strong><\/td>\n<td data-start=\"5187\" data-end=\"5203\" data-col-size=\"md\">C\u2081\u2085H\u2082\u2081NO\u00b7HCl<\/td>\n<\/tr>\n<tr data-start=\"5204\" data-end=\"5242\">\n<td data-start=\"5204\" data-end=\"5226\" data-col-size=\"sm\"><strong data-start=\"5206\" data-end=\"5225\">Molekularna te\u017eina<\/strong><\/td>\n<td data-start=\"5226\" data-end=\"5242\" data-col-size=\"md\">267,79 g\/mol<\/td>\n<\/tr>\n<tr data-start=\"5243\" data-end=\"5277\">\n<td data-start=\"5243\" data-end=\"5258\" data-col-size=\"sm\"><strong data-start=\"5245\" data-end=\"5257\">Doziranje<\/strong><\/td>\n<td data-start=\"5258\" data-end=\"5277\" data-col-size=\"md\">40 mg po peleti<\/td>\n<\/tr>\n<tr data-start=\"5278\" data-end=\"5325\">\n<td data-start=\"5278\" data-end=\"5289\" data-col-size=\"sm\"><strong data-start=\"5280\" data-end=\"5288\">Oblik<\/strong><\/td>\n<td data-start=\"5289\" data-end=\"5325\" data-col-size=\"md\">\u010cvrsta peleta (blister pakiranje)<\/td>\n<\/tr>\n<tr data-start=\"5326\" data-end=\"5377\">\n<td data-start=\"5326\" data-end=\"5343\" data-col-size=\"sm\"><strong data-start=\"5328\" data-end=\"5342\">\u010cisto\u0107a<\/strong><\/td>\n<td data-start=\"5343\" data-end=\"5377\" data-col-size=\"md\">\u2265 98% (testirano HPLC-om i NMR-om)<\/td>\n<\/tr>\n<tr data-start=\"5378\" data-end=\"5448\">\n<td data-start=\"5378\" data-end=\"5401\" data-col-size=\"sm\"><strong data-start=\"5380\" data-end=\"5400\">Kemijska klasa<\/strong><\/td>\n<td data-start=\"5401\" data-end=\"5448\" data-col-size=\"md\">Arilcikloheksilamin \/ Disocijativni analog<\/td>\n<\/tr>\n<tr data-start=\"5449\" data-end=\"5528\">\n<td data-start=\"5449\" data-end=\"5463\" data-col-size=\"sm\"><strong data-start=\"5451\" data-end=\"5462\">Upotreba<\/strong><\/td>\n<td data-start=\"5463\" data-end=\"5528\" data-col-size=\"md\">Samo za analiti\u010dka, forenzi\u010dka i neurokemijska istra\u017eivanja<\/td>\n<\/tr>\n<tr data-start=\"5529\" data-end=\"5578\">\n<td data-start=\"5529\" data-end=\"5546\" data-col-size=\"sm\"><strong data-start=\"5531\" data-end=\"5545\">Pakiranje<\/strong><\/td>\n<td data-start=\"5546\" data-end=\"5578\" data-col-size=\"md\">Blister traka s pe\u010datom<\/td>\n<\/tr>\n<tr data-start=\"5579\" data-end=\"5627\">\n<td data-start=\"5579\" data-end=\"5597\" data-col-size=\"sm\"><strong data-start=\"5581\" data-end=\"5596\">Koli\u010dina<\/strong><\/td>\n<td data-start=\"5597\" data-end=\"5627\" data-col-size=\"md\">1 blister s peletama od 40 mg<\/td>\n<\/tr>\n<\/tbody>\n<\/table>\n<\/div>\n<\/div>\n<hr data-start=\"5629\" data-end=\"5632\" \/>\n<h3 data-start=\"5634\" data-end=\"5651\"><strong data-start=\"5638\" data-end=\"5651\">Prednosti<\/strong><\/h3>\n<ul data-start=\"5653\" data-end=\"6019\">\n<li data-start=\"5653\" data-end=\"5707\">\n<p data-start=\"5655\" data-end=\"5707\"><strong data-start=\"5655\" data-end=\"5674\">Visoka \u010disto\u0107a<\/strong> \u2013 \u2265 98% laboratorijske kvalitete.<\/p>\n<\/li>\n<li data-start=\"5708\" data-end=\"5783\">\n<p data-start=\"5710\" data-end=\"5783\"><strong data-start=\"5710\" data-end=\"5734\">Precizno dozirano<\/strong> \u2013 40 mg po peleti za dosljedne rezultate.<\/p>\n<\/li>\n<li data-start=\"5784\" data-end=\"5862\">\n<p data-start=\"5786\" data-end=\"5862\"><strong data-start=\"5786\" data-end=\"5808\">Sigurno pakiranje<\/strong> \u2013 Blister pakiranje \u0161titi od svjetlosti i vlage.<\/p>\n<\/li>\n<li data-start=\"5863\" data-end=\"5941\">\n<p data-start=\"5865\" data-end=\"5941\"><strong data-start=\"5865\" data-end=\"5895\">\u0160iroko primjenjivo u istra\u017eivanjima<\/strong> \u2013 Pogodno za GC\/MS, LC-MS, FTIR i HPLC.<\/p>\n<\/li>\n<li data-start=\"5942\" data-end=\"6019\">\n<p data-start=\"5944\" data-end=\"6019\"><strong data-start=\"5944\" data-end=\"5978\">Sljediva kontrola kvalitete<\/strong> \u2013 Svaka serija je testirana i dokumentirana.<\/p>\n<\/li>\n<\/ul>\n<hr data-start=\"6021\" data-end=\"6024\" \/>\n<h3 data-start=\"6026\" data-end=\"6078\"><strong data-start=\"6030\" data-end=\"6076\">Upotreba (samo u istra\u017eiva\u010dke svrhe)<\/strong><\/h3>\n<ol data-start=\"6080\" data-end=\"6397\">\n<li data-start=\"6080\" data-end=\"6149\">\n<p data-start=\"6083\" data-end=\"6149\"><strong data-start=\"6083\" data-end=\"6098\">Rukovanje:<\/strong> Nosite rukavice, za\u0161titne nao\u010dale i laboratorijski ogrta\u010d.<\/p>\n<\/li>\n<li data-start=\"6150\" data-end=\"6212\">\n<p data-start=\"6153\" data-end=\"6212\"><strong data-start=\"6153\" data-end=\"6166\">Mjerenja:<\/strong> Zabilje\u017eite broj serije, dozu i \u010disto\u0107u.<\/p>\n<\/li>\n<li data-start=\"6213\" data-end=\"6267\">\n<p data-start=\"6216\" data-end=\"6267\"><strong data-start=\"6216\" data-end=\"6227\">Pohrana:<\/strong> \u010cuvati na hladnom (2\u20138 \u00b0C), suhom i tamnom mjestu.<\/p>\n<\/li>\n<li data-start=\"6268\" data-end=\"6332\">\n<p data-start=\"6271\" data-end=\"6332\"><strong data-start=\"6271\" data-end=\"6283\">Analiza:<\/strong> Pogodno za kromatografiju i spektroskopiju.<\/p>\n<\/li>\n<li data-start=\"6333\" data-end=\"6397\">\n<p data-start=\"6336\" data-end=\"6397\"><strong data-start=\"6336\" data-end=\"6353\">Dokumentacija:<\/strong> Zabilje\u017eite rezultate i metode analize.<\/p>\n<\/li>\n<\/ol>\n<hr data-start=\"6399\" data-end=\"6402\" \/>\n<h3 data-start=\"6404\" data-end=\"6439\"><strong data-start=\"6408\" data-end=\"6437\">\u010cesto postavljana pitanja (FAQ)<\/strong><\/h3>\n<p data-start=\"6441\" data-end=\"6611\"><strong data-start=\"6441\" data-end=\"6472\">1. \u0160to je RC+ D-MEX (DMXE)?<\/strong><br data-start=\"6472\" data-end=\"6475\" \/>A <strong data-start=\"6479\" data-end=\"6503\">istra\u017eiva\u010dka tvar<\/strong> od <strong data-start=\"6511\" data-end=\"6540\">klasa arilcikloheksilamina<\/strong>, povezan s MXE, koristi se za istra\u017eivanje vezanja NMDA receptora.<\/p>\n<p data-start=\"6613\" data-end=\"6736\"><strong data-start=\"6613\" data-end=\"6653\">2. Kolika je \u010disto\u0107a i doziranje?<\/strong><br data-start=\"6653\" data-end=\"6656\" \/>Svaka kuglica sadr\u017ei <strong data-start=\"6674\" data-end=\"6706\">40 mg DMXE (\u010disto\u0107a \u2265 98%)<\/strong>, potvr\u0111eno HPLC-om i NMR-om.<\/p>\n<p data-start=\"6738\" data-end=\"6901\"><strong data-start=\"6738\" data-end=\"6781\">3. Je li legalno kupiti RC+ D-MEX?<\/strong><br data-start=\"6781\" data-end=\"6784\" \/>The <strong data-start=\"6787\" data-end=\"6810\">legalnost DMXE-a<\/strong> varira ovisno o zemlji. Uvijek provjerite lokalne propise prije upotrebe <strong data-start=\"6879\" data-end=\"6898\">RC+ D-MEX kupnje<\/strong>.<\/p>","protected":false},"excerpt":{"rendered":"<p><span dir=\"auto\" style=\"vertical-align: inherit;\"><span dir=\"auto\" style=\"vertical-align: inherit;\">RC+ D-MEX 40 mg blister<\/span><\/span><\/p>\n<p><span dir=\"auto\" style=\"vertical-align: inherit;\"><span dir=\"auto\" style=\"vertical-align: inherit;\">CAS broj: 681440-83-5 <\/span><\/span><br \/>\n<span dir=\"auto\" style=\"vertical-align: inherit;\"><span dir=\"auto\" style=\"vertical-align: inherit;\">Formula: 5-dehidro-1,3-kinodimetan <\/span><\/span><br \/>\n<span dir=\"auto\" style=\"vertical-align: inherit;\"><span dir=\"auto\" style=\"vertical-align: inherit;\">Molarna masa: 103,14 g\/mol <\/span><\/span><br \/>\n<span dir=\"auto\" style=\"vertical-align: inherit;\"><span dir=\"auto\" style=\"vertical-align: inherit;\">Purity: &gt;97%<\/span><\/span><\/p>","protected":false},"featured_media":21438,"comment_status":"closed","ping_status":"closed","template":"","meta":[],"product_brand":[82],"product_cat":[555],"product_tag":[295,828,300,297,296,326,299],"class_list":{"0":"post-24336","1":"product","2":"type-product","3":"status-publish","4":"has-post-thumbnail","6":"product_brand-research-chemical","7":"product_cat-b2b","8":"product_tag-dmxe","9":"product_tag-dmxe-dosage","10":"product_tag-dmxe-duration","11":"product_tag-dmxe-ervaring","12":"product_tag-dmxe-psychonaut","13":"product_tag-nl","14":"product_tag-what-is-dmxe","16":"first","17":"instock","18":"taxable","19":"shipping-taxable","20":"purchasable","21":"product-type-variable"},"_links":{"self":[{"href":"https:\/\/onderzoekschemicals.com\/hr\/wp-json\/wp\/v2\/product\/24336","targetHints":{"allow":["GET"]}}],"collection":[{"href":"https:\/\/onderzoekschemicals.com\/hr\/wp-json\/wp\/v2\/product"}],"about":[{"href":"https:\/\/onderzoekschemicals.com\/hr\/wp-json\/wp\/v2\/types\/product"}],"replies":[{"embeddable":true,"href":"https:\/\/onderzoekschemicals.com\/hr\/wp-json\/wp\/v2\/comments?post=24336"}],"version-history":[{"count":4,"href":"https:\/\/onderzoekschemicals.com\/hr\/wp-json\/wp\/v2\/product\/24336\/revisions"}],"predecessor-version":[{"id":27808,"href":"https:\/\/onderzoekschemicals.com\/hr\/wp-json\/wp\/v2\/product\/24336\/revisions\/27808"}],"wp:featuredmedia":[{"embeddable":true,"href":"https:\/\/onderzoekschemicals.com\/hr\/wp-json\/wp\/v2\/media\/21438"}],"wp:attachment":[{"href":"https:\/\/onderzoekschemicals.com\/hr\/wp-json\/wp\/v2\/media?parent=24336"}],"wp:term":[{"taxonomy":"product_brand","embeddable":true,"href":"https:\/\/onderzoekschemicals.com\/hr\/wp-json\/wp\/v2\/product_brand?post=24336"},{"taxonomy":"product_cat","embeddable":true,"href":"https:\/\/onderzoekschemicals.com\/hr\/wp-json\/wp\/v2\/product_cat?post=24336"},{"taxonomy":"product_tag","embeddable":true,"href":"https:\/\/onderzoekschemicals.com\/hr\/wp-json\/wp\/v2\/product_tag?post=24336"}],"curies":[{"name":"radni list","href":"https:\/\/api.w.org\/{rel}","templated":true}]}}