{"id":24192,"date":"2025-04-13T17:41:13","date_gmt":"2025-04-13T17:41:13","guid":{"rendered":"https:\/\/onderzoekschemicals.com\/?post_type=product&#038;p=24192"},"modified":"2025-10-12T20:43:01","modified_gmt":"2025-10-12T20:43:01","slug":"3-fpm-kopen","status":"publish","type":"product","link":"https:\/\/onderzoekschemicals.com\/hr\/shop\/b2b\/3-fpm-kopen\/","title":{"rendered":"RC+ Fluor 3-FPM 50mg kutija"},"content":{"rendered":"<h3 data-start=\"4920\" data-end=\"4939\"><strong data-start=\"4924\" data-end=\"4939\">Uvod<\/strong><\/h3>\n<p data-start=\"4940\" data-end=\"5222\">The <strong data-start=\"4943\" data-end=\"4971\">RC+ Fluor 3-FPM 50mg kutija<\/strong> je <strong data-start=\"4979\" data-end=\"5009\">istra\u017eiva\u010dka tvar visoke \u010disto\u0107e<\/strong> od <strong data-start=\"5017\" data-end=\"5054\">fenetilamin i klasa stimulansa<\/strong>Kemijski poznat kao <strong data-start=\"5076\" data-end=\"5099\">3-Fluorofenmetrazin<\/strong>, je li ovo <strong data-start=\"5112\" data-end=\"5153\">fluorirana varijanta fenmetrazina<\/strong>, razvijen za <strong data-start=\"5171\" data-end=\"5219\">neurokemijska i psihostimulativna istra\u017eivanja<\/strong>. 3 fpm kupnja<\/p>\n<p data-start=\"5224\" data-end=\"5556\">Zahvaljuju\u0107i strukturi, u\u010dinak na <strong data-start=\"5263\" data-end=\"5302\">ponovni unos dopamina i noradrenalina<\/strong> se opse\u017eno prou\u010davaju. To ga \u010dini vrijednim materijalom za <strong data-start=\"5375\" data-end=\"5449\">bihevioralna neuroznanost, farmakolo\u0161ka istra\u017eivanja i analiti\u010dka kemija<\/strong>Svaka tableta od 50 mg pa\u017eljivo je izra\u0111ena za maksimalnu <strong data-start=\"5509\" data-end=\"5555\">to\u010dnost, \u010disto\u0107a i dosljednost<\/strong>.<\/p>\n<hr data-start=\"5558\" data-end=\"5561\" \/>\n<h3 data-start=\"5563\" data-end=\"5594\"><strong data-start=\"5567\" data-end=\"5594\">Klju\u010dne zna\u010dajke<\/strong><\/h3>\n<ul data-start=\"5595\" data-end=\"6109\">\n<li data-start=\"5595\" data-end=\"5680\">\n<p data-start=\"5597\" data-end=\"5680\"><strong data-start=\"5597\" data-end=\"5623\">Analiti\u010dka kvaliteta:<\/strong> Sadr\u017ei <strong data-start=\"5630\" data-end=\"5666\">50 mg 3-fluorofenmetrazina (3-FPM)<\/strong> po tableti.<\/p>\n<\/li>\n<li data-start=\"5681\" data-end=\"5763\">\n<p data-start=\"5683\" data-end=\"5763\"><strong data-start=\"5683\" data-end=\"5708\">\u010cisto\u0107a istra\u017eivanja:<\/strong> Testirano na <strong data-start=\"5719\" data-end=\"5760\">kemijska konzistencija i stabilnost<\/strong>.<\/p>\n<\/li>\n<li data-start=\"5764\" data-end=\"5889\">\n<p data-start=\"5766\" data-end=\"5889\"><strong data-start=\"5766\" data-end=\"5799\">Profesionalno RC+ pakiranje:<\/strong> Dostavljeno u <strong data-start=\"5812\" data-end=\"5849\">zatvorene kutije otporne na vlagu<\/strong> s jasnim laboratorijskim oznakama.<\/p>\n<\/li>\n<li data-start=\"5890\" data-end=\"5982\">\n<p data-start=\"5892\" data-end=\"5982\"><strong data-start=\"5892\" data-end=\"5924\">Podaci o sljedivoj seriji:<\/strong> Svaka serija sadr\u017ei <strong data-start=\"5942\" data-end=\"5979\">brojevi serija i certifikati analize<\/strong>.<\/p>\n<\/li>\n<li data-start=\"5983\" data-end=\"6109\">\n<p data-start=\"5985\" data-end=\"6109\"><strong data-start=\"5985\" data-end=\"6021\">Pouzdana ponovljivost:<\/strong> Dizajnirano za <strong data-start=\"6037\" data-end=\"6061\">dosljedni rezultati<\/strong> u kontroliranim laboratorijskim uvjetima.<\/p>\n<\/li>\n<\/ul>\n<hr data-start=\"6111\" data-end=\"6114\" \/>\n<h3 data-start=\"6116\" data-end=\"6133\"><strong data-start=\"6120\" data-end=\"6133\">Prednosti<\/strong><\/h3>\n<ul data-start=\"6134\" data-end=\"6559\">\n<li data-start=\"6134\" data-end=\"6209\">\n<p data-start=\"6136\" data-end=\"6209\">Prikladno za <strong data-start=\"6150\" data-end=\"6177\">neurokemijski pregled<\/strong> na poticanje aktivnosti.<\/p>\n<\/li>\n<li data-start=\"6210\" data-end=\"6299\">\n<p data-start=\"6212\" data-end=\"6299\">Podr\u0161ka <strong data-start=\"6224\" data-end=\"6250\">komparativne analize<\/strong> s fenmetrazinom i sli\u010dnim spojevima.<\/p>\n<\/li>\n<li data-start=\"6300\" data-end=\"6380\">\n<p data-start=\"6302\" data-end=\"6380\">Primjenjivo u <strong data-start=\"6316\" data-end=\"6351\">bihevioralna i kognitivna istra\u017eivanja<\/strong> na stimuliraju\u0107e mehanizme.<\/p>\n<\/li>\n<li data-start=\"6381\" data-end=\"6455\">\n<p data-start=\"6383\" data-end=\"6455\">Ponude <strong data-start=\"6389\" data-end=\"6431\">stabilna farmakolo\u0161ka svojstva<\/strong> za ponovljeno testiranje.<\/p>\n<\/li>\n<li data-start=\"6456\" data-end=\"6559\">\n<p data-start=\"6458\" data-end=\"6559\">Idealno za <strong data-start=\"6470\" data-end=\"6520\">akademska, forenzi\u010dka i analiti\u010dka istra\u017eivanja<\/strong> usmjereno na <strong data-start=\"6532\" data-end=\"6556\">dopaminergi\u010dki sustavi<\/strong>. 3 fpm kupnja<\/p>\n<\/li>\n<\/ul>\n<hr data-start=\"6561\" data-end=\"6564\" \/>\n<h3 data-start=\"6566\" data-end=\"6581\"><strong data-start=\"6570\" data-end=\"6581\">Upotreba<\/strong><\/h3>\n<p data-start=\"6582\" data-end=\"6706\">The <strong data-start=\"6585\" data-end=\"6613\">RC+ Fluor 3-FPM 50mg kutija<\/strong> isklju\u010divo je namijenjen za <strong data-start=\"6642\" data-end=\"6680\">istra\u017eiva\u010dke i analiti\u010dke aplikacije<\/strong>.<br data-start=\"6681\" data-end=\"6684\" \/>Istra\u017eiva\u010di bi trebali:<\/p>\n<ul data-start=\"6707\" data-end=\"6979\">\n<li data-start=\"6707\" data-end=\"6784\">\n<p data-start=\"6709\" data-end=\"6784\">Nosite za\u0161titnu odje\u0107u (<strong data-start=\"6741\" data-end=\"6780\">rukavice, za\u0161titne nao\u010dale, laboratorijski ogrta\u010d<\/strong>).<\/p>\n<\/li>\n<li data-start=\"6785\" data-end=\"6857\">\n<p data-start=\"6787\" data-end=\"6857\">\u010cuvati pod <strong data-start=\"6804\" data-end=\"6812\">25\u00b0C<\/strong> na <strong data-start=\"6820\" data-end=\"6854\">hladnom, suhom i tamnom mjestu<\/strong>.<\/p>\n<\/li>\n<li data-start=\"6858\" data-end=\"6913\">\n<p data-start=\"6860\" data-end=\"6913\">Kontakt s <strong data-start=\"6872\" data-end=\"6897\">svjetlost, zrak i vlaga<\/strong> izbje\u0107i.<\/p>\n<\/li>\n<li data-start=\"6914\" data-end=\"6979\">\n<p data-start=\"6916\" data-end=\"6979\"><strong data-start=\"6916\" data-end=\"6950\">Kalibrirani mjerni instrumenti<\/strong> koji \u0107e se koristiti za analizu.<\/p>\n<\/li>\n<\/ul>\n<hr data-start=\"6981\" data-end=\"6984\" \/>\n<h3 data-start=\"6986\" data-end=\"7015\"><strong data-start=\"6990\" data-end=\"7015\">Sigurnosne informacije<\/strong><\/h3>\n<ul data-start=\"7016\" data-end=\"7225\">\n<li data-start=\"7016\" data-end=\"7056\">\n<p data-start=\"7018\" data-end=\"7056\">Samo za <strong data-start=\"7030\" data-end=\"7053\">laboratorijska upotreba<\/strong>.<\/p>\n<\/li>\n<li data-start=\"7057\" data-end=\"7110\">\n<p data-start=\"7059\" data-end=\"7110\"><strong data-start=\"7059\" data-end=\"7107\">Nije za ljudsku ili \u017eivotinjsku konzumaciju<\/strong>.<\/p>\n<\/li>\n<li data-start=\"7111\" data-end=\"7167\">\n<p data-start=\"7113\" data-end=\"7167\">Uvijek slijedite <strong data-start=\"7128\" data-end=\"7164\">standardne sigurnosne smjernice<\/strong>.<\/p>\n<\/li>\n<li data-start=\"7168\" data-end=\"7225\">\n<p data-start=\"7170\" data-end=\"7225\">Izvan dohvata <strong data-start=\"7188\" data-end=\"7215\">djeca i neovla\u0161tene osobe<\/strong> zadr\u017eati.<\/p>\n<\/li>\n<\/ul>\n<hr data-start=\"7227\" data-end=\"7230\" \/>\n<h3 data-start=\"7232\" data-end=\"7265\"><strong data-start=\"7236\" data-end=\"7265\">\u010cesto postavljana pitanja (FAQ)<\/strong><\/h3>\n<p data-start=\"7267\" data-end=\"7465\"><strong data-start=\"7267\" data-end=\"7323\">1. Za \u0161to se koristi RC+ Fluor 3-FPM 50mg kutija?<\/strong><br data-start=\"7323\" data-end=\"7326\" \/>Koristi se za <strong data-start=\"7350\" data-end=\"7380\">znanstveno istra\u017eivanje<\/strong> o u\u010dinku stimulansa na transportere dopamina i noradrenalina.<\/p>\n<p data-start=\"7467\" data-end=\"7660\"><strong data-start=\"7467\" data-end=\"7523\">2. Koja je razlika izme\u0111u 3-FPM-a i fenmetrazina?<\/strong><br data-start=\"7523\" data-end=\"7526\" \/>3-FPM sadr\u017ei <strong data-start=\"7542\" data-end=\"7568\">supstitucija atoma fluora<\/strong>, \u0161to osigurava <strong data-start=\"7585\" data-end=\"7629\">promijenjena farmakolo\u0161ka svojstva<\/strong> u usporedbi s fenmetrazinom.<\/p>\n<p data-start=\"7662\" data-end=\"7834\"><strong data-start=\"7662\" data-end=\"7697\">3. Kako ga treba \u010duvati?<\/strong><br data-start=\"7697\" data-end=\"7700\" \/>U\u0161tedite na <strong data-start=\"7714\" data-end=\"7748\">hladnom, suhom i tamnom mjestu<\/strong>, po mogu\u0107nosti u <strong data-start=\"7769\" data-end=\"7804\">originalno zatvoreno pakiranje<\/strong> kako bi se odr\u017eala \u010disto\u0107a.<\/p>\n<hr data-start=\"7836\" data-end=\"7839\" \/>\n<h3 data-start=\"7841\" data-end=\"7858\"><strong data-start=\"7845\" data-end=\"7858\">Zaklju\u010dak<\/strong><\/h3>\n<p data-start=\"7859\" data-end=\"8185\">The <strong data-start=\"7862\" data-end=\"7890\">RC+ Fluor 3-FPM 50mg kutija<\/strong> je <strong data-start=\"7898\" data-end=\"7952\">pouzdan izbor za laboratorije i istra\u017eiva\u010de<\/strong> koji su zabrinuti zbog <strong data-start=\"7978\" data-end=\"8042\">poticanje istra\u017eivanja farmakologije i neuroznanosti<\/strong>Zahvaljuju\u0107i <strong data-start=\"8055\" data-end=\"8122\">visoka \u010disto\u0107a, precizno doziranje i sigurno RC+ pakiranje<\/strong> nudi to <strong data-start=\"8133\" data-end=\"8184\">dosljedni, reproducibilni rezultati istra\u017eivanja<\/strong>.<\/p>","protected":false},"excerpt":{"rendered":"<p>Introductie De RC+ Fluor 3-FPM 50mg Box is een hoogzuivere onderzoeksstof uit de fenethylamine- en stimulantklasse. Chemisch bekend als 3-Fluorfenmetrazine,<\/p>","protected":false},"featured_media":20535,"comment_status":"closed","ping_status":"closed","template":"","meta":[],"product_brand":[82],"product_cat":[555],"product_tag":[881,606,601,605,326],"class_list":{"0":"post-24192","1":"product","2":"type-product","3":"status-publish","4":"has-post-thumbnail","6":"product_brand-research-chemical","7":"product_cat-b2b","8":"product_tag-3-fpm-kopen","9":"product_tag-3-fluorophenmetrazine","10":"product_tag-3-fpm","11":"product_tag-3fpm","12":"product_tag-nl","14":"first","15":"instock","16":"taxable","17":"shipping-taxable","18":"purchasable","19":"product-type-variable"},"_links":{"self":[{"href":"https:\/\/onderzoekschemicals.com\/hr\/wp-json\/wp\/v2\/product\/24192","targetHints":{"allow":["GET"]}}],"collection":[{"href":"https:\/\/onderzoekschemicals.com\/hr\/wp-json\/wp\/v2\/product"}],"about":[{"href":"https:\/\/onderzoekschemicals.com\/hr\/wp-json\/wp\/v2\/types\/product"}],"replies":[{"embeddable":true,"href":"https:\/\/onderzoekschemicals.com\/hr\/wp-json\/wp\/v2\/comments?post=24192"}],"version-history":[{"count":4,"href":"https:\/\/onderzoekschemicals.com\/hr\/wp-json\/wp\/v2\/product\/24192\/revisions"}],"predecessor-version":[{"id":27845,"href":"https:\/\/onderzoekschemicals.com\/hr\/wp-json\/wp\/v2\/product\/24192\/revisions\/27845"}],"wp:featuredmedia":[{"embeddable":true,"href":"https:\/\/onderzoekschemicals.com\/hr\/wp-json\/wp\/v2\/media\/20535"}],"wp:attachment":[{"href":"https:\/\/onderzoekschemicals.com\/hr\/wp-json\/wp\/v2\/media?parent=24192"}],"wp:term":[{"taxonomy":"product_brand","embeddable":true,"href":"https:\/\/onderzoekschemicals.com\/hr\/wp-json\/wp\/v2\/product_brand?post=24192"},{"taxonomy":"product_cat","embeddable":true,"href":"https:\/\/onderzoekschemicals.com\/hr\/wp-json\/wp\/v2\/product_cat?post=24192"},{"taxonomy":"product_tag","embeddable":true,"href":"https:\/\/onderzoekschemicals.com\/hr\/wp-json\/wp\/v2\/product_tag?post=24192"}],"curies":[{"name":"radni list","href":"https:\/\/api.w.org\/{rel}","templated":true}]}}