{"id":24188,"date":"2025-04-13T17:41:13","date_gmt":"2025-04-13T17:41:13","guid":{"rendered":"https:\/\/onderzoekschemicals.com\/?post_type=product&#038;p=24188"},"modified":"2025-10-12T20:39:18","modified_gmt":"2025-10-12T20:39:18","slug":"deschloroetizolam-5mg-box","status":"publish","type":"product","link":"https:\/\/onderzoekschemicals.com\/hr\/shop\/b2b\/deschloroetizolam-5mg-box\/","title":{"rendered":"RC+ kutija s deskloroetizolamom od 5 mg"},"content":{"rendered":"<h3 data-start=\"4306\" data-end=\"4325\"><strong data-start=\"4310\" data-end=\"4325\">Uvod<\/strong><\/h3>\n<p data-start=\"4326\" data-end=\"4829\">The <strong data-start=\"4329\" data-end=\"4362\">RC+ kutija s deskloroetizolamom od 5 mg<\/strong> je <strong data-start=\"4370\" data-end=\"4403\">istra\u017eiva\u010dki spoj visoke \u010disto\u0107e<\/strong> od <strong data-start=\"4411\" data-end=\"4437\">obitelj tienodiazepina<\/strong>, strukturno sli\u010dan Etizolamu, ali bez atoma klora. Razvijen za <strong data-start=\"4517\" data-end=\"4570\">laboratorijska istra\u017eivanja i analiti\u010dke primjene<\/strong>Ovaj proizvod nudi dosljednu kvalitetu i stabilnost za napredne neurofarmakolo\u0161ke eksperimente. Svaka tableta od 5 mg precizno je formulirana prema modernim znanstvenim standardima, osiguravaju\u0107i pouzdane rezultate u raznim istra\u017eiva\u010dkim modelima.<\/p>\n<hr data-start=\"4831\" data-end=\"4834\" \/>\n<h3 data-start=\"4836\" data-end=\"4867\"><strong data-start=\"4840\" data-end=\"4867\">Klju\u010dne zna\u010dajke<\/strong><\/h3>\n<ul data-start=\"4868\" data-end=\"5516\">\n<li data-start=\"4868\" data-end=\"4996\">\n<p data-start=\"4870\" data-end=\"4996\"><strong data-start=\"4870\" data-end=\"4897\">\u010cisto\u0107a i preciznost:<\/strong> Svaka tableta sadr\u017ei <strong data-start=\"4916\" data-end=\"4941\">5 mg deskloroetizolama<\/strong>, proizvedeno prema najvi\u0161im analiti\u010dkim standardima.<\/p>\n<\/li>\n<li data-start=\"4997\" data-end=\"5145\">\n<p data-start=\"4999\" data-end=\"5145\"><strong data-start=\"4999\" data-end=\"5025\">Laboratorijska kvaliteta:<\/strong> Samo za isklju\u010divu upotrebu <strong data-start=\"5051\" data-end=\"5092\">istra\u017eiva\u010dke i analiti\u010dke svrhe<\/strong>; nije prikladno za ljudsku ili \u017eivotinjsku upotrebu.<\/p>\n<\/li>\n<li data-start=\"5146\" data-end=\"5264\">\n<p data-start=\"5148\" data-end=\"5264\"><strong data-start=\"5148\" data-end=\"5171\">Sigurno pakiranje:<\/strong> Dostavljeno u <strong data-start=\"5188\" data-end=\"5224\">zatvorena, vlagu otporna kutija<\/strong> kako bi se odr\u017eao kemijski integritet.<\/p>\n<\/li>\n<li data-start=\"5265\" data-end=\"5391\">\n<p data-start=\"5267\" data-end=\"5391\"><strong data-start=\"5267\" data-end=\"5300\">Potvr\u0111ena autenti\u010dnost:<\/strong> Jasno ozna\u010davanje, broj serije i laboratorijska upozorenja za sljedivost.<\/p>\n<\/li>\n<li data-start=\"5392\" data-end=\"5516\">\n<p data-start=\"5394\" data-end=\"5516\"><strong data-start=\"5394\" data-end=\"5422\">Konstantni sastav:<\/strong> Proizvedeno pod strogom kontrolom kvalitete za pouzdano doziranje i stabilnost.<\/p>\n<\/li>\n<\/ul>\n<hr data-start=\"5518\" data-end=\"5521\" \/>\n<h3 data-start=\"5523\" data-end=\"5540\"><strong data-start=\"5527\" data-end=\"5540\">Prednosti<\/strong><\/h3>\n<ul data-start=\"5541\" data-end=\"5942\">\n<li data-start=\"5541\" data-end=\"5619\">\n<p data-start=\"5543\" data-end=\"5619\">Prikladno za <strong data-start=\"5557\" data-end=\"5583\">kontrolirane studije<\/strong> interakcija GABAergi\u010dkih receptora.<\/p>\n<\/li>\n<li data-start=\"5620\" data-end=\"5690\">\n<p data-start=\"5622\" data-end=\"5690\">Primjenjivo u <strong data-start=\"5636\" data-end=\"5677\">bihevioralne, kognitivne i neurokemijske<\/strong> istra\u017eivanje.<\/p>\n<\/li>\n<li data-start=\"5691\" data-end=\"5779\">\n<p data-start=\"5693\" data-end=\"5779\">Ponude <strong data-start=\"5703\" data-end=\"5738\">stabilan i predvidljiv profil<\/strong> za usporedna ispitivanja s Etizolamom.<\/p>\n<\/li>\n<li data-start=\"5780\" data-end=\"5870\">\n<p data-start=\"5782\" data-end=\"5870\">Podr\u0161ka <strong data-start=\"5794\" data-end=\"5832\">akademska i analiti\u010dka istra\u017eivanja<\/strong> u neuroznanosti i farmakologiji.<\/p>\n<\/li>\n<li data-start=\"5871\" data-end=\"5942\">\n<p data-start=\"5873\" data-end=\"5942\">Pru\u017ea <strong data-start=\"5884\" data-end=\"5919\">pouzdana ponovljivost<\/strong> izme\u0111u eksperimenata.<\/p>\n<\/li>\n<\/ul>\n<hr data-start=\"5944\" data-end=\"5947\" \/>\n<h3 data-start=\"5949\" data-end=\"5964\"><strong data-start=\"5953\" data-end=\"5964\">Upotreba<\/strong><\/h3>\n<p data-start=\"5965\" data-end=\"6389\">The <strong data-start=\"5968\" data-end=\"6001\">RC+ kutija s deskloroetizolamom od 5 mg<\/strong> isklju\u010divo je namijenjen za <strong data-start=\"6030\" data-end=\"6054\">istra\u017eiva\u010dke svrhe<\/strong>Istra\u017eiva\u010di bi trebali rukovati proizvodom s <strong data-start=\"6104\" data-end=\"6131\">za\u0161titna oprema<\/strong> (rukavice, za\u0161titne nao\u010dale, laboratorijski ogrta\u010d) i izmjerite s <strong data-start=\"6197\" data-end=\"6227\">kalibrirani instrumenti<\/strong>Spremi u <strong data-start=\"6243\" data-end=\"6277\">hladnom, suhom i tamnom mjestu<\/strong>, po mogu\u0107nosti ispod <strong data-start=\"6298\" data-end=\"6306\">25\u00b0C<\/strong>Kako biste osigurali stabilnost, izbjegavajte izlaganje sun\u010devoj svjetlosti, vlazi ili zraku.<\/p>\n<hr data-start=\"6391\" data-end=\"6394\" \/>\n<h3 data-start=\"6396\" data-end=\"6425\"><strong data-start=\"6400\" data-end=\"6425\">Sigurnosne informacije<\/strong><\/h3>\n<ul data-start=\"6426\" data-end=\"6625\">\n<li data-start=\"6426\" data-end=\"6466\">\n<p data-start=\"6428\" data-end=\"6466\">Samo za <strong data-start=\"6440\" data-end=\"6463\">laboratorijska upotreba<\/strong>.<\/p>\n<\/li>\n<li data-start=\"6467\" data-end=\"6507\">\n<p data-start=\"6469\" data-end=\"6507\"><strong data-start=\"6469\" data-end=\"6504\">Nije za ljudsku konzumaciju<\/strong>.<\/p>\n<\/li>\n<li data-start=\"6508\" data-end=\"6567\">\n<p data-start=\"6510\" data-end=\"6567\">Rukujte prema <strong data-start=\"6529\" data-end=\"6564\">lokalni sigurnosni propisi<\/strong>.<\/p>\n<\/li>\n<li data-start=\"6568\" data-end=\"6625\">\n<p data-start=\"6570\" data-end=\"6625\">Izvan dohvata <strong data-start=\"6588\" data-end=\"6615\">djeca i neovla\u0161tene osobe<\/strong> zadr\u017eati.<\/p>\n<\/li>\n<\/ul>\n<hr data-start=\"6627\" data-end=\"6630\" \/>\n<h3 data-start=\"6632\" data-end=\"6665\"><strong data-start=\"6636\" data-end=\"6665\">\u010cesto postavljana pitanja (FAQ)<\/strong><\/h3>\n<p data-start=\"6667\" data-end=\"6871\"><strong data-start=\"6667\" data-end=\"6728\">1. Za \u0161to se koristi RC+ kutija deskloroetizolama od 5 mg?<\/strong><br data-start=\"6728\" data-end=\"6731\" \/>Koristi se za <strong data-start=\"6755\" data-end=\"6793\">istra\u017eiva\u010dke i analiti\u010dke aplikacije<\/strong>, posebno u prou\u010davanju aktivnosti GABA-A receptora i bihevioralne farmakologije.<\/p>\n<p data-start=\"6873\" data-end=\"7060\"><strong data-start=\"6873\" data-end=\"6927\">2. Je li ovaj proizvod prikladan za ljudsku upotrebu?<\/strong><br data-start=\"6927\" data-end=\"6930\" \/>Ne. Ovaj proizvod je <strong data-start=\"6950\" data-end=\"7000\">namijenjeno samo za laboratorijska istra\u017eivanja<\/strong> i <strong data-start=\"7004\" data-end=\"7059\">nije odobreno za upotrebu kod ljudi ili \u017eivotinja<\/strong>.<\/p>\n<p data-start=\"7062\" data-end=\"7233\"><strong data-start=\"7062\" data-end=\"7105\">3. Kako treba skladi\u0161titi proizvod?<\/strong><br data-start=\"7105\" data-end=\"7108\" \/>U\u0161tedite na <strong data-start=\"7122\" data-end=\"7156\">hladnom, suhom i tamnom mjestu<\/strong>, za\u0161ti\u0107eno od sun\u010deve svjetlosti i vlage, kako bi se odr\u017eala kemijska stabilnost.<\/p>\n<hr data-start=\"7235\" data-end=\"7238\" \/>\n<h3 data-start=\"7240\" data-end=\"7257\"><strong data-start=\"7244\" data-end=\"7257\">Zaklju\u010dak<\/strong><\/h3>\n<p data-start=\"7258\" data-end=\"7591\">The <strong data-start=\"7261\" data-end=\"7294\">RC+ kutija s deskloroetizolamom od 5 mg<\/strong> je <strong data-start=\"7302\" data-end=\"7341\">pouzdan izbor za istra\u017eiva\u010de<\/strong> Za one koji tra\u017ee konzistentan i provjeren tienodiazepinski spoj. Njegova dokazana \u010disto\u0107a, precizna formulacija i profesionalno pakiranje \u010dine ovaj proizvod idealnim za <strong data-start=\"7530\" data-end=\"7590\">neurofarmakolo\u0161ka i bihevioralna istra\u017eivanja<\/strong>.<\/p>","protected":false},"excerpt":{"rendered":"<p>Uvod RC+ DeschloroEtizolam 5 mg kutija je istra\u017eiva\u010dki spoj visoke \u010disto\u0107e iz obitelji tienodiazepina, strukturno sli\u010dan Etizolamu, ali bez<\/p>","protected":false},"featured_media":20766,"comment_status":"closed","ping_status":"closed","template":"","meta":[],"product_brand":[82],"product_cat":[555],"product_tag":[166,168,169,170,167,326],"class_list":{"0":"post-24188","1":"product","2":"type-product","3":"status-publish","4":"has-post-thumbnail","6":"product_brand-research-chemical","7":"product_cat-b2b","8":"product_tag-deschloroetizolam","9":"product_tag-deschloroetizolam-ervaring","10":"product_tag-deschloroetizolam-ervaringen","11":"product_tag-deschloroetizolam-half-life","12":"product_tag-deschloroetizolam-werking","13":"product_tag-nl","15":"first","16":"instock","17":"taxable","18":"shipping-taxable","19":"purchasable","20":"product-type-variable"},"_links":{"self":[{"href":"https:\/\/onderzoekschemicals.com\/hr\/wp-json\/wp\/v2\/product\/24188","targetHints":{"allow":["GET"]}}],"collection":[{"href":"https:\/\/onderzoekschemicals.com\/hr\/wp-json\/wp\/v2\/product"}],"about":[{"href":"https:\/\/onderzoekschemicals.com\/hr\/wp-json\/wp\/v2\/types\/product"}],"replies":[{"embeddable":true,"href":"https:\/\/onderzoekschemicals.com\/hr\/wp-json\/wp\/v2\/comments?post=24188"}],"version-history":[{"count":4,"href":"https:\/\/onderzoekschemicals.com\/hr\/wp-json\/wp\/v2\/product\/24188\/revisions"}],"predecessor-version":[{"id":27842,"href":"https:\/\/onderzoekschemicals.com\/hr\/wp-json\/wp\/v2\/product\/24188\/revisions\/27842"}],"wp:featuredmedia":[{"embeddable":true,"href":"https:\/\/onderzoekschemicals.com\/hr\/wp-json\/wp\/v2\/media\/20766"}],"wp:attachment":[{"href":"https:\/\/onderzoekschemicals.com\/hr\/wp-json\/wp\/v2\/media?parent=24188"}],"wp:term":[{"taxonomy":"product_brand","embeddable":true,"href":"https:\/\/onderzoekschemicals.com\/hr\/wp-json\/wp\/v2\/product_brand?post=24188"},{"taxonomy":"product_cat","embeddable":true,"href":"https:\/\/onderzoekschemicals.com\/hr\/wp-json\/wp\/v2\/product_cat?post=24188"},{"taxonomy":"product_tag","embeddable":true,"href":"https:\/\/onderzoekschemicals.com\/hr\/wp-json\/wp\/v2\/product_tag?post=24188"}],"curies":[{"name":"radni list","href":"https:\/\/api.w.org\/{rel}","templated":true}]}}