{"id":24186,"date":"2025-04-13T17:41:13","date_gmt":"2025-04-13T17:41:13","guid":{"rendered":"https:\/\/onderzoekschemicals.com\/?post_type=product&#038;p=24186"},"modified":"2025-10-12T20:34:11","modified_gmt":"2025-10-12T20:34:11","slug":"rc-bromonordiazepam-25mg-box","status":"publish","type":"product","link":"https:\/\/onderzoekschemicals.com\/hr\/shop\/b2b\/rc-bromonordiazepam-25mg-box\/","title":{"rendered":"RC+ Bromonordiazepam 2,5 mg kutija"},"content":{"rendered":"<h2 data-start=\"3763\" data-end=\"3789\"><strong data-start=\"3766\" data-end=\"3789\">Opis proizvoda<\/strong><\/h2>\n<p data-start=\"3791\" data-end=\"4114\"><strong data-start=\"3791\" data-end=\"3825\">RC+ Bromonordiazepam 2,5 mg kutija<\/strong> sadr\u017ei <strong data-start=\"3832\" data-end=\"3864\">bromonordiazepam visoke \u010disto\u0107e<\/strong>, Jedan <strong data-start=\"3870\" data-end=\"3897\">derivat benzodiazepina<\/strong> koji se koristi za <strong data-start=\"3922\" data-end=\"3975\">forenzi\u010dka, analiti\u010dka i toksikolo\u0161ka istra\u017eivanja<\/strong>.<br data-start=\"3976\" data-end=\"3979\" \/>To je dio <strong data-start=\"4005\" data-end=\"4028\">RC+ istra\u017eiva\u010dka serija<\/strong>, poznat po <strong data-start=\"4040\" data-end=\"4111\">visoka kvaliteta, ponovljivi rezultati i proizvodnja u skladu s EU standardima<\/strong>.<\/p>\n<p data-start=\"4116\" data-end=\"4277\">Svaka kutija sadr\u017ei <strong data-start=\"4131\" data-end=\"4173\">2,5 mg peleta istra\u017eiva\u010dke \u010disto\u0107e<\/strong>, proizvedeno u kontroliranim laboratorijskim uvjetima u skladu s europskim sigurnosnim smjernicama.<\/p>\n<p data-start=\"4279\" data-end=\"4415\">\u26a0\ufe0f <strong data-start=\"4282\" data-end=\"4293\">Napomena:<\/strong> Ovaj proizvod je <strong data-start=\"4309\" data-end=\"4358\">namijenjeno samo u istra\u017eiva\u010dke svrhe<\/strong> i <strong data-start=\"4362\" data-end=\"4414\">nije prikladno za ljudsku ili \u017eivotinjsku upotrebu<\/strong>.<\/p>\n<hr data-start=\"4417\" data-end=\"4420\" \/>\n<h2 data-start=\"4422\" data-end=\"4452\"><strong data-start=\"4425\" data-end=\"4452\">Klju\u010dne zna\u010dajke<\/strong><\/h2>\n<ul data-start=\"4454\" data-end=\"4837\">\n<li data-start=\"4454\" data-end=\"4527\">\n<p data-start=\"4456\" data-end=\"4527\"><strong data-start=\"4456\" data-end=\"4476\">Visoka \u010disto\u0107a:<\/strong> Pogodno za napredna laboratorijska istra\u017eivanja.<\/p>\n<\/li>\n<li data-start=\"4528\" data-end=\"4610\">\n<p data-start=\"4530\" data-end=\"4610\"><strong data-start=\"4530\" data-end=\"4562\">Standardizirana doza:<\/strong> 2,5 mg po peleti za dosljedne rezultate.<\/p>\n<\/li>\n<li data-start=\"4611\" data-end=\"4684\">\n<p data-start=\"4613\" data-end=\"4684\"><strong data-start=\"4613\" data-end=\"4638\">Stabilna formulacija:<\/strong> Otporno na degradaciju uz pravilno skladi\u0161tenje.<\/p>\n<\/li>\n<li data-start=\"4685\" data-end=\"4756\">\n<p data-start=\"4687\" data-end=\"4756\"><strong data-start=\"4687\" data-end=\"4710\">Sigurno pakiranje:<\/strong> Hermeti\u010dki zatvoreno i za\u0161ti\u0107eno od kontaminacije.<\/p>\n<\/li>\n<li data-start=\"4757\" data-end=\"4837\">\n<p data-start=\"4759\" data-end=\"4837\"><strong data-start=\"4759\" data-end=\"4786\">U skladu s propisima EU:<\/strong> Proizvedeno u skladu s europskim sigurnosnim standardima.<\/p>\n<\/li>\n<\/ul>\n<hr data-start=\"4839\" data-end=\"4842\" \/>\n<h2 data-start=\"4844\" data-end=\"4878\"><strong data-start=\"4847\" data-end=\"4878\">Koristi za istra\u017eiva\u010de<\/strong><\/h2>\n<ul data-start=\"4880\" data-end=\"5096\">\n<li data-start=\"4880\" data-end=\"4937\">\n<p data-start=\"4882\" data-end=\"4937\">Prikladno za <strong data-start=\"4896\" data-end=\"4934\">analiti\u010dka i forenzi\u010dka istra\u017eivanja<\/strong>.<\/p>\n<\/li>\n<li data-start=\"4938\" data-end=\"4986\">\n<p data-start=\"4940\" data-end=\"4986\">Podr\u0161ka <strong data-start=\"4952\" data-end=\"4983\">LC-MS, GC-MS i NMR analiza<\/strong>.<\/p>\n<\/li>\n<li data-start=\"4987\" data-end=\"5039\">\n<p data-start=\"4989\" data-end=\"5039\">Ponude <strong data-start=\"4995\" data-end=\"5036\">visokokvalitetni referentni uzorci<\/strong>.<\/p>\n<\/li>\n<li data-start=\"5040\" data-end=\"5096\">\n<p data-start=\"5042\" data-end=\"5096\">Pru\u017ea <strong data-start=\"5053\" data-end=\"5093\">reproducibilni rezultati istra\u017eivanja<\/strong>.<\/p>\n<\/li>\n<\/ul>\n<hr data-start=\"5098\" data-end=\"5101\" \/>\n<h2 data-start=\"5103\" data-end=\"5137\"><strong data-start=\"5106\" data-end=\"5137\">Upotreba (Istra\u017eiva\u010dki kontekst)<\/strong><\/h2>\n<ol data-start=\"5139\" data-end=\"5356\">\n<li data-start=\"5139\" data-end=\"5184\">\n<p data-start=\"5142\" data-end=\"5184\">Koristiti samo u akreditiranim laboratorijima.<\/p>\n<\/li>\n<li data-start=\"5185\" data-end=\"5245\">\n<p data-start=\"5188\" data-end=\"5245\">Nosite rukavice, za\u0161titne nao\u010dale i laboratorijski ogrta\u010d.<\/p>\n<\/li>\n<li data-start=\"5246\" data-end=\"5293\">\n<p data-start=\"5249\" data-end=\"5293\">\u010cuvati na hladnom, suhom i tamnom mjestu (ispod 25\u00b0C).<\/p>\n<\/li>\n<li data-start=\"5294\" data-end=\"5356\">\n<p data-start=\"5297\" data-end=\"5356\">Ostatke zbrinite u skladu s lokalnim sigurnosnim propisima.<\/p>\n<\/li>\n<\/ol>\n<blockquote data-start=\"5358\" data-end=\"5458\">\n<p data-start=\"5360\" data-end=\"5458\"><strong data-start=\"5360\" data-end=\"5371\">Napomena:<\/strong> <em data-start=\"5372\" data-end=\"5404\">RC+ Bromonordiazepam 2,5 mg kutija<\/em> je <strong data-start=\"5408\" data-end=\"5457\">namijenjeno samo u istra\u017eiva\u010dke svrhe<\/strong>.<\/p>\n<\/blockquote>\n<hr data-start=\"5460\" data-end=\"5463\" \/>\n<h2 data-start=\"5465\" data-end=\"5499\"><strong data-start=\"5468\" data-end=\"5499\">\u010cesto postavljana pitanja (FAQs)<\/strong><\/h2>\n<p data-start=\"5501\" data-end=\"5667\"><strong data-start=\"5501\" data-end=\"5553\">1. Za \u0161to se koristi RC+ Bromonordiazepam?<\/strong><br data-start=\"5553\" data-end=\"5556\" \/>RC+ Bromonordiazepam se koristi za <strong data-start=\"5597\" data-end=\"5635\">analiti\u010dka i forenzi\u010dka istra\u017eivanja<\/strong> na analoge benzodiazepina.<\/p>\n<p data-start=\"5669\" data-end=\"5773\"><strong data-start=\"5669\" data-end=\"5698\">2. Koliko sadr\u017ei jedna kutija?<\/strong><br data-start=\"5698\" data-end=\"5701\" \/>Svaka kutija sadr\u017ei <strong data-start=\"5716\" data-end=\"5733\">Pelete od 2,5 mg<\/strong> sa standardiziranim sastavom.<\/p>\n<p data-start=\"5775\" data-end=\"5916\"><strong data-start=\"5775\" data-end=\"5832\">3. Mogu li kupiti RC+ Bromonordiazepam kao privatna osoba?<\/strong><br data-start=\"5832\" data-end=\"5835\" \/>Ne, ovaj proizvod je dostupan samo za <strong data-start=\"5879\" data-end=\"5913\">priznate istra\u017eiva\u010dke institucije<\/strong>.<\/p>\n<p><a href=\"https:\/\/onderzoekschemicals.com\/hr\/shop\/lysergamides\/1cp-lsd-150-mcg\/\"><span dir=\"auto\" style=\"vertical-align: inherit;\"><span dir=\"auto\" style=\"vertical-align: inherit;\">1cP-LSD 150 MCG Art Blotters <\/span><\/span><\/a><a href=\"https:\/\/onderzoekschemicals.com\/hr\/shop\/pellets\/o-dsmt-50mg-pellets\/\"><span dir=\"auto\" style=\"vertical-align: inherit;\"><span dir=\"auto\" style=\"vertical-align: inherit;\">O-DSMT pelete od 50 mg <\/span><\/span><\/a><a href=\"https:\/\/onderzoekschemicals.com\/hr\/shop\/lysergamides\/1v-lsd-150-mcg-blotters\/\"><span dir=\"auto\" style=\"vertical-align: inherit;\"><span dir=\"auto\" style=\"vertical-align: inherit;\">1V-LSD 150 MCG upijaju\u0107ih papira <\/span><\/span><\/a><a href=\"https:\/\/onderzoekschemicals.com\/hr\/shop\/bijna-verboden\/6-cl-adba\/\"><span dir=\"auto\" style=\"vertical-align: inherit;\"><span dir=\"auto\" style=\"vertical-align: inherit;\">6-CL-ADBA <\/span><\/span><\/a><a href=\"https:\/\/onderzoekschemicals.com\/hr\/shop\/cathinonen\/2-cmc-kopen\/\"><span dir=\"auto\" style=\"vertical-align: inherit;\"><span dir=\"auto\" style=\"vertical-align: inherit;\">2-CMC pelete od 250 mg<\/span><\/span><\/a><\/p>","protected":false},"excerpt":{"rendered":"<p>Opis proizvoda RC+ Bromonordiazepam 2,5 mg Kutija sadr\u017ei visoko\u010disti bromonordiazepam, derivat benzodiazepina koji se koristi za forenzi\u010dka, analiti\u010dka i toksikolo\u0161ka istra\u017eivanja.<\/p>","protected":false},"featured_media":21253,"comment_status":"closed","ping_status":"closed","template":"","meta":[],"product_brand":[],"product_cat":[555],"product_tag":[185,326],"class_list":{"0":"post-24186","1":"product","2":"type-product","3":"status-publish","4":"has-post-thumbnail","6":"product_cat-b2b","7":"product_tag-bromonordiazepam","8":"product_tag-nl","10":"first","11":"instock","12":"taxable","13":"shipping-taxable","14":"purchasable","15":"product-type-variable"},"_links":{"self":[{"href":"https:\/\/onderzoekschemicals.com\/hr\/wp-json\/wp\/v2\/product\/24186","targetHints":{"allow":["GET"]}}],"collection":[{"href":"https:\/\/onderzoekschemicals.com\/hr\/wp-json\/wp\/v2\/product"}],"about":[{"href":"https:\/\/onderzoekschemicals.com\/hr\/wp-json\/wp\/v2\/types\/product"}],"replies":[{"embeddable":true,"href":"https:\/\/onderzoekschemicals.com\/hr\/wp-json\/wp\/v2\/comments?post=24186"}],"version-history":[{"count":4,"href":"https:\/\/onderzoekschemicals.com\/hr\/wp-json\/wp\/v2\/product\/24186\/revisions"}],"predecessor-version":[{"id":27840,"href":"https:\/\/onderzoekschemicals.com\/hr\/wp-json\/wp\/v2\/product\/24186\/revisions\/27840"}],"wp:featuredmedia":[{"embeddable":true,"href":"https:\/\/onderzoekschemicals.com\/hr\/wp-json\/wp\/v2\/media\/21253"}],"wp:attachment":[{"href":"https:\/\/onderzoekschemicals.com\/hr\/wp-json\/wp\/v2\/media?parent=24186"}],"wp:term":[{"taxonomy":"product_brand","embeddable":true,"href":"https:\/\/onderzoekschemicals.com\/hr\/wp-json\/wp\/v2\/product_brand?post=24186"},{"taxonomy":"product_cat","embeddable":true,"href":"https:\/\/onderzoekschemicals.com\/hr\/wp-json\/wp\/v2\/product_cat?post=24186"},{"taxonomy":"product_tag","embeddable":true,"href":"https:\/\/onderzoekschemicals.com\/hr\/wp-json\/wp\/v2\/product_tag?post=24186"}],"curies":[{"name":"radni list","href":"https:\/\/api.w.org\/{rel}","templated":true}]}}