{"id":24175,"date":"2025-04-13T17:41:13","date_gmt":"2025-04-13T17:41:13","guid":{"rendered":"https:\/\/onderzoekschemicals.com\/?post_type=product&#038;p=24175"},"modified":"2025-10-12T20:08:27","modified_gmt":"2025-10-12T20:08:27","slug":"norflurazepam-werking","status":"publish","type":"product","link":"https:\/\/onderzoekschemicals.com\/hr\/shop\/b2b\/norflurazepam-werking\/","title":{"rendered":"RC+ Norflurazepam 5 mg kutija"},"content":{"rendered":"<h2 data-start=\"3808\" data-end=\"3834\"><strong data-start=\"3811\" data-end=\"3834\">Opis proizvoda<\/strong><\/h2>\n<p data-start=\"3836\" data-end=\"4137\"><strong data-start=\"3836\" data-end=\"3865\">RC+ Norflurazepam 5 mg kutija<\/strong> sadr\u017ei <strong data-start=\"3872\" data-end=\"3901\">Norflurazepam visoke \u010disto\u0107e<\/strong>, Jedan <strong data-start=\"3907\" data-end=\"3936\">benzodiazepinski spoj<\/strong> koji se koristi u <strong data-start=\"3960\" data-end=\"4013\">forenzi\u010dka, toksikolo\u0161ka i analiti\u010dka istra\u017eivanja<\/strong>U\u010dinci norflurazepama<br data-start=\"4014\" data-end=\"4017\" \/>Svaka kutija sadr\u017ei <strong data-start=\"4032\" data-end=\"4047\">pelete od 5 mg<\/strong>, pa\u017eljivo izra\u0111en za <strong data-start=\"4077\" data-end=\"4134\">to\u010dni i ponovljivi laboratorijski rezultati<\/strong>.<\/p>\n<p data-start=\"4139\" data-end=\"4296\">Kao dio <strong data-start=\"4160\" data-end=\"4183\">RC+ istra\u017eiva\u010dka serija<\/strong> Ovaj proizvod se proizvodi pod strogom kontrolom kvalitete kako bi se <strong data-start=\"4251\" data-end=\"4281\">\u010disto\u0107a i konzistentnost<\/strong> jam\u010diti.<\/p>\n<p data-start=\"4298\" data-end=\"4434\">\u26a0\ufe0f <strong data-start=\"4301\" data-end=\"4312\">Napomena:<\/strong> Ovaj proizvod je <strong data-start=\"4328\" data-end=\"4377\">namijenjeno samo u istra\u017eiva\u010dke svrhe<\/strong> i <strong data-start=\"4381\" data-end=\"4433\">nije prikladno za ljudsku ili \u017eivotinjsku upotrebu<\/strong>.<\/p>\n<hr data-start=\"4436\" data-end=\"4439\" \/>\n<h2 data-start=\"4441\" data-end=\"4471\"><strong data-start=\"4444\" data-end=\"4471\">Klju\u010dne zna\u010dajke<\/strong><\/h2>\n<ul data-start=\"4473\" data-end=\"4866\">\n<li data-start=\"4473\" data-end=\"4557\">\n<p data-start=\"4475\" data-end=\"4557\"><strong data-start=\"4475\" data-end=\"4495\">Visoka \u010disto\u0107a:<\/strong> Laboratorijska kvaliteta, pogodno za napredna istra\u017eivanja.<\/p>\n<\/li>\n<li data-start=\"4558\" data-end=\"4636\">\n<p data-start=\"4560\" data-end=\"4636\"><strong data-start=\"4560\" data-end=\"4592\">Standardizirana doza:<\/strong> 5 mg po peleti za to\u010dnu analizu.<\/p>\n<\/li>\n<li data-start=\"4637\" data-end=\"4708\">\n<p data-start=\"4639\" data-end=\"4708\"><strong data-start=\"4639\" data-end=\"4660\">Kemijski stabilan:<\/strong> Otporno na degradaciju uz pravilno skladi\u0161tenje.<\/p>\n<\/li>\n<li data-start=\"4709\" data-end=\"4780\">\n<p data-start=\"4711\" data-end=\"4780\"><strong data-start=\"4711\" data-end=\"4734\">Sigurno pakiranje:<\/strong> Hermeti\u010dki zatvoreno i za\u0161ti\u0107eno od kontaminacije.<\/p>\n<\/li>\n<li data-start=\"4781\" data-end=\"4866\">\n<p data-start=\"4783\" data-end=\"4866\"><strong data-start=\"4783\" data-end=\"4810\">U skladu s propisima EU:<\/strong> Proizvedeno u skladu s europskim sigurnosnim smjernicama.<\/p>\n<\/li>\n<\/ul>\n<hr data-start=\"4868\" data-end=\"4871\" \/>\n<h2 data-start=\"4873\" data-end=\"4907\"><strong data-start=\"4876\" data-end=\"4907\">Koristi za istra\u017eiva\u010de<\/strong><\/h2>\n<ul data-start=\"4909\" data-end=\"5174\">\n<li data-start=\"4909\" data-end=\"4969\">\n<p data-start=\"4911\" data-end=\"4969\">Prikladno za <strong data-start=\"4925\" data-end=\"4966\">forenzi\u010dka i toksikolo\u0161ka istra\u017eivanja<\/strong>.<\/p>\n<\/li>\n<li data-start=\"4970\" data-end=\"5018\">\n<p data-start=\"4972\" data-end=\"5018\">Podr\u0161ka <strong data-start=\"4984\" data-end=\"5015\">LC-MS, GC-MS i NMR analiza<\/strong>.<\/p>\n<\/li>\n<li data-start=\"5019\" data-end=\"5101\">\n<p data-start=\"5021\" data-end=\"5101\">Poma\u017ee kod <strong data-start=\"5031\" data-end=\"5078\">strukturne i kvantitativne usporedbe<\/strong> od benzodiazepina.<\/p>\n<\/li>\n<li data-start=\"5102\" data-end=\"5174\">\n<p data-start=\"5104\" data-end=\"5174\">Ponude <strong data-start=\"5110\" data-end=\"5144\">pouzdani referentni uzorci<\/strong> za laboratorijsko testiranje. U\u010dinci norflurazepama<\/p>\n<\/li>\n<\/ul>\n<hr data-start=\"5176\" data-end=\"5179\" \/>\n<h2 data-start=\"5181\" data-end=\"5215\"><strong data-start=\"5184\" data-end=\"5215\">Upotreba (Istra\u017eiva\u010dki kontekst)<\/strong><\/h2>\n<ol data-start=\"5217\" data-end=\"5425\">\n<li data-start=\"5217\" data-end=\"5262\">\n<p data-start=\"5220\" data-end=\"5262\">Koristiti samo u akreditiranim laboratorijima.<\/p>\n<\/li>\n<li data-start=\"5263\" data-end=\"5314\">\n<p data-start=\"5266\" data-end=\"5314\">Nosite rukavice, za\u0161titne nao\u010dale i laboratorijski ogrta\u010d.<\/p>\n<\/li>\n<li data-start=\"5315\" data-end=\"5362\">\n<p data-start=\"5318\" data-end=\"5362\">\u010cuvati na hladnom, suhom i tamnom mjestu (ispod 25\u00b0C).<\/p>\n<\/li>\n<li data-start=\"5363\" data-end=\"5425\">\n<p data-start=\"5366\" data-end=\"5425\">Ostatke zbrinite u skladu s lokalnim sigurnosnim propisima.<\/p>\n<\/li>\n<\/ol>\n<blockquote data-start=\"5427\" data-end=\"5522\">\n<p data-start=\"5429\" data-end=\"5522\"><strong data-start=\"5429\" data-end=\"5440\">Napomena:<\/strong> <em data-start=\"5441\" data-end=\"5468\">RC+ Norflurazepam 5 mg kutija<\/em> je <strong data-start=\"5472\" data-end=\"5521\">namijenjeno samo u istra\u017eiva\u010dke svrhe<\/strong>.<\/p>\n<\/blockquote>\n<hr data-start=\"5524\" data-end=\"5527\" \/>\n<h2 data-start=\"5529\" data-end=\"5563\"><strong data-start=\"5532\" data-end=\"5563\">\u010cesto postavljana pitanja (FAQs)<\/strong><\/h2>\n<p data-start=\"5565\" data-end=\"5709\"><strong data-start=\"5565\" data-end=\"5614\">1. Za \u0161to se koristi RC+ Norflurazepam?<\/strong><br data-start=\"5614\" data-end=\"5617\" \/>Koristi se za <strong data-start=\"5641\" data-end=\"5679\">analiti\u010dka i forenzi\u010dka istra\u017eivanja<\/strong> na analoge benzodiazepina.<\/p>\n<p data-start=\"5711\" data-end=\"5815\"><strong data-start=\"5711\" data-end=\"5740\">2. Koliko sadr\u017ei jedna kutija?<\/strong><br data-start=\"5740\" data-end=\"5743\" \/>Svaka kutija sadr\u017ei <strong data-start=\"5758\" data-end=\"5773\">pelete od 5 mg<\/strong> sa standardiziranim sastavom.<\/p>\n<p data-start=\"5817\" data-end=\"5953\"><strong data-start=\"5817\" data-end=\"5871\">3. Mogu li kupiti RC+ Norflurazepam kao privatna osoba?<\/strong><br data-start=\"5871\" data-end=\"5874\" \/>Ne, ovaj proizvod je dostupan samo za <strong data-start=\"5918\" data-end=\"5952\">priznate istra\u017eiva\u010dke institucije<\/strong>.<\/p>","protected":false},"excerpt":{"rendered":"<p>Opis proizvoda RC+ Norflurazepam 5 mg kutija sadr\u017ei norflurazepam visoke \u010disto\u0107e, benzodiazepinski spoj koji se koristi u forenzi\u010dkim, toksikolo\u0161kim i analiti\u010dkim istra\u017eivanjima. Norflurazepam<\/p>","protected":false},"featured_media":20939,"comment_status":"closed","ping_status":"closed","template":"","meta":[],"product_brand":[82],"product_cat":[555],"product_tag":[326,132,137,135,134,136,133],"class_list":{"0":"post-24175","1":"product","2":"type-product","3":"status-publish","4":"has-post-thumbnail","6":"product_brand-research-chemical","7":"product_cat-b2b","8":"product_tag-nl","9":"product_tag-norflurazepam","10":"product_tag-norflurazepam-dosering","11":"product_tag-norflurazepam-ervaring","12":"product_tag-norflurazepam-ervaringen","13":"product_tag-norflurazepam-psychonaut","14":"product_tag-norflurazepam-werking","16":"first","17":"instock","18":"taxable","19":"shipping-taxable","20":"purchasable","21":"product-type-variable"},"_links":{"self":[{"href":"https:\/\/onderzoekschemicals.com\/hr\/wp-json\/wp\/v2\/product\/24175","targetHints":{"allow":["GET"]}}],"collection":[{"href":"https:\/\/onderzoekschemicals.com\/hr\/wp-json\/wp\/v2\/product"}],"about":[{"href":"https:\/\/onderzoekschemicals.com\/hr\/wp-json\/wp\/v2\/types\/product"}],"replies":[{"embeddable":true,"href":"https:\/\/onderzoekschemicals.com\/hr\/wp-json\/wp\/v2\/comments?post=24175"}],"version-history":[{"count":4,"href":"https:\/\/onderzoekschemicals.com\/hr\/wp-json\/wp\/v2\/product\/24175\/revisions"}],"predecessor-version":[{"id":27834,"href":"https:\/\/onderzoekschemicals.com\/hr\/wp-json\/wp\/v2\/product\/24175\/revisions\/27834"}],"wp:featuredmedia":[{"embeddable":true,"href":"https:\/\/onderzoekschemicals.com\/hr\/wp-json\/wp\/v2\/media\/20939"}],"wp:attachment":[{"href":"https:\/\/onderzoekschemicals.com\/hr\/wp-json\/wp\/v2\/media?parent=24175"}],"wp:term":[{"taxonomy":"product_brand","embeddable":true,"href":"https:\/\/onderzoekschemicals.com\/hr\/wp-json\/wp\/v2\/product_brand?post=24175"},{"taxonomy":"product_cat","embeddable":true,"href":"https:\/\/onderzoekschemicals.com\/hr\/wp-json\/wp\/v2\/product_cat?post=24175"},{"taxonomy":"product_tag","embeddable":true,"href":"https:\/\/onderzoekschemicals.com\/hr\/wp-json\/wp\/v2\/product_tag?post=24175"}],"curies":[{"name":"radni list","href":"https:\/\/api.w.org\/{rel}","templated":true}]}}