{"id":24154,"date":"2025-04-13T17:41:09","date_gmt":"2025-04-13T17:41:09","guid":{"rendered":"https:\/\/onderzoekschemicals.com\/?post_type=product&#038;p=24154"},"modified":"2025-10-12T20:57:52","modified_gmt":"2025-10-12T20:57:52","slug":"green-mandala","status":"publish","type":"product","link":"https:\/\/onderzoekschemicals.com\/hr\/shop\/b2b\/green-mandala\/","title":{"rendered":"Zelena mandala"},"content":{"rendered":"<h3 data-start=\"4598\" data-end=\"4617\"><strong data-start=\"4602\" data-end=\"4617\">Uvod<\/strong><\/h3>\n<p data-start=\"4618\" data-end=\"4961\">The <strong data-start=\"4621\" data-end=\"4638\">Zelena mandala<\/strong> simbolizira <strong data-start=\"4652\" data-end=\"4687\">obnova, iscjeljenje i ravnote\u017ea<\/strong>, i dovodi tijelo, um i du\u0161u u harmoniju kroz umiruju\u0107u mo\u0107 zelene. Mandale, koje potje\u010du iz davnih vremena <strong data-start=\"4802\" data-end=\"4848\">Hinduisti\u010dke i budisti\u010dke tradicije<\/strong>, stolje\u0107ima se koriste kao duhovni alati za centriranje energije i vra\u0107anje ravnote\u017ee. Kupite 4 fma<\/p>\n<p data-start=\"4963\" data-end=\"5283\">Zelena, boja prirode i \u017eivota, predstavlja <strong data-start=\"5018\" data-end=\"5060\">rast, suosje\u0107anje i emocionalni oporavak<\/strong>U kombinaciji sa svetom geometrijom mandale, ovo tvori sna\u017ean simbol <strong data-start=\"5151\" data-end=\"5198\">unutarnji mir, obnova i svjesnost<\/strong>The <strong data-start=\"5203\" data-end=\"5220\">Zelena mandala<\/strong> pretvara svaku sobu u <strong data-start=\"5250\" data-end=\"5282\">oaza mira i spokoja<\/strong>.<\/p>\n<hr data-start=\"5285\" data-end=\"5288\" \/>\n<h3 data-start=\"5290\" data-end=\"5321\"><strong data-start=\"5294\" data-end=\"5321\">Klju\u010dne zna\u010dajke<\/strong><\/h3>\n<ul data-start=\"5322\" data-end=\"5849\">\n<li data-start=\"5322\" data-end=\"5424\">\n<p data-start=\"5324\" data-end=\"5424\"><strong data-start=\"5324\" data-end=\"5351\">Umiruju\u0107a zelena paleta:<\/strong> Stvoreno s bogatim zelenim tonovima koji poti\u010du smirenost, ravnote\u017eu i iscjeljenje.<\/p>\n<\/li>\n<li data-start=\"5425\" data-end=\"5551\">\n<p data-start=\"5427\" data-end=\"5551\"><strong data-start=\"5427\" data-end=\"5450\">Simboli\u010dki dizajn:<\/strong> Predstavlja <strong data-start=\"5471\" data-end=\"5495\">Sr\u010dana \u010dakra (Anahata)<\/strong> \u2013 sredi\u0161te ljubavi, suosje\u0107anja i povezanosti.<\/p>\n<\/li>\n<li data-start=\"5552\" data-end=\"5658\">\n<p data-start=\"5554\" data-end=\"5658\"><strong data-start=\"5554\" data-end=\"5573\">Visoka kvaliteta:<\/strong> Dostupno kao <strong data-start=\"5591\" data-end=\"5623\">platno, poster ili tapiserija<\/strong> sa \u017eivim, dugotrajnim bojama.<\/p>\n<\/li>\n<li data-start=\"5659\" data-end=\"5761\">\n<p data-start=\"5661\" data-end=\"5761\"><strong data-start=\"5661\" data-end=\"5685\">Zamr\u0161ena geometrija:<\/strong> Temeljeno na tradicionalnoj umjetnosti mandale, simbolu jedinstva i sklada.<\/p>\n<\/li>\n<li data-start=\"5762\" data-end=\"5849\">\n<p data-start=\"5764\" data-end=\"5849\"><strong data-start=\"5764\" data-end=\"5786\">Svestran dizajn:<\/strong> Savr\u0161eno se uklapa u oba <strong data-start=\"5809\" data-end=\"5846\">moderni i duhovni interijeri<\/strong>.<\/p>\n<\/li>\n<\/ul>\n<hr data-start=\"5851\" data-end=\"5854\" \/>\n<h3 data-start=\"5856\" data-end=\"5873\"><strong data-start=\"5860\" data-end=\"5873\">Prednosti<\/strong><\/h3>\n<ul data-start=\"5874\" data-end=\"6332\">\n<li data-start=\"5874\" data-end=\"5993\">\n<p data-start=\"5876\" data-end=\"5993\"><strong data-start=\"5876\" data-end=\"5909\">Poti\u010de iscjeljenje i ravnote\u017eu:<\/strong> Zelena poma\u017ee <strong data-start=\"5922\" data-end=\"5960\">vratiti emocionalnu ravnote\u017eu<\/strong> i stvoriti unutarnji mir.<\/p>\n<\/li>\n<li data-start=\"5994\" data-end=\"6073\">\n<p data-start=\"5996\" data-end=\"6073\"><strong data-start=\"5996\" data-end=\"6026\">Podr\u017eava sr\u010danu \u010dakru:<\/strong> Oja\u010dano <strong data-start=\"6037\" data-end=\"6070\">ljubav, empatija i suosje\u0107anje<\/strong>.<\/p>\n<\/li>\n<li data-start=\"6074\" data-end=\"6153\">\n<p data-start=\"6076\" data-end=\"6153\"><strong data-start=\"6076\" data-end=\"6103\">Poti\u010de svjesnost:<\/strong> Idealno za <strong data-start=\"6116\" data-end=\"6150\">joga, meditacija ili opu\u0161tanje<\/strong>.<\/p>\n<\/li>\n<li data-start=\"6154\" data-end=\"6243\">\n<p data-start=\"6156\" data-end=\"6243\"><strong data-start=\"6156\" data-end=\"6178\">Smanjuje stres:<\/strong> Prirodne boje izazivaju osje\u0107aj mira i spokoja.<\/p>\n<\/li>\n<li data-start=\"6244\" data-end=\"6332\">\n<p data-start=\"6246\" data-end=\"6332\"><strong data-start=\"6246\" data-end=\"6270\">Pobolj\u0161ana unutra\u0161njost:<\/strong> Daje svakoj sobi <strong data-start=\"6293\" data-end=\"6329\">smiren i elegantan izgled<\/strong>.<\/p>\n<\/li>\n<\/ul>\n<hr data-start=\"6334\" data-end=\"6337\" \/>\n<h3 data-start=\"6339\" data-end=\"6354\"><strong data-start=\"6343\" data-end=\"6354\">Upotreba<\/strong><\/h3>\n<ol data-start=\"6355\" data-end=\"6774\">\n<li data-start=\"6355\" data-end=\"6461\">\n<p data-start=\"6358\" data-end=\"6461\"><strong data-start=\"6358\" data-end=\"6380\">Kao zidna dekoracija:<\/strong> Objesite <strong data-start=\"6389\" data-end=\"6406\">Zelena mandala<\/strong> u spava\u0107im sobama, studijima za jogu ili prostorima za opu\u0161tanje.<\/p>\n<\/li>\n<li data-start=\"6462\" data-end=\"6581\">\n<p data-start=\"6465\" data-end=\"6581\"><strong data-start=\"6465\" data-end=\"6484\">Za meditaciju:<\/strong> Usmjerite pogled na sredi\u0161te mandale i duboko di\u0161ite dok vizualizirate zelenu energiju.<\/p>\n<\/li>\n<li data-start=\"6582\" data-end=\"6679\">\n<p data-start=\"6585\" data-end=\"6679\"><strong data-start=\"6585\" data-end=\"6602\">Tijekom joge:<\/strong> Koristite mandalu kao to\u010dku fokusa za pobolj\u0161anje koncentracije i uzemljenja.<\/p>\n<\/li>\n<li data-start=\"6680\" data-end=\"6774\">\n<p data-start=\"6683\" data-end=\"6774\"><strong data-start=\"6683\" data-end=\"6698\">Kao poklon:<\/strong> Zna\u010dajan dar koji <strong data-start=\"6729\" data-end=\"6758\">ljubav, rast i harmonija<\/strong> simbolizira. Kupite 4 fma<\/p>\n<\/li>\n<\/ol>\n<hr data-start=\"6776\" data-end=\"6779\" \/>\n<h3 data-start=\"6781\" data-end=\"6814\"><strong data-start=\"6785\" data-end=\"6814\">\u010cesto postavljana pitanja (FAQ)<\/strong><\/h3>\n<p data-start=\"6816\" data-end=\"6992\"><strong data-start=\"6816\" data-end=\"6857\">1. \u0160to simbolizira Zelena mandala?<\/strong><br data-start=\"6857\" data-end=\"6860\" \/>The <strong data-start=\"6863\" data-end=\"6880\">Zelena mandala<\/strong> stoji za <strong data-start=\"6892\" data-end=\"6930\">iscjeljenje, suosje\u0107anje, rast i ravnote\u017ea<\/strong>, i poma\u017ee poja\u010dati energiju prirode i srca.<\/p>\n<p data-start=\"6994\" data-end=\"7166\"><strong data-start=\"6994\" data-end=\"7053\">2. Mo\u017ee li se Zelena mandala koristiti za meditaciju?<\/strong><br data-start=\"7053\" data-end=\"7056\" \/>Da, to je mo\u0107an alat za <strong data-start=\"7096\" data-end=\"7128\">svjesnost i ravnote\u017ea \u010dakri<\/strong>, uglavnom usmjeren na <strong data-start=\"7151\" data-end=\"7165\">Sr\u010dana \u010dakra<\/strong>.<\/p>\n<p data-start=\"7168\" data-end=\"7355\"><strong data-start=\"7168\" data-end=\"7228\">3. Je li Zelena mandala prikladna za ure\u0111enje interijera?<\/strong><br data-start=\"7228\" data-end=\"7231\" \/>Definitivno. Mirni zeleni tonovi i simetri\u010dni oblici \u010dine ga idealnim za <strong data-start=\"7310\" data-end=\"7354\">domovi, studiji za jogu i wellness centri<\/strong>.<\/p>\n<hr data-start=\"7357\" data-end=\"7360\" \/>\n<h3 data-start=\"7362\" data-end=\"7379\"><strong data-start=\"7366\" data-end=\"7379\">Zaklju\u010dak<\/strong><\/h3>\n<p data-start=\"7380\" data-end=\"7678\">The <strong data-start=\"7383\" data-end=\"7400\">Zelena mandala<\/strong> je vi\u0161e od umjetni\u010dkog djela \u2013 to je <strong data-start=\"7440\" data-end=\"7489\">simbol mira, ljubavi i duhovnog rasta<\/strong>Svojim prirodnim zelenim tonovima i svetom geometrijom ona donosi <strong data-start=\"7555\" data-end=\"7581\">mir, ravnote\u017ea i iscjeljenje<\/strong> u bilo kojoj sobi. Savr\u0161eno za svakoga tko <strong data-start=\"7624\" data-end=\"7651\">harmonija i svjesnost<\/strong> \u017eeli unijeti u svoj \u017eivot.<\/p>\n<p><a href=\"https:\/\/onderzoekschemicals.com\/hr\/shop\/lysergamides\/1cp-lsd-150-mcg\/\"><span dir=\"auto\" style=\"vertical-align: inherit;\"><span dir=\"auto\" style=\"vertical-align: inherit;\">1cP-LSD 150 MCG Art Blotters <\/span><\/span><\/a><a href=\"https:\/\/onderzoekschemicals.com\/hr\/shop\/pellets\/o-dsmt-50mg-pellets\/\"><span dir=\"auto\" style=\"vertical-align: inherit;\"><span dir=\"auto\" style=\"vertical-align: inherit;\">O-DSMT pelete od 50 mg <\/span><\/span><\/a><a href=\"https:\/\/onderzoekschemicals.com\/hr\/shop\/lysergamides\/1v-lsd-150-mcg-blotters\/\"><span dir=\"auto\" style=\"vertical-align: inherit;\"><span dir=\"auto\" style=\"vertical-align: inherit;\">1V-LSD 150 MCG upijaju\u0107ih papira <\/span><\/span><\/a><a href=\"https:\/\/onderzoekschemicals.com\/hr\/shop\/cathinonen\/2-cmc-kopen\/\"><span dir=\"auto\" style=\"vertical-align: inherit;\"><span dir=\"auto\" style=\"vertical-align: inherit;\">2-CMC pelete od 250 mg <\/span><\/span><\/a><a href=\"https:\/\/onderzoekschemicals.com\/hr\/shop\/fenethylamine\/2c-ef-2mg-capsules\/\"><span dir=\"auto\" style=\"vertical-align: inherit;\"><span dir=\"auto\" style=\"vertical-align: inherit;\">2C-EF 2 mg kapsule<\/span><\/span><\/a><\/p>","protected":false},"excerpt":{"rendered":"<p>Introductie De Green Mandala symboliseert vernieuwing, genezing en balans, en brengt lichaam, geest en ziel in harmonie door de rustgevende<\/p>","protected":false},"featured_media":20763,"comment_status":"closed","ping_status":"closed","template":"","meta":[],"product_brand":[],"product_cat":[555],"product_tag":[629,644,326],"class_list":{"0":"post-24154","1":"product","2":"type-product","3":"status-publish","4":"has-post-thumbnail","6":"product_cat-b2b","7":"product_tag-4-fma-kopen","8":"product_tag-4-fma","9":"product_tag-nl","11":"first","12":"instock","13":"taxable","14":"shipping-taxable","15":"purchasable","16":"product-type-variable"},"_links":{"self":[{"href":"https:\/\/onderzoekschemicals.com\/hr\/wp-json\/wp\/v2\/product\/24154","targetHints":{"allow":["GET"]}}],"collection":[{"href":"https:\/\/onderzoekschemicals.com\/hr\/wp-json\/wp\/v2\/product"}],"about":[{"href":"https:\/\/onderzoekschemicals.com\/hr\/wp-json\/wp\/v2\/types\/product"}],"replies":[{"embeddable":true,"href":"https:\/\/onderzoekschemicals.com\/hr\/wp-json\/wp\/v2\/comments?post=24154"}],"version-history":[{"count":4,"href":"https:\/\/onderzoekschemicals.com\/hr\/wp-json\/wp\/v2\/product\/24154\/revisions"}],"predecessor-version":[{"id":27848,"href":"https:\/\/onderzoekschemicals.com\/hr\/wp-json\/wp\/v2\/product\/24154\/revisions\/27848"}],"wp:featuredmedia":[{"embeddable":true,"href":"https:\/\/onderzoekschemicals.com\/hr\/wp-json\/wp\/v2\/media\/20763"}],"wp:attachment":[{"href":"https:\/\/onderzoekschemicals.com\/hr\/wp-json\/wp\/v2\/media?parent=24154"}],"wp:term":[{"taxonomy":"product_brand","embeddable":true,"href":"https:\/\/onderzoekschemicals.com\/hr\/wp-json\/wp\/v2\/product_brand?post=24154"},{"taxonomy":"product_cat","embeddable":true,"href":"https:\/\/onderzoekschemicals.com\/hr\/wp-json\/wp\/v2\/product_cat?post=24154"},{"taxonomy":"product_tag","embeddable":true,"href":"https:\/\/onderzoekschemicals.com\/hr\/wp-json\/wp\/v2\/product_tag?post=24154"}],"curies":[{"name":"radni list","href":"https:\/\/api.w.org\/{rel}","templated":true}]}}