{"id":24151,"date":"2025-04-13T17:41:09","date_gmt":"2025-04-13T17:41:09","guid":{"rendered":"https:\/\/onderzoekschemicals.com\/?post_type=product&#038;p=24151"},"modified":"2025-10-12T20:55:59","modified_gmt":"2025-10-12T20:55:59","slug":"blue-mandala","status":"publish","type":"product","link":"https:\/\/onderzoekschemicals.com\/hr\/shop\/b2b\/blue-mandala\/","title":{"rendered":"Plava mandala"},"content":{"rendered":"<h3 data-start=\"4391\" data-end=\"4410\"><strong data-start=\"4395\" data-end=\"4410\">Uvod<\/strong><\/h3>\n<p data-start=\"4411\" data-end=\"4810\">The <strong data-start=\"4414\" data-end=\"4430\">Plava mandala<\/strong> je prekrasan simbol <strong data-start=\"4459\" data-end=\"4499\">mir, ravnote\u017ea i duhovni sklad<\/strong>Mandale, koje potje\u010du iz drevnih budisti\u010dkih i hinduisti\u010dkih tradicija, predstavljaju svemir i jedinstvo \u017eivota. Umiruju\u0107e plave nijanse ove mandale odra\u017eavaju <strong data-start=\"4698\" data-end=\"4746\">dubina oceana i mir neba<\/strong>, \u0161to poti\u010de opu\u0161tanje, svjesnost i emocionalni oporavak. Kupite 4 fma<\/p>\n<p data-start=\"4812\" data-end=\"4972\">Bilo da ga koristite kao zidnu dekoraciju, fokus za meditaciju ili u sobi za jogu, <strong data-start=\"4892\" data-end=\"4908\">Plava mandala<\/strong> pretvara bilo koje okru\u017eenje u <strong data-start=\"4940\" data-end=\"4971\">oaza mira i jasno\u0107e<\/strong>.<\/p>\n<hr data-start=\"4974\" data-end=\"4977\" \/>\n<h3 data-start=\"4979\" data-end=\"5010\"><strong data-start=\"4983\" data-end=\"5010\">Klju\u010dne zna\u010dajke<\/strong><\/h3>\n<ul data-start=\"5011\" data-end=\"5579\">\n<li data-start=\"5011\" data-end=\"5120\">\n<p data-start=\"5013\" data-end=\"5120\"><strong data-start=\"5013\" data-end=\"5033\">Elegantni dizajn:<\/strong> Fino detaljni geometrijski uzorci koji zra\u010de vizualnom ravnote\u017eom i harmonijom.<\/p>\n<\/li>\n<li data-start=\"5121\" data-end=\"5221\">\n<p data-start=\"5123\" data-end=\"5221\"><strong data-start=\"5123\" data-end=\"5149\">Umiruju\u0107a plava paleta:<\/strong> Razli\u010dite nijanse plave stvaraju umiruju\u0107u, meditativnu atmosferu.<\/p>\n<\/li>\n<li data-start=\"5222\" data-end=\"5330\">\n<p data-start=\"5224\" data-end=\"5330\"><strong data-start=\"5224\" data-end=\"5243\">Visoka kvaliteta:<\/strong> Dostupno na <strong data-start=\"5260\" data-end=\"5292\">platno, tapiserija ili poster<\/strong>, sa \u017eivim i dugotrajnim bojama.<\/p>\n<\/li>\n<li data-start=\"5331\" data-end=\"5469\">\n<p data-start=\"5333\" data-end=\"5469\"><strong data-start=\"5333\" data-end=\"5359\">Simboli\u010dno zna\u010denje:<\/strong> Predstavlja <strong data-start=\"5377\" data-end=\"5425\">mir, istina, jasno\u0107a i samoizra\u017eavanje<\/strong>, povezan s grlenom \u010dakrom (Vishuddha).<\/p>\n<\/li>\n<li data-start=\"5470\" data-end=\"5579\">\n<p data-start=\"5472\" data-end=\"5579\"><strong data-start=\"5472\" data-end=\"5495\">Svestrana upotreba:<\/strong> Savr\u0161eno za <strong data-start=\"5509\" data-end=\"5576\">ure\u0111enje doma, studiji za jogu, kutci za meditaciju ili sobe za terapiju<\/strong>. 4 kupnja FMA<\/p>\n<\/li>\n<\/ul>\n<hr data-start=\"5581\" data-end=\"5584\" \/>\n<h3 data-start=\"5586\" data-end=\"5603\"><strong data-start=\"5590\" data-end=\"5603\">Prednosti<\/strong><\/h3>\n<ul data-start=\"5604\" data-end=\"6131\">\n<li data-start=\"5604\" data-end=\"5702\">\n<p data-start=\"5606\" data-end=\"5702\"><strong data-start=\"5606\" data-end=\"5632\">Poti\u010de opu\u0161tanje:<\/strong> Meki plavi tonovi poma\u017eu <strong data-start=\"5662\" data-end=\"5699\">za smanjenje stresa i napetosti<\/strong>.<\/p>\n<\/li>\n<li data-start=\"5703\" data-end=\"5809\">\n<p data-start=\"5705\" data-end=\"5809\"><strong data-start=\"5705\" data-end=\"5745\">Pove\u0107ava koncentraciju i jasno\u0107u:<\/strong> Idealno za meditaciju ili mindfulness za smirivanje uma.<\/p>\n<\/li>\n<li data-start=\"5810\" data-end=\"5913\">\n<p data-start=\"5812\" data-end=\"5913\"><strong data-start=\"5812\" data-end=\"5840\">Poti\u010de kreativnost:<\/strong> Simetri\u010dni dizajn poti\u010de <strong data-start=\"5878\" data-end=\"5910\">mentalna ravnote\u017ea i inspiracija<\/strong>.<\/p>\n<\/li>\n<li data-start=\"5914\" data-end=\"6006\">\n<p data-start=\"5916\" data-end=\"6006\"><strong data-start=\"5916\" data-end=\"5940\">Uljep\u0161ava interijer:<\/strong> Daje svakoj sobi <strong data-start=\"5963\" data-end=\"6003\">duhovni i umjetni\u010dki izgled<\/strong>.<\/p>\n<\/li>\n<li data-start=\"6007\" data-end=\"6131\">\n<p data-start=\"6009\" data-end=\"6131\"><strong data-start=\"6009\" data-end=\"6046\">Podr\u017eava emocionalnu ravnote\u017eu:<\/strong> Povezano s <strong data-start=\"6064\" data-end=\"6100\">smirenost, istina i komunikacija<\/strong>, \u0161to donosi unutarnji mir.<\/p>\n<\/li>\n<\/ul>\n<hr data-start=\"6133\" data-end=\"6136\" \/>\n<h3 data-start=\"6138\" data-end=\"6153\"><strong data-start=\"6142\" data-end=\"6153\">Upotreba<\/strong><\/h3>\n<ol data-start=\"6154\" data-end=\"6601\">\n<li data-start=\"6154\" data-end=\"6270\">\n<p data-start=\"6157\" data-end=\"6270\"><strong data-start=\"6157\" data-end=\"6179\">Kao zidna dekoracija:<\/strong> Objesite Plavu Mandalu u dnevnoj sobi, spava\u0107oj sobi ili kutku za meditaciju za spokojnu atmosferu.<\/p>\n<\/li>\n<li data-start=\"6271\" data-end=\"6373\">\n<p data-start=\"6274\" data-end=\"6373\"><strong data-start=\"6274\" data-end=\"6293\">Za meditaciju:<\/strong> Usmjerite pogled na sredi\u0161te mandale i duboko di\u0161ite kako biste se smirili.<\/p>\n<\/li>\n<li data-start=\"6374\" data-end=\"6482\">\n<p data-start=\"6377\" data-end=\"6482\"><strong data-start=\"6377\" data-end=\"6394\">Tijekom joge:<\/strong> Koristite mandalu kao vizualnu to\u010dku fokusa za pobolj\u0161anje koncentracije i disanja.<\/p>\n<\/li>\n<li data-start=\"6483\" data-end=\"6601\">\n<p data-start=\"6486\" data-end=\"6601\"><strong data-start=\"6486\" data-end=\"6501\">Kao poklon:<\/strong> Zna\u010dajan poklon za svakoga ko tra\u017ei <strong data-start=\"6562\" data-end=\"6598\">duhovna ravnote\u017ea i opu\u0161tanje<\/strong>.<\/p>\n<\/li>\n<\/ol>\n<hr data-start=\"6603\" data-end=\"6606\" \/>\n<h3 data-start=\"6608\" data-end=\"6641\"><strong data-start=\"6612\" data-end=\"6641\">\u010cesto postavljana pitanja (FAQ)<\/strong><\/h3>\n<p data-start=\"6643\" data-end=\"6808\"><strong data-start=\"6643\" data-end=\"6683\">1. \u0160to simbolizira Plava Mandala?<\/strong><br data-start=\"6683\" data-end=\"6686\" \/>Plava mandala simbolizira <strong data-start=\"6715\" data-end=\"6757\">mir, harmonija i unutarnja istina<\/strong>, i podr\u017eava meditaciju i emocionalnu ravnote\u017eu.<\/p>\n<p data-start=\"6810\" data-end=\"6994\"><strong data-start=\"6810\" data-end=\"6876\">2. Mo\u017ee li se Plava Mandala koristiti kao ukras za interijer?<\/strong><br data-start=\"6876\" data-end=\"6879\" \/>Da, umiruju\u0107e nijanse plave su idealne za <strong data-start=\"6925\" data-end=\"6961\">smiruju\u0107a energija i ljepota<\/strong> dodati bilo kojem interijeru.<\/p>\n<p data-start=\"6996\" data-end=\"7173\"><strong data-start=\"6996\" data-end=\"7055\">3. U kojim je materijalima dostupna Plava Mandala?<\/strong><br data-start=\"7055\" data-end=\"7058\" \/>Mandala je dostupna na <strong data-start=\"7088\" data-end=\"7123\">platna, posteri ili tapiserije<\/strong>, ovisno o \u017eeljenom stilu i primjeni.<\/p>\n<hr data-start=\"7175\" data-end=\"7178\" \/>\n<h3 data-start=\"7180\" data-end=\"7197\"><strong data-start=\"7184\" data-end=\"7197\">Zaklju\u010dak<\/strong><\/h3>\n<p data-start=\"7198\" data-end=\"7529\">The <strong data-start=\"7201\" data-end=\"7217\">Plava mandala<\/strong> je vi\u0161e od samo dekorativnog umjetni\u010dkog djela \u2013 to je <strong data-start=\"7274\" data-end=\"7325\">simbol mira, mudrosti i unutarnje ravnote\u017ee<\/strong>Svojim skladnim oblikom i umiruju\u0107om shemom boja donosi <strong data-start=\"7391\" data-end=\"7427\">mir, inspiracija i svjesnost<\/strong> u bilo kojoj prostoriji. Savr\u0161eno za one koji tra\u017ee <strong data-start=\"7477\" data-end=\"7528\">duhovni spokoj i estetska ljepota<\/strong>.<\/p>\n<p><a href=\"https:\/\/onderzoekschemicals.com\/hr\/shop\/lysergamides\/1cp-lsd-150-mcg\/\"><span dir=\"auto\" style=\"vertical-align: inherit;\"><span dir=\"auto\" style=\"vertical-align: inherit;\">1cP-LSD 150 MCG Art Blotters <\/span><\/span><\/a><a href=\"https:\/\/onderzoekschemicals.com\/hr\/shop\/pellets\/o-dsmt-50mg-pellets\/\"><span dir=\"auto\" style=\"vertical-align: inherit;\"><span dir=\"auto\" style=\"vertical-align: inherit;\">O-DSMT pelete od 50 mg <\/span><\/span><\/a><a href=\"https:\/\/onderzoekschemicals.com\/hr\/shop\/lysergamides\/1v-lsd-150-mcg-blotters\/\"><span dir=\"auto\" style=\"vertical-align: inherit;\"><span dir=\"auto\" style=\"vertical-align: inherit;\">1V-LSD 150 MCG upijaju\u0107ih papira <\/span><\/span><\/a><a href=\"https:\/\/onderzoekschemicals.com\/hr\/shop\/cathinonen\/2-cmc-kopen\/\"><span dir=\"auto\" style=\"vertical-align: inherit;\"><span dir=\"auto\" style=\"vertical-align: inherit;\">2-CMC pelete od 250 mg <\/span><\/span><\/a><a href=\"https:\/\/onderzoekschemicals.com\/hr\/shop\/fenethylamine\/2c-ef-2mg-capsules\/\"><span dir=\"auto\" style=\"vertical-align: inherit;\"><span dir=\"auto\" style=\"vertical-align: inherit;\">2C-EF 2 mg kapsule<\/span><\/span><\/a><\/p>","protected":false},"excerpt":{"rendered":"<p>Introductie De Blue Mandala is een prachtig symbool van vrede, balans en spirituele harmonie. Mandala\u2019s, afkomstig uit oude boeddhistische en<\/p>","protected":false},"featured_media":20682,"comment_status":"closed","ping_status":"closed","template":"","meta":[],"product_brand":[],"product_cat":[555],"product_tag":[629,644,326],"class_list":{"0":"post-24151","1":"product","2":"type-product","3":"status-publish","4":"has-post-thumbnail","6":"product_cat-b2b","7":"product_tag-4-fma-kopen","8":"product_tag-4-fma","9":"product_tag-nl","11":"first","12":"instock","13":"taxable","14":"shipping-taxable","15":"purchasable","16":"product-type-variable"},"_links":{"self":[{"href":"https:\/\/onderzoekschemicals.com\/hr\/wp-json\/wp\/v2\/product\/24151","targetHints":{"allow":["GET"]}}],"collection":[{"href":"https:\/\/onderzoekschemicals.com\/hr\/wp-json\/wp\/v2\/product"}],"about":[{"href":"https:\/\/onderzoekschemicals.com\/hr\/wp-json\/wp\/v2\/types\/product"}],"replies":[{"embeddable":true,"href":"https:\/\/onderzoekschemicals.com\/hr\/wp-json\/wp\/v2\/comments?post=24151"}],"version-history":[{"count":4,"href":"https:\/\/onderzoekschemicals.com\/hr\/wp-json\/wp\/v2\/product\/24151\/revisions"}],"predecessor-version":[{"id":27847,"href":"https:\/\/onderzoekschemicals.com\/hr\/wp-json\/wp\/v2\/product\/24151\/revisions\/27847"}],"wp:featuredmedia":[{"embeddable":true,"href":"https:\/\/onderzoekschemicals.com\/hr\/wp-json\/wp\/v2\/media\/20682"}],"wp:attachment":[{"href":"https:\/\/onderzoekschemicals.com\/hr\/wp-json\/wp\/v2\/media?parent=24151"}],"wp:term":[{"taxonomy":"product_brand","embeddable":true,"href":"https:\/\/onderzoekschemicals.com\/hr\/wp-json\/wp\/v2\/product_brand?post=24151"},{"taxonomy":"product_cat","embeddable":true,"href":"https:\/\/onderzoekschemicals.com\/hr\/wp-json\/wp\/v2\/product_cat?post=24151"},{"taxonomy":"product_tag","embeddable":true,"href":"https:\/\/onderzoekschemicals.com\/hr\/wp-json\/wp\/v2\/product_tag?post=24151"}],"curies":[{"name":"radni list","href":"https:\/\/api.w.org\/{rel}","templated":true}]}}