{"id":24144,"date":"2025-04-13T17:41:08","date_gmt":"2025-04-13T17:41:08","guid":{"rendered":"https:\/\/onderzoekschemicals.com\/?post_type=product&#038;p=24144"},"modified":"2025-10-12T21:09:18","modified_gmt":"2025-10-12T21:09:18","slug":"chem-mist-noopept-spray","status":"publish","type":"product","link":"https:\/\/onderzoekschemicals.com\/hr\/shop\/b2b\/chem-mist-noopept-spray\/","title":{"rendered":"Chem-mist NOOPEPT sprej"},"content":{"rendered":"<h3 data-start=\"4655\" data-end=\"4674\"><strong data-start=\"4659\" data-end=\"4674\">Uvod<\/strong><\/h3>\n<p data-start=\"4675\" data-end=\"5006\">The <strong data-start=\"4678\" data-end=\"4705\">Chem-mist NOOPEPT sprej<\/strong> ponude <strong data-start=\"4712\" data-end=\"4779\">NOOPEPT visoke \u010disto\u0107e (N-fenilacetil-L-prolilglicin etil ester)<\/strong> u <strong data-start=\"4787\" data-end=\"4821\">precizno formuliran sprej<\/strong>, razvijen u istra\u017eiva\u010dke svrhe. NOOPEPT je <strong data-start=\"4876\" data-end=\"4899\">nootropni spoj<\/strong> koji se \u010desto prou\u010dava zbog mogu\u0107ih u\u010dinaka na <strong data-start=\"4959\" data-end=\"5003\">pam\u0107enje, sposobnost u\u010denja i neuroprotekcija<\/strong>Chem-mist Noopept sprej<\/p>\n<p data-start=\"5008\" data-end=\"5235\">Ovaj sprej je razvio Chem-mist za <strong data-start=\"5053\" data-end=\"5078\">laboratorijska istra\u017eivanja<\/strong> i jamstva <strong data-start=\"5093\" data-end=\"5133\">konstantno doziranje, visoka stabilnost<\/strong> i <strong data-start=\"5137\" data-end=\"5164\">prakti\u010dna jednostavnost kori\u0161tenja<\/strong>, idealno za prou\u010davanje <strong data-start=\"5191\" data-end=\"5234\">neuroplasti\u010dnost i kognitivna funkcija<\/strong>.<\/p>\n<hr data-start=\"5237\" data-end=\"5240\" \/>\n<h3 data-start=\"5242\" data-end=\"5273\"><strong data-start=\"5246\" data-end=\"5273\">Klju\u010dne zna\u010dajke<\/strong><\/h3>\n<ul data-start=\"5274\" data-end=\"5811\">\n<li data-start=\"5274\" data-end=\"5362\">\n<p data-start=\"5276\" data-end=\"5362\"><strong data-start=\"5276\" data-end=\"5299\">NOOPEPT visoke \u010disto\u0107e:<\/strong> Svaki sprej sadr\u017ei <strong data-start=\"5317\" data-end=\"5333\">10 mg NOOPEPT-a<\/strong> u stabilnoj otopini.<\/p>\n<\/li>\n<li data-start=\"5363\" data-end=\"5492\">\n<p data-start=\"5365\" data-end=\"5492\"><strong data-start=\"5365\" data-end=\"5383\">Brzo snimanje:<\/strong> Optimizirano za <strong data-start=\"5405\" data-end=\"5471\">u\u010dinkovita isporuka i pouzdana bioraspolo\u017eivost<\/strong> tijekom istra\u017eivanja.<\/p>\n<\/li>\n<li data-start=\"5493\" data-end=\"5588\">\n<p data-start=\"5495\" data-end=\"5588\"><strong data-start=\"5495\" data-end=\"5520\">To\u010dno doziranje:<\/strong> Sprej pru\u017ea <strong data-start=\"5541\" data-end=\"5585\">provjerljivi i ponovljivi rezultati<\/strong>.<\/p>\n<\/li>\n<li data-start=\"5589\" data-end=\"5711\">\n<p data-start=\"5591\" data-end=\"5711\"><strong data-start=\"5591\" data-end=\"5622\">Kvaliteta razine istra\u017eivanja:<\/strong> Proizvedeno pod <strong data-start=\"5642\" data-end=\"5680\">strogi laboratorijski uvjeti<\/strong> kako bi se osigurala \u010disto\u0107a.<\/p>\n<\/li>\n<li data-start=\"5712\" data-end=\"5811\">\n<p data-start=\"5714\" data-end=\"5811\"><strong data-start=\"5714\" data-end=\"5736\">Kompaktan i prakti\u010dan:<\/strong> Bo\u010dica s raspr\u0161iva\u010dem od 10 ml, savr\u0161ena za preciznu upotrebu u istra\u017eiva\u010dkim okru\u017eenjima. Chem-mist NOOPEPT sprej<\/p>\n<\/li>\n<\/ul>\n<hr data-start=\"5813\" data-end=\"5816\" \/>\n<h3 data-start=\"5818\" data-end=\"5835\"><strong data-start=\"5822\" data-end=\"5835\">Prednosti<\/strong><\/h3>\n<ul data-start=\"5836\" data-end=\"6403\">\n<li data-start=\"5836\" data-end=\"5972\">\n<p data-start=\"5838\" data-end=\"5972\"><strong data-start=\"5838\" data-end=\"5874\">Podr\u017eava kognitivna istra\u017eivanja:<\/strong> Prou\u010dava se zbog njegovog utjecaja na <strong data-start=\"5913\" data-end=\"5969\">pam\u0107enje, neuroprotekcija i sinapti\u010dka plasti\u010dnost<\/strong>.<\/p>\n<\/li>\n<li data-start=\"5973\" data-end=\"6080\">\n<p data-start=\"5975\" data-end=\"6080\"><strong data-start=\"5975\" data-end=\"6002\">Pouzdana primjena:<\/strong> Teku\u0107a formula omogu\u0107uje <strong data-start=\"6030\" data-end=\"6068\">precizna i dosljedna administracija<\/strong> mogu\u0107e.<\/p>\n<\/li>\n<li data-start=\"6081\" data-end=\"6209\">\n<p data-start=\"6083\" data-end=\"6209\"><strong data-start=\"6083\" data-end=\"6136\">Pogodno za bihevioralne i neurokemijske studije:<\/strong> Poma\u017ee u istra\u017eivanju <strong data-start=\"6162\" data-end=\"6206\">procesi u\u010denja, pa\u017enja i funkcija mozga<\/strong>.<\/p>\n<\/li>\n<li data-start=\"6210\" data-end=\"6311\">\n<p data-start=\"6212\" data-end=\"6311\"><strong data-start=\"6212\" data-end=\"6236\">U\u010dinkovita dostava:<\/strong> Sprej pru\u017ea <strong data-start=\"6257\" data-end=\"6279\">jednolika raspodjela<\/strong> i minimizira odstupanja.<\/p>\n<\/li>\n<li data-start=\"6312\" data-end=\"6403\">\n<p data-start=\"6314\" data-end=\"6403\"><strong data-start=\"6314\" data-end=\"6341\">Dugoro\u010dna stabilnost:<\/strong> Formula ostaje <strong data-start=\"6357\" data-end=\"6380\">stabilan i u\u010dinkovit<\/strong> kada se pravilno skladi\u0161ti.<\/p>\n<\/li>\n<\/ul>\n<hr data-start=\"6405\" data-end=\"6408\" \/>\n<h3 data-start=\"6410\" data-end=\"6425\"><strong data-start=\"6414\" data-end=\"6425\">Upotreba<\/strong><\/h3>\n<ol data-start=\"6426\" data-end=\"6688\">\n<li data-start=\"6426\" data-end=\"6463\">\n<p data-start=\"6429\" data-end=\"6463\"><strong data-start=\"6429\" data-end=\"6461\">Lagano protresti prije upotrebe.<\/strong><\/p>\n<\/li>\n<li data-start=\"6464\" data-end=\"6536\">\n<p data-start=\"6467\" data-end=\"6536\"><strong data-start=\"6467\" data-end=\"6480\">Jedno prskanje<\/strong> isporu\u010duje dozu od 10 mg NOOPEPT-a (prema uputama).<\/p>\n<\/li>\n<li data-start=\"6537\" data-end=\"6610\">\n<p data-start=\"6540\" data-end=\"6610\"><strong data-start=\"6540\" data-end=\"6571\">Zabilje\u017eite dozu i vrijeme<\/strong> za to\u010dne podatke istra\u017eivanja.<\/p>\n<\/li>\n<li data-start=\"6611\" data-end=\"6688\">\n<p data-start=\"6614\" data-end=\"6688\">U\u0161tedite na <strong data-start=\"6629\" data-end=\"6652\">hladnom, suhom mjestu<\/strong>, za\u0161ti\u0107eno od izravne sun\u010deve svjetlosti.<\/p>\n<\/li>\n<\/ol>\n<blockquote data-start=\"6690\" data-end=\"6796\">\n<p data-start=\"6692\" data-end=\"6796\">\u26a0\ufe0f <strong data-start=\"6695\" data-end=\"6741\">Samo za laboratorijska ispitivanja.<\/strong> Nije prikladno za ljudsku ili \u017eivotinjsku konzumaciju.<\/p>\n<\/blockquote>\n<hr data-start=\"6798\" data-end=\"6801\" \/>\n<h3 data-start=\"6803\" data-end=\"6836\"><strong data-start=\"6807\" data-end=\"6836\">\u010cesto postavljana pitanja (FAQ)<\/strong><\/h3>\n<p data-start=\"6838\" data-end=\"7019\"><strong data-start=\"6838\" data-end=\"6893\">1. Za \u0161to se koristi Chem-mist NOOPEPT sprej?<\/strong><br data-start=\"6893\" data-end=\"6896\" \/>Ovaj sprej se koristi u <strong data-start=\"6925\" data-end=\"6972\">znanstvena i neurokemijska istra\u017eivanja<\/strong> na kognitivne funkcije i neuroplasti\u010dnost.<\/p>\n<p data-start=\"7021\" data-end=\"7162\"><strong data-start=\"7021\" data-end=\"7061\">2. Koliko NOOPEPT-a sadr\u017ei svaki sprej?<\/strong><br data-start=\"7061\" data-end=\"7064\" \/>Svako prskanje proizvodi <strong data-start=\"7092\" data-end=\"7122\">precizna doza od 10 mg<\/strong>, provjereno laboratorijskom analizom.<\/p>\n<p data-start=\"7164\" data-end=\"7304\"><strong data-start=\"7164\" data-end=\"7204\">3. Kako treba \u010duvati sprej?<\/strong><br data-start=\"7204\" data-end=\"7207\" \/>Bo\u010dicu \u010duvajte u <strong data-start=\"7229\" data-end=\"7263\">hladnom, tamnom i suhom mjestu<\/strong> (ispod 25\u00b0C) kako bi se odr\u017eala stabilnost.<\/p>\n<hr data-start=\"7306\" data-end=\"7309\" \/>\n<h3 data-start=\"7311\" data-end=\"7328\"><strong data-start=\"7315\" data-end=\"7328\">Zaklju\u010dak<\/strong><\/h3>\n<p data-start=\"7329\" data-end=\"7632\">The <strong data-start=\"7332\" data-end=\"7359\">Chem-mist NOOPEPT sprej<\/strong> kombajni <strong data-start=\"7371\" data-end=\"7404\">preciznost, \u010disto\u0107a i prakti\u010dnost<\/strong> za napredna istra\u017eivanja kognitivnih performansi i mo\u017edanih funkcija. Zahvaljuju\u0107i <strong data-start=\"7489\" data-end=\"7554\">precizno doziranje, brza apsorpcija i dugotrajna stabilnost<\/strong> Ovaj proizvod je izvrstan izbor za profesionalna istra\u017eiva\u010dka okru\u017eenja.<\/p>","protected":false},"excerpt":{"rendered":"<p>Uvod Chem-mist NOOPEPT sprej nudi visoko\u010disti NOOPEPT (N-fenilacetil-L-prolilglicin etil ester) u precizno formuliranom spreju, razvijenom u istra\u017eiva\u010dke svrhe. NOOPEPT<\/p>","protected":false},"featured_media":21202,"comment_status":"closed","ping_status":"closed","template":"","meta":[],"product_brand":[],"product_cat":[555],"product_tag":[326],"class_list":{"0":"post-24144","1":"product","2":"type-product","3":"status-publish","4":"has-post-thumbnail","6":"product_cat-b2b","7":"product_tag-nl","9":"first","10":"instock","11":"taxable","12":"shipping-taxable","13":"purchasable","14":"product-type-variable"},"_links":{"self":[{"href":"https:\/\/onderzoekschemicals.com\/hr\/wp-json\/wp\/v2\/product\/24144","targetHints":{"allow":["GET"]}}],"collection":[{"href":"https:\/\/onderzoekschemicals.com\/hr\/wp-json\/wp\/v2\/product"}],"about":[{"href":"https:\/\/onderzoekschemicals.com\/hr\/wp-json\/wp\/v2\/types\/product"}],"replies":[{"embeddable":true,"href":"https:\/\/onderzoekschemicals.com\/hr\/wp-json\/wp\/v2\/comments?post=24144"}],"version-history":[{"count":3,"href":"https:\/\/onderzoekschemicals.com\/hr\/wp-json\/wp\/v2\/product\/24144\/revisions"}],"predecessor-version":[{"id":27852,"href":"https:\/\/onderzoekschemicals.com\/hr\/wp-json\/wp\/v2\/product\/24144\/revisions\/27852"}],"wp:featuredmedia":[{"embeddable":true,"href":"https:\/\/onderzoekschemicals.com\/hr\/wp-json\/wp\/v2\/media\/21202"}],"wp:attachment":[{"href":"https:\/\/onderzoekschemicals.com\/hr\/wp-json\/wp\/v2\/media?parent=24144"}],"wp:term":[{"taxonomy":"product_brand","embeddable":true,"href":"https:\/\/onderzoekschemicals.com\/hr\/wp-json\/wp\/v2\/product_brand?post=24144"},{"taxonomy":"product_cat","embeddable":true,"href":"https:\/\/onderzoekschemicals.com\/hr\/wp-json\/wp\/v2\/product_cat?post=24144"},{"taxonomy":"product_tag","embeddable":true,"href":"https:\/\/onderzoekschemicals.com\/hr\/wp-json\/wp\/v2\/product_tag?post=24144"}],"curies":[{"name":"radni list","href":"https:\/\/api.w.org\/{rel}","templated":true}]}}