{"id":24140,"date":"2025-04-13T17:41:08","date_gmt":"2025-04-13T17:41:08","guid":{"rendered":"https:\/\/onderzoekschemicals.com\/?post_type=product&#038;p=24140"},"modified":"2025-10-13T10:29:52","modified_gmt":"2025-10-13T10:29:52","slug":"chem-mist-4f-mph-10-spray","status":"publish","type":"product","link":"https:\/\/onderzoekschemicals.com\/hr\/shop\/b2b\/chem-mist-4f-mph-10-spray\/","title":{"rendered":"Sprej za kemijsku maglu 4F-MPH 10%"},"content":{"rendered":"<h3 data-start=\"688\" data-end=\"712\"><strong data-start=\"692\" data-end=\"712\">Pregled proizvoda<\/strong><\/h3>\n<p data-start=\"713\" data-end=\"1201\">Chem-mist 4F-MPH 10% sprej je <strong data-start=\"747\" data-end=\"793\">precizno formulirano istra\u017eiva\u010dko rje\u0161enje<\/strong> od <strong data-start=\"798\" data-end=\"833\">4-fluorometilfenidat (4F-MPH)<\/strong> u koncentraciji 10%. Dizajnirano za <strong data-start=\"878\" data-end=\"925\">znanstvene i analiti\u010dke svrhe<\/strong>, nudi <strong data-start=\"941\" data-end=\"983\">kontrolirano i dosljedno doziranje<\/strong> putem jednostavnog raspr\u0161iva\u010da \u2013 idealno za laboratorije koji provode farmakolo\u0161ke, receptorske ili apsorpcijske studije. 4f mph<br data-start=\"1106\" data-end=\"1109\" \/><em data-start=\"1109\" data-end=\"1201\">(Samo u istra\u017eiva\u010dke svrhe \u2013 nije namijenjeno za upotrebu kod ljudi ili \u017eivotinja.)<\/em><\/p>\n<hr data-start=\"1203\" data-end=\"1206\" \/>\n<h3 data-start=\"1208\" data-end=\"1239\"><strong data-start=\"1212\" data-end=\"1239\">Klju\u010dne zna\u010dajke<\/strong><\/h3>\n<ul data-start=\"1240\" data-end=\"1675\">\n<li data-start=\"1240\" data-end=\"1319\">\n<p data-start=\"1242\" data-end=\"1319\"><strong data-start=\"1242\" data-end=\"1269\">Koncentracija 10% 4F-MPH<\/strong> za precizne i kontrolirane eksperimente<\/p>\n<\/li>\n<li data-start=\"1320\" data-end=\"1382\">\n<p data-start=\"1322\" data-end=\"1382\"><strong data-start=\"1322\" data-end=\"1350\">Otprilike 14 mg po raspr\u0161ivanju<\/strong> (vi\u0161e od 70 raspr\u0161ivanja po bo\u010dici)<\/p>\n<\/li>\n<li data-start=\"1383\" data-end=\"1456\">\n<p data-start=\"1385\" data-end=\"1456\"><strong data-start=\"1385\" data-end=\"1417\">Aroma paprene metvice \u201eFresh Focus\u201c<\/strong> za udobnu upotrebu u laboratoriju<\/p>\n<\/li>\n<li data-start=\"1457\" data-end=\"1525\">\n<p data-start=\"1459\" data-end=\"1525\"><strong data-start=\"1459\" data-end=\"1486\">Stabilizirana formula<\/strong> s E1520, NaCl i puferskim komponentama<\/p>\n<\/li>\n<li data-start=\"1526\" data-end=\"1591\">\n<p data-start=\"1528\" data-end=\"1591\"><strong data-start=\"1528\" data-end=\"1554\">Visoka \u010disto\u0107a (&gt;98%)<\/strong>, potvr\u0111eno testiranjem dobavlja\u010da<\/p>\n<\/li>\n<li data-start=\"1592\" data-end=\"1675\">\n<p data-start=\"1594\" data-end=\"1675\"><strong data-start=\"1594\" data-end=\"1627\">Samo za istra\u017eiva\u010dku upotrebu<\/strong> \u2013 jasno ozna\u010deno u skladu s propisima<\/p>\n<\/li>\n<\/ul>\n<hr data-start=\"1677\" data-end=\"1680\" \/>\n<h3 data-start=\"1682\" data-end=\"1699\"><strong data-start=\"1686\" data-end=\"1699\">Prednosti<\/strong><\/h3>\n<p data-start=\"1700\" data-end=\"2020\">\u2705 <strong data-start=\"1702\" data-end=\"1723\">Precizno doziranje<\/strong> \u2013 Konzistentna koli\u010dina prskanja za ponovljive rezultate<br data-start=\"1786\" data-end=\"1789\" \/>\u2705 <strong data-start=\"1791\" data-end=\"1819\">Sigurna i \u010dista upotreba<\/strong> \u2013 Nema izlo\u017eenosti prahu ili rizika od kontaminacije<br data-start=\"1868\" data-end=\"1871\" \/>\u2705 <strong data-start=\"1873\" data-end=\"1899\">Pobolj\u0161ana stabilnost<\/strong> \u2013 Dug rok trajanja (do 2 godine) uz pravilno skladi\u0161tenje<br data-start=\"1953\" data-end=\"1956\" \/>\u2705 <strong data-start=\"1958\" data-end=\"1975\">Spremno za upotrebu<\/strong> \u2013 Smanjuje vrijeme pripreme u laboratoriju<\/p>\n<hr data-start=\"2022\" data-end=\"2025\" \/>\n<h3 data-start=\"2027\" data-end=\"2072\"><strong data-start=\"2031\" data-end=\"2072\">Upotreba (samo u istra\u017eiva\u010dke svrhe)<\/strong><\/h3>\n<blockquote data-start=\"2073\" data-end=\"2198\">\n<p data-start=\"2075\" data-end=\"2198\">\u26a0\ufe0f Samo za laboratorijsku upotrebu. Ne udisati niti gutati. Uvijek nosite OZO (osobnu za\u0161titnu opremu).<\/p>\n<\/blockquote>\n<ol data-start=\"2200\" data-end=\"2403\">\n<li data-start=\"2200\" data-end=\"2263\">\n<p data-start=\"2203\" data-end=\"2263\">Lagano protresite i pripremite sprej prije prve upotrebe.<\/p>\n<\/li>\n<li data-start=\"2264\" data-end=\"2331\">\n<p data-start=\"2267\" data-end=\"2331\">Raspr\u0161ite s fiksne udaljenosti prema eksperimentalnom protokolu. 4f mph<\/p>\n<\/li>\n<li data-start=\"2332\" data-end=\"2403\">\n<p data-start=\"2335\" data-end=\"2403\">Dobro zatvorite i \u010duvajte uspravno u <strong data-start=\"2375\" data-end=\"2400\">hladnom, tamnom mjestu<\/strong>.<\/p>\n<\/li>\n<\/ol>\n<hr data-start=\"2405\" data-end=\"2408\" \/>\n<h3 data-start=\"2410\" data-end=\"2443\"><strong data-start=\"2414\" data-end=\"2443\">\u010cesto postavljana pitanja (FAQ)<\/strong><\/h3>\n<p data-start=\"2445\" data-end=\"2533\"><strong data-start=\"2445\" data-end=\"2484\">1. Koliko 4F-MPH sadr\u017ei svaki sprej?<\/strong><br data-start=\"2484\" data-end=\"2487\" \/>Svako prskanje isporu\u010duje otprilike <strong data-start=\"2514\" data-end=\"2523\">14 mg<\/strong> 4F-MPH.<\/p>\n<p data-start=\"2535\" data-end=\"2719\"><strong data-start=\"2535\" data-end=\"2589\">2. Je li ovaj proizvod prikladan za ljudsku upotrebu?<\/strong><br data-start=\"2589\" data-end=\"2592\" \/>Ne \u2013 ovaj proizvod je <strong data-start=\"2613\" data-end=\"2660\">isklju\u010divo za znanstvena istra\u017eivanja<\/strong> i nije namijenjeno za prehranu ljudi ili \u017eivotinja.<\/p>\n<p data-start=\"2721\" data-end=\"2856\"><strong data-start=\"2721\" data-end=\"2764\">3. Kako treba \u010duvati sprej?<\/strong><br data-start=\"2764\" data-end=\"2767\" \/>\u010cuvati dobro zatvoreno, uspravno i za\u0161ti\u0107eno od izravne sun\u010deve svjetlosti, na <strong data-start=\"2830\" data-end=\"2853\">hladnom i suhom mjestu<\/strong>.<\/p>","protected":false},"excerpt":{"rendered":"<p>Pregled proizvoda Chem-mist 4F-MPH 10% sprej je precizno formulirana istra\u017eiva\u010dka otopina koja sadr\u017ei 4-fluorometilfenidat (4F-MPH) u koncentraciji 10%. Dizajniran za znanstvene svrhe<\/p>","protected":false},"featured_media":20679,"comment_status":"closed","ping_status":"closed","template":"","meta":[],"product_brand":[],"product_cat":[555],"product_tag":[571,326],"class_list":{"0":"post-24140","1":"product","2":"type-product","3":"status-publish","4":"has-post-thumbnail","6":"product_cat-b2b","7":"product_tag-4f-mph","8":"product_tag-nl","10":"first","11":"instock","12":"taxable","13":"shipping-taxable","14":"purchasable","15":"product-type-variable"},"_links":{"self":[{"href":"https:\/\/onderzoekschemicals.com\/hr\/wp-json\/wp\/v2\/product\/24140","targetHints":{"allow":["GET"]}}],"collection":[{"href":"https:\/\/onderzoekschemicals.com\/hr\/wp-json\/wp\/v2\/product"}],"about":[{"href":"https:\/\/onderzoekschemicals.com\/hr\/wp-json\/wp\/v2\/types\/product"}],"replies":[{"embeddable":true,"href":"https:\/\/onderzoekschemicals.com\/hr\/wp-json\/wp\/v2\/comments?post=24140"}],"version-history":[{"count":4,"href":"https:\/\/onderzoekschemicals.com\/hr\/wp-json\/wp\/v2\/product\/24140\/revisions"}],"predecessor-version":[{"id":27857,"href":"https:\/\/onderzoekschemicals.com\/hr\/wp-json\/wp\/v2\/product\/24140\/revisions\/27857"}],"wp:featuredmedia":[{"embeddable":true,"href":"https:\/\/onderzoekschemicals.com\/hr\/wp-json\/wp\/v2\/media\/20679"}],"wp:attachment":[{"href":"https:\/\/onderzoekschemicals.com\/hr\/wp-json\/wp\/v2\/media?parent=24140"}],"wp:term":[{"taxonomy":"product_brand","embeddable":true,"href":"https:\/\/onderzoekschemicals.com\/hr\/wp-json\/wp\/v2\/product_brand?post=24140"},{"taxonomy":"product_cat","embeddable":true,"href":"https:\/\/onderzoekschemicals.com\/hr\/wp-json\/wp\/v2\/product_cat?post=24140"},{"taxonomy":"product_tag","embeddable":true,"href":"https:\/\/onderzoekschemicals.com\/hr\/wp-json\/wp\/v2\/product_tag?post=24140"}],"curies":[{"name":"radni list","href":"https:\/\/api.w.org\/{rel}","templated":true}]}}