{"id":24111,"date":"2025-04-13T17:41:04","date_gmt":"2025-04-13T17:41:04","guid":{"rendered":"https:\/\/onderzoekschemicals.com\/?post_type=product&#038;p=24111"},"modified":"2025-10-14T07:59:11","modified_gmt":"2025-10-14T07:59:11","slug":"2-fea-3-fea","status":"publish","type":"product","link":"https:\/\/onderzoekschemicals.com\/hr\/shop\/b2b\/2-fea-3-fea\/","title":{"rendered":"RC+ Newforijski mjehur"},"content":{"rendered":"<h3 data-start=\"5056\" data-end=\"5077\"><strong data-start=\"5060\" data-end=\"5075\">Uvod<\/strong><\/h3>\n<p data-start=\"5078\" data-end=\"5387\">The <strong data-start=\"5081\" data-end=\"5106\">RC+ Newforijski mjehur<\/strong> je visoke kvalitete <strong data-start=\"5127\" data-end=\"5152\">formulacija istra\u017eivanja<\/strong>, posebno razvijen za profesionalna laboratorijska i analiti\u010dka istra\u017eivanja. Svaki blister sadr\u017ei <strong data-start=\"5251\" data-end=\"5288\">10 pojedina\u010dno zatvorenih peleta<\/strong>, dizajniran za <strong data-start=\"5305\" data-end=\"5384\">precizno doziranje, dosljedni rezultati i rukovanje bez kontaminacije<\/strong>2 fea 3 fea<\/p>\n<p data-start=\"5389\" data-end=\"5687\">S kontroliranom kombinacijom <strong data-start=\"5427\" data-end=\"5477\">2-FEA i 3-FEA (izomeri fluoroetamfetamina)<\/strong> Je li ovaj proizvod idealan za <strong data-start=\"5505\" data-end=\"5567\">farmakolo\u0161ka, receptorska i analiti\u010dko-kemijska istra\u017eivanja<\/strong>Blister pakiranje jam\u010di <strong data-start=\"5601\" data-end=\"5651\">stabilnost, sljedivost i sigurno skladi\u0161tenje<\/strong> u laboratorijskim uvjetima.<\/p>\n<p data-start=\"5689\" data-end=\"5804\"><em data-start=\"5689\" data-end=\"5804\">(Ovaj proizvod je namijenjen samo za istra\u017eiva\u010dku upotrebu. Nije prikladan za upotrebu kod ljudi ili \u017eivotinja.)<\/em><\/p>\n<hr data-start=\"5806\" data-end=\"5809\" \/>\n<h3 data-start=\"5811\" data-end=\"5844\"><strong data-start=\"5815\" data-end=\"5842\">Klju\u010dne zna\u010dajke<\/strong><\/h3>\n<ul data-start=\"5845\" data-end=\"6426\">\n<li data-start=\"5845\" data-end=\"5952\">\n<p data-start=\"5847\" data-end=\"5952\"><strong data-start=\"5847\" data-end=\"5873\">Sastav 2\/3-FEA:<\/strong> Sadr\u017ei kontroliranu smjesu 2-FEA i 3-FEA za komparativna istra\u017eivanja.<\/p>\n<\/li>\n<li data-start=\"5953\" data-end=\"6043\">\n<p data-start=\"5955\" data-end=\"6043\"><strong data-start=\"5955\" data-end=\"5982\">Visoka \u010disto\u0107a (\u226598%):<\/strong> Laboratorijska kvaliteta, potvr\u0111ena analizom dobavlja\u010da.<\/p>\n<\/li>\n<li data-start=\"6044\" data-end=\"6149\">\n<p data-start=\"6046\" data-end=\"6149\"><strong data-start=\"6046\" data-end=\"6084\">10 pojedina\u010dno zape\u010da\u0107enih peleta:<\/strong> Svaka kuglica je pojedina\u010dno zamotana radi maksimalne cjelovitosti.<\/p>\n<\/li>\n<li data-start=\"6150\" data-end=\"6238\">\n<p data-start=\"6152\" data-end=\"6238\"><strong data-start=\"6152\" data-end=\"6174\">Blister pakiranje:<\/strong> Jednostavan za rukovanje i \u0161titi od utjecaja okoline.<\/p>\n<\/li>\n<li data-start=\"6239\" data-end=\"6341\">\n<p data-start=\"6241\" data-end=\"6341\"><strong data-start=\"6241\" data-end=\"6273\">Sljedivost serije i lota:<\/strong> Svaki paket sadr\u017ei jedinstveni identifikacijski broj za potrebe dokumentacije.<\/p>\n<\/li>\n<li data-start=\"6342\" data-end=\"6426\">\n<p data-start=\"6344\" data-end=\"6426\"><strong data-start=\"6344\" data-end=\"6375\">Konzistentan oblik i te\u017eina:<\/strong> Osigurava ponovljive rezultate istra\u017eivanja.<\/p>\n<\/li>\n<\/ul>\n<hr data-start=\"6428\" data-end=\"6431\" \/>\n<h3 data-start=\"6433\" data-end=\"6481\"><strong data-start=\"6437\" data-end=\"6479\">Prednosti (za laboratorijska istra\u017eivanja)<\/strong><\/h3>\n<p data-start=\"6482\" data-end=\"6577\">\u2705 <strong data-start=\"6484\" data-end=\"6514\">Preciznost i pouzdanost<\/strong> \u2013 Svaka peleta isporu\u010duje to\u010dnu dozu za dosljedne podatke.<\/p>\n<p data-start=\"6579\" data-end=\"6668\">\u2705 <strong data-start=\"6581\" data-end=\"6606\">Pobolj\u0161ana sigurnost<\/strong> \u2013 Individualno pakiranje sprje\u010dava kontaminaciju i degradaciju.<\/p>\n<p data-start=\"6670\" data-end=\"6764\">\u2705 <strong data-start=\"6672\" data-end=\"6698\">Br\u017ei radni procesi<\/strong> \u2013 Spremno za upotrebu, nije potrebno vaganje ili dodatna priprema.<\/p>\n<p data-start=\"6766\" data-end=\"6851\">\u2705 <strong data-start=\"6768\" data-end=\"6790\">Dugi rok trajanja<\/strong> \u2013 Za\u0161titno pakiranje odr\u017eava \u010disto\u0107u i stabilnost.<\/p>\n<p data-start=\"6853\" data-end=\"6959\">\u2705 <strong data-start=\"6855\" data-end=\"6882\">Jednostavna dokumentacija<\/strong> \u2013 \u0160ifre \u0161ar\u017ei omogu\u0107uju jednostavnu sljedivost i kontrolu kvalitete.<\/p>\n<hr data-start=\"6961\" data-end=\"6964\" \/>\n<h3 data-start=\"6966\" data-end=\"7018\"><strong data-start=\"6970\" data-end=\"7016\">Upotreba (samo u istra\u017eiva\u010dke svrhe)<\/strong><\/h3>\n<blockquote data-start=\"7019\" data-end=\"7204\">\n<p data-start=\"7021\" data-end=\"7204\">\u26a0\ufe0f <strong data-start=\"7024\" data-end=\"7039\">Va\u017eno:<\/strong> RC+ Newphoria Blister namijenjen je samo za znanstvena i analiti\u010dka istra\u017eivanja. Uvijek nosite osobnu za\u0161titnu opremu i slijedite smjernice za sigurnost u laboratoriju.<\/p>\n<\/blockquote>\n<ol data-start=\"7206\" data-end=\"7975\">\n<li data-start=\"7206\" data-end=\"7322\">\n<p data-start=\"7209\" data-end=\"7224\"><strong data-start=\"7209\" data-end=\"7222\">Inspekcija<\/strong><\/p>\n<ul data-start=\"7228\" data-end=\"7322\">\n<li data-start=\"7228\" data-end=\"7276\">\n<p data-start=\"7230\" data-end=\"7276\">Provjerite pakiranje i broj serije.<\/p>\n<\/li>\n<li data-start=\"7280\" data-end=\"7322\">\n<p data-start=\"7282\" data-end=\"7322\">Provjerite jesu li peleti neo\u0161te\u0107eni.<\/p>\n<\/li>\n<\/ul>\n<\/li>\n<li data-start=\"7324\" data-end=\"7463\">\n<p data-start=\"7327\" data-end=\"7351\"><strong data-start=\"7327\" data-end=\"7349\">Uklanjanje peleta<\/strong><\/p>\n<ul data-start=\"7355\" data-end=\"7463\">\n<li data-start=\"7355\" data-end=\"7428\">\n<p data-start=\"7357\" data-end=\"7428\">Pa\u017eljivo istisnite jednu kuglicu iz blistera koriste\u0107i sterilni pribor.<\/p>\n<\/li>\n<li data-start=\"7432\" data-end=\"7463\">\n<p data-start=\"7434\" data-end=\"7463\">Izbjegavajte izravan kontakt s ko\u017eom.<\/p>\n<\/li>\n<\/ul>\n<\/li>\n<li data-start=\"7465\" data-end=\"7640\">\n<p data-start=\"7468\" data-end=\"7494\"><strong data-start=\"7468\" data-end=\"7492\">Priprema uzorka<\/strong><\/p>\n<ul data-start=\"7498\" data-end=\"7640\">\n<li data-start=\"7498\" data-end=\"7594\">\n<p data-start=\"7500\" data-end=\"7594\">Otopite talog u prikladnom otapalu (npr. etanolu, destiliranoj vodi ili puferu).<\/p>\n<\/li>\n<li data-start=\"7598\" data-end=\"7640\">\n<p data-start=\"7600\" data-end=\"7640\">Lagano mije\u0161ajte dok se potpuno ne otopi.<\/p>\n<\/li>\n<\/ul>\n<\/li>\n<li data-start=\"7642\" data-end=\"7797\">\n<p data-start=\"7645\" data-end=\"7674\"><strong data-start=\"7645\" data-end=\"7672\">Upotreba u eksperimentima<\/strong><\/p>\n<ul data-start=\"7678\" data-end=\"7797\">\n<li data-start=\"7678\" data-end=\"7743\">\n<p data-start=\"7680\" data-end=\"7743\">Upotreba u analiti\u010dkim, receptorskim ili farmakolo\u0161kim studijama.<\/p>\n<\/li>\n<li data-start=\"7747\" data-end=\"7797\">\n<p data-start=\"7749\" data-end=\"7797\">Zabilje\u017eite ID pelete, koncentraciju i volumen otapanja.<\/p>\n<\/li>\n<\/ul>\n<\/li>\n<li data-start=\"7799\" data-end=\"7975\">\n<p data-start=\"7802\" data-end=\"7829\"><strong data-start=\"7802\" data-end=\"7827\">Skladi\u0161tenje i uklanjanje<\/strong><\/p>\n<ul data-start=\"7833\" data-end=\"7975\">\n<li data-start=\"7833\" data-end=\"7908\">\n<p data-start=\"7835\" data-end=\"7908\">Neiskori\u0161tene pelete \u010duvajte u <strong data-start=\"7869\" data-end=\"7896\">hladno, tamno i suho<\/strong> okoli\u0161.<\/p>\n<\/li>\n<li data-start=\"7912\" data-end=\"7975\">\n<p data-start=\"7914\" data-end=\"7975\">Zbrinite otpad u skladu s propisima o kemijskoj sigurnosti. 2 zahtjeva 3 zahtjeva<\/p>\n<\/li>\n<\/ul>\n<\/li>\n<\/ol>\n<hr data-start=\"7977\" data-end=\"7980\" \/>\n<h3 data-start=\"7982\" data-end=\"8017\"><strong data-start=\"7986\" data-end=\"8015\">\u010cesto postavljana pitanja (FAQ)<\/strong><\/h3>\n<p data-start=\"8019\" data-end=\"8189\"><strong data-start=\"8019\" data-end=\"8058\">1. \u0160to sadr\u017ei RC+ Newphoria blister?<\/strong><br data-start=\"8058\" data-end=\"8061\" \/>Svaki blister sadr\u017ei <strong data-start=\"8080\" data-end=\"8104\">10 istra\u017eiva\u010dkih kuglica<\/strong> s kombinacijom <strong data-start=\"8128\" data-end=\"8146\">2-FEA i 3-FEA<\/strong>, samo za laboratorijska ispitivanja.<\/p>\n<p data-start=\"8191\" data-end=\"8345\"><strong data-start=\"8191\" data-end=\"8239\">2. Kolika je \u010disto\u0107a spojeva?<\/strong><br data-start=\"8239\" data-end=\"8242\" \/>Dobavlja\u010d jam\u010di za <strong data-start=\"8272\" data-end=\"8295\">\u010disto\u0107a \u226598%<\/strong>, \u0161to osigurava pouzdanost i dosljednost.<\/p>\n<p data-start=\"8347\" data-end=\"8559\"><strong data-start=\"8347\" data-end=\"8431\">3. Mo\u017ee li se RC+ Newphoria Blister koristiti za ljude ili \u017eivotinje?<\/strong><br data-start=\"8431\" data-end=\"8434\" \/>Ne \u2013 ovaj proizvod je <strong data-start=\"8455\" data-end=\"8504\">namijenjeno samo u istra\u017eiva\u010dke svrhe<\/strong> i <strong data-start=\"8508\" data-end=\"8556\">nije za ljudsku ili \u017eivotinjsku konzumaciju<\/strong>.<\/p>","protected":false},"excerpt":{"rendered":"<p><strong>CAS broj<\/strong>: 1780004-19-4<br \/>\n<strong>Formula<\/strong>C11H16FN<br \/>\n<strong>Molarna masa<\/strong>: 181,25 g\/mol<br \/>\n<strong>\u010cisto\u0107a<\/strong>: \u226598%<\/p>","protected":false},"featured_media":21160,"comment_status":"closed","ping_status":"closed","template":"","meta":[],"product_brand":[82],"product_cat":[555],"product_tag":[757,755,753,756,326],"class_list":{"0":"post-24111","1":"product","2":"type-product","3":"status-publish","4":"has-post-thumbnail","6":"product_brand-research-chemical","7":"product_cat-b2b","8":"product_tag-2-3-fea-ervaringen","9":"product_tag-2-fea-3-fea","10":"product_tag-2-3-fea-pellets","11":"product_tag-2-3-fea","12":"product_tag-nl","14":"first","15":"instock","16":"taxable","17":"shipping-taxable","18":"purchasable","19":"product-type-variable"},"_links":{"self":[{"href":"https:\/\/onderzoekschemicals.com\/hr\/wp-json\/wp\/v2\/product\/24111","targetHints":{"allow":["GET"]}}],"collection":[{"href":"https:\/\/onderzoekschemicals.com\/hr\/wp-json\/wp\/v2\/product"}],"about":[{"href":"https:\/\/onderzoekschemicals.com\/hr\/wp-json\/wp\/v2\/types\/product"}],"replies":[{"embeddable":true,"href":"https:\/\/onderzoekschemicals.com\/hr\/wp-json\/wp\/v2\/comments?post=24111"}],"version-history":[{"count":4,"href":"https:\/\/onderzoekschemicals.com\/hr\/wp-json\/wp\/v2\/product\/24111\/revisions"}],"predecessor-version":[{"id":27876,"href":"https:\/\/onderzoekschemicals.com\/hr\/wp-json\/wp\/v2\/product\/24111\/revisions\/27876"}],"wp:featuredmedia":[{"embeddable":true,"href":"https:\/\/onderzoekschemicals.com\/hr\/wp-json\/wp\/v2\/media\/21160"}],"wp:attachment":[{"href":"https:\/\/onderzoekschemicals.com\/hr\/wp-json\/wp\/v2\/media?parent=24111"}],"wp:term":[{"taxonomy":"product_brand","embeddable":true,"href":"https:\/\/onderzoekschemicals.com\/hr\/wp-json\/wp\/v2\/product_brand?post=24111"},{"taxonomy":"product_cat","embeddable":true,"href":"https:\/\/onderzoekschemicals.com\/hr\/wp-json\/wp\/v2\/product_cat?post=24111"},{"taxonomy":"product_tag","embeddable":true,"href":"https:\/\/onderzoekschemicals.com\/hr\/wp-json\/wp\/v2\/product_tag?post=24111"}],"curies":[{"name":"radni list","href":"https:\/\/api.w.org\/{rel}","templated":true}]}}