{"id":24095,"date":"2025-04-13T17:41:03","date_gmt":"2025-04-13T17:41:03","guid":{"rendered":"https:\/\/onderzoekschemicals.com\/?post_type=product&#038;p=24095"},"modified":"2025-11-28T07:05:35","modified_gmt":"2025-11-28T07:05:35","slug":"1v-lsd-valerie-10mcg","status":"publish","type":"product","link":"https:\/\/onderzoekschemicals.com\/hr\/shop\/1v-lsd\/1v-lsd-valerie-10mcg\/","title":{"rendered":"1V-LSD Valerie 10mcg mikro pelete"},"content":{"rendered":"<h3 data-start=\"5436\" data-end=\"5455\"><strong data-start=\"5440\" data-end=\"5455\">Uvod<\/strong><\/h3>\n<p data-start=\"5457\" data-end=\"5779\"><strong data-start=\"5457\" data-end=\"5495\">1V-LSD Valerie 10mcg mikro pelete<\/strong> su <strong data-start=\"5501\" data-end=\"5546\">visokokvalitetne istra\u017eiva\u010dke veze<\/strong>, razvijen za <strong data-start=\"5564\" data-end=\"5611\">znanstvene i analiti\u010dke svrhe<\/strong>Svaka mikropeleta sadr\u017ei <strong data-start=\"5637\" data-end=\"5684\">10 mikrograma (10 mcg) 1-valeril-LSD-a (1V-LSD)<\/strong>, \u0161to osigurava maksimalnu preciznost tijekom kontroliranih studija mikrodoziranja. 1v LSD<\/p>\n<p data-start=\"5781\" data-end=\"6013\">Proizveden prema strogim laboratorijskim smjernicama, ovaj proizvod nudi <strong data-start=\"5847\" data-end=\"5904\">izvrsna \u010disto\u0107a, stabilnost i to\u010dnost<\/strong> \u2014 idealno za istra\u017eiva\u010de koji \u017eele prou\u010davati analoge lizergamida u kontroliranim uvjetima.<\/p>\n<blockquote data-start=\"6015\" data-end=\"6148\">\n<p data-start=\"6017\" data-end=\"6148\">\u26a0\ufe0f <strong data-start=\"6020\" data-end=\"6031\">Napomena:<\/strong> Ovaj proizvod je namijenjen isklju\u010divo za <strong data-start=\"6072\" data-end=\"6097\">laboratorijska istra\u017eivanja<\/strong>Nije prikladno za konzumaciju ili medicinsku upotrebu.<\/p>\n<\/blockquote>\n<hr data-start=\"6150\" data-end=\"6153\" \/>\n<h3 data-start=\"6155\" data-end=\"6186\"><strong data-start=\"6159\" data-end=\"6186\">Klju\u010dne zna\u010dajke<\/strong><\/h3>\n<ul data-start=\"6188\" data-end=\"6758\">\n<li data-start=\"6188\" data-end=\"6277\">\n<p data-start=\"6190\" data-end=\"6277\"><strong data-start=\"6190\" data-end=\"6215\">To\u010dno mikrodoziranje:<\/strong> Svaka kuglica sadr\u017ei 10mcg 1V-LSD-a za dosljedne rezultate.<\/p>\n<\/li>\n<li data-start=\"6278\" data-end=\"6381\">\n<p data-start=\"6280\" data-end=\"6381\"><strong data-start=\"6280\" data-end=\"6317\">Visokokvalitetni istra\u017eiva\u010dki standard:<\/strong> Proizvedeno prema najvi\u0161im analiti\u010dkim standardima kvalitete.<\/p>\n<\/li>\n<li data-start=\"6382\" data-end=\"6474\">\n<p data-start=\"6384\" data-end=\"6474\"><strong data-start=\"6384\" data-end=\"6411\">Dugoro\u010dna stabilnost:<\/strong> Pogodno za dugotrajno skladi\u0161tenje u odgovaraju\u0107im uvjetima.<\/p>\n<\/li>\n<li data-start=\"6475\" data-end=\"6563\">\n<p data-start=\"6477\" data-end=\"6563\"><strong data-start=\"6477\" data-end=\"6507\">Oblik prilago\u0111en korisniku:<\/strong> Mikro pelete je lako mjeriti i rukovati.<\/p>\n<\/li>\n<li data-start=\"6564\" data-end=\"6658\">\n<p data-start=\"6566\" data-end=\"6658\"><strong data-start=\"6566\" data-end=\"6589\">Sigurno pakiranje:<\/strong> Hermeti\u010dki zatvoreno, vlagootporno pakiranje za maksimalnu za\u0161titu.<\/p>\n<\/li>\n<li data-start=\"6659\" data-end=\"6758\">\n<p data-start=\"6661\" data-end=\"6758\"><strong data-start=\"6661\" data-end=\"6686\">Testirano na \u010disto\u0107u:<\/strong> Svaka serija se provjerava u laboratoriju radi utvr\u0111ivanja konzistentnosti.<\/p>\n<\/li>\n<\/ul>\n<hr data-start=\"6760\" data-end=\"6763\" \/>\n<h3 data-start=\"6765\" data-end=\"6782\"><strong data-start=\"6769\" data-end=\"6782\">Prednosti<\/strong><\/h3>\n<ol data-start=\"6784\" data-end=\"7232\">\n<li data-start=\"6784\" data-end=\"6875\">\n<p data-start=\"6787\" data-end=\"6875\"><strong data-start=\"6787\" data-end=\"6812\">Precizna kontrola:<\/strong> Omogu\u0107uje precizno doziranje za pouzdane rezultate istra\u017eivanja.<\/p>\n<\/li>\n<li data-start=\"6876\" data-end=\"6969\">\n<p data-start=\"6879\" data-end=\"6969\"><strong data-start=\"6879\" data-end=\"6911\">Smanjeni rizik od infekcije:<\/strong> Oblik peleta minimizira izlo\u017eenost tijekom upotrebe.<\/p>\n<\/li>\n<li data-start=\"6970\" data-end=\"7069\">\n<p data-start=\"6973\" data-end=\"7069\"><strong data-start=\"6973\" data-end=\"7002\">Visoka ponovljivost:<\/strong> Idealno za kontrolirane eksperimente i studije doze i odgovora.<\/p>\n<\/li>\n<li data-start=\"7070\" data-end=\"7141\">\n<p data-start=\"7073\" data-end=\"7141\"><strong data-start=\"7073\" data-end=\"7097\">Prakti\u010dan i kompaktan:<\/strong> Jednostavno za skladi\u0161tenje i transport.<\/p>\n<\/li>\n<li data-start=\"7142\" data-end=\"7232\">\n<p data-start=\"7145\" data-end=\"7232\"><strong data-start=\"7145\" data-end=\"7180\">Pouzdano za profesionalce:<\/strong> Pogodno za akademska i analiti\u010dka istra\u017eivanja.<\/p>\n<\/li>\n<\/ol>\n<hr data-start=\"7234\" data-end=\"7237\" \/>\n<h3 data-start=\"7239\" data-end=\"7278\"><strong data-start=\"7243\" data-end=\"7278\">Upotreba (samo za istra\u017eivanje)<\/strong><\/h3>\n<ol data-start=\"7280\" data-end=\"7607\">\n<li data-start=\"7280\" data-end=\"7368\">\n<p data-start=\"7283\" data-end=\"7368\"><strong data-start=\"7283\" data-end=\"7323\">Nosite odgovaraju\u0107u za\u0161titnu opremu<\/strong> kao \u0161to su rukavice i laboratorijski ogrta\u010d.<\/p>\n<\/li>\n<li data-start=\"7369\" data-end=\"7457\">\n<p data-start=\"7372\" data-end=\"7457\"><strong data-start=\"7372\" data-end=\"7391\">Pa\u017eljivo mjerite<\/strong> broj potrebnih peleta pomo\u0107u kalibriranih instrumenata.<\/p>\n<\/li>\n<li data-start=\"7458\" data-end=\"7531\">\n<p data-start=\"7461\" data-end=\"7531\"><strong data-start=\"7461\" data-end=\"7471\">Zadr\u017eati<\/strong> preostale pelete na hladnom, suhom i tamnom mjestu.<\/p>\n<\/li>\n<li data-start=\"7532\" data-end=\"7607\">\n<p data-start=\"7535\" data-end=\"7607\"><strong data-start=\"7535\" data-end=\"7545\">Bilje\u0161ka<\/strong> broj serije i eksperimentalni podaci za sljedivost.<\/p>\n<\/li>\n<\/ol>\n<blockquote data-start=\"7609\" data-end=\"7713\">\n<p data-start=\"7611\" data-end=\"7713\"><strong data-start=\"7611\" data-end=\"7626\">Va\u017eno:<\/strong> Ne gutati niti nanositi na ko\u017eu. Samo za uporabu. <strong data-start=\"7678\" data-end=\"7713\">in vitro ili analiti\u010dku upotrebu.<\/strong><\/p>\n<\/blockquote>\n<hr data-start=\"7715\" data-end=\"7718\" \/>\n<h3 data-start=\"7720\" data-end=\"7745\"><strong data-start=\"7724\" data-end=\"7745\">Upute za pohranu<\/strong><\/h3>\n<ul data-start=\"7747\" data-end=\"7947\">\n<li data-start=\"7747\" data-end=\"7802\">\n<p data-start=\"7749\" data-end=\"7802\">\u010cuvati u originalnoj, dobro zatvorenoj ambala\u017ei.<\/p>\n<\/li>\n<li data-start=\"7803\" data-end=\"7865\">\n<p data-start=\"7805\" data-end=\"7865\">Skladi\u0161tenje u <strong data-start=\"7816\" data-end=\"7825\">2\u20138 \u00b0C<\/strong>, dalje od sun\u010deve svjetlosti i topline.<\/p>\n<\/li>\n<li data-start=\"7866\" data-end=\"7906\">\n<p data-start=\"7868\" data-end=\"7906\">Za\u0161titite se od <strong data-start=\"7885\" data-end=\"7903\">vlaga i zrak<\/strong>.<\/p>\n<\/li>\n<li data-start=\"7907\" data-end=\"7947\">\n<p data-start=\"7909\" data-end=\"7947\">Dr\u017eati izvan dohvata neovla\u0161tenih osoba.<\/p>\n<\/li>\n<\/ul>\n<hr data-start=\"7949\" data-end=\"7952\" \/>\n<h3 data-start=\"7954\" data-end=\"7989\"><strong data-start=\"7958\" data-end=\"7989\">\u010cesto postavljana pitanja (FAQs)<\/strong><\/h3>\n<p data-start=\"7991\" data-end=\"8156\"><strong data-start=\"7991\" data-end=\"8058\">1. Za \u0161to se koriste 1V-LSD Valerie 10mcg mikro pelete?<\/strong><br data-start=\"8058\" data-end=\"8061\" \/>Za <strong data-start=\"8066\" data-end=\"8110\">znanstvena i analiti\u010dka istra\u017eivanja<\/strong> na analoge lizergamida i mikrodoziranje.<\/p>\n<p data-start=\"8158\" data-end=\"8318\"><strong data-start=\"8158\" data-end=\"8217\">2. Jesu li ove pelete prikladne za osobnu upotrebu?<\/strong><br data-start=\"8217\" data-end=\"8220\" \/>Ne. Oni su <strong data-start=\"8233\" data-end=\"8282\">namijenjeno samo u istra\u017eiva\u010dke svrhe<\/strong> i nije prikladno za konzumaciju.<\/p>\n<p data-start=\"8320\" data-end=\"8474\"><strong data-start=\"8320\" data-end=\"8362\">3. Koji je najbolji na\u010din skladi\u0161tenja peleta?<\/strong><br data-start=\"8362\" data-end=\"8365\" \/>U\u0161tedite na <strong data-start=\"8379\" data-end=\"8411\">hladnom, suhom, tamnom mjestu<\/strong>idealno izme\u0111u <strong data-start=\"8430\" data-end=\"8439\">2\u20138 \u00b0C<\/strong>, i pravilno zatvorite ambala\u017eu.<\/p>\n<hr data-start=\"8476\" data-end=\"8479\" \/>\n<h3 data-start=\"8481\" data-end=\"8498\"><strong data-start=\"8485\" data-end=\"8498\">Zaklju\u010dak<\/strong><\/h3>\n<p data-start=\"8500\" data-end=\"8734\"><strong data-start=\"8500\" data-end=\"8538\">1V-LSD Valerie 10mcg mikro pelete<\/strong> zastupati <strong data-start=\"8550\" data-end=\"8593\">\u010disto\u0107a, preciznost i pouzdanost<\/strong> u laboratorijskim istra\u017eivanjima. Savr\u0161eno za istra\u017eiva\u010de koji te\u017ee <strong data-start=\"8663\" data-end=\"8705\">ponovljivi i to\u010dni rezultati<\/strong> u studijama mikrodoziranja.<\/p>","protected":false},"excerpt":{"rendered":"<h2>1V-LSD Valerie 10mcg mikro pelete \u2013 Mikrodoziranje<\/h2>\n<p>1V-LSD je tvar koju prodajemo samo u istra\u017eiva\u010dke svrhe i stoga nije namijenjena za ljudsku konzumaciju. 1V-LSD se mo\u017ee koristiti za istra\u017eivanje do dvije godine ako se \u010duva u odgovaraju\u0107em okru\u017eenju.<\/p>","protected":false},"featured_media":29171,"comment_status":"closed","ping_status":"closed","template":"","meta":[],"product_brand":[82],"product_cat":[364,380,358,324],"product_tag":[631,582,326],"class_list":{"0":"post-24095","1":"product","2":"type-product","3":"status-publish","4":"has-post-thumbnail","6":"product_brand-research-chemical","7":"product_cat-1v-lsd","8":"product_cat-1v-lsd-pellets","9":"product_cat-lysergamides","10":"product_cat-pellets-for-pellet","11":"product_tag-1v-lsd","12":"product_tag-1vlsd","13":"product_tag-nl","15":"first","16":"instock","17":"taxable","18":"shipping-taxable","19":"purchasable","20":"product-type-variable"},"_links":{"self":[{"href":"https:\/\/onderzoekschemicals.com\/hr\/wp-json\/wp\/v2\/product\/24095","targetHints":{"allow":["GET"]}}],"collection":[{"href":"https:\/\/onderzoekschemicals.com\/hr\/wp-json\/wp\/v2\/product"}],"about":[{"href":"https:\/\/onderzoekschemicals.com\/hr\/wp-json\/wp\/v2\/types\/product"}],"replies":[{"embeddable":true,"href":"https:\/\/onderzoekschemicals.com\/hr\/wp-json\/wp\/v2\/comments?post=24095"}],"version-history":[{"count":5,"href":"https:\/\/onderzoekschemicals.com\/hr\/wp-json\/wp\/v2\/product\/24095\/revisions"}],"predecessor-version":[{"id":27882,"href":"https:\/\/onderzoekschemicals.com\/hr\/wp-json\/wp\/v2\/product\/24095\/revisions\/27882"}],"wp:featuredmedia":[{"embeddable":true,"href":"https:\/\/onderzoekschemicals.com\/hr\/wp-json\/wp\/v2\/media\/29171"}],"wp:attachment":[{"href":"https:\/\/onderzoekschemicals.com\/hr\/wp-json\/wp\/v2\/media?parent=24095"}],"wp:term":[{"taxonomy":"product_brand","embeddable":true,"href":"https:\/\/onderzoekschemicals.com\/hr\/wp-json\/wp\/v2\/product_brand?post=24095"},{"taxonomy":"product_cat","embeddable":true,"href":"https:\/\/onderzoekschemicals.com\/hr\/wp-json\/wp\/v2\/product_cat?post=24095"},{"taxonomy":"product_tag","embeddable":true,"href":"https:\/\/onderzoekschemicals.com\/hr\/wp-json\/wp\/v2\/product_tag?post=24095"}],"curies":[{"name":"radni list","href":"https:\/\/api.w.org\/{rel}","templated":true}]}}