{"id":24067,"date":"2025-04-13T17:40:59","date_gmt":"2025-04-13T17:40:59","guid":{"rendered":"https:\/\/onderzoekschemicals.com\/?post_type=product&#038;p=24067"},"modified":"2025-11-28T07:07:29","modified_gmt":"2025-11-28T07:07:29","slug":"1d-lsd-bestellen","status":"publish","type":"product","link":"https:\/\/onderzoekschemicals.com\/hr\/shop\/1d-lsd-225mcg-pellets\/1d-lsd-bestellen\/","title":{"rendered":"1D-LSD 225mcg pelete"},"content":{"rendered":"<h3 data-start=\"5974\" data-end=\"5993\"><strong data-start=\"5978\" data-end=\"5993\">Uvod<\/strong><\/h3>\n<p data-start=\"5995\" data-end=\"6298\"><strong data-start=\"5995\" data-end=\"6020\">1D-LSD 225mcg pelete<\/strong> su <strong data-start=\"6026\" data-end=\"6073\">istra\u017eiva\u010dke tvari laboratorijske kvalitete<\/strong>, namijenjen za <strong data-start=\"6088\" data-end=\"6132\">znanstvena i analiti\u010dka istra\u017eivanja<\/strong>Svaka kuglica sadr\u017ei <strong data-start=\"6152\" data-end=\"6226\">225 mikrograma (mcg) 1D-LSD (1-dietilamid-dietilamid lizerginske kiseline)<\/strong>, formulirano za <strong data-start=\"6246\" data-end=\"6295\">\u010disto\u0107a, preciznost i kemijska stabilnost<\/strong>Naru\u010dite 1D-LSD<\/p>\n<p data-start=\"6300\" data-end=\"6583\">Peleti su idealni za <strong data-start=\"6328\" data-end=\"6367\">istra\u017eivanje analoga lizergamida<\/strong>, <strong data-start=\"6369\" data-end=\"6388\">vezanje receptora<\/strong> i <strong data-start=\"6392\" data-end=\"6428\">kvantitativne kemijske analize<\/strong>Proizvode se prema strogim <strong data-start=\"6469\" data-end=\"6493\">GLP standardi kvalitete<\/strong> kako bi se osigurala dosljednost i pouzdanost u profesionalnim istra\u017eiva\u010dkim okru\u017eenjima.<\/p>\n<blockquote data-start=\"6585\" data-end=\"6723\">\n<p data-start=\"6587\" data-end=\"6723\">\u26a0\ufe0f <strong data-start=\"6590\" data-end=\"6601\">Napomena:<\/strong> Ovaj proizvod je namijenjen isklju\u010divo za <strong data-start=\"6642\" data-end=\"6667\">laboratorijska istra\u017eivanja<\/strong>Nije prikladno za ljudsku ili \u017eivotinjsku konzumaciju.<\/p>\n<\/blockquote>\n<hr data-start=\"6725\" data-end=\"6728\" \/>\n<h3 data-start=\"6730\" data-end=\"6761\"><strong data-start=\"6734\" data-end=\"6761\">Klju\u010dne zna\u010dajke<\/strong><\/h3>\n<ul data-start=\"6763\" data-end=\"7251\">\n<li data-start=\"6763\" data-end=\"6826\">\n<p data-start=\"6765\" data-end=\"6826\"><strong data-start=\"6765\" data-end=\"6787\">Precizno doziranje:<\/strong> Svaka kuglica sadr\u017ei <strong data-start=\"6806\" data-end=\"6823\">225mcg 1D-LSD<\/strong>.<\/p>\n<\/li>\n<li data-start=\"6827\" data-end=\"6906\">\n<p data-start=\"6829\" data-end=\"6906\"><strong data-start=\"6829\" data-end=\"6849\">Visoka \u010disto\u0107a:<\/strong> Laboratorijska kvaliteta s analiti\u010dkom \u010disto\u0107om \u226599%.<\/p>\n<\/li>\n<li data-start=\"6907\" data-end=\"6994\">\n<p data-start=\"6909\" data-end=\"6994\"><strong data-start=\"6909\" data-end=\"6935\">Kemijska stabilnost:<\/strong> Dizajnirano za dugotrajno skladi\u0161tenje i pouzdanu upotrebu. Naru\u010dite 1D-LSD<\/p>\n<\/li>\n<li data-start=\"6995\" data-end=\"7070\">\n<p data-start=\"6997\" data-end=\"7070\"><strong data-start=\"6997\" data-end=\"7024\">Dosljedni rezultati:<\/strong> Ponovljivi podaci u vi\u0161e eksperimenata.<\/p>\n<\/li>\n<li data-start=\"7071\" data-end=\"7153\">\n<p data-start=\"7073\" data-end=\"7153\"><strong data-start=\"7073\" data-end=\"7096\">Sigurno pakiranje:<\/strong> Zatvoreno i otporno na vlagu za maksimalnu za\u0161titu.<\/p>\n<\/li>\n<li data-start=\"7154\" data-end=\"7251\">\n<p data-start=\"7156\" data-end=\"7251\"><strong data-start=\"7156\" data-end=\"7186\">Oblik prilago\u0111en korisniku:<\/strong> Format peleta sprje\u010dava kontaminaciju i olak\u0161ava doziranje.<\/p>\n<\/li>\n<\/ul>\n<hr data-start=\"7253\" data-end=\"7256\" \/>\n<h3 data-start=\"7258\" data-end=\"7275\"><strong data-start=\"7262\" data-end=\"7275\">Prednosti<\/strong><\/h3>\n<ol data-start=\"7277\" data-end=\"7659\">\n<li data-start=\"7277\" data-end=\"7375\">\n<p data-start=\"7280\" data-end=\"7375\"><strong data-start=\"7280\" data-end=\"7317\">To\u010dni rezultati istra\u017eivanja:<\/strong> Pogodno za studije koje zahtijevaju mikrodoziranje.<\/p>\n<\/li>\n<li data-start=\"7376\" data-end=\"7444\">\n<p data-start=\"7379\" data-end=\"7444\"><strong data-start=\"7379\" data-end=\"7401\">Sigurno za upotrebu:<\/strong> Manja izlo\u017eenost zahvaljuju\u0107i obliku peleta.<\/p>\n<\/li>\n<li data-start=\"7445\" data-end=\"7516\">\n<p data-start=\"7448\" data-end=\"7516\"><strong data-start=\"7448\" data-end=\"7472\">Konzistentna kvaliteta:<\/strong> Konzistentni sastav izme\u0111u serija.<\/p>\n<\/li>\n<li data-start=\"7517\" data-end=\"7606\">\n<p data-start=\"7520\" data-end=\"7606\"><strong data-start=\"7520\" data-end=\"7553\">Znanstveno pouzdano:<\/strong> Proizvedeno prema laboratorijskim standardima kvalitete.<\/p>\n<\/li>\n<li data-start=\"7607\" data-end=\"7659\">\n<p data-start=\"7610\" data-end=\"7659\"><strong data-start=\"7610\" data-end=\"7628\">Dugi rok trajanja:<\/strong> Stabilno uz pravilno skladi\u0161tenje.<\/p>\n<\/li>\n<\/ol>\n<hr data-start=\"7661\" data-end=\"7664\" \/>\n<h3 data-start=\"7666\" data-end=\"7705\"><strong data-start=\"7670\" data-end=\"7705\">Upotreba (samo za istra\u017eivanje)<\/strong><\/h3>\n<ol data-start=\"7707\" data-end=\"8033\">\n<li data-start=\"7707\" data-end=\"7785\">\n<p data-start=\"7710\" data-end=\"7785\"><strong data-start=\"7710\" data-end=\"7742\">Nosite za\u0161titnu odje\u0107u<\/strong> (rukavice, za\u0161titne nao\u010dale, laboratorijski ogrta\u010d).<\/p>\n<\/li>\n<li data-start=\"7786\" data-end=\"7861\">\n<p data-start=\"7789\" data-end=\"7861\"><strong data-start=\"7789\" data-end=\"7827\">Koristite kalibrirane instrumente<\/strong> za precizno mjerenje peleta.<\/p>\n<\/li>\n<li data-start=\"7862\" data-end=\"7913\">\n<p data-start=\"7865\" data-end=\"7913\"><strong data-start=\"7865\" data-end=\"7889\">Zabilje\u017eite podatke serije<\/strong> radi sljedivosti.<\/p>\n<\/li>\n<li data-start=\"7914\" data-end=\"7973\">\n<p data-start=\"7917\" data-end=\"7973\"><strong data-start=\"7917\" data-end=\"7948\">Sa\u010duvajte ostatke peleta<\/strong> hladnom, suhom i tamnom.<\/p>\n<\/li>\n<li data-start=\"7974\" data-end=\"8033\">\n<p data-start=\"7977\" data-end=\"8033\"><strong data-start=\"7977\" data-end=\"7996\">Uklonite otpad<\/strong> prema laboratorijskim propisima.<\/p>\n<\/li>\n<\/ol>\n<blockquote data-start=\"8035\" data-end=\"8142\">\n<p data-start=\"8037\" data-end=\"8142\">\u26a0\ufe0f <strong data-start=\"8040\" data-end=\"8098\">Nije prikladno za ljudsku ili \u017eivotinjsku konzumaciju.<\/strong> Samo za <strong data-start=\"8111\" data-end=\"8141\">znanstveno istra\u017eivanje<\/strong>.<\/p>\n<\/blockquote>\n<hr data-start=\"8144\" data-end=\"8147\" \/>\n<h3 data-start=\"8149\" data-end=\"8174\"><strong data-start=\"8153\" data-end=\"8174\">Upute za pohranu<\/strong><\/h3>\n<ul data-start=\"8176\" data-end=\"8341\">\n<li data-start=\"8176\" data-end=\"8218\">\n<p data-start=\"8178\" data-end=\"8218\">Spremi na <strong data-start=\"8189\" data-end=\"8198\">2\u20138 \u00b0C<\/strong>, tamno i suho.<\/p>\n<\/li>\n<li data-start=\"8219\" data-end=\"8258\">\n<p data-start=\"8221\" data-end=\"8258\">Dr\u017eite posudu \u010dvrsto zatvorenu.<\/p>\n<\/li>\n<li data-start=\"8259\" data-end=\"8298\">\n<p data-start=\"8261\" data-end=\"8298\">Izbjegavajte kontakt s vlagom i svjetlo\u0161\u0107u.<\/p>\n<\/li>\n<li data-start=\"8299\" data-end=\"8341\">\n<p data-start=\"8301\" data-end=\"8341\">Dr\u017eati izvan dohvata neovla\u0161tenih osoba.<\/p>\n<\/li>\n<\/ul>\n<hr data-start=\"8343\" data-end=\"8346\" \/>\n<h3 data-start=\"8348\" data-end=\"8383\"><strong data-start=\"8352\" data-end=\"8383\">\u010cesto postavljana pitanja (FAQs)<\/strong><\/h3>\n<p data-start=\"8385\" data-end=\"8543\"><strong data-start=\"8385\" data-end=\"8439\">1. Za \u0161to se koriste 1D-LSD 225mcg pelete?<\/strong><br data-start=\"8439\" data-end=\"8442\" \/>Za <strong data-start=\"8447\" data-end=\"8491\">znanstvena i analiti\u010dka istra\u017eivanja<\/strong> na analoge lizergamida i interakcije receptora.<\/p>\n<p data-start=\"8545\" data-end=\"8703\"><strong data-start=\"8545\" data-end=\"8595\">2. Jesu li ove pelete prikladne za konzumaciju?<\/strong><br data-start=\"8595\" data-end=\"8598\" \/>Ne. Oni su <strong data-start=\"8611\" data-end=\"8661\">namijenjeno samo za laboratorijska istra\u017eivanja<\/strong> i <strong data-start=\"8665\" data-end=\"8700\">nije za ljudsku konzumaciju<\/strong>.<\/p>\n<p data-start=\"8705\" data-end=\"8843\"><strong data-start=\"8705\" data-end=\"8739\">3. Koji je najbolji na\u010din za njihovo skladi\u0161tenje?<\/strong><br data-start=\"8739\" data-end=\"8742\" \/>Spremite ih u <strong data-start=\"8759\" data-end=\"8793\">hladnom, suhom i tamnom mjestu<\/strong> izme\u0111u <strong data-start=\"8801\" data-end=\"8810\">2\u20138 \u00b0C<\/strong> u dobro zatvorenoj ambala\u017ei.<\/p>\n<hr data-start=\"8845\" data-end=\"8848\" \/>\n<h3 data-start=\"8850\" data-end=\"8867\"><strong data-start=\"8854\" data-end=\"8867\">Zaklju\u010dak<\/strong><\/h3>\n<p data-start=\"8869\" data-end=\"9103\"><strong data-start=\"8869\" data-end=\"8894\">1D-LSD 225mcg pelete<\/strong> jamstvo za <strong data-start=\"8913\" data-end=\"8962\">to\u010dnost, \u010disto\u0107a i pouzdanost<\/strong>, razvijen za profesionalna analiti\u010dka istra\u017eivanja. Savr\u0161eno za laboratorije koji te\u017ee <strong data-start=\"9058\" data-end=\"9100\">preciznost i ponovljivi rezultati<\/strong>.<\/p>","protected":false},"excerpt":{"rendered":"<p>Introductie 1D-LSD 225mcg Pellets zijn onderzoeksstoffen van laboratoriumkwaliteit, bedoeld voor wetenschappelijk en analytisch onderzoek. Elke pellet bevat 225 microgram (mcg)<\/p>","protected":false},"featured_media":29161,"comment_status":"closed","ping_status":"closed","template":"","meta":[],"product_brand":[],"product_cat":[362,378,358,324],"product_tag":[452,774],"class_list":{"0":"post-24067","1":"product","2":"type-product","3":"status-publish","4":"has-post-thumbnail","6":"product_cat-1d-lsd-225mcg-pellets","7":"product_cat-1d-lsd-pellets","8":"product_cat-lysergamides","9":"product_cat-pellets-for-pellet","10":"product_tag-de","11":"product_tag-lsd-bestellen","13":"first","14":"instock","15":"taxable","16":"shipping-taxable","17":"purchasable","18":"product-type-variable"},"_links":{"self":[{"href":"https:\/\/onderzoekschemicals.com\/hr\/wp-json\/wp\/v2\/product\/24067","targetHints":{"allow":["GET"]}}],"collection":[{"href":"https:\/\/onderzoekschemicals.com\/hr\/wp-json\/wp\/v2\/product"}],"about":[{"href":"https:\/\/onderzoekschemicals.com\/hr\/wp-json\/wp\/v2\/types\/product"}],"replies":[{"embeddable":true,"href":"https:\/\/onderzoekschemicals.com\/hr\/wp-json\/wp\/v2\/comments?post=24067"}],"version-history":[{"count":6,"href":"https:\/\/onderzoekschemicals.com\/hr\/wp-json\/wp\/v2\/product\/24067\/revisions"}],"predecessor-version":[{"id":27887,"href":"https:\/\/onderzoekschemicals.com\/hr\/wp-json\/wp\/v2\/product\/24067\/revisions\/27887"}],"wp:featuredmedia":[{"embeddable":true,"href":"https:\/\/onderzoekschemicals.com\/hr\/wp-json\/wp\/v2\/media\/29161"}],"wp:attachment":[{"href":"https:\/\/onderzoekschemicals.com\/hr\/wp-json\/wp\/v2\/media?parent=24067"}],"wp:term":[{"taxonomy":"product_brand","embeddable":true,"href":"https:\/\/onderzoekschemicals.com\/hr\/wp-json\/wp\/v2\/product_brand?post=24067"},{"taxonomy":"product_cat","embeddable":true,"href":"https:\/\/onderzoekschemicals.com\/hr\/wp-json\/wp\/v2\/product_cat?post=24067"},{"taxonomy":"product_tag","embeddable":true,"href":"https:\/\/onderzoekschemicals.com\/hr\/wp-json\/wp\/v2\/product_tag?post=24067"}],"curies":[{"name":"radni list","href":"https:\/\/api.w.org\/{rel}","templated":true}]}}