{"id":24045,"date":"2025-10-20T11:40:56","date_gmt":"2025-10-20T11:40:56","guid":{"rendered":"https:\/\/onderzoekschemicals.com\/?post_type=product&#038;p=24045"},"modified":"2025-11-28T06:39:30","modified_gmt":"2025-11-28T06:39:30","slug":"amt-25-mg-pellets","status":"publish","type":"product","link":"https:\/\/onderzoekschemicals.com\/hr\/shop\/amt\/amt-25-mg-pellets\/","title":{"rendered":"aMT 25 mg pelete"},"content":{"rendered":"<h3 data-start=\"5705\" data-end=\"5724\"><strong data-start=\"5709\" data-end=\"5724\">Uvod<\/strong><\/h3>\n<p data-start=\"5726\" data-end=\"6029\"><strong data-start=\"5726\" data-end=\"5746\">aMT 25 mg pelete<\/strong> su <strong data-start=\"5752\" data-end=\"5799\">istra\u017eiva\u010dke tvari laboratorijske kvalitete<\/strong>, razvijen za <strong data-start=\"5817\" data-end=\"5861\">analiti\u010dka i znanstvena istra\u017eivanja<\/strong>.<br data-start=\"5862\" data-end=\"5865\" \/>Svaka kuglica sadr\u017ei <strong data-start=\"5883\" data-end=\"5924\">25 miligrama \u03b1-metiltriptamina (aMT)<\/strong> \u2013 analog triptamina koji se prou\u010dava zbog svog <strong data-start=\"5984\" data-end=\"6026\">kemijska i strukturna svojstva<\/strong>aMT pelete od 25 mg<\/p>\n<p data-start=\"6031\" data-end=\"6229\">Proizvedeno pod <strong data-start=\"6050\" data-end=\"6091\">GLP standardi (Dobra laboratorijska praksa)<\/strong>, ove pelete nude <strong data-start=\"6113\" data-end=\"6163\">to\u010dnost, stabilnost i ponovljivost<\/strong>, idealno za <strong data-start=\"6177\" data-end=\"6226\">kemijske, analiti\u010dke i receptorske studije<\/strong>.<\/p>\n<blockquote data-start=\"6231\" data-end=\"6369\">\n<p data-start=\"6233\" data-end=\"6369\">\u26a0\ufe0f <strong data-start=\"6236\" data-end=\"6247\">Napomena:<\/strong> Ovaj proizvod je namijenjen isklju\u010divo za <strong data-start=\"6288\" data-end=\"6313\">laboratorijska istra\u017eivanja<\/strong>Nije prikladno za ljudsku ili \u017eivotinjsku konzumaciju.<\/p>\n<\/blockquote>\n<hr data-start=\"6371\" data-end=\"6374\" \/>\n<h3 data-start=\"6376\" data-end=\"6407\"><strong data-start=\"6380\" data-end=\"6407\">Klju\u010dne zna\u010dajke<\/strong><\/h3>\n<ul data-start=\"6409\" data-end=\"6891\">\n<li data-start=\"6409\" data-end=\"6486\">\n<p data-start=\"6411\" data-end=\"6486\"><strong data-start=\"6411\" data-end=\"6431\">To\u010dna doza:<\/strong> Svaka kuglica sadr\u017ei <strong data-start=\"6450\" data-end=\"6483\">25 mg \u03b1-metiltriptamina (aMT)<\/strong>.<\/p>\n<\/li>\n<li data-start=\"6487\" data-end=\"6577\">\n<p data-start=\"6489\" data-end=\"6577\"><strong data-start=\"6489\" data-end=\"6509\">Visoka \u010disto\u0107a:<\/strong> \u226599% analiti\u010dke \u010disto\u0107e, testirano u laboratorijskim uvjetima.<\/p>\n<\/li>\n<li data-start=\"6578\" data-end=\"6670\">\n<p data-start=\"6580\" data-end=\"6670\"><strong data-start=\"6580\" data-end=\"6597\">Serijsko testirano:<\/strong> Svaka proizvodna serija provjerava se na \u010disto\u0107u i stabilnost.<\/p>\n<\/li>\n<li data-start=\"6671\" data-end=\"6753\">\n<p data-start=\"6673\" data-end=\"6753\"><strong data-start=\"6673\" data-end=\"6697\">Stabilan oblik peleta:<\/strong> Smanjeni rizik od kontaminacije i jednostavno rukovanje.<\/p>\n<\/li>\n<li data-start=\"6754\" data-end=\"6822\">\n<p data-start=\"6756\" data-end=\"6822\"><strong data-start=\"6756\" data-end=\"6782\">Laboratorijska kvaliteta:<\/strong> Proizvedeno u skladu s GLP smjernicama. aMT 25 mg pelete<\/p>\n<\/li>\n<li data-start=\"6823\" data-end=\"6891\">\n<p data-start=\"6825\" data-end=\"6891\"><strong data-start=\"6825\" data-end=\"6848\">Sigurno pakiranje:<\/strong> Zatvoreno, hermeti\u010dki zatvoreno i otporno na vlagu.<\/p>\n<\/li>\n<\/ul>\n<hr data-start=\"6893\" data-end=\"6896\" \/>\n<h3 data-start=\"6898\" data-end=\"6915\"><strong data-start=\"6902\" data-end=\"6915\">Prednosti<\/strong><\/h3>\n<ol data-start=\"6917\" data-end=\"7330\">\n<li data-start=\"6917\" data-end=\"7013\">\n<p data-start=\"6920\" data-end=\"7013\"><strong data-start=\"6920\" data-end=\"6955\">Stalni rezultati istra\u017eivanja:<\/strong> Pouzdani i reproducibilni podaci u svakom eksperimentu.<\/p>\n<\/li>\n<li data-start=\"7014\" data-end=\"7101\">\n<p data-start=\"7017\" data-end=\"7101\"><strong data-start=\"7017\" data-end=\"7042\">To\u010dno doziranje:<\/strong> 25 mg po peleti osigurava ujedna\u010dene uvjete istra\u017eivanja.<\/p>\n<\/li>\n<li data-start=\"7102\" data-end=\"7173\">\n<p data-start=\"7105\" data-end=\"7173\"><strong data-start=\"7105\" data-end=\"7127\">Sigurno rukovanje:<\/strong> Oblik peleta smanjuje rizike tijekom upotrebe.<\/p>\n<\/li>\n<li data-start=\"7174\" data-end=\"7249\">\n<p data-start=\"7177\" data-end=\"7249\"><strong data-start=\"7177\" data-end=\"7204\">Dugoro\u010dna stabilnost:<\/strong> Ostaje kemijski stabilan uz pravilno skladi\u0161tenje.<\/p>\n<\/li>\n<li data-start=\"7250\" data-end=\"7330\">\n<p data-start=\"7253\" data-end=\"7330\"><strong data-start=\"7253\" data-end=\"7281\">Profesionalna kvaliteta:<\/strong> U skladu s me\u0111unarodnim laboratorijskim standardima.<\/p>\n<\/li>\n<\/ol>\n<hr data-start=\"7332\" data-end=\"7335\" \/>\n<h3 data-start=\"7337\" data-end=\"7376\"><strong data-start=\"7341\" data-end=\"7376\">Upotreba (samo za istra\u017eivanje)<\/strong><\/h3>\n<ol data-start=\"7378\" data-end=\"7727\">\n<li data-start=\"7378\" data-end=\"7460\">\n<p data-start=\"7381\" data-end=\"7460\"><strong data-start=\"7381\" data-end=\"7411\">Nosite za\u0161titnu odje\u0107u<\/strong> kao \u0161to su rukavice, laboratorijski ogrta\u010d i za\u0161titne nao\u010dale.<\/p>\n<\/li>\n<li data-start=\"7461\" data-end=\"7536\">\n<p data-start=\"7464\" data-end=\"7536\"><strong data-start=\"7464\" data-end=\"7502\">Koristite kalibrirane instrumente<\/strong> za precizno mjerenje i vaganje.<\/p>\n<\/li>\n<li data-start=\"7537\" data-end=\"7609\">\n<p data-start=\"7540\" data-end=\"7609\"><strong data-start=\"7540\" data-end=\"7579\">Rad u kontroliranom okru\u017eenju<\/strong> kako bi se sprije\u010dila kontaminacija.<\/p>\n<\/li>\n<li data-start=\"7610\" data-end=\"7668\">\n<p data-start=\"7613\" data-end=\"7668\"><strong data-start=\"7613\" data-end=\"7643\">\u010cuvajte neiskori\u0161tene pelete<\/strong> hladnom, suhom i tamnom.<\/p>\n<\/li>\n<li data-start=\"7669\" data-end=\"7727\">\n<p data-start=\"7672\" data-end=\"7727\"><strong data-start=\"7672\" data-end=\"7691\">Uklonite otpad<\/strong> prema sigurnosnim propisima.<\/p>\n<\/li>\n<\/ol>\n<blockquote data-start=\"7729\" data-end=\"7806\">\n<p data-start=\"7731\" data-end=\"7806\">\u2697\ufe0f <strong data-start=\"7734\" data-end=\"7806\">Samo za laboratorijska ispitivanja \u2013 nije za ljudsku konzumaciju.<\/strong><\/p>\n<\/blockquote>\n<hr data-start=\"7808\" data-end=\"7811\" \/>\n<h3 data-start=\"7813\" data-end=\"7838\"><strong data-start=\"7817\" data-end=\"7838\">Upute za pohranu<\/strong><\/h3>\n<ul data-start=\"7840\" data-end=\"8046\">\n<li data-start=\"7840\" data-end=\"7908\">\n<p data-start=\"7842\" data-end=\"7908\">Spremi na <strong data-start=\"7853\" data-end=\"7864\">15\u201325 \u00b0C<\/strong>, na <strong data-start=\"7873\" data-end=\"7905\">hladnom, suhom, tamnom mjestu<\/strong>.<\/p>\n<\/li>\n<li data-start=\"7909\" data-end=\"7952\">\n<p data-start=\"7911\" data-end=\"7952\">Sa\u010duvajte ambala\u017eu <strong data-start=\"7930\" data-end=\"7949\">dobro zatvoreno<\/strong>.<\/p>\n<\/li>\n<li data-start=\"7953\" data-end=\"8003\">\n<p data-start=\"7955\" data-end=\"8003\">Izbjegavajte kontakt s <strong data-start=\"7975\" data-end=\"8000\">svjetlost, vlaga i toplina<\/strong>.<\/p>\n<\/li>\n<li data-start=\"8004\" data-end=\"8046\">\n<p data-start=\"8006\" data-end=\"8046\">Dr\u017eati izvan dohvata neovla\u0161tenih osoba.<\/p>\n<\/li>\n<\/ul>\n<hr data-start=\"8048\" data-end=\"8051\" \/>\n<h3 data-start=\"8053\" data-end=\"8088\"><strong data-start=\"8057\" data-end=\"8088\">\u010cesto postavljana pitanja (FAQs)<\/strong><\/h3>\n<p data-start=\"8090\" data-end=\"8233\"><strong data-start=\"8090\" data-end=\"8130\">1. Za \u0161to se koristi aMT 25 mg?<\/strong><br data-start=\"8130\" data-end=\"8133\" \/>Za <strong data-start=\"8138\" data-end=\"8182\">znanstvena i analiti\u010dka istra\u017eivanja<\/strong> na analoge triptamina i interakcije receptora.<\/p>\n<p data-start=\"8235\" data-end=\"8404\"><strong data-start=\"8235\" data-end=\"8282\">2. Je li ovaj proizvod prikladan za konzumaciju?<\/strong><br data-start=\"8282\" data-end=\"8285\" \/>Ne. <strong data-start=\"8290\" data-end=\"8310\">aMT 25 mg pelete<\/strong> su <strong data-start=\"8316\" data-end=\"8366\">namijenjeno samo za laboratorijska istra\u017eivanja<\/strong> a ne za ljudsku konzumaciju.<\/p>\n<p data-start=\"8406\" data-end=\"8551\"><strong data-start=\"8406\" data-end=\"8447\">3. Kako pravilno skladi\u0161titi proizvod?<\/strong><br data-start=\"8447\" data-end=\"8450\" \/>Dr\u017eite ga u <strong data-start=\"8468\" data-end=\"8514\">hladnom, suhom i tamnom okru\u017eenju (15\u201325 \u00b0C)<\/strong> u dobro zatvorenoj posudi.<\/p>\n<hr data-start=\"8553\" data-end=\"8556\" \/>\n<h3 data-start=\"8558\" data-end=\"8575\"><strong data-start=\"8562\" data-end=\"8575\">Zaklju\u010dak<\/strong><\/h3>\n<p data-start=\"8577\" data-end=\"8809\"><strong data-start=\"8577\" data-end=\"8597\">aMT 25 mg pelete<\/strong> ponuda <strong data-start=\"8605\" data-end=\"8671\">precizno doziranje, visoka \u010disto\u0107a i kemijska stabilnost<\/strong>, idealno za profesionalna analiti\u010dka istra\u017eivanja. Savr\u0161eno za laboratorije koji se bave <strong data-start=\"8771\" data-end=\"8806\">studije povezane s triptaminom<\/strong>.<\/p>","protected":false},"excerpt":{"rendered":"<h3><span style=\"vertical-align: inherit;\"><span style=\"vertical-align: inherit;\">svojstva aMT-a<\/span><\/span><\/h3>\n<p><strong><span style=\"vertical-align: inherit;\"><span style=\"vertical-align: inherit;\">Sinonim:<\/span><\/span><\/strong><span style=\"vertical-align: inherit;\"><span style=\"vertical-align: inherit;\"> alfa-metiltriptamin <\/span><\/span><br \/>\n<strong><span style=\"vertical-align: inherit;\"><span style=\"vertical-align: inherit;\">CAS broj:<\/span><\/span><\/strong><span style=\"vertical-align: inherit;\"><span style=\"vertical-align: inherit;\"> 299-26-3 <\/span><\/span><br \/>\n<strong><span style=\"vertical-align: inherit;\"><span style=\"vertical-align: inherit;\">Formula:<\/span><\/span><\/strong><span style=\"vertical-align: inherit;\"><span style=\"vertical-align: inherit;\"> C11H14N2 <\/span><\/span><br \/>\n<strong><span style=\"vertical-align: inherit;\"><span style=\"vertical-align: inherit;\">Molarna masa:<\/span><\/span><\/strong><span style=\"vertical-align: inherit;\"><span style=\"vertical-align: inherit;\"> 174,247 g mol\u22121 <\/span><\/span><br \/>\n<strong><span style=\"vertical-align: inherit;\"><span style=\"vertical-align: inherit;\">\u010cisto\u0107a:<\/span><\/span><\/strong><span style=\"vertical-align: inherit;\"><span style=\"vertical-align: inherit;\"> &gt;98%<\/span><\/span><\/p>","protected":false},"featured_media":29289,"comment_status":"closed","ping_status":"closed","template":"","meta":[],"product_brand":[],"product_cat":[404,485,324,381],"product_tag":[1100,326],"class_list":{"0":"post-24045","1":"product","2":"type-product","3":"status-publish","4":"has-post-thumbnail","6":"product_cat-amt","7":"product_cat-amt-pellets","8":"product_cat-pellets-for-pellet","9":"product_cat-tryptamines","10":"product_tag-amt-25mg-pellets","11":"product_tag-nl","13":"first","14":"instock","15":"taxable","16":"shipping-taxable","17":"purchasable","18":"product-type-variable"},"_links":{"self":[{"href":"https:\/\/onderzoekschemicals.com\/hr\/wp-json\/wp\/v2\/product\/24045","targetHints":{"allow":["GET"]}}],"collection":[{"href":"https:\/\/onderzoekschemicals.com\/hr\/wp-json\/wp\/v2\/product"}],"about":[{"href":"https:\/\/onderzoekschemicals.com\/hr\/wp-json\/wp\/v2\/types\/product"}],"replies":[{"embeddable":true,"href":"https:\/\/onderzoekschemicals.com\/hr\/wp-json\/wp\/v2\/comments?post=24045"}],"version-history":[{"count":5,"href":"https:\/\/onderzoekschemicals.com\/hr\/wp-json\/wp\/v2\/product\/24045\/revisions"}],"predecessor-version":[{"id":27891,"href":"https:\/\/onderzoekschemicals.com\/hr\/wp-json\/wp\/v2\/product\/24045\/revisions\/27891"}],"wp:featuredmedia":[{"embeddable":true,"href":"https:\/\/onderzoekschemicals.com\/hr\/wp-json\/wp\/v2\/media\/29289"}],"wp:attachment":[{"href":"https:\/\/onderzoekschemicals.com\/hr\/wp-json\/wp\/v2\/media?parent=24045"}],"wp:term":[{"taxonomy":"product_brand","embeddable":true,"href":"https:\/\/onderzoekschemicals.com\/hr\/wp-json\/wp\/v2\/product_brand?post=24045"},{"taxonomy":"product_cat","embeddable":true,"href":"https:\/\/onderzoekschemicals.com\/hr\/wp-json\/wp\/v2\/product_cat?post=24045"},{"taxonomy":"product_tag","embeddable":true,"href":"https:\/\/onderzoekschemicals.com\/hr\/wp-json\/wp\/v2\/product_tag?post=24045"}],"curies":[{"name":"radni list","href":"https:\/\/api.w.org\/{rel}","templated":true}]}}