{"id":23902,"date":"2025-04-13T17:40:39","date_gmt":"2025-04-13T17:40:39","guid":{"rendered":"https:\/\/onderzoekschemicals.com\/?post_type=product&#038;p=23902"},"modified":"2025-11-28T07:26:48","modified_gmt":"2025-11-28T07:26:48","slug":"1cp-lsd-10-mcg-pellets-microdose","status":"publish","type":"product","link":"https:\/\/onderzoekschemicals.com\/hr\/shop\/1cp-lsd\/1cp-lsd-10-mcg-pellets-microdose\/","title":{"rendered":"1cP-LSD 10 MCG peleta \u2013 mikrodoza"},"content":{"rendered":"<h3 data-start=\"6127\" data-end=\"6146\"><strong data-start=\"6131\" data-end=\"6146\">Uvod<\/strong><\/h3>\n<p data-start=\"6148\" data-end=\"6467\"><strong data-start=\"6148\" data-end=\"6172\">1cP-LSD 10\u00b5g pelete<\/strong> (dietilamid 1-ciklopropionil-lizerginske kiseline) su <strong data-start=\"6224\" data-end=\"6271\">istra\u017eiva\u010dke tvari analiti\u010dke \u010disto\u0107e<\/strong>, posebno razvijen za <strong data-start=\"6298\" data-end=\"6352\">znanstvena, kemijska i forenzi\u010dka istra\u017eivanja<\/strong>1cP-LSD 10\u00b5g pelete<br data-start=\"6353\" data-end=\"6356\" \/>Ova veza pripada <strong data-start=\"6387\" data-end=\"6409\">obitelj lizergamida<\/strong> i strukturno je povezan s <strong data-start=\"6440\" data-end=\"6450\">1P-LSD<\/strong> i <strong data-start=\"6454\" data-end=\"6464\">LSD-25<\/strong>.<\/p>\n<p data-start=\"6469\" data-end=\"6697\">Svaka kuglica sadr\u017ei <strong data-start=\"6487\" data-end=\"6508\">10 mikrograma (\u00b5g)<\/strong> 1cP-LSD s \u010disto\u0107om od <strong data-start=\"6540\" data-end=\"6548\">\u226599%<\/strong>, proizvedeno pod <strong data-start=\"6569\" data-end=\"6610\">GLP standardi (Dobra laboratorijska praksa)<\/strong>.<br data-start=\"6611\" data-end=\"6614\" \/>Idealno za <strong data-start=\"6626\" data-end=\"6694\">kromatografske, spektroskopske i receptor-specifi\u010dne analize<\/strong>.<\/p>\n<blockquote data-start=\"6699\" data-end=\"6843\">\n<p data-start=\"6701\" data-end=\"6843\">\u26a0\ufe0f <strong data-start=\"6704\" data-end=\"6715\">Napomena:<\/strong> Ovaj proizvod je <strong data-start=\"6731\" data-end=\"6781\">namijenjeno samo za laboratorijska istra\u017eivanja<\/strong> i <strong data-start=\"6785\" data-end=\"6842\">nije prikladno za ljudsku ili \u017eivotinjsku konzumaciju<\/strong>.<\/p>\n<\/blockquote>\n<hr data-start=\"6845\" data-end=\"6848\" \/>\n<h3 data-start=\"6850\" data-end=\"6881\"><strong data-start=\"6854\" data-end=\"6881\">Klju\u010dne zna\u010dajke<\/strong><\/h3>\n<ul data-start=\"6883\" data-end=\"7316\">\n<li data-start=\"6883\" data-end=\"6949\">\n<p data-start=\"6885\" data-end=\"6949\"><strong data-start=\"6885\" data-end=\"6917\">Visoka analiti\u010dka \u010disto\u0107a:<\/strong> \u226599%, testirano HPLC-om i NMR-om.<\/p>\n<\/li>\n<li data-start=\"6950\" data-end=\"7019\">\n<p data-start=\"6952\" data-end=\"7019\"><strong data-start=\"6952\" data-end=\"6975\">Preciznost mikrodoze:<\/strong> Svaka kuglica sadr\u017ei to\u010dno <strong data-start=\"7000\" data-end=\"7016\">10\u00b5g 1cP-LSD-a<\/strong>.<\/p>\n<\/li>\n<li data-start=\"7020\" data-end=\"7086\">\n<p data-start=\"7022\" data-end=\"7086\"><strong data-start=\"7022\" data-end=\"7043\">Kemijski stabilan:<\/strong> Otporno na raspadanje pri pravilnom skladi\u0161tenju.<\/p>\n<\/li>\n<li data-start=\"7087\" data-end=\"7158\">\n<p data-start=\"7089\" data-end=\"7158\"><strong data-start=\"7089\" data-end=\"7107\">GLP proizvodnja:<\/strong> Proizvedeno prema strogim laboratorijskim standardima.<\/p>\n<\/li>\n<li data-start=\"7159\" data-end=\"7236\">\n<p data-start=\"7161\" data-end=\"7236\"><strong data-start=\"7161\" data-end=\"7178\">Serijsko testirano:<\/strong> Svaka serija je provjerena na identitet i konzistentnost.<\/p>\n<\/li>\n<li data-start=\"7237\" data-end=\"7316\">\n<p data-start=\"7239\" data-end=\"7316\"><strong data-start=\"7239\" data-end=\"7262\">Sigurno pakiranje:<\/strong> Hermeti\u010dki zatvoreno i zape\u010da\u0107eno za optimalan rok trajanja.<\/p>\n<\/li>\n<\/ul>\n<hr data-start=\"7318\" data-end=\"7321\" \/>\n<h3 data-start=\"7323\" data-end=\"7340\"><strong data-start=\"7327\" data-end=\"7340\">Prednosti<\/strong><\/h3>\n<ol data-start=\"7342\" data-end=\"7772\">\n<li data-start=\"7342\" data-end=\"7454\">\n<p data-start=\"7345\" data-end=\"7454\"><strong data-start=\"7345\" data-end=\"7382\">Idealno za analiti\u010dka istra\u017eivanja:<\/strong> Prikladno za <strong data-start=\"7397\" data-end=\"7451\">kromatografija, spektroskopija i istra\u017eivanje receptora<\/strong>.<\/p>\n<\/li>\n<li data-start=\"7455\" data-end=\"7544\">\n<p data-start=\"7458\" data-end=\"7544\"><strong data-start=\"7458\" data-end=\"7487\">To\u010dnost mikrodoze:<\/strong> Precizno doziranje od 10 \u00b5g za studije mikrodoziranja.<\/p>\n<\/li>\n<li data-start=\"7545\" data-end=\"7625\">\n<p data-start=\"7548\" data-end=\"7625\"><strong data-start=\"7548\" data-end=\"7575\">Dugoro\u010dna stabilnost:<\/strong> Otporan na svjetlost i vlagu uz pravilno skladi\u0161tenje.<\/p>\n<\/li>\n<li data-start=\"7626\" data-end=\"7705\">\n<p data-start=\"7629\" data-end=\"7705\"><strong data-start=\"7629\" data-end=\"7657\">Profesionalna kvaliteta:<\/strong> Dizajnirano za znanstvene laboratorije.<\/p>\n<\/li>\n<li data-start=\"7706\" data-end=\"7772\">\n<p data-start=\"7709\" data-end=\"7772\"><strong data-start=\"7709\" data-end=\"7736\">Pouzdani rezultati:<\/strong> Visoka konzistentnost izme\u0111u serija.<\/p>\n<\/li>\n<\/ol>\n<hr data-start=\"7774\" data-end=\"7777\" \/>\n<h3 data-start=\"7779\" data-end=\"7818\"><strong data-start=\"7783\" data-end=\"7818\">Upotreba (samo za istra\u017eivanje)<\/strong><\/h3>\n<ol data-start=\"7820\" data-end=\"8192\">\n<li data-start=\"7820\" data-end=\"7897\">\n<p data-start=\"7823\" data-end=\"7897\"><strong data-start=\"7823\" data-end=\"7854\">Nosite za\u0161titnu odje\u0107u:<\/strong> Rukavice, za\u0161titne nao\u010dale i laboratorijski ogrta\u010d.<\/p>\n<\/li>\n<li data-start=\"7898\" data-end=\"7966\">\n<p data-start=\"7901\" data-end=\"7966\"><strong data-start=\"7901\" data-end=\"7940\">Koristiti u kontroliranom okru\u017eenju:<\/strong> Radite \u010disto i sterilno.<\/p>\n<\/li>\n<li data-start=\"7967\" data-end=\"8048\">\n<p data-start=\"7970\" data-end=\"8048\"><strong data-start=\"7970\" data-end=\"7997\">Napomena o podacima o seriji:<\/strong> Zabilje\u017eite broj serije i eksperimentalne detalje.<\/p>\n<\/li>\n<li data-start=\"8049\" data-end=\"8127\">\n<p data-start=\"8052\" data-end=\"8127\"><strong data-start=\"8052\" data-end=\"8089\">Koristite kalibriranu opremu:<\/strong> Za preciznu mikrogramsku analizu.<\/p>\n<\/li>\n<li data-start=\"8128\" data-end=\"8192\">\n<p data-start=\"8131\" data-end=\"8192\"><strong data-start=\"8131\" data-end=\"8158\">Sigurno odlo\u017eite otpad:<\/strong> Slijedite sigurnosne smjernice.<\/p>\n<\/li>\n<\/ol>\n<blockquote data-start=\"8194\" data-end=\"8279\">\n<p data-start=\"8196\" data-end=\"8279\">\u2697\ufe0f <strong data-start=\"8199\" data-end=\"8279\">Samo za laboratorijska ispitivanja \u2013 nije za ljudsku konzumaciju.<\/strong><\/p>\n<\/blockquote>\n<hr data-start=\"8281\" data-end=\"8284\" \/>\n<h3 data-start=\"8286\" data-end=\"8311\"><strong data-start=\"8290\" data-end=\"8311\">Upute za pohranu<\/strong><\/h3>\n<ul data-start=\"8313\" data-end=\"8498\">\n<li data-start=\"8313\" data-end=\"8355\">\n<p data-start=\"8315\" data-end=\"8355\">Spremi na <strong data-start=\"8326\" data-end=\"8335\">2\u20138 \u00b0C<\/strong>, suho i tamno.<\/p>\n<\/li>\n<li data-start=\"8356\" data-end=\"8392\">\n<p data-start=\"8358\" data-end=\"8392\">Dr\u017eite spremnik \u010dvrsto zatvoren.<\/p>\n<\/li>\n<li data-start=\"8393\" data-end=\"8438\">\n<p data-start=\"8395\" data-end=\"8438\">Za\u0161titite se od <strong data-start=\"8410\" data-end=\"8435\">svjetlost, vlaga i toplina<\/strong>.<\/p>\n<\/li>\n<li data-start=\"8439\" data-end=\"8498\">\n<p data-start=\"8441\" data-end=\"8498\">Pristupno samo ovla\u0161tenom laboratorijskom osoblju.<\/p>\n<\/li>\n<\/ul>\n<hr data-start=\"8500\" data-end=\"8503\" \/>\n<h3 data-start=\"8505\" data-end=\"8540\"><strong data-start=\"8509\" data-end=\"8540\">\u010cesto postavljana pitanja (FAQs)<\/strong><\/h3>\n<p data-start=\"8542\" data-end=\"8708\"><strong data-start=\"8542\" data-end=\"8586\">1. Za \u0161to se koristi 1cP-LSD 10\u00b5g?<\/strong><br data-start=\"8586\" data-end=\"8589\" \/>Za <strong data-start=\"8594\" data-end=\"8638\">znanstvena i analiti\u010dka istra\u017eivanja<\/strong>, usmjeren na <strong data-start=\"8651\" data-end=\"8676\">derivati lisergamida<\/strong> i <strong data-start=\"8680\" data-end=\"8705\">analiza mikrodoziranja<\/strong>.<\/p>\n<p data-start=\"8710\" data-end=\"8905\"><strong data-start=\"8710\" data-end=\"8753\">2. Je li 1cP-LSD prikladan za konzumaciju?<\/strong><br data-start=\"8753\" data-end=\"8756\" \/>Ne. <strong data-start=\"8761\" data-end=\"8785\">1cP-LSD 10\u00b5g pelete<\/strong> su <strong data-start=\"8791\" data-end=\"8841\">namijenjeno samo za laboratorijska istra\u017eivanja<\/strong> i <strong data-start=\"8845\" data-end=\"8902\">nije prikladno za ljudsku ili \u017eivotinjsku konzumaciju<\/strong>.<\/p>\n<p data-start=\"8907\" data-end=\"9043\"><strong data-start=\"8907\" data-end=\"8946\">3. Kako najbolje \u010duvati 1cP-LSD?<\/strong><br data-start=\"8946\" data-end=\"8949\" \/>U\u0161tedite na <strong data-start=\"8963\" data-end=\"9005\">hladnom, suhom i tamnom mjestu (2\u20138 \u00b0C)<\/strong>, u <strong data-start=\"9014\" data-end=\"9040\">hermeti\u010dki zatvoreno pakiranje<\/strong>.<\/p>\n<hr data-start=\"9045\" data-end=\"9048\" \/>\n<h3 data-start=\"9050\" data-end=\"9067\"><strong data-start=\"9054\" data-end=\"9067\">Zaklju\u010dak<\/strong><\/h3>\n<p data-start=\"9069\" data-end=\"9360\"><strong data-start=\"9069\" data-end=\"9105\">1cP-LSD 10\u00b5g pelete (mikrodoza)<\/strong> su <strong data-start=\"9111\" data-end=\"9152\">visokokvalitetni analiti\u010dki spojevi<\/strong>, idealno za <strong data-start=\"9166\" data-end=\"9202\">forenzi\u010dka i kemijska istraga<\/strong>.<br data-start=\"9203\" data-end=\"9206\" \/>Njihov <strong data-start=\"9210\" data-end=\"9249\">mikrodoziraju\u0107a preciznost, visoka \u010disto\u0107a<\/strong> i <strong data-start=\"9253\" data-end=\"9270\">GLP proizvodnja<\/strong> predstavljaju pouzdan izbor za laboratorije koji <strong data-start=\"9323\" data-end=\"9347\">analize lizergamida<\/strong> izvr\u0161iti.<\/p>","protected":false},"excerpt":{"rendered":"<h3><span data-sheets-value=\"{\"><span dir=\"auto\" style=\"vertical-align: inherit;\"><span dir=\"auto\" style=\"vertical-align: inherit;\">1cP-LSD pelete<\/span><\/span><\/span><span dir=\"auto\" style=\"vertical-align: inherit;\"><span dir=\"auto\" style=\"vertical-align: inherit;\"> Svojstva<\/span><\/span><\/h3>\n<p><strong><span dir=\"auto\" style=\"vertical-align: inherit;\"><span dir=\"auto\" style=\"vertical-align: inherit;\">Sinonim:<\/span><\/span><\/strong><span dir=\"auto\" style=\"vertical-align: inherit;\"><span dir=\"auto\" style=\"vertical-align: inherit;\"> 1-ciklopropankarbonil-lizerginska kiselina dietilamid hemi-L-tartarat <\/span><\/span><br \/>\n<strong><span dir=\"auto\" style=\"vertical-align: inherit;\"><span dir=\"auto\" style=\"vertical-align: inherit;\">CAS broj:<\/span><\/span><\/strong><span dir=\"auto\" style=\"vertical-align: inherit;\"><span dir=\"auto\" style=\"vertical-align: inherit;\"> NAKON <\/span><\/span><br \/>\n<strong><span dir=\"auto\" style=\"vertical-align: inherit;\"><span dir=\"auto\" style=\"vertical-align: inherit;\">Formula:<\/span><\/span><\/strong><span dir=\"auto\" style=\"vertical-align: inherit;\"><span dir=\"auto\" style=\"vertical-align: inherit;\"> (8\u03b2)-1-ciklopropionil-N,N-dietil-6-metil-9,10-didehidroergolin-8-karboksamid hemi-L-tartarat <\/span><\/span><br \/>\n<strong><span dir=\"auto\" style=\"vertical-align: inherit;\"><span dir=\"auto\" style=\"vertical-align: inherit;\">Molarna masa:<\/span><\/span><\/strong><span dir=\"auto\" style=\"vertical-align: inherit;\"><span dir=\"auto\" style=\"vertical-align: inherit;\"> 466,4 g\/mol <\/span><\/span><br \/>\n<strong><span dir=\"auto\" style=\"vertical-align: inherit;\"><span dir=\"auto\" style=\"vertical-align: inherit;\">\u010cisto\u0107a:<\/span><\/span><\/strong><span dir=\"auto\" style=\"vertical-align: inherit;\"><span dir=\"auto\" style=\"vertical-align: inherit;\"> &gt;97%<\/span><\/span><\/p>","protected":false},"featured_media":29153,"comment_status":"closed","ping_status":"closed","template":"","meta":[],"product_brand":[],"product_cat":[360,377,358,324],"product_tag":[1229,326],"class_list":{"0":"post-23902","1":"product","2":"type-product","3":"status-publish","4":"has-post-thumbnail","6":"product_cat-1cp-lsd","7":"product_cat-1cp-lsd-pellets","8":"product_cat-lysergamides","9":"product_cat-pellets-for-pellet","10":"product_tag-1cp-lsd-10g-pellets","11":"product_tag-nl","13":"first","14":"instock","15":"taxable","16":"shipping-taxable","17":"purchasable","18":"product-type-variable"},"_links":{"self":[{"href":"https:\/\/onderzoekschemicals.com\/hr\/wp-json\/wp\/v2\/product\/23902","targetHints":{"allow":["GET"]}}],"collection":[{"href":"https:\/\/onderzoekschemicals.com\/hr\/wp-json\/wp\/v2\/product"}],"about":[{"href":"https:\/\/onderzoekschemicals.com\/hr\/wp-json\/wp\/v2\/types\/product"}],"replies":[{"embeddable":true,"href":"https:\/\/onderzoekschemicals.com\/hr\/wp-json\/wp\/v2\/comments?post=23902"}],"version-history":[{"count":5,"href":"https:\/\/onderzoekschemicals.com\/hr\/wp-json\/wp\/v2\/product\/23902\/revisions"}],"predecessor-version":[{"id":27925,"href":"https:\/\/onderzoekschemicals.com\/hr\/wp-json\/wp\/v2\/product\/23902\/revisions\/27925"}],"wp:featuredmedia":[{"embeddable":true,"href":"https:\/\/onderzoekschemicals.com\/hr\/wp-json\/wp\/v2\/media\/29153"}],"wp:attachment":[{"href":"https:\/\/onderzoekschemicals.com\/hr\/wp-json\/wp\/v2\/media?parent=23902"}],"wp:term":[{"taxonomy":"product_brand","embeddable":true,"href":"https:\/\/onderzoekschemicals.com\/hr\/wp-json\/wp\/v2\/product_brand?post=23902"},{"taxonomy":"product_cat","embeddable":true,"href":"https:\/\/onderzoekschemicals.com\/hr\/wp-json\/wp\/v2\/product_cat?post=23902"},{"taxonomy":"product_tag","embeddable":true,"href":"https:\/\/onderzoekschemicals.com\/hr\/wp-json\/wp\/v2\/product_tag?post=23902"}],"curies":[{"name":"radni list","href":"https:\/\/api.w.org\/{rel}","templated":true}]}}