{"id":23083,"date":"2025-04-13T17:39:07","date_gmt":"2025-04-13T17:39:07","guid":{"rendered":"https:\/\/onderzoekschemicals.com\/?post_type=product&#038;p=23083"},"modified":"2025-11-28T21:31:48","modified_gmt":"2025-11-28T21:31:48","slug":"3-cmc-kopen","status":"publish","type":"product","link":"https:\/\/onderzoekschemicals.com\/hr\/shop\/verboden\/3-cmc-kopen\/","title":{"rendered":"Kupite 3-CMC (3-klorometakatinon)"},"content":{"rendered":"<h1><strong><span style=\"vertical-align: inherit;\"><span style=\"vertical-align: inherit;\">Naru\u010dite 3 cmc (3-klorometakatinon) \u2013 Pure Research Chemical<\/span><\/span><\/strong><\/h1>\n<p data-start=\"7172\" data-end=\"7469\"><strong data-start=\"7172\" data-end=\"7181\">3-CMC<\/strong>ili <strong data-start=\"7186\" data-end=\"7210\">3-klorometakatinon<\/strong>, je <strong data-start=\"7219\" data-end=\"7253\">sinteti\u010dki stimulans<\/strong> od <strong data-start=\"7261\" data-end=\"7279\">klasa katinona<\/strong>, povezano s <strong data-start=\"7293\" data-end=\"7302\">3-MMC<\/strong> i <strong data-start=\"7306\" data-end=\"7320\">mefedron<\/strong>. <span class=\"___SBox_epc1q-ko_ ___SText_zko9t-ko_\" data-ui-name=\"Link.Text\">kupiti 3 cmc<\/span><br data-start=\"7321\" data-end=\"7324\" \/>Ima <strong data-start=\"7338\" data-end=\"7375\">supstitucija klora na poziciji 3<\/strong> fenilnog prstena i istra\u017euje se unutar <strong data-start=\"7420\" data-end=\"7466\">forenzi\u010dki i farmakolo\u0161ki laboratoriji<\/strong>. <span class=\"___SBox_epc1q-ko_ ___SText_zko9t-ko_\" data-ui-name=\"Link.Text\">kupiti 3 cmc<\/span><\/p>\n<p data-start=\"7471\" data-end=\"7575\">3-CMC ima <strong data-start=\"7483\" data-end=\"7511\">nema medicinske primjene<\/strong> i spada pod u mnogim zemljama <strong data-start=\"7541\" data-end=\"7574\">zakonodavstvo o reguliranim tvarima<\/strong>.<\/p>\n<hr data-start=\"7577\" data-end=\"7580\" \/>\n<h2 data-start=\"7582\" data-end=\"7629\"><strong data-start=\"7585\" data-end=\"7629\">Kemijska i farmakolo\u0161ka pozadina<\/strong><\/h2>\n<p data-start=\"7631\" data-end=\"7656\"><strong data-start=\"7631\" data-end=\"7656\">Va\u017ene informacije:<\/strong><\/p>\n<ul data-start=\"7657\" data-end=\"7937\">\n<li data-start=\"7657\" data-end=\"7721\">\n<p data-start=\"7659\" data-end=\"7721\"><strong data-start=\"7659\" data-end=\"7674\">Naziv po IUPAC-u:<\/strong> 1-(3-klorofenil)-2-(metilamino)propan-1-on<\/p>\n<\/li>\n<li data-start=\"7722\" data-end=\"7757\">\n<p data-start=\"7724\" data-end=\"7757\"><strong data-start=\"7724\" data-end=\"7744\">Molekularna formula:<\/strong> C10H12ClNO<\/p>\n<\/li>\n<li data-start=\"7758\" data-end=\"7794\">\n<p data-start=\"7760\" data-end=\"7794\"><strong data-start=\"7760\" data-end=\"7778\">Molekularna masa:<\/strong> \u00b1197,66 g\/mol<\/p>\n<\/li>\n<li data-start=\"7795\" data-end=\"7847\">\n<p data-start=\"7797\" data-end=\"7847\"><strong data-start=\"7797\" data-end=\"7818\">Kemijska klasa:<\/strong> Supstituirani katinoni<\/p>\n<\/li>\n<li data-start=\"7848\" data-end=\"7937\">\n<p data-start=\"7850\" data-end=\"7937\"><strong data-start=\"7850\" data-end=\"7870\">Funkcija receptora:<\/strong> Utje\u010de na transportere dopamina, serotonina i noradrenalina.<\/p>\n<\/li>\n<\/ul>\n<p data-start=\"7939\" data-end=\"8082\">The <strong data-start=\"7942\" data-end=\"7963\">zamjena klora<\/strong> utje\u010de na vezanje receptora i metaboli\u010dku stabilnost, \u0161to ga \u010dini zanimljivim za <strong data-start=\"8049\" data-end=\"8081\">istra\u017eivanje strukture i aktivnosti<\/strong>.<\/p>\n<hr data-start=\"8084\" data-end=\"8087\" \/>\n<h2 data-start=\"8089\" data-end=\"8116\"><strong data-start=\"8092\" data-end=\"8116\">Istra\u017eiva\u010dke svrhe<\/strong><\/h2>\n<p data-start=\"8118\" data-end=\"8146\">3-CMC se istra\u017euje zbog:<\/p>\n<ul data-start=\"8147\" data-end=\"8435\">\n<li data-start=\"8147\" data-end=\"8209\">\n<p data-start=\"8149\" data-end=\"8209\"><strong data-start=\"8149\" data-end=\"8172\">Analiti\u010dka kemija:<\/strong> detekcija putem GC-MS, LC-MS i FTIR.<\/p>\n<\/li>\n<li data-start=\"8210\" data-end=\"8302\">\n<p data-start=\"8212\" data-end=\"8302\"><strong data-start=\"8212\" data-end=\"8240\">Forenzi\u010dka toksikologija:<\/strong> identifikacija u biolo\u0161kim ili oduzetim uzorcima.<\/p>\n<\/li>\n<li data-start=\"8303\" data-end=\"8368\">\n<p data-start=\"8305\" data-end=\"8368\"><strong data-start=\"8305\" data-end=\"8322\">Farmakologija:<\/strong> istra\u017eivanje mehanizama neurotransmitera.<\/p>\n<\/li>\n<li data-start=\"8369\" data-end=\"8435\">\n<p data-start=\"8371\" data-end=\"8435\"><strong data-start=\"8371\" data-end=\"8391\">Javno zdravstvo:<\/strong> uklju\u010divanje u sustave upozorenja na NPS. <span class=\"___SBox_epc1q-ko_ ___SText_zko9t-ko_\" data-ui-name=\"Link.Text\">kupiti 3 cmc<\/span><\/p>\n<\/li>\n<\/ul>\n<hr data-start=\"8437\" data-end=\"8440\" \/>\n<h2 data-start=\"8442\" data-end=\"8486\"><strong data-start=\"8445\" data-end=\"8486\">Sigurnosna i pravna razmatranja<\/strong><\/h2>\n<p data-start=\"8488\" data-end=\"8648\"><strong data-start=\"8488\" data-end=\"8503\">Sigurnost:<\/strong><br data-start=\"8503\" data-end=\"8506\" \/>Rukovati samo od strane <strong data-start=\"8527\" data-end=\"8559\">kvalificirani istra\u017eiva\u010di<\/strong> u <strong data-start=\"8563\" data-end=\"8587\">licencirani laboratoriji<\/strong> koriste\u0107i <strong data-start=\"8604\" data-end=\"8613\">OZO<\/strong>.<br data-start=\"8614\" data-end=\"8617\" \/>Izbjegavajte kontakt ili udisanje.<\/p>\n<p data-start=\"8650\" data-end=\"8836\"><strong data-start=\"8650\" data-end=\"8672\">Pravni status:<\/strong><br data-start=\"8672\" data-end=\"8675\" \/>3-CMC je dostupan u ve\u0107ini zemalja <strong data-start=\"8704\" data-end=\"8731\">zabranjeno ili regulirano<\/strong> pod <strong data-start=\"8741\" data-end=\"8775\">zakonodavstvo o psihoaktivnim tvarima<\/strong>.<br data-start=\"8776\" data-end=\"8779\" \/>Upotreba izvan istra\u017eiva\u010dkih uvjeta je <strong data-start=\"8822\" data-end=\"8835\">ka\u017enjiv<\/strong>.<\/p>\n<hr data-start=\"8838\" data-end=\"8841\" \/>\n<h2 data-start=\"8843\" data-end=\"8877\"><strong data-start=\"8846\" data-end=\"8877\">\u010cesto postavljana pitanja (FAQs)<\/strong><\/h2>\n<h3 data-start=\"8879\" data-end=\"8922\"><strong data-start=\"8883\" data-end=\"8922\">1. Za \u0161to se ispituje 3-CMC?<\/strong><\/h3>\n<p data-start=\"8923\" data-end=\"9009\">Za <strong data-start=\"8928\" data-end=\"8982\">analiti\u010dka, forenzi\u010dka i farmakolo\u0161ka istra\u017eivanja<\/strong> na katinonske spojeve.<\/p>\n<h3 data-start=\"9011\" data-end=\"9038\"><strong data-start=\"9015\" data-end=\"9038\">2. Je li 3-CMC legalan?<\/strong><\/h3>\n<p data-start=\"9039\" data-end=\"9101\">Ne, u ve\u0107ini zemalja 3-CMC je <strong data-start=\"9073\" data-end=\"9100\">regulirano ili zabranjeno<\/strong>.<\/p>\n<h3 data-start=\"9103\" data-end=\"9154\"><strong data-start=\"9107\" data-end=\"9154\">3. Kako se 3-CMC treba sigurno rukovati?<\/strong><\/h3>\n<p data-start=\"9155\" data-end=\"9266\">Samo od <strong data-start=\"9167\" data-end=\"9197\">profesionalni istra\u017eiva\u010di<\/strong> u kontroliranim laboratorijima s odgovaraju\u0107im <strong data-start=\"9239\" data-end=\"9265\">sigurnosne mjere<\/strong>.<\/p>","protected":false},"excerpt":{"rendered":"<h2><span style=\"vertical-align: inherit;\"><span style=\"vertical-align: inherit;\"><span style=\"vertical-align: inherit;\"><span style=\"vertical-align: inherit;\">3-CMC Kupi<\/span><\/span><\/span><\/span><\/h2>\n<p><span style=\"vertical-align: inherit;\"><span style=\"vertical-align: inherit;\"><span style=\"vertical-align: inherit;\"><span style=\"vertical-align: inherit;\">Sinonim: 3-klorometakatinon <\/span><\/span><\/span><\/span><br \/>\n<span style=\"vertical-align: inherit;\"><span style=\"vertical-align: inherit;\"><span style=\"vertical-align: inherit;\"><span style=\"vertical-align: inherit;\">CAS broj: 1607439-32-6 <\/span><\/span><\/span><\/span><br \/>\n<span style=\"vertical-align: inherit;\"><span style=\"vertical-align: inherit;\"><span style=\"vertical-align: inherit;\"><span style=\"vertical-align: inherit;\">Formula: C10H12ClNO \u2022 HCL <\/span><\/span><\/span><\/span><br \/>\n<span style=\"vertical-align: inherit;\"><span style=\"vertical-align: inherit;\"><span style=\"vertical-align: inherit;\"><span style=\"vertical-align: inherit;\">Molarna masa: 234,1 g\/mol <\/span><\/span><\/span><\/span><br \/>\n<span style=\"vertical-align: inherit;\"><span style=\"vertical-align: inherit;\"><span style=\"vertical-align: inherit;\"><span style=\"vertical-align: inherit;\">\u010cisto\u0107a: \u226598%<\/span><\/span><\/span><\/span><\/p>","protected":false},"featured_media":29208,"comment_status":"closed","ping_status":"closed","template":"","meta":[],"product_brand":[82],"product_cat":[488],"product_tag":[874,587,592,326],"class_list":{"0":"post-23083","1":"product","2":"type-product","3":"status-publish","4":"has-post-thumbnail","6":"product_brand-research-chemical","7":"product_cat-verboden","8":"product_tag-3-cmc","9":"product_tag-3-cmc-bestellen","10":"product_tag-3-cmc-kopen","11":"product_tag-nl","13":"first","14":"instock","15":"taxable","16":"shipping-taxable","17":"purchasable","18":"product-type-simple"},"_links":{"self":[{"href":"https:\/\/onderzoekschemicals.com\/hr\/wp-json\/wp\/v2\/product\/23083","targetHints":{"allow":["GET"]}}],"collection":[{"href":"https:\/\/onderzoekschemicals.com\/hr\/wp-json\/wp\/v2\/product"}],"about":[{"href":"https:\/\/onderzoekschemicals.com\/hr\/wp-json\/wp\/v2\/types\/product"}],"replies":[{"embeddable":true,"href":"https:\/\/onderzoekschemicals.com\/hr\/wp-json\/wp\/v2\/comments?post=23083"}],"version-history":[{"count":8,"href":"https:\/\/onderzoekschemicals.com\/hr\/wp-json\/wp\/v2\/product\/23083\/revisions"}],"predecessor-version":[{"id":28777,"href":"https:\/\/onderzoekschemicals.com\/hr\/wp-json\/wp\/v2\/product\/23083\/revisions\/28777"}],"wp:featuredmedia":[{"embeddable":true,"href":"https:\/\/onderzoekschemicals.com\/hr\/wp-json\/wp\/v2\/media\/29208"}],"wp:attachment":[{"href":"https:\/\/onderzoekschemicals.com\/hr\/wp-json\/wp\/v2\/media?parent=23083"}],"wp:term":[{"taxonomy":"product_brand","embeddable":true,"href":"https:\/\/onderzoekschemicals.com\/hr\/wp-json\/wp\/v2\/product_brand?post=23083"},{"taxonomy":"product_cat","embeddable":true,"href":"https:\/\/onderzoekschemicals.com\/hr\/wp-json\/wp\/v2\/product_cat?post=23083"},{"taxonomy":"product_tag","embeddable":true,"href":"https:\/\/onderzoekschemicals.com\/hr\/wp-json\/wp\/v2\/product_tag?post=23083"}],"curies":[{"name":"radni list","href":"https:\/\/api.w.org\/{rel}","templated":true}]}}