{"id":27218,"date":"2025-08-14T11:23:19","date_gmt":"2025-08-14T11:23:19","guid":{"rendered":"https:\/\/onderzoekschemicals.com\/?page_id=27218"},"modified":"2025-10-11T18:07:48","modified_gmt":"2025-10-11T18:07:48","slug":"privacybeleid","status":"publish","type":"page","link":"https:\/\/onderzoekschemicals.com\/hr\/privacybeleid\/","title":{"rendered":"Pravila o privatnosti"},"content":{"rendered":"<p>Ovo je izjava o privatnosti tvrtke onderzoekschemicals.com, koju mo\u017eete prona\u0107i na&nbsp;<a href=\"http:\/\/onderzoekschemicals.com\/hr\/\">onderzoekschemicals.com<\/a><\/p>\n\n\n\n<h3 class=\"wp-block-heading\">Primjenjivost<\/h3>\n\n\n\n<p>Ova izjava o privatnosti odnosi se na sve osjetljive informacije ili osobne podatke koje nam dostavite, na primjer, putem registracijskog obrasca, kontakt obrasca ili narud\u017ebi koje izvr\u0161ite. Cijenimo privatnost na\u0161ih kupaca i stoga s najve\u0107om pa\u017enjom postupamo s obradom i za\u0161titom osobnih podataka. Obrada na\u0161ih podataka provodi se u skladu s uvjetima utvr\u0111enim u Op\u0107oj uredbi o za\u0161titi podataka (GDPR). onderzoekschemicals.com je voditelj obrade u smislu GDPR-a u vezi s va\u0161im osobnim podacima. To zna\u010di da mi odre\u0111ujemo koji se osobni podaci obra\u0111uju, u koju svrhu i na koji na\u010din. Osiguravamo da se va\u0161i osobni podaci obra\u0111uju ispravno i pa\u017eljivo u skladu s GDPR-om. U ovoj izjavi o privatnosti obja\u0161njavamo koje podatke obra\u0111ujemo i u koje svrhe se koriste.<\/p>\n\n\n\n<h3 class=\"wp-block-heading\">Pregled osobnih podataka<\/h3>\n\n\n\n<p>U nastavku slijedi pregled osobnih podataka koje obra\u0111ujemo:<\/p>\n\n\n\n<ul class=\"wp-block-list\">\n<li>Ime i prezime<\/li>\n\n\n\n<li>Podaci o adresi<\/li>\n\n\n\n<li>Broj telefona<\/li>\n\n\n\n<li>E-mail adresa<\/li>\n\n\n\n<li>IP adresa posjetitelja web stranice<\/li>\n<\/ul>\n\n\n\n<h3 class=\"wp-block-heading\">Svrha i osnova obrade podataka<\/h3>\n\n\n\n<p>Prihva\u0107anjem ove izjave o privatnosti izri\u010dito pristajete, kako je definirano u \u010dlanku 6. stavku 1. podstavku a GDPR-a, na obradu va\u0161ih osobnih podataka u dolje navedene svrhe. Ovu privolu mo\u017eete povu\u0107i u bilo kojem trenutku. Me\u0111utim, ako nam ne dostavite odre\u0111ene podatke ili nam ne dopustite da ih obra\u0111ujemo, mo\u017eda vam ne\u0107emo mo\u0107i pru\u017eiti optimalnu uslugu.<\/p>\n\n\n\n<p>Ako nam niste dali izri\u010ditu privolu za obradu va\u0161ih osobnih podataka ili ako ste tu privolu povukli, obrada va\u0161ih osobnih podataka mo\u017ee se temeljiti na \u010dlanku 6. stavku 1. podstavcima b, c i\/ili f GDPR-a. U tom slu\u010daju, obrada va\u0161ih osobnih podataka mo\u017ee se odvijati bez va\u0161eg pristanka, pod uvjetom da je to potrebno za izvr\u0161enje ugovora \u010dija ste stranka ili je to potrebno za za\u0161titu legitimnih interesa tvrtke onderzoekschemicals.com. Osim toga, mo\u017eemo biti zakonski obvezni obraditi va\u0161e osobne podatke.<\/p>\n\n\n\n<p>Va\u0161e osobne podatke obra\u0111ujemo u sljede\u0107e svrhe:<\/p>\n\n\n\n<ul class=\"wp-block-list\">\n<li>Pru\u017eanje na\u0161ih usluga (na primjer, dostava robe)<\/li>\n\n\n\n<li>Obrada va\u0161e uplate<\/li>\n\n\n\n<li>Slanje na\u0161eg biltena<\/li>\n\n\n\n<li>Obavje\u0161tavamo vas o promjenama u na\u0161im uslugama i proizvodima<\/li>\n\n\n\n<li>Nudimo vam mogu\u0107nost kreiranja ra\u010duna<\/li>\n<\/ul>\n\n\n\n<p>Va\u0161e osobne podatke ne pohranjujemo dulje nego \u0161to je strogo potrebno za postizanje svrha za koje su prikupljeni.<\/p>\n\n\n\n<h3 class=\"wp-block-heading\">Otkrivanje tre\u0107im stranama<\/h3>\n\n\n\n<p>Va\u0161e osobne podatke mo\u017eemo podijeliti s tre\u0107im stranama ako je to kompatibilno s gore navedenim svrhama. Otkrivanje podataka tre\u0107im stranama mo\u017ee biti potrebno za izvr\u0161enje ugovora koji sklapamo s vama, za ostvarivanje na\u0161ih legitimnih interesa ili za ispunjavanje zakonske obveze. Imamo ugovore o obradi podataka s tvrtkama koje obra\u0111uju va\u0161e podatke u na\u0161e ime kako bismo osigurali istu razinu sigurnosti i povjerljivosti va\u0161ih podataka. Ostajemo odgovorni za ove operacije obrade. Izvan gore navedenih situacija, va\u0161e osobne podatke drugim tre\u0107im stranama pru\u017eit \u0107emo samo uz va\u0161 izri\u010diti pristanak.<\/p>\n\n\n\n<h3 class=\"wp-block-heading\">Komercijalne svrhe<\/h3>\n\n\n\n<p>Va\u0161e osobne podatke mo\u017eemo koristiti u komercijalne svrhe, primjerice kako bismo vas obavje\u0161tavali o na\u0161im uslugama, relevantnim proizvodima ili promjenama u zakonodavstvu koje mogu utjecati na na\u0161u ponudu. U tom slu\u010daju, bit \u0107ete kontaktirani samo putem adrese e-po\u0161te koju ste registrirali kod nas. Ako ne \u017eelite primati informacije o relevantnim proizvodima ili uslugama, to mo\u017eete jednostavno nazna\u010diti klikom na &quot;odjavi se&quot; u e-poruci koju primite. Za istra\u017eivanje tr\u017ei\u0161ta, va\u0161i osobni podaci mogu biti anonimizirani tako da se vi\u0161e ne mogu povezati s vama.<\/p>\n\n\n\n<p>Va\u0161i podaci ne\u0107e biti prodani ili dijeljeni s tre\u0107im stranama u komercijalne svrhe, osim ako za to niste dali izri\u010dito dopu\u0161tenje.<\/p>\n\n\n\n<h3 class=\"wp-block-heading\">Kola\u010di\u0107i<\/h3>\n\n\n\n<p>Kola\u010di\u0107 je mala tekstualna datoteka koja se pohranjuje na va\u0161e ra\u010dunalo, tablet ili pametni telefon kada prvi put posjetite na\u0161u web stranicu. Ove kola\u010di\u0107e mo\u017eete onemogu\u0107iti konfiguriranjem internetskog preglednika da ih vi\u0161e ne pohranjuje. Tako\u0111er mo\u017eete izbrisati sve prethodno pohranjene podatke putem postavki preglednika.<\/p>\n\n\n\n<p>Koristimo sljede\u0107e kola\u010di\u0107e:<\/p>\n\n\n\n<ul class=\"wp-block-list\">\n<li><strong>Funkcionalni kola\u010di\u0107i:<\/strong>&nbsp;Ovo su kola\u010di\u0107i koji su neophodni za tehni\u010dki rad web stranice i va\u0161u jednostavnost kori\u0161tenja. Oni osiguravaju da web stranica ispravno funkcionira i pamti, na primjer, va\u0161e postavke. Ovi kola\u010di\u0107i nam omogu\u0107uju optimizaciju na\u0161e web stranice. To su analiti\u010dki kola\u010di\u0107i koji ne kr\u0161e va\u0161u privatnost i za koje nam nije potreban va\u0161 prethodni pristanak.<\/li>\n\n\n\n<li><strong>Google analitika:<\/strong>&nbsp;Ova web stranica koristi kola\u010di\u0107e ameri\u010dke tvrtke Google kao dio svoje usluge &quot;Analitika&quot;. onderzoekschemicals.com koristi ovu uslugu za dobivanje izvje\u0161\u0107a o kori\u0161tenju web stranice te za mjerenje njezine kvalitete i u\u010dinkovitosti. Google Analytics koristimo na na\u010din propisan od strane nizozemskog tijela za za\u0161titu podataka (Autoriteit Persoonsgegevens), stoga nam nije potreban va\u0161 prethodni pristanak za kori\u0161tenje Google Analyticsa.<\/li>\n<\/ul>\n\n\n\n<h3 class=\"wp-block-heading\">Pristup, ispravak ili brisanje<\/h3>\n\n\n\n<p>Imate pravo pristupiti svojim osobnim podacima, ispraviti ih ili izbrisati. Tako\u0111er imate pravo povu\u0107i svoju privolu za obradu svojih osobnih podataka ili prigovoriti na obradu svojih osobnih podataka. Tako\u0111er imate pravo na prenosivost podataka ako posjedujemo digitalne osobne podatke koje obra\u0111ujemo uz va\u0161u privolu ili radi ispunjenja ugovora koji imamo s vama.<\/p>\n\n\n\n<p>To zna\u010di da nam mo\u017eete podnijeti zahtjev da vam po\u0161aljemo digitalne osobne podatke koje pohranjujemo o vama u \u010ditljivoj ra\u010dunalnoj datoteci vama ili drugoj organizaciji koju ste imenovali.<\/p>\n\n\n\n<p>Zahtjev za pristup, ispravak, brisanje, prijenos va\u0161ih osobnih podataka ili zahtjev za povla\u010denje va\u0161e privole ili prigovor na obradu va\u0161ih osobnih podataka mo\u017eete poslati na info@onderzoekschemicals.com<\/p>\n\n\n\n<p><\/p>","protected":false},"excerpt":{"rendered":"<p>Dit is de privacyverklaring van onderzoekschemicals.com, te vinden op&nbsp;onderzoekschemicals.com Toepasselijkheid Deze privacyverklaring is van toepassing op alle gevoelige informatie of<\/p>","protected":false},"author":1,"featured_media":0,"parent":0,"menu_order":0,"comment_status":"closed","ping_status":"closed","template":"","meta":{"footnotes":""},"class_list":["post-27218","page","type-page","status-publish","hentry"],"_links":{"self":[{"href":"https:\/\/onderzoekschemicals.com\/hr\/wp-json\/wp\/v2\/pages\/27218","targetHints":{"allow":["GET"]}}],"collection":[{"href":"https:\/\/onderzoekschemicals.com\/hr\/wp-json\/wp\/v2\/pages"}],"about":[{"href":"https:\/\/onderzoekschemicals.com\/hr\/wp-json\/wp\/v2\/types\/page"}],"author":[{"embeddable":true,"href":"https:\/\/onderzoekschemicals.com\/hr\/wp-json\/wp\/v2\/users\/1"}],"replies":[{"embeddable":true,"href":"https:\/\/onderzoekschemicals.com\/hr\/wp-json\/wp\/v2\/comments?post=27218"}],"version-history":[{"count":2,"href":"https:\/\/onderzoekschemicals.com\/hr\/wp-json\/wp\/v2\/pages\/27218\/revisions"}],"predecessor-version":[{"id":27729,"href":"https:\/\/onderzoekschemicals.com\/hr\/wp-json\/wp\/v2\/pages\/27218\/revisions\/27729"}],"wp:attachment":[{"href":"https:\/\/onderzoekschemicals.com\/hr\/wp-json\/wp\/v2\/media?parent=27218"}],"curies":[{"name":"radni list","href":"https:\/\/api.w.org\/{rel}","templated":true}]}}