{"id":27570,"date":"2025-10-20T07:05:38","date_gmt":"2025-10-20T07:05:38","guid":{"rendered":"https:\/\/onderzoekschemicals.com\/?post_type=product&#038;p=27570"},"modified":"2025-10-21T05:49:34","modified_gmt":"2025-10-21T05:49:34","slug":"4mmc-kopen","status":"publish","type":"product","link":"https:\/\/onderzoekschemicals.com\/fr_be\/shop\/okategoriserad\/4mmc-kopen\/","title":{"rendered":"Acheter de la m\u00e9ph\u00e9drone (4MMC)"},"content":{"rendered":"<h2 data-start=\"557\" data-end=\"590\"><strong data-start=\"560\" data-end=\"590\">Qu&#039;est-ce que le m\u00e9ph\u00e9dron (4-MMC) ?<\/strong><\/h2>\n<p data-start=\"592\" data-end=\"923\">Mephedron, wieschaftlich bekannt als <strong data-start=\"632\" data-end=\"664\">4-m\u00e9thylm\u00e9thcathinone (4-MMC)<\/strong>, est une substance synth\u00e9tique du groupe <strong data-start=\"716\" data-end=\"729\">Cathinone<\/strong>, qui chimiquement mit <strong data-start=\"748\" data-end=\"764\">amph\u00e9tamines<\/strong> ist connexe. Urspr\u00fcnglich a \u00e9t\u00e9 commercialis\u00e9 au d\u00e9but des ann\u00e9es 2000 sous le nom de \u00ab Legal High \u00bb ou \u00ab Badesalz \u00bb, la promotion \u00e9tant interdite dans les L\u00e4nder les plus importants. <mark>acheter 4mmc<\/mark><\/p>\n<p data-start=\"925\" data-end=\"1301\">Synth\u00e9tis\u00e9 chimiquement, le m\u00e9ph\u00e9dron fonctionne comme <strong data-start=\"962\" data-end=\"975\">Incitation<\/strong>, c&#039;est-\u00e0-dire l&#039;activit\u00e9 du syst\u00e8me nerveux central. C&#039;est un excellent moyen de signaler l&#039;euphorie et la pluie\u00a0; la meilleure fa\u00e7on de le comprendre. <strong data-start=\"1125\" data-end=\"1143\">MDMA (ecstasy)<\/strong> Commande <strong data-start=\"1149\" data-end=\"1159\">Kokain<\/strong>. Que la substance n&#039;est pas r\u00e9glement\u00e9e et souvent contamin\u00e9e par la guerre, f\u00fchrten <strong data-start=\"1230\" data-end=\"1272\">risques et catastrophes pour la sant\u00e9<\/strong> zu internationalen Verboten.<\/p>\n<h2 data-start=\"1308\" data-end=\"1345\"><strong data-start=\"1311\" data-end=\"1345\">Qui travaille Mephedron \u00e0 K\u00f6rper ?<\/strong><\/h2>\n<p data-start=\"1347\" data-end=\"1672\">Le m\u00e9ph\u00e9dron influence la concentration du neurotransmetteur <strong data-start=\"1408\" data-end=\"1419\">Dopamine<\/strong>, <strong data-start=\"1421\" data-end=\"1434\">S\u00e9rotonine<\/strong> et <strong data-start=\"1439\" data-end=\"1455\">Noradr\u00e9naline<\/strong> je suis Gehirn. Ces bottes sont responsables de la stimulation, de la motivation et de la s\u00e9curit\u00e9.<br data-start=\"1543\" data-end=\"1546\" \/>Pendant cette p\u00e9riode de soins, le mat\u00e9riel prendra fin <strong data-start=\"1609\" data-end=\"1671\">Kurzzeitigen Gef\u00fchl von Euphorie, Energie et Geselligkeit<\/strong>.<\/p>\n<p data-start=\"1674\" data-end=\"1966\">Mais ces effets artistiques continueront d\u2019exister. Nach Abklingen der Wirkung kann es zu einem <strong data-start=\"1766\" data-end=\"1777\">Accident<\/strong> bols \u2013 une vie de paix, de voyage ou de d\u00e9pression. Bei wiederholtem Konsum bestht das risiko einer <strong data-start=\"1894\" data-end=\"1922\">psychischen Abh\u00e4ngigkeit<\/strong> et un <strong data-start=\"1933\" data-end=\"1965\">Ver\u00e4nderung der Gehirnchemie<\/strong>.<\/p>\n<h2 data-start=\"1973\" data-end=\"2015\"><strong data-start=\"1976\" data-end=\"2015\">Kurzzeitige Wirkungen von Mephedron<\/strong><\/h2>\n<p data-start=\"2017\" data-end=\"2168\">Die Wirkung tritt in der Regel <strong data-start=\"2048\" data-end=\"2083\">moiti\u00e9 int\u00e9rieure de 15 \u00e0 45 minutes<\/strong> apr\u00e8s l&#039;Einnahme auf et h\u00e4lt etwa <strong data-start=\"2120\" data-end=\"2139\">2 \u00e0 4 heures<\/strong> un.<br data-start=\"2143\" data-end=\"2146\" \/>Typische Effekte sind:<\/p>\n<ul data-start=\"2170\" data-end=\"2333\">\n<li data-start=\"2170\" data-end=\"2206\">\n<p data-start=\"2172\" data-end=\"2206\">Gesteigerte Energie et Wachheit<\/p>\n<\/li>\n<li data-start=\"2207\" data-end=\"2251\">\n<p data-start=\"2209\" data-end=\"2251\">Erh\u00f6hte Geselligkeit et Gespr\u00e4chsfreude<\/p>\n<\/li>\n<li data-start=\"2252\" data-end=\"2284\">\n<p data-start=\"2254\" data-end=\"2284\">Steigertes Selbstvertrauen<\/p>\n<\/li>\n<li data-start=\"2285\" data-end=\"2333\">\n<p data-start=\"2287\" data-end=\"2333\">Formation intensive en musique et en couleurs<\/p>\n<\/li>\n<\/ul>\n<p data-start=\"2335\" data-end=\"2488\">Ces effets peuvent \u00eatre tr\u00e8s rapides <strong data-start=\"2375\" data-end=\"2405\">unangenehmen Nachwirkungen<\/strong> ont \u00e9t\u00e9 r\u00e9solus \u2013 z. B. Schlaflosigkeit, Gereiztheit ou Konzentrationsst\u00f6rungen.<\/p>\n<h2 data-start=\"2495\" data-end=\"2537\"><strong data-start=\"2498\" data-end=\"2537\">Plusieurs risques et risques<\/strong><\/h2>\n<h3 data-start=\"2539\" data-end=\"2573\"><strong data-start=\"2543\" data-end=\"2573\">K\u00f6rperliche Nebenwirkungen<\/strong><\/h3>\n<ul data-start=\"2575\" data-end=\"2779\">\n<li data-start=\"2575\" data-end=\"2606\">\n<p data-start=\"2577\" data-end=\"2606\">Erh\u00f6hter Puls und Blutdruck<\/p>\n<\/li>\n<li data-start=\"2607\" data-end=\"2649\">\n<p data-start=\"2609\" data-end=\"2649\">\u00dcberm\u00e4\u00dfiges Schwitzen et Dehydrierung<\/p>\n<\/li>\n<li data-start=\"2650\" data-end=\"2691\">\n<p data-start=\"2652\" data-end=\"2691\">Muskelspannungen et Kieferpressen<\/p>\n<\/li>\n<li data-start=\"2692\" data-end=\"2731\">\n<p data-start=\"2694\" data-end=\"2731\">Schlafprobleme et Appetitlosigkeit<\/p>\n<\/li>\n<li data-start=\"2732\" data-end=\"2779\">\n<p data-start=\"2734\" data-end=\"2779\">Risque de vie <strong data-start=\"2747\" data-end=\"2777\">Hyperthermie<\/strong><\/p>\n<\/li>\n<\/ul>\n<h3 data-start=\"2781\" data-end=\"2814\"><strong data-start=\"2785\" data-end=\"2814\">Effets secondaires psychiques<\/strong><\/h3>\n<ul data-start=\"2816\" data-end=\"2967\">\n<li data-start=\"2816\" data-end=\"2851\">\n<p data-start=\"2818\" data-end=\"2851\">Anxi\u00e9t\u00e9 et crises de panique<\/p>\n<\/li>\n<li data-start=\"2852\" data-end=\"2885\">\n<p data-start=\"2854\" data-end=\"2885\">Parano\u00efa ou hallucinations<\/p>\n<\/li>\n<li data-start=\"2886\" data-end=\"2926\">\n<p data-start=\"2888\" data-end=\"2926\">Stimmungschwankungen et d\u00e9pression<\/p>\n<\/li>\n<li data-start=\"2927\" data-end=\"2967\">\n<p data-start=\"2929\" data-end=\"2967\">Erh\u00f6htes Risiko f\u00fcr <strong data-start=\"2949\" data-end=\"2965\">D\u00e9pendance<\/strong><\/p>\n<\/li>\n<\/ul>\n<p data-start=\"2969\" data-end=\"3075\">Langfristiger Konsum kann das <strong data-start=\"2999\" data-end=\"3024\">Syst\u00e8me de course \u00e0 pied Heart-Cycle<\/strong>, OMS <strong data-start=\"3030\" data-end=\"3039\">Foie<\/strong> et cela <strong data-start=\"3048\" data-end=\"3064\">Syst\u00e8me nerveux<\/strong> dommage.<\/p>\n<h2 data-start=\"3082\" data-end=\"3129\"><strong data-start=\"3085\" data-end=\"3129\">Statut l\u00e9gal du m\u00e9ph\u00e9dron (4-MMC)<\/strong><\/h2>\n<p data-start=\"3131\" data-end=\"3235\">Nach einem rasanten Anstieg des Missbrauchs wurde Mephedron <strong data-start=\"3191\" data-end=\"3202\">\u00e0 partir de 2010<\/strong> interdit dans les principaux L\u00e4ndern.<\/p>\n<ul data-start=\"3237\" data-end=\"3584\">\n<li data-start=\"3237\" data-end=\"3348\">\n<p data-start=\"3239\" data-end=\"3348\"><strong data-start=\"3239\" data-end=\"3255\">Allemagne:<\/strong> Depuis 2010 <strong data-start=\"3269\" data-end=\"3302\">Betaubungsmittelgesetz (BtMG)<\/strong> car non r\u00e9pertori\u00e9 en mati\u00e8re de s\u00e9curit\u00e9 routi\u00e8re.<\/p>\n<\/li>\n<li data-start=\"3349\" data-end=\"3439\">\n<p data-start=\"3351\" data-end=\"3439\"><strong data-start=\"3351\" data-end=\"3390\">Union europ\u00e9enne et Gro\u00dfbritannien\u00a0:<\/strong> Einstufung als verbotene psychotropic Substanz.<\/p>\n<\/li>\n<li data-start=\"3440\" data-end=\"3513\">\n<p data-start=\"3442\" data-end=\"3513\"><strong data-start=\"3442\" data-end=\"3450\">USA:<\/strong> Dans <strong data-start=\"3454\" data-end=\"3468\">Annexe I<\/strong> la loi sur les substances contr\u00f4l\u00e9es a \u00e9t\u00e9 adopt\u00e9e.<\/p>\n<\/li>\n<li data-start=\"3514\" data-end=\"3584\">\n<p data-start=\"3516\" data-end=\"3584\"><strong data-start=\"3516\" data-end=\"3540\">Australie et Canada :<\/strong> Unter \u00e4hnlichen Gesetzen strictement verboten.<\/p>\n<\/li>\n<\/ul>\n<h3 data-start=\"3586\" data-end=\"3621\"><strong data-start=\"3590\" data-end=\"3621\">Warum wurde 4-MMC verboten?<\/strong><\/h3>\n<p data-start=\"3623\" data-end=\"3884\">Regierungen reactierten auf aine Zunahme von <strong data-start=\"3667\" data-end=\"3704\">Krankenhausf\u00e4llen et Todesf\u00e4llen<\/strong> apr\u00e8s le Konsum von Mephedron.<br data-start=\"3735\" data-end=\"3738\" \/>Da die Substanz meist <strong data-start=\"3760\" data-end=\"3783\">ill\u00e9gal sur Internet<\/strong> achet\u00e9s, car aucune mesure de contr\u00f4le de qualit\u00e9 n&#039;est possible - un facteur de risque pour les consommateurs.<\/p>\n<h2 data-start=\"3891\" data-end=\"3949\"><strong data-start=\"3894\" data-end=\"3949\">Pr\u00e9vention et minimisation des dommages (r\u00e9duction des m\u00e9faits)<\/strong><\/h2>\n<p data-start=\"3951\" data-end=\"4125\">Si la m\u00e9ph\u00e9dron est ill\u00e9gale, elle devient une organisation de sant\u00e9 pour <strong data-start=\"4032\" data-end=\"4061\">Aufkl\u00e4rung und Pr\u00e4vention<\/strong> De temps en temps, vous serez d\u00e9sormais puni.<br data-start=\"4092\" data-end=\"4095\" \/>Empfohlene Vorsichtsma\u00dfnahmen:<\/p>\n<ul data-start=\"4127\" data-end=\"4354\">\n<li data-start=\"4127\" data-end=\"4180\">\n<p data-start=\"4129\" data-end=\"4180\">Ne pas combiner avec d&#039;autres produits de s\u00e9chage ou de l&#039;alcool<\/p>\n<\/li>\n<li data-start=\"4181\" data-end=\"4242\">\n<p data-start=\"4183\" data-end=\"4242\">Ausreichend Wasser trinken, aber \u00dcberhydrierung vermeiden<\/p>\n<\/li>\n<li data-start=\"4243\" data-end=\"4287\">\n<p data-start=\"4245\" data-end=\"4287\">Les papes entre les deux \u00e9pisodes de Konsume se terminent<\/p>\n<\/li>\n<li data-start=\"4288\" data-end=\"4354\">\n<p data-start=\"4290\" data-end=\"4354\">N&#039;h\u00e9sitez pas \u00e0 nous contacter pour plus d&#039;informations<\/p>\n<\/li>\n<\/ul>\n<h3 data-start=\"4356\" data-end=\"4399\"><strong data-start=\"4360\" data-end=\"4399\">Signal d&#039;avertissement probl\u00e9matique chez Konsums<\/strong><\/h3>\n<ul data-start=\"4401\" data-end=\"4589\">\n<li data-start=\"4401\" data-end=\"4436\">\n<p data-start=\"4403\" data-end=\"4436\">H\u00e4ufiges \u201eNachlegen\u201c (Redosage)<\/p>\n<\/li>\n<li data-start=\"4437\" data-end=\"4499\">\n<p data-start=\"4439\" data-end=\"4499\">Vernachl\u00e4ssigung sozialer or beruflicher Verpflichtungen<\/p>\n<\/li>\n<li data-start=\"4500\" data-end=\"4538\">\n<p data-start=\"4502\" data-end=\"4538\">Stimmungseinbr\u00fcche nach dem Konsum<\/p>\n<\/li>\n<li data-start=\"4539\" data-end=\"4589\">\n<p data-start=\"4541\" data-end=\"4589\">Zwanghafte Beschaffung oder Gedanken an Konsum<\/p>\n<\/li>\n<\/ul>\n<h2 data-start=\"4596\" data-end=\"4648\"><strong data-start=\"4599\" data-end=\"4648\">Recherches actuelles sur la 4-MMC<\/strong><\/h2>\n<p data-start=\"4650\" data-end=\"5018\">De nouvelles \u00e9tudes indiquent que le 4-MMC est disponible en ligne <strong data-start=\"4707\" data-end=\"4715\">MDMA<\/strong> Commande <strong data-start=\"4721\" data-end=\"4735\">Amph\u00e9tamine<\/strong> ce qui modifie l&#039;Aussch\u00fcttung von Neurotransmitter.<br data-start=\"4785\" data-end=\"4788\" \/>Forschungen weisen zudem auf <strong data-start=\"4817\" data-end=\"4842\">effets neurotoxiques<\/strong> et <strong data-start=\"4847\" data-end=\"4874\">kardiovaskul\u00e4re Risiken<\/strong> hin.<br data-start=\"4879\" data-end=\"4882\" \/>Wissenschaftler fordern daher <strong data-start=\"4912\" data-end=\"4931\">\u00e9tudes compl\u00e9mentaires<\/strong>, afin que les progr\u00e8s \u00e0 long terme puissent \u00eatre am\u00e9lior\u00e9s et que des strat\u00e9gies de mise en \u0153uvre puissent \u00eatre mises en \u0153uvre.<\/p>\n<h2 data-start=\"5025\" data-end=\"5073\"><strong data-start=\"5028\" data-end=\"5073\">V\u00e9rifiez les alternatives l\u00e9gales au m\u00e9ph\u00e9dron<\/strong><\/h2>\n<p data-start=\"5075\" data-end=\"5184\">Wer nach Energie et Focus sucht, sollte af <strong data-start=\"5120\" data-end=\"5155\">substances l\u00e9gales et test\u00e9es<\/strong> zur\u00fcckgreifen. Dazu entendit :<\/p>\n<ul data-start=\"5186\" data-end=\"5406\">\n<li data-start=\"5186\" data-end=\"5239\">\n<p data-start=\"5188\" data-end=\"5239\"><strong data-start=\"5188\" data-end=\"5211\">Caf\u00e9 et guarana<\/strong> (stimulations naturelles)<\/p>\n<\/li>\n<li data-start=\"5240\" data-end=\"5296\">\n<p data-start=\"5242\" data-end=\"5296\"><strong data-start=\"5242\" data-end=\"5255\">L-th\u00e9anine<\/strong> (en vert Tee, pour la Konzentration)<\/p>\n<\/li>\n<li data-start=\"5297\" data-end=\"5347\">\n<p data-start=\"5299\" data-end=\"5347\"><strong data-start=\"5299\" data-end=\"5317\">Rhodiola rosea<\/strong> (Adaptog\u00e8ne contre la maltraitance)<\/p>\n<\/li>\n<li data-start=\"5348\" data-end=\"5406\">\n<p data-start=\"5350\" data-end=\"5406\"><strong data-start=\"5350\" data-end=\"5372\">Complexe de vitamines B<\/strong> pour des activit\u00e9s de loisirs amusantes<\/p>\n<\/li>\n<\/ul>\n<p data-start=\"5408\" data-end=\"5500\">Solche Alternativen sind <strong data-start=\"5433\" data-end=\"5455\">s\u00e9curis\u00e9 et l\u00e9gal<\/strong>, si elles sont <strong data-start=\"5470\" data-end=\"5491\">ressorts test\u00e9s<\/strong> tribus.<\/p>\n<h2 data-start=\"5507\" data-end=\"5544\"><strong data-start=\"5510\" data-end=\"5544\">H\u00e4ufig gestelte Fragen (FAQ)<\/strong><\/h2>\n<p data-start=\"5546\" data-end=\"5727\"><strong data-start=\"5546\" data-end=\"5598\">1. Wof\u00fcr wurde Mephedron urspr\u00fcnglich choy\u00e9 ?<\/strong><br data-start=\"5598\" data-end=\"5601\" \/>Le m\u00e9ph\u00e9dron \u00e9tait \u00e9galement utilis\u00e9 comme \u00ab produit chimique de recherche \u00bb destin\u00e9 \u00e0 la vente et aux consommateurs pour stimuler le trafic.<\/p>\n<p data-start=\"5729\" data-end=\"5874\"><strong data-start=\"5729\" data-end=\"5767\">2. Le 4-MMC est-il l\u00e9gal ?<\/strong><br data-start=\"5767\" data-end=\"5770\" \/>Non, la m\u00e9ph\u00e9dron est interdite dans tous les pays. Il est important de respecter les consignes d&#039;utilisation.<\/p>\n<p data-start=\"5876\" data-end=\"6062\"><strong data-start=\"5876\" data-end=\"5925\">3. Existe-t-il des alternatives au m\u00e9ph\u00e9dron ?<\/strong><br data-start=\"5925\" data-end=\"5928\" \/>Oui, les produits naturels ou l\u00e9gaux \u00e0 base de caf\u00e9ine, de th\u00e9anine ou de betteraves adaptog\u00e8nes fra\u00eeches ont un effet malgr\u00e9 des risques \u00e9lev\u00e9s.<\/p>\n<p data-start=\"5876\" data-end=\"6062\"><a href=\"https:\/\/onderzoekschemicals.com\/fr_be\/shop\/okategoriserad\/benzocaine-powder\/\">poudre de benzoca\u00efne<\/a><a href=\"https:\/\/onderzoekschemicals.com\/fr_be\/shop\/okategoriserad\/fentanyl-kopen\/\">acheter du fentanyl<\/a><a href=\"https:\/\/onderzoekschemicals.com\/fr_be\/shop\/iboga-ibogaine\/iboga-root-bark\/\">\u00e9corce de racine d&#039;iboga<\/a><a href=\"https:\/\/onderzoekschemicals.com\/fr_be\/shop\/iboga-ibogaine\/iboga-kopen\/\">acheter de l&#039;iboga<\/a><a href=\"https:\/\/onderzoekschemicals.com\/fr_be\/shop\/iboga-ibogaine\/buy-ibogaine-hcl-online\/\">acheter de l&#039;iboga\u00efne chlorhydrate en ligne<\/a><\/p>","protected":false},"excerpt":{"rendered":"<p>Qu&#039;est-ce que la m\u00e9ph\u00e9dron (4-MMC)\u00a0? La m\u00e9ph\u00e9dron, \u00e9galement connue sous le nom de 4-m\u00e9thylm\u00e9thcathinone (4-MMC), est une substance synth\u00e9tique appartenant au groupe des cathinones.<\/p>","protected":false},"featured_media":27571,"comment_status":"open","ping_status":"closed","template":"","meta":[],"product_brand":[],"product_cat":[1085],"product_tag":[],"class_list":{"0":"post-27570","1":"product","2":"type-product","3":"status-publish","4":"has-post-thumbnail","6":"product_cat-okategoriserad","8":"first","9":"instock","10":"taxable","11":"shipping-taxable","12":"purchasable","13":"product-type-variable"},"_links":{"self":[{"href":"https:\/\/onderzoekschemicals.com\/fr_be\/wp-json\/wp\/v2\/product\/27570","targetHints":{"allow":["GET"]}}],"collection":[{"href":"https:\/\/onderzoekschemicals.com\/fr_be\/wp-json\/wp\/v2\/product"}],"about":[{"href":"https:\/\/onderzoekschemicals.com\/fr_be\/wp-json\/wp\/v2\/types\/product"}],"replies":[{"embeddable":true,"href":"https:\/\/onderzoekschemicals.com\/fr_be\/wp-json\/wp\/v2\/comments?post=27570"}],"version-history":[{"count":4,"href":"https:\/\/onderzoekschemicals.com\/fr_be\/wp-json\/wp\/v2\/product\/27570\/revisions"}],"predecessor-version":[{"id":27704,"href":"https:\/\/onderzoekschemicals.com\/fr_be\/wp-json\/wp\/v2\/product\/27570\/revisions\/27704"}],"wp:featuredmedia":[{"embeddable":true,"href":"https:\/\/onderzoekschemicals.com\/fr_be\/wp-json\/wp\/v2\/media\/27571"}],"wp:attachment":[{"href":"https:\/\/onderzoekschemicals.com\/fr_be\/wp-json\/wp\/v2\/media?parent=27570"}],"wp:term":[{"taxonomy":"product_brand","embeddable":true,"href":"https:\/\/onderzoekschemicals.com\/fr_be\/wp-json\/wp\/v2\/product_brand?post=27570"},{"taxonomy":"product_cat","embeddable":true,"href":"https:\/\/onderzoekschemicals.com\/fr_be\/wp-json\/wp\/v2\/product_cat?post=27570"},{"taxonomy":"product_tag","embeddable":true,"href":"https:\/\/onderzoekschemicals.com\/fr_be\/wp-json\/wp\/v2\/product_tag?post=27570"}],"curies":[{"name":"wp","href":"https:\/\/api.w.org\/{rel}","templated":true}]}}