{"id":26132,"date":"2025-10-20T01:31:17","date_gmt":"2025-10-20T01:31:17","guid":{"rendered":"https:\/\/onderzoekschemicals.com\/?post_type=product&#038;p=26132"},"modified":"2025-10-21T05:53:59","modified_gmt":"2025-10-21T05:53:59","slug":"buy-ibogaine-hcl-online","status":"publish","type":"product","link":"https:\/\/onderzoekschemicals.com\/fr_be\/shop\/iboga-ibogaine\/buy-ibogaine-hcl-online\/","title":{"rendered":"Acheter de l&#039;iboga\u00efne HCL"},"content":{"rendered":"<h2>Acheter de l&#039;iboga\u00efne HCL<\/h2>\n<div class=\"sm-table-layout__cell sm-table-layout__cell_align_left sm-table-layout__cell_fixed-cell_phrase\" role=\"cell\" data-testid=\"table-cell-keyword\">\n<div class=\"sm-cell-phrase\"><span class=\"___SText_anxqe-kmt_\" data-ui-name=\"Link.Text\">acheter de l&#039;iboga\u00efne hcl en ligne, <\/span>Achetez de l&#039;iboga\u00efne chlorhydrate. L&#039;iboga\u00efne est la substance active pr\u00e9sente dans la racine africaine de Tabernanthe iboga. Elle att\u00e9nue les sympt\u00f4mes de manque et met fin d\u00e9finitivement aux envies de drogue. L&#039;iboga\u00efne chlorhydrate s&#039;est av\u00e9r\u00e9e \u00eatre la plante la plus efficace pour soigner les addictions. Appliqu\u00e9 correctement, il est efficace. Nous proposons de l&#039;iboga\u00efne pr\u00e9emball\u00e9e en capsules, ce qui facilite le dosage et la consommation.<\/div>\n<\/div>\n<p>Extrait de l&#039;\u00e9corce de la racine de Tabernanthe Iboga. La deuxi\u00e8me couche de l&#039;\u00e9corce contient environ 12 alcalo\u00efdes diff\u00e9rents. Les trois principaux alcalo\u00efdes extraits sont l&#039;iboga\u00efne, l&#039;ibogamine et l&#039;ibogaline. L&#039;iboga\u00efne HCL, un compos\u00e9 chimique de l&#039;iboga\u00efne, est utilis\u00e9 dans le traitement des addictions. L&#039;iboga\u00efne HCL est un compos\u00e9 naturel extrait de l&#039;arbuste Tabernanthe iboga, originaire d&#039;Afrique. Utilis\u00e9 pour \u00e9liminer les toxines (comme les opiac\u00e9s et autres drogues) de l&#039;organisme et aider \u00e0 r\u00e9duire consid\u00e9rablement les sympt\u00f4mes d\u00e9sagr\u00e9ables associ\u00e9s au sevrage physique.<\/p>\n<p>L&#039;iboga\u00efne HCL est l&#039;iboga\u00efne de troisi\u00e8me qualit\u00e9 et est le plus souvent utilis\u00e9e comme traitement des addictions. Elle est soumise \u00e0 un processus de purification sp\u00e9cifique utilisant du HCL qui \u00e9limine plusieurs impuret\u00e9s et autres substances. De plus, l&#039;iboga\u00efne HCL contient environ 85 \u00e0 99 % d&#039;iboga\u00efne pure.<\/p>\n<h2>Iboga\u00efne HCL \u00e0 vendre<\/h2>\n<p>G\u00e9n\u00e9ralement, le chlorhydrate d&#039;iboga\u00efne est utilis\u00e9 en milieu m\u00e9dical, sous la supervision de m\u00e9decins et d&#039;infirmiers qualifi\u00e9s et certifi\u00e9s. Il aide les personnes aux prises avec une toxicomanie \u00e0 g\u00e9rer les sympt\u00f4mes de sevrage de drogues ou d&#039;alcool. Il est utilis\u00e9 pour traiter les sympt\u00f4mes de sevrage en agissant en synergie avec les neurones et des r\u00e9cepteurs sp\u00e9cifiques du cerveau et du syst\u00e8me nerveux central.<\/p>\n<p>Lors d&#039;un sevrage \u00e0 l&#039;iboga\u00efne chlorhydrate, des sympt\u00f4mes persistent. Cependant, ils sont g\u00e9n\u00e9ralement moins intenses que ceux ressentis sans traitement. Les effets du traitement \u00e0 l&#039;iboga\u00efne chlorhydrate peuvent durer de 15 \u00e0 36 heures, selon les caract\u00e9ristiques du patient.<a href=\"https:\/\/onderzoekschemicals.com\/fr_be\/shop\/cathinonen\/2-cmc-kopen\/\">Granul\u00e9s de 2-CMC 250 mg<\/a><a href=\"https:\/\/onderzoekschemicals.com\/fr_be\/shop\/bijna-verboden\/6-cl-adba\/\">6-CL-ADBA<\/a><a href=\"https:\/\/onderzoekschemicals.com\/fr_be\/shop\/lysergamides\/1v-lsd-150-mcg-blotters\/\">buvards 1V-LSD 150 MCG<\/a><a href=\"https:\/\/onderzoekschemicals.com\/fr_be\/shop\/pellets\/o-dsmt-50mg-pellets\/\">Granul\u00e9s O-DSMT 50 mg<\/a><a href=\"https:\/\/onderzoekschemicals.com\/fr_be\/shop\/lysergamides\/1cp-lsd-150-mcg\/\">Buvards artistiques 1cP-LSD 150 MCG<\/a><\/p>","protected":false},"excerpt":{"rendered":"<p>Acheter Ibogaine HCL acheter ibogaine hcl en ligne, Acheter Ibogaine HCL, L&#039;ibogaine est le produit chimique actif pr\u00e9sent dans le Tabernanthe africain<\/p>","protected":false},"featured_media":26149,"comment_status":"closed","ping_status":"closed","template":"","meta":[],"product_brand":[],"product_cat":[908],"product_tag":[913],"class_list":{"0":"post-26132","1":"product","2":"type-product","3":"status-publish","4":"has-post-thumbnail","6":"product_cat-iboga-ibogaine","7":"product_tag-buy-ibogaine-hcl-online","9":"first","10":"instock","11":"taxable","12":"shipping-taxable","13":"purchasable","14":"product-type-variable"},"_links":{"self":[{"href":"https:\/\/onderzoekschemicals.com\/fr_be\/wp-json\/wp\/v2\/product\/26132","targetHints":{"allow":["GET"]}}],"collection":[{"href":"https:\/\/onderzoekschemicals.com\/fr_be\/wp-json\/wp\/v2\/product"}],"about":[{"href":"https:\/\/onderzoekschemicals.com\/fr_be\/wp-json\/wp\/v2\/types\/product"}],"replies":[{"embeddable":true,"href":"https:\/\/onderzoekschemicals.com\/fr_be\/wp-json\/wp\/v2\/comments?post=26132"}],"version-history":[{"count":3,"href":"https:\/\/onderzoekschemicals.com\/fr_be\/wp-json\/wp\/v2\/product\/26132\/revisions"}],"predecessor-version":[{"id":26157,"href":"https:\/\/onderzoekschemicals.com\/fr_be\/wp-json\/wp\/v2\/product\/26132\/revisions\/26157"}],"wp:featuredmedia":[{"embeddable":true,"href":"https:\/\/onderzoekschemicals.com\/fr_be\/wp-json\/wp\/v2\/media\/26149"}],"wp:attachment":[{"href":"https:\/\/onderzoekschemicals.com\/fr_be\/wp-json\/wp\/v2\/media?parent=26132"}],"wp:term":[{"taxonomy":"product_brand","embeddable":true,"href":"https:\/\/onderzoekschemicals.com\/fr_be\/wp-json\/wp\/v2\/product_brand?post=26132"},{"taxonomy":"product_cat","embeddable":true,"href":"https:\/\/onderzoekschemicals.com\/fr_be\/wp-json\/wp\/v2\/product_cat?post=26132"},{"taxonomy":"product_tag","embeddable":true,"href":"https:\/\/onderzoekschemicals.com\/fr_be\/wp-json\/wp\/v2\/product_tag?post=26132"}],"curies":[{"name":"wp","href":"https:\/\/api.w.org\/{rel}","templated":true}]}}