{"id":24859,"date":"2025-10-20T17:43:28","date_gmt":"2025-10-20T17:43:28","guid":{"rendered":"https:\/\/onderzoekschemicals.com\/?post_type=product&#038;p=24859"},"modified":"2025-11-28T04:08:01","modified_gmt":"2025-11-28T04:08:01","slug":"o-pce-10mg-pellets","status":"publish","type":"product","link":"https:\/\/onderzoekschemicals.com\/fr_be\/shop\/arylcyclohexylamine\/o-pce-10mg-pellets\/","title":{"rendered":"Granul\u00e9s O-PCE 10 mg"},"content":{"rendered":"<ul>\n<li>\n<h3 data-start=\"4189\" data-end=\"4208\"><strong data-start=\"4193\" data-end=\"4208\"><span dir=\"auto\" style=\"vertical-align: inherit;\"><span dir=\"auto\" style=\"vertical-align: inherit;\">Introduction<\/span><\/span><\/strong><\/h3>\n<p data-start=\"4209\" data-end=\"4475\"><span dir=\"auto\" style=\"vertical-align: inherit;\"><span dir=\"auto\" style=\"vertical-align: inherit;\">Notre <\/span><\/span><strong data-start=\"4214\" data-end=\"4241\"><span dir=\"auto\" style=\"vertical-align: inherit;\"><span dir=\"auto\" style=\"vertical-align: inherit;\">10 mg research pellets<\/span><\/span><\/strong><span dir=\"auto\" style=\"vertical-align: inherit;\"><span dir=\"auto\" style=\"vertical-align: inherit;\"> are designed for use in <\/span><\/span><strong data-start=\"4274\" data-end=\"4331\"><span dir=\"auto\" style=\"vertical-align: inherit;\"><span dir=\"auto\" style=\"vertical-align: inherit;\">scientific, analytical, and laboratory research<\/span><\/span><\/strong><span dir=\"auto\" style=\"vertical-align: inherit;\"><span dir=\"auto\" style=\"vertical-align: inherit;\"> . <\/span><\/span><br data-start=\"4332\" data-end=\"4335\" \/><span dir=\"auto\" style=\"vertical-align: inherit;\"><span dir=\"auto\" style=\"vertical-align: inherit;\">Each pellet is manufactured with <\/span><\/span><strong data-start=\"4366\" data-end=\"4400\"><span dir=\"auto\" style=\"vertical-align: inherit;\"><span dir=\"auto\" style=\"vertical-align: inherit;\">precision and consistency<\/span><\/span><\/strong><span dir=\"auto\" style=\"vertical-align: inherit;\"><span dir=\"auto\" style=\"vertical-align: inherit;\"> , ensuring reliable and reproducible results. O-PCE<\/span><\/span><\/p>\n<p data-start=\"4477\" data-end=\"4721\"><span dir=\"auto\" style=\"vertical-align: inherit;\"><span dir=\"auto\" style=\"vertical-align: inherit;\">Manufactured under <\/span><\/span><strong data-start=\"4496\" data-end=\"4526\"><span dir=\"auto\" style=\"vertical-align: inherit;\"><span dir=\"auto\" style=\"vertical-align: inherit;\">strict quality control<\/span><\/span><\/strong><span dir=\"auto\" style=\"vertical-align: inherit;\"><span dir=\"auto\" style=\"vertical-align: inherit;\"> , these pellets are ideal for <\/span><\/span><strong data-start=\"4558\" data-end=\"4619\"><span dir=\"auto\" style=\"vertical-align: inherit;\"><span dir=\"auto\" style=\"vertical-align: inherit;\">chemical analysis, calibration, and forensic applications<\/span><\/span><\/strong><span dir=\"auto\" style=\"vertical-align: inherit;\"><span dir=\"auto\" style=\"vertical-align: inherit;\"> . They are formulated to <\/span><span dir=\"auto\" style=\"vertical-align: inherit;\">maintain <\/span><\/span><strong data-start=\"4645\" data-end=\"4686\"><span dir=\"auto\" style=\"vertical-align: inherit;\"><span dir=\"auto\" style=\"vertical-align: inherit;\">purity, stability, and performance when stored correctly.<\/span><\/span><\/strong><\/p>\n<blockquote data-start=\"4722\" data-end=\"4832\">\n<p data-start=\"4724\" data-end=\"4832\">\u26a0\ufe0f <strong data-start=\"4727\" data-end=\"4832\"><span dir=\"auto\" style=\"vertical-align: inherit;\"><span dir=\"auto\" style=\"vertical-align: inherit;\">R\u00e9serv\u00e9 \u00e0 la recherche. Ne convient pas \u00e0 la consommation humaine ou animale.<\/span><\/span><\/strong><\/p>\n<\/blockquote>\n<hr data-start=\"4834\" data-end=\"4837\" \/>\n<h3 data-start=\"4839\" data-end=\"4870\"><strong data-start=\"4843\" data-end=\"4870\"><span dir=\"auto\" style=\"vertical-align: inherit;\"><span dir=\"auto\" style=\"vertical-align: inherit;\">Caract\u00e9ristiques principales<\/span><\/span><\/strong><\/h3>\n<ul data-start=\"4871\" data-end=\"5378\">\n<li data-start=\"4871\" data-end=\"4956\">\n<p data-start=\"4873\" data-end=\"4956\"><strong data-start=\"4873\" data-end=\"4899\"><span dir=\"auto\" style=\"vertical-align: inherit;\"><span dir=\"auto\" style=\"vertical-align: inherit;\">Haute puret\u00e9 (\u226599%)<\/span><\/span><\/strong><span dir=\"auto\" style=\"vertical-align: inherit;\"><span dir=\"auto\" style=\"vertical-align: inherit;\"> \u2013 Independently tested in accredited laboratories.<\/span><\/span><\/p>\n<\/li>\n<li data-start=\"4957\" data-end=\"5046\">\n<p data-start=\"4959\" data-end=\"5046\"><strong data-start=\"4959\" data-end=\"5001\"><span dir=\"auto\" style=\"vertical-align: inherit;\"><span dir=\"auto\" style=\"vertical-align: inherit;\">Precise Dosage of 10 mg per Pellet<\/span><\/span><\/strong><span dir=\"auto\" style=\"vertical-align: inherit;\"><span dir=\"auto\" style=\"vertical-align: inherit;\"> \u2013 For accurate analytical results.<\/span><\/span><\/p>\n<\/li>\n<li data-start=\"5047\" data-end=\"5119\">\n<p data-start=\"5049\" data-end=\"5119\"><strong data-start=\"5049\" data-end=\"5075\"><span dir=\"auto\" style=\"vertical-align: inherit;\"><span dir=\"auto\" style=\"vertical-align: inherit;\">Formule stable<\/span><\/span><\/strong><span dir=\"auto\" style=\"vertical-align: inherit;\"><span dir=\"auto\" style=\"vertical-align: inherit;\"> \u2013 Con\u00e7u pour une longue dur\u00e9e de conservation.<\/span><\/span><\/p>\n<\/li>\n<li data-start=\"5120\" data-end=\"5210\">\n<p data-start=\"5122\" data-end=\"5210\"><strong data-start=\"5122\" data-end=\"5150\"><span dir=\"auto\" style=\"vertical-align: inherit;\"><span dir=\"auto\" style=\"vertical-align: inherit;\">Production contr\u00f4l\u00e9e<\/span><\/span><\/strong><span dir=\"auto\" style=\"vertical-align: inherit;\"><span dir=\"auto\" style=\"vertical-align: inherit;\"> \u2013 Manufactured according to international laboratory standards.<\/span><\/span><\/p>\n<\/li>\n<li data-start=\"5211\" data-end=\"5284\">\n<p data-start=\"5213\" data-end=\"5284\"><strong data-start=\"5213\" data-end=\"5248\"><span dir=\"auto\" style=\"vertical-align: inherit;\"><span dir=\"auto\" style=\"vertical-align: inherit;\">Secure, Airtight Packaging<\/span><\/span><\/strong><span dir=\"auto\" style=\"vertical-align: inherit;\"><span dir=\"auto\" style=\"vertical-align: inherit;\"> \u2013 Protects from light and moisture.<\/span><\/span><\/p>\n<\/li>\n<li data-start=\"5285\" data-end=\"5378\">\n<p data-start=\"5287\" data-end=\"5378\"><strong data-start=\"5287\" data-end=\"5320\"><span dir=\"auto\" style=\"vertical-align: inherit;\"><span dir=\"auto\" style=\"vertical-align: inherit;\">R\u00e9serv\u00e9 \u00e0 la recherche<\/span><\/span><\/strong><span dir=\"auto\" style=\"vertical-align: inherit;\"><span dir=\"auto\" style=\"vertical-align: inherit;\"> \u2013 Intended for professional and academic purposes. O-PCE<\/span><\/span><\/p>\n<\/li>\n<\/ul>\n<hr data-start=\"5380\" data-end=\"5383\" \/>\n<h3 data-start=\"5385\" data-end=\"5402\"><strong data-start=\"5389\" data-end=\"5402\"><span dir=\"auto\" style=\"vertical-align: inherit;\"><span dir=\"auto\" style=\"vertical-align: inherit;\">Avantages<\/span><\/span><\/strong><\/h3>\n<ul data-start=\"5403\" data-end=\"5835\">\n<li data-start=\"5403\" data-end=\"5487\">\n<p data-start=\"5405\" data-end=\"5487\"><strong data-start=\"5405\" data-end=\"5441\"><span dir=\"auto\" style=\"vertical-align: inherit;\"><span dir=\"auto\" style=\"vertical-align: inherit;\">R\u00e9sultats de recherche fiables<\/span><\/span><\/strong><span dir=\"auto\" style=\"vertical-align: inherit;\"><span dir=\"auto\" style=\"vertical-align: inherit;\"> \u2013 Pour des donn\u00e9es coh\u00e9rentes et reproductibles.<\/span><\/span><\/p>\n<\/li>\n<li data-start=\"5488\" data-end=\"5561\">\n<p data-start=\"5490\" data-end=\"5561\"><strong data-start=\"5490\" data-end=\"5511\"><span dir=\"auto\" style=\"vertical-align: inherit;\"><span dir=\"auto\" style=\"vertical-align: inherit;\">Long Stability<\/span><\/span><\/strong><span dir=\"auto\" style=\"vertical-align: inherit;\"><span dir=\"auto\" style=\"vertical-align: inherit;\"> \u2013 Maintains chemical integrity during storage.<\/span><\/span><\/p>\n<\/li>\n<li data-start=\"5562\" data-end=\"5643\">\n<p data-start=\"5564\" data-end=\"5643\"><strong data-start=\"5564\" data-end=\"5597\"><span dir=\"auto\" style=\"vertical-align: inherit;\"><span dir=\"auto\" style=\"vertical-align: inherit;\">Laboratory Tested Quality<\/span><\/span><\/strong><span dir=\"auto\" style=\"vertical-align: inherit;\"><span dir=\"auto\" style=\"vertical-align: inherit;\"> \u2013 R\u00e9pond aux normes de qualit\u00e9 analytique.<\/span><\/span><\/p>\n<\/li>\n<li data-start=\"5644\" data-end=\"5740\">\n<p data-start=\"5646\" data-end=\"5740\"><strong data-start=\"5646\" data-end=\"5675\"><span dir=\"auto\" style=\"vertical-align: inherit;\"><span dir=\"auto\" style=\"vertical-align: inherit;\">Formulaire convivial<\/span><\/span><\/strong><span dir=\"auto\" style=\"vertical-align: inherit;\"><span dir=\"auto\" style=\"vertical-align: inherit;\"> \u2013 Pellets ensure safe dosing and less contamination.<\/span><\/span><\/p>\n<\/li>\n<li data-start=\"5741\" data-end=\"5835\">\n<p data-start=\"5743\" data-end=\"5835\"><strong data-start=\"5743\" data-end=\"5780\"><span dir=\"auto\" style=\"vertical-align: inherit;\"><span dir=\"auto\" style=\"vertical-align: inherit;\">Produit de mani\u00e8re \u00e9thique et l\u00e9gale<\/span><\/span><\/strong><span dir=\"auto\" style=\"vertical-align: inherit;\"><span dir=\"auto\" style=\"vertical-align: inherit;\"> \u2013 In accordance with international guidelines.<\/span><\/span><\/p>\n<\/li>\n<\/ul>\n<hr data-start=\"5837\" data-end=\"5840\" \/>\n<h3 data-start=\"5842\" data-end=\"5857\"><strong data-start=\"5846\" data-end=\"5857\"><span dir=\"auto\" style=\"vertical-align: inherit;\"><span dir=\"auto\" style=\"vertical-align: inherit;\">Usage<\/span><\/span><\/strong><\/h3>\n<ol data-start=\"5858\" data-end=\"6273\">\n<li data-start=\"5858\" data-end=\"5959\">\n<p data-start=\"5861\" data-end=\"5959\"><strong data-start=\"5861\" data-end=\"5896\"><span dir=\"auto\" style=\"vertical-align: inherit;\"><span dir=\"auto\" style=\"vertical-align: inherit;\">Pour usage en laboratoire uniquement<\/span><\/span><\/strong><span dir=\"auto\" style=\"vertical-align: inherit;\"><span dir=\"auto\" style=\"vertical-align: inherit;\"> \u2013 \u00c0 utiliser uniquement au sein d&#039;\u00e9tablissements de recherche accr\u00e9dit\u00e9s.<\/span><\/span><\/p>\n<\/li>\n<li data-start=\"5960\" data-end=\"6027\">\n<p data-start=\"5963\" data-end=\"6027\"><strong data-start=\"5963\" data-end=\"5973\"><span dir=\"auto\" style=\"vertical-align: inherit;\"><span dir=\"auto\" style=\"vertical-align: inherit;\">Stockage<\/span><\/span><\/strong><span dir=\"auto\" style=\"vertical-align: inherit;\"><span dir=\"auto\" style=\"vertical-align: inherit;\"> \u2013 Conserver dans un <\/span><\/span><strong data-start=\"5990\" data-end=\"6024\"><span dir=\"auto\" style=\"vertical-align: inherit;\"><span dir=\"auto\" style=\"vertical-align: inherit;\">endroit frais, sec et sombre<\/span><\/span><\/strong><span dir=\"auto\" style=\"vertical-align: inherit;\"><span dir=\"auto\" style=\"vertical-align: inherit;\"> .<\/span><\/span><\/p>\n<\/li>\n<li data-start=\"6028\" data-end=\"6115\">\n<p data-start=\"6031\" data-end=\"6115\"><strong data-start=\"6031\" data-end=\"6048\"><span dir=\"auto\" style=\"vertical-align: inherit;\"><span dir=\"auto\" style=\"vertical-align: inherit;\">Travaillez en toute s\u00e9curit\u00e9<\/span><\/span><\/strong><span dir=\"auto\" style=\"vertical-align: inherit;\"><span dir=\"auto\" style=\"vertical-align: inherit;\"> \u2013 Use gloves, safety glasses and protective clothing.<\/span><\/span><\/p>\n<\/li>\n<li data-start=\"6116\" data-end=\"6183\">\n<p data-start=\"6119\" data-end=\"6183\"><strong data-start=\"6119\" data-end=\"6131\"><span dir=\"auto\" style=\"vertical-align: inherit;\"><span dir=\"auto\" style=\"vertical-align: inherit;\">Mesures<\/span><\/span><\/strong><span dir=\"auto\" style=\"vertical-align: inherit;\"><span dir=\"auto\" style=\"vertical-align: inherit;\"> \u2013 Use calibrated laboratory instruments.<\/span><\/span><\/p>\n<\/li>\n<li data-start=\"6184\" data-end=\"6273\">\n<p data-start=\"6187\" data-end=\"6273\"><strong data-start=\"6187\" data-end=\"6214\"><span dir=\"auto\" style=\"vertical-align: inherit;\"><span dir=\"auto\" style=\"vertical-align: inherit;\">Avertissement de s\u00e9curit\u00e9<\/span><\/span><\/strong><span dir=\"auto\" style=\"vertical-align: inherit;\"><span dir=\"auto\" style=\"vertical-align: inherit;\"> \u2013 Ne pas consommer, ni par les humains ni par les animaux.<\/span><\/span><\/p>\n<\/li>\n<\/ol>\n<hr data-start=\"6275\" data-end=\"6278\" \/>\n<h3 data-start=\"6280\" data-end=\"6307\"><strong data-start=\"6284\" data-end=\"6307\"><span dir=\"auto\" style=\"vertical-align: inherit;\"><span dir=\"auto\" style=\"vertical-align: inherit;\">Questions fr\u00e9quemment pos\u00e9es<\/span><\/span><\/strong><\/h3>\n<p data-start=\"6309\" data-end=\"6483\"><strong data-start=\"6309\" data-end=\"6365\"><span dir=\"auto\" style=\"vertical-align: inherit;\"><span dir=\"auto\" style=\"vertical-align: inherit;\">1. What are 10 mg research pellets used for?<\/span><\/span><\/strong><br data-start=\"6365\" data-end=\"6368\" \/><span dir=\"auto\" style=\"vertical-align: inherit;\"><span dir=\"auto\" style=\"vertical-align: inherit;\"> Ils sont destin\u00e9s \u00e0 <\/span><\/span><strong data-start=\"6389\" data-end=\"6433\"><span dir=\"auto\" style=\"vertical-align: inherit;\"><span dir=\"auto\" style=\"vertical-align: inherit;\">recherche analytique et scientifique<\/span><\/span><\/strong><span dir=\"auto\" style=\"vertical-align: inherit;\"><span dir=\"auto\" style=\"vertical-align: inherit;\"> , including calibration and controlled testing.<\/span><\/span><\/p>\n<p data-start=\"6485\" data-end=\"6647\"><strong data-start=\"6485\" data-end=\"6552\"><span dir=\"auto\" style=\"vertical-align: inherit;\"><span dir=\"auto\" style=\"vertical-align: inherit;\">2. Ces granul\u00e9s peuvent-ils \u00eatre utilis\u00e9s en dehors d\u2019un laboratoire ?<\/span><\/span><\/strong><br data-start=\"6552\" data-end=\"6555\" \/><span dir=\"auto\" style=\"vertical-align: inherit;\"><span dir=\"auto\" style=\"vertical-align: inherit;\"> Non. Ces produits sont <\/span><\/span><strong data-start=\"6580\" data-end=\"6644\"><span dir=\"auto\" style=\"vertical-align: inherit;\"><span dir=\"auto\" style=\"vertical-align: inherit;\">destin\u00e9 exclusivement \u00e0 la recherche en laboratoire professionnel<\/span><\/span><\/strong><span dir=\"auto\" style=\"vertical-align: inherit;\"><span dir=\"auto\" style=\"vertical-align: inherit;\"> .<\/span><\/span><\/p>\n<p data-start=\"6649\" data-end=\"6799\"><strong data-start=\"6649\" data-end=\"6693\"><span dir=\"auto\" style=\"vertical-align: inherit;\"><span dir=\"auto\" style=\"vertical-align: inherit;\">3. Comment les granul\u00e9s doivent-ils \u00eatre stock\u00e9s ?<\/span><\/span><\/strong><br data-start=\"6693\" data-end=\"6696\" \/><span dir=\"auto\" style=\"vertical-align: inherit;\"><span dir=\"auto\" style=\"vertical-align: inherit;\"> Rangez-les dans leur <\/span><\/span><strong data-start=\"6713\" data-end=\"6754\"><span dir=\"auto\" style=\"vertical-align: inherit;\"><span dir=\"auto\" style=\"vertical-align: inherit;\">original, tightly sealed packaging<\/span><\/span><\/strong><span dir=\"auto\" style=\"vertical-align: inherit;\"><span dir=\"auto\" style=\"vertical-align: inherit;\"> dans un <\/span><\/span><strong data-start=\"6762\" data-end=\"6796\"><span dir=\"auto\" style=\"vertical-align: inherit;\"><span dir=\"auto\" style=\"vertical-align: inherit;\">endroit frais, sec et sombre<\/span><\/span><\/strong><span dir=\"auto\" style=\"vertical-align: inherit;\"><span dir=\"auto\" style=\"vertical-align: inherit;\"> .<\/span><\/span><\/p>\n<hr data-start=\"6801\" data-end=\"6804\" \/>\n<h3 data-start=\"6806\" data-end=\"6824\"><strong data-start=\"6810\" data-end=\"6824\"><span dir=\"auto\" style=\"vertical-align: inherit;\"><span dir=\"auto\" style=\"vertical-align: inherit;\">Clause de non-responsabilit\u00e9<\/span><\/span><\/strong><\/h3>\n<p data-start=\"6825\" data-end=\"7049\"><span dir=\"auto\" style=\"vertical-align: inherit;\"><span dir=\"auto\" style=\"vertical-align: inherit;\">Ce produit est <\/span><\/span><strong data-start=\"6840\" data-end=\"6889\"><span dir=\"auto\" style=\"vertical-align: inherit;\"><span dir=\"auto\" style=\"vertical-align: inherit;\">\u00e0 des fins de recherche uniquement<\/span><\/span><\/strong><span dir=\"auto\" style=\"vertical-align: inherit;\"><span dir=\"auto\" style=\"vertical-align: inherit;\"> . <\/span><\/span><strong data-start=\"6891\" data-end=\"6949\"><span dir=\"auto\" style=\"vertical-align: inherit;\"><span dir=\"auto\" style=\"vertical-align: inherit;\">Ne convient pas \u00e0 la consommation humaine ou animale.<\/span><\/span><\/strong><br data-start=\"6949\" data-end=\"6952\" \/><span dir=\"auto\" style=\"vertical-align: inherit;\"><span dir=\"auto\" style=\"vertical-align: inherit;\"> By purchasing this product, you confirm that you comply with all applicable laws and safety regulations.<\/span><\/span><\/p>\n<p class=\"ds-markdown-paragraph\"><span dir=\"auto\" style=\"vertical-align: inherit;\"><span dir=\"auto\" style=\"vertical-align: inherit;\"><span dir=\"auto\" style=\"vertical-align: inherit;\"><span dir=\"auto\" style=\"vertical-align: inherit;\">, <\/span><\/span><\/span><\/span><a href=\"https:\/\/onderzoekschemicals.com\/fr_be\/shop\/iboga-ibogaine\/buy-ibogaine-hcl-online\/\"><span dir=\"auto\" style=\"vertical-align: inherit;\"><span dir=\"auto\" style=\"vertical-align: inherit;\"><span dir=\"auto\" style=\"vertical-align: inherit;\"><span dir=\"auto\" style=\"vertical-align: inherit;\">Acheter de l&#039;iboga\u00efne HCL <\/span><\/span><\/span><\/span><\/a><a href=\"https:\/\/onderzoekschemicals.com\/fr_be\/shop\/iboga-ibogaine\/iboga-root-bark\/\"><span dir=\"auto\" style=\"vertical-align: inherit;\"><span dir=\"auto\" style=\"vertical-align: inherit;\"><span dir=\"auto\" style=\"vertical-align: inherit;\"><span dir=\"auto\" style=\"vertical-align: inherit;\">\u00c9corce de racine d&#039;iboga <\/span><\/span><\/span><\/span><\/a><a href=\"https:\/\/onderzoekschemicals.com\/fr_be\/shop\/lysergamides\/1cp-lsd\/\"><span dir=\"auto\" style=\"vertical-align: inherit;\"><span dir=\"auto\" style=\"vertical-align: inherit;\"><span dir=\"auto\" style=\"vertical-align: inherit;\"><span dir=\"auto\" style=\"vertical-align: inherit;\">Buvards artistiques 1cP-LSD 150 MCG <\/span><\/span><\/span><\/span><\/a><a href=\"https:\/\/onderzoekschemicals.com\/fr_be\/shop\/pellets\/o-dsmt-50mg-pellets\/\"><span dir=\"auto\" style=\"vertical-align: inherit;\"><span dir=\"auto\" style=\"vertical-align: inherit;\"><span dir=\"auto\" style=\"vertical-align: inherit;\"><span dir=\"auto\" style=\"vertical-align: inherit;\">Granul\u00e9s O-DSMT 50 mg <\/span><\/span><\/span><\/span><\/a><a href=\"https:\/\/onderzoekschemicals.com\/fr_be\/shop\/lysergamides\/1v-lsd-150-mcg-blotters\/\"><span dir=\"auto\" style=\"vertical-align: inherit;\"><span dir=\"auto\" style=\"vertical-align: inherit;\"><span dir=\"auto\" style=\"vertical-align: inherit;\"><span dir=\"auto\" style=\"vertical-align: inherit;\">buvards 1V-LSD 150 MCG<\/span><\/span><\/span><\/span><\/a><\/p>\n<\/li>\n<\/ul>","protected":false},"excerpt":{"rendered":"<h3><span dir=\"auto\" style=\"vertical-align: inherit;\"><span dir=\"auto\" style=\"vertical-align: inherit;\"><span dir=\"auto\" style=\"vertical-align: inherit;\"><span dir=\"auto\" style=\"vertical-align: inherit;\">Propri\u00e9t\u00e9s de l&#039;O-PCE<\/span><\/span><\/span><\/span><\/h3>\n<p><strong><span dir=\"auto\" style=\"vertical-align: inherit;\"><span dir=\"auto\" style=\"vertical-align: inherit;\"><span dir=\"auto\" style=\"vertical-align: inherit;\"><span dir=\"auto\" style=\"vertical-align: inherit;\">Synonyme:<\/span><\/span><\/span><\/span><\/strong><span dir=\"auto\" style=\"vertical-align: inherit;\"><span dir=\"auto\" style=\"vertical-align: inherit;\"><span dir=\"auto\" style=\"vertical-align: inherit;\"><span dir=\"auto\" style=\"vertical-align: inherit;\"> \u00a02\u2032-oxo-PCE, chlorhydrate d&#039;\u00e9ticyclidone <\/span><\/span><\/span><\/span><br \/>\n<strong><span dir=\"auto\" style=\"vertical-align: inherit;\"><span dir=\"auto\" style=\"vertical-align: inherit;\"><span dir=\"auto\" style=\"vertical-align: inherit;\"><span dir=\"auto\" style=\"vertical-align: inherit;\">Num\u00e9ro CAS :<\/span><\/span><\/span><\/span><\/strong><span dir=\"auto\" style=\"vertical-align: inherit;\"><span dir=\"auto\" style=\"vertical-align: inherit;\"><span dir=\"auto\" style=\"vertical-align: inherit;\"><span dir=\"auto\" style=\"vertical-align: inherit;\"> \u00a04551-92-2 <\/span><\/span><\/span><\/span><br \/>\n<strong><span dir=\"auto\" style=\"vertical-align: inherit;\"><span dir=\"auto\" style=\"vertical-align: inherit;\"><span dir=\"auto\" style=\"vertical-align: inherit;\"><span dir=\"auto\" style=\"vertical-align: inherit;\">Formule:<\/span><\/span><\/span><\/span><\/strong><span dir=\"auto\" style=\"vertical-align: inherit;\"><span dir=\"auto\" style=\"vertical-align: inherit;\"><span dir=\"auto\" style=\"vertical-align: inherit;\"><span dir=\"auto\" style=\"vertical-align: inherit;\"> \u00a0chlorhydrate de 2-(\u00e9thylamino)-2-ph\u00e9nyl-cyclohexanone <\/span><\/span><\/span><\/span><br \/>\n<strong><span dir=\"auto\" style=\"vertical-align: inherit;\"><span dir=\"auto\" style=\"vertical-align: inherit;\"><span dir=\"auto\" style=\"vertical-align: inherit;\"><span dir=\"auto\" style=\"vertical-align: inherit;\">Masse molaire:<\/span><\/span><\/span><\/span><\/strong><span dir=\"auto\" style=\"vertical-align: inherit;\"><span dir=\"auto\" style=\"vertical-align: inherit;\"><span dir=\"auto\" style=\"vertical-align: inherit;\"><span dir=\"auto\" style=\"vertical-align: inherit;\"> \u00a0253,8 g\/mol <\/span><\/span><\/span><\/span><br \/>\n<strong><span dir=\"auto\" style=\"vertical-align: inherit;\"><span dir=\"auto\" style=\"vertical-align: inherit;\"><span dir=\"auto\" style=\"vertical-align: inherit;\"><span dir=\"auto\" style=\"vertical-align: inherit;\">Puret\u00e9:<\/span><\/span><\/span><\/span><\/strong><span dir=\"auto\" style=\"vertical-align: inherit;\"><span dir=\"auto\" style=\"vertical-align: inherit;\"><span dir=\"auto\" style=\"vertical-align: inherit;\"><span dir=\"auto\" style=\"vertical-align: inherit;\"> \u00a0&gt;97%<\/span><\/span><\/span><\/span><\/p>","protected":false},"featured_media":29439,"comment_status":"closed","ping_status":"closed","template":"","meta":[],"product_brand":[82],"product_cat":[71,425,426,324],"product_tag":[326,739,738,741,742,740],"class_list":{"0":"post-24859","1":"product","2":"type-product","3":"status-publish","4":"has-post-thumbnail","6":"product_brand-research-chemical","7":"product_cat-arylcyclohexylamine","8":"product_cat-o-pce","9":"product_cat-o-pce-pellets","10":"product_cat-pellets-for-pellet","11":"product_tag-nl","12":"product_tag-o-pce-werking","13":"product_tag-o-pce","14":"product_tag-o-pce-ervaringen","15":"product_tag-o-pce-pellets","16":"product_tag-o-pce-poeder","18":"first","19":"instock","20":"taxable","21":"shipping-taxable","22":"purchasable","23":"product-type-variable"},"_links":{"self":[{"href":"https:\/\/onderzoekschemicals.com\/fr_be\/wp-json\/wp\/v2\/product\/24859","targetHints":{"allow":["GET"]}}],"collection":[{"href":"https:\/\/onderzoekschemicals.com\/fr_be\/wp-json\/wp\/v2\/product"}],"about":[{"href":"https:\/\/onderzoekschemicals.com\/fr_be\/wp-json\/wp\/v2\/types\/product"}],"replies":[{"embeddable":true,"href":"https:\/\/onderzoekschemicals.com\/fr_be\/wp-json\/wp\/v2\/comments?post=24859"}],"version-history":[{"count":7,"href":"https:\/\/onderzoekschemicals.com\/fr_be\/wp-json\/wp\/v2\/product\/24859\/revisions"}],"predecessor-version":[{"id":28825,"href":"https:\/\/onderzoekschemicals.com\/fr_be\/wp-json\/wp\/v2\/product\/24859\/revisions\/28825"}],"wp:featuredmedia":[{"embeddable":true,"href":"https:\/\/onderzoekschemicals.com\/fr_be\/wp-json\/wp\/v2\/media\/29439"}],"wp:attachment":[{"href":"https:\/\/onderzoekschemicals.com\/fr_be\/wp-json\/wp\/v2\/media?parent=24859"}],"wp:term":[{"taxonomy":"product_brand","embeddable":true,"href":"https:\/\/onderzoekschemicals.com\/fr_be\/wp-json\/wp\/v2\/product_brand?post=24859"},{"taxonomy":"product_cat","embeddable":true,"href":"https:\/\/onderzoekschemicals.com\/fr_be\/wp-json\/wp\/v2\/product_cat?post=24859"},{"taxonomy":"product_tag","embeddable":true,"href":"https:\/\/onderzoekschemicals.com\/fr_be\/wp-json\/wp\/v2\/product_tag?post=24859"}],"curies":[{"name":"wp","href":"https:\/\/api.w.org\/{rel}","templated":true}]}}