{"id":24668,"date":"2025-10-20T17:42:28","date_gmt":"2025-10-20T17:42:28","guid":{"rendered":"https:\/\/onderzoekschemicals.com\/?post_type=product&#038;p=24668"},"modified":"2025-10-21T15:57:29","modified_gmt":"2025-10-21T15:57:29","slug":"hhc-candy-25mg-yellow","status":"publish","type":"product","link":"https:\/\/onderzoekschemicals.com\/fr_be\/shop\/edibles\/hhc-candy-25mg-yellow\/","title":{"rendered":"Gummybears 25 mg HHC (jaune)"},"content":{"rendered":"<h3 data-start=\"277\" data-end=\"298\"><strong data-start=\"281\" data-end=\"296\">Introduction<\/strong><\/h3>\n<p data-start=\"299\" data-end=\"778\">Rencontrer <strong data-start=\"315\" data-end=\"348\">Gummybears 25 mg HHC (jaune)<\/strong> \u2014 haute qualit\u00e9 <strong data-start=\"364\" data-end=\"377\">bonbons hhc<\/strong> Con\u00e7u pour les utilisateurs recherchant une dose plus forte sous une forme savoureuse et comestible. Chaque bonbon contient exactement 25 mg de HHC dans un ourson jaune moelleux, id\u00e9al pour les personnes exp\u00e9riment\u00e9es ou ayant une tol\u00e9rance plus \u00e9lev\u00e9e. \u00c0 consid\u00e9rer <strong data-start=\"625\" data-end=\"644\">acheter des bonbons hhc<\/strong>? Ce produit combine ensuite puissance, puret\u00e9 test\u00e9e en laboratoire et dosage constant pour une exp\u00e9rience fiable.<\/p>\n<hr data-start=\"780\" data-end=\"783\" \/>\n<h3 data-start=\"785\" data-end=\"818\"><strong data-start=\"789\" data-end=\"816\">Caract\u00e9ristiques principales<\/strong><\/h3>\n<ul data-start=\"820\" data-end=\"1396\">\n<li data-start=\"820\" data-end=\"927\">\n<p data-start=\"822\" data-end=\"927\"><strong data-start=\"822\" data-end=\"847\">Dose puissante de 25 mg<\/strong> \u2013 Chaque bonbon jaune contient exactement 25 mg de HHC pour un effet clairement perceptible.<\/p>\n<\/li>\n<li data-start=\"928\" data-end=\"1075\">\n<p data-start=\"930\" data-end=\"1075\"><strong data-start=\"930\" data-end=\"967\">Test\u00e9 pour la puret\u00e9 et la s\u00e9curit\u00e9<\/strong> \u2013 Chaque lot est test\u00e9 ind\u00e9pendamment pour confirmer la r\u00e9sistance et l\u2019absence de contaminants.<\/p>\n<\/li>\n<li data-start=\"1076\" data-end=\"1189\">\n<p data-start=\"1078\" data-end=\"1189\"><strong data-start=\"1078\" data-end=\"1107\">Go\u00fbt et texture agr\u00e9ables<\/strong> \u2013 Les gummies sont agr\u00e9ables et doux, ce qui les rend agr\u00e9ables et discrets \u00e0 utiliser.<\/p>\n<\/li>\n<li data-start=\"1190\" data-end=\"1287\">\n<p data-start=\"1192\" data-end=\"1287\"><strong data-start=\"1192\" data-end=\"1216\">Dosage constant<\/strong> \u2013 Chaque bonbon est mesur\u00e9 avec pr\u00e9cision pour des r\u00e9sultats pr\u00e9visibles.<\/p>\n<\/li>\n<li data-start=\"1288\" data-end=\"1396\">\n<p data-start=\"1290\" data-end=\"1396\"><strong data-start=\"1290\" data-end=\"1313\">Emballage durable<\/strong> \u2013 Bocaux herm\u00e9tiques et opaques qui pr\u00e9servent la fra\u00eecheur et emp\u00eachent la d\u00e9composition.<\/p>\n<\/li>\n<\/ul>\n<hr data-start=\"1398\" data-end=\"1401\" \/>\n<h3 data-start=\"1403\" data-end=\"1422\"><strong data-start=\"1407\" data-end=\"1420\">Avantages<\/strong><\/h3>\n<ul data-start=\"1424\" data-end=\"2189\">\n<li data-start=\"1424\" data-end=\"1578\">\n<p data-start=\"1426\" data-end=\"1578\"><strong data-start=\"1426\" data-end=\"1460\">Une exp\u00e9rience plus solide et fiable<\/strong> \u2013 La concentration de 25 mg est id\u00e9ale pour les utilisateurs exp\u00e9riment\u00e9s qui souhaitent un effet plus puissant, sans incertitude de dosage.<\/p>\n<\/li>\n<li data-start=\"1579\" data-end=\"1723\">\n<p data-start=\"1581\" data-end=\"1723\"><strong data-start=\"1581\" data-end=\"1602\">Pratique et discret<\/strong> - Si <strong data-start=\"1609\" data-end=\"1622\">bonbons hhc<\/strong> Ils ressemblent \u00e0 des bonbons ordinaires, ce qui les rend portables et discrets \u00e0 utiliser.<\/p>\n<\/li>\n<li data-start=\"1724\" data-end=\"1879\">\n<p data-start=\"1726\" data-end=\"1879\"><strong data-start=\"1726\" data-end=\"1754\">Exp\u00e9rience plus douce que le THC<\/strong> \u2013 De nombreux utilisateurs signalent que le HHC a un effet plus doux et moins anxiog\u00e8ne que les produits comestibles traditionnels au THC.<\/p>\n<\/li>\n<li data-start=\"1880\" data-end=\"2048\">\n<p data-start=\"1882\" data-end=\"2048\"><strong data-start=\"1882\" data-end=\"1905\">Effets durables<\/strong> \u2013 \u00c9tant donn\u00e9 que le HHC est absorb\u00e9 par le syst\u00e8me digestif, les effets durent g\u00e9n\u00e9ralement plus longtemps qu\u2019avec l\u2019inhalation, bien que le d\u00e9but de l\u2019effet soit l\u00e9g\u00e8rement plus lent.<\/p>\n<\/li>\n<li data-start=\"2049\" data-end=\"2189\">\n<p data-start=\"2051\" data-end=\"2189\"><strong data-start=\"2051\" data-end=\"2078\">Qualit\u00e9 garantie<\/strong> \u2013 Les tests en laboratoire vous garantissent d\u2019\u00eatre s\u00fbr de la puret\u00e9, de la s\u00e9curit\u00e9 et du dosage correct de chaque bonbon.<\/p>\n<\/li>\n<\/ul>\n<hr data-start=\"2191\" data-end=\"2194\" \/>\n<h3 data-start=\"2196\" data-end=\"2243\"><strong data-start=\"2200\" data-end=\"2241\">Mode d&#039;emploi \/ Instructions d&#039;utilisation<\/strong><\/h3>\n<blockquote data-start=\"2245\" data-end=\"2422\">\n<p data-start=\"2247\" data-end=\"2422\"><strong data-start=\"2247\" data-end=\"2272\">Remarque importante<\/strong>Ces informations sont fournies \u00e0 titre informatif uniquement. V\u00e9rifiez toujours la l\u00e9galit\u00e9 du HHC dans votre pays et respectez la r\u00e9glementation locale.<\/p>\n<\/blockquote>\n<ol data-start=\"2424\" data-end=\"3362\">\n<li data-start=\"2424\" data-end=\"2616\">\n<p data-start=\"2427\" data-end=\"2466\"><strong data-start=\"2427\" data-end=\"2464\">Commencez avec un demi-bonbon ou un bonbon entier<\/strong><\/p>\n<ul data-start=\"2470\" data-end=\"2616\">\n<li data-start=\"2470\" data-end=\"2497\">\n<p data-start=\"2472\" data-end=\"2497\">Bien m\u00e2cher et avaler.<\/p>\n<\/li>\n<li data-start=\"2501\" data-end=\"2616\">\n<p data-start=\"2503\" data-end=\"2616\">Garde <strong data-start=\"2509\" data-end=\"2531\">90 \u00e0 120 minutes<\/strong> avant d&#039;en prendre davantage, car les produits comestibles prennent du temps \u00e0 agir.<\/p>\n<\/li>\n<\/ul>\n<\/li>\n<li data-start=\"2618\" data-end=\"2829\">\n<p data-start=\"2621\" data-end=\"2643\"><strong data-start=\"2621\" data-end=\"2641\">Augmenter lentement<\/strong><\/p>\n<ul data-start=\"2647\" data-end=\"2829\">\n<li data-start=\"2647\" data-end=\"2736\">\n<p data-start=\"2649\" data-end=\"2736\">Si l&#039;effet est l\u00e9ger apr\u00e8s la p\u00e9riode d&#039;attente, vous pouvez prendre une autre moiti\u00e9 ou un bonbon entier.<\/p>\n<\/li>\n<li data-start=\"2740\" data-end=\"2829\">\n<p data-start=\"2742\" data-end=\"2829\">Augmentez toujours votre dose avec pr\u00e9caution : il est plus facile d\u2019en ajouter plus que d\u2019en prendre trop.<\/p>\n<\/li>\n<\/ul>\n<\/li>\n<li data-start=\"2831\" data-end=\"3011\">\n<p data-start=\"2834\" data-end=\"2860\"><strong data-start=\"2834\" data-end=\"2858\">Meilleur moment pour l&#039;utiliser<\/strong><\/p>\n<ul data-start=\"2864\" data-end=\"3011\">\n<li data-start=\"2864\" data-end=\"2929\">\n<p data-start=\"2866\" data-end=\"2929\">Prendre sur un estomac l\u00e9ger et non gras pour une meilleure absorption.<\/p>\n<\/li>\n<li data-start=\"2933\" data-end=\"3011\">\n<p data-start=\"2935\" data-end=\"3011\">\u00c9viter l&#039;utilisation en combinaison avec de l&#039;alcool ou d&#039;autres substances psychoactives.<\/p>\n<\/li>\n<\/ul>\n<\/li>\n<li data-start=\"3013\" data-end=\"3161\">\n<p data-start=\"3016\" data-end=\"3028\"><strong data-start=\"3016\" data-end=\"3026\">Stockage<\/strong><\/p>\n<ul data-start=\"3032\" data-end=\"3161\">\n<li data-start=\"3032\" data-end=\"3081\">\n<p data-start=\"3034\" data-end=\"3081\">Conserver dans un endroit frais, sec et sombre.<\/p>\n<\/li>\n<li data-start=\"3085\" data-end=\"3161\">\n<p data-start=\"3087\" data-end=\"3161\">Garder le r\u00e9cipient bien ferm\u00e9 pour conserver la fra\u00eecheur et la puissance.<\/p>\n<\/li>\n<\/ul>\n<\/li>\n<li data-start=\"3163\" data-end=\"3362\">\n<p data-start=\"3166\" data-end=\"3182\"><strong data-start=\"3166\" data-end=\"3180\">S\u00e9curit\u00e9<\/strong><\/p>\n<ul data-start=\"3186\" data-end=\"3362\">\n<li data-start=\"3186\" data-end=\"3243\">\n<p data-start=\"3188\" data-end=\"3243\">Ne conduisez pas et n&#039;utilisez pas de machines pendant l&#039;utilisation.<\/p>\n<\/li>\n<li data-start=\"3247\" data-end=\"3299\">\n<p data-start=\"3249\" data-end=\"3299\">Tenir hors de port\u00e9e des enfants et des animaux domestiques.<\/p>\n<\/li>\n<li data-start=\"3303\" data-end=\"3362\">\n<p data-start=\"3305\" data-end=\"3362\">Utiliser avec prudence en cas de premi\u00e8re utilisation ou de faible tol\u00e9rance.<\/p>\n<\/li>\n<\/ul>\n<\/li>\n<\/ol>\n<hr data-start=\"3364\" data-end=\"3367\" \/>\n<h3 data-start=\"3369\" data-end=\"3404\"><strong data-start=\"3373\" data-end=\"3402\">Foire aux questions (FAQ)<\/strong><\/h3>\n<p data-start=\"3406\" data-end=\"3663\"><strong data-start=\"3406\" data-end=\"3432\">1. Qu&#039;est-ce que le \u00ab bonbon hhc \u00bb ?<\/strong><br data-start=\"3432\" data-end=\"3435\" \/><strong data-start=\"3435\" data-end=\"3448\">Bonbons HHC<\/strong> Ces bonbons sont infus\u00e9s \u00e0 l&#039;hexahydrocannabinol (HHC). Ils offrent une fa\u00e7on simple et contr\u00f4l\u00e9e de consommer du HHC, similaire aux produits comestibles au THC ou au CBD, mais avec une exp\u00e9rience souvent plus douce.<\/p>\n<p data-start=\"3665\" data-end=\"3922\"><strong data-start=\"3665\" data-end=\"3733\">2. Combien de temps durent les effets de Gummybears 25 mg HHC (Jaune) ?<\/strong><br data-start=\"3733\" data-end=\"3736\" \/>Les effets durent g\u00e9n\u00e9ralement <strong data-start=\"3764\" data-end=\"3779\">3 \u00e0 6 heures<\/strong>, selon la dose, le m\u00e9tabolisme et la sensibilit\u00e9 individuelle. Certains utilisateurs ressentent des effets secondaires l\u00e9gers en dehors de cette p\u00e9riode.<\/p>\n<p data-start=\"3924\" data-end=\"4239\"><strong data-start=\"3924\" data-end=\"3959\">3. Est-il l\u00e9gal d\u2019acheter des bonbons HHC ?<\/strong><br data-start=\"3959\" data-end=\"3962\" \/>La l\u00e9galit\u00e9 de <strong data-start=\"3980\" data-end=\"3999\">acheter des bonbons hhc<\/strong> Cela d\u00e9pend enti\u00e8rement de votre pays ou r\u00e9gion. Dans certaines r\u00e9gions, les produits chimiques \u00e0 usage humain sont r\u00e9glement\u00e9s ou interdits. V\u00e9rifiez toujours la r\u00e9glementation locale avant d&#039;acheter et assurez-vous que le vendeur dispose de tests de laboratoire et de certifications qualit\u00e9 \u00e0 jour.<\/p>","protected":false},"excerpt":{"rendered":"<h2>Bonbons HHC 25 mg jaunes<\/h2>\n<p><strong>Marque:<\/strong> La reine des feuilles<br \/>\n<strong>Nombre d&#039;oursons en g\u00e9latine par sachet :<\/strong> 10<br \/>\n<strong>Ingr\u00e9dients:<\/strong> glucose, g\u00e9latine, vitamine C, sorbate de potassium, ar\u00f4me d&#039;huile de ma\u00efs, colorant (E110), principe actif HHC<br \/>\n<strong>Quantit\u00e9 HHC :<\/strong> 25 mg<br \/>\n<strong>Oursons en g\u00e9latine color\u00e9s :<\/strong> jaune<\/p>","protected":false},"featured_media":24694,"comment_status":"closed","ping_status":"closed","template":"","meta":[],"product_brand":[82],"product_cat":[328,327],"product_tag":[718,715,714,716,717,707,719],"class_list":{"0":"post-24668","1":"product","2":"type-product","3":"status-publish","4":"has-post-thumbnail","6":"product_brand-research-chemical","7":"product_cat-edibles","8":"product_cat-hhc","9":"product_tag-hhc-candy","10":"product_tag-hhc-edible-dosage","11":"product_tag-hhc-edibles","12":"product_tag-hhc-edibles-effects","13":"product_tag-hhc-gummies","14":"product_tag-hhc-gummy-bear","15":"product_tag-hhc-jellies","17":"first","18":"instock","19":"taxable","20":"shipping-taxable","21":"purchasable","22":"product-type-variable"},"_links":{"self":[{"href":"https:\/\/onderzoekschemicals.com\/fr_be\/wp-json\/wp\/v2\/product\/24668","targetHints":{"allow":["GET"]}}],"collection":[{"href":"https:\/\/onderzoekschemicals.com\/fr_be\/wp-json\/wp\/v2\/product"}],"about":[{"href":"https:\/\/onderzoekschemicals.com\/fr_be\/wp-json\/wp\/v2\/types\/product"}],"replies":[{"embeddable":true,"href":"https:\/\/onderzoekschemicals.com\/fr_be\/wp-json\/wp\/v2\/comments?post=24668"}],"version-history":[{"count":5,"href":"https:\/\/onderzoekschemicals.com\/fr_be\/wp-json\/wp\/v2\/product\/24668\/revisions"}],"predecessor-version":[{"id":27757,"href":"https:\/\/onderzoekschemicals.com\/fr_be\/wp-json\/wp\/v2\/product\/24668\/revisions\/27757"}],"wp:featuredmedia":[{"embeddable":true,"href":"https:\/\/onderzoekschemicals.com\/fr_be\/wp-json\/wp\/v2\/media\/24694"}],"wp:attachment":[{"href":"https:\/\/onderzoekschemicals.com\/fr_be\/wp-json\/wp\/v2\/media?parent=24668"}],"wp:term":[{"taxonomy":"product_brand","embeddable":true,"href":"https:\/\/onderzoekschemicals.com\/fr_be\/wp-json\/wp\/v2\/product_brand?post=24668"},{"taxonomy":"product_cat","embeddable":true,"href":"https:\/\/onderzoekschemicals.com\/fr_be\/wp-json\/wp\/v2\/product_cat?post=24668"},{"taxonomy":"product_tag","embeddable":true,"href":"https:\/\/onderzoekschemicals.com\/fr_be\/wp-json\/wp\/v2\/product_tag?post=24668"}],"curies":[{"name":"wp","href":"https:\/\/api.w.org\/{rel}","templated":true}]}}