{"id":24533,"date":"2025-10-20T17:41:54","date_gmt":"2025-10-20T17:41:54","guid":{"rendered":"https:\/\/onderzoekschemicals.com\/?post_type=product&#038;p=24533"},"modified":"2025-10-21T16:01:39","modified_gmt":"2025-10-21T16:01:39","slug":"2c-d-kopen","status":"publish","type":"product","link":"https:\/\/onderzoekschemicals.com\/fr_be\/shop\/b2b\/2c-d-kopen\/","title":{"rendered":"Plaquette thermoform\u00e9e de granul\u00e9s 2C-D 10 mg"},"content":{"rendered":"<h3 data-start=\"4002\" data-end=\"4023\"><strong data-start=\"4006\" data-end=\"4021\">Introduction<\/strong><\/h3>\n<p data-start=\"4024\" data-end=\"4294\"><strong data-start=\"4024\" data-end=\"4066\">2C-D 10 mg, comprim\u00e9s (plaquette thermoform\u00e9e)<\/strong> contenir un <strong data-start=\"4080\" data-end=\"4123\">dose pr\u00e9cise de 10 mg<\/strong> par <strong data-start=\"4128\" data-end=\"4174\">2C-D (2,5-dim\u00e9thoxy-4-m\u00e9thylph\u00e9n\u00e9thylamine)<\/strong> - Un <strong data-start=\"4181\" data-end=\"4211\">ph\u00e9n\u00e9thylamine synth\u00e9tique<\/strong> de la <strong data-start=\"4219\" data-end=\"4233\">Famille 2C<\/strong>, d\u00e9velopp\u00e9 \u00e0 l&#039;origine par <strong data-start=\"4266\" data-end=\"4291\">Dr Alexander Shulgin<\/strong>. Achetez 2c-d<\/p>\n<p data-start=\"4296\" data-end=\"4682\">\u00c0 l&#039;int\u00e9rieur <strong data-start=\"4303\" data-end=\"4355\">recherche chimique, pharmacologique et analytique<\/strong> 2C-D est utilis\u00e9 comme <strong data-start=\"4380\" data-end=\"4398\">substance de r\u00e9f\u00e9rence<\/strong> pour <strong data-start=\"4404\" data-end=\"4445\">relation structure-activit\u00e9 (SAR)<\/strong>-\u00e9tudes, <strong data-start=\"4455\" data-end=\"4484\">recherche sur la liaison aux r\u00e9cepteurs<\/strong> et <strong data-start=\"4488\" data-end=\"4517\">analyse chromatographique<\/strong>.<br data-start=\"4518\" data-end=\"4521\" \/>Ces granul\u00e9s sont fabriqu\u00e9s selon <strong data-start=\"4562\" data-end=\"4606\">qualit\u00e9 laboratoire (puret\u00e9 \u2265 98%)<\/strong> et emball\u00e9 dans <strong data-start=\"4621\" data-end=\"4638\">plaquettes alv\u00e9ol\u00e9es<\/strong> pour une protection et une stabilit\u00e9 optimales.<\/p>\n<blockquote data-start=\"4684\" data-end=\"4839\">\n<p data-start=\"4686\" data-end=\"4839\">\u26a0\ufe0f <strong data-start=\"4689\" data-end=\"4700\">NB:<\/strong> Les granul\u00e9s 2C-D sont uniquement destin\u00e9s \u00e0 <strong data-start=\"4744\" data-end=\"4785\">recherche en laboratoire et analytique<\/strong> \u2014 <strong data-start=\"4788\" data-end=\"4836\">non destin\u00e9 \u00e0 la consommation humaine ou animale<\/strong>.<\/p>\n<\/blockquote>\n<hr data-start=\"4841\" data-end=\"4844\" \/>\n<h3 data-start=\"4846\" data-end=\"4877\"><strong data-start=\"4850\" data-end=\"4877\">Caract\u00e9ristiques principales<\/strong><\/h3>\n<div class=\"_tableContainer_1rjym_1\">\n<div class=\"group _tableWrapper_1rjym_13 flex w-fit flex-col-reverse\" tabindex=\"-1\">\n<table class=\"w-fit min-w-(--thread-content-width)\" data-start=\"4879\" data-end=\"5360\">\n<thead data-start=\"4879\" data-end=\"4905\">\n<tr data-start=\"4879\" data-end=\"4905\">\n<th data-start=\"4879\" data-end=\"4889\" data-col-size=\"sm\">Fonctionnalit\u00e9<\/th>\n<th data-start=\"4889\" data-end=\"4905\" data-col-size=\"md\">Description<\/th>\n<\/tr>\n<\/thead>\n<tbody data-start=\"4934\" data-end=\"5360\">\n<tr data-start=\"4934\" data-end=\"4994\">\n<td data-start=\"4934\" data-end=\"4955\" data-col-size=\"sm\"><strong data-start=\"4936\" data-end=\"4954\">Nom chimique<\/strong><\/td>\n<td data-start=\"4955\" data-end=\"4994\" data-col-size=\"md\">2,5-dim\u00e9thoxy-4-m\u00e9thylph\u00e9n\u00e9thylamine<\/td>\n<\/tr>\n<tr data-start=\"4995\" data-end=\"5028\">\n<td data-start=\"4995\" data-end=\"5020\" data-col-size=\"sm\"><strong data-start=\"4997\" data-end=\"5019\">Nom commun<\/strong><\/td>\n<td data-start=\"5020\" data-end=\"5028\" data-col-size=\"md\">2C-D<\/td>\n<\/tr>\n<tr data-start=\"5029\" data-end=\"5064\">\n<td data-start=\"5029\" data-end=\"5044\" data-col-size=\"sm\"><strong data-start=\"5031\" data-end=\"5043\">Dosage<\/strong><\/td>\n<td data-start=\"5044\" data-end=\"5064\" data-col-size=\"md\">10 mg par pastille<\/td>\n<\/tr>\n<tr data-start=\"5065\" data-end=\"5113\">\n<td data-start=\"5065\" data-end=\"5076\" data-col-size=\"sm\"><strong data-start=\"5067\" data-end=\"5075\">Formulaire<\/strong><\/td>\n<td data-start=\"5076\" data-end=\"5113\" data-col-size=\"md\">Granul\u00e9s solides (blister)<\/td>\n<\/tr>\n<tr data-start=\"5114\" data-end=\"5165\">\n<td data-start=\"5114\" data-end=\"5131\" data-col-size=\"sm\"><strong data-start=\"5116\" data-end=\"5130\">Puret\u00e9<\/strong><\/td>\n<td data-start=\"5131\" data-end=\"5165\" data-col-size=\"md\">\u2265 98% (test\u00e9 par HPLC et RMN)<\/td>\n<\/tr>\n<tr data-start=\"5166\" data-end=\"5235\">\n<td data-start=\"5166\" data-end=\"5189\" data-col-size=\"sm\"><strong data-start=\"5168\" data-end=\"5188\">Classe chimique<\/strong><\/td>\n<td data-start=\"5189\" data-end=\"5235\" data-col-size=\"md\">Ph\u00e9n\u00e9thylamine substitu\u00e9e (famille 2C)<\/td>\n<\/tr>\n<tr data-start=\"5236\" data-end=\"5285\">\n<td data-start=\"5236\" data-end=\"5253\" data-col-size=\"sm\"><strong data-start=\"5238\" data-end=\"5252\">Conditionnement<\/strong><\/td>\n<td data-start=\"5253\" data-end=\"5285\" data-col-size=\"md\">Blister scell\u00e9<\/td>\n<\/tr>\n<tr data-start=\"5286\" data-end=\"5360\">\n<td data-start=\"5286\" data-end=\"5300\" data-col-size=\"sm\"><strong data-start=\"5288\" data-end=\"5299\">Usage<\/strong><\/td>\n<td data-start=\"5300\" data-end=\"5360\" data-col-size=\"md\">Pour la recherche analytique, m\u00e9dico-l\u00e9gale et chimique uniquement<\/td>\n<\/tr>\n<\/tbody>\n<\/table>\n<\/div>\n<\/div>\n<hr data-start=\"5362\" data-end=\"5365\" \/>\n<h3 data-start=\"5367\" data-end=\"5384\"><strong data-start=\"5371\" data-end=\"5384\">Avantages<\/strong><\/h3>\n<ul data-start=\"5386\" data-end=\"5834\">\n<li data-start=\"5386\" data-end=\"5484\">\n<p data-start=\"5388\" data-end=\"5484\"><strong data-start=\"5388\" data-end=\"5412\">Dos\u00e9 avec pr\u00e9cision<\/strong> \u2013 Chaque pastille contient 10 mg de 2C-D pour des r\u00e9sultats de recherche fiables.<\/p>\n<\/li>\n<li data-start=\"5485\" data-end=\"5565\">\n<p data-start=\"5487\" data-end=\"5565\"><strong data-start=\"5487\" data-end=\"5517\">Haute qualit\u00e9 de laboratoire<\/strong> \u2013 Convient pour les analyses GC\/MS, HPLC et RMN.<\/p>\n<\/li>\n<li data-start=\"5566\" data-end=\"5655\">\n<p data-start=\"5568\" data-end=\"5655\"><strong data-start=\"5568\" data-end=\"5591\">Emballage stable<\/strong> \u2013 L\u2019emballage sous blister prot\u00e8ge contre la contamination et l\u2019humidit\u00e9.<\/p>\n<\/li>\n<li data-start=\"5656\" data-end=\"5735\">\n<p data-start=\"5658\" data-end=\"5735\"><strong data-start=\"5658\" data-end=\"5685\">Haute puret\u00e9<\/strong> \u2013 Puret\u00e9 \u2265 98% pour des r\u00e9sultats coh\u00e9rents.<\/p>\n<\/li>\n<li data-start=\"5736\" data-end=\"5834\">\n<p data-start=\"5738\" data-end=\"5834\"><strong data-start=\"5738\" data-end=\"5758\">Valeur de la recherche<\/strong> \u2013 Convient aux \u00e9tudes comparatives avec des analogues 2C tels que 2C-B et 2C-E.<\/p>\n<\/li>\n<\/ul>\n<hr data-start=\"5836\" data-end=\"5839\" \/>\n<h3 data-start=\"5841\" data-end=\"5893\"><strong data-start=\"5845\" data-end=\"5891\">Utilisation (\u00e0 des fins de recherche uniquement)<\/strong><\/h3>\n<ol data-start=\"5895\" data-end=\"6319\">\n<li data-start=\"5895\" data-end=\"6001\">\n<p data-start=\"5898\" data-end=\"6001\"><strong data-start=\"5898\" data-end=\"5913\">Manutention:<\/strong> Portez des gants, des lunettes de s\u00e9curit\u00e9 et une blouse de laboratoire ; travaillez dans un environnement contr\u00f4l\u00e9.<\/p>\n<\/li>\n<li data-start=\"6002\" data-end=\"6090\">\n<p data-start=\"6005\" data-end=\"6090\"><strong data-start=\"6005\" data-end=\"6018\">Mesures:<\/strong> Chaque pastille contient exactement 10 mg ; ne pas modifier en dehors du laboratoire.<\/p>\n<\/li>\n<li data-start=\"6091\" data-end=\"6180\">\n<p data-start=\"6094\" data-end=\"6180\"><strong data-start=\"6094\" data-end=\"6105\">Stockage:<\/strong> \u00c0 conserver au frais (2\u20138 \u00b0C), au sec et \u00e0 l\u2019abri de la lumi\u00e8re, dans le blister d\u2019origine.<\/p>\n<\/li>\n<li data-start=\"6181\" data-end=\"6245\">\n<p data-start=\"6184\" data-end=\"6245\"><strong data-start=\"6184\" data-end=\"6196\">Analyse:<\/strong> Convient pour GC\/MS, LC-MS, HPLC, FTIR et RMN.<\/p>\n<\/li>\n<li data-start=\"6246\" data-end=\"6319\">\n<p data-start=\"6249\" data-end=\"6319\"><strong data-start=\"6249\" data-end=\"6266\">Documentation:<\/strong> Enregistrez les num\u00e9ros de lot, la puret\u00e9 et les r\u00e9sultats des tests.<\/p>\n<\/li>\n<\/ol>\n<hr data-start=\"6321\" data-end=\"6324\" \/>\n<h3 data-start=\"6326\" data-end=\"6361\"><strong data-start=\"6330\" data-end=\"6359\">Foire aux questions (FAQ)<\/strong><\/h3>\n<p data-start=\"6363\" data-end=\"6563\"><strong data-start=\"6363\" data-end=\"6382\">1. Qu&#039;est-ce que 2C-D ?<\/strong><br data-start=\"6382\" data-end=\"6385\" \/>2C-D (2,5-dim\u00e9thoxy-4-m\u00e9thylph\u00e9n\u00e9thylamine) est un <strong data-start=\"6435\" data-end=\"6465\">ph\u00e9n\u00e9thylamine synth\u00e9tique<\/strong> qui est utilis\u00e9 dans la recherche chimique et pharmacologique sur la liaison aux r\u00e9cepteurs et les \u00e9tudes SAR.<\/p>\n<p data-start=\"6565\" data-end=\"6740\"><strong data-start=\"6565\" data-end=\"6616\">2. \u00c0 quoi servent les granul\u00e9s 2C-D 10 mg ?<\/strong><br data-start=\"6616\" data-end=\"6619\" \/>Les granul\u00e9s sont destin\u00e9s \u00e0 <strong data-start=\"6648\" data-end=\"6686\">recherche analytique et m\u00e9dico-l\u00e9gale<\/strong>, par exemple pour la chromatographie et la spectroscopie.<\/p>\n<p data-start=\"6742\" data-end=\"6950\"><strong data-start=\"6742\" data-end=\"6780\">3. Est-il l\u00e9gal d\u2019acheter du 2C-D ?<\/strong><br data-start=\"6780\" data-end=\"6783\" \/>Le <strong data-start=\"6786\" data-end=\"6809\">l\u00e9galit\u00e9 du 2C-D<\/strong> Varie selon les pays. Dans certains pays, elle est consid\u00e9r\u00e9e comme une substance r\u00e9glement\u00e9e. Consultez toujours la r\u00e9glementation locale avant utilisation. <strong data-start=\"6933\" data-end=\"6947\">2C-D ach\u00e8te<\/strong>.<\/p>","protected":false},"excerpt":{"rendered":"<h2><strong>Pellets 2C-D 10 MG<\/strong><\/h2>\n<ul>\n<li><strong>Emballage de vente au d\u00e9tail<br \/>\n<\/strong><\/li>\n<li><strong>Nombre de granul\u00e9s par blister : 10<\/strong><\/li>\n<li><strong>Les prix excluent la TVA 21%<\/strong><\/li>\n<li><strong>Prix de vente conseill\u00e9 : 49,95 \u20ac TTC<\/strong><\/li>\n<\/ul>","protected":false},"featured_media":24548,"comment_status":"closed","ping_status":"closed","template":"","meta":[],"product_brand":[82],"product_cat":[555],"product_tag":[661,794,791,792,793,326],"class_list":{"0":"post-24533","1":"product","2":"type-product","3":"status-publish","4":"has-post-thumbnail","6":"product_brand-research-chemical","7":"product_cat-b2b","8":"product_tag-2c-d","9":"product_tag-2c-d-bestsellen","10":"product_tag-2c-d-kopen","11":"product_tag-2c-d-reddit","12":"product_tag-2cd-pellets","13":"product_tag-nl","15":"first","16":"instock","17":"taxable","18":"shipping-taxable","19":"purchasable","20":"product-type-variable"},"_links":{"self":[{"href":"https:\/\/onderzoekschemicals.com\/fr_be\/wp-json\/wp\/v2\/product\/24533","targetHints":{"allow":["GET"]}}],"collection":[{"href":"https:\/\/onderzoekschemicals.com\/fr_be\/wp-json\/wp\/v2\/product"}],"about":[{"href":"https:\/\/onderzoekschemicals.com\/fr_be\/wp-json\/wp\/v2\/types\/product"}],"replies":[{"embeddable":true,"href":"https:\/\/onderzoekschemicals.com\/fr_be\/wp-json\/wp\/v2\/comments?post=24533"}],"version-history":[{"count":5,"href":"https:\/\/onderzoekschemicals.com\/fr_be\/wp-json\/wp\/v2\/product\/24533\/revisions"}],"predecessor-version":[{"id":27774,"href":"https:\/\/onderzoekschemicals.com\/fr_be\/wp-json\/wp\/v2\/product\/24533\/revisions\/27774"}],"wp:featuredmedia":[{"embeddable":true,"href":"https:\/\/onderzoekschemicals.com\/fr_be\/wp-json\/wp\/v2\/media\/24548"}],"wp:attachment":[{"href":"https:\/\/onderzoekschemicals.com\/fr_be\/wp-json\/wp\/v2\/media?parent=24533"}],"wp:term":[{"taxonomy":"product_brand","embeddable":true,"href":"https:\/\/onderzoekschemicals.com\/fr_be\/wp-json\/wp\/v2\/product_brand?post=24533"},{"taxonomy":"product_cat","embeddable":true,"href":"https:\/\/onderzoekschemicals.com\/fr_be\/wp-json\/wp\/v2\/product_cat?post=24533"},{"taxonomy":"product_tag","embeddable":true,"href":"https:\/\/onderzoekschemicals.com\/fr_be\/wp-json\/wp\/v2\/product_tag?post=24533"}],"curies":[{"name":"wp","href":"https:\/\/api.w.org\/{rel}","templated":true}]}}