{"id":24529,"date":"2025-10-20T17:41:54","date_gmt":"2025-10-20T17:41:54","guid":{"rendered":"https:\/\/onderzoekschemicals.com\/?post_type=product&#038;p=24529"},"modified":"2025-10-21T16:01:25","modified_gmt":"2025-10-21T16:01:25","slug":"2c-b-fly-10-mg-zakje-3-pellets","status":"publish","type":"product","link":"https:\/\/onderzoekschemicals.com\/fr_be\/shop\/b2b\/2c-b-fly-10-mg-zakje-3-pellets\/","title":{"rendered":"Sachet de 3 granules de 2C-B-FLY 10 MG"},"content":{"rendered":"<h3 data-start=\"3793\" data-end=\"3814\"><strong data-start=\"3797\" data-end=\"3812\">Introduction<\/strong><\/h3>\n<p data-start=\"3815\" data-end=\"4074\"><strong data-start=\"3815\" data-end=\"3851\">Sachet de 2C-B-FLY 10 mg (3 pastilles)<\/strong> contient <strong data-start=\"3858\" data-end=\"3906\">trois pastilles pr\u00e9cis\u00e9ment dos\u00e9es de 10 mg<\/strong> <strong data-start=\"3907\" data-end=\"3969\">2C-B-FLY (8-bromo-2,3,6,7-benzodihydro-difuran\u00e9thylamine)<\/strong> - Un <strong data-start=\"3976\" data-end=\"4006\">ph\u00e9n\u00e9thylamine synth\u00e9tique<\/strong> de la <strong data-start=\"4014\" data-end=\"4028\">Famille 2C<\/strong>, d\u00e9velopp\u00e9 par <strong data-start=\"4046\" data-end=\"4071\">Dr Alexander Shulgin<\/strong>.<\/p>\n<p data-start=\"4076\" data-end=\"4431\">En raison de son caract\u00e8re unique <strong data-start=\"4093\" data-end=\"4119\">structure du benzodifurane<\/strong> 2C-B-FLY est largement utilis\u00e9 dans <strong data-start=\"4152\" data-end=\"4209\">recherche pharmacologique, analytique et neurochimique<\/strong> D\u00e9sagr\u00e9able <strong data-start=\"4215\" data-end=\"4234\">liaison au r\u00e9cepteur<\/strong> et <strong data-start=\"4238\" data-end=\"4280\">relations structure-activit\u00e9 (SAR)<\/strong>.<br data-start=\"4281\" data-end=\"4284\" \/>Les granul\u00e9s ont une <strong data-start=\"4306\" data-end=\"4343\">puret\u00e9 de laboratoire \u2265 98 %<\/strong> et sont livr\u00e9s dans un <strong data-start=\"4370\" data-end=\"4408\">sac r\u00e9sistant \u00e0 l&#039;humidit\u00e9 et refermable<\/strong> pour un stockage s\u00fbr.<\/p>\n<blockquote data-start=\"4433\" data-end=\"4580\">\n<p data-start=\"4435\" data-end=\"4580\">\u26a0\ufe0f <strong data-start=\"4438\" data-end=\"4449\">NB:<\/strong> Ce produit est destin\u00e9 uniquement \u00e0 <strong data-start=\"4490\" data-end=\"4531\">recherche en laboratoire et analytique<\/strong> \u2014 <strong data-start=\"4534\" data-end=\"4577\">non destin\u00e9 \u00e0 l&#039;usage humain ou animal<\/strong>.<\/p>\n<\/blockquote>\n<hr data-start=\"4582\" data-end=\"4585\" \/>\n<h3 data-start=\"4587\" data-end=\"4618\"><strong data-start=\"4591\" data-end=\"4618\">Caract\u00e9ristiques principales<\/strong><\/h3>\n<div class=\"_tableContainer_1rjym_1\">\n<div class=\"group _tableWrapper_1rjym_13 flex w-fit flex-col-reverse\" tabindex=\"-1\">\n<table class=\"w-fit min-w-(--thread-content-width)\" data-start=\"4620\" data-end=\"5143\">\n<thead data-start=\"4620\" data-end=\"4646\">\n<tr data-start=\"4620\" data-end=\"4646\">\n<th data-start=\"4620\" data-end=\"4630\" data-col-size=\"sm\">Fonctionnalit\u00e9<\/th>\n<th data-start=\"4630\" data-end=\"4646\" data-col-size=\"md\">Description<\/th>\n<\/tr>\n<\/thead>\n<tbody data-start=\"4675\" data-end=\"5143\">\n<tr data-start=\"4675\" data-end=\"4758\">\n<td data-start=\"4675\" data-end=\"4696\" data-col-size=\"sm\"><strong data-start=\"4677\" data-end=\"4695\">Nom chimique<\/strong><\/td>\n<td data-start=\"4696\" data-end=\"4758\" data-col-size=\"md\">8-Broomo-2,3,6,7-benzodihydro-difuran\u00e9thylamine (2C-B-FLY)<\/td>\n<\/tr>\n<tr data-start=\"4759\" data-end=\"4831\">\n<td data-start=\"4759\" data-end=\"4774\" data-col-size=\"sm\"><strong data-start=\"4761\" data-end=\"4773\">Dosage<\/strong><\/td>\n<td data-start=\"4774\" data-end=\"4831\" data-col-size=\"md\">10 mg par pastille \u2013 total 30 mg (3 pastilles par sachet)<\/td>\n<\/tr>\n<tr data-start=\"4832\" data-end=\"4883\">\n<td data-start=\"4832\" data-end=\"4843\" data-col-size=\"sm\"><strong data-start=\"4834\" data-end=\"4842\">Formulaire<\/strong><\/td>\n<td data-start=\"4843\" data-end=\"4883\" data-col-size=\"md\">Pastille solide \u00e0 usage analytique<\/td>\n<\/tr>\n<tr data-start=\"4884\" data-end=\"4936\">\n<td data-start=\"4884\" data-end=\"4901\" data-col-size=\"sm\"><strong data-start=\"4886\" data-end=\"4900\">Puret\u00e9<\/strong><\/td>\n<td data-start=\"4901\" data-end=\"4936\" data-col-size=\"md\">\u2265 98 % (test\u00e9 par HPLC et RMN)<\/td>\n<\/tr>\n<tr data-start=\"4937\" data-end=\"5016\">\n<td data-start=\"4937\" data-end=\"4960\" data-col-size=\"sm\"><strong data-start=\"4939\" data-end=\"4959\">Classe chimique<\/strong><\/td>\n<td data-start=\"4960\" data-end=\"5016\" data-col-size=\"md\">Analogue de ph\u00e9n\u00e9thylamine\/benzodifurane substitu\u00e9<\/td>\n<\/tr>\n<tr data-start=\"5017\" data-end=\"5091\">\n<td data-start=\"5017\" data-end=\"5031\" data-col-size=\"sm\"><strong data-start=\"5019\" data-end=\"5030\">Usage<\/strong><\/td>\n<td data-start=\"5031\" data-end=\"5091\" data-col-size=\"md\">Pour la recherche analytique, m\u00e9dico-l\u00e9gale et chimique uniquement<\/td>\n<\/tr>\n<tr data-start=\"5092\" data-end=\"5143\">\n<td data-start=\"5092\" data-end=\"5109\" data-col-size=\"sm\"><strong data-start=\"5094\" data-end=\"5108\">Conditionnement<\/strong><\/td>\n<td data-start=\"5109\" data-end=\"5143\" data-col-size=\"md\">Sac de laboratoire refermable<\/td>\n<\/tr>\n<\/tbody>\n<\/table>\n<\/div>\n<\/div>\n<hr data-start=\"5145\" data-end=\"5148\" \/>\n<h3 data-start=\"5150\" data-end=\"5167\"><strong data-start=\"5154\" data-end=\"5167\">Avantages<\/strong><\/h3>\n<ul data-start=\"5169\" data-end=\"5575\">\n<li data-start=\"5169\" data-end=\"5245\">\n<p data-start=\"5171\" data-end=\"5245\"><strong data-start=\"5171\" data-end=\"5195\">Dosage pr\u00e9cis<\/strong> \u2013 10 mg par pastille pour des r\u00e9sultats fiables.<\/p>\n<\/li>\n<li data-start=\"5246\" data-end=\"5315\">\n<p data-start=\"5248\" data-end=\"5315\"><strong data-start=\"5248\" data-end=\"5281\">Haute puret\u00e9 et stabilit\u00e9<\/strong> \u2013 \u2265 98 % qualit\u00e9 laboratoire.<\/p>\n<\/li>\n<li data-start=\"5316\" data-end=\"5412\">\n<p data-start=\"5318\" data-end=\"5412\"><strong data-start=\"5318\" data-end=\"5347\">Id\u00e9al pour la recherche SAR<\/strong> \u2013 Convient aux comparaisons structurelles et aux \u00e9tudes de r\u00e9cepteurs.<\/p>\n<\/li>\n<li data-start=\"5413\" data-end=\"5492\">\n<p data-start=\"5415\" data-end=\"5492\"><strong data-start=\"5415\" data-end=\"5446\">Largement applicable analytiquement<\/strong> \u2013 Compatible avec GC\/MS, LC-MS, FTIR et RMN.<\/p>\n<\/li>\n<li data-start=\"5493\" data-end=\"5575\">\n<p data-start=\"5495\" data-end=\"5575\"><strong data-start=\"5495\" data-end=\"5513\">Taille pratique<\/strong> \u2013 Sachet de 3 pastilles, parfait pour la recherche \u00e0 petite \u00e9chelle.<\/p>\n<\/li>\n<\/ul>\n<hr data-start=\"5577\" data-end=\"5580\" \/>\n<h3 data-start=\"5582\" data-end=\"5634\"><strong data-start=\"5586\" data-end=\"5632\">Utilisation (\u00e0 des fins de recherche uniquement)<\/strong><\/h3>\n<ol data-start=\"5636\" data-end=\"6016\">\n<li data-start=\"5636\" data-end=\"5734\">\n<p data-start=\"5639\" data-end=\"5734\"><strong data-start=\"5639\" data-end=\"5654\">Manutention:<\/strong> Portez des gants et des lunettes de s\u00e9curit\u00e9 ; travaillez dans des conditions contr\u00f4l\u00e9es.<\/p>\n<\/li>\n<li data-start=\"5735\" data-end=\"5819\">\n<p data-start=\"5738\" data-end=\"5819\"><strong data-start=\"5738\" data-end=\"5751\">Mesures:<\/strong> Chaque pastille contient 10 mg \u2013 ne pas ajuster en dehors du laboratoire.<\/p>\n<\/li>\n<li data-start=\"5820\" data-end=\"5875\">\n<p data-start=\"5823\" data-end=\"5875\"><strong data-start=\"5823\" data-end=\"5834\">Stockage:<\/strong> Conserver au frais (2\u20138 \u00b0C), au sec et \u00e0 l\u2019abri de la lumi\u00e8re.<\/p>\n<\/li>\n<li data-start=\"5876\" data-end=\"5940\">\n<p data-start=\"5879\" data-end=\"5940\"><strong data-start=\"5879\" data-end=\"5891\">Analyse:<\/strong> Convient pour GC\/MS, HPLC, FTIR, LC-MS et RMN.<\/p>\n<\/li>\n<li data-start=\"5941\" data-end=\"6016\">\n<p data-start=\"5944\" data-end=\"6016\"><strong data-start=\"5944\" data-end=\"5961\">Documentation:<\/strong> Enregistrez les num\u00e9ros de lot et les r\u00e9sultats des tests pour v\u00e9rifier la conformit\u00e9.<\/p>\n<\/li>\n<\/ol>\n<hr data-start=\"6018\" data-end=\"6021\" \/>\n<h3 data-start=\"6023\" data-end=\"6058\"><strong data-start=\"6027\" data-end=\"6056\">Foire aux questions (FAQ)<\/strong><\/h3>\n<p data-start=\"6060\" data-end=\"6239\"><strong data-start=\"6060\" data-end=\"6083\">1. Qu&#039;est-ce que 2C-B-FLY ?<\/strong><br data-start=\"6083\" data-end=\"6086\" \/><strong data-start=\"6086\" data-end=\"6098\">2C-B-FLY<\/strong> est un <strong data-start=\"6106\" data-end=\"6136\">ph\u00e9n\u00e9thylamine synth\u00e9tique<\/strong> avec une structure de benzodifurane utilis\u00e9e pour les \u00e9tudes de liaison aux r\u00e9cepteurs et l&#039;analyse SAR.<\/p>\n<p data-start=\"6241\" data-end=\"6399\"><strong data-start=\"6241\" data-end=\"6299\">2. Que contient le sachet 2C-B-FLY 10 mg (3 pastilles) ?<\/strong><br data-start=\"6299\" data-end=\"6302\" \/>Le sac contient <strong data-start=\"6318\" data-end=\"6357\">trois pastilles de 10 mg de 2C-B-FLY chacune<\/strong> pour usage analytique (total 30 mg).<\/p>\n<p data-start=\"6401\" data-end=\"6605\"><strong data-start=\"6401\" data-end=\"6443\">3. Est-il l\u00e9gal d&#039;acheter du 2C-B-FLY ?<\/strong><br data-start=\"6443\" data-end=\"6446\" \/>Le <strong data-start=\"6449\" data-end=\"6476\">l\u00e9galit\u00e9 du 2C-B-FLY<\/strong> Varie selon les pays. Dans certains pays, il est consid\u00e9r\u00e9 comme une substance r\u00e9glement\u00e9e. V\u00e9rifiez toujours la r\u00e9glementation locale avant d&#039;acheter.<\/p>","protected":false},"excerpt":{"rendered":"<h2><strong><span dir=\"auto\" style=\"vertical-align: inherit;\"><span dir=\"auto\" style=\"vertical-align: inherit;\">Sachet de 2C-B-FLY 10 MG avec 3 pastilles<\/span><\/span><\/strong><\/h2>\n<ul>\n<li><strong><span dir=\"auto\" style=\"vertical-align: inherit;\"><span dir=\"auto\" style=\"vertical-align: inherit;\">Emballage de vente au d\u00e9tail<\/span><\/span><br \/>\n<\/strong><\/li>\n<li><strong><span dir=\"auto\" style=\"vertical-align: inherit;\"><span dir=\"auto\" style=\"vertical-align: inherit;\">Nombre de granul\u00e9s par sac : 3<\/span><\/span><\/strong><\/li>\n<li><strong><span dir=\"auto\" style=\"vertical-align: inherit;\"><span dir=\"auto\" style=\"vertical-align: inherit;\">Les prix excluent la TVA 21%<\/span><\/span><\/strong><\/li>\n<li><strong><span dir=\"auto\" style=\"vertical-align: inherit;\"><span dir=\"auto\" style=\"vertical-align: inherit;\">Prix de vente conseill\u00e9 : 25,00 \u20ac TTC<\/span><\/span><\/strong><\/li>\n<\/ul>","protected":false},"featured_media":24545,"comment_status":"closed","ping_status":"closed","template":"","meta":[],"product_brand":[82],"product_cat":[555],"product_tag":[193,194,817,198,197,196,199,200,326],"class_list":{"0":"post-24529","1":"product","2":"type-product","3":"status-publish","4":"has-post-thumbnail","6":"product_brand-research-chemical","7":"product_cat-b2b","8":"product_tag-2c-b-fly","9":"product_tag-2c-b-fly-pellets","10":"product_tag-2c-b-fly-psychonau","11":"product_tag-2cb-dosering","12":"product_tag-2cb-drugs","13":"product_tag-2cb-effecten","14":"product_tag-2cb-fly","15":"product_tag-dosering-2cb","16":"product_tag-nl","18":"first","19":"instock","20":"taxable","21":"shipping-taxable","22":"purchasable","23":"product-type-variable"},"_links":{"self":[{"href":"https:\/\/onderzoekschemicals.com\/fr_be\/wp-json\/wp\/v2\/product\/24529","targetHints":{"allow":["GET"]}}],"collection":[{"href":"https:\/\/onderzoekschemicals.com\/fr_be\/wp-json\/wp\/v2\/product"}],"about":[{"href":"https:\/\/onderzoekschemicals.com\/fr_be\/wp-json\/wp\/v2\/types\/product"}],"replies":[{"embeddable":true,"href":"https:\/\/onderzoekschemicals.com\/fr_be\/wp-json\/wp\/v2\/comments?post=24529"}],"version-history":[{"count":5,"href":"https:\/\/onderzoekschemicals.com\/fr_be\/wp-json\/wp\/v2\/product\/24529\/revisions"}],"predecessor-version":[{"id":27773,"href":"https:\/\/onderzoekschemicals.com\/fr_be\/wp-json\/wp\/v2\/product\/24529\/revisions\/27773"}],"wp:featuredmedia":[{"embeddable":true,"href":"https:\/\/onderzoekschemicals.com\/fr_be\/wp-json\/wp\/v2\/media\/24545"}],"wp:attachment":[{"href":"https:\/\/onderzoekschemicals.com\/fr_be\/wp-json\/wp\/v2\/media?parent=24529"}],"wp:term":[{"taxonomy":"product_brand","embeddable":true,"href":"https:\/\/onderzoekschemicals.com\/fr_be\/wp-json\/wp\/v2\/product_brand?post=24529"},{"taxonomy":"product_cat","embeddable":true,"href":"https:\/\/onderzoekschemicals.com\/fr_be\/wp-json\/wp\/v2\/product_cat?post=24529"},{"taxonomy":"product_tag","embeddable":true,"href":"https:\/\/onderzoekschemicals.com\/fr_be\/wp-json\/wp\/v2\/product_tag?post=24529"}],"curies":[{"name":"wp","href":"https:\/\/api.w.org\/{rel}","templated":true}]}}