{"id":24439,"date":"2025-10-20T17:41:44","date_gmt":"2025-10-20T17:41:44","guid":{"rendered":"https:\/\/onderzoekschemicals.com\/?post_type=product&#038;p=24439"},"modified":"2025-10-21T16:15:03","modified_gmt":"2025-10-21T16:15:03","slug":"1p-acheter-lsd-2","status":"publish","type":"product","link":"https:\/\/onderzoekschemicals.com\/fr_be\/boutique\/b2b\/1p-acheter-lsd-2\/","title":{"rendered":"1 sachet P-LSD 1 buvard"},"content":{"rendered":"<h3 data-start=\"4209\" data-end=\"4230\"><strong data-start=\"4213\" data-end=\"4228\">Introduction<\/strong><\/h3>\n<p data-start=\"4231\" data-end=\"4639\"><strong data-start=\"4231\" data-end=\"4259\">1 sachet P-LSD (1 buvard)<\/strong> contient <strong data-start=\"4266\" data-end=\"4302\">un buvard pes\u00e9 avec pr\u00e9cision<\/strong> impr\u00e9gn\u00e9 de <strong data-start=\"4321\" data-end=\"4371\">1P-LSD (di\u00e9thylamide de l&#039;acide 1-propionyl-lysergique)<\/strong> - Un <strong data-start=\"4378\" data-end=\"4404\">compos\u00e9 de lysergamide<\/strong> qui est structurellement li\u00e9 \u00e0 <strong data-start=\"4436\" data-end=\"4446\">LSD-25<\/strong>. 1p acheter du lsd<br data-start=\"4447\" data-end=\"4450\" \/>\u00c0 l&#039;int\u00e9rieur <strong data-start=\"4457\" data-end=\"4498\">recherche analytique et neurochimique<\/strong> Le 1P-LSD est utilis\u00e9 comme <strong data-start=\"4525\" data-end=\"4543\">substance de r\u00e9f\u00e9rence<\/strong> dans les \u00e9tudes sur <strong data-start=\"4561\" data-end=\"4580\">liaison au r\u00e9cepteur<\/strong>, <strong data-start=\"4582\" data-end=\"4597\">m\u00e9tabolisme<\/strong> et <strong data-start=\"4601\" data-end=\"4636\">identification chromatographique<\/strong>.<\/p>\n<p data-start=\"4641\" data-end=\"4856\">Chaque buvard est produit sous <strong data-start=\"4679\" data-end=\"4724\">conditions de laboratoire contr\u00f4l\u00e9es<\/strong>, imm\u00e9diatement <strong data-start=\"4734\" data-end=\"4758\">puret\u00e9 \u2265 98%<\/strong>, confirm\u00e9 par <strong data-start=\"4775\" data-end=\"4799\">Analyse HPLC et RMN<\/strong>, et emball\u00e9 dans un <strong data-start=\"4819\" data-end=\"4853\">sac r\u00e9sistant \u00e0 la lumi\u00e8re et \u00e0 l&#039;humidit\u00e9<\/strong>.<\/p>\n<blockquote data-start=\"4858\" data-end=\"4999\">\n<p data-start=\"4860\" data-end=\"4999\">\u26a0\ufe0f <strong data-start=\"4863\" data-end=\"4874\">NB:<\/strong> 1P-LSD est uniquement destin\u00e9 \u00e0 <strong data-start=\"4910\" data-end=\"4945\">recherche et utilisation analytique<\/strong> \u2014 <strong data-start=\"4948\" data-end=\"4996\">non destin\u00e9 \u00e0 la consommation humaine ou animale<\/strong>.<\/p>\n<\/blockquote>\n<hr data-start=\"5001\" data-end=\"5004\" \/>\n<h3 data-start=\"5006\" data-end=\"5037\"><strong data-start=\"5010\" data-end=\"5037\">Caract\u00e9ristiques principales<\/strong><\/h3>\n<div class=\"_tableContainer_1rjym_1\">\n<div class=\"group _tableWrapper_1rjym_13 flex w-fit flex-col-reverse\" tabindex=\"-1\">\n<table class=\"w-fit min-w-(--thread-content-width)\" data-start=\"5039\" data-end=\"5602\">\n<thead data-start=\"5039\" data-end=\"5065\">\n<tr data-start=\"5039\" data-end=\"5065\">\n<th data-start=\"5039\" data-end=\"5049\" data-col-size=\"sm\">Fonctionnalit\u00e9<\/th>\n<th data-start=\"5049\" data-end=\"5065\" data-col-size=\"md\">Description<\/th>\n<\/tr>\n<\/thead>\n<tbody data-start=\"5094\" data-end=\"5602\">\n<tr data-start=\"5094\" data-end=\"5156\">\n<td data-start=\"5094\" data-end=\"5115\" data-col-size=\"sm\"><strong data-start=\"5096\" data-end=\"5114\">Nom chimique<\/strong><\/td>\n<td data-start=\"5115\" data-end=\"5156\" data-col-size=\"md\">di\u00e9thylamide de l&#039;acide 1-propionyl-lysergique<\/td>\n<\/tr>\n<tr data-start=\"5157\" data-end=\"5192\">\n<td data-start=\"5157\" data-end=\"5182\" data-col-size=\"sm\"><strong data-start=\"5159\" data-end=\"5181\">Nom commun<\/strong><\/td>\n<td data-start=\"5182\" data-end=\"5192\" data-col-size=\"md\">1P-LSD<\/td>\n<\/tr>\n<tr data-start=\"5193\" data-end=\"5231\">\n<td data-start=\"5193\" data-end=\"5217\" data-col-size=\"sm\"><strong data-start=\"5195\" data-end=\"5216\">Formule chimique<\/strong><\/td>\n<td data-start=\"5217\" data-end=\"5231\" data-col-size=\"md\">C\u2082\u2083H\u2082\u2089N\u2083O\u2082<\/td>\n<\/tr>\n<tr data-start=\"5232\" data-end=\"5270\">\n<td data-start=\"5232\" data-end=\"5254\" data-col-size=\"sm\"><strong data-start=\"5234\" data-end=\"5253\">Poids mol\u00e9culaire<\/strong><\/td>\n<td data-start=\"5254\" data-end=\"5270\" data-col-size=\"md\">379,50 g\/mol<\/td>\n<\/tr>\n<tr data-start=\"5271\" data-end=\"5302\">\n<td data-start=\"5271\" data-end=\"5282\" data-col-size=\"sm\"><strong data-start=\"5273\" data-end=\"5281\">Formulaire<\/strong><\/td>\n<td data-start=\"5282\" data-end=\"5302\" data-col-size=\"md\">Buvard (1 pi\u00e8ce)<\/td>\n<\/tr>\n<tr data-start=\"5303\" data-end=\"5347\">\n<td data-start=\"5303\" data-end=\"5318\" data-col-size=\"sm\"><strong data-start=\"5305\" data-end=\"5317\">Dosage<\/strong><\/td>\n<td data-start=\"5318\" data-end=\"5347\" data-col-size=\"md\">1 buvard (g\u00e9n\u00e9ralement 100 \u00b5g)<\/td>\n<\/tr>\n<tr data-start=\"5348\" data-end=\"5399\">\n<td data-start=\"5348\" data-end=\"5365\" data-col-size=\"sm\"><strong data-start=\"5350\" data-end=\"5364\">Puret\u00e9<\/strong><\/td>\n<td data-start=\"5365\" data-end=\"5399\" data-col-size=\"md\">\u2265 98% (test\u00e9 par HPLC et RMN)<\/td>\n<\/tr>\n<tr data-start=\"5400\" data-end=\"5458\">\n<td data-start=\"5400\" data-end=\"5423\" data-col-size=\"sm\"><strong data-start=\"5402\" data-end=\"5422\">Classe chimique<\/strong><\/td>\n<td data-start=\"5423\" data-end=\"5458\" data-col-size=\"md\">D\u00e9riv\u00e9 de lysergamide \/ ergoline<\/td>\n<\/tr>\n<tr data-start=\"5459\" data-end=\"5538\">\n<td data-start=\"5459\" data-end=\"5473\" data-col-size=\"sm\"><strong data-start=\"5461\" data-end=\"5472\">Usage<\/strong><\/td>\n<td data-start=\"5473\" data-end=\"5538\" data-col-size=\"md\">Pour la recherche analytique, m\u00e9dico-l\u00e9gale et neurochimique uniquement<\/td>\n<\/tr>\n<tr data-start=\"5539\" data-end=\"5602\">\n<td data-start=\"5539\" data-end=\"5556\" data-col-size=\"sm\"><strong data-start=\"5541\" data-end=\"5555\">Conditionnement<\/strong><\/td>\n<td data-start=\"5556\" data-end=\"5602\" data-col-size=\"md\">Emballage en aluminium r\u00e9sistant \u00e0 la lumi\u00e8re et \u00e0 l&#039;humidit\u00e9<\/td>\n<\/tr>\n<\/tbody>\n<\/table>\n<\/div>\n<\/div>\n<hr data-start=\"5604\" data-end=\"5607\" \/>\n<h3 data-start=\"5609\" data-end=\"5626\"><strong data-start=\"5613\" data-end=\"5626\">Avantages<\/strong><\/h3>\n<ul data-start=\"5628\" data-end=\"6044\">\n<li data-start=\"5628\" data-end=\"5720\">\n<p data-start=\"5630\" data-end=\"5720\"><strong data-start=\"5630\" data-end=\"5649\">Haute puret\u00e9<\/strong> \u2013 Qualit\u00e9 de laboratoire \u2265 98% pour des r\u00e9sultats de recherche fiables.<\/p>\n<\/li>\n<li data-start=\"5721\" data-end=\"5794\">\n<p data-start=\"5723\" data-end=\"5794\"><strong data-start=\"5723\" data-end=\"5747\">Dosage pr\u00e9cis<\/strong> \u2013 Chaque buvard contient du 1P-LSD mesur\u00e9 avec pr\u00e9cision.<\/p>\n<\/li>\n<li data-start=\"5795\" data-end=\"5880\">\n<p data-start=\"5797\" data-end=\"5880\"><strong data-start=\"5797\" data-end=\"5822\">Emballage de protection<\/strong> \u2013 R\u00e9sistant \u00e0 la lumi\u00e8re et \u00e0 l\u2019humidit\u00e9 pour une longue dur\u00e9e de conservation.<\/p>\n<\/li>\n<li data-start=\"5881\" data-end=\"5965\">\n<p data-start=\"5883\" data-end=\"5965\"><strong data-start=\"5883\" data-end=\"5907\">Enti\u00e8rement tra\u00e7able<\/strong> \u2013 Production dans des conditions de laboratoire contr\u00f4l\u00e9es.<\/p>\n<\/li>\n<li data-start=\"5966\" data-end=\"6044\">\n<p data-start=\"5968\" data-end=\"6044\"><strong data-start=\"5968\" data-end=\"5998\">Largement applicable \u00e0 la recherche<\/strong> Convient aux GC\/MS, LC-MS, FTIR et HPLC. Achetez 1p de LSD.<\/p>\n<\/li>\n<\/ul>\n<hr data-start=\"6046\" data-end=\"6049\" \/>\n<h3 data-start=\"6051\" data-end=\"6103\"><strong data-start=\"6055\" data-end=\"6101\">Utilisation (\u00e0 des fins de recherche uniquement)<\/strong><\/h3>\n<ol data-start=\"6105\" data-end=\"6490\">\n<li data-start=\"6105\" data-end=\"6198\">\n<p data-start=\"6108\" data-end=\"6198\"><strong data-start=\"6108\" data-end=\"6123\">Manutention:<\/strong> Portez des gants, des lunettes de s\u00e9curit\u00e9 et une blouse de laboratoire ; \u00e9vitez le contact direct.<\/p>\n<\/li>\n<li data-start=\"6199\" data-end=\"6274\">\n<p data-start=\"6202\" data-end=\"6274\"><strong data-start=\"6202\" data-end=\"6215\">Mesures:<\/strong> Enregistrez le dosage, le num\u00e9ro de lot et la puret\u00e9 pour l&#039;analyse.<\/p>\n<\/li>\n<li data-start=\"6275\" data-end=\"6329\">\n<p data-start=\"6278\" data-end=\"6329\"><strong data-start=\"6278\" data-end=\"6289\">Stockage:<\/strong> Conserver au frais (2\u20138\u00b0C), au sec et \u00e0 l\u2019abri de la lumi\u00e8re.<\/p>\n<\/li>\n<li data-start=\"6330\" data-end=\"6413\">\n<p data-start=\"6333\" data-end=\"6413\"><strong data-start=\"6333\" data-end=\"6345\">Analyse:<\/strong> Convient pour la chromatographie, la spectroscopie et la recherche sur les r\u00e9cepteurs.<\/p>\n<\/li>\n<li data-start=\"6414\" data-end=\"6490\">\n<p data-start=\"6417\" data-end=\"6490\"><strong data-start=\"6417\" data-end=\"6434\">Documentation:<\/strong> Enregistrez les r\u00e9sultats de la recherche pour assurer la r\u00e9p\u00e9tabilit\u00e9.<\/p>\n<\/li>\n<\/ol>\n<hr data-start=\"6492\" data-end=\"6495\" \/>\n<h3 data-start=\"6497\" data-end=\"6532\"><strong data-start=\"6501\" data-end=\"6530\">Foire aux questions (FAQ)<\/strong><\/h3>\n<p data-start=\"6534\" data-end=\"6725\"><strong data-start=\"6534\" data-end=\"6555\">1. Qu&#039;est-ce que le 1P-LSD ?<\/strong><br data-start=\"6555\" data-end=\"6558\" \/><strong data-start=\"6558\" data-end=\"6568\">1P-LSD<\/strong> est un <strong data-start=\"6576\" data-end=\"6602\">compos\u00e9 de lysergamide<\/strong> qui est structurellement li\u00e9 au LSD-25 et est utilis\u00e9 pour la recherche sur la liaison aux r\u00e9cepteurs et les processus neurochimiques.<\/p>\n<p data-start=\"6727\" data-end=\"6884\"><strong data-start=\"6727\" data-end=\"6777\">2. Que contient le sachet 1P-LSD (1 buvard) ?<\/strong><br data-start=\"6777\" data-end=\"6780\" \/>Le sac contient <strong data-start=\"6796\" data-end=\"6841\">un buvard avec 1P-LSD (puret\u00e9 \u2265 98%)<\/strong> pour la recherche analytique et m\u00e9dico-l\u00e9gale.<\/p>\n<p data-start=\"6886\" data-end=\"7100\"><strong data-start=\"6886\" data-end=\"6926\">3. Est-il l\u00e9gal d\u2019acheter du 1P-LSD ?<\/strong><br data-start=\"6926\" data-end=\"6929\" \/>Le <strong data-start=\"6932\" data-end=\"6957\">l\u00e9galit\u00e9 du 1P-LSD<\/strong> Varie selon les pays. Dans certains pays, elle est consid\u00e9r\u00e9e comme une substance r\u00e9glement\u00e9e. Consultez toujours la r\u00e9glementation locale avant utilisation. <strong data-start=\"7081\" data-end=\"7097\">1P-LSD acheter<\/strong>.<\/p>\n<div class=\"markdown-table-wrapper\"><\/div>","protected":false},"excerpt":{"rendered":"<h2><strong><span dir=\"auto\" style=\"vertical-align: inherit;\"><span dir=\"auto\" style=\"vertical-align: inherit;\">1 sachet P-LSD avec 1 buvard<\/span><\/span><\/strong><\/h2>\n<ul>\n<li><strong><span dir=\"auto\" style=\"vertical-align: inherit;\"><span dir=\"auto\" style=\"vertical-align: inherit;\">Emballage de vente au d\u00e9tail<\/span><\/span><br \/>\n<\/strong><\/li>\n<li><strong><span dir=\"auto\" style=\"vertical-align: inherit;\"><span dir=\"auto\" style=\"vertical-align: inherit;\">Nombre de buvards par sachet : 1<\/span><\/span><\/strong><\/li>\n<li><strong><span dir=\"auto\" style=\"vertical-align: inherit;\"><span dir=\"auto\" style=\"vertical-align: inherit;\">Les prix excluent la TVA 21%<\/span><\/span><\/strong><\/li>\n<li><strong><span dir=\"auto\" style=\"vertical-align: inherit;\"><span dir=\"auto\" style=\"vertical-align: inherit;\">Prix de vente conseill\u00e9 : 10,00 \u20ac TTC<\/span><\/span><\/strong><\/li>\n<\/ul>","protected":false},"featured_media":21565,"comment_status":"closed","ping_status":"closed","template":"","meta":[],"product_brand":[],"product_cat":[555],"product_tag":[929,926,590,326],"class_list":{"0":"post-24439","1":"product","2":"type-product","3":"status-publish","4":"has-post-thumbnail","6":"product_cat-b2b","7":"product_tag-1p-lsd","8":"product_tag-1p-lsd-kopen","9":"product_tag-microdose-1p-lsd","10":"product_tag-nl","12":"first","13":"instock","14":"taxable","15":"shipping-taxable","16":"purchasable","17":"product-type-variable"},"_links":{"self":[{"href":"https:\/\/onderzoekschemicals.com\/fr_be\/wp-json\/wp\/v2\/product\/24439","targetHints":{"allow":["GET"]}}],"collection":[{"href":"https:\/\/onderzoekschemicals.com\/fr_be\/wp-json\/wp\/v2\/product"}],"about":[{"href":"https:\/\/onderzoekschemicals.com\/fr_be\/wp-json\/wp\/v2\/types\/product"}],"replies":[{"embeddable":true,"href":"https:\/\/onderzoekschemicals.com\/fr_be\/wp-json\/wp\/v2\/comments?post=24439"}],"version-history":[{"count":5,"href":"https:\/\/onderzoekschemicals.com\/fr_be\/wp-json\/wp\/v2\/product\/24439\/revisions"}],"predecessor-version":[{"id":27790,"href":"https:\/\/onderzoekschemicals.com\/fr_be\/wp-json\/wp\/v2\/product\/24439\/revisions\/27790"}],"wp:featuredmedia":[{"embeddable":true,"href":"https:\/\/onderzoekschemicals.com\/fr_be\/wp-json\/wp\/v2\/media\/21565"}],"wp:attachment":[{"href":"https:\/\/onderzoekschemicals.com\/fr_be\/wp-json\/wp\/v2\/media?parent=24439"}],"wp:term":[{"taxonomy":"product_brand","embeddable":true,"href":"https:\/\/onderzoekschemicals.com\/fr_be\/wp-json\/wp\/v2\/product_brand?post=24439"},{"taxonomy":"product_cat","embeddable":true,"href":"https:\/\/onderzoekschemicals.com\/fr_be\/wp-json\/wp\/v2\/product_cat?post=24439"},{"taxonomy":"product_tag","embeddable":true,"href":"https:\/\/onderzoekschemicals.com\/fr_be\/wp-json\/wp\/v2\/product_tag?post=24439"}],"curies":[{"name":"wp","href":"https:\/\/api.w.org\/{rel}","templated":true}]}}