{"id":24377,"date":"2025-04-13T17:41:36","date_gmt":"2025-04-13T17:41:36","guid":{"rendered":"https:\/\/onderzoekschemicals.com\/?post_type=product&#038;p=24377"},"modified":"2025-10-12T09:20:48","modified_gmt":"2025-10-12T09:20:48","slug":"maxtc-5-mapb-4-fma-5-meo-mipt","status":"publish","type":"product","link":"https:\/\/onderzoekschemicals.com\/fr_be\/shop\/4fma-kopen\/maxtc-5-mapb-4-fma-5-meo-mipt\/","title":{"rendered":"MaXTC 5-MAPB\/4-FMA\/5-MeO-MiPT"},"content":{"rendered":"<h3 data-start=\"4388\" data-end=\"4409\"><strong data-start=\"4392\" data-end=\"4407\">Introduction<\/strong><\/h3>\n<p data-start=\"4410\" data-end=\"4641\"><strong data-start=\"4410\" data-end=\"4449\">MaXTC (5-MAPB \/ 4-FMA \/ 5-MeO-MiPT)<\/strong> est un <strong data-start=\"4457\" data-end=\"4488\">m\u00e9lange de recherche analytique<\/strong> qui combine trois compos\u00e9s connus \u2014 <strong data-start=\"4532\" data-end=\"4542\">5-MAPB<\/strong>, <strong data-start=\"4544\" data-end=\"4553\">4-FMA<\/strong> et <strong data-start=\"4557\" data-end=\"4571\">5-MeO-MiPT<\/strong> - pour <strong data-start=\"4579\" data-end=\"4638\">examen chromatographique, m\u00e9dico-l\u00e9gal et neurochimique<\/strong>. maxtc<\/p>\n<p data-start=\"4643\" data-end=\"4898\">Cette combinaison unique permet de <strong data-start=\"4688\" data-end=\"4769\">interactions chimiques entre les analogues du benzofurane, de l&#039;amph\u00e9tamine et de la tryptamine<\/strong> \u00e0 \u00e9tudier, ce qui fournit des informations pr\u00e9cieuses sur <strong data-start=\"4820\" data-end=\"4862\">relations structure-activit\u00e9 (SAR)<\/strong> et <strong data-start=\"4866\" data-end=\"4895\">analyses spectroscopiques<\/strong>.<\/p>\n<p data-start=\"4900\" data-end=\"5167\">Chaque lot de MaXTC est produit sous <strong data-start=\"4946\" data-end=\"4979\">conditions de laboratoire strictes<\/strong> et test\u00e9 sur un <strong data-start=\"4997\" data-end=\"5021\">puret\u00e9 \u2265 98%<\/strong> via <strong data-start=\"5026\" data-end=\"5043\">HPLC et GC\/MS<\/strong>Le produit est fourni en tant que <strong data-start=\"5080\" data-end=\"5107\">poudre cristalline fine<\/strong> dans un <strong data-start=\"5115\" data-end=\"5164\">sac de laboratoire refermable et r\u00e9sistant \u00e0 l&#039;humidit\u00e9<\/strong>.<\/p>\n<blockquote data-start=\"5169\" data-end=\"5309\">\n<p data-start=\"5171\" data-end=\"5309\">\u26a0\ufe0f <strong data-start=\"5174\" data-end=\"5185\">NB:<\/strong> MaXTC est exclusivement destin\u00e9 \u00e0 <strong data-start=\"5220\" data-end=\"5255\">recherche et utilisation analytique<\/strong> \u2014 <strong data-start=\"5258\" data-end=\"5306\">non destin\u00e9 \u00e0 la consommation humaine ou animale<\/strong>.<\/p>\n<\/blockquote>\n<hr data-start=\"5311\" data-end=\"5314\" \/>\n<h3 data-start=\"5316\" data-end=\"5347\"><strong data-start=\"5320\" data-end=\"5347\">Caract\u00e9ristiques principales<\/strong><\/h3>\n<div class=\"_tableContainer_1rjym_1\">\n<div class=\"group _tableWrapper_1rjym_13 flex w-fit flex-col-reverse\" tabindex=\"-1\">\n<table class=\"w-fit min-w-(--thread-content-width)\" data-start=\"5349\" data-end=\"5865\">\n<thead data-start=\"5349\" data-end=\"5375\">\n<tr data-start=\"5349\" data-end=\"5375\">\n<th data-start=\"5349\" data-end=\"5359\" data-col-size=\"sm\">Fonctionnalit\u00e9<\/th>\n<th data-start=\"5359\" data-end=\"5375\" data-col-size=\"md\">Description<\/th>\n<\/tr>\n<\/thead>\n<tbody data-start=\"5404\" data-end=\"5865\">\n<tr data-start=\"5404\" data-end=\"5461\">\n<td data-start=\"5404\" data-end=\"5422\" data-col-size=\"sm\"><strong data-start=\"5406\" data-end=\"5421\">Nom du produit<\/strong><\/td>\n<td data-start=\"5422\" data-end=\"5461\" data-col-size=\"md\">MaXTC (5-MAPB \/ 4-FMA \/ 5-MeO-MiPT)<\/td>\n<\/tr>\n<tr data-start=\"5462\" data-end=\"5511\">\n<td data-start=\"5462\" data-end=\"5482\" data-col-size=\"sm\"><strong data-start=\"5464\" data-end=\"5481\">Compos\u00e9<\/strong><\/td>\n<td data-start=\"5482\" data-end=\"5511\" data-col-size=\"md\">5-MAPB, 4-FMA, 5-MeO-MiPT<\/td>\n<\/tr>\n<tr data-start=\"5512\" data-end=\"5585\">\n<td data-start=\"5512\" data-end=\"5535\" data-col-size=\"sm\"><strong data-start=\"5514\" data-end=\"5534\">Classe chimique<\/strong><\/td>\n<td data-start=\"5535\" data-end=\"5585\" data-col-size=\"md\">Analogues du benzofurane \/ de l&#039;amph\u00e9tamine \/ de la tryptamine<\/td>\n<\/tr>\n<tr data-start=\"5586\" data-end=\"5624\">\n<td data-start=\"5586\" data-end=\"5597\" data-col-size=\"sm\"><strong data-start=\"5588\" data-end=\"5596\">Formulaire<\/strong><\/td>\n<td data-start=\"5597\" data-end=\"5624\" data-col-size=\"md\">Poudre cristalline fine<\/td>\n<\/tr>\n<tr data-start=\"5625\" data-end=\"5678\">\n<td data-start=\"5625\" data-end=\"5642\" data-col-size=\"sm\"><strong data-start=\"5627\" data-end=\"5641\">Puret\u00e9<\/strong><\/td>\n<td data-start=\"5642\" data-end=\"5678\" data-col-size=\"md\">\u2265 98% (test\u00e9 par HPLC et GC\/MS)<\/td>\n<\/tr>\n<tr data-start=\"5679\" data-end=\"5717\">\n<td data-start=\"5679\" data-end=\"5697\" data-col-size=\"sm\"><strong data-start=\"5681\" data-end=\"5696\">Quantit\u00e9<\/strong><\/td>\n<td data-start=\"5697\" data-end=\"5717\" data-col-size=\"md\">1 gramme par sachet<\/td>\n<\/tr>\n<tr data-start=\"5718\" data-end=\"5797\">\n<td data-start=\"5718\" data-end=\"5732\" data-col-size=\"sm\"><strong data-start=\"5720\" data-end=\"5731\">Usage<\/strong><\/td>\n<td data-start=\"5732\" data-end=\"5797\" data-col-size=\"md\">Pour la recherche analytique, m\u00e9dico-l\u00e9gale et neurochimique uniquement<\/td>\n<\/tr>\n<tr data-start=\"5798\" data-end=\"5865\">\n<td data-start=\"5798\" data-end=\"5815\" data-col-size=\"sm\"><strong data-start=\"5800\" data-end=\"5814\">Conditionnement<\/strong><\/td>\n<td data-start=\"5815\" data-end=\"5865\" data-col-size=\"md\">Sac de laboratoire refermable et r\u00e9sistant \u00e0 l&#039;humidit\u00e9<\/td>\n<\/tr>\n<\/tbody>\n<\/table>\n<\/div>\n<\/div>\n<hr data-start=\"5867\" data-end=\"5870\" \/>\n<h3 data-start=\"5872\" data-end=\"5889\"><strong data-start=\"5876\" data-end=\"5889\">Avantages<\/strong><\/h3>\n<ul data-start=\"5891\" data-end=\"6333\">\n<li data-start=\"5891\" data-end=\"5993\">\n<p data-start=\"5893\" data-end=\"5993\"><strong data-start=\"5893\" data-end=\"5926\">Formule de recherche triple<\/strong> \u2013 Combine trois classes chimiques pour une \u00e9tude comparative.<\/p>\n<\/li>\n<li data-start=\"5994\" data-end=\"6063\">\n<p data-start=\"5996\" data-end=\"6063\"><strong data-start=\"5996\" data-end=\"6015\">Haute puret\u00e9<\/strong> \u2013 Chaque composant \u2265 98% de qualit\u00e9 laboratoire.<\/p>\n<\/li>\n<li data-start=\"6064\" data-end=\"6147\">\n<p data-start=\"6066\" data-end=\"6147\"><strong data-start=\"6066\" data-end=\"6096\">Largement applicable \u00e0 la recherche<\/strong> \u2013 Convient pour GC\/MS, LC-MS, FTIR, RMN et HPLC.<\/p>\n<\/li>\n<li data-start=\"6148\" data-end=\"6246\">\n<p data-start=\"6150\" data-end=\"6246\"><strong data-start=\"6150\" data-end=\"6176\">Stable et fiable<\/strong> \u2013 Emball\u00e9 dans un mat\u00e9riau r\u00e9sistant \u00e0 l\u2019humidit\u00e9 pour une longue dur\u00e9e de conservation.<\/p>\n<\/li>\n<li data-start=\"6247\" data-end=\"6333\">\n<p data-start=\"6249\" data-end=\"6333\"><strong data-start=\"6249\" data-end=\"6274\">Production tra\u00e7able<\/strong> \u2013 Chaque lot test\u00e9 et fourni avec des certificats d\u2019analyse.<\/p>\n<\/li>\n<\/ul>\n<hr data-start=\"6335\" data-end=\"6338\" \/>\n<h3 data-start=\"6340\" data-end=\"6392\"><strong data-start=\"6344\" data-end=\"6390\">Utilisation (\u00e0 des fins de recherche uniquement)<\/strong><\/h3>\n<ol data-start=\"6394\" data-end=\"6747\">\n<li data-start=\"6394\" data-end=\"6463\">\n<p data-start=\"6397\" data-end=\"6463\"><strong data-start=\"6397\" data-end=\"6412\">Manutention:<\/strong> Portez des gants, des lunettes de s\u00e9curit\u00e9 et une blouse de laboratoire.<\/p>\n<\/li>\n<li data-start=\"6464\" data-end=\"6527\">\n<p data-start=\"6467\" data-end=\"6527\"><strong data-start=\"6467\" data-end=\"6480\">Mesures:<\/strong> Utilisez des balances de laboratoire pr\u00e9cises.<\/p>\n<\/li>\n<li data-start=\"6528\" data-end=\"6582\">\n<p data-start=\"6531\" data-end=\"6582\"><strong data-start=\"6531\" data-end=\"6542\">Stockage:<\/strong> Conserver au frais (2\u20138\u00b0C), au sec et \u00e0 l\u2019abri de la lumi\u00e8re.<\/p>\n<\/li>\n<li data-start=\"6583\" data-end=\"6671\">\n<p data-start=\"6586\" data-end=\"6671\"><strong data-start=\"6586\" data-end=\"6598\">Analyse:<\/strong> Convient pour la chromatographie, la spectroscopie et la recherche comparative.<\/p>\n<\/li>\n<li data-start=\"6672\" data-end=\"6747\">\n<p data-start=\"6675\" data-end=\"6747\"><strong data-start=\"6675\" data-end=\"6692\">Documentation:<\/strong> Enregistrez les num\u00e9ros de lot et les r\u00e9sultats des tests pour v\u00e9rifier la conformit\u00e9.<\/p>\n<\/li>\n<\/ol>\n<hr data-start=\"6749\" data-end=\"6752\" \/>\n<h3 data-start=\"6754\" data-end=\"6789\"><strong data-start=\"6758\" data-end=\"6787\">Foire aux questions (FAQ)<\/strong><\/h3>\n<p data-start=\"6791\" data-end=\"6964\"><strong data-start=\"6791\" data-end=\"6841\">1. Qu&#039;est-ce que MaXTC (5-MAPB \/ 4-FMA \/ 5-MeO-MiPT) ?<\/strong><br data-start=\"6841\" data-end=\"6844\" \/><strong data-start=\"6844\" data-end=\"6853\">MaXTC<\/strong> est un <strong data-start=\"6861\" data-end=\"6880\">m\u00e9lange de recherche<\/strong> qui combine trois classes chimiques pour des applications analytiques avanc\u00e9es.<\/p>\n<p data-start=\"6966\" data-end=\"7070\"><strong data-start=\"6966\" data-end=\"6993\">2. Quelle est la puret\u00e9 de MaXTC ?<\/strong><br data-start=\"6993\" data-end=\"6996\" \/>Chaque lot est test\u00e9 et contient <strong data-start=\"7026\" data-end=\"7046\">Puret\u00e9 \u2265 98%<\/strong> de tous les composants.<\/p>\n<p data-start=\"7072\" data-end=\"7284\"><strong data-start=\"7072\" data-end=\"7111\">3. Est-il l\u00e9gal d&#039;acheter du MaXTC ?<\/strong><br data-start=\"7111\" data-end=\"7114\" \/>Le <strong data-start=\"7117\" data-end=\"7141\">l\u00e9galit\u00e9 de MaXTC<\/strong> La r\u00e9glementation varie selon les pays, en fonction du statut des substances. Veuillez toujours v\u00e9rifier la r\u00e9glementation locale avant utilisation. <strong data-start=\"7266\" data-end=\"7281\">MaXTC ach\u00e8te<\/strong>.<\/p>","protected":false},"excerpt":{"rendered":"<p>Introduction MaXTC (5-MAPB \/ 4-FMA \/ 5-MeO-MiPT) est un m\u00e9lange de recherche analytique qui combine trois compos\u00e9s connus \u2014 5-MAPB, 4-FMA et<\/p>","protected":false},"featured_media":21157,"comment_status":"closed","ping_status":"closed","template":"","meta":[],"product_brand":[],"product_cat":[459,460,383,433,436,434,339,322,333,467,468,324,381],"product_tag":[664,326],"class_list":{"0":"post-24377","1":"product","2":"type-product","3":"status-publish","4":"has-post-thumbnail","6":"product_cat-4fma-kopen","7":"product_cat-4-fma-pellets","8":"product_cat-5-mapb","9":"product_cat-5-mapb-pellets","10":"product_cat-5-meo-mipt","11":"product_cat-5-meo-mipt-pellets","12":"product_cat-benzofuran","13":"product_cat-bijna-verboden","14":"product_cat-gefluoreerden","15":"product_cat-maxtc","16":"product_cat-maxtc-pellets","17":"product_cat-pellets-for-pellet","18":"product_cat-tryptamines","19":"product_tag-maxtc","20":"product_tag-nl","22":"first","23":"instock","24":"taxable","25":"shipping-taxable","26":"purchasable","27":"product-type-variable"},"_links":{"self":[{"href":"https:\/\/onderzoekschemicals.com\/fr_be\/wp-json\/wp\/v2\/product\/24377","targetHints":{"allow":["GET"]}}],"collection":[{"href":"https:\/\/onderzoekschemicals.com\/fr_be\/wp-json\/wp\/v2\/product"}],"about":[{"href":"https:\/\/onderzoekschemicals.com\/fr_be\/wp-json\/wp\/v2\/types\/product"}],"replies":[{"embeddable":true,"href":"https:\/\/onderzoekschemicals.com\/fr_be\/wp-json\/wp\/v2\/comments?post=24377"}],"version-history":[{"count":5,"href":"https:\/\/onderzoekschemicals.com\/fr_be\/wp-json\/wp\/v2\/product\/24377\/revisions"}],"predecessor-version":[{"id":27797,"href":"https:\/\/onderzoekschemicals.com\/fr_be\/wp-json\/wp\/v2\/product\/24377\/revisions\/27797"}],"wp:featuredmedia":[{"embeddable":true,"href":"https:\/\/onderzoekschemicals.com\/fr_be\/wp-json\/wp\/v2\/media\/21157"}],"wp:attachment":[{"href":"https:\/\/onderzoekschemicals.com\/fr_be\/wp-json\/wp\/v2\/media?parent=24377"}],"wp:term":[{"taxonomy":"product_brand","embeddable":true,"href":"https:\/\/onderzoekschemicals.com\/fr_be\/wp-json\/wp\/v2\/product_brand?post=24377"},{"taxonomy":"product_cat","embeddable":true,"href":"https:\/\/onderzoekschemicals.com\/fr_be\/wp-json\/wp\/v2\/product_cat?post=24377"},{"taxonomy":"product_tag","embeddable":true,"href":"https:\/\/onderzoekschemicals.com\/fr_be\/wp-json\/wp\/v2\/product_tag?post=24377"}],"curies":[{"name":"wp","href":"https:\/\/api.w.org\/{rel}","templated":true}]}}